{"id":18435,"date":"2025-04-01T10:56:23","date_gmt":"2025-04-01T10:56:23","guid":{"rendered":"https:\/\/zoosalis.lv\/?post_type=product&#038;p=18435"},"modified":"2025-04-11T14:22:28","modified_gmt":"2025-04-11T14:22:28","slug":"monge-natural-superpremium-cat-sensitive-adult-visavertis-pasaras-suaugusioms-katems-su-vistiena-10-kg","status":"publish","type":"product","link":"https:\/\/zoosalis.lv\/lt\/monge-natural-superpremium-cat-sensitive-adult-visavertis-pasaras-suaugusioms-katems-su-vistiena-10-kg\/","title":{"rendered":"MONGE NATURAL SUPERPREMIUM CAT SENSITIVE ADULT  VISAVERTIS PA\u0160ARAS SUAUGUSIOMS KAT\u0116MS SU VI\u0160TIENA 10 KG"},"content":{"rendered":"<p style=\"font-weight: 400;\"><b><strong>SUD\u0116TIS<\/strong><\/b>: kukur\u016bzai, vi\u0161t\u0173 m\u0117sa (\u012fskaitant min. 10% \u0161vie\u017eios), kukur\u016bz\u0173 glitimas, vi\u0161tienos riebalai, ry\u017eiai, hidrolizuoti gyv\u016bniniai baltymai, soj\u0173 luk\u0161tai, runkeli\u0173 grie\u017einiai, netirpi \u017eirni\u0173 l\u0105steliena, kiau\u0161ini\u0173 miltai, la\u0161i\u0161\u0173 miltai, la\u0161i\u0161\u0173 taukai, alaus miel\u0117s, vitaminai, mineralai, cholino chloridas, taurinas, natrio chloridas, monokalcio fosfatas, DL-metioninas, L-karnitinas, miel\u0117s (mananooligosacharidai MOS 1g\/kg), Fruktooligosacharidai FOS 1g\/kg, Yucca schidigera, er\u0161k\u0117tro\u017ei\u0173 vaisiai, Vitaminas C, Vitaminas E.<\/p>\n<p style=\"font-weight: 400;\"><b><strong>ANALITIN\u0116S SUDEDAMOSIOS DALYS:<\/strong><\/b>\u00a0\u017dali baltymai 27,00%, \u017eali aliejai ir riebalai 13,00%, \u017ealia l\u0105steliena 4,00%, \u017dali pelenai 7,00%, kalcis 1,50%, fosforas 1,05%, magnis 0,10%, Omega-6 riebal\u0173 r\u016bg\u0161tys 7%, Omega-3 riebal\u0173 r\u016bg\u0161tys 0,8%<\/p>\n<p style=\"font-weight: 400;\"><b><strong>Priedai\/kg: Vitaminai:\u00a0<\/strong><\/b>Vitaminas A (retinolio acetatas) 20000 TV, Vitaminas D3 (cholekalciferolis) 1400 TV, vitaminas E (vis\u0173 racemat\u0173 alfa-tokoferolio acetatas) 130 mg, Vitaminas B1 (tiamino nitratas) 10 mg, Vitaminas B2 (riboflavinas) 10 mg, Vitaminas B6 (piridoksino hidrochloridas) 6 mg, Vitaminas B12 0,1 mg, Vitamin H (Biotinas) 0,26 mg, vitaminas PP (niacinas) 40 mg, vitaminas C 200 mg, Pantoteno r\u016bg\u0161tis 10 mg, Folio r\u016bg\u0161tis 14 mg, cholino chloridas 2500 mg, Inozitolis 15 mg; mikroelementai: mangano sulfato monohidratas 100 mg (mangano 32 mg), cinko oksidas 210 mg (cinko 150 mg),\u00a0vario sulfato pentahidratas\u00a052 mg (vario 13 mg), gele\u017eies sulfato monohidratas 360 mg (gele\u017eies 110 mg),\u00a0natrio selenitas\u00a00,50 mg (seleno 0,20 mg), bevandenis kalcio jodatas 2,70 mg (jodo 1,80 mg).<\/p>\n<p style=\"font-weight: 400;\"><b><strong>Amino r\u016bg\u0161tys \/kg:<\/strong><\/b>\u00a0L-karnitinas 50% 550 mg, Dl-metioninas, techni\u0161kai grynas 7,3 g, taurinas 0,23%.\u00a0\u00a0<b><strong>Antioksidantai:<\/strong><\/b>\u00a0rozmarin\u0173 ekstraktas.<\/p>\n<p style=\"font-weight: 400;\"><b><strong>Kaip \u0161erti<\/strong><\/b>:\u00a0\u0116dalo kiekio neribokite ir kat\u0117 su\u0117s tiek, kad i\u0161laikyt\u0173 sveik\u0105 svor\u012f. Esant nutukimui ar kitokioms problemoms, d\u0117l \u0117dalo kiekio pasitarkite su veterinarijos gydytoju arba vadovaukit\u0117s \u0117dalo norma, nurodyta ant pakuot\u0117s.<\/p>\n<p style=\"font-weight: 400;\">Kat\u0117 gali \u0117sti daugiau arba ma\u017eiau, tai priklauso nuo am\u017eiaus, temperamento ir aktyvumo lygio. Pradedant \u0161erti Monge pirm\u0105 kart\u0105, rekomenduojame pereiti nuo kito \u0117dalo palaipsniui, per 4 dienas, senojo \u0117dalo kiek\u012f ma\u017eindami, o naujojo kiek\u012f didindami. Kat\u0117s indelyje visada turi b\u016bti \u0161varaus geriamo vandens.<\/p>\n","protected":false},"excerpt":{"rendered":"<p>SUD\u0116TIS: kukur\u016bzai, vi\u0161t\u0173 m\u0117sa (\u012fskaitant min. 10% \u0161vie\u017eios), kukur\u016bz\u0173 glitimas, vi\u0161tienos riebalai, ry\u017eiai, hidrolizuoti gyv\u016bniniai baltymai, soj\u0173 luk\u0161tai, runkeli\u0173 grie\u017einiai, netirpi \u017eirni\u0173 l\u0105steliena, kiau\u0161ini\u0173 miltai, la\u0161i\u0161\u0173 miltai, la\u0161i\u0161\u0173 taukai, alaus miel\u0117s, vitaminai, mineralai, cholino chloridas, taurinas, natrio chloridas, monokalcio fosfatas, DL-metioninas, L-karnitinas, miel\u0117s (mananooligosacharidai MOS 1g\/kg), Fruktooligosacharidai FOS 1g\/kg, Yucca schidigera, er\u0161k\u0117tro\u017ei\u0173 vaisiai, Vitaminas C, [&hellip;]<\/p>\n","protected":false},"featured_media":23896,"comment_status":"closed","ping_status":"closed","template":"","meta":{"_acf_changed":false,"_monsterinsights_skip_tracking":false,"_monsterinsights_sitenote_active":false,"_monsterinsights_sitenote_note":"","_monsterinsights_sitenote_category":0},"product_brand":[],"product_cat":[870,877,876],"product_tag":[],"class_list":{"0":"post-18435","1":"product","2":"type-product","3":"status-publish","4":"has-post-thumbnail","6":"product_cat-maistas-katems","7":"product_cat-sausas-kaciu-edalas","8":"product_cat-sausas-kaciu-maistas","10":"first","11":"instock","12":"shipping-taxable","13":"purchasable","14":"product-type-variable","15":"has-default-attributes"},"acf":[],"aioseo_notices":[],"yoast_head":"<!-- This site is optimized with the Yoast SEO plugin v24.8.1 - https:\/\/yoast.com\/wordpress\/plugins\/seo\/ -->\n<title>MONGE NATURAL SUPERPREMIUM CAT SENSITIVE ADULT VISAVERTIS PA\u0160ARAS SUAUGUSIOMS KAT\u0116MS SU VI\u0160TIENA 10 KG | Dz\u012bvnieku produkti<\/title>\n<meta name=\"robots\" content=\"index, follow, max-snippet:-1, max-image-preview:large, max-video-preview:-1\" \/>\n<link rel=\"canonical\" href=\"https:\/\/zoosalis.lv\/lt\/monge-natural-superpremium-cat-sensitive-adult-visavertis-pasaras-suaugusioms-katems-su-vistiena-10-kg\/\" \/>\n<meta property=\"og:locale\" content=\"lt_LT\" \/>\n<meta property=\"og:type\" content=\"article\" \/>\n<meta property=\"og:title\" content=\"MONGE NATURAL SUPERPREMIUM CAT SENSITIVE ADULT VISAVERTIS PA\u0160ARAS SUAUGUSIOMS KAT\u0116MS SU VI\u0160TIENA 10 KG | Dz\u012bvnieku produkti\" \/>\n<meta property=\"og:description\" content=\"SUD\u0116TIS: kukur\u016bzai, vi\u0161t\u0173 m\u0117sa (\u012fskaitant min. 10% \u0161vie\u017eios), kukur\u016bz\u0173 glitimas, vi\u0161tienos riebalai, ry\u017eiai, hidrolizuoti gyv\u016bniniai baltymai, soj\u0173 luk\u0161tai, runkeli\u0173 grie\u017einiai, netirpi \u017eirni\u0173 l\u0105steliena, kiau\u0161ini\u0173 miltai, la\u0161i\u0161\u0173 miltai, la\u0161i\u0161\u0173 taukai, alaus miel\u0117s, vitaminai, mineralai, cholino chloridas, taurinas, natrio chloridas, monokalcio fosfatas, DL-metioninas, L-karnitinas, miel\u0117s (mananooligosacharidai MOS 1g\/kg), Fruktooligosacharidai FOS 1g\/kg, Yucca schidigera, er\u0161k\u0117tro\u017ei\u0173 vaisiai, Vitaminas C, [&hellip;]\" \/>\n<meta property=\"og:url\" content=\"https:\/\/zoosalis.lv\/lt\/monge-natural-superpremium-cat-sensitive-adult-visavertis-pasaras-suaugusioms-katems-su-vistiena-10-kg\/\" \/>\n<meta property=\"og:site_name\" content=\"Dz\u012bvnieku produkti\" \/>\n<meta property=\"article:publisher\" content=\"https:\/\/www.facebook.com\/zooprekesjums\/\" \/>\n<meta property=\"article:modified_time\" content=\"2025-04-11T14:22:28+00:00\" \/>\n<meta property=\"og:image\" content=\"https:\/\/zoosalis.lv\/wp-content\/uploads\/2025\/04\/monge-natural-superpremium-cat-sensitive-adult-sterilised-visavertis-pasaras-suaugusioms-katems-su-vistiena-10-kg.jpg\" \/>\n\t<meta property=\"og:image:width\" content=\"800\" \/>\n\t<meta property=\"og:image:height\" content=\"800\" \/>\n\t<meta property=\"og:image:type\" content=\"image\/jpeg\" \/>\n<meta name=\"twitter:card\" content=\"summary_large_image\" \/>\n<meta name=\"twitter:label1\" content=\"Est. reading time\" \/>\n\t<meta name=\"twitter:data1\" content=\"2 minut\u0117s\" \/>\n<script type=\"application\/ld+json\" class=\"yoast-schema-graph\">{\"@context\":\"https:\/\/schema.org\",\"@graph\":[{\"@type\":\"WebPage\",\"@id\":\"https:\/\/zoosalis.lv\/monge-natural-superpremium-cat-sensitive-adult-visavertis-pasaras-suaugusioms-katems-su-vistiena-10-kg\/\",\"url\":\"https:\/\/zoosalis.lv\/monge-natural-superpremium-cat-sensitive-adult-visavertis-pasaras-suaugusioms-katems-su-vistiena-10-kg\/\",\"name\":\"MONGE NATURAL SUPERPREMIUM CAT SENSITIVE ADULT VISAVERTIS PA\u0160ARAS SUAUGUSIOMS KAT\u0116MS SU VI\u0160TIENA 10 KG | Dz\u012bvnieku produkti\",\"isPartOf\":{\"@id\":\"https:\/\/zoosalis.lv\/#website\"},\"primaryImageOfPage\":{\"@id\":\"https:\/\/zoosalis.lv\/monge-natural-superpremium-cat-sensitive-adult-visavertis-pasaras-suaugusioms-katems-su-vistiena-10-kg\/#primaryimage\"},\"image\":{\"@id\":\"https:\/\/zoosalis.lv\/monge-natural-superpremium-cat-sensitive-adult-visavertis-pasaras-suaugusioms-katems-su-vistiena-10-kg\/#primaryimage\"},\"thumbnailUrl\":\"https:\/\/zoosalis.lv\/wp-content\/uploads\/2025\/04\/monge-natural-superpremium-cat-sensitive-adult-sterilised-visavertis-pasaras-suaugusioms-katems-su-vistiena-10-kg.jpg\",\"datePublished\":\"2025-04-01T10:56:23+00:00\",\"dateModified\":\"2025-04-11T14:22:28+00:00\",\"breadcrumb\":{\"@id\":\"https:\/\/zoosalis.lv\/monge-natural-superpremium-cat-sensitive-adult-visavertis-pasaras-suaugusioms-katems-su-vistiena-10-kg\/#breadcrumb\"},\"inLanguage\":\"lt-LT\",\"potentialAction\":[{\"@type\":\"ReadAction\",\"target\":[\"https:\/\/zoosalis.lv\/monge-natural-superpremium-cat-sensitive-adult-visavertis-pasaras-suaugusioms-katems-su-vistiena-10-kg\/\"]}]},{\"@type\":\"ImageObject\",\"inLanguage\":\"lt-LT\",\"@id\":\"https:\/\/zoosalis.lv\/monge-natural-superpremium-cat-sensitive-adult-visavertis-pasaras-suaugusioms-katems-su-vistiena-10-kg\/#primaryimage\",\"url\":\"https:\/\/zoosalis.lv\/wp-content\/uploads\/2025\/04\/monge-natural-superpremium-cat-sensitive-adult-sterilised-visavertis-pasaras-suaugusioms-katems-su-vistiena-10-kg.jpg\",\"contentUrl\":\"https:\/\/zoosalis.lv\/wp-content\/uploads\/2025\/04\/monge-natural-superpremium-cat-sensitive-adult-sterilised-visavertis-pasaras-suaugusioms-katems-su-vistiena-10-kg.jpg\",\"width\":800,\"height\":800},{\"@type\":\"BreadcrumbList\",\"@id\":\"https:\/\/zoosalis.lv\/monge-natural-superpremium-cat-sensitive-adult-visavertis-pasaras-suaugusioms-katems-su-vistiena-10-kg\/#breadcrumb\",\"itemListElement\":[{\"@type\":\"ListItem\",\"position\":1,\"name\":\"Home\",\"item\":\"https:\/\/zoosalis.lv\/\"},{\"@type\":\"ListItem\",\"position\":2,\"name\":\"Parduotuv\u0117\",\"item\":\"https:\/\/zoosalis.lv\/parduotuve\/\"},{\"@type\":\"ListItem\",\"position\":3,\"name\":\"MONGE NATURAL SUPERPREMIUM CAT SENSITIVE ADULT VISAVERTIS PA\u0160ARAS SUAUGUSIOMS KAT\u0116MS SU VI\u0160TIENA 10 KG\"}]},{\"@type\":\"WebSite\",\"@id\":\"https:\/\/zoosalis.lv\/#website\",\"url\":\"https:\/\/zoosalis.lv\/\",\"name\":\"Dz\u012bvnieku produkti\",\"description\":\"zoo\u0161alis.lt\",\"publisher\":{\"@id\":\"https:\/\/zoosalis.lv\/#organization\"},\"potentialAction\":[{\"@type\":\"SearchAction\",\"target\":{\"@type\":\"EntryPoint\",\"urlTemplate\":\"https:\/\/zoosalis.lv\/?s={search_term_string}\"},\"query-input\":{\"@type\":\"PropertyValueSpecification\",\"valueRequired\":true,\"valueName\":\"search_term_string\"}}],\"inLanguage\":\"lt-LT\"},{\"@type\":\"Organization\",\"@id\":\"https:\/\/zoosalis.lv\/#organization\",\"name\":\"Zoo\u0161alis.lt\",\"url\":\"https:\/\/zoosalis.lv\/\",\"logo\":{\"@type\":\"ImageObject\",\"inLanguage\":\"lt-LT\",\"@id\":\"https:\/\/zoosalis.lv\/#\/schema\/logo\/image\/\",\"url\":\"https:\/\/zoosalis.lv\/wp-content\/uploads\/2024\/02\/Group-62.png\",\"contentUrl\":\"https:\/\/zoosalis.lv\/wp-content\/uploads\/2024\/02\/Group-62.png\",\"width\":1537,\"height\":337,\"caption\":\"Zoo\u0161alis.lt\"},\"image\":{\"@id\":\"https:\/\/zoosalis.lv\/#\/schema\/logo\/image\/\"},\"sameAs\":[\"https:\/\/www.facebook.com\/zooprekesjums\/\"]}]}<\/script>\n<!-- \/ Yoast SEO plugin. -->","yoast_head_json":{"title":"MONGE NATURAL SUPERPREMIUM CAT SENSITIVE ADULT VISAVERTIS PA\u0160ARAS SUAUGUSIOMS KAT\u0116MS SU VI\u0160TIENA 10 KG | Dz\u012bvnieku produkti","robots":{"index":"index","follow":"follow","max-snippet":"max-snippet:-1","max-image-preview":"max-image-preview:large","max-video-preview":"max-video-preview:-1"},"canonical":"https:\/\/zoosalis.lv\/lt\/monge-natural-superpremium-cat-sensitive-adult-visavertis-pasaras-suaugusioms-katems-su-vistiena-10-kg\/","og_locale":"lt_LT","og_type":"article","og_title":"MONGE NATURAL SUPERPREMIUM CAT SENSITIVE ADULT VISAVERTIS PA\u0160ARAS SUAUGUSIOMS KAT\u0116MS SU VI\u0160TIENA 10 KG | Dz\u012bvnieku produkti","og_description":"SUD\u0116TIS: kukur\u016bzai, vi\u0161t\u0173 m\u0117sa (\u012fskaitant min. 10% \u0161vie\u017eios), kukur\u016bz\u0173 glitimas, vi\u0161tienos riebalai, ry\u017eiai, hidrolizuoti gyv\u016bniniai baltymai, soj\u0173 luk\u0161tai, runkeli\u0173 grie\u017einiai, netirpi \u017eirni\u0173 l\u0105steliena, kiau\u0161ini\u0173 miltai, la\u0161i\u0161\u0173 miltai, la\u0161i\u0161\u0173 taukai, alaus miel\u0117s, vitaminai, mineralai, cholino chloridas, taurinas, natrio chloridas, monokalcio fosfatas, DL-metioninas, L-karnitinas, miel\u0117s (mananooligosacharidai MOS 1g\/kg), Fruktooligosacharidai FOS 1g\/kg, Yucca schidigera, er\u0161k\u0117tro\u017ei\u0173 vaisiai, Vitaminas C, [&hellip;]","og_url":"https:\/\/zoosalis.lv\/lt\/monge-natural-superpremium-cat-sensitive-adult-visavertis-pasaras-suaugusioms-katems-su-vistiena-10-kg\/","og_site_name":"Dz\u012bvnieku produkti","article_publisher":"https:\/\/www.facebook.com\/zooprekesjums\/","article_modified_time":"2025-04-11T14:22:28+00:00","og_image":[{"width":800,"height":800,"url":"https:\/\/zoosalis.lv\/wp-content\/uploads\/2025\/04\/monge-natural-superpremium-cat-sensitive-adult-sterilised-visavertis-pasaras-suaugusioms-katems-su-vistiena-10-kg.jpg","type":"image\/jpeg"}],"twitter_card":"summary_large_image","twitter_misc":{"Est. reading time":"2 minut\u0117s"},"schema":{"@context":"https:\/\/schema.org","@graph":[{"@type":"WebPage","@id":"https:\/\/zoosalis.lv\/monge-natural-superpremium-cat-sensitive-adult-visavertis-pasaras-suaugusioms-katems-su-vistiena-10-kg\/","url":"https:\/\/zoosalis.lv\/monge-natural-superpremium-cat-sensitive-adult-visavertis-pasaras-suaugusioms-katems-su-vistiena-10-kg\/","name":"MONGE NATURAL SUPERPREMIUM CAT SENSITIVE ADULT VISAVERTIS PA\u0160ARAS SUAUGUSIOMS KAT\u0116MS SU VI\u0160TIENA 10 KG | Dz\u012bvnieku produkti","isPartOf":{"@id":"https:\/\/zoosalis.lv\/#website"},"primaryImageOfPage":{"@id":"https:\/\/zoosalis.lv\/monge-natural-superpremium-cat-sensitive-adult-visavertis-pasaras-suaugusioms-katems-su-vistiena-10-kg\/#primaryimage"},"image":{"@id":"https:\/\/zoosalis.lv\/monge-natural-superpremium-cat-sensitive-adult-visavertis-pasaras-suaugusioms-katems-su-vistiena-10-kg\/#primaryimage"},"thumbnailUrl":"https:\/\/zoosalis.lv\/wp-content\/uploads\/2025\/04\/monge-natural-superpremium-cat-sensitive-adult-sterilised-visavertis-pasaras-suaugusioms-katems-su-vistiena-10-kg.jpg","datePublished":"2025-04-01T10:56:23+00:00","dateModified":"2025-04-11T14:22:28+00:00","breadcrumb":{"@id":"https:\/\/zoosalis.lv\/monge-natural-superpremium-cat-sensitive-adult-visavertis-pasaras-suaugusioms-katems-su-vistiena-10-kg\/#breadcrumb"},"inLanguage":"lt-LT","potentialAction":[{"@type":"ReadAction","target":["https:\/\/zoosalis.lv\/monge-natural-superpremium-cat-sensitive-adult-visavertis-pasaras-suaugusioms-katems-su-vistiena-10-kg\/"]}]},{"@type":"ImageObject","inLanguage":"lt-LT","@id":"https:\/\/zoosalis.lv\/monge-natural-superpremium-cat-sensitive-adult-visavertis-pasaras-suaugusioms-katems-su-vistiena-10-kg\/#primaryimage","url":"https:\/\/zoosalis.lv\/wp-content\/uploads\/2025\/04\/monge-natural-superpremium-cat-sensitive-adult-sterilised-visavertis-pasaras-suaugusioms-katems-su-vistiena-10-kg.jpg","contentUrl":"https:\/\/zoosalis.lv\/wp-content\/uploads\/2025\/04\/monge-natural-superpremium-cat-sensitive-adult-sterilised-visavertis-pasaras-suaugusioms-katems-su-vistiena-10-kg.jpg","width":800,"height":800},{"@type":"BreadcrumbList","@id":"https:\/\/zoosalis.lv\/monge-natural-superpremium-cat-sensitive-adult-visavertis-pasaras-suaugusioms-katems-su-vistiena-10-kg\/#breadcrumb","itemListElement":[{"@type":"ListItem","position":1,"name":"Home","item":"https:\/\/zoosalis.lv\/"},{"@type":"ListItem","position":2,"name":"Parduotuv\u0117","item":"https:\/\/zoosalis.lv\/parduotuve\/"},{"@type":"ListItem","position":3,"name":"MONGE NATURAL SUPERPREMIUM CAT SENSITIVE ADULT VISAVERTIS PA\u0160ARAS SUAUGUSIOMS KAT\u0116MS SU VI\u0160TIENA 10 KG"}]},{"@type":"WebSite","@id":"https:\/\/zoosalis.lv\/#website","url":"https:\/\/zoosalis.lv\/","name":"Dz\u012bvnieku produkti","description":"zoo\u0161alis.lt","publisher":{"@id":"https:\/\/zoosalis.lv\/#organization"},"potentialAction":[{"@type":"SearchAction","target":{"@type":"EntryPoint","urlTemplate":"https:\/\/zoosalis.lv\/?s={search_term_string}"},"query-input":{"@type":"PropertyValueSpecification","valueRequired":true,"valueName":"search_term_string"}}],"inLanguage":"lt-LT"},{"@type":"Organization","@id":"https:\/\/zoosalis.lv\/#organization","name":"Zoo\u0161alis.lt","url":"https:\/\/zoosalis.lv\/","logo":{"@type":"ImageObject","inLanguage":"lt-LT","@id":"https:\/\/zoosalis.lv\/#\/schema\/logo\/image\/","url":"https:\/\/zoosalis.lv\/wp-content\/uploads\/2024\/02\/Group-62.png","contentUrl":"https:\/\/zoosalis.lv\/wp-content\/uploads\/2024\/02\/Group-62.png","width":1537,"height":337,"caption":"Zoo\u0161alis.lt"},"image":{"@id":"https:\/\/zoosalis.lv\/#\/schema\/logo\/image\/"},"sameAs":["https:\/\/www.facebook.com\/zooprekesjums\/"]}]}},"_links":{"self":[{"href":"https:\/\/zoosalis.lv\/lt\/wp-json\/wp\/v2\/product\/18435"}],"collection":[{"href":"https:\/\/zoosalis.lv\/lt\/wp-json\/wp\/v2\/product"}],"about":[{"href":"https:\/\/zoosalis.lv\/lt\/wp-json\/wp\/v2\/types\/product"}],"replies":[{"embeddable":true,"href":"https:\/\/zoosalis.lv\/lt\/wp-json\/wp\/v2\/comments?post=18435"}],"wp:featuredmedia":[{"embeddable":true,"href":"https:\/\/zoosalis.lv\/lt\/wp-json\/wp\/v2\/media\/23896"}],"wp:attachment":[{"href":"https:\/\/zoosalis.lv\/lt\/wp-json\/wp\/v2\/media?parent=18435"}],"wp:term":[{"taxonomy":"product_brand","embeddable":true,"href":"https:\/\/zoosalis.lv\/lt\/wp-json\/wp\/v2\/product_brand?post=18435"},{"taxonomy":"product_cat","embeddable":true,"href":"https:\/\/zoosalis.lv\/lt\/wp-json\/wp\/v2\/product_cat?post=18435"},{"taxonomy":"product_tag","embeddable":true,"href":"https:\/\/zoosalis.lv\/lt\/wp-json\/wp\/v2\/product_tag?post=18435"}],"curies":[{"name":"wp","href":"https:\/\/api.w.org\/{rel}","templated":true}]}}