{"id":18684,"date":"2025-04-01T10:57:51","date_gmt":"2025-04-01T10:57:51","guid":{"rendered":"https:\/\/zoosalis.lv\/?post_type=product&#038;p=18684"},"modified":"2025-04-11T14:22:28","modified_gmt":"2025-04-11T14:22:28","slug":"josera-optiness-1kg-125kg","status":"publish","type":"product","link":"https:\/\/zoosalis.lv\/lt\/josera-optiness-1kg-125kg\/","title":{"rendered":"Josera Optiness 1kg &#8211; 12,5kg"},"content":{"rendered":"<p><strong>Josera Optiness<\/strong>\u00a0&#8211;\u00a0efektyvus visavertis\u00a0<strong>Super premium klas\u0117s<\/strong>\u00a0pa\u0161aras<strong>\u00a0su bulv\u0117mis suaugusiems \u0161unims.<\/strong><\/p>\n<p><strong>\u00a0Savyb\u0117s:<\/strong><\/p>\n<ul>\n<li>Josera Optiness yra puikus pa\u0161aras\u00a0<strong>vidutinio aktyvumo \u0161unims<\/strong>. Jo sud\u0117tyje<strong>\u00a0n\u0117ra kvie\u010di\u0173, sojos ar kukur\u016bz\u0173<\/strong>.<\/li>\n<li>Suma\u017eintas baltym\u0173 kiekis\u00a0<strong>palengvina inkst\u0173 ir kepen\u0173 veikl\u0105;<\/strong><\/li>\n<li><strong>Bulv\u0117s ir \u0117riena<\/strong>\u00a0pa\u0161arui suteikia\u00a0<strong>puik\u0173 skon\u012f, lengvai vir\u0161kinamas.<\/strong><\/li>\n<li><strong>Omega-3 ir Omega-6<\/strong>\u00a0riebiosios r\u016bg\u0161tys\u00a0<strong>sveikai odai ir gra\u017eiam kailiui;<\/strong><\/li>\n<li><strong>Stambios granul\u0117s;<\/strong><\/li>\n<li>Be kukur\u016bz\u0173;<\/li>\n<li>L-karnitinas ir taurinas\u00a0<strong>palaiko \u0161irdies funkcijas.<\/strong><\/li>\n<\/ul>\n<table class=\"mceItemTable\" border=\"0\" frame=\"void\" rules=\"none\" cellspacing=\"0\">\n<tbody>\n<tr>\n<td colspan=\"2\" align=\"left\" width=\"884\" height=\"17\"><strong>Vitamin\u0173 ir mineral\u0173, esan\u010di\u0173 pa\u0161are, svarba augintinio organizmui:<\/strong><\/td>\n<\/tr>\n<tr>\n<td align=\"left\" height=\"18\"><strong>Kalcis<\/strong><\/td>\n<td align=\"left\">kaulams, dantims, kraujo kre\u0161\u0117jimui;<\/td>\n<\/tr>\n<tr>\n<td align=\"left\" height=\"18\"><strong>Fosforas<\/strong><\/td>\n<td align=\"left\">kaulams, dantims, jud\u0117jimui;<\/td>\n<\/tr>\n<tr>\n<td align=\"left\" height=\"18\"><strong>Natris<\/strong><\/td>\n<td align=\"left\">vandens ir elektrolit\u0173 pusiausvyrai;<\/td>\n<\/tr>\n<tr>\n<td align=\"left\" height=\"18\"><strong>Magnis<\/strong><\/td>\n<td align=\"left\">raumen\u0173, nerv\u0173 sistemos veiklai;<\/td>\n<\/tr>\n<tr>\n<td align=\"left\" height=\"18\"><strong>Kalis<\/strong><\/td>\n<td align=\"left\">elektrolit\u0173 pusiausvyrai, nerv\u0173 sistemos veiklai;<\/td>\n<\/tr>\n<tr>\n<td align=\"left\" height=\"18\"><strong>Vitaminas A<\/strong><\/td>\n<td align=\"left\">reg\u0117jimui, vaisingumui, imuninei sistemai;<\/td>\n<\/tr>\n<tr>\n<td align=\"left\" height=\"18\"><strong>Vitaminas D3<\/strong><\/td>\n<td align=\"left\">med\u017eiag\u0173 apykaitai;<\/td>\n<\/tr>\n<tr>\n<td align=\"justify\" height=\"18\"><strong>Vitaminas E<\/strong><\/td>\n<td align=\"left\">antioksidant\u0173 ir l\u0105steli\u0173 apsaugai, sveikai odai;<\/td>\n<\/tr>\n<tr>\n<td align=\"justify\" height=\"18\"><strong>Vitaminas B1<\/strong><\/td>\n<td align=\"left\">apykaitinei energijai, nerv\u0173 sistemos veiklai;<\/td>\n<\/tr>\n<tr>\n<td align=\"justify\" height=\"18\"><strong>Vitaminas B2<\/strong><\/td>\n<td align=\"left\">ferment\u0173, energijos apykaitai;<\/td>\n<\/tr>\n<tr>\n<td align=\"justify\" height=\"18\"><strong>Vitaminas B6<\/strong><\/td>\n<td align=\"left\">kraujotakos sistemai, baltym\u0173 apykaitai;<\/td>\n<\/tr>\n<tr>\n<td align=\"justify\" height=\"18\"><strong>Vitaminas B12<\/strong><\/td>\n<td align=\"left\">kraujotakos sistemai, augimui ir med\u017eiag\u0173 apykaitai;<\/td>\n<\/tr>\n<tr>\n<td align=\"justify\" height=\"18\"><strong>Pantoteno r\u016bg\u0161tis<\/strong><\/td>\n<td align=\"left\">angliavandeni\u0173, baltym\u0173 ir riebal\u0173 apykaitai;<\/td>\n<\/tr>\n<tr>\n<td align=\"justify\" height=\"18\"><strong>Folio r\u016bg\u0161tis<\/strong><\/td>\n<td align=\"left\">augimui, kraujotakos sistemai;<\/td>\n<\/tr>\n<tr>\n<td align=\"justify\" height=\"18\"><strong>Niacinas<\/strong><\/td>\n<td align=\"left\">odai, energijos apykaitai, nerv\u0173 sistemos veiklai;<\/td>\n<\/tr>\n<tr>\n<td align=\"justify\" height=\"18\"><strong>Biotinas<\/strong><\/td>\n<td align=\"left\">sveikai odai, energijos apykaitai;<\/td>\n<\/tr>\n<tr>\n<td align=\"justify\" height=\"18\"><strong>Vitaminas C<\/strong><\/td>\n<td align=\"left\">vandenyje tirpi\u0173 antioksidant\u0173 ir l\u0105steli\u0173 apsaugai;<\/td>\n<\/tr>\n<tr>\n<td align=\"justify\" height=\"18\"><strong>Taurinas<\/strong><\/td>\n<td align=\"left\">reg\u0117jimui, \u0161irdies raumenims, vaisingumui;<\/td>\n<\/tr>\n<tr>\n<td align=\"justify\" height=\"18\"><strong>L-karnitinas<\/strong><\/td>\n<td align=\"left\">riebal\u0173 metabolizmui;<\/td>\n<\/tr>\n<tr>\n<td align=\"justify\" height=\"18\"><strong>Gele\u017eis<\/strong><\/td>\n<td align=\"left\">kraujo gamybai, kv\u0117pavimui, fermentams;<\/td>\n<\/tr>\n<tr>\n<td align=\"justify\" height=\"18\"><strong>Cinkas<\/strong><\/td>\n<td align=\"left\">sveikai odai, l\u0105steli\u0173 apsaugai;<\/td>\n<\/tr>\n<tr>\n<td align=\"justify\" height=\"18\"><strong>Manganas<\/strong><\/td>\n<td align=\"left\">\u017evilgan\u010diam kailiui, sveikiems kaulams, l\u0105steli\u0173 apsaugai;<\/td>\n<\/tr>\n<tr>\n<td align=\"justify\" height=\"18\"><strong>Varis<\/strong><\/td>\n<td align=\"left\">sveikai odai, gra\u017eiam kailiui, l\u0105steli\u0173 apsaugai;<\/td>\n<\/tr>\n<tr>\n<td align=\"justify\" height=\"18\"><strong>Jodas<\/strong><\/td>\n<td align=\"left\">energijos apykaitai;<\/td>\n<\/tr>\n<tr>\n<td align=\"justify\" height=\"18\"><strong>Selenas<\/strong><\/td>\n<td align=\"left\">raumenims, l\u0105steli\u0173 apsaugai, vaisingumui<\/td>\n<\/tr>\n<\/tbody>\n<\/table>\n","protected":false},"excerpt":{"rendered":"<p>Josera Optiness\u00a0&#8211;\u00a0efektyvus visavertis\u00a0Super premium klas\u0117s\u00a0pa\u0161aras\u00a0su bulv\u0117mis suaugusiems \u0161unims. \u00a0Savyb\u0117s: Josera Optiness yra puikus pa\u0161aras\u00a0vidutinio aktyvumo \u0161unims. Jo sud\u0117tyje\u00a0n\u0117ra kvie\u010di\u0173, sojos ar kukur\u016bz\u0173. Suma\u017eintas baltym\u0173 kiekis\u00a0palengvina inkst\u0173 ir kepen\u0173 veikl\u0105; Bulv\u0117s ir \u0117riena\u00a0pa\u0161arui suteikia\u00a0puik\u0173 skon\u012f, lengvai vir\u0161kinamas. Omega-3 ir Omega-6\u00a0riebiosios r\u016bg\u0161tys\u00a0sveikai odai ir gra\u017eiam kailiui; Stambios granul\u0117s; Be kukur\u016bz\u0173; L-karnitinas ir taurinas\u00a0palaiko \u0161irdies funkcijas. Vitamin\u0173 ir [&hellip;]<\/p>\n","protected":false},"featured_media":23646,"comment_status":"closed","ping_status":"closed","template":"","meta":{"_acf_changed":false,"_monsterinsights_skip_tracking":false,"_monsterinsights_sitenote_active":false,"_monsterinsights_sitenote_note":"","_monsterinsights_sitenote_category":0},"product_brand":[],"product_cat":[883,925,873,879,874],"product_tag":[],"class_list":{"0":"post-18684","1":"product","2":"type-product","3":"status-publish","4":"has-post-thumbnail","6":"product_cat-hypoalerginis-maistas-sunims","7":"product_cat-josera-sunu-maistas","8":"product_cat-prekes-sunims","9":"product_cat-sausas-maistas-sunims","10":"product_cat-sunu-maistas","12":"first","13":"instock","14":"shipping-taxable","15":"purchasable","16":"product-type-variable","17":"has-default-attributes"},"acf":[],"aioseo_notices":[],"yoast_head":"<!-- This site is optimized with the Yoast SEO plugin v24.8.1 - https:\/\/yoast.com\/wordpress\/plugins\/seo\/ -->\n<title>Josera Optiness 1kg - 12,5kg | Dz\u012bvnieku produkti<\/title>\n<meta name=\"robots\" content=\"index, follow, max-snippet:-1, max-image-preview:large, max-video-preview:-1\" \/>\n<link rel=\"canonical\" href=\"https:\/\/zoosalis.lv\/lt\/josera-optiness-1kg-125kg\/\" \/>\n<meta property=\"og:locale\" content=\"lt_LT\" \/>\n<meta property=\"og:type\" content=\"article\" \/>\n<meta property=\"og:title\" content=\"Josera Optiness 1kg - 12,5kg | Dz\u012bvnieku produkti\" \/>\n<meta property=\"og:description\" content=\"Josera Optiness\u00a0&#8211;\u00a0efektyvus visavertis\u00a0Super premium klas\u0117s\u00a0pa\u0161aras\u00a0su bulv\u0117mis suaugusiems \u0161unims. \u00a0Savyb\u0117s: Josera Optiness yra puikus pa\u0161aras\u00a0vidutinio aktyvumo \u0161unims. Jo sud\u0117tyje\u00a0n\u0117ra kvie\u010di\u0173, sojos ar kukur\u016bz\u0173. Suma\u017eintas baltym\u0173 kiekis\u00a0palengvina inkst\u0173 ir kepen\u0173 veikl\u0105; Bulv\u0117s ir \u0117riena\u00a0pa\u0161arui suteikia\u00a0puik\u0173 skon\u012f, lengvai vir\u0161kinamas. Omega-3 ir Omega-6\u00a0riebiosios r\u016bg\u0161tys\u00a0sveikai odai ir gra\u017eiam kailiui; Stambios granul\u0117s; Be kukur\u016bz\u0173; L-karnitinas ir taurinas\u00a0palaiko \u0161irdies funkcijas. Vitamin\u0173 ir [&hellip;]\" \/>\n<meta property=\"og:url\" content=\"https:\/\/zoosalis.lv\/lt\/josera-optiness-1kg-125kg\/\" \/>\n<meta property=\"og:site_name\" content=\"Dz\u012bvnieku produkti\" \/>\n<meta property=\"article:publisher\" content=\"https:\/\/www.facebook.com\/zooprekesjums\/\" \/>\n<meta property=\"article:modified_time\" content=\"2025-04-11T14:22:28+00:00\" \/>\n<meta property=\"og:image\" content=\"https:\/\/zoosalis.lv\/wp-content\/uploads\/2025\/04\/4d890f5a509a39623d61ca654984bd24.jpg\" \/>\n\t<meta property=\"og:image:width\" content=\"500\" \/>\n\t<meta property=\"og:image:height\" content=\"500\" \/>\n\t<meta property=\"og:image:type\" content=\"image\/jpeg\" \/>\n<meta name=\"twitter:card\" content=\"summary_large_image\" \/>\n<meta name=\"twitter:label1\" content=\"Est. reading time\" \/>\n\t<meta name=\"twitter:data1\" content=\"1 minut\u0117\" \/>\n<script type=\"application\/ld+json\" class=\"yoast-schema-graph\">{\"@context\":\"https:\/\/schema.org\",\"@graph\":[{\"@type\":\"WebPage\",\"@id\":\"https:\/\/zoosalis.lv\/josera-optiness-1kg-125kg\/\",\"url\":\"https:\/\/zoosalis.lv\/josera-optiness-1kg-125kg\/\",\"name\":\"Josera Optiness 1kg - 12,5kg | Dz\u012bvnieku produkti\",\"isPartOf\":{\"@id\":\"https:\/\/zoosalis.lv\/#website\"},\"primaryImageOfPage\":{\"@id\":\"https:\/\/zoosalis.lv\/josera-optiness-1kg-125kg\/#primaryimage\"},\"image\":{\"@id\":\"https:\/\/zoosalis.lv\/josera-optiness-1kg-125kg\/#primaryimage\"},\"thumbnailUrl\":\"https:\/\/zoosalis.lv\/wp-content\/uploads\/2025\/04\/4d890f5a509a39623d61ca654984bd24.jpg\",\"datePublished\":\"2025-04-01T10:57:51+00:00\",\"dateModified\":\"2025-04-11T14:22:28+00:00\",\"breadcrumb\":{\"@id\":\"https:\/\/zoosalis.lv\/josera-optiness-1kg-125kg\/#breadcrumb\"},\"inLanguage\":\"lt-LT\",\"potentialAction\":[{\"@type\":\"ReadAction\",\"target\":[\"https:\/\/zoosalis.lv\/josera-optiness-1kg-125kg\/\"]}]},{\"@type\":\"ImageObject\",\"inLanguage\":\"lt-LT\",\"@id\":\"https:\/\/zoosalis.lv\/josera-optiness-1kg-125kg\/#primaryimage\",\"url\":\"https:\/\/zoosalis.lv\/wp-content\/uploads\/2025\/04\/4d890f5a509a39623d61ca654984bd24.jpg\",\"contentUrl\":\"https:\/\/zoosalis.lv\/wp-content\/uploads\/2025\/04\/4d890f5a509a39623d61ca654984bd24.jpg\",\"width\":500,\"height\":500},{\"@type\":\"BreadcrumbList\",\"@id\":\"https:\/\/zoosalis.lv\/josera-optiness-1kg-125kg\/#breadcrumb\",\"itemListElement\":[{\"@type\":\"ListItem\",\"position\":1,\"name\":\"Home\",\"item\":\"https:\/\/zoosalis.lv\/\"},{\"@type\":\"ListItem\",\"position\":2,\"name\":\"Parduotuv\u0117\",\"item\":\"https:\/\/zoosalis.lv\/parduotuve\/\"},{\"@type\":\"ListItem\",\"position\":3,\"name\":\"Josera Optiness 1kg &#8211; 12,5kg\"}]},{\"@type\":\"WebSite\",\"@id\":\"https:\/\/zoosalis.lv\/#website\",\"url\":\"https:\/\/zoosalis.lv\/\",\"name\":\"Dz\u012bvnieku produkti\",\"description\":\"zoo\u0161alis.lt\",\"publisher\":{\"@id\":\"https:\/\/zoosalis.lv\/#organization\"},\"potentialAction\":[{\"@type\":\"SearchAction\",\"target\":{\"@type\":\"EntryPoint\",\"urlTemplate\":\"https:\/\/zoosalis.lv\/?s={search_term_string}\"},\"query-input\":{\"@type\":\"PropertyValueSpecification\",\"valueRequired\":true,\"valueName\":\"search_term_string\"}}],\"inLanguage\":\"lt-LT\"},{\"@type\":\"Organization\",\"@id\":\"https:\/\/zoosalis.lv\/#organization\",\"name\":\"Zoo\u0161alis.lt\",\"url\":\"https:\/\/zoosalis.lv\/\",\"logo\":{\"@type\":\"ImageObject\",\"inLanguage\":\"lt-LT\",\"@id\":\"https:\/\/zoosalis.lv\/#\/schema\/logo\/image\/\",\"url\":\"https:\/\/zoosalis.lv\/wp-content\/uploads\/2024\/02\/Group-62.png\",\"contentUrl\":\"https:\/\/zoosalis.lv\/wp-content\/uploads\/2024\/02\/Group-62.png\",\"width\":1537,\"height\":337,\"caption\":\"Zoo\u0161alis.lt\"},\"image\":{\"@id\":\"https:\/\/zoosalis.lv\/#\/schema\/logo\/image\/\"},\"sameAs\":[\"https:\/\/www.facebook.com\/zooprekesjums\/\"]}]}<\/script>\n<!-- \/ Yoast SEO plugin. -->","yoast_head_json":{"title":"Josera Optiness 1kg - 12,5kg | Dz\u012bvnieku produkti","robots":{"index":"index","follow":"follow","max-snippet":"max-snippet:-1","max-image-preview":"max-image-preview:large","max-video-preview":"max-video-preview:-1"},"canonical":"https:\/\/zoosalis.lv\/lt\/josera-optiness-1kg-125kg\/","og_locale":"lt_LT","og_type":"article","og_title":"Josera Optiness 1kg - 12,5kg | Dz\u012bvnieku produkti","og_description":"Josera Optiness\u00a0&#8211;\u00a0efektyvus visavertis\u00a0Super premium klas\u0117s\u00a0pa\u0161aras\u00a0su bulv\u0117mis suaugusiems \u0161unims. \u00a0Savyb\u0117s: Josera Optiness yra puikus pa\u0161aras\u00a0vidutinio aktyvumo \u0161unims. Jo sud\u0117tyje\u00a0n\u0117ra kvie\u010di\u0173, sojos ar kukur\u016bz\u0173. Suma\u017eintas baltym\u0173 kiekis\u00a0palengvina inkst\u0173 ir kepen\u0173 veikl\u0105; Bulv\u0117s ir \u0117riena\u00a0pa\u0161arui suteikia\u00a0puik\u0173 skon\u012f, lengvai vir\u0161kinamas. Omega-3 ir Omega-6\u00a0riebiosios r\u016bg\u0161tys\u00a0sveikai odai ir gra\u017eiam kailiui; Stambios granul\u0117s; Be kukur\u016bz\u0173; L-karnitinas ir taurinas\u00a0palaiko \u0161irdies funkcijas. Vitamin\u0173 ir [&hellip;]","og_url":"https:\/\/zoosalis.lv\/lt\/josera-optiness-1kg-125kg\/","og_site_name":"Dz\u012bvnieku produkti","article_publisher":"https:\/\/www.facebook.com\/zooprekesjums\/","article_modified_time":"2025-04-11T14:22:28+00:00","og_image":[{"width":500,"height":500,"url":"https:\/\/zoosalis.lv\/wp-content\/uploads\/2025\/04\/4d890f5a509a39623d61ca654984bd24.jpg","type":"image\/jpeg"}],"twitter_card":"summary_large_image","twitter_misc":{"Est. reading time":"1 minut\u0117"},"schema":{"@context":"https:\/\/schema.org","@graph":[{"@type":"WebPage","@id":"https:\/\/zoosalis.lv\/josera-optiness-1kg-125kg\/","url":"https:\/\/zoosalis.lv\/josera-optiness-1kg-125kg\/","name":"Josera Optiness 1kg - 12,5kg | Dz\u012bvnieku produkti","isPartOf":{"@id":"https:\/\/zoosalis.lv\/#website"},"primaryImageOfPage":{"@id":"https:\/\/zoosalis.lv\/josera-optiness-1kg-125kg\/#primaryimage"},"image":{"@id":"https:\/\/zoosalis.lv\/josera-optiness-1kg-125kg\/#primaryimage"},"thumbnailUrl":"https:\/\/zoosalis.lv\/wp-content\/uploads\/2025\/04\/4d890f5a509a39623d61ca654984bd24.jpg","datePublished":"2025-04-01T10:57:51+00:00","dateModified":"2025-04-11T14:22:28+00:00","breadcrumb":{"@id":"https:\/\/zoosalis.lv\/josera-optiness-1kg-125kg\/#breadcrumb"},"inLanguage":"lt-LT","potentialAction":[{"@type":"ReadAction","target":["https:\/\/zoosalis.lv\/josera-optiness-1kg-125kg\/"]}]},{"@type":"ImageObject","inLanguage":"lt-LT","@id":"https:\/\/zoosalis.lv\/josera-optiness-1kg-125kg\/#primaryimage","url":"https:\/\/zoosalis.lv\/wp-content\/uploads\/2025\/04\/4d890f5a509a39623d61ca654984bd24.jpg","contentUrl":"https:\/\/zoosalis.lv\/wp-content\/uploads\/2025\/04\/4d890f5a509a39623d61ca654984bd24.jpg","width":500,"height":500},{"@type":"BreadcrumbList","@id":"https:\/\/zoosalis.lv\/josera-optiness-1kg-125kg\/#breadcrumb","itemListElement":[{"@type":"ListItem","position":1,"name":"Home","item":"https:\/\/zoosalis.lv\/"},{"@type":"ListItem","position":2,"name":"Parduotuv\u0117","item":"https:\/\/zoosalis.lv\/parduotuve\/"},{"@type":"ListItem","position":3,"name":"Josera Optiness 1kg &#8211; 12,5kg"}]},{"@type":"WebSite","@id":"https:\/\/zoosalis.lv\/#website","url":"https:\/\/zoosalis.lv\/","name":"Dz\u012bvnieku produkti","description":"zoo\u0161alis.lt","publisher":{"@id":"https:\/\/zoosalis.lv\/#organization"},"potentialAction":[{"@type":"SearchAction","target":{"@type":"EntryPoint","urlTemplate":"https:\/\/zoosalis.lv\/?s={search_term_string}"},"query-input":{"@type":"PropertyValueSpecification","valueRequired":true,"valueName":"search_term_string"}}],"inLanguage":"lt-LT"},{"@type":"Organization","@id":"https:\/\/zoosalis.lv\/#organization","name":"Zoo\u0161alis.lt","url":"https:\/\/zoosalis.lv\/","logo":{"@type":"ImageObject","inLanguage":"lt-LT","@id":"https:\/\/zoosalis.lv\/#\/schema\/logo\/image\/","url":"https:\/\/zoosalis.lv\/wp-content\/uploads\/2024\/02\/Group-62.png","contentUrl":"https:\/\/zoosalis.lv\/wp-content\/uploads\/2024\/02\/Group-62.png","width":1537,"height":337,"caption":"Zoo\u0161alis.lt"},"image":{"@id":"https:\/\/zoosalis.lv\/#\/schema\/logo\/image\/"},"sameAs":["https:\/\/www.facebook.com\/zooprekesjums\/"]}]}},"_links":{"self":[{"href":"https:\/\/zoosalis.lv\/lt\/wp-json\/wp\/v2\/product\/18684"}],"collection":[{"href":"https:\/\/zoosalis.lv\/lt\/wp-json\/wp\/v2\/product"}],"about":[{"href":"https:\/\/zoosalis.lv\/lt\/wp-json\/wp\/v2\/types\/product"}],"replies":[{"embeddable":true,"href":"https:\/\/zoosalis.lv\/lt\/wp-json\/wp\/v2\/comments?post=18684"}],"wp:featuredmedia":[{"embeddable":true,"href":"https:\/\/zoosalis.lv\/lt\/wp-json\/wp\/v2\/media\/23646"}],"wp:attachment":[{"href":"https:\/\/zoosalis.lv\/lt\/wp-json\/wp\/v2\/media?parent=18684"}],"wp:term":[{"taxonomy":"product_brand","embeddable":true,"href":"https:\/\/zoosalis.lv\/lt\/wp-json\/wp\/v2\/product_brand?post=18684"},{"taxonomy":"product_cat","embeddable":true,"href":"https:\/\/zoosalis.lv\/lt\/wp-json\/wp\/v2\/product_cat?post=18684"},{"taxonomy":"product_tag","embeddable":true,"href":"https:\/\/zoosalis.lv\/lt\/wp-json\/wp\/v2\/product_tag?post=18684"}],"curies":[{"name":"wp","href":"https:\/\/api.w.org\/{rel}","templated":true}]}}