{"id":18701,"date":"2025-04-01T10:57:52","date_gmt":"2025-04-01T10:57:52","guid":{"rendered":"https:\/\/zoosalis.lv\/?post_type=product&#038;p=18701"},"modified":"2025-12-22T13:49:45","modified_gmt":"2025-12-22T13:49:45","slug":"orijen-small-breed-sausas-maistas-mazu-veisliu-sunims-2kg-45kg","status":"publish","type":"product","link":"https:\/\/zoosalis.lv\/lt\/orijen-small-breed-sausas-maistas-mazu-veisliu-sunims-2kg-45kg\/","title":{"rendered":"Orijen Small Breed sausas maistas ma\u017e\u0173 veisli\u0173 \u0161unims 1,8 kg. &#8211; 4,5kg.\u00a0"},"content":{"rendered":"<h3 class=\"wp-block-heading\" id=\"product-content-section-0\">Apra\u0161ymas<\/h3><p>Apr\u016bpinkite savo augintin\u012f visomis reikalingomis maistin\u0117mis med\u017eiagomis su ORIJEN. Ma\u017e\u0173 veisli\u0173 \u0161unims reikia biologi\u0161kai tinkamo maisto, kuriame gausu \u012fvairios gyvulin\u0117s kilm\u0117s ingredient\u0173. ORIJEN Small Breed receptas yra specialiai sukurtas ma\u017e\u0173 veisli\u0173 \u0161unims. Baltymai gaunami i\u0161 laisv\u0117je u\u017eaugintos vi\u0161tienos, kalakutienos, putpelienos bei laukin\u0117je gamtoje sugautos \u017euvies yra pateikiami specialiai ma\u017eiems \u0161unims sukurtose granul\u0117se, kurios yra ma\u017eesnio dyd\u017eio. Recepte taip pat naudojami organai ir kaulai \u2013 pagal viso grobio (WholePrey) princip\u0105. Viso to rezultatas \u2013 neprilygstamas receptas j\u016bs\u0173 augintiniui.<\/p><ul class=\"wp-block-list\"><li>Pirmieji 5 ingredientai yra \u0161vie\u017eia arba neapdirbta pauk\u0161tiena bei \u017euvis.<\/li>\n\n<li>85 % kokybi\u0161k\u0173 ingredient\u0173, kuriuose yra reikaling\u0173 gyvulin\u0117s kilm\u0117s baltym\u0173, vitamin\u0173 ir mineral\u0173.<\/li>\n\n<li>Recepte pateikiama subalansuota mityba, padedanti palaikyti tinkam\u0105 svor\u012f.<\/li>\n\n<li>Taip pat receptas turi daug baltym\u0173, kad patenkint\u0173 didesn\u012f augintinio energijos poreik\u012f.<\/li>\n\n<li>Pagamintas Kanadoje i\u0161 geriausi\u0173 ingredient\u0173.<\/li><\/ul><h3 class=\"wp-block-heading\" id=\"product-content-section-1\">Sud\u0117tis<\/h3><p>Neapdirbta kalakutiena (19 %), \u0161vie\u017eia vi\u0161tiena (18,5 %), neapdirbta putpeliena (4 %), neapdirbta lydeka (4 %), neapdirbta silk\u0117 (4 %), neapdirbtos kalakutienos kepenys (4 %), \u0161vie\u017ei vi\u0161tos vidaus organai (kepenys, \u0161irdis) (4 %), \u0161vie\u017ei kiau\u0161iniai (4 %), dehidratuota kalakutiena (4 %), dehidratuota vi\u0161tiena (4 %), dehidratuota silk\u0117 (4 %), dehidratuotos vi\u0161tienos kepenys (4 %), dehidratuoti kiau\u0161iniai (4 %), raudonieji l\u0119\u0161iai, pinto pupel\u0117s, \u017ealieji l\u0119\u0161iai, vi\u0161tienos riebalai (3 %), baltosios pupel\u0117s, avin\u017eirniai, l\u0119\u0161i\u0173 skaidulos, \u017eirniai, polak\u0173 \u017euv\u0173 aliejus (0,5 %), \u017eirni\u0173 krakmolas, d\u017eiovinti rudadumbliai, Naujosios Zelandijos \u017ealiaskar\u0117s midijos, \u0161vie\u017eias sviestinis moli\u016bgas, \u0161vie\u017ei moli\u016bgai, druska, \u0161vie\u017ei obuoliai, \u0161vie\u017eios morkos, \u0161vie\u017eios kriau\u0161\u0117s, \u0161vie\u017eios cukinijos, d\u017eiovintos tr\u016bka\u017eol\u0117s \u0161aknys, \u0161vie\u017ei burok\u0117li\u0173 lapai, \u0161vie\u017eias kop\u016bstas, \u0161vie\u017ei \u0161pinatai, \u0161vie\u017ei ropi\u0173 lapai, spanguol\u0117s, m\u0117lyn\u0117s, saskat\u016bno uogos, ciber\u017eol\u0117, tikrasis margainis, varnal\u0117\u0161\u0173 \u0161aknys, levandos, svilaro\u017e\u0117s \u0161aknys, er\u0161k\u0117tuog\u0117s.<\/p><h3 class=\"wp-block-heading\" id=\"product-content-section-2\">Priedai \/ 1 kg<\/h3><p>Technologiniai priedai: i\u0161 aliejaus gaunamas tokoferoli\u0173 ekstraktas (1b306(i)) 121 mg, citrinos r\u016bg\u0161tis (3a300) 40 mg, rozmarino ekstraktas 80 mg. Maistiniai priedai: cinkas (3b606) 112.5mg, varis (3b406) 11mg, vitaminas B1 (3a821) 19.6mg, vitaminas B5 (3a841) 10mg, vitaminas E (3a700) 90TV. Zootechniniai priedai: 4b1707 Enterococcus faecium NCIMB 10415: 1\u00d710^9 CFU.<\/p><h3 class=\"wp-block-heading\" id=\"product-content-section-3\">Analitin\u0117s sudedamosios dalys<\/h3><p>\u017dali baltymai 39,0 %, \u017eali riebalai 18,0 %, \u017eali pelenai 9,0 %, \u017ealia l\u0105steliena 4,0 %, dr\u0117gnis 12,0 %, kalcis 1,4 %, fosforas 1,1 %, Omega-6 riebal\u0173 r\u016bg\u0161tys 2,8 %, Omega-3 riebal\u0173 r\u016bg\u0161tys 0,5 %, DHA\/EPA 0,2 %\/0,2 %.<\/p><h3 class=\"wp-block-heading\" id=\"product-content-section-4\">Metabolizuojama energija<\/h3><p>3900 kcal\/kg (468 kcal 250 ml\/120 g puodelyje). Kalorij\u0173 paskirstymas: 40 % i\u0161 baltym\u0173, 18 % i\u0161 angliavandeni\u0173 ir 42 % i\u0161 riebal\u0173.<\/p><h3 class=\"wp-block-heading\" id=\"product-content-section-5\">\u0160\u0117rimo rekomendacijos<\/h3><p>Kiekvienas \u0161uo yra unikalus ir individualus, tod\u0117l ir j\u0173 \u0161\u0117rimo reikalavimai skiriasi priklausomai nuo veisl\u0117s, aplinkos, am\u017eiaus ir aktyvumo.<\/p><p>Pratinant \u0161un\u012f prie naujo pa\u0161aro, reikia laiko, kad jo vir\u0161kinimo sistema prisitaikyt\u0173 prie kitoki\u0173 nei \u012fprastini\u0173 \u0161un\u0173 maisto maistini\u0173 med\u017eiag\u0173. Per 5<em>\u2013<\/em>7 dien\u0173 laikotarp\u012f sumai\u0161ykite ma\u017eesnes Orijen pa\u0161aro porcijas su \u012fprastu pa\u0161aru, palaipsniui kiekvien\u0105 dien\u0105 didindami jo kiek\u012f. 7 dien\u0105 jau gal\u0117site maitinti pilna Orijen maisto norma.<\/p><p><strong>Gamintojas:&nbsp;<\/strong><a href=\"http:\/\/www.championpetfoods.com\/\">Champion Petfoods<\/a>, Kanada.<\/p>","protected":false},"excerpt":{"rendered":"<div class=\"product-info__excerpt\">Visavertis pa\u0161aras vis\u0173 am\u017eiaus grupi\u0173, ma\u017e\u0173 veisli\u0173 \u0161unims su kalakutiena, vi\u0161tiena, putpeliena ir \u017euvimi. 85 % gyv\u016bnini\u0173 ingredient\u0173 ir 15 % dar\u017eovi\u0173, vaisi\u0173 bei \u017eoleli\u0173.<\/div>\n<div class=\"product-info__options\">\n<div class=\"product-info__options-text\">\u00a0<\/div>\n<div class=\"product-info__options-options\">\u00a0<\/div>\n<\/div>\n","protected":false},"featured_media":24137,"comment_status":"closed","ping_status":"closed","template":"","meta":{"_acf_changed":false,"_monsterinsights_skip_tracking":false,"_monsterinsights_sitenote_active":false,"_monsterinsights_sitenote_note":"","_monsterinsights_sitenote_category":0},"product_brand":[],"product_cat":[873,879,874],"product_tag":[],"class_list":{"0":"post-18701","1":"product","2":"type-product","3":"status-publish","4":"has-post-thumbnail","6":"product_cat-prekes-sunims","7":"product_cat-sausas-maistas-sunims","8":"product_cat-sunu-maistas","10":"first","11":"instock","12":"shipping-taxable","13":"purchasable","14":"product-type-variable","15":"has-default-attributes"},"acf":[],"aioseo_notices":[],"yoast_head":"<!-- This site is optimized with the Yoast SEO plugin v24.8.1 - https:\/\/yoast.com\/wordpress\/plugins\/seo\/ -->\n<title>Orijen Small Breed sausas maistas ma\u017e\u0173 veisli\u0173 \u0161unims 1,8 kg. - 4,5kg.\u00a0 | Dz\u012bvnieku produkti<\/title>\n<meta name=\"robots\" content=\"index, follow, max-snippet:-1, max-image-preview:large, max-video-preview:-1\" \/>\n<link rel=\"canonical\" href=\"https:\/\/zoosalis.lv\/lt\/orijen-small-breed-sausas-maistas-mazu-veisliu-sunims-2kg-45kg\/\" \/>\n<meta property=\"og:locale\" content=\"lt_LT\" \/>\n<meta property=\"og:type\" content=\"article\" \/>\n<meta property=\"og:title\" content=\"Orijen Small Breed sausas maistas ma\u017e\u0173 veisli\u0173 \u0161unims 1,8 kg. - 4,5kg.\u00a0 | Dz\u012bvnieku produkti\" \/>\n<meta property=\"og:description\" content=\"Visavertis pa\u0161aras vis\u0173 am\u017eiaus grupi\u0173, ma\u017e\u0173 veisli\u0173 \u0161unims su kalakutiena, vi\u0161tiena, putpeliena ir \u017euvimi. 85 % gyv\u016bnini\u0173 ingredient\u0173 ir 15 % dar\u017eovi\u0173, vaisi\u0173 bei \u017eoleli\u0173.  \u00a0 \u00a0\" \/>\n<meta property=\"og:url\" content=\"https:\/\/zoosalis.lv\/lt\/orijen-small-breed-sausas-maistas-mazu-veisliu-sunims-2kg-45kg\/\" \/>\n<meta property=\"og:site_name\" content=\"Dz\u012bvnieku produkti\" \/>\n<meta property=\"article:publisher\" content=\"https:\/\/www.facebook.com\/zooprekesjums\/\" \/>\n<meta property=\"article:modified_time\" content=\"2025-12-22T13:49:45+00:00\" \/>\n<meta property=\"og:image\" content=\"https:\/\/zoosalis.lv\/wp-content\/uploads\/2025\/04\/ORIJEN_Adult_Small_Breed-medium.jpg\" \/>\n\t<meta property=\"og:image:width\" content=\"600\" \/>\n\t<meta property=\"og:image:height\" content=\"523\" \/>\n\t<meta property=\"og:image:type\" content=\"image\/jpeg\" \/>\n<meta name=\"twitter:card\" content=\"summary_large_image\" \/>\n<meta name=\"twitter:label1\" content=\"Est. reading time\" \/>\n\t<meta name=\"twitter:data1\" content=\"3 minut\u0117s\" \/>\n<script type=\"application\/ld+json\" class=\"yoast-schema-graph\">{\"@context\":\"https:\/\/schema.org\",\"@graph\":[{\"@type\":\"WebPage\",\"@id\":\"https:\/\/zoosalis.lv\/orijen-small-breed-sausas-maistas-mazu-veisliu-sunims-2kg-45kg\/\",\"url\":\"https:\/\/zoosalis.lv\/orijen-small-breed-sausas-maistas-mazu-veisliu-sunims-2kg-45kg\/\",\"name\":\"Orijen Small Breed sausas maistas ma\u017e\u0173 veisli\u0173 \u0161unims 1,8 kg. - 4,5kg.\u00a0 | Dz\u012bvnieku produkti\",\"isPartOf\":{\"@id\":\"https:\/\/zoosalis.lv\/#website\"},\"primaryImageOfPage\":{\"@id\":\"https:\/\/zoosalis.lv\/orijen-small-breed-sausas-maistas-mazu-veisliu-sunims-2kg-45kg\/#primaryimage\"},\"image\":{\"@id\":\"https:\/\/zoosalis.lv\/orijen-small-breed-sausas-maistas-mazu-veisliu-sunims-2kg-45kg\/#primaryimage\"},\"thumbnailUrl\":\"https:\/\/zoosalis.lv\/wp-content\/uploads\/2025\/04\/ORIJEN_Adult_Small_Breed-medium.jpg\",\"datePublished\":\"2025-04-01T10:57:52+00:00\",\"dateModified\":\"2025-12-22T13:49:45+00:00\",\"breadcrumb\":{\"@id\":\"https:\/\/zoosalis.lv\/orijen-small-breed-sausas-maistas-mazu-veisliu-sunims-2kg-45kg\/#breadcrumb\"},\"inLanguage\":\"lt-LT\",\"potentialAction\":[{\"@type\":\"ReadAction\",\"target\":[\"https:\/\/zoosalis.lv\/orijen-small-breed-sausas-maistas-mazu-veisliu-sunims-2kg-45kg\/\"]}]},{\"@type\":\"ImageObject\",\"inLanguage\":\"lt-LT\",\"@id\":\"https:\/\/zoosalis.lv\/orijen-small-breed-sausas-maistas-mazu-veisliu-sunims-2kg-45kg\/#primaryimage\",\"url\":\"https:\/\/zoosalis.lv\/wp-content\/uploads\/2025\/04\/ORIJEN_Adult_Small_Breed-medium.jpg\",\"contentUrl\":\"https:\/\/zoosalis.lv\/wp-content\/uploads\/2025\/04\/ORIJEN_Adult_Small_Breed-medium.jpg\",\"width\":600,\"height\":523},{\"@type\":\"BreadcrumbList\",\"@id\":\"https:\/\/zoosalis.lv\/orijen-small-breed-sausas-maistas-mazu-veisliu-sunims-2kg-45kg\/#breadcrumb\",\"itemListElement\":[{\"@type\":\"ListItem\",\"position\":1,\"name\":\"Home\",\"item\":\"https:\/\/zoosalis.lv\/\"},{\"@type\":\"ListItem\",\"position\":2,\"name\":\"Parduotuv\u0117\",\"item\":\"https:\/\/zoosalis.lv\/parduotuve\/\"},{\"@type\":\"ListItem\",\"position\":3,\"name\":\"Orijen Small Breed sausas maistas ma\u017e\u0173 veisli\u0173 \u0161unims 1,8 kg. &#8211; 4,5kg.\u00a0\"}]},{\"@type\":\"WebSite\",\"@id\":\"https:\/\/zoosalis.lv\/#website\",\"url\":\"https:\/\/zoosalis.lv\/\",\"name\":\"Dz\u012bvnieku produkti\",\"description\":\"zoo\u0161alis.lt\",\"publisher\":{\"@id\":\"https:\/\/zoosalis.lv\/#organization\"},\"potentialAction\":[{\"@type\":\"SearchAction\",\"target\":{\"@type\":\"EntryPoint\",\"urlTemplate\":\"https:\/\/zoosalis.lv\/?s={search_term_string}\"},\"query-input\":{\"@type\":\"PropertyValueSpecification\",\"valueRequired\":true,\"valueName\":\"search_term_string\"}}],\"inLanguage\":\"lt-LT\"},{\"@type\":\"Organization\",\"@id\":\"https:\/\/zoosalis.lv\/#organization\",\"name\":\"Zoo\u0161alis.lt\",\"url\":\"https:\/\/zoosalis.lv\/\",\"logo\":{\"@type\":\"ImageObject\",\"inLanguage\":\"lt-LT\",\"@id\":\"https:\/\/zoosalis.lv\/#\/schema\/logo\/image\/\",\"url\":\"https:\/\/zoosalis.lv\/wp-content\/uploads\/2024\/02\/Group-62.png\",\"contentUrl\":\"https:\/\/zoosalis.lv\/wp-content\/uploads\/2024\/02\/Group-62.png\",\"width\":1537,\"height\":337,\"caption\":\"Zoo\u0161alis.lt\"},\"image\":{\"@id\":\"https:\/\/zoosalis.lv\/#\/schema\/logo\/image\/\"},\"sameAs\":[\"https:\/\/www.facebook.com\/zooprekesjums\/\"]}]}<\/script>\n<!-- \/ Yoast SEO plugin. -->","yoast_head_json":{"title":"Orijen Small Breed sausas maistas ma\u017e\u0173 veisli\u0173 \u0161unims 1,8 kg. - 4,5kg.\u00a0 | Dz\u012bvnieku produkti","robots":{"index":"index","follow":"follow","max-snippet":"max-snippet:-1","max-image-preview":"max-image-preview:large","max-video-preview":"max-video-preview:-1"},"canonical":"https:\/\/zoosalis.lv\/lt\/orijen-small-breed-sausas-maistas-mazu-veisliu-sunims-2kg-45kg\/","og_locale":"lt_LT","og_type":"article","og_title":"Orijen Small Breed sausas maistas ma\u017e\u0173 veisli\u0173 \u0161unims 1,8 kg. - 4,5kg.\u00a0 | Dz\u012bvnieku produkti","og_description":"Visavertis pa\u0161aras vis\u0173 am\u017eiaus grupi\u0173, ma\u017e\u0173 veisli\u0173 \u0161unims su kalakutiena, vi\u0161tiena, putpeliena ir \u017euvimi. 85 % gyv\u016bnini\u0173 ingredient\u0173 ir 15 % dar\u017eovi\u0173, vaisi\u0173 bei \u017eoleli\u0173.  \u00a0 \u00a0","og_url":"https:\/\/zoosalis.lv\/lt\/orijen-small-breed-sausas-maistas-mazu-veisliu-sunims-2kg-45kg\/","og_site_name":"Dz\u012bvnieku produkti","article_publisher":"https:\/\/www.facebook.com\/zooprekesjums\/","article_modified_time":"2025-12-22T13:49:45+00:00","og_image":[{"width":600,"height":523,"url":"https:\/\/zoosalis.lv\/wp-content\/uploads\/2025\/04\/ORIJEN_Adult_Small_Breed-medium.jpg","type":"image\/jpeg"}],"twitter_card":"summary_large_image","twitter_misc":{"Est. reading time":"3 minut\u0117s"},"schema":{"@context":"https:\/\/schema.org","@graph":[{"@type":"WebPage","@id":"https:\/\/zoosalis.lv\/orijen-small-breed-sausas-maistas-mazu-veisliu-sunims-2kg-45kg\/","url":"https:\/\/zoosalis.lv\/orijen-small-breed-sausas-maistas-mazu-veisliu-sunims-2kg-45kg\/","name":"Orijen Small Breed sausas maistas ma\u017e\u0173 veisli\u0173 \u0161unims 1,8 kg. - 4,5kg.\u00a0 | Dz\u012bvnieku produkti","isPartOf":{"@id":"https:\/\/zoosalis.lv\/#website"},"primaryImageOfPage":{"@id":"https:\/\/zoosalis.lv\/orijen-small-breed-sausas-maistas-mazu-veisliu-sunims-2kg-45kg\/#primaryimage"},"image":{"@id":"https:\/\/zoosalis.lv\/orijen-small-breed-sausas-maistas-mazu-veisliu-sunims-2kg-45kg\/#primaryimage"},"thumbnailUrl":"https:\/\/zoosalis.lv\/wp-content\/uploads\/2025\/04\/ORIJEN_Adult_Small_Breed-medium.jpg","datePublished":"2025-04-01T10:57:52+00:00","dateModified":"2025-12-22T13:49:45+00:00","breadcrumb":{"@id":"https:\/\/zoosalis.lv\/orijen-small-breed-sausas-maistas-mazu-veisliu-sunims-2kg-45kg\/#breadcrumb"},"inLanguage":"lt-LT","potentialAction":[{"@type":"ReadAction","target":["https:\/\/zoosalis.lv\/orijen-small-breed-sausas-maistas-mazu-veisliu-sunims-2kg-45kg\/"]}]},{"@type":"ImageObject","inLanguage":"lt-LT","@id":"https:\/\/zoosalis.lv\/orijen-small-breed-sausas-maistas-mazu-veisliu-sunims-2kg-45kg\/#primaryimage","url":"https:\/\/zoosalis.lv\/wp-content\/uploads\/2025\/04\/ORIJEN_Adult_Small_Breed-medium.jpg","contentUrl":"https:\/\/zoosalis.lv\/wp-content\/uploads\/2025\/04\/ORIJEN_Adult_Small_Breed-medium.jpg","width":600,"height":523},{"@type":"BreadcrumbList","@id":"https:\/\/zoosalis.lv\/orijen-small-breed-sausas-maistas-mazu-veisliu-sunims-2kg-45kg\/#breadcrumb","itemListElement":[{"@type":"ListItem","position":1,"name":"Home","item":"https:\/\/zoosalis.lv\/"},{"@type":"ListItem","position":2,"name":"Parduotuv\u0117","item":"https:\/\/zoosalis.lv\/parduotuve\/"},{"@type":"ListItem","position":3,"name":"Orijen Small Breed sausas maistas ma\u017e\u0173 veisli\u0173 \u0161unims 1,8 kg. &#8211; 4,5kg.\u00a0"}]},{"@type":"WebSite","@id":"https:\/\/zoosalis.lv\/#website","url":"https:\/\/zoosalis.lv\/","name":"Dz\u012bvnieku produkti","description":"zoo\u0161alis.lt","publisher":{"@id":"https:\/\/zoosalis.lv\/#organization"},"potentialAction":[{"@type":"SearchAction","target":{"@type":"EntryPoint","urlTemplate":"https:\/\/zoosalis.lv\/?s={search_term_string}"},"query-input":{"@type":"PropertyValueSpecification","valueRequired":true,"valueName":"search_term_string"}}],"inLanguage":"lt-LT"},{"@type":"Organization","@id":"https:\/\/zoosalis.lv\/#organization","name":"Zoo\u0161alis.lt","url":"https:\/\/zoosalis.lv\/","logo":{"@type":"ImageObject","inLanguage":"lt-LT","@id":"https:\/\/zoosalis.lv\/#\/schema\/logo\/image\/","url":"https:\/\/zoosalis.lv\/wp-content\/uploads\/2024\/02\/Group-62.png","contentUrl":"https:\/\/zoosalis.lv\/wp-content\/uploads\/2024\/02\/Group-62.png","width":1537,"height":337,"caption":"Zoo\u0161alis.lt"},"image":{"@id":"https:\/\/zoosalis.lv\/#\/schema\/logo\/image\/"},"sameAs":["https:\/\/www.facebook.com\/zooprekesjums\/"]}]}},"_links":{"self":[{"href":"https:\/\/zoosalis.lv\/lt\/wp-json\/wp\/v2\/product\/18701"}],"collection":[{"href":"https:\/\/zoosalis.lv\/lt\/wp-json\/wp\/v2\/product"}],"about":[{"href":"https:\/\/zoosalis.lv\/lt\/wp-json\/wp\/v2\/types\/product"}],"replies":[{"embeddable":true,"href":"https:\/\/zoosalis.lv\/lt\/wp-json\/wp\/v2\/comments?post=18701"}],"wp:featuredmedia":[{"embeddable":true,"href":"https:\/\/zoosalis.lv\/lt\/wp-json\/wp\/v2\/media\/24137"}],"wp:attachment":[{"href":"https:\/\/zoosalis.lv\/lt\/wp-json\/wp\/v2\/media?parent=18701"}],"wp:term":[{"taxonomy":"product_brand","embeddable":true,"href":"https:\/\/zoosalis.lv\/lt\/wp-json\/wp\/v2\/product_brand?post=18701"},{"taxonomy":"product_cat","embeddable":true,"href":"https:\/\/zoosalis.lv\/lt\/wp-json\/wp\/v2\/product_cat?post=18701"},{"taxonomy":"product_tag","embeddable":true,"href":"https:\/\/zoosalis.lv\/lt\/wp-json\/wp\/v2\/product_tag?post=18701"}],"curies":[{"name":"wp","href":"https:\/\/api.w.org\/{rel}","templated":true}]}}