{"id":18717,"date":"2025-04-01T10:57:53","date_gmt":"2025-04-01T10:57:53","guid":{"rendered":"https:\/\/zoosalis.lv\/?post_type=product&#038;p=18717"},"modified":"2025-04-11T14:22:28","modified_gmt":"2025-04-11T14:22:28","slug":"quattro-begrudis-sunu-maistas-qattro-small-breed-adult-su-eriena","status":"publish","type":"product","link":"https:\/\/zoosalis.lv\/lt\/quattro-begrudis-sunu-maistas-qattro-small-breed-adult-su-eriena\/","title":{"rendered":"QUATTRO Begr\u016bdis \u0161un\u0173 maistas Qattro Small breed adult su \u0116riena"},"content":{"rendered":"<p>QUATTRO SMALL BREED ADULT SAUSAS BEGR\u016aDIS MAISTAS SU \u0116RIENA 7 KG<br \/>\nSkirta: suaugusiems jautriems ma\u017e\u0173 veisli\u0173 \u0161unims, kuriems \u012ftariama alergija maistui<br \/>\n62% BALTYM\u0172 I\u0160 GYV\u016aNIN\u0116S KILM\u0116S INGREDIENT\u0172<br \/>\nMONOPROTEINAS<br \/>\nBE GMO IR GLITIMO<br \/>\nHIPOALERGINIS &#8211; \u0117riena yra hipoalergini\u0173 baltym\u0173 \u0161altinis, kuris gali \u017eymiai suma\u017einti \u0161un\u0173 alergini\u0173 reakcij\u0173 tikimyb\u0119.<br \/>\nODA IR KAILIS &#8211; Omega-3 ir omega-6 riebal\u0173 r\u016bg\u0161tys kartu su cinku ir B grup\u0117s vitaminais padeda i\u0161laikyti sveik\u0105 od\u0105, \u0161veln\u0173 ir blizg\u0173 kail\u012f.<br \/>\nJAUTRIAM VIR\u0160KINIMUI &#8211; auk\u0161tos kokyb\u0117s antis suteikia j\u016bs\u0173 \u0161uniui lengvai vir\u0161kinam\u0173 baltym\u0173, prebiotikai ir augalin\u0117s kilm\u0117s skaidulos palaiko vir\u0161kinam\u0105j\u012f trakt\u0105 ir padeda palaikyti tinkam\u0105 i\u0161mat\u0173 kokyb\u0119.<br \/>\nSUPERMAISTAS &#8211; ingredientai, \u017einomi kaip \u201esupermaistas\u201c, turi nat\u016braliai nauding\u0173 savybi\u0173 kasdienei sveikatai.<\/p>\n","protected":false},"excerpt":{"rendered":"<p>QUATTRO SMALL BREED ADULT SAUSAS BEGR\u016aDIS MAISTAS SU \u0116RIENA 7 KG Skirta: suaugusiems jautriems ma\u017e\u0173 veisli\u0173 \u0161unims, kuriems \u012ftariama alergija maistui 62% BALTYM\u0172 I\u0160 GYV\u016aNIN\u0116S KILM\u0116S INGREDIENT\u0172 MONOPROTEINAS BE GMO IR GLITIMO HIPOALERGINIS &#8211; \u0117riena yra hipoalergini\u0173 baltym\u0173 \u0161altinis, kuris gali \u017eymiai suma\u017einti \u0161un\u0173 alergini\u0173 reakcij\u0173 tikimyb\u0119. ODA IR KAILIS &#8211; Omega-3 ir omega-6 riebal\u0173 [&hellip;]<\/p>\n","protected":false},"featured_media":24304,"comment_status":"closed","ping_status":"closed","template":"","meta":{"_acf_changed":false,"_monsterinsights_skip_tracking":false,"_monsterinsights_sitenote_active":false,"_monsterinsights_sitenote_note":"","_monsterinsights_sitenote_category":0},"product_brand":[],"product_cat":[873,879,874],"product_tag":[],"class_list":{"0":"post-18717","1":"product","2":"type-product","3":"status-publish","4":"has-post-thumbnail","6":"product_cat-prekes-sunims","7":"product_cat-sausas-maistas-sunims","8":"product_cat-sunu-maistas","10":"first","11":"instock","12":"sale","13":"shipping-taxable","14":"purchasable","15":"product-type-variable","16":"has-default-attributes"},"acf":[],"aioseo_notices":[],"yoast_head":"<!-- This site is optimized with the Yoast SEO plugin v24.8.1 - https:\/\/yoast.com\/wordpress\/plugins\/seo\/ -->\n<title>QUATTRO Begr\u016bdis \u0161un\u0173 maistas Qattro Small breed adult su \u0116riena | Dz\u012bvnieku produkti<\/title>\n<meta name=\"robots\" content=\"index, follow, max-snippet:-1, max-image-preview:large, max-video-preview:-1\" \/>\n<link rel=\"canonical\" href=\"https:\/\/zoosalis.lv\/lt\/quattro-begrudis-sunu-maistas-qattro-small-breed-adult-su-eriena\/\" \/>\n<meta property=\"og:locale\" content=\"lt_LT\" \/>\n<meta property=\"og:type\" content=\"article\" \/>\n<meta property=\"og:title\" content=\"QUATTRO Begr\u016bdis \u0161un\u0173 maistas Qattro Small breed adult su \u0116riena | Dz\u012bvnieku produkti\" \/>\n<meta property=\"og:description\" content=\"QUATTRO SMALL BREED ADULT SAUSAS BEGR\u016aDIS MAISTAS SU \u0116RIENA 7 KG Skirta: suaugusiems jautriems ma\u017e\u0173 veisli\u0173 \u0161unims, kuriems \u012ftariama alergija maistui 62% BALTYM\u0172 I\u0160 GYV\u016aNIN\u0116S KILM\u0116S INGREDIENT\u0172 MONOPROTEINAS BE GMO IR GLITIMO HIPOALERGINIS &#8211; \u0117riena yra hipoalergini\u0173 baltym\u0173 \u0161altinis, kuris gali \u017eymiai suma\u017einti \u0161un\u0173 alergini\u0173 reakcij\u0173 tikimyb\u0119. ODA IR KAILIS &#8211; Omega-3 ir omega-6 riebal\u0173 [&hellip;]\" \/>\n<meta property=\"og:url\" content=\"https:\/\/zoosalis.lv\/lt\/quattro-begrudis-sunu-maistas-qattro-small-breed-adult-su-eriena\/\" \/>\n<meta property=\"og:site_name\" content=\"Dz\u012bvnieku produkti\" \/>\n<meta property=\"article:publisher\" content=\"https:\/\/www.facebook.com\/zooprekesjums\/\" \/>\n<meta property=\"article:modified_time\" content=\"2025-04-11T14:22:28+00:00\" \/>\n<meta property=\"og:image\" content=\"https:\/\/zoosalis.lv\/wp-content\/uploads\/2025\/04\/8139-1.jpg\" \/>\n\t<meta property=\"og:image:width\" content=\"625\" \/>\n\t<meta property=\"og:image:height\" content=\"794\" \/>\n\t<meta property=\"og:image:type\" content=\"image\/jpeg\" \/>\n<meta name=\"twitter:card\" content=\"summary_large_image\" \/>\n<meta name=\"twitter:label1\" content=\"Est. reading time\" \/>\n\t<meta name=\"twitter:data1\" content=\"1 minut\u0117\" \/>\n<script type=\"application\/ld+json\" class=\"yoast-schema-graph\">{\"@context\":\"https:\/\/schema.org\",\"@graph\":[{\"@type\":\"WebPage\",\"@id\":\"https:\/\/zoosalis.lv\/quattro-begrudis-sunu-maistas-qattro-small-breed-adult-su-eriena\/\",\"url\":\"https:\/\/zoosalis.lv\/quattro-begrudis-sunu-maistas-qattro-small-breed-adult-su-eriena\/\",\"name\":\"QUATTRO Begr\u016bdis \u0161un\u0173 maistas Qattro Small breed adult su \u0116riena | Dz\u012bvnieku produkti\",\"isPartOf\":{\"@id\":\"https:\/\/zoosalis.lv\/#website\"},\"primaryImageOfPage\":{\"@id\":\"https:\/\/zoosalis.lv\/quattro-begrudis-sunu-maistas-qattro-small-breed-adult-su-eriena\/#primaryimage\"},\"image\":{\"@id\":\"https:\/\/zoosalis.lv\/quattro-begrudis-sunu-maistas-qattro-small-breed-adult-su-eriena\/#primaryimage\"},\"thumbnailUrl\":\"https:\/\/zoosalis.lv\/wp-content\/uploads\/2025\/04\/8139-1.jpg\",\"datePublished\":\"2025-04-01T10:57:53+00:00\",\"dateModified\":\"2025-04-11T14:22:28+00:00\",\"breadcrumb\":{\"@id\":\"https:\/\/zoosalis.lv\/quattro-begrudis-sunu-maistas-qattro-small-breed-adult-su-eriena\/#breadcrumb\"},\"inLanguage\":\"lt-LT\",\"potentialAction\":[{\"@type\":\"ReadAction\",\"target\":[\"https:\/\/zoosalis.lv\/quattro-begrudis-sunu-maistas-qattro-small-breed-adult-su-eriena\/\"]}]},{\"@type\":\"ImageObject\",\"inLanguage\":\"lt-LT\",\"@id\":\"https:\/\/zoosalis.lv\/quattro-begrudis-sunu-maistas-qattro-small-breed-adult-su-eriena\/#primaryimage\",\"url\":\"https:\/\/zoosalis.lv\/wp-content\/uploads\/2025\/04\/8139-1.jpg\",\"contentUrl\":\"https:\/\/zoosalis.lv\/wp-content\/uploads\/2025\/04\/8139-1.jpg\",\"width\":625,\"height\":794},{\"@type\":\"BreadcrumbList\",\"@id\":\"https:\/\/zoosalis.lv\/quattro-begrudis-sunu-maistas-qattro-small-breed-adult-su-eriena\/#breadcrumb\",\"itemListElement\":[{\"@type\":\"ListItem\",\"position\":1,\"name\":\"Home\",\"item\":\"https:\/\/zoosalis.lv\/\"},{\"@type\":\"ListItem\",\"position\":2,\"name\":\"Parduotuv\u0117\",\"item\":\"https:\/\/zoosalis.lv\/parduotuve\/\"},{\"@type\":\"ListItem\",\"position\":3,\"name\":\"QUATTRO Begr\u016bdis \u0161un\u0173 maistas Qattro Small breed adult su \u0116riena\"}]},{\"@type\":\"WebSite\",\"@id\":\"https:\/\/zoosalis.lv\/#website\",\"url\":\"https:\/\/zoosalis.lv\/\",\"name\":\"Dz\u012bvnieku produkti\",\"description\":\"zoo\u0161alis.lt\",\"publisher\":{\"@id\":\"https:\/\/zoosalis.lv\/#organization\"},\"potentialAction\":[{\"@type\":\"SearchAction\",\"target\":{\"@type\":\"EntryPoint\",\"urlTemplate\":\"https:\/\/zoosalis.lv\/?s={search_term_string}\"},\"query-input\":{\"@type\":\"PropertyValueSpecification\",\"valueRequired\":true,\"valueName\":\"search_term_string\"}}],\"inLanguage\":\"lt-LT\"},{\"@type\":\"Organization\",\"@id\":\"https:\/\/zoosalis.lv\/#organization\",\"name\":\"Zoo\u0161alis.lt\",\"url\":\"https:\/\/zoosalis.lv\/\",\"logo\":{\"@type\":\"ImageObject\",\"inLanguage\":\"lt-LT\",\"@id\":\"https:\/\/zoosalis.lv\/#\/schema\/logo\/image\/\",\"url\":\"https:\/\/zoosalis.lv\/wp-content\/uploads\/2024\/02\/Group-62.png\",\"contentUrl\":\"https:\/\/zoosalis.lv\/wp-content\/uploads\/2024\/02\/Group-62.png\",\"width\":1537,\"height\":337,\"caption\":\"Zoo\u0161alis.lt\"},\"image\":{\"@id\":\"https:\/\/zoosalis.lv\/#\/schema\/logo\/image\/\"},\"sameAs\":[\"https:\/\/www.facebook.com\/zooprekesjums\/\"]}]}<\/script>\n<!-- \/ Yoast SEO plugin. -->","yoast_head_json":{"title":"QUATTRO Begr\u016bdis \u0161un\u0173 maistas Qattro Small breed adult su \u0116riena | Dz\u012bvnieku produkti","robots":{"index":"index","follow":"follow","max-snippet":"max-snippet:-1","max-image-preview":"max-image-preview:large","max-video-preview":"max-video-preview:-1"},"canonical":"https:\/\/zoosalis.lv\/lt\/quattro-begrudis-sunu-maistas-qattro-small-breed-adult-su-eriena\/","og_locale":"lt_LT","og_type":"article","og_title":"QUATTRO Begr\u016bdis \u0161un\u0173 maistas Qattro Small breed adult su \u0116riena | Dz\u012bvnieku produkti","og_description":"QUATTRO SMALL BREED ADULT SAUSAS BEGR\u016aDIS MAISTAS SU \u0116RIENA 7 KG Skirta: suaugusiems jautriems ma\u017e\u0173 veisli\u0173 \u0161unims, kuriems \u012ftariama alergija maistui 62% BALTYM\u0172 I\u0160 GYV\u016aNIN\u0116S KILM\u0116S INGREDIENT\u0172 MONOPROTEINAS BE GMO IR GLITIMO HIPOALERGINIS &#8211; \u0117riena yra hipoalergini\u0173 baltym\u0173 \u0161altinis, kuris gali \u017eymiai suma\u017einti \u0161un\u0173 alergini\u0173 reakcij\u0173 tikimyb\u0119. ODA IR KAILIS &#8211; Omega-3 ir omega-6 riebal\u0173 [&hellip;]","og_url":"https:\/\/zoosalis.lv\/lt\/quattro-begrudis-sunu-maistas-qattro-small-breed-adult-su-eriena\/","og_site_name":"Dz\u012bvnieku produkti","article_publisher":"https:\/\/www.facebook.com\/zooprekesjums\/","article_modified_time":"2025-04-11T14:22:28+00:00","og_image":[{"width":625,"height":794,"url":"https:\/\/zoosalis.lv\/wp-content\/uploads\/2025\/04\/8139-1.jpg","type":"image\/jpeg"}],"twitter_card":"summary_large_image","twitter_misc":{"Est. reading time":"1 minut\u0117"},"schema":{"@context":"https:\/\/schema.org","@graph":[{"@type":"WebPage","@id":"https:\/\/zoosalis.lv\/quattro-begrudis-sunu-maistas-qattro-small-breed-adult-su-eriena\/","url":"https:\/\/zoosalis.lv\/quattro-begrudis-sunu-maistas-qattro-small-breed-adult-su-eriena\/","name":"QUATTRO Begr\u016bdis \u0161un\u0173 maistas Qattro Small breed adult su \u0116riena | Dz\u012bvnieku produkti","isPartOf":{"@id":"https:\/\/zoosalis.lv\/#website"},"primaryImageOfPage":{"@id":"https:\/\/zoosalis.lv\/quattro-begrudis-sunu-maistas-qattro-small-breed-adult-su-eriena\/#primaryimage"},"image":{"@id":"https:\/\/zoosalis.lv\/quattro-begrudis-sunu-maistas-qattro-small-breed-adult-su-eriena\/#primaryimage"},"thumbnailUrl":"https:\/\/zoosalis.lv\/wp-content\/uploads\/2025\/04\/8139-1.jpg","datePublished":"2025-04-01T10:57:53+00:00","dateModified":"2025-04-11T14:22:28+00:00","breadcrumb":{"@id":"https:\/\/zoosalis.lv\/quattro-begrudis-sunu-maistas-qattro-small-breed-adult-su-eriena\/#breadcrumb"},"inLanguage":"lt-LT","potentialAction":[{"@type":"ReadAction","target":["https:\/\/zoosalis.lv\/quattro-begrudis-sunu-maistas-qattro-small-breed-adult-su-eriena\/"]}]},{"@type":"ImageObject","inLanguage":"lt-LT","@id":"https:\/\/zoosalis.lv\/quattro-begrudis-sunu-maistas-qattro-small-breed-adult-su-eriena\/#primaryimage","url":"https:\/\/zoosalis.lv\/wp-content\/uploads\/2025\/04\/8139-1.jpg","contentUrl":"https:\/\/zoosalis.lv\/wp-content\/uploads\/2025\/04\/8139-1.jpg","width":625,"height":794},{"@type":"BreadcrumbList","@id":"https:\/\/zoosalis.lv\/quattro-begrudis-sunu-maistas-qattro-small-breed-adult-su-eriena\/#breadcrumb","itemListElement":[{"@type":"ListItem","position":1,"name":"Home","item":"https:\/\/zoosalis.lv\/"},{"@type":"ListItem","position":2,"name":"Parduotuv\u0117","item":"https:\/\/zoosalis.lv\/parduotuve\/"},{"@type":"ListItem","position":3,"name":"QUATTRO Begr\u016bdis \u0161un\u0173 maistas Qattro Small breed adult su \u0116riena"}]},{"@type":"WebSite","@id":"https:\/\/zoosalis.lv\/#website","url":"https:\/\/zoosalis.lv\/","name":"Dz\u012bvnieku produkti","description":"zoo\u0161alis.lt","publisher":{"@id":"https:\/\/zoosalis.lv\/#organization"},"potentialAction":[{"@type":"SearchAction","target":{"@type":"EntryPoint","urlTemplate":"https:\/\/zoosalis.lv\/?s={search_term_string}"},"query-input":{"@type":"PropertyValueSpecification","valueRequired":true,"valueName":"search_term_string"}}],"inLanguage":"lt-LT"},{"@type":"Organization","@id":"https:\/\/zoosalis.lv\/#organization","name":"Zoo\u0161alis.lt","url":"https:\/\/zoosalis.lv\/","logo":{"@type":"ImageObject","inLanguage":"lt-LT","@id":"https:\/\/zoosalis.lv\/#\/schema\/logo\/image\/","url":"https:\/\/zoosalis.lv\/wp-content\/uploads\/2024\/02\/Group-62.png","contentUrl":"https:\/\/zoosalis.lv\/wp-content\/uploads\/2024\/02\/Group-62.png","width":1537,"height":337,"caption":"Zoo\u0161alis.lt"},"image":{"@id":"https:\/\/zoosalis.lv\/#\/schema\/logo\/image\/"},"sameAs":["https:\/\/www.facebook.com\/zooprekesjums\/"]}]}},"_links":{"self":[{"href":"https:\/\/zoosalis.lv\/lt\/wp-json\/wp\/v2\/product\/18717"}],"collection":[{"href":"https:\/\/zoosalis.lv\/lt\/wp-json\/wp\/v2\/product"}],"about":[{"href":"https:\/\/zoosalis.lv\/lt\/wp-json\/wp\/v2\/types\/product"}],"replies":[{"embeddable":true,"href":"https:\/\/zoosalis.lv\/lt\/wp-json\/wp\/v2\/comments?post=18717"}],"wp:featuredmedia":[{"embeddable":true,"href":"https:\/\/zoosalis.lv\/lt\/wp-json\/wp\/v2\/media\/24304"}],"wp:attachment":[{"href":"https:\/\/zoosalis.lv\/lt\/wp-json\/wp\/v2\/media?parent=18717"}],"wp:term":[{"taxonomy":"product_brand","embeddable":true,"href":"https:\/\/zoosalis.lv\/lt\/wp-json\/wp\/v2\/product_brand?post=18717"},{"taxonomy":"product_cat","embeddable":true,"href":"https:\/\/zoosalis.lv\/lt\/wp-json\/wp\/v2\/product_cat?post=18717"},{"taxonomy":"product_tag","embeddable":true,"href":"https:\/\/zoosalis.lv\/lt\/wp-json\/wp\/v2\/product_tag?post=18717"}],"curies":[{"name":"wp","href":"https:\/\/api.w.org\/{rel}","templated":true}]}}