{"id":18725,"date":"2025-04-01T10:57:54","date_gmt":"2025-04-01T10:57:54","guid":{"rendered":"https:\/\/zoosalis.lv\/?post_type=product&#038;p=18725"},"modified":"2025-04-11T14:22:28","modified_gmt":"2025-04-11T14:22:28","slug":"royal-canin-hairball-care","status":"publish","type":"product","link":"https:\/\/zoosalis.lv\/lt\/royal-canin-hairball-care\/","title":{"rendered":"Royal Canin Hairball Care"},"content":{"rendered":"<p>Royal Canin Hairball Care \u2013 sausas maistas, skirtas\u00a0suaugusioms kat\u0117ms nuo 1 met\u0173 am\u017eiaus,\u00a0susidurian\u010dioms su plauk\u0173 kamuoliuk\u0173 susidarymo skrandyje problema. Katei lai\u017eantis 2\/3 negyv\u0173 plauk\u0173 yra nuryjami. I\u0161 plauk\u0173 susidarantys kamuoliukai kaupiasi skrandyje. \u0160is specialus pa\u0161aras padeda plauk\u0173 kamuoliukams pasi\u0161alinti kartu su i\u0161matomis.<\/p>\n<ul>\n<li>Skirta\u00a0<strong>suaugusioms kat\u0117ms<\/strong>, ken\u010dian\u010dioms nuo plauk\u0173 kamuoliuk\u0173 susidarymo skrandyje.<\/li>\n<li>Pa\u0161ar\u0105 sudaro i\u0161skirtinis kompleksas,\u00a0<strong>pa\u0161alinantis dvigubai daugiau plauk\u0173\u00a0<\/strong>nat\u016braliomis b\u016bdu jau po\u00a021 dienos\u00a0\u0161\u0117rimo \u0161iuo pa\u0161aru.<\/li>\n<li><strong>Plaukai\u00a0<\/strong>yra reguliariai\u00a0<strong>pa\u0161alinami su i\u0161matomis<\/strong>, u\u017euot kaup\u0119si skrandyje ir v\u0117liau atryjami.<\/li>\n<\/ul>\n","protected":false},"excerpt":{"rendered":"<p>Royal Canin Hairball Care \u2013 sausas maistas, skirtas\u00a0suaugusioms kat\u0117ms nuo 1 met\u0173 am\u017eiaus,\u00a0susidurian\u010dioms su plauk\u0173 kamuoliuk\u0173 susidarymo skrandyje problema. Katei lai\u017eantis 2\/3 negyv\u0173 plauk\u0173 yra nuryjami. I\u0161 plauk\u0173 susidarantys kamuoliukai kaupiasi skrandyje. \u0160is specialus pa\u0161aras padeda plauk\u0173 kamuoliukams pasi\u0161alinti kartu su i\u0161matomis. Skirta\u00a0suaugusioms kat\u0117ms, ken\u010dian\u010dioms nuo plauk\u0173 kamuoliuk\u0173 susidarymo skrandyje. Pa\u0161ar\u0105 sudaro i\u0161skirtinis kompleksas,\u00a0pa\u0161alinantis dvigubai [&hellip;]<\/p>\n","protected":false},"featured_media":24390,"comment_status":"closed","ping_status":"closed","template":"","meta":{"_acf_changed":false,"_monsterinsights_skip_tracking":false,"_monsterinsights_sitenote_active":false,"_monsterinsights_sitenote_note":"","_monsterinsights_sitenote_category":0},"product_brand":[],"product_cat":[870,877,876],"product_tag":[],"class_list":{"0":"post-18725","1":"product","2":"type-product","3":"status-publish","4":"has-post-thumbnail","6":"product_cat-maistas-katems","7":"product_cat-sausas-kaciu-edalas","8":"product_cat-sausas-kaciu-maistas","10":"first","11":"instock","12":"shipping-taxable","13":"purchasable","14":"product-type-variable","15":"has-default-attributes"},"acf":[],"aioseo_notices":[],"yoast_head":"<!-- This site is optimized with the Yoast SEO plugin v24.8.1 - https:\/\/yoast.com\/wordpress\/plugins\/seo\/ -->\n<title>Royal Canin Hairball Care | Dz\u012bvnieku produkti<\/title>\n<meta name=\"robots\" content=\"index, follow, max-snippet:-1, max-image-preview:large, max-video-preview:-1\" \/>\n<link rel=\"canonical\" href=\"https:\/\/zoosalis.lv\/lt\/royal-canin-hairball-care\/\" \/>\n<meta property=\"og:locale\" content=\"lt_LT\" \/>\n<meta property=\"og:type\" content=\"article\" \/>\n<meta property=\"og:title\" content=\"Royal Canin Hairball Care | Dz\u012bvnieku produkti\" \/>\n<meta property=\"og:description\" content=\"Royal Canin Hairball Care \u2013 sausas maistas, skirtas\u00a0suaugusioms kat\u0117ms nuo 1 met\u0173 am\u017eiaus,\u00a0susidurian\u010dioms su plauk\u0173 kamuoliuk\u0173 susidarymo skrandyje problema. Katei lai\u017eantis 2\/3 negyv\u0173 plauk\u0173 yra nuryjami. I\u0161 plauk\u0173 susidarantys kamuoliukai kaupiasi skrandyje. \u0160is specialus pa\u0161aras padeda plauk\u0173 kamuoliukams pasi\u0161alinti kartu su i\u0161matomis. Skirta\u00a0suaugusioms kat\u0117ms, ken\u010dian\u010dioms nuo plauk\u0173 kamuoliuk\u0173 susidarymo skrandyje. Pa\u0161ar\u0105 sudaro i\u0161skirtinis kompleksas,\u00a0pa\u0161alinantis dvigubai [&hellip;]\" \/>\n<meta property=\"og:url\" content=\"https:\/\/zoosalis.lv\/lt\/royal-canin-hairball-care\/\" \/>\n<meta property=\"og:site_name\" content=\"Dz\u012bvnieku produkti\" \/>\n<meta property=\"article:publisher\" content=\"https:\/\/www.facebook.com\/zooprekesjums\/\" \/>\n<meta property=\"article:modified_time\" content=\"2025-04-11T14:22:28+00:00\" \/>\n<meta property=\"og:image\" content=\"https:\/\/zoosalis.lv\/wp-content\/uploads\/2025\/04\/royal-canin-hairball-care-2_2.jpg\" \/>\n\t<meta property=\"og:image:width\" content=\"900\" \/>\n\t<meta property=\"og:image:height\" content=\"900\" \/>\n\t<meta property=\"og:image:type\" content=\"image\/jpeg\" \/>\n<meta name=\"twitter:card\" content=\"summary_large_image\" \/>\n<script type=\"application\/ld+json\" class=\"yoast-schema-graph\">{\"@context\":\"https:\/\/schema.org\",\"@graph\":[{\"@type\":\"WebPage\",\"@id\":\"https:\/\/zoosalis.lv\/royal-canin-hairball-care\/\",\"url\":\"https:\/\/zoosalis.lv\/royal-canin-hairball-care\/\",\"name\":\"Royal Canin Hairball Care | Dz\u012bvnieku produkti\",\"isPartOf\":{\"@id\":\"https:\/\/zoosalis.lv\/#website\"},\"primaryImageOfPage\":{\"@id\":\"https:\/\/zoosalis.lv\/royal-canin-hairball-care\/#primaryimage\"},\"image\":{\"@id\":\"https:\/\/zoosalis.lv\/royal-canin-hairball-care\/#primaryimage\"},\"thumbnailUrl\":\"https:\/\/zoosalis.lv\/wp-content\/uploads\/2025\/04\/royal-canin-hairball-care-2_2.jpg\",\"datePublished\":\"2025-04-01T10:57:54+00:00\",\"dateModified\":\"2025-04-11T14:22:28+00:00\",\"breadcrumb\":{\"@id\":\"https:\/\/zoosalis.lv\/royal-canin-hairball-care\/#breadcrumb\"},\"inLanguage\":\"lt-LT\",\"potentialAction\":[{\"@type\":\"ReadAction\",\"target\":[\"https:\/\/zoosalis.lv\/royal-canin-hairball-care\/\"]}]},{\"@type\":\"ImageObject\",\"inLanguage\":\"lt-LT\",\"@id\":\"https:\/\/zoosalis.lv\/royal-canin-hairball-care\/#primaryimage\",\"url\":\"https:\/\/zoosalis.lv\/wp-content\/uploads\/2025\/04\/royal-canin-hairball-care-2_2.jpg\",\"contentUrl\":\"https:\/\/zoosalis.lv\/wp-content\/uploads\/2025\/04\/royal-canin-hairball-care-2_2.jpg\",\"width\":900,\"height\":900},{\"@type\":\"BreadcrumbList\",\"@id\":\"https:\/\/zoosalis.lv\/royal-canin-hairball-care\/#breadcrumb\",\"itemListElement\":[{\"@type\":\"ListItem\",\"position\":1,\"name\":\"Home\",\"item\":\"https:\/\/zoosalis.lv\/\"},{\"@type\":\"ListItem\",\"position\":2,\"name\":\"Parduotuv\u0117\",\"item\":\"https:\/\/zoosalis.lv\/parduotuve\/\"},{\"@type\":\"ListItem\",\"position\":3,\"name\":\"Royal Canin Hairball Care\"}]},{\"@type\":\"WebSite\",\"@id\":\"https:\/\/zoosalis.lv\/#website\",\"url\":\"https:\/\/zoosalis.lv\/\",\"name\":\"Dz\u012bvnieku produkti\",\"description\":\"zoo\u0161alis.lt\",\"publisher\":{\"@id\":\"https:\/\/zoosalis.lv\/#organization\"},\"potentialAction\":[{\"@type\":\"SearchAction\",\"target\":{\"@type\":\"EntryPoint\",\"urlTemplate\":\"https:\/\/zoosalis.lv\/?s={search_term_string}\"},\"query-input\":{\"@type\":\"PropertyValueSpecification\",\"valueRequired\":true,\"valueName\":\"search_term_string\"}}],\"inLanguage\":\"lt-LT\"},{\"@type\":\"Organization\",\"@id\":\"https:\/\/zoosalis.lv\/#organization\",\"name\":\"Zoo\u0161alis.lt\",\"url\":\"https:\/\/zoosalis.lv\/\",\"logo\":{\"@type\":\"ImageObject\",\"inLanguage\":\"lt-LT\",\"@id\":\"https:\/\/zoosalis.lv\/#\/schema\/logo\/image\/\",\"url\":\"https:\/\/zoosalis.lv\/wp-content\/uploads\/2024\/02\/Group-62.png\",\"contentUrl\":\"https:\/\/zoosalis.lv\/wp-content\/uploads\/2024\/02\/Group-62.png\",\"width\":1537,\"height\":337,\"caption\":\"Zoo\u0161alis.lt\"},\"image\":{\"@id\":\"https:\/\/zoosalis.lv\/#\/schema\/logo\/image\/\"},\"sameAs\":[\"https:\/\/www.facebook.com\/zooprekesjums\/\"]}]}<\/script>\n<!-- \/ Yoast SEO plugin. -->","yoast_head_json":{"title":"Royal Canin Hairball Care | Dz\u012bvnieku produkti","robots":{"index":"index","follow":"follow","max-snippet":"max-snippet:-1","max-image-preview":"max-image-preview:large","max-video-preview":"max-video-preview:-1"},"canonical":"https:\/\/zoosalis.lv\/lt\/royal-canin-hairball-care\/","og_locale":"lt_LT","og_type":"article","og_title":"Royal Canin Hairball Care | Dz\u012bvnieku produkti","og_description":"Royal Canin Hairball Care \u2013 sausas maistas, skirtas\u00a0suaugusioms kat\u0117ms nuo 1 met\u0173 am\u017eiaus,\u00a0susidurian\u010dioms su plauk\u0173 kamuoliuk\u0173 susidarymo skrandyje problema. Katei lai\u017eantis 2\/3 negyv\u0173 plauk\u0173 yra nuryjami. I\u0161 plauk\u0173 susidarantys kamuoliukai kaupiasi skrandyje. \u0160is specialus pa\u0161aras padeda plauk\u0173 kamuoliukams pasi\u0161alinti kartu su i\u0161matomis. Skirta\u00a0suaugusioms kat\u0117ms, ken\u010dian\u010dioms nuo plauk\u0173 kamuoliuk\u0173 susidarymo skrandyje. Pa\u0161ar\u0105 sudaro i\u0161skirtinis kompleksas,\u00a0pa\u0161alinantis dvigubai [&hellip;]","og_url":"https:\/\/zoosalis.lv\/lt\/royal-canin-hairball-care\/","og_site_name":"Dz\u012bvnieku produkti","article_publisher":"https:\/\/www.facebook.com\/zooprekesjums\/","article_modified_time":"2025-04-11T14:22:28+00:00","og_image":[{"width":900,"height":900,"url":"https:\/\/zoosalis.lv\/wp-content\/uploads\/2025\/04\/royal-canin-hairball-care-2_2.jpg","type":"image\/jpeg"}],"twitter_card":"summary_large_image","schema":{"@context":"https:\/\/schema.org","@graph":[{"@type":"WebPage","@id":"https:\/\/zoosalis.lv\/royal-canin-hairball-care\/","url":"https:\/\/zoosalis.lv\/royal-canin-hairball-care\/","name":"Royal Canin Hairball Care | Dz\u012bvnieku produkti","isPartOf":{"@id":"https:\/\/zoosalis.lv\/#website"},"primaryImageOfPage":{"@id":"https:\/\/zoosalis.lv\/royal-canin-hairball-care\/#primaryimage"},"image":{"@id":"https:\/\/zoosalis.lv\/royal-canin-hairball-care\/#primaryimage"},"thumbnailUrl":"https:\/\/zoosalis.lv\/wp-content\/uploads\/2025\/04\/royal-canin-hairball-care-2_2.jpg","datePublished":"2025-04-01T10:57:54+00:00","dateModified":"2025-04-11T14:22:28+00:00","breadcrumb":{"@id":"https:\/\/zoosalis.lv\/royal-canin-hairball-care\/#breadcrumb"},"inLanguage":"lt-LT","potentialAction":[{"@type":"ReadAction","target":["https:\/\/zoosalis.lv\/royal-canin-hairball-care\/"]}]},{"@type":"ImageObject","inLanguage":"lt-LT","@id":"https:\/\/zoosalis.lv\/royal-canin-hairball-care\/#primaryimage","url":"https:\/\/zoosalis.lv\/wp-content\/uploads\/2025\/04\/royal-canin-hairball-care-2_2.jpg","contentUrl":"https:\/\/zoosalis.lv\/wp-content\/uploads\/2025\/04\/royal-canin-hairball-care-2_2.jpg","width":900,"height":900},{"@type":"BreadcrumbList","@id":"https:\/\/zoosalis.lv\/royal-canin-hairball-care\/#breadcrumb","itemListElement":[{"@type":"ListItem","position":1,"name":"Home","item":"https:\/\/zoosalis.lv\/"},{"@type":"ListItem","position":2,"name":"Parduotuv\u0117","item":"https:\/\/zoosalis.lv\/parduotuve\/"},{"@type":"ListItem","position":3,"name":"Royal Canin Hairball Care"}]},{"@type":"WebSite","@id":"https:\/\/zoosalis.lv\/#website","url":"https:\/\/zoosalis.lv\/","name":"Dz\u012bvnieku produkti","description":"zoo\u0161alis.lt","publisher":{"@id":"https:\/\/zoosalis.lv\/#organization"},"potentialAction":[{"@type":"SearchAction","target":{"@type":"EntryPoint","urlTemplate":"https:\/\/zoosalis.lv\/?s={search_term_string}"},"query-input":{"@type":"PropertyValueSpecification","valueRequired":true,"valueName":"search_term_string"}}],"inLanguage":"lt-LT"},{"@type":"Organization","@id":"https:\/\/zoosalis.lv\/#organization","name":"Zoo\u0161alis.lt","url":"https:\/\/zoosalis.lv\/","logo":{"@type":"ImageObject","inLanguage":"lt-LT","@id":"https:\/\/zoosalis.lv\/#\/schema\/logo\/image\/","url":"https:\/\/zoosalis.lv\/wp-content\/uploads\/2024\/02\/Group-62.png","contentUrl":"https:\/\/zoosalis.lv\/wp-content\/uploads\/2024\/02\/Group-62.png","width":1537,"height":337,"caption":"Zoo\u0161alis.lt"},"image":{"@id":"https:\/\/zoosalis.lv\/#\/schema\/logo\/image\/"},"sameAs":["https:\/\/www.facebook.com\/zooprekesjums\/"]}]}},"_links":{"self":[{"href":"https:\/\/zoosalis.lv\/lt\/wp-json\/wp\/v2\/product\/18725"}],"collection":[{"href":"https:\/\/zoosalis.lv\/lt\/wp-json\/wp\/v2\/product"}],"about":[{"href":"https:\/\/zoosalis.lv\/lt\/wp-json\/wp\/v2\/types\/product"}],"replies":[{"embeddable":true,"href":"https:\/\/zoosalis.lv\/lt\/wp-json\/wp\/v2\/comments?post=18725"}],"wp:featuredmedia":[{"embeddable":true,"href":"https:\/\/zoosalis.lv\/lt\/wp-json\/wp\/v2\/media\/24390"}],"wp:attachment":[{"href":"https:\/\/zoosalis.lv\/lt\/wp-json\/wp\/v2\/media?parent=18725"}],"wp:term":[{"taxonomy":"product_brand","embeddable":true,"href":"https:\/\/zoosalis.lv\/lt\/wp-json\/wp\/v2\/product_brand?post=18725"},{"taxonomy":"product_cat","embeddable":true,"href":"https:\/\/zoosalis.lv\/lt\/wp-json\/wp\/v2\/product_cat?post=18725"},{"taxonomy":"product_tag","embeddable":true,"href":"https:\/\/zoosalis.lv\/lt\/wp-json\/wp\/v2\/product_tag?post=18725"}],"curies":[{"name":"wp","href":"https:\/\/api.w.org\/{rel}","templated":true}]}}