{"id":21585,"date":"2025-04-07T16:34:22","date_gmt":"2025-04-07T16:34:22","guid":{"rendered":"https:\/\/zoosalis.lv\/?post_type=product&#038;p=21585"},"modified":"2025-04-11T14:20:48","modified_gmt":"2025-04-11T14:20:48","slug":"brit-care-hypoallergenic-adult-large-breed-lamb-sausas-maistas-sunims-su-eriena-3kg-122-kg","status":"publish","type":"product","link":"https:\/\/zoosalis.lv\/lt\/brit-care-hypoallergenic-adult-large-breed-lamb-sausas-maistas-sunims-su-eriena-3kg-122-kg\/","title":{"rendered":"Brit Care Hypoallergenic Adult Large Breed Lamb sausas maistas \u0161unims su \u0117riena 3kg &#8211; 12+2 kg"},"content":{"rendered":"<h3 id=\"product-content-section-0\">Apra\u0161ymas<\/h3>\n<p>Superpremium hipoalerginis vieno baltymo maistas skirtas alergini\u0173 reakcij\u0173 prevencijai. Idealiai tinka suaugusiems dideli\u0173 veisli\u0173 \u0161unims. Pasirinkti baltym\u0173 \u0161altiniai yra nealergi\u0161ki, o tai suma\u017eina alergini\u0173 reakcij\u0173 tikimyb\u0119. Maistas ypa\u010d tinka \u0161unims, kurie turi jautr\u0173 vir\u0161kinim\u0105, taip pat \u0161unims, kurie turi speciali\u0173 mitybos poreiki\u0173. Receptas praturtintas probiotikais, u\u017etikrinan\u010diais subalansuot\u0105 \u017earnyno mikroflor\u0105, ir tikruoju margainiu, kuris padeda palaikyti kepen\u0173 veikl\u0105, i\u0161valo organizm\u0105 ir padeda pa\u0161alinti kenksmingus toksinus.<\/p>\n<ul>\n<li><strong>S\u0105nariai ir kremzl\u0117s<\/strong>\u00a0\u2013 chondroprotektoriai padeda palaikyti sveik\u0105 s\u0105nari\u0173, kaul\u0173 ir kremzli\u0173 augim\u0105 ir vystym\u0105si.<\/li>\n<li><strong>Imunitetas<\/strong>\u00a0\u2013 probiotikai ir antioksidantai padeda stiprinti imunin\u0119 sistem\u0105 ir palaiko vir\u0161kinimo sistemos sveikat\u0105.<\/li>\n<li><strong>Raumenys<\/strong>\u00a0\u2013 optimalus aminor\u016bg\u0161\u010di\u0173 profilis raumen\u0173 audiniams atstatyti.<\/li>\n<\/ul>\n<h3 id=\"product-content-section-1\">Sud\u0117tis<\/h3>\n<p>Dehidratuota \u0117riena (40%), ry\u017eiai (38%), d\u017eiovint\u0173 obuoli\u0173 mink\u0161timas, vi\u0161tienos riebalai, nat\u016bralios kvapiosios med\u017eiagos, alaus miel\u0117s, la\u0161i\u0161\u0173 aliejus (2%), \u017eirni\u0173 miltai, gliukozaminas (260 mg\/kg), frukto-oligosacharidai (200 mg). \/kg), chondroitino sulfatas (200 mg\/kg), mannano-oligosacharidai (150 mg\/kg), \u0161eriuotosios jukos (150 mg\/kg), tikrojo margainio s\u0117klos (90 mg\/kg), \u03b2-gliukanai (50 mg\/kg), d\u017eiovinta paprastoji sukat\u017eol\u0117 (50 mg\/kg), d\u017eiovinti \u0161altalankiai (50mg\/kg), probiotikai Lactobacillus helveticus HA \u2013 122 neaktyvuoti (15&#215;109 l\u0105stel\u0117s\/kg).<\/p>\n<h3 id=\"product-content-section-2\">Analitin\u0117s sudedamosios dalys<\/h3>\n<p>\u017dali baltymai 26,0%, \u017eali riebalai 14,0%, \u017eali pelenai 7,0%, \u017ealia l\u0105steliena 3,0%, dr\u0117gnis 10,0%, kalcis 1,3%, fosforas 0,9%, natris 0,4%, omega-3 riebal\u0173 r\u016bg\u0161tys 0,5%, omega-6 riebal\u0173 r\u016bg\u0161tys 1,7. %, EPA (20:5 n-3) 0,05%, DHA (22:6 n-3) 0,1%.<\/p>\n<h3 id=\"product-content-section-3\">Priedai \/ 1 kg<\/h3>\n<p>vitaminas A (3a672a) 20000 TV, vitaminas D3 (3a671) 1500 TV, vitaminas E (3a700) 500 mg, vitaminas C (3a312) 300\u202fmg, taurinas (3a370) 1,500 mg, cholino chloridas (3a890) 1,800 mg, L-karnitinas (3a910) 250 mg, vitaminas B1 (3a821) 2.5 mg, vitaminas B2 (3a825i) 9.6 mg, biotinas (3a880) 3.5 mg, folio r\u016bg\u0161tis (3a316) 1.2 mg, vitaminas B6 (3a831) 2.5 mg, kalcio-D-pantotenatas (3a841) 25 mg, niacinamidas (3a315) 32.5 mg, vitaminas B12 0.1 mg, jodas (3b201) 0.8 mg, organinis cinkas (3b606) 85 mg, organinis manganas (3b504) 40 mg, organinis varis (3b406) 18 mg, organin\u0117 gele\u017eis (3b106) 75 mg, organinis selenas (3b810) 0.16 mg. Technologiniai priedai: i\u0161 aliejaus gaunamas tokoferoli\u0173 ekstraktas (1b306(i)), askorbilpalmitatas (1b304) ir rozmarin\u0173 ekstraktas.<\/p>\n<h3 id=\"product-content-section-4\">Metabolizuojama energija<\/h3>\n<p>3,690\u202fkcal\/kg.<\/p>\n<h3 id=\"product-content-section-5\">\u0160\u0117rimo rekomendacijos<\/h3>\n<p>Dienos metu padalinkite \u0161\u0117rimo lentel\u0117je nurodyt\u0105 rekomenduojam\u0105 paros kiek\u012f \u012f 1\u20132 vienodas porcijas. Patiekite saus\u0105 arba sudr\u0117kint\u0105 drungnu vandeniu. Jei patiekiate Brit Care pirm\u0105kart, sumai\u0161ykite j\u012f su ankstesniu pa\u0161aru ir per 7 dienas palaipsniui didinkite Brit Care sauso maisto dal\u012f. Paros kiekis gali skirtis priklausomai nuo aplinkos ir \u0161uns aktyvumo bei am\u017eiaus. Visada u\u017etikrinkite prieig\u0105 prie \u0161varaus ir \u0161vie\u017eio geriamojo vandens. Laikykite sausoje ir v\u0117sioje vietoje, saugokite nuo tiesiogini\u0173 saul\u0117s spinduli\u0173.<\/p>\n<figure class=\"table\">\n<table>\n<tbody>\n<tr>\n<td>\u0160uns svoris (kg)<\/td>\n<td>&lt; 25<\/td>\n<td>25<\/td>\n<td>30<\/td>\n<td>40<\/td>\n<td>50<\/td>\n<td>60<\/td>\n<td>70<\/td>\n<td>80<\/td>\n<td>90<\/td>\n<\/tr>\n<tr>\n<td>Dienos norma (g\/per dien\u0105)<\/td>\n<td>Adult Medium Breed<\/td>\n<td>260<\/td>\n<td>300<\/td>\n<td>370<\/td>\n<td>430<\/td>\n<td>500<\/td>\n<td>560<\/td>\n<td>620<\/td>\n<td>680<\/td>\n<\/tr>\n<\/tbody>\n<\/table>\n<\/figure>\n<p>Geriausias iki: nurodyta ant pakuot\u0117s.<\/p>\n<p><strong>Gamintojas<\/strong>: VAFO PRAHA s.r.o, \u010cekija<\/p>\n","protected":false},"excerpt":{"rendered":"<div class=\"product-info__excerpt\">\n<p>Visavertis pa\u0161aras \u0161unims. Hipoalergin\u0117s linijos receptas su \u0117riena ir ry\u017eiais skirtas suaugusiems dideli\u0173 veisli\u0173 \u0161unims (vir\u0161 25 kg).<\/p>\n<\/div>\n<div class=\"product-info__options\">\n<div class=\"product-info__options-text\"><\/div>\n<div class=\"product-info__options-options\"><\/div>\n<\/div>\n","protected":false},"featured_media":21251,"comment_status":"open","ping_status":"closed","template":"","meta":{"_acf_changed":false,"_monsterinsights_skip_tracking":false,"_monsterinsights_sitenote_active":false,"_monsterinsights_sitenote_note":"","_monsterinsights_sitenote_category":0},"product_brand":[],"product_cat":[883,873,879,874],"product_tag":[],"class_list":{"0":"post-21585","1":"product","2":"type-product","3":"status-publish","4":"has-post-thumbnail","6":"product_cat-hypoalerginis-maistas-sunims","7":"product_cat-prekes-sunims","8":"product_cat-sausas-maistas-sunims","9":"product_cat-sunu-maistas","11":"first","12":"instock","13":"sale","14":"shipping-taxable","15":"purchasable","16":"product-type-variable","17":"has-default-attributes"},"acf":[],"aioseo_notices":[],"yoast_head":"<!-- This site is optimized with the Yoast SEO plugin v24.8.1 - https:\/\/yoast.com\/wordpress\/plugins\/seo\/ -->\n<title>Brit Care Hypoallergenic Adult Large Breed Lamb sausas maistas \u0161unims su \u0117riena 3kg - 12+2 kg | Dz\u012bvnieku produkti<\/title>\n<meta name=\"robots\" content=\"index, follow, max-snippet:-1, max-image-preview:large, max-video-preview:-1\" \/>\n<link rel=\"canonical\" href=\"https:\/\/zoosalis.lv\/lt\/brit-care-hypoallergenic-adult-large-breed-lamb-sausas-maistas-sunims-su-eriena-3kg-122-kg\/\" \/>\n<meta property=\"og:locale\" content=\"lt_LT\" \/>\n<meta property=\"og:type\" content=\"article\" \/>\n<meta property=\"og:title\" content=\"Brit Care Hypoallergenic Adult Large Breed Lamb sausas maistas \u0161unims su \u0117riena 3kg - 12+2 kg | Dz\u012bvnieku produkti\" \/>\n<meta property=\"og:description\" content=\"Visavertis pa\u0161aras \u0161unims. Hipoalergin\u0117s linijos receptas su \u0117riena ir ry\u017eiais skirtas suaugusiems dideli\u0173 veisli\u0173 \u0161unims (vir\u0161 25 kg).\" \/>\n<meta property=\"og:url\" content=\"https:\/\/zoosalis.lv\/lt\/brit-care-hypoallergenic-adult-large-breed-lamb-sausas-maistas-sunims-su-eriena-3kg-122-kg\/\" \/>\n<meta property=\"og:site_name\" content=\"Dz\u012bvnieku produkti\" \/>\n<meta property=\"article:publisher\" content=\"https:\/\/www.facebook.com\/zooprekesjums\/\" \/>\n<meta property=\"article:modified_time\" content=\"2025-04-11T14:20:48+00:00\" \/>\n<meta property=\"og:image\" content=\"https:\/\/zoosalis.lv\/wp-content\/uploads\/2025\/04\/bc-adult-lb.png\" \/>\n\t<meta property=\"og:image:width\" content=\"600\" \/>\n\t<meta property=\"og:image:height\" content=\"523\" \/>\n\t<meta property=\"og:image:type\" content=\"image\/png\" \/>\n<meta name=\"twitter:card\" content=\"summary_large_image\" \/>\n<meta name=\"twitter:label1\" content=\"Est. reading time\" \/>\n\t<meta name=\"twitter:data1\" content=\"2 minut\u0117s\" \/>\n<script type=\"application\/ld+json\" class=\"yoast-schema-graph\">{\"@context\":\"https:\/\/schema.org\",\"@graph\":[{\"@type\":\"WebPage\",\"@id\":\"https:\/\/zoosalis.lv\/brit-care-hypoallergenic-adult-large-breed-lamb-sausas-maistas-sunims-su-eriena-3kg-122-kg\/\",\"url\":\"https:\/\/zoosalis.lv\/brit-care-hypoallergenic-adult-large-breed-lamb-sausas-maistas-sunims-su-eriena-3kg-122-kg\/\",\"name\":\"Brit Care Hypoallergenic Adult Large Breed Lamb sausas maistas \u0161unims su \u0117riena 3kg - 12+2 kg | Dz\u012bvnieku produkti\",\"isPartOf\":{\"@id\":\"https:\/\/zoosalis.lv\/#website\"},\"primaryImageOfPage\":{\"@id\":\"https:\/\/zoosalis.lv\/brit-care-hypoallergenic-adult-large-breed-lamb-sausas-maistas-sunims-su-eriena-3kg-122-kg\/#primaryimage\"},\"image\":{\"@id\":\"https:\/\/zoosalis.lv\/brit-care-hypoallergenic-adult-large-breed-lamb-sausas-maistas-sunims-su-eriena-3kg-122-kg\/#primaryimage\"},\"thumbnailUrl\":\"https:\/\/zoosalis.lv\/wp-content\/uploads\/2025\/04\/bc-adult-lb.png\",\"datePublished\":\"2025-04-07T16:34:22+00:00\",\"dateModified\":\"2025-04-11T14:20:48+00:00\",\"breadcrumb\":{\"@id\":\"https:\/\/zoosalis.lv\/brit-care-hypoallergenic-adult-large-breed-lamb-sausas-maistas-sunims-su-eriena-3kg-122-kg\/#breadcrumb\"},\"inLanguage\":\"lt-LT\",\"potentialAction\":[{\"@type\":\"ReadAction\",\"target\":[\"https:\/\/zoosalis.lv\/brit-care-hypoallergenic-adult-large-breed-lamb-sausas-maistas-sunims-su-eriena-3kg-122-kg\/\"]}]},{\"@type\":\"ImageObject\",\"inLanguage\":\"lt-LT\",\"@id\":\"https:\/\/zoosalis.lv\/brit-care-hypoallergenic-adult-large-breed-lamb-sausas-maistas-sunims-su-eriena-3kg-122-kg\/#primaryimage\",\"url\":\"https:\/\/zoosalis.lv\/wp-content\/uploads\/2025\/04\/bc-adult-lb.png\",\"contentUrl\":\"https:\/\/zoosalis.lv\/wp-content\/uploads\/2025\/04\/bc-adult-lb.png\",\"width\":600,\"height\":523},{\"@type\":\"BreadcrumbList\",\"@id\":\"https:\/\/zoosalis.lv\/brit-care-hypoallergenic-adult-large-breed-lamb-sausas-maistas-sunims-su-eriena-3kg-122-kg\/#breadcrumb\",\"itemListElement\":[{\"@type\":\"ListItem\",\"position\":1,\"name\":\"Home\",\"item\":\"https:\/\/zoosalis.lv\/\"},{\"@type\":\"ListItem\",\"position\":2,\"name\":\"Parduotuv\u0117\",\"item\":\"https:\/\/zoosalis.lv\/parduotuve\/\"},{\"@type\":\"ListItem\",\"position\":3,\"name\":\"Brit Care Hypoallergenic Adult Large Breed Lamb sausas maistas \u0161unims su \u0117riena 3kg &#8211; 12+2 kg\"}]},{\"@type\":\"WebSite\",\"@id\":\"https:\/\/zoosalis.lv\/#website\",\"url\":\"https:\/\/zoosalis.lv\/\",\"name\":\"Dz\u012bvnieku produkti\",\"description\":\"zoo\u0161alis.lt\",\"publisher\":{\"@id\":\"https:\/\/zoosalis.lv\/#organization\"},\"potentialAction\":[{\"@type\":\"SearchAction\",\"target\":{\"@type\":\"EntryPoint\",\"urlTemplate\":\"https:\/\/zoosalis.lv\/?s={search_term_string}\"},\"query-input\":{\"@type\":\"PropertyValueSpecification\",\"valueRequired\":true,\"valueName\":\"search_term_string\"}}],\"inLanguage\":\"lt-LT\"},{\"@type\":\"Organization\",\"@id\":\"https:\/\/zoosalis.lv\/#organization\",\"name\":\"Zoo\u0161alis.lt\",\"url\":\"https:\/\/zoosalis.lv\/\",\"logo\":{\"@type\":\"ImageObject\",\"inLanguage\":\"lt-LT\",\"@id\":\"https:\/\/zoosalis.lv\/#\/schema\/logo\/image\/\",\"url\":\"https:\/\/zoosalis.lv\/wp-content\/uploads\/2024\/02\/Group-62.png\",\"contentUrl\":\"https:\/\/zoosalis.lv\/wp-content\/uploads\/2024\/02\/Group-62.png\",\"width\":1537,\"height\":337,\"caption\":\"Zoo\u0161alis.lt\"},\"image\":{\"@id\":\"https:\/\/zoosalis.lv\/#\/schema\/logo\/image\/\"},\"sameAs\":[\"https:\/\/www.facebook.com\/zooprekesjums\/\"]}]}<\/script>\n<!-- \/ Yoast SEO plugin. -->","yoast_head_json":{"title":"Brit Care Hypoallergenic Adult Large Breed Lamb sausas maistas \u0161unims su \u0117riena 3kg - 12+2 kg | Dz\u012bvnieku produkti","robots":{"index":"index","follow":"follow","max-snippet":"max-snippet:-1","max-image-preview":"max-image-preview:large","max-video-preview":"max-video-preview:-1"},"canonical":"https:\/\/zoosalis.lv\/lt\/brit-care-hypoallergenic-adult-large-breed-lamb-sausas-maistas-sunims-su-eriena-3kg-122-kg\/","og_locale":"lt_LT","og_type":"article","og_title":"Brit Care Hypoallergenic Adult Large Breed Lamb sausas maistas \u0161unims su \u0117riena 3kg - 12+2 kg | Dz\u012bvnieku produkti","og_description":"Visavertis pa\u0161aras \u0161unims. Hipoalergin\u0117s linijos receptas su \u0117riena ir ry\u017eiais skirtas suaugusiems dideli\u0173 veisli\u0173 \u0161unims (vir\u0161 25 kg).","og_url":"https:\/\/zoosalis.lv\/lt\/brit-care-hypoallergenic-adult-large-breed-lamb-sausas-maistas-sunims-su-eriena-3kg-122-kg\/","og_site_name":"Dz\u012bvnieku produkti","article_publisher":"https:\/\/www.facebook.com\/zooprekesjums\/","article_modified_time":"2025-04-11T14:20:48+00:00","og_image":[{"width":600,"height":523,"url":"https:\/\/zoosalis.lv\/wp-content\/uploads\/2025\/04\/bc-adult-lb.png","type":"image\/png"}],"twitter_card":"summary_large_image","twitter_misc":{"Est. reading time":"2 minut\u0117s"},"schema":{"@context":"https:\/\/schema.org","@graph":[{"@type":"WebPage","@id":"https:\/\/zoosalis.lv\/brit-care-hypoallergenic-adult-large-breed-lamb-sausas-maistas-sunims-su-eriena-3kg-122-kg\/","url":"https:\/\/zoosalis.lv\/brit-care-hypoallergenic-adult-large-breed-lamb-sausas-maistas-sunims-su-eriena-3kg-122-kg\/","name":"Brit Care Hypoallergenic Adult Large Breed Lamb sausas maistas \u0161unims su \u0117riena 3kg - 12+2 kg | Dz\u012bvnieku produkti","isPartOf":{"@id":"https:\/\/zoosalis.lv\/#website"},"primaryImageOfPage":{"@id":"https:\/\/zoosalis.lv\/brit-care-hypoallergenic-adult-large-breed-lamb-sausas-maistas-sunims-su-eriena-3kg-122-kg\/#primaryimage"},"image":{"@id":"https:\/\/zoosalis.lv\/brit-care-hypoallergenic-adult-large-breed-lamb-sausas-maistas-sunims-su-eriena-3kg-122-kg\/#primaryimage"},"thumbnailUrl":"https:\/\/zoosalis.lv\/wp-content\/uploads\/2025\/04\/bc-adult-lb.png","datePublished":"2025-04-07T16:34:22+00:00","dateModified":"2025-04-11T14:20:48+00:00","breadcrumb":{"@id":"https:\/\/zoosalis.lv\/brit-care-hypoallergenic-adult-large-breed-lamb-sausas-maistas-sunims-su-eriena-3kg-122-kg\/#breadcrumb"},"inLanguage":"lt-LT","potentialAction":[{"@type":"ReadAction","target":["https:\/\/zoosalis.lv\/brit-care-hypoallergenic-adult-large-breed-lamb-sausas-maistas-sunims-su-eriena-3kg-122-kg\/"]}]},{"@type":"ImageObject","inLanguage":"lt-LT","@id":"https:\/\/zoosalis.lv\/brit-care-hypoallergenic-adult-large-breed-lamb-sausas-maistas-sunims-su-eriena-3kg-122-kg\/#primaryimage","url":"https:\/\/zoosalis.lv\/wp-content\/uploads\/2025\/04\/bc-adult-lb.png","contentUrl":"https:\/\/zoosalis.lv\/wp-content\/uploads\/2025\/04\/bc-adult-lb.png","width":600,"height":523},{"@type":"BreadcrumbList","@id":"https:\/\/zoosalis.lv\/brit-care-hypoallergenic-adult-large-breed-lamb-sausas-maistas-sunims-su-eriena-3kg-122-kg\/#breadcrumb","itemListElement":[{"@type":"ListItem","position":1,"name":"Home","item":"https:\/\/zoosalis.lv\/"},{"@type":"ListItem","position":2,"name":"Parduotuv\u0117","item":"https:\/\/zoosalis.lv\/parduotuve\/"},{"@type":"ListItem","position":3,"name":"Brit Care Hypoallergenic Adult Large Breed Lamb sausas maistas \u0161unims su \u0117riena 3kg &#8211; 12+2 kg"}]},{"@type":"WebSite","@id":"https:\/\/zoosalis.lv\/#website","url":"https:\/\/zoosalis.lv\/","name":"Dz\u012bvnieku produkti","description":"zoo\u0161alis.lt","publisher":{"@id":"https:\/\/zoosalis.lv\/#organization"},"potentialAction":[{"@type":"SearchAction","target":{"@type":"EntryPoint","urlTemplate":"https:\/\/zoosalis.lv\/?s={search_term_string}"},"query-input":{"@type":"PropertyValueSpecification","valueRequired":true,"valueName":"search_term_string"}}],"inLanguage":"lt-LT"},{"@type":"Organization","@id":"https:\/\/zoosalis.lv\/#organization","name":"Zoo\u0161alis.lt","url":"https:\/\/zoosalis.lv\/","logo":{"@type":"ImageObject","inLanguage":"lt-LT","@id":"https:\/\/zoosalis.lv\/#\/schema\/logo\/image\/","url":"https:\/\/zoosalis.lv\/wp-content\/uploads\/2024\/02\/Group-62.png","contentUrl":"https:\/\/zoosalis.lv\/wp-content\/uploads\/2024\/02\/Group-62.png","width":1537,"height":337,"caption":"Zoo\u0161alis.lt"},"image":{"@id":"https:\/\/zoosalis.lv\/#\/schema\/logo\/image\/"},"sameAs":["https:\/\/www.facebook.com\/zooprekesjums\/"]}]}},"_links":{"self":[{"href":"https:\/\/zoosalis.lv\/lt\/wp-json\/wp\/v2\/product\/21585"}],"collection":[{"href":"https:\/\/zoosalis.lv\/lt\/wp-json\/wp\/v2\/product"}],"about":[{"href":"https:\/\/zoosalis.lv\/lt\/wp-json\/wp\/v2\/types\/product"}],"replies":[{"embeddable":true,"href":"https:\/\/zoosalis.lv\/lt\/wp-json\/wp\/v2\/comments?post=21585"}],"wp:featuredmedia":[{"embeddable":true,"href":"https:\/\/zoosalis.lv\/lt\/wp-json\/wp\/v2\/media\/21251"}],"wp:attachment":[{"href":"https:\/\/zoosalis.lv\/lt\/wp-json\/wp\/v2\/media?parent=21585"}],"wp:term":[{"taxonomy":"product_brand","embeddable":true,"href":"https:\/\/zoosalis.lv\/lt\/wp-json\/wp\/v2\/product_brand?post=21585"},{"taxonomy":"product_cat","embeddable":true,"href":"https:\/\/zoosalis.lv\/lt\/wp-json\/wp\/v2\/product_cat?post=21585"},{"taxonomy":"product_tag","embeddable":true,"href":"https:\/\/zoosalis.lv\/lt\/wp-json\/wp\/v2\/product_tag?post=21585"}],"curies":[{"name":"wp","href":"https:\/\/api.w.org\/{rel}","templated":true}]}}