{"id":21587,"date":"2025-04-07T16:34:23","date_gmt":"2025-04-07T16:34:23","guid":{"rendered":"https:\/\/zoosalis.lv\/?post_type=product&#038;p=21587"},"modified":"2025-04-11T14:20:48","modified_gmt":"2025-04-11T14:20:48","slug":"brit-care-cat-gf-adult-activity-support-sausas-maistas-katems-2kg-7kg","status":"publish","type":"product","link":"https:\/\/zoosalis.lv\/lt\/brit-care-cat-gf-adult-activity-support-sausas-maistas-katems-2kg-7kg\/","title":{"rendered":"Brit Care Cat GF Adult Activity Support sausas maistas kat\u0117ms 2kg. &#8211; 7kg."},"content":{"rendered":"<p class=\"composition\">\n<div class=\"product-content\">\n<div class=\"container\">\n<div class=\"row\">\n<div class=\"col-9 col-md-12\">\n<div class=\"product-content__content\">\n<h2 id=\"product-content-section-0\">Apra\u0161ymas<\/h2>\n<p>Hipoalergin\u0117 begr\u016bd\u0117 sud\u0117tis i\u0161 kokybi\u0161k\u0173 baltym\u0173, padedan\u010di\u0173 i\u0161laikyti stiprius ir lieknus raumenis. Optimalus vitamin\u0173 ir organini\u0173 mikroelement\u0173 derinys suteikia reikiama energijos kiek\u012f. Chondroprotektoriai palaiko sveikus dantis, s\u0105narius ir kaulus.<\/p>\n<ul>\n<li>CHONDROPROTEKTORIAI IR KALCIS yra reikalingi sveikiems dantims ir kaulams.<\/li>\n<li>TAURINAS kat\u0117ms yra svarbi maistin\u0117 med\u017eiaga, palaikanti ger\u0105 reg\u0105 ir sveik\u0105 \u0161ird\u012f.<\/li>\n<li>PROBIOTIKAI IR PREBIOTIKAI padeda palaikyti sveik\u0105 \u017earnyn\u0105 ir imunin\u0119 sistem\u0105.<\/li>\n<li>VAISIAI, VAISTA\u017dOL\u0116S IR UOGOS yra naudingi ilgaam\u017ei\u0161kumui ir sveikatai.<\/li>\n<li>BE gr\u016bd\u0173 \u2013 BE da\u017eikli\u0173 \u2013 BE konservant\u0173 \u2013 BE GMO \u2013 BE soj\u0173.<\/li>\n<\/ul>\n<h2 id=\"product-content-section-1\">Sud\u0117tis<\/h2>\n<p>dehidruota kalakutiena (28 %), \u0161vie\u017eia vi\u0161tiena (26 %), geltonieji \u017eirniai (16 %), pauk\u0161tienos riebalai (apsaugoti tokoferoliais, 13 %), avin\u017eirniai (6 %), la\u0161i\u0161\u0173 aliejus (2 %), hidrolizuotos vi\u0161tienos kepenys (2 %), lin\u0173 s\u0117menys (2 %), d\u017eiovinti obuoliai (2 %), lin\u0173 s\u0117menys (1,5 %), d\u017eiovintos ramun\u0117l\u0117s (0,5 %), mineralai, d\u017eiovinti \u0161altalankiai (0,3 %), d\u017eiovintos brukn\u0117s (0,2 %), gliukozaminas (0,025 %), chondroitino sulfatas (0,018 %), fruktooligosacharidai (0,015 %), manano oligosacharidai (0,015 %), \u0161eriuotoji juka (0,008 %), Lactobacillus acidophilus HA \u2013 122 neaktyvuotos (15 \u00d7 109 l\u0105steli\u0173\/kg).<\/p>\n<h2 id=\"product-content-section-2\">Analitin\u0117s sudedamosios dalys<\/h2>\n<p>\u017eali baltymai 34,0 %, \u017eali riebalai 18,0 %, \u017ealia l\u0105steliena 1,0 %, \u017eali pelenai 7,2 %, dr\u0117gm\u0117 10,0 %, Omega-3 0,3 %, Omega-6 2,0 %, kalcis 1,2 %, fosforas 0,9 %, natris 0,4 %, magnis 0,08 %.<\/p>\n<h2 id=\"product-content-section-3\">Maistin\u0117 sud\u0117tis<\/h2>\n<p>vitaminas A (3a672a) 20 000 TV, vitaminas D3 (E671) 800 TV, vitaminas E (3a700) 600 mg, vitaminas C (3a312) 300 mg, taurinas (3a370) 2500 mg, L-karnitinas (3a910) 100 mg, cholino chloridas (3a890) 2.500 mg, biotinas (3a880) 2 mg, vitaminas B1 (3a821) 10 mg, vitaminas B2 12 mg, niacinamidas (3a315) 50 mg, kalcio D-pantotenanas (3a841) 40 mg, vitaminas B6 (3a831) 10 mg, folio r\u016bg\u0161tis (3a316) 2 mg, vitaminas B12 0,04 mg, cinkas (3b606) 120 mg, gele\u017eis (3b106) 45 mg, manganas (3b504) 55 mg, kalio jodidas (3b201) 4 mg, varis (3b406) 10 mg, selenas (3b8.10) 0,2 mg, L-metioninas (3c305) 2000 mg. Sud\u0117tyje yra ES patvirtint\u0173 nat\u016brali\u0173 antioksidant\u0173: tokoferolio ekstraktai i\u0161 augalinio aliejaus (1b306), askorbilo palmitatas (1b304) ir rozmarino ekstraktas.<\/p>\n<h2 id=\"product-content-section-4\">Energetin\u0117 vert\u0117<\/h2>\n<p>Metabolizuojama energija: 4000 kcal\/kg.<\/p>\n<h2 id=\"product-content-section-5\">Maitinimo normos<\/h2>\n<p>Pa\u0161ar\u0105 galima duoti saus\u0105 arba \u0161iek tiek sudr\u0117kint\u0105 \u0161iltu vandeniu. U\u017etikrinkite, kad visada b\u016bt\u0173 \u0161vie\u017eio vandens. Pa\u0161aro kiekis gali skirtis, atsi\u017evelgiant \u012f tokius veiksnius kaip am\u017eius ir aktyvumo lygis. Laikykit\u0117s rekomenduojamo dienos pa\u0161aro kiekio, nurodyto lentel\u0117je. Kai savo katinui pradedate duoti nauj\u0105 pa\u0161ar\u0105, sumai\u0161ykite j\u012f su ankstesniu ir palaipsniui per kelias dienas didinkite naujo pa\u0161aro porcij\u0105. Laikyti sausoje ir v\u0117sioje vietoje.<\/p>\n<figure class=\"table\">\n<table>\n<tbody>\n<tr>\n<td>Kat\u0117s svoris<\/td>\n<td>\u00a0Kiekis (g)<\/td>\n<\/tr>\n<tr>\n<td>2-3<\/td>\n<td>40-45<\/td>\n<\/tr>\n<tr>\n<td>3-5<\/td>\n<td>45-65<\/td>\n<\/tr>\n<tr>\n<td>5-7<\/td>\n<td>65-80<\/td>\n<\/tr>\n<tr>\n<td>7-9<\/td>\n<td>80-95<\/td>\n<\/tr>\n<\/tbody>\n<\/table>\n<\/figure>\n<p>Gamintojas:\u00a0VAFO PRAHA s.r.o.<\/p>\n<\/div>\n<\/div>\n<\/div>\n<div class=\"product-content__break\"><\/div>\n<\/div>\n<\/div>\n<div class=\"product__bottom\">\n<section class=\"similar-products\">\n<div class=\"container\"><\/div>\n<\/section>\n<\/div>\n","protected":false},"excerpt":{"rendered":"<div class=\"product-info__excerpt\">\n<p>Visavertis pa\u0161aras lauke gyvenan\u010dioms ir itin aktyvioms kat\u0117ms.<\/p>\n<\/div>\n<div class=\"product-info__options\">\n<div class=\"product-info__options-text\"><\/div>\n<div class=\"product-info__options-options\"><\/div>\n<\/div>\n","protected":false},"featured_media":21215,"comment_status":"closed","ping_status":"closed","template":"","meta":{"_acf_changed":false,"_monsterinsights_skip_tracking":false,"_monsterinsights_sitenote_active":false,"_monsterinsights_sitenote_note":"","_monsterinsights_sitenote_category":0},"product_brand":[],"product_cat":[870,877,876],"product_tag":[],"class_list":{"0":"post-21587","1":"product","2":"type-product","3":"status-publish","4":"has-post-thumbnail","6":"product_cat-maistas-katems","7":"product_cat-sausas-kaciu-edalas","8":"product_cat-sausas-kaciu-maistas","10":"first","11":"instock","12":"shipping-taxable","13":"purchasable","14":"product-type-variable","15":"has-default-attributes"},"acf":[],"aioseo_notices":[],"yoast_head":"<!-- This site is optimized with the Yoast SEO plugin v24.8.1 - https:\/\/yoast.com\/wordpress\/plugins\/seo\/ -->\n<title>Brit Care Cat GF Adult Activity Support sausas maistas kat\u0117ms 2kg. - 7kg. | Dz\u012bvnieku produkti<\/title>\n<meta name=\"robots\" content=\"index, follow, max-snippet:-1, max-image-preview:large, max-video-preview:-1\" \/>\n<link rel=\"canonical\" href=\"https:\/\/zoosalis.lv\/lt\/brit-care-cat-gf-adult-activity-support-sausas-maistas-katems-2kg-7kg\/\" \/>\n<meta property=\"og:locale\" content=\"lt_LT\" \/>\n<meta property=\"og:type\" content=\"article\" \/>\n<meta property=\"og:title\" content=\"Brit Care Cat GF Adult Activity Support sausas maistas kat\u0117ms 2kg. - 7kg. | Dz\u012bvnieku produkti\" \/>\n<meta property=\"og:description\" content=\"Visavertis pa\u0161aras lauke gyvenan\u010dioms ir itin aktyvioms kat\u0117ms.\" \/>\n<meta property=\"og:url\" content=\"https:\/\/zoosalis.lv\/lt\/brit-care-cat-gf-adult-activity-support-sausas-maistas-katems-2kg-7kg\/\" \/>\n<meta property=\"og:site_name\" content=\"Dz\u012bvnieku produkti\" \/>\n<meta property=\"article:publisher\" content=\"https:\/\/www.facebook.com\/zooprekesjums\/\" \/>\n<meta property=\"article:modified_time\" content=\"2025-04-11T14:20:48+00:00\" \/>\n<meta property=\"og:image\" content=\"https:\/\/zoosalis.lv\/wp-content\/uploads\/2025\/04\/bc-cat-adult-active-medium.jpg\" \/>\n\t<meta property=\"og:image:width\" content=\"599\" \/>\n\t<meta property=\"og:image:height\" content=\"522\" \/>\n\t<meta property=\"og:image:type\" content=\"image\/jpeg\" \/>\n<meta name=\"twitter:card\" content=\"summary_large_image\" \/>\n<meta name=\"twitter:label1\" content=\"Est. reading time\" \/>\n\t<meta name=\"twitter:data1\" content=\"2 minut\u0117s\" \/>\n<script type=\"application\/ld+json\" class=\"yoast-schema-graph\">{\"@context\":\"https:\/\/schema.org\",\"@graph\":[{\"@type\":\"WebPage\",\"@id\":\"https:\/\/zoosalis.lv\/brit-care-cat-gf-adult-activity-support-sausas-maistas-katems-2kg-7kg\/\",\"url\":\"https:\/\/zoosalis.lv\/brit-care-cat-gf-adult-activity-support-sausas-maistas-katems-2kg-7kg\/\",\"name\":\"Brit Care Cat GF Adult Activity Support sausas maistas kat\u0117ms 2kg. - 7kg. | Dz\u012bvnieku produkti\",\"isPartOf\":{\"@id\":\"https:\/\/zoosalis.lv\/#website\"},\"primaryImageOfPage\":{\"@id\":\"https:\/\/zoosalis.lv\/brit-care-cat-gf-adult-activity-support-sausas-maistas-katems-2kg-7kg\/#primaryimage\"},\"image\":{\"@id\":\"https:\/\/zoosalis.lv\/brit-care-cat-gf-adult-activity-support-sausas-maistas-katems-2kg-7kg\/#primaryimage\"},\"thumbnailUrl\":\"https:\/\/zoosalis.lv\/wp-content\/uploads\/2025\/04\/bc-cat-adult-active-medium.jpg\",\"datePublished\":\"2025-04-07T16:34:23+00:00\",\"dateModified\":\"2025-04-11T14:20:48+00:00\",\"breadcrumb\":{\"@id\":\"https:\/\/zoosalis.lv\/brit-care-cat-gf-adult-activity-support-sausas-maistas-katems-2kg-7kg\/#breadcrumb\"},\"inLanguage\":\"lt-LT\",\"potentialAction\":[{\"@type\":\"ReadAction\",\"target\":[\"https:\/\/zoosalis.lv\/brit-care-cat-gf-adult-activity-support-sausas-maistas-katems-2kg-7kg\/\"]}]},{\"@type\":\"ImageObject\",\"inLanguage\":\"lt-LT\",\"@id\":\"https:\/\/zoosalis.lv\/brit-care-cat-gf-adult-activity-support-sausas-maistas-katems-2kg-7kg\/#primaryimage\",\"url\":\"https:\/\/zoosalis.lv\/wp-content\/uploads\/2025\/04\/bc-cat-adult-active-medium.jpg\",\"contentUrl\":\"https:\/\/zoosalis.lv\/wp-content\/uploads\/2025\/04\/bc-cat-adult-active-medium.jpg\",\"width\":599,\"height\":522},{\"@type\":\"BreadcrumbList\",\"@id\":\"https:\/\/zoosalis.lv\/brit-care-cat-gf-adult-activity-support-sausas-maistas-katems-2kg-7kg\/#breadcrumb\",\"itemListElement\":[{\"@type\":\"ListItem\",\"position\":1,\"name\":\"Home\",\"item\":\"https:\/\/zoosalis.lv\/\"},{\"@type\":\"ListItem\",\"position\":2,\"name\":\"Parduotuv\u0117\",\"item\":\"https:\/\/zoosalis.lv\/parduotuve\/\"},{\"@type\":\"ListItem\",\"position\":3,\"name\":\"Brit Care Cat GF Adult Activity Support sausas maistas kat\u0117ms 2kg. &#8211; 7kg.\"}]},{\"@type\":\"WebSite\",\"@id\":\"https:\/\/zoosalis.lv\/#website\",\"url\":\"https:\/\/zoosalis.lv\/\",\"name\":\"Dz\u012bvnieku produkti\",\"description\":\"zoo\u0161alis.lt\",\"publisher\":{\"@id\":\"https:\/\/zoosalis.lv\/#organization\"},\"potentialAction\":[{\"@type\":\"SearchAction\",\"target\":{\"@type\":\"EntryPoint\",\"urlTemplate\":\"https:\/\/zoosalis.lv\/?s={search_term_string}\"},\"query-input\":{\"@type\":\"PropertyValueSpecification\",\"valueRequired\":true,\"valueName\":\"search_term_string\"}}],\"inLanguage\":\"lt-LT\"},{\"@type\":\"Organization\",\"@id\":\"https:\/\/zoosalis.lv\/#organization\",\"name\":\"Zoo\u0161alis.lt\",\"url\":\"https:\/\/zoosalis.lv\/\",\"logo\":{\"@type\":\"ImageObject\",\"inLanguage\":\"lt-LT\",\"@id\":\"https:\/\/zoosalis.lv\/#\/schema\/logo\/image\/\",\"url\":\"https:\/\/zoosalis.lv\/wp-content\/uploads\/2024\/02\/Group-62.png\",\"contentUrl\":\"https:\/\/zoosalis.lv\/wp-content\/uploads\/2024\/02\/Group-62.png\",\"width\":1537,\"height\":337,\"caption\":\"Zoo\u0161alis.lt\"},\"image\":{\"@id\":\"https:\/\/zoosalis.lv\/#\/schema\/logo\/image\/\"},\"sameAs\":[\"https:\/\/www.facebook.com\/zooprekesjums\/\"]}]}<\/script>\n<!-- \/ Yoast SEO plugin. -->","yoast_head_json":{"title":"Brit Care Cat GF Adult Activity Support sausas maistas kat\u0117ms 2kg. - 7kg. | Dz\u012bvnieku produkti","robots":{"index":"index","follow":"follow","max-snippet":"max-snippet:-1","max-image-preview":"max-image-preview:large","max-video-preview":"max-video-preview:-1"},"canonical":"https:\/\/zoosalis.lv\/lt\/brit-care-cat-gf-adult-activity-support-sausas-maistas-katems-2kg-7kg\/","og_locale":"lt_LT","og_type":"article","og_title":"Brit Care Cat GF Adult Activity Support sausas maistas kat\u0117ms 2kg. - 7kg. | Dz\u012bvnieku produkti","og_description":"Visavertis pa\u0161aras lauke gyvenan\u010dioms ir itin aktyvioms kat\u0117ms.","og_url":"https:\/\/zoosalis.lv\/lt\/brit-care-cat-gf-adult-activity-support-sausas-maistas-katems-2kg-7kg\/","og_site_name":"Dz\u012bvnieku produkti","article_publisher":"https:\/\/www.facebook.com\/zooprekesjums\/","article_modified_time":"2025-04-11T14:20:48+00:00","og_image":[{"width":599,"height":522,"url":"https:\/\/zoosalis.lv\/wp-content\/uploads\/2025\/04\/bc-cat-adult-active-medium.jpg","type":"image\/jpeg"}],"twitter_card":"summary_large_image","twitter_misc":{"Est. reading time":"2 minut\u0117s"},"schema":{"@context":"https:\/\/schema.org","@graph":[{"@type":"WebPage","@id":"https:\/\/zoosalis.lv\/brit-care-cat-gf-adult-activity-support-sausas-maistas-katems-2kg-7kg\/","url":"https:\/\/zoosalis.lv\/brit-care-cat-gf-adult-activity-support-sausas-maistas-katems-2kg-7kg\/","name":"Brit Care Cat GF Adult Activity Support sausas maistas kat\u0117ms 2kg. - 7kg. | Dz\u012bvnieku produkti","isPartOf":{"@id":"https:\/\/zoosalis.lv\/#website"},"primaryImageOfPage":{"@id":"https:\/\/zoosalis.lv\/brit-care-cat-gf-adult-activity-support-sausas-maistas-katems-2kg-7kg\/#primaryimage"},"image":{"@id":"https:\/\/zoosalis.lv\/brit-care-cat-gf-adult-activity-support-sausas-maistas-katems-2kg-7kg\/#primaryimage"},"thumbnailUrl":"https:\/\/zoosalis.lv\/wp-content\/uploads\/2025\/04\/bc-cat-adult-active-medium.jpg","datePublished":"2025-04-07T16:34:23+00:00","dateModified":"2025-04-11T14:20:48+00:00","breadcrumb":{"@id":"https:\/\/zoosalis.lv\/brit-care-cat-gf-adult-activity-support-sausas-maistas-katems-2kg-7kg\/#breadcrumb"},"inLanguage":"lt-LT","potentialAction":[{"@type":"ReadAction","target":["https:\/\/zoosalis.lv\/brit-care-cat-gf-adult-activity-support-sausas-maistas-katems-2kg-7kg\/"]}]},{"@type":"ImageObject","inLanguage":"lt-LT","@id":"https:\/\/zoosalis.lv\/brit-care-cat-gf-adult-activity-support-sausas-maistas-katems-2kg-7kg\/#primaryimage","url":"https:\/\/zoosalis.lv\/wp-content\/uploads\/2025\/04\/bc-cat-adult-active-medium.jpg","contentUrl":"https:\/\/zoosalis.lv\/wp-content\/uploads\/2025\/04\/bc-cat-adult-active-medium.jpg","width":599,"height":522},{"@type":"BreadcrumbList","@id":"https:\/\/zoosalis.lv\/brit-care-cat-gf-adult-activity-support-sausas-maistas-katems-2kg-7kg\/#breadcrumb","itemListElement":[{"@type":"ListItem","position":1,"name":"Home","item":"https:\/\/zoosalis.lv\/"},{"@type":"ListItem","position":2,"name":"Parduotuv\u0117","item":"https:\/\/zoosalis.lv\/parduotuve\/"},{"@type":"ListItem","position":3,"name":"Brit Care Cat GF Adult Activity Support sausas maistas kat\u0117ms 2kg. &#8211; 7kg."}]},{"@type":"WebSite","@id":"https:\/\/zoosalis.lv\/#website","url":"https:\/\/zoosalis.lv\/","name":"Dz\u012bvnieku produkti","description":"zoo\u0161alis.lt","publisher":{"@id":"https:\/\/zoosalis.lv\/#organization"},"potentialAction":[{"@type":"SearchAction","target":{"@type":"EntryPoint","urlTemplate":"https:\/\/zoosalis.lv\/?s={search_term_string}"},"query-input":{"@type":"PropertyValueSpecification","valueRequired":true,"valueName":"search_term_string"}}],"inLanguage":"lt-LT"},{"@type":"Organization","@id":"https:\/\/zoosalis.lv\/#organization","name":"Zoo\u0161alis.lt","url":"https:\/\/zoosalis.lv\/","logo":{"@type":"ImageObject","inLanguage":"lt-LT","@id":"https:\/\/zoosalis.lv\/#\/schema\/logo\/image\/","url":"https:\/\/zoosalis.lv\/wp-content\/uploads\/2024\/02\/Group-62.png","contentUrl":"https:\/\/zoosalis.lv\/wp-content\/uploads\/2024\/02\/Group-62.png","width":1537,"height":337,"caption":"Zoo\u0161alis.lt"},"image":{"@id":"https:\/\/zoosalis.lv\/#\/schema\/logo\/image\/"},"sameAs":["https:\/\/www.facebook.com\/zooprekesjums\/"]}]}},"_links":{"self":[{"href":"https:\/\/zoosalis.lv\/lt\/wp-json\/wp\/v2\/product\/21587"}],"collection":[{"href":"https:\/\/zoosalis.lv\/lt\/wp-json\/wp\/v2\/product"}],"about":[{"href":"https:\/\/zoosalis.lv\/lt\/wp-json\/wp\/v2\/types\/product"}],"replies":[{"embeddable":true,"href":"https:\/\/zoosalis.lv\/lt\/wp-json\/wp\/v2\/comments?post=21587"}],"wp:featuredmedia":[{"embeddable":true,"href":"https:\/\/zoosalis.lv\/lt\/wp-json\/wp\/v2\/media\/21215"}],"wp:attachment":[{"href":"https:\/\/zoosalis.lv\/lt\/wp-json\/wp\/v2\/media?parent=21587"}],"wp:term":[{"taxonomy":"product_brand","embeddable":true,"href":"https:\/\/zoosalis.lv\/lt\/wp-json\/wp\/v2\/product_brand?post=21587"},{"taxonomy":"product_cat","embeddable":true,"href":"https:\/\/zoosalis.lv\/lt\/wp-json\/wp\/v2\/product_cat?post=21587"},{"taxonomy":"product_tag","embeddable":true,"href":"https:\/\/zoosalis.lv\/lt\/wp-json\/wp\/v2\/product_tag?post=21587"}],"curies":[{"name":"wp","href":"https:\/\/api.w.org\/{rel}","templated":true}]}}