{"id":21626,"date":"2025-04-07T16:34:25","date_gmt":"2025-04-07T16:34:25","guid":{"rendered":"https:\/\/zoosalis.lv\/?post_type=product&#038;p=21626"},"modified":"2025-04-11T14:20:49","modified_gmt":"2025-04-11T14:20:49","slug":"brit-care-grain-free-sensitive-venison-sausas-maistas-sunims-su-elniena-3kg-12kg","status":"publish","type":"product","link":"https:\/\/zoosalis.lv\/lt\/brit-care-grain-free-sensitive-venison-sausas-maistas-sunims-su-elniena-3kg-12kg\/","title":{"rendered":"Brit Care Grain-free Sensitive Venison sausas maistas \u0161unims su elniena 3kg. &#8211; 12kg."},"content":{"rendered":"<p>Super Premium begr\u016bdis receptas buvo specialiai sukurtas \u0161unims, kurie turi jautr\u0173 vir\u0161kinim\u0105 ir maisto netoleravim\u0105. Elnienos riebalai padeda suma\u017einti maisto netoleravimo rizik\u0105, vir\u0161kinimo problemas ir odos jautrum\u0105. Tikrasis margainis padeda palaikyti ger\u0105 kepen\u0173 ir vir\u0161kinimo veikl\u0105, apsaugo nuo odos u\u017edegim\u0173. Omega-3 riebal\u0173 r\u016bg\u0161tys padeda palaikyti ger\u0105 odos b\u016bkl\u0119 ir blizgant\u012f kail\u012f. Idealiai tinka \u0161unims, kurie netoleruoja tam tikr\u0173 maisto produkt\u0173.<\/p>\n<p><strong>Joki\u0173 vi\u0161tienos riebal\u0173<\/strong>\u00a0\u2013 elnienos pagrindu pagamintas receptas, siekiant i\u0161vengti nepageidaujam\u0173 alergini\u0173 reakcij\u0173.<br \/><strong>Oda ir kailis<\/strong>\u00a0\u2013 daug omega-3 riebal\u0173 r\u016bg\u0161\u010di\u0173, kad pagerint\u0173 kailio blizges\u012f ir odos sveikat\u0105.<br \/><strong>Imunitetas<\/strong>\u00a0\u2013 probiotikai ir antioksidantai stiprina imunin\u0119 sistem\u0105 ir palaiko ger\u0105 vir\u0161kinimo sistemos veikl\u0105.<\/p>\n<h3 id=\"product-content-section-0\">Sud\u0117tis<\/h3>\n<p>Dehidratuota elniena (36 %), bulv\u0117s (30 %), kokos\u0173 aliejus, d\u017eiovintas obuoli\u0173 mink\u0161timas, la\u0161i\u0161\u0173 aliejus (5 %), s\u0117menys (4%), alaus miel\u0117s, \u017eirni\u0173 miltai, gliukozaminas (300 mg\/kg), frukto-oligosacharidas (230 mg\/kg), chondroitino sulfatas (230 mg\/kg), mannan-oligosacharidas (180 mg\/kg), \u0161eriuotoji juka (180 mg\/kg), tikrojo margainio s\u0117klos (110 mg\/kg), beta-gliukanas (60\u202fmg\/kg), d\u017eiovinta paprastoji sukat\u017eol\u0117 (60 mg\/kg), d\u017eiovinti \u0161altalankiai (60 mg\/kg), probiotikas lactobacillus helveticus HA \u2013 122 neaktyvuotos (15\u00d7109 l\u0105steli\u0173\/kg).<\/p>\n<h3 id=\"product-content-section-2\">Priedai \/ 1 kg<\/h3>\n<p>Maistiniai priedai: vitaminas A (3a672a) 23,000 TV, vitaminas D3 (3a671) 1,700 TV, vitaminas E (3a700) 550 mg, vitaminas C (3a312) 350 mg, taurinas (3a370) 1,500 mg, cholino chloridas (3a890) 1,800 mg, L-karnitinas (3a910) 300 mg, vitaminas B1 (3a821) 3 mg, vitaminas B2 (3a825i) 11 mg, biotinas (3a880) 4 mg, folio r\u016bg\u0161tis (3a316) 1,4 mg, vitaminas B6 (3a831) 3 mg, kalcio D-pantotenanas (3a841) 30 mg, niacinamidas (3a315) 38 mg, vitaminas B12 0,12 mg, jodas (3b201) 0,9 mg, organinis cinkas (3b606) 100 mg, organinis manganas (3b504) 45 mg, organinis varis (3b406) 20 mg, organin\u0117 gele\u017eis (3b106) 88 mg, organinis selenas (3b810) 0,18 mg. Technologiniai priedai: i\u0161 aliejaus gaunamas tokoferoli\u0173 ekstraktas (1b306(i)), askorbilpalmitatas (1b304) ir rozmarin\u0173 ekstraktas.<\/p>\n<h3 id=\"product-content-section-1\">Analitin\u0117s sudedamosios dalys<\/h3>\n<p>\u017dali baltymai 25 %, \u017eali riebalai 14 %, \u017eali pelenai 8,5 %, \u017ealia l\u0105steliena 3 %, dr\u0117gnis 10,0 %, kalcis 1,3 %, fosforas 1,2 %, natris 0,2 %, omega-3 riebal\u0173 r\u016bg\u0161tys 1 %, omega-6 riebal\u0173 r\u016bg\u0161tys 0,8 %, EPA (20:5 n-3) 0,06 %, DHA (22:6 n-3) 0,12 %.<\/p>\n<h3 id=\"product-content-section-3\">Metabolizuojama energija<\/h3>\n<p>3640 kcal\/kg.<\/p>\n<h3>\u0160\u0117rimo rekomendacijos<\/h3>\n<p>Dienos metu padalinkite \u0161\u0117rimo lentel\u0117je nurodyt\u0105 rekomenduojam\u0105 paros kiek\u012f \u012f 1\u20132 vienodas porcijas. Patiekite saus\u0105 arba sudr\u0117kint\u0105 drungnu vandeniu. Jei patiekiate Brit Care pirm\u0105kart, sumai\u0161ykite j\u012f su ankstesniu pa\u0161aru ir per 7 dienas palaipsniui didinkite Brit Care sauso maisto dal\u012f. Paros kiekis gali skirtis priklausomai nuo aplinkos ir \u0161uns aktyvumo bei am\u017eiaus. Visada u\u017etikrinkite prieig\u0105 prie \u0161varaus ir \u0161vie\u017eio geriamojo vandens. Laikykite sausoje ir v\u0117sioje vietoje, saugokite nuo tiesiogini\u0173 saul\u0117s spinduli\u0173.<\/p>\n<p>Geriausias iki: nurodyta ant pakuot\u0117s.<\/p>\n<h3>Maitinimo normos<\/h3>\n<table>\n<tbody>\n<tr>\n<td width=\"117\">\u0160uns svoris (kg)<\/td>\n<td width=\"29\">5<\/td>\n<td width=\"37\">10<\/td>\n<td width=\"43\">15<\/td>\n<td width=\"38\">20<\/td>\n<td width=\"38\">25<\/td>\n<td width=\"38\">30<\/td>\n<td width=\"38\">40<\/td>\n<td width=\"38\">50<\/td>\n<td width=\"38\">60<\/td>\n<td width=\"38\">70<\/td>\n<td width=\"38\">80<\/td>\n<td width=\"28\">90<\/td>\n<\/tr>\n<tr>\n<td width=\"117\">Dienos norma (g)<\/td>\n<td width=\"29\">85<\/td>\n<td width=\"37\">140<\/td>\n<td width=\"43\">180<\/td>\n<td width=\"38\">230<\/td>\n<td width=\"38\">270<\/td>\n<td width=\"38\">310<\/td>\n<td width=\"38\">380<\/td>\n<td width=\"38\">440<\/td>\n<td width=\"38\">510<\/td>\n<td width=\"38\">570<\/td>\n<td width=\"38\">630<\/td>\n<td width=\"28\">680<\/td>\n<\/tr>\n<\/tbody>\n<\/table>\n<p><strong>Gamintojas<\/strong>: VAFO PRAHA s.r.o, \u010cekija<\/p>\n","protected":false},"excerpt":{"rendered":"<div class=\"product-info__excerpt\">\n<p>Visavertis pa\u0161aras \u0161unims. Begr\u016bd\u0117s linijos receptas su elniena skirtas \u0161unims, kurie turi maisto netoleravimo problem\u0173 ir jautr\u0173 vir\u0161kinim\u0105.<\/p>\n<\/div>\n<div class=\"product-info__options\">\n<div class=\"product-info__options-text\"><\/div>\n<div class=\"product-info__options-options\"><\/div>\n<\/div>\n","protected":false},"featured_media":21275,"comment_status":"closed","ping_status":"closed","template":"","meta":{"_acf_changed":false,"_monsterinsights_skip_tracking":false,"_monsterinsights_sitenote_active":false,"_monsterinsights_sitenote_note":"","_monsterinsights_sitenote_category":0},"product_brand":[],"product_cat":[883,873,879,874],"product_tag":[],"class_list":{"0":"post-21626","1":"product","2":"type-product","3":"status-publish","4":"has-post-thumbnail","6":"product_cat-hypoalerginis-maistas-sunims","7":"product_cat-prekes-sunims","8":"product_cat-sausas-maistas-sunims","9":"product_cat-sunu-maistas","11":"first","12":"instock","13":"shipping-taxable","14":"purchasable","15":"product-type-variable","16":"has-default-attributes"},"acf":[],"aioseo_notices":[],"yoast_head":"<!-- This site is optimized with the Yoast SEO plugin v24.8.1 - https:\/\/yoast.com\/wordpress\/plugins\/seo\/ -->\n<title>Brit Care Grain-free Sensitive Venison sausas maistas \u0161unims su elniena 3kg. - 12kg. | Dz\u012bvnieku produkti<\/title>\n<meta name=\"robots\" content=\"index, follow, max-snippet:-1, max-image-preview:large, max-video-preview:-1\" \/>\n<link rel=\"canonical\" href=\"https:\/\/zoosalis.lv\/lt\/brit-care-grain-free-sensitive-venison-sausas-maistas-sunims-su-elniena-3kg-12kg\/\" \/>\n<meta property=\"og:locale\" content=\"lt_LT\" \/>\n<meta property=\"og:type\" content=\"article\" \/>\n<meta property=\"og:title\" content=\"Brit Care Grain-free Sensitive Venison sausas maistas \u0161unims su elniena 3kg. - 12kg. | Dz\u012bvnieku produkti\" \/>\n<meta property=\"og:description\" content=\"Visavertis pa\u0161aras \u0161unims. Begr\u016bd\u0117s linijos receptas su elniena skirtas \u0161unims, kurie turi maisto netoleravimo problem\u0173 ir jautr\u0173 vir\u0161kinim\u0105.\" \/>\n<meta property=\"og:url\" content=\"https:\/\/zoosalis.lv\/lt\/brit-care-grain-free-sensitive-venison-sausas-maistas-sunims-su-elniena-3kg-12kg\/\" \/>\n<meta property=\"og:site_name\" content=\"Dz\u012bvnieku produkti\" \/>\n<meta property=\"article:publisher\" content=\"https:\/\/www.facebook.com\/zooprekesjums\/\" \/>\n<meta property=\"article:modified_time\" content=\"2025-04-11T14:20:49+00:00\" \/>\n<meta property=\"og:image\" content=\"https:\/\/zoosalis.lv\/wp-content\/uploads\/2025\/04\/Brit_Care_Grain_Free_Sensitive_Venison_Potato_sausas_maistas.png\" \/>\n\t<meta property=\"og:image:width\" content=\"600\" \/>\n\t<meta property=\"og:image:height\" content=\"523\" \/>\n\t<meta property=\"og:image:type\" content=\"image\/png\" \/>\n<meta name=\"twitter:card\" content=\"summary_large_image\" \/>\n<meta name=\"twitter:label1\" content=\"Est. reading time\" \/>\n\t<meta name=\"twitter:data1\" content=\"2 minut\u0117s\" \/>\n<script type=\"application\/ld+json\" class=\"yoast-schema-graph\">{\"@context\":\"https:\/\/schema.org\",\"@graph\":[{\"@type\":\"WebPage\",\"@id\":\"https:\/\/zoosalis.lv\/brit-care-grain-free-sensitive-venison-sausas-maistas-sunims-su-elniena-3kg-12kg\/\",\"url\":\"https:\/\/zoosalis.lv\/brit-care-grain-free-sensitive-venison-sausas-maistas-sunims-su-elniena-3kg-12kg\/\",\"name\":\"Brit Care Grain-free Sensitive Venison sausas maistas \u0161unims su elniena 3kg. - 12kg. | Dz\u012bvnieku produkti\",\"isPartOf\":{\"@id\":\"https:\/\/zoosalis.lv\/#website\"},\"primaryImageOfPage\":{\"@id\":\"https:\/\/zoosalis.lv\/brit-care-grain-free-sensitive-venison-sausas-maistas-sunims-su-elniena-3kg-12kg\/#primaryimage\"},\"image\":{\"@id\":\"https:\/\/zoosalis.lv\/brit-care-grain-free-sensitive-venison-sausas-maistas-sunims-su-elniena-3kg-12kg\/#primaryimage\"},\"thumbnailUrl\":\"https:\/\/zoosalis.lv\/wp-content\/uploads\/2025\/04\/Brit_Care_Grain_Free_Sensitive_Venison_Potato_sausas_maistas.png\",\"datePublished\":\"2025-04-07T16:34:25+00:00\",\"dateModified\":\"2025-04-11T14:20:49+00:00\",\"breadcrumb\":{\"@id\":\"https:\/\/zoosalis.lv\/brit-care-grain-free-sensitive-venison-sausas-maistas-sunims-su-elniena-3kg-12kg\/#breadcrumb\"},\"inLanguage\":\"lt-LT\",\"potentialAction\":[{\"@type\":\"ReadAction\",\"target\":[\"https:\/\/zoosalis.lv\/brit-care-grain-free-sensitive-venison-sausas-maistas-sunims-su-elniena-3kg-12kg\/\"]}]},{\"@type\":\"ImageObject\",\"inLanguage\":\"lt-LT\",\"@id\":\"https:\/\/zoosalis.lv\/brit-care-grain-free-sensitive-venison-sausas-maistas-sunims-su-elniena-3kg-12kg\/#primaryimage\",\"url\":\"https:\/\/zoosalis.lv\/wp-content\/uploads\/2025\/04\/Brit_Care_Grain_Free_Sensitive_Venison_Potato_sausas_maistas.png\",\"contentUrl\":\"https:\/\/zoosalis.lv\/wp-content\/uploads\/2025\/04\/Brit_Care_Grain_Free_Sensitive_Venison_Potato_sausas_maistas.png\",\"width\":600,\"height\":523},{\"@type\":\"BreadcrumbList\",\"@id\":\"https:\/\/zoosalis.lv\/brit-care-grain-free-sensitive-venison-sausas-maistas-sunims-su-elniena-3kg-12kg\/#breadcrumb\",\"itemListElement\":[{\"@type\":\"ListItem\",\"position\":1,\"name\":\"Home\",\"item\":\"https:\/\/zoosalis.lv\/\"},{\"@type\":\"ListItem\",\"position\":2,\"name\":\"Parduotuv\u0117\",\"item\":\"https:\/\/zoosalis.lv\/parduotuve\/\"},{\"@type\":\"ListItem\",\"position\":3,\"name\":\"Brit Care Grain-free Sensitive Venison sausas maistas \u0161unims su elniena 3kg. &#8211; 12kg.\"}]},{\"@type\":\"WebSite\",\"@id\":\"https:\/\/zoosalis.lv\/#website\",\"url\":\"https:\/\/zoosalis.lv\/\",\"name\":\"Dz\u012bvnieku produkti\",\"description\":\"zoo\u0161alis.lt\",\"publisher\":{\"@id\":\"https:\/\/zoosalis.lv\/#organization\"},\"potentialAction\":[{\"@type\":\"SearchAction\",\"target\":{\"@type\":\"EntryPoint\",\"urlTemplate\":\"https:\/\/zoosalis.lv\/?s={search_term_string}\"},\"query-input\":{\"@type\":\"PropertyValueSpecification\",\"valueRequired\":true,\"valueName\":\"search_term_string\"}}],\"inLanguage\":\"lt-LT\"},{\"@type\":\"Organization\",\"@id\":\"https:\/\/zoosalis.lv\/#organization\",\"name\":\"Zoo\u0161alis.lt\",\"url\":\"https:\/\/zoosalis.lv\/\",\"logo\":{\"@type\":\"ImageObject\",\"inLanguage\":\"lt-LT\",\"@id\":\"https:\/\/zoosalis.lv\/#\/schema\/logo\/image\/\",\"url\":\"https:\/\/zoosalis.lv\/wp-content\/uploads\/2024\/02\/Group-62.png\",\"contentUrl\":\"https:\/\/zoosalis.lv\/wp-content\/uploads\/2024\/02\/Group-62.png\",\"width\":1537,\"height\":337,\"caption\":\"Zoo\u0161alis.lt\"},\"image\":{\"@id\":\"https:\/\/zoosalis.lv\/#\/schema\/logo\/image\/\"},\"sameAs\":[\"https:\/\/www.facebook.com\/zooprekesjums\/\"]}]}<\/script>\n<!-- \/ Yoast SEO plugin. -->","yoast_head_json":{"title":"Brit Care Grain-free Sensitive Venison sausas maistas \u0161unims su elniena 3kg. - 12kg. | Dz\u012bvnieku produkti","robots":{"index":"index","follow":"follow","max-snippet":"max-snippet:-1","max-image-preview":"max-image-preview:large","max-video-preview":"max-video-preview:-1"},"canonical":"https:\/\/zoosalis.lv\/lt\/brit-care-grain-free-sensitive-venison-sausas-maistas-sunims-su-elniena-3kg-12kg\/","og_locale":"lt_LT","og_type":"article","og_title":"Brit Care Grain-free Sensitive Venison sausas maistas \u0161unims su elniena 3kg. - 12kg. | Dz\u012bvnieku produkti","og_description":"Visavertis pa\u0161aras \u0161unims. Begr\u016bd\u0117s linijos receptas su elniena skirtas \u0161unims, kurie turi maisto netoleravimo problem\u0173 ir jautr\u0173 vir\u0161kinim\u0105.","og_url":"https:\/\/zoosalis.lv\/lt\/brit-care-grain-free-sensitive-venison-sausas-maistas-sunims-su-elniena-3kg-12kg\/","og_site_name":"Dz\u012bvnieku produkti","article_publisher":"https:\/\/www.facebook.com\/zooprekesjums\/","article_modified_time":"2025-04-11T14:20:49+00:00","og_image":[{"width":600,"height":523,"url":"https:\/\/zoosalis.lv\/wp-content\/uploads\/2025\/04\/Brit_Care_Grain_Free_Sensitive_Venison_Potato_sausas_maistas.png","type":"image\/png"}],"twitter_card":"summary_large_image","twitter_misc":{"Est. reading time":"2 minut\u0117s"},"schema":{"@context":"https:\/\/schema.org","@graph":[{"@type":"WebPage","@id":"https:\/\/zoosalis.lv\/brit-care-grain-free-sensitive-venison-sausas-maistas-sunims-su-elniena-3kg-12kg\/","url":"https:\/\/zoosalis.lv\/brit-care-grain-free-sensitive-venison-sausas-maistas-sunims-su-elniena-3kg-12kg\/","name":"Brit Care Grain-free Sensitive Venison sausas maistas \u0161unims su elniena 3kg. - 12kg. | Dz\u012bvnieku produkti","isPartOf":{"@id":"https:\/\/zoosalis.lv\/#website"},"primaryImageOfPage":{"@id":"https:\/\/zoosalis.lv\/brit-care-grain-free-sensitive-venison-sausas-maistas-sunims-su-elniena-3kg-12kg\/#primaryimage"},"image":{"@id":"https:\/\/zoosalis.lv\/brit-care-grain-free-sensitive-venison-sausas-maistas-sunims-su-elniena-3kg-12kg\/#primaryimage"},"thumbnailUrl":"https:\/\/zoosalis.lv\/wp-content\/uploads\/2025\/04\/Brit_Care_Grain_Free_Sensitive_Venison_Potato_sausas_maistas.png","datePublished":"2025-04-07T16:34:25+00:00","dateModified":"2025-04-11T14:20:49+00:00","breadcrumb":{"@id":"https:\/\/zoosalis.lv\/brit-care-grain-free-sensitive-venison-sausas-maistas-sunims-su-elniena-3kg-12kg\/#breadcrumb"},"inLanguage":"lt-LT","potentialAction":[{"@type":"ReadAction","target":["https:\/\/zoosalis.lv\/brit-care-grain-free-sensitive-venison-sausas-maistas-sunims-su-elniena-3kg-12kg\/"]}]},{"@type":"ImageObject","inLanguage":"lt-LT","@id":"https:\/\/zoosalis.lv\/brit-care-grain-free-sensitive-venison-sausas-maistas-sunims-su-elniena-3kg-12kg\/#primaryimage","url":"https:\/\/zoosalis.lv\/wp-content\/uploads\/2025\/04\/Brit_Care_Grain_Free_Sensitive_Venison_Potato_sausas_maistas.png","contentUrl":"https:\/\/zoosalis.lv\/wp-content\/uploads\/2025\/04\/Brit_Care_Grain_Free_Sensitive_Venison_Potato_sausas_maistas.png","width":600,"height":523},{"@type":"BreadcrumbList","@id":"https:\/\/zoosalis.lv\/brit-care-grain-free-sensitive-venison-sausas-maistas-sunims-su-elniena-3kg-12kg\/#breadcrumb","itemListElement":[{"@type":"ListItem","position":1,"name":"Home","item":"https:\/\/zoosalis.lv\/"},{"@type":"ListItem","position":2,"name":"Parduotuv\u0117","item":"https:\/\/zoosalis.lv\/parduotuve\/"},{"@type":"ListItem","position":3,"name":"Brit Care Grain-free Sensitive Venison sausas maistas \u0161unims su elniena 3kg. &#8211; 12kg."}]},{"@type":"WebSite","@id":"https:\/\/zoosalis.lv\/#website","url":"https:\/\/zoosalis.lv\/","name":"Dz\u012bvnieku produkti","description":"zoo\u0161alis.lt","publisher":{"@id":"https:\/\/zoosalis.lv\/#organization"},"potentialAction":[{"@type":"SearchAction","target":{"@type":"EntryPoint","urlTemplate":"https:\/\/zoosalis.lv\/?s={search_term_string}"},"query-input":{"@type":"PropertyValueSpecification","valueRequired":true,"valueName":"search_term_string"}}],"inLanguage":"lt-LT"},{"@type":"Organization","@id":"https:\/\/zoosalis.lv\/#organization","name":"Zoo\u0161alis.lt","url":"https:\/\/zoosalis.lv\/","logo":{"@type":"ImageObject","inLanguage":"lt-LT","@id":"https:\/\/zoosalis.lv\/#\/schema\/logo\/image\/","url":"https:\/\/zoosalis.lv\/wp-content\/uploads\/2024\/02\/Group-62.png","contentUrl":"https:\/\/zoosalis.lv\/wp-content\/uploads\/2024\/02\/Group-62.png","width":1537,"height":337,"caption":"Zoo\u0161alis.lt"},"image":{"@id":"https:\/\/zoosalis.lv\/#\/schema\/logo\/image\/"},"sameAs":["https:\/\/www.facebook.com\/zooprekesjums\/"]}]}},"_links":{"self":[{"href":"https:\/\/zoosalis.lv\/lt\/wp-json\/wp\/v2\/product\/21626"}],"collection":[{"href":"https:\/\/zoosalis.lv\/lt\/wp-json\/wp\/v2\/product"}],"about":[{"href":"https:\/\/zoosalis.lv\/lt\/wp-json\/wp\/v2\/types\/product"}],"replies":[{"embeddable":true,"href":"https:\/\/zoosalis.lv\/lt\/wp-json\/wp\/v2\/comments?post=21626"}],"wp:featuredmedia":[{"embeddable":true,"href":"https:\/\/zoosalis.lv\/lt\/wp-json\/wp\/v2\/media\/21275"}],"wp:attachment":[{"href":"https:\/\/zoosalis.lv\/lt\/wp-json\/wp\/v2\/media?parent=21626"}],"wp:term":[{"taxonomy":"product_brand","embeddable":true,"href":"https:\/\/zoosalis.lv\/lt\/wp-json\/wp\/v2\/product_brand?post=21626"},{"taxonomy":"product_cat","embeddable":true,"href":"https:\/\/zoosalis.lv\/lt\/wp-json\/wp\/v2\/product_cat?post=21626"},{"taxonomy":"product_tag","embeddable":true,"href":"https:\/\/zoosalis.lv\/lt\/wp-json\/wp\/v2\/product_tag?post=21626"}],"curies":[{"name":"wp","href":"https:\/\/api.w.org\/{rel}","templated":true}]}}