{"id":21821,"date":"2025-04-07T16:34:40","date_gmt":"2025-04-07T16:34:40","guid":{"rendered":"https:\/\/zoosalis.lv\/?post_type=product&#038;p=21821"},"modified":"2025-04-11T14:17:52","modified_gmt":"2025-04-11T14:17:52","slug":"dr-clauders-sensitive-junior-jauniems-sunims-su-lasisa-ir-ryziais-4-20-kg","status":"publish","type":"product","link":"https:\/\/zoosalis.lv\/lt\/dr-clauders-sensitive-junior-jauniems-sunims-su-lasisa-ir-ryziais-4-20-kg\/","title":{"rendered":"DR. CLAUDER\u2019S SENSITIVE JUNIOR JAUNIEMS \u0160UNIMS SU LA\u0160I\u0160A IR RY\u017dIAIS 4 &#8211; 20 kg"},"content":{"rendered":"<ul class=\"wp-block-list\"><li>Lengvai vir\u0161kinamas<\/li>\n\n<li>Vienas augalinis ir gyv\u016bnininis baltym\u0173 \u0161altinis, tod\u0117l alergij\u0173 rizika minimali<\/li>\n\n<li>Sud\u0117tyje yra mananoligosacharid\u0173, fruktooligosacharid\u0173 ir mieli\u0173 beta-gliukan\u0173 kompleksas<\/li>\n\n<li>Teigiamai veikia jaun\u0173 \u0161un\u0173 jautri\u0105 \u017earnyno mikroflor\u0105<\/li>\n\n<li>Stiprina imunin\u0119 sistem\u0105 ir leid\u017eia j\u016bs\u0173 augintiniui augti sveikam ir stipriam<\/li><\/ul><p><strong>Sud\u0117tis:<\/strong>&nbsp;Ry\u017eiai 32%, d\u017eiovinti la\u0161i\u0161os baltymai 22% (Omega3: 1,2%\/Omega6: 2.5%), pauk\u0161tienos riebalai, kukur\u016bzai, kukur\u016bz\u0173 baltymai, cukrini\u0173 runkeli\u0173 grie\u017ein\u0117liai (suma\u017eintas cukraus kiekis), hidrolizuoti pauk\u0161tienos baltymai, cikorij\u0173 milteliai (FOS 1%), miel\u0117s, celiulioz\u0117, krekenos (0,3%), kalcio karbonatas, kiau\u0161ini\u0173 milteliai, mono \u2013 kalcio fosfatas, natrio chloridas.<\/p><p><strong>Analitin\u0117 sud\u0117tis:<\/strong>&nbsp;\u017dali baltymai 27%, \u017eali riebalai 16%, \u017ealia l\u0105steliena 2%, \u017eali pelenai 6,2%, 1% kalcio, 0,85% fosforo, 0,1% magnio.<\/p><p><strong>Maistiniai priedai:<\/strong>&nbsp;Vitaminas A: 15.000 TV, D3: 1.200 TV, E: 250mg, B1: 10mg, B2: 10mg, B6: 5mg, C: 70mg, Biotinas 650mcg, folio r\u016bg\u0161tis 3mg, nikotino r\u016bg\u0161tis 70 mg, pantoteno r\u016bg\u0161tis 25 mg, cholino chloridas 1.450 mg, cinkas 90 mg, cinkas (hidratas) 45 mg, jodas 2 mg, varis (kaip vario sulfatas) 10 mg, seleno (kaiip natrio selenitas) 0,2 mg.<\/p><p>Pakuot\u0117s dyd\u017eiai: 350g, 4kg, 12,5kg<\/p>","protected":false},"excerpt":{"rendered":"<p>Subalansuotas sausas maistas jauniems ir augantiems \u0161unims. Puikiai tinka jautriems maistui ar neturintiems apetito. Palaiko optimal\u0173 vir\u0161kinim\u0105, suma\u017eintas alergen\u0173 kiekis, nes naudojamas tik vieno gyv\u016bninio ir augalinio \u0161altinio baltymas.<\/p>\n","protected":false},"featured_media":19996,"comment_status":"open","ping_status":"closed","template":"","meta":{"_acf_changed":false,"_monsterinsights_skip_tracking":false,"_monsterinsights_sitenote_active":false,"_monsterinsights_sitenote_note":"","_monsterinsights_sitenote_category":0},"product_brand":[],"product_cat":[879],"product_tag":[],"class_list":{"0":"post-21821","1":"product","2":"type-product","3":"status-publish","4":"has-post-thumbnail","6":"product_cat-sausas-maistas-sunims","8":"first","9":"instock","10":"shipping-taxable","11":"purchasable","12":"product-type-variable"},"acf":[],"aioseo_notices":[],"yoast_head":"<!-- This site is optimized with the Yoast SEO plugin v24.8.1 - https:\/\/yoast.com\/wordpress\/plugins\/seo\/ -->\n<title>DR. CLAUDER\u2019S SENSITIVE JUNIOR JAUNIEMS \u0160UNIMS SU LA\u0160I\u0160A IR RY\u017dIAIS 4 - 20 kg | Dz\u012bvnieku produkti<\/title>\n<meta name=\"robots\" content=\"index, follow, max-snippet:-1, max-image-preview:large, max-video-preview:-1\" \/>\n<link rel=\"canonical\" href=\"https:\/\/zoosalis.lv\/lt\/dr-clauders-sensitive-junior-jauniems-sunims-su-lasisa-ir-ryziais-4-20-kg\/\" \/>\n<meta property=\"og:locale\" content=\"lt_LT\" \/>\n<meta property=\"og:type\" content=\"article\" \/>\n<meta property=\"og:title\" content=\"DR. CLAUDER\u2019S SENSITIVE JUNIOR JAUNIEMS \u0160UNIMS SU LA\u0160I\u0160A IR RY\u017dIAIS 4 - 20 kg | Dz\u012bvnieku produkti\" \/>\n<meta property=\"og:description\" content=\"Subalansuotas sausas maistas jauniems ir augantiems \u0161unims. Puikiai tinka jautriems maistui ar neturintiems apetito. Palaiko optimal\u0173 vir\u0161kinim\u0105, suma\u017eintas alergen\u0173 kiekis, nes naudojamas tik vieno gyv\u016bninio ir augalinio \u0161altinio baltymas.\" \/>\n<meta property=\"og:url\" content=\"https:\/\/zoosalis.lv\/lt\/dr-clauders-sensitive-junior-jauniems-sunims-su-lasisa-ir-ryziais-4-20-kg\/\" \/>\n<meta property=\"og:site_name\" content=\"Dz\u012bvnieku produkti\" \/>\n<meta property=\"article:publisher\" content=\"https:\/\/www.facebook.com\/zooprekesjums\/\" \/>\n<meta property=\"article:modified_time\" content=\"2025-04-11T14:17:52+00:00\" \/>\n<meta property=\"og:image\" content=\"https:\/\/zoosalis.lv\/wp-content\/uploads\/2025\/04\/3.jpg\" \/>\n\t<meta property=\"og:image:width\" content=\"400\" \/>\n\t<meta property=\"og:image:height\" content=\"600\" \/>\n\t<meta property=\"og:image:type\" content=\"image\/jpeg\" \/>\n<meta name=\"twitter:card\" content=\"summary_large_image\" \/>\n<meta name=\"twitter:label1\" content=\"Est. reading time\" \/>\n\t<meta name=\"twitter:data1\" content=\"1 minut\u0117\" \/>\n<script type=\"application\/ld+json\" class=\"yoast-schema-graph\">{\"@context\":\"https:\/\/schema.org\",\"@graph\":[{\"@type\":\"WebPage\",\"@id\":\"https:\/\/zoosalis.lv\/dr-clauders-sensitive-junior-jauniems-sunims-su-lasisa-ir-ryziais-4-20-kg\/\",\"url\":\"https:\/\/zoosalis.lv\/dr-clauders-sensitive-junior-jauniems-sunims-su-lasisa-ir-ryziais-4-20-kg\/\",\"name\":\"DR. CLAUDER\u2019S SENSITIVE JUNIOR JAUNIEMS \u0160UNIMS SU LA\u0160I\u0160A IR RY\u017dIAIS 4 - 20 kg | Dz\u012bvnieku produkti\",\"isPartOf\":{\"@id\":\"https:\/\/zoosalis.lv\/#website\"},\"primaryImageOfPage\":{\"@id\":\"https:\/\/zoosalis.lv\/dr-clauders-sensitive-junior-jauniems-sunims-su-lasisa-ir-ryziais-4-20-kg\/#primaryimage\"},\"image\":{\"@id\":\"https:\/\/zoosalis.lv\/dr-clauders-sensitive-junior-jauniems-sunims-su-lasisa-ir-ryziais-4-20-kg\/#primaryimage\"},\"thumbnailUrl\":\"https:\/\/zoosalis.lv\/wp-content\/uploads\/2025\/04\/3.jpg\",\"datePublished\":\"2025-04-07T16:34:40+00:00\",\"dateModified\":\"2025-04-11T14:17:52+00:00\",\"breadcrumb\":{\"@id\":\"https:\/\/zoosalis.lv\/dr-clauders-sensitive-junior-jauniems-sunims-su-lasisa-ir-ryziais-4-20-kg\/#breadcrumb\"},\"inLanguage\":\"lt-LT\",\"potentialAction\":[{\"@type\":\"ReadAction\",\"target\":[\"https:\/\/zoosalis.lv\/dr-clauders-sensitive-junior-jauniems-sunims-su-lasisa-ir-ryziais-4-20-kg\/\"]}]},{\"@type\":\"ImageObject\",\"inLanguage\":\"lt-LT\",\"@id\":\"https:\/\/zoosalis.lv\/dr-clauders-sensitive-junior-jauniems-sunims-su-lasisa-ir-ryziais-4-20-kg\/#primaryimage\",\"url\":\"https:\/\/zoosalis.lv\/wp-content\/uploads\/2025\/04\/3.jpg\",\"contentUrl\":\"https:\/\/zoosalis.lv\/wp-content\/uploads\/2025\/04\/3.jpg\",\"width\":400,\"height\":600},{\"@type\":\"BreadcrumbList\",\"@id\":\"https:\/\/zoosalis.lv\/dr-clauders-sensitive-junior-jauniems-sunims-su-lasisa-ir-ryziais-4-20-kg\/#breadcrumb\",\"itemListElement\":[{\"@type\":\"ListItem\",\"position\":1,\"name\":\"Home\",\"item\":\"https:\/\/zoosalis.lv\/\"},{\"@type\":\"ListItem\",\"position\":2,\"name\":\"Parduotuv\u0117\",\"item\":\"https:\/\/zoosalis.lv\/parduotuve\/\"},{\"@type\":\"ListItem\",\"position\":3,\"name\":\"DR. CLAUDER\u2019S SENSITIVE JUNIOR JAUNIEMS \u0160UNIMS SU LA\u0160I\u0160A IR RY\u017dIAIS 4 &#8211; 20 kg\"}]},{\"@type\":\"WebSite\",\"@id\":\"https:\/\/zoosalis.lv\/#website\",\"url\":\"https:\/\/zoosalis.lv\/\",\"name\":\"Dz\u012bvnieku produkti\",\"description\":\"zoo\u0161alis.lt\",\"publisher\":{\"@id\":\"https:\/\/zoosalis.lv\/#organization\"},\"potentialAction\":[{\"@type\":\"SearchAction\",\"target\":{\"@type\":\"EntryPoint\",\"urlTemplate\":\"https:\/\/zoosalis.lv\/?s={search_term_string}\"},\"query-input\":{\"@type\":\"PropertyValueSpecification\",\"valueRequired\":true,\"valueName\":\"search_term_string\"}}],\"inLanguage\":\"lt-LT\"},{\"@type\":\"Organization\",\"@id\":\"https:\/\/zoosalis.lv\/#organization\",\"name\":\"Zoo\u0161alis.lt\",\"url\":\"https:\/\/zoosalis.lv\/\",\"logo\":{\"@type\":\"ImageObject\",\"inLanguage\":\"lt-LT\",\"@id\":\"https:\/\/zoosalis.lv\/#\/schema\/logo\/image\/\",\"url\":\"https:\/\/zoosalis.lv\/wp-content\/uploads\/2024\/02\/Group-62.png\",\"contentUrl\":\"https:\/\/zoosalis.lv\/wp-content\/uploads\/2024\/02\/Group-62.png\",\"width\":1537,\"height\":337,\"caption\":\"Zoo\u0161alis.lt\"},\"image\":{\"@id\":\"https:\/\/zoosalis.lv\/#\/schema\/logo\/image\/\"},\"sameAs\":[\"https:\/\/www.facebook.com\/zooprekesjums\/\"]}]}<\/script>\n<!-- \/ Yoast SEO plugin. -->","yoast_head_json":{"title":"DR. CLAUDER\u2019S SENSITIVE JUNIOR JAUNIEMS \u0160UNIMS SU LA\u0160I\u0160A IR RY\u017dIAIS 4 - 20 kg | Dz\u012bvnieku produkti","robots":{"index":"index","follow":"follow","max-snippet":"max-snippet:-1","max-image-preview":"max-image-preview:large","max-video-preview":"max-video-preview:-1"},"canonical":"https:\/\/zoosalis.lv\/lt\/dr-clauders-sensitive-junior-jauniems-sunims-su-lasisa-ir-ryziais-4-20-kg\/","og_locale":"lt_LT","og_type":"article","og_title":"DR. CLAUDER\u2019S SENSITIVE JUNIOR JAUNIEMS \u0160UNIMS SU LA\u0160I\u0160A IR RY\u017dIAIS 4 - 20 kg | Dz\u012bvnieku produkti","og_description":"Subalansuotas sausas maistas jauniems ir augantiems \u0161unims. Puikiai tinka jautriems maistui ar neturintiems apetito. Palaiko optimal\u0173 vir\u0161kinim\u0105, suma\u017eintas alergen\u0173 kiekis, nes naudojamas tik vieno gyv\u016bninio ir augalinio \u0161altinio baltymas.","og_url":"https:\/\/zoosalis.lv\/lt\/dr-clauders-sensitive-junior-jauniems-sunims-su-lasisa-ir-ryziais-4-20-kg\/","og_site_name":"Dz\u012bvnieku produkti","article_publisher":"https:\/\/www.facebook.com\/zooprekesjums\/","article_modified_time":"2025-04-11T14:17:52+00:00","og_image":[{"width":400,"height":600,"url":"https:\/\/zoosalis.lv\/wp-content\/uploads\/2025\/04\/3.jpg","type":"image\/jpeg"}],"twitter_card":"summary_large_image","twitter_misc":{"Est. reading time":"1 minut\u0117"},"schema":{"@context":"https:\/\/schema.org","@graph":[{"@type":"WebPage","@id":"https:\/\/zoosalis.lv\/dr-clauders-sensitive-junior-jauniems-sunims-su-lasisa-ir-ryziais-4-20-kg\/","url":"https:\/\/zoosalis.lv\/dr-clauders-sensitive-junior-jauniems-sunims-su-lasisa-ir-ryziais-4-20-kg\/","name":"DR. CLAUDER\u2019S SENSITIVE JUNIOR JAUNIEMS \u0160UNIMS SU LA\u0160I\u0160A IR RY\u017dIAIS 4 - 20 kg | Dz\u012bvnieku produkti","isPartOf":{"@id":"https:\/\/zoosalis.lv\/#website"},"primaryImageOfPage":{"@id":"https:\/\/zoosalis.lv\/dr-clauders-sensitive-junior-jauniems-sunims-su-lasisa-ir-ryziais-4-20-kg\/#primaryimage"},"image":{"@id":"https:\/\/zoosalis.lv\/dr-clauders-sensitive-junior-jauniems-sunims-su-lasisa-ir-ryziais-4-20-kg\/#primaryimage"},"thumbnailUrl":"https:\/\/zoosalis.lv\/wp-content\/uploads\/2025\/04\/3.jpg","datePublished":"2025-04-07T16:34:40+00:00","dateModified":"2025-04-11T14:17:52+00:00","breadcrumb":{"@id":"https:\/\/zoosalis.lv\/dr-clauders-sensitive-junior-jauniems-sunims-su-lasisa-ir-ryziais-4-20-kg\/#breadcrumb"},"inLanguage":"lt-LT","potentialAction":[{"@type":"ReadAction","target":["https:\/\/zoosalis.lv\/dr-clauders-sensitive-junior-jauniems-sunims-su-lasisa-ir-ryziais-4-20-kg\/"]}]},{"@type":"ImageObject","inLanguage":"lt-LT","@id":"https:\/\/zoosalis.lv\/dr-clauders-sensitive-junior-jauniems-sunims-su-lasisa-ir-ryziais-4-20-kg\/#primaryimage","url":"https:\/\/zoosalis.lv\/wp-content\/uploads\/2025\/04\/3.jpg","contentUrl":"https:\/\/zoosalis.lv\/wp-content\/uploads\/2025\/04\/3.jpg","width":400,"height":600},{"@type":"BreadcrumbList","@id":"https:\/\/zoosalis.lv\/dr-clauders-sensitive-junior-jauniems-sunims-su-lasisa-ir-ryziais-4-20-kg\/#breadcrumb","itemListElement":[{"@type":"ListItem","position":1,"name":"Home","item":"https:\/\/zoosalis.lv\/"},{"@type":"ListItem","position":2,"name":"Parduotuv\u0117","item":"https:\/\/zoosalis.lv\/parduotuve\/"},{"@type":"ListItem","position":3,"name":"DR. CLAUDER\u2019S SENSITIVE JUNIOR JAUNIEMS \u0160UNIMS SU LA\u0160I\u0160A IR RY\u017dIAIS 4 &#8211; 20 kg"}]},{"@type":"WebSite","@id":"https:\/\/zoosalis.lv\/#website","url":"https:\/\/zoosalis.lv\/","name":"Dz\u012bvnieku produkti","description":"zoo\u0161alis.lt","publisher":{"@id":"https:\/\/zoosalis.lv\/#organization"},"potentialAction":[{"@type":"SearchAction","target":{"@type":"EntryPoint","urlTemplate":"https:\/\/zoosalis.lv\/?s={search_term_string}"},"query-input":{"@type":"PropertyValueSpecification","valueRequired":true,"valueName":"search_term_string"}}],"inLanguage":"lt-LT"},{"@type":"Organization","@id":"https:\/\/zoosalis.lv\/#organization","name":"Zoo\u0161alis.lt","url":"https:\/\/zoosalis.lv\/","logo":{"@type":"ImageObject","inLanguage":"lt-LT","@id":"https:\/\/zoosalis.lv\/#\/schema\/logo\/image\/","url":"https:\/\/zoosalis.lv\/wp-content\/uploads\/2024\/02\/Group-62.png","contentUrl":"https:\/\/zoosalis.lv\/wp-content\/uploads\/2024\/02\/Group-62.png","width":1537,"height":337,"caption":"Zoo\u0161alis.lt"},"image":{"@id":"https:\/\/zoosalis.lv\/#\/schema\/logo\/image\/"},"sameAs":["https:\/\/www.facebook.com\/zooprekesjums\/"]}]}},"_links":{"self":[{"href":"https:\/\/zoosalis.lv\/lt\/wp-json\/wp\/v2\/product\/21821"}],"collection":[{"href":"https:\/\/zoosalis.lv\/lt\/wp-json\/wp\/v2\/product"}],"about":[{"href":"https:\/\/zoosalis.lv\/lt\/wp-json\/wp\/v2\/types\/product"}],"replies":[{"embeddable":true,"href":"https:\/\/zoosalis.lv\/lt\/wp-json\/wp\/v2\/comments?post=21821"}],"wp:featuredmedia":[{"embeddable":true,"href":"https:\/\/zoosalis.lv\/lt\/wp-json\/wp\/v2\/media\/19996"}],"wp:attachment":[{"href":"https:\/\/zoosalis.lv\/lt\/wp-json\/wp\/v2\/media?parent=21821"}],"wp:term":[{"taxonomy":"product_brand","embeddable":true,"href":"https:\/\/zoosalis.lv\/lt\/wp-json\/wp\/v2\/product_brand?post=21821"},{"taxonomy":"product_cat","embeddable":true,"href":"https:\/\/zoosalis.lv\/lt\/wp-json\/wp\/v2\/product_cat?post=21821"},{"taxonomy":"product_tag","embeddable":true,"href":"https:\/\/zoosalis.lv\/lt\/wp-json\/wp\/v2\/product_tag?post=21821"}],"curies":[{"name":"wp","href":"https:\/\/api.w.org\/{rel}","templated":true}]}}