{"id":21823,"date":"2025-04-07T16:34:40","date_gmt":"2025-04-07T16:34:40","guid":{"rendered":"https:\/\/zoosalis.lv\/?post_type=product&#038;p=21823"},"modified":"2025-04-11T14:17:52","modified_gmt":"2025-04-11T14:17:52","slug":"dr-clauders-hyposensitive-su-antiena-35-115-kg","status":"publish","type":"product","link":"https:\/\/zoosalis.lv\/lt\/dr-clauders-hyposensitive-su-antiena-35-115-kg\/","title":{"rendered":"DR. CLAUDER\u2019S HYPOSENSITIVE SU ANTIENA 3,5 &#8211; 11,5 kg"},"content":{"rendered":"<p><span style=\"color: rgb(131, 131, 131); font-family: Outfit, sans-serif; font-size: 14px; letter-spacing: 0.28px; white-space-collapse: collapse;\">Dr. Clauder\u2019s\u00a0 HypoSensitive\u00a0Duck&amp;Potato\u00a0\u0161un\u0173 maistas su antiena ir bulv\u0117mis suaugusiems \u0161unims, kurie yra\u00a0 jautr\u016bs maistui ir turi suma\u017e\u0117jus\u012f apetit\u0105. Dr. Clauder\u2019s\u00a0 Hypo Sensitive Duck&amp;Potato \u0161un\u0173 maistas su antiena ir bulv\u0117mis suaugusiems \u0161unims, kurie yra\u00a0 jautr\u016bs maistui ir turi suma\u017e\u0117jus\u012f apetit\u0105:<\/span><ul style=\"-webkit-font-smoothing: antialiased; -webkit-tap-highlight-color: rgba(0, 0, 0, 0); list-style-image: var(--li-image); list-style-type: none; padding: 0px 0px 0px 30px; margin: 0px 0px 1.5em; color: rgb(131, 131, 131); font-family: Outfit, sans-serif; font-size: 14px; letter-spacing: 0.28px; white-space-collapse: collapse;\"><li style=\"box-sizing: border-box; -webkit-font-smoothing: antialiased; -webkit-tap-highlight-color: rgba(0, 0, 0, 0); margin-bottom: 5px; padding-left: 5px; position: relative;\">mono baltym\u0173 m\u0117sos \u0161altinis: antisbegr\u016bd\u017eiaiapsaugo nuo sunkiai \u012fsisavinam\u0173 baltym\u0173reguliuoja \u017earnyno veikl\u0105subalansuotas baltym\u0173 ir energijos santykispadidina kailio blizges\u012f<\/li><span style=\"box-sizing: border-box; -webkit-font-smoothing: antialiased; -webkit-tap-highlight-color: rgba(0, 0, 0, 0);\">SUD\u0116TIS:<\/span>bulvi\u0173 miltai (50%), an\u010di\u0173 m\u0117sos baltymai (20%), runkeli\u0173 mink\u0161timas (suma\u017eintas cukrus), bulvi\u0173 baltymai, namini\u0173 pauk\u0161\u010di\u0173 taukai, s\u0117menys, hidrolizuoti baltymai, monokalcio fosfatas, \u017euv\u0173 taukai, obuoliai (d\u017eiovinti, 1%), cikorijos\u00a0 milteliai 1%, Dr.Clauder\u2019s Predigests 5 kompleksas (papajos milteliai, frukto oligo sacharidai, spanguoli\u0173 sultys, ananas\u0173 milteliai, mieli\u0173 beta-clucan, kanapi\u0173 miltai, spirulino milteliai) (0,75%), miel\u0117s (d\u017eiovintos, \u012fskaitant 0,05% gliukanas), natrio chloridas,<span style=\"box-sizing: border-box; -webkit-font-smoothing: antialiased; -webkit-tap-highlight-color: rgba(0, 0, 0, 0);\">Analitin\u0117s sudedamosios dalys:<\/span>\u017dali baltymai 21%, \u017dali riebalai 10%, \u017dalia l\u0105steliena 2,7%, \u017dali pelenai 6,2%, Kalcio 1,2%, Fosforo 0,9%<span style=\"box-sizing: border-box; -webkit-font-smoothing: antialiased; -webkit-tap-highlight-color: rgba(0, 0, 0, 0);\">Maistiniai priedai:<\/span>Vitaminas A: 13,500 IE, D3: 1,350 IE, E: 400 mg, B1: 3 mg, B2: 6 mg, B6: 2 mg, B12: 45 mikrogramai, C: 100 mg, Biotinas 200 mg, 1 mg folat\u0173, 20 mg nikotino r\u016bg\u0161ties, 18 mg pantoteno r\u016bg\u0161ties, cholino chloridas 1,450 mg, varis (kaip vario sulfatas) 11 mg, cinkas (kaip cinko sulfato monohidratas) 77 mg, jodas (bevandenis kalcio jodidas) 2,7 mg, selenas (natrio selenitas) 0,2 mg.<span style=\"box-sizing: border-box; -webkit-font-smoothing: antialiased; -webkit-tap-highlight-color: rgba(0, 0, 0, 0);\">Rekomenduojamas maitinimas:<\/span>K\u016bno svoris:\u00a0 \u00a0 \u00a02,5-5 kg\u00a0 \u00a05-7,5 kg\u00a0 \u00a07,5-10 kg\u00a0 \u00a010-15 kg\u00a0 \u00a015-25 kg\u00a0 \u00a0 \u00a025- 40 kg\u00a0 \u00a040-60 kgg \/ diena:\u00a0 \u00a0 \u00a0 \u00a0 \u00a0 55-95\u00a0 \u00a0 \u00a0 \u00a095-125\u00a0 \u00a0 \u00a0125-160\u00a0 \u00a0 \u00a0160 -215\u00a0 \u00a0 215 -315\u00a0 \u00a0 315 -445\u00a0 \u00a0445-605<\/ul><\/p>","protected":false},"excerpt":{"rendered":"<p>Dr. Clauder\u2019s\u00a0 HypoSensitive Duck&amp;Potato \u0161un\u0173 maistas su antiena ir bulv\u0117mis suaugusiems \u0161unims, kurie yra\u00a0 jautr\u016bs maistui ir turi suma\u017e\u0117jus\u012f apetit\u0105. Dr. Clauder\u2019s\u00a0 Hypo Sensitive Duck&amp;Potato \u0161un\u0173 maistas su antiena ir bulv\u0117mis suaugusiems \u0161unims, kurie yra\u00a0 jautr\u016bs maistui ir turi suma\u017e\u0117jus\u012f apetit\u0105.<\/p>\n","protected":false},"featured_media":19995,"comment_status":"open","ping_status":"closed","template":"","meta":{"_acf_changed":false,"_monsterinsights_skip_tracking":false,"_monsterinsights_sitenote_active":false,"_monsterinsights_sitenote_note":"","_monsterinsights_sitenote_category":0},"product_brand":[],"product_cat":[879],"product_tag":[],"class_list":{"0":"post-21823","1":"product","2":"type-product","3":"status-publish","4":"has-post-thumbnail","6":"product_cat-sausas-maistas-sunims","8":"first","9":"instock","10":"shipping-taxable","11":"purchasable","12":"product-type-variable"},"acf":[],"aioseo_notices":[],"yoast_head":"<!-- This site is optimized with the Yoast SEO plugin v24.8.1 - https:\/\/yoast.com\/wordpress\/plugins\/seo\/ -->\n<title>DR. CLAUDER\u2019S HYPOSENSITIVE SU ANTIENA 3,5 - 11,5 kg | Dz\u012bvnieku produkti<\/title>\n<meta name=\"robots\" content=\"index, follow, max-snippet:-1, max-image-preview:large, max-video-preview:-1\" \/>\n<link rel=\"canonical\" href=\"https:\/\/zoosalis.lv\/lt\/dr-clauders-hyposensitive-su-antiena-35-115-kg\/\" \/>\n<meta property=\"og:locale\" content=\"lt_LT\" \/>\n<meta property=\"og:type\" content=\"article\" \/>\n<meta property=\"og:title\" content=\"DR. CLAUDER\u2019S HYPOSENSITIVE SU ANTIENA 3,5 - 11,5 kg | Dz\u012bvnieku produkti\" \/>\n<meta property=\"og:description\" content=\"Dr. Clauder\u2019s\u00a0 HypoSensitive Duck&amp;Potato \u0161un\u0173 maistas su antiena ir bulv\u0117mis suaugusiems \u0161unims, kurie yra\u00a0 jautr\u016bs maistui ir turi suma\u017e\u0117jus\u012f apetit\u0105. Dr. Clauder\u2019s\u00a0 Hypo Sensitive Duck&amp;Potato \u0161un\u0173 maistas su antiena ir bulv\u0117mis suaugusiems \u0161unims, kurie yra\u00a0 jautr\u016bs maistui ir turi suma\u017e\u0117jus\u012f apetit\u0105.\" \/>\n<meta property=\"og:url\" content=\"https:\/\/zoosalis.lv\/lt\/dr-clauders-hyposensitive-su-antiena-35-115-kg\/\" \/>\n<meta property=\"og:site_name\" content=\"Dz\u012bvnieku produkti\" \/>\n<meta property=\"article:publisher\" content=\"https:\/\/www.facebook.com\/zooprekesjums\/\" \/>\n<meta property=\"article:modified_time\" content=\"2025-04-11T14:17:52+00:00\" \/>\n<meta property=\"og:image\" content=\"https:\/\/zoosalis.lv\/wp-content\/uploads\/2025\/04\/Dr.Clauders-hyposensitive-su-antiena.jpg\" \/>\n\t<meta property=\"og:image:width\" content=\"400\" \/>\n\t<meta property=\"og:image:height\" content=\"600\" \/>\n\t<meta property=\"og:image:type\" content=\"image\/jpeg\" \/>\n<meta name=\"twitter:card\" content=\"summary_large_image\" \/>\n<meta name=\"twitter:label1\" content=\"Est. reading time\" \/>\n\t<meta name=\"twitter:data1\" content=\"1 minut\u0117\" \/>\n<script type=\"application\/ld+json\" class=\"yoast-schema-graph\">{\"@context\":\"https:\/\/schema.org\",\"@graph\":[{\"@type\":\"WebPage\",\"@id\":\"https:\/\/zoosalis.lv\/dr-clauders-hyposensitive-su-antiena-35-115-kg\/\",\"url\":\"https:\/\/zoosalis.lv\/dr-clauders-hyposensitive-su-antiena-35-115-kg\/\",\"name\":\"DR. CLAUDER\u2019S HYPOSENSITIVE SU ANTIENA 3,5 - 11,5 kg | Dz\u012bvnieku produkti\",\"isPartOf\":{\"@id\":\"https:\/\/zoosalis.lv\/#website\"},\"primaryImageOfPage\":{\"@id\":\"https:\/\/zoosalis.lv\/dr-clauders-hyposensitive-su-antiena-35-115-kg\/#primaryimage\"},\"image\":{\"@id\":\"https:\/\/zoosalis.lv\/dr-clauders-hyposensitive-su-antiena-35-115-kg\/#primaryimage\"},\"thumbnailUrl\":\"https:\/\/zoosalis.lv\/wp-content\/uploads\/2025\/04\/Dr.Clauders-hyposensitive-su-antiena.jpg\",\"datePublished\":\"2025-04-07T16:34:40+00:00\",\"dateModified\":\"2025-04-11T14:17:52+00:00\",\"breadcrumb\":{\"@id\":\"https:\/\/zoosalis.lv\/dr-clauders-hyposensitive-su-antiena-35-115-kg\/#breadcrumb\"},\"inLanguage\":\"lt-LT\",\"potentialAction\":[{\"@type\":\"ReadAction\",\"target\":[\"https:\/\/zoosalis.lv\/dr-clauders-hyposensitive-su-antiena-35-115-kg\/\"]}]},{\"@type\":\"ImageObject\",\"inLanguage\":\"lt-LT\",\"@id\":\"https:\/\/zoosalis.lv\/dr-clauders-hyposensitive-su-antiena-35-115-kg\/#primaryimage\",\"url\":\"https:\/\/zoosalis.lv\/wp-content\/uploads\/2025\/04\/Dr.Clauders-hyposensitive-su-antiena.jpg\",\"contentUrl\":\"https:\/\/zoosalis.lv\/wp-content\/uploads\/2025\/04\/Dr.Clauders-hyposensitive-su-antiena.jpg\",\"width\":400,\"height\":600},{\"@type\":\"BreadcrumbList\",\"@id\":\"https:\/\/zoosalis.lv\/dr-clauders-hyposensitive-su-antiena-35-115-kg\/#breadcrumb\",\"itemListElement\":[{\"@type\":\"ListItem\",\"position\":1,\"name\":\"Home\",\"item\":\"https:\/\/zoosalis.lv\/\"},{\"@type\":\"ListItem\",\"position\":2,\"name\":\"Parduotuv\u0117\",\"item\":\"https:\/\/zoosalis.lv\/parduotuve\/\"},{\"@type\":\"ListItem\",\"position\":3,\"name\":\"DR. CLAUDER\u2019S HYPOSENSITIVE SU ANTIENA 3,5 &#8211; 11,5 kg\"}]},{\"@type\":\"WebSite\",\"@id\":\"https:\/\/zoosalis.lv\/#website\",\"url\":\"https:\/\/zoosalis.lv\/\",\"name\":\"Dz\u012bvnieku produkti\",\"description\":\"zoo\u0161alis.lt\",\"publisher\":{\"@id\":\"https:\/\/zoosalis.lv\/#organization\"},\"potentialAction\":[{\"@type\":\"SearchAction\",\"target\":{\"@type\":\"EntryPoint\",\"urlTemplate\":\"https:\/\/zoosalis.lv\/?s={search_term_string}\"},\"query-input\":{\"@type\":\"PropertyValueSpecification\",\"valueRequired\":true,\"valueName\":\"search_term_string\"}}],\"inLanguage\":\"lt-LT\"},{\"@type\":\"Organization\",\"@id\":\"https:\/\/zoosalis.lv\/#organization\",\"name\":\"Zoo\u0161alis.lt\",\"url\":\"https:\/\/zoosalis.lv\/\",\"logo\":{\"@type\":\"ImageObject\",\"inLanguage\":\"lt-LT\",\"@id\":\"https:\/\/zoosalis.lv\/#\/schema\/logo\/image\/\",\"url\":\"https:\/\/zoosalis.lv\/wp-content\/uploads\/2024\/02\/Group-62.png\",\"contentUrl\":\"https:\/\/zoosalis.lv\/wp-content\/uploads\/2024\/02\/Group-62.png\",\"width\":1537,\"height\":337,\"caption\":\"Zoo\u0161alis.lt\"},\"image\":{\"@id\":\"https:\/\/zoosalis.lv\/#\/schema\/logo\/image\/\"},\"sameAs\":[\"https:\/\/www.facebook.com\/zooprekesjums\/\"]}]}<\/script>\n<!-- \/ Yoast SEO plugin. -->","yoast_head_json":{"title":"DR. CLAUDER\u2019S HYPOSENSITIVE SU ANTIENA 3,5 - 11,5 kg | Dz\u012bvnieku produkti","robots":{"index":"index","follow":"follow","max-snippet":"max-snippet:-1","max-image-preview":"max-image-preview:large","max-video-preview":"max-video-preview:-1"},"canonical":"https:\/\/zoosalis.lv\/lt\/dr-clauders-hyposensitive-su-antiena-35-115-kg\/","og_locale":"lt_LT","og_type":"article","og_title":"DR. CLAUDER\u2019S HYPOSENSITIVE SU ANTIENA 3,5 - 11,5 kg | Dz\u012bvnieku produkti","og_description":"Dr. Clauder\u2019s\u00a0 HypoSensitive Duck&amp;Potato \u0161un\u0173 maistas su antiena ir bulv\u0117mis suaugusiems \u0161unims, kurie yra\u00a0 jautr\u016bs maistui ir turi suma\u017e\u0117jus\u012f apetit\u0105. Dr. Clauder\u2019s\u00a0 Hypo Sensitive Duck&amp;Potato \u0161un\u0173 maistas su antiena ir bulv\u0117mis suaugusiems \u0161unims, kurie yra\u00a0 jautr\u016bs maistui ir turi suma\u017e\u0117jus\u012f apetit\u0105.","og_url":"https:\/\/zoosalis.lv\/lt\/dr-clauders-hyposensitive-su-antiena-35-115-kg\/","og_site_name":"Dz\u012bvnieku produkti","article_publisher":"https:\/\/www.facebook.com\/zooprekesjums\/","article_modified_time":"2025-04-11T14:17:52+00:00","og_image":[{"width":400,"height":600,"url":"https:\/\/zoosalis.lv\/wp-content\/uploads\/2025\/04\/Dr.Clauders-hyposensitive-su-antiena.jpg","type":"image\/jpeg"}],"twitter_card":"summary_large_image","twitter_misc":{"Est. reading time":"1 minut\u0117"},"schema":{"@context":"https:\/\/schema.org","@graph":[{"@type":"WebPage","@id":"https:\/\/zoosalis.lv\/dr-clauders-hyposensitive-su-antiena-35-115-kg\/","url":"https:\/\/zoosalis.lv\/dr-clauders-hyposensitive-su-antiena-35-115-kg\/","name":"DR. CLAUDER\u2019S HYPOSENSITIVE SU ANTIENA 3,5 - 11,5 kg | Dz\u012bvnieku produkti","isPartOf":{"@id":"https:\/\/zoosalis.lv\/#website"},"primaryImageOfPage":{"@id":"https:\/\/zoosalis.lv\/dr-clauders-hyposensitive-su-antiena-35-115-kg\/#primaryimage"},"image":{"@id":"https:\/\/zoosalis.lv\/dr-clauders-hyposensitive-su-antiena-35-115-kg\/#primaryimage"},"thumbnailUrl":"https:\/\/zoosalis.lv\/wp-content\/uploads\/2025\/04\/Dr.Clauders-hyposensitive-su-antiena.jpg","datePublished":"2025-04-07T16:34:40+00:00","dateModified":"2025-04-11T14:17:52+00:00","breadcrumb":{"@id":"https:\/\/zoosalis.lv\/dr-clauders-hyposensitive-su-antiena-35-115-kg\/#breadcrumb"},"inLanguage":"lt-LT","potentialAction":[{"@type":"ReadAction","target":["https:\/\/zoosalis.lv\/dr-clauders-hyposensitive-su-antiena-35-115-kg\/"]}]},{"@type":"ImageObject","inLanguage":"lt-LT","@id":"https:\/\/zoosalis.lv\/dr-clauders-hyposensitive-su-antiena-35-115-kg\/#primaryimage","url":"https:\/\/zoosalis.lv\/wp-content\/uploads\/2025\/04\/Dr.Clauders-hyposensitive-su-antiena.jpg","contentUrl":"https:\/\/zoosalis.lv\/wp-content\/uploads\/2025\/04\/Dr.Clauders-hyposensitive-su-antiena.jpg","width":400,"height":600},{"@type":"BreadcrumbList","@id":"https:\/\/zoosalis.lv\/dr-clauders-hyposensitive-su-antiena-35-115-kg\/#breadcrumb","itemListElement":[{"@type":"ListItem","position":1,"name":"Home","item":"https:\/\/zoosalis.lv\/"},{"@type":"ListItem","position":2,"name":"Parduotuv\u0117","item":"https:\/\/zoosalis.lv\/parduotuve\/"},{"@type":"ListItem","position":3,"name":"DR. CLAUDER\u2019S HYPOSENSITIVE SU ANTIENA 3,5 &#8211; 11,5 kg"}]},{"@type":"WebSite","@id":"https:\/\/zoosalis.lv\/#website","url":"https:\/\/zoosalis.lv\/","name":"Dz\u012bvnieku produkti","description":"zoo\u0161alis.lt","publisher":{"@id":"https:\/\/zoosalis.lv\/#organization"},"potentialAction":[{"@type":"SearchAction","target":{"@type":"EntryPoint","urlTemplate":"https:\/\/zoosalis.lv\/?s={search_term_string}"},"query-input":{"@type":"PropertyValueSpecification","valueRequired":true,"valueName":"search_term_string"}}],"inLanguage":"lt-LT"},{"@type":"Organization","@id":"https:\/\/zoosalis.lv\/#organization","name":"Zoo\u0161alis.lt","url":"https:\/\/zoosalis.lv\/","logo":{"@type":"ImageObject","inLanguage":"lt-LT","@id":"https:\/\/zoosalis.lv\/#\/schema\/logo\/image\/","url":"https:\/\/zoosalis.lv\/wp-content\/uploads\/2024\/02\/Group-62.png","contentUrl":"https:\/\/zoosalis.lv\/wp-content\/uploads\/2024\/02\/Group-62.png","width":1537,"height":337,"caption":"Zoo\u0161alis.lt"},"image":{"@id":"https:\/\/zoosalis.lv\/#\/schema\/logo\/image\/"},"sameAs":["https:\/\/www.facebook.com\/zooprekesjums\/"]}]}},"_links":{"self":[{"href":"https:\/\/zoosalis.lv\/lt\/wp-json\/wp\/v2\/product\/21823"}],"collection":[{"href":"https:\/\/zoosalis.lv\/lt\/wp-json\/wp\/v2\/product"}],"about":[{"href":"https:\/\/zoosalis.lv\/lt\/wp-json\/wp\/v2\/types\/product"}],"replies":[{"embeddable":true,"href":"https:\/\/zoosalis.lv\/lt\/wp-json\/wp\/v2\/comments?post=21823"}],"wp:featuredmedia":[{"embeddable":true,"href":"https:\/\/zoosalis.lv\/lt\/wp-json\/wp\/v2\/media\/19995"}],"wp:attachment":[{"href":"https:\/\/zoosalis.lv\/lt\/wp-json\/wp\/v2\/media?parent=21823"}],"wp:term":[{"taxonomy":"product_brand","embeddable":true,"href":"https:\/\/zoosalis.lv\/lt\/wp-json\/wp\/v2\/product_brand?post=21823"},{"taxonomy":"product_cat","embeddable":true,"href":"https:\/\/zoosalis.lv\/lt\/wp-json\/wp\/v2\/product_cat?post=21823"},{"taxonomy":"product_tag","embeddable":true,"href":"https:\/\/zoosalis.lv\/lt\/wp-json\/wp\/v2\/product_tag?post=21823"}],"curies":[{"name":"wp","href":"https:\/\/api.w.org\/{rel}","templated":true}]}}