{"id":21903,"date":"2025-04-07T16:34:49","date_gmt":"2025-04-07T16:34:49","guid":{"rendered":"https:\/\/zoosalis.lv\/?post_type=product&#038;p=21903"},"modified":"2025-04-11T14:17:15","modified_gmt":"2025-04-11T14:17:15","slug":"brit-care-mini-lightsterilised-sausas-maistas-mazu-veisliu-sunims-400g-2kg","status":"publish","type":"product","link":"https:\/\/zoosalis.lv\/lt\/brit-care-mini-lightsterilised-sausas-maistas-mazu-veisliu-sunims-400g-2kg\/","title":{"rendered":"Brit Care Mini Light&amp;Sterilised sausas maistas ma\u017e\u0173 veisli\u0173 \u0161unims 400g. &#8211; 2kg."},"content":{"rendered":"<h2 class=\"wp-block-heading\" id=\"product-content-section-0\">Apra\u0161ymas<\/h2><p>Svarbiausia&nbsp;ma\u017e\u0173 \u0161un\u0173 veisli\u0173 savyb\u0117 yra i\u0161skirtinis j\u0173 ilgaam\u017ei\u0161kumas. Ma\u017ei \u0161unys \u012fprastai&nbsp;gyvena kur kas ilgiau nei dideli\u0173 veisli\u0173. Kod\u0117l rinktis b\u016btent &#8222;Brit Care Mini&#8221; linij\u0105?&nbsp;Tai yra vienintel\u0117 ma\u017e\u0173 \u0161un\u0173 pa\u0161aro&nbsp;be gr\u016bd\u0173 linija, skirta&nbsp;visiems&nbsp;gyvenimo etapams ir atitaikant j\u0173 specifinius poreikius. Svarbiausi maisto&nbsp;privalumai yra vir\u0161kinamumas ir skonis, pasiekiamas d\u0117l \u0161vie\u017ei\u0173 baltym\u0173 ir \u201eprevencin\u0117s mitybos\u201c filosofijos, kuri ma\u017eiems \u0161unims rei\u0161kia nat\u016brali\u0173 ingredient\u0173, palaikan\u010di\u0173 imunin\u0119 sistem\u0105, sud\u0117t\u012f. &nbsp;<\/p><h2 class=\"wp-block-heading\" id=\"product-content-section-1\">Sud\u0117tis<\/h2><p>triu\u0161i\u0173 m\u0117sos miltai (25&nbsp;%), \u0161vie\u017eios la\u0161i\u0161os baltymai (15&nbsp;%),&nbsp;geltonieji \u017eirneliai, avin\u017eirniai, bambuk\u0173 lignoceliulioz\u0117, d\u017eiovinti obuoliai,&nbsp;grikiai, s\u0117menys (4&nbsp;%), vi\u0161tienos riebalai (konservuoti tokoferoliais), la\u0161i\u0161\u0173 aliejus (2&nbsp;%), gyslo\u010dio luobel\u0117s ir s\u0117klos (1&nbsp;%), alaus miel\u0117s, dumbliai (0,5&nbsp;%,&nbsp;Ascophyllum nodosum), natrio chloridas, hidrolizuoti v\u0117\u017eiagyvi\u0173 kiautai (gliukozamino \u0161altinis, 260&nbsp;mg\/kg), m\u0117lyn\u0117s (230&nbsp;mg\/kg,&nbsp;polifenoli\u0173 70&nbsp;mg\/kg ir flavonoid\u0173 30&nbsp;mg\/kg \u0161altinis), kremzli\u0173 ekstraktas (chondroitino \u0161altinis, 160&nbsp;mg\/kg), mananoligosacharidai (150&nbsp;mg\/kg), \u017eolel\u0117s ir vaisiai (rozmarinai, citrusiniai vaisiai, ciber\u017eol\u0117s, 150&nbsp;mg\/kg), fruktooligosacharidai (100&nbsp;mg\/kg), juka \u0161idigera(100&nbsp;mg\/kg), spanguol\u0117s (100&nbsp;mg\/kg), inulinas (90&nbsp;mg\/kg), margaini\u0173 s\u0117klos (75&nbsp;mg\/kg),&nbsp;\u0161altalankiai&nbsp;(75&nbsp;mg\/kg), ramun\u0117l\u0117s (30&nbsp;mg\/kg), gvazdik\u0117liai (30&nbsp;mg\/kg),&nbsp;\u0161alavijai&nbsp;(25&nbsp;mg\/kg). &nbsp;<\/p><h2 class=\"wp-block-heading\" id=\"product-content-section-2\">Analitin\u0117s sudedamosios dalys<\/h2><p>\u017eali baltymai&nbsp; 26,0 %, \u017eali riebalai 12,0 %,&nbsp; \u017ealia l\u0105steliena 8,5 %, \u017eali pelenai&nbsp; 5,5 %, omega-3 1,5 %, omega-6 1,3 %, kalcis 1,1 %, fosforas 0,9 %, dr\u0117gm\u0117 10,0 %.<\/p><h2 class=\"wp-block-heading\" id=\"product-content-section-3\">Maistiniai priedai 1 kg<\/h2><p>vitaminas A (3a672a) 20 000 TV,&nbsp; vitaminas D3 (3a671) 1 500 TV, vitaminas E (3a700) 500 mg, vitaminas C (3a312) 300 mg, cholino chloridas (3a890) 700 mg, taurinas (3a370) 200 mg, biotinas (3a880) 3 mg, vitaminas B1 (3a821) 1 mg, vitaminas B2 (3a825i) 4 mg, niacinamidas (3a315) 12 mg, kalcio D-pantotenatas (3a841) 10 mg,&nbsp; vitaminas B6 (3a831) 1 mg, folio r\u016bg\u0161tis (3a316) 0,5 mg, vitaminas B12 0,04 mg, L-karnitinas (3a910) 200 mg, cinkas (3b606) 100 mg, gele\u017eis (3b106) 80 mg, manganas (3b504) 40 mg, kalio jodidas (3b201) 0,75 mg, varis (3b406) 15 mg, selenas (3b810) 0,2mg. Technologiniai priedai: tokoferolio ekstraktai i\u0161 augalini\u0173 aliej\u0173 (1b306(i)), askorbilo palmitatas (1b304) ir rozmarino ekstraktas.<\/p><h2 class=\"wp-block-heading\" id=\"product-content-section-4\">Metabolizuojama energija<\/h2><p>3&nbsp;800&nbsp;kcal\/kg. &nbsp;<\/p><h2 class=\"wp-block-heading\" id=\"product-content-section-5\">Maitinimo normos<\/h2><p>ma\u017e\u0173&nbsp;veisli\u0173 \u0161un\u0173 energijos poreikiai didesni, o vir\u0161kinamasis traktas ir skrandis&nbsp;\u2013 pakankamai ma\u017ei. Tod\u0117l rekomenduojam\u0105 dienos pa\u0161aro suvartojimo kiek\u012f, pateikt\u0105 \u0161\u0117rimo lentel\u0117je, reik\u0117t\u0173 padalyti \u012f 2\u20133 vienodas porcijas per dien\u0105. Duokite saus\u0105 arba sudr\u0117kint\u0105 \u0161iltu vandeniu. Kai \u201eBrit Care\u201c duodate pirm\u0105 kart\u0105, sumai\u0161ykite j\u012f su ankstesniu pa\u0161aru ir palaipsniui, per 7 dienas didinkite \u201eBrit Care\u201c proporcij\u0105. Dienos kiekis gali skirtis priklausomai nuo aplinkos, j\u016bs\u0173 \u0161uns aktyvumo ir am\u017eiaus. Visada u\u017etikrinkite, kad \u0161uo tur\u0117t\u0173 pakankamai \u0161varaus&nbsp;vandens. &nbsp;<\/p><figure class=\"wp-block-table\"><table class=\"has-fixed-layout\"><tbody><tr><td rowspan=\"2\">&nbsp;<\/td><td colspan=\"6\"><strong>\u0160uns svoris (kg)<\/strong><\/td><\/tr><tr><td><strong>1<\/strong><\/td><td><strong>2<\/strong><\/td><td><strong>4<\/strong><\/td><td><strong>6<\/strong><\/td><td><strong>8<\/strong><\/td><td><strong>10<\/strong><\/td><\/tr><tr><td><strong>Paros norma \u2013 svorio kontrolei (g)<\/strong><\/td><td>40<\/td><td>50<\/td><td>60<\/td><td>90<\/td><td>120<\/td><td>145<\/td><\/tr><tr><td><strong>Paros norma \u2013 svoriui ma\u017einti (g)<\/strong><\/td><td>30<\/td><td>40<\/td><td>55<\/td><td>80<\/td><td>100<\/td><td>120<\/td><\/tr><\/tbody><\/table><\/figure><p>Geriausias iki: nurodyta ant pakuot\u0117s. Laikyti v\u0117sioje, sausoje vietoje. &nbsp;&nbsp;<\/p><p>Gamintojas: VAFO PRAHA s.r.o, \u010cekija.<\/p>","protected":false},"excerpt":{"rendered":"<div class=\"product-info__excerpt\">Visavertis hipoalerginis pa\u0161aras be gr\u016bd\u0173\u00a0ma\u017e\u0173\u00a0veisli\u0173 antsvorio turintiems ir sterilizuotiems \u0161unims.<\/div>\n<div class=\"product-info__options\">\n<div class=\"product-info__options-text\">\u00a0<\/div>\n<div class=\"product-info__options-options\">\u00a0<\/div>\n<\/div>\n","protected":false},"featured_media":19792,"comment_status":"open","ping_status":"closed","template":"","meta":{"_acf_changed":false,"_monsterinsights_skip_tracking":false,"_monsterinsights_sitenote_active":false,"_monsterinsights_sitenote_note":"","_monsterinsights_sitenote_category":0},"product_brand":[],"product_cat":[873,879,874],"product_tag":[],"class_list":{"0":"post-21903","1":"product","2":"type-product","3":"status-publish","4":"has-post-thumbnail","6":"product_cat-prekes-sunims","7":"product_cat-sausas-maistas-sunims","8":"product_cat-sunu-maistas","10":"first","11":"instock","12":"shipping-taxable","13":"purchasable","14":"product-type-variable"},"acf":[],"aioseo_notices":[],"yoast_head":"<!-- This site is optimized with the Yoast SEO plugin v24.8.1 - https:\/\/yoast.com\/wordpress\/plugins\/seo\/ -->\n<title>Brit Care Mini Light&amp;Sterilised sausas maistas ma\u017e\u0173 veisli\u0173 \u0161unims 400g. - 2kg. | Dz\u012bvnieku produkti<\/title>\n<meta name=\"robots\" content=\"index, follow, max-snippet:-1, max-image-preview:large, max-video-preview:-1\" \/>\n<link rel=\"canonical\" href=\"https:\/\/zoosalis.lv\/lt\/brit-care-mini-lightsterilised-sausas-maistas-mazu-veisliu-sunims-400g-2kg\/\" \/>\n<meta property=\"og:locale\" content=\"lt_LT\" \/>\n<meta property=\"og:type\" content=\"article\" \/>\n<meta property=\"og:title\" content=\"Brit Care Mini Light&amp;Sterilised sausas maistas ma\u017e\u0173 veisli\u0173 \u0161unims 400g. - 2kg. | Dz\u012bvnieku produkti\" \/>\n<meta property=\"og:description\" content=\"Visavertis hipoalerginis pa\u0161aras be gr\u016bd\u0173\u00a0ma\u017e\u0173\u00a0veisli\u0173 antsvorio turintiems ir sterilizuotiems \u0161unims.  \u00a0 \u00a0\" \/>\n<meta property=\"og:url\" content=\"https:\/\/zoosalis.lv\/lt\/brit-care-mini-lightsterilised-sausas-maistas-mazu-veisliu-sunims-400g-2kg\/\" \/>\n<meta property=\"og:site_name\" content=\"Dz\u012bvnieku produkti\" \/>\n<meta property=\"article:publisher\" content=\"https:\/\/www.facebook.com\/zooprekesjums\/\" \/>\n<meta property=\"article:modified_time\" content=\"2025-04-11T14:17:15+00:00\" \/>\n<meta property=\"og:image\" content=\"https:\/\/zoosalis.lv\/wp-content\/uploads\/2025\/04\/light-medium.jpg\" \/>\n\t<meta property=\"og:image:width\" content=\"599\" \/>\n\t<meta property=\"og:image:height\" content=\"522\" \/>\n\t<meta property=\"og:image:type\" content=\"image\/jpeg\" \/>\n<meta name=\"twitter:card\" content=\"summary_large_image\" \/>\n<meta name=\"twitter:label1\" content=\"Est. reading time\" \/>\n\t<meta name=\"twitter:data1\" content=\"3 minut\u0117s\" \/>\n<script type=\"application\/ld+json\" class=\"yoast-schema-graph\">{\"@context\":\"https:\/\/schema.org\",\"@graph\":[{\"@type\":\"WebPage\",\"@id\":\"https:\/\/zoosalis.lv\/brit-care-mini-lightsterilised-sausas-maistas-mazu-veisliu-sunims-400g-2kg\/\",\"url\":\"https:\/\/zoosalis.lv\/brit-care-mini-lightsterilised-sausas-maistas-mazu-veisliu-sunims-400g-2kg\/\",\"name\":\"Brit Care Mini Light&amp;Sterilised sausas maistas ma\u017e\u0173 veisli\u0173 \u0161unims 400g. - 2kg. | Dz\u012bvnieku produkti\",\"isPartOf\":{\"@id\":\"https:\/\/zoosalis.lv\/#website\"},\"primaryImageOfPage\":{\"@id\":\"https:\/\/zoosalis.lv\/brit-care-mini-lightsterilised-sausas-maistas-mazu-veisliu-sunims-400g-2kg\/#primaryimage\"},\"image\":{\"@id\":\"https:\/\/zoosalis.lv\/brit-care-mini-lightsterilised-sausas-maistas-mazu-veisliu-sunims-400g-2kg\/#primaryimage\"},\"thumbnailUrl\":\"https:\/\/zoosalis.lv\/wp-content\/uploads\/2025\/04\/light-medium.jpg\",\"datePublished\":\"2025-04-07T16:34:49+00:00\",\"dateModified\":\"2025-04-11T14:17:15+00:00\",\"breadcrumb\":{\"@id\":\"https:\/\/zoosalis.lv\/brit-care-mini-lightsterilised-sausas-maistas-mazu-veisliu-sunims-400g-2kg\/#breadcrumb\"},\"inLanguage\":\"lt-LT\",\"potentialAction\":[{\"@type\":\"ReadAction\",\"target\":[\"https:\/\/zoosalis.lv\/brit-care-mini-lightsterilised-sausas-maistas-mazu-veisliu-sunims-400g-2kg\/\"]}]},{\"@type\":\"ImageObject\",\"inLanguage\":\"lt-LT\",\"@id\":\"https:\/\/zoosalis.lv\/brit-care-mini-lightsterilised-sausas-maistas-mazu-veisliu-sunims-400g-2kg\/#primaryimage\",\"url\":\"https:\/\/zoosalis.lv\/wp-content\/uploads\/2025\/04\/light-medium.jpg\",\"contentUrl\":\"https:\/\/zoosalis.lv\/wp-content\/uploads\/2025\/04\/light-medium.jpg\",\"width\":599,\"height\":522},{\"@type\":\"BreadcrumbList\",\"@id\":\"https:\/\/zoosalis.lv\/brit-care-mini-lightsterilised-sausas-maistas-mazu-veisliu-sunims-400g-2kg\/#breadcrumb\",\"itemListElement\":[{\"@type\":\"ListItem\",\"position\":1,\"name\":\"Home\",\"item\":\"https:\/\/zoosalis.lv\/\"},{\"@type\":\"ListItem\",\"position\":2,\"name\":\"Parduotuv\u0117\",\"item\":\"https:\/\/zoosalis.lv\/parduotuve\/\"},{\"@type\":\"ListItem\",\"position\":3,\"name\":\"Brit Care Mini Light&amp;Sterilised sausas maistas ma\u017e\u0173 veisli\u0173 \u0161unims 400g. &#8211; 2kg.\"}]},{\"@type\":\"WebSite\",\"@id\":\"https:\/\/zoosalis.lv\/#website\",\"url\":\"https:\/\/zoosalis.lv\/\",\"name\":\"Dz\u012bvnieku produkti\",\"description\":\"zoo\u0161alis.lt\",\"publisher\":{\"@id\":\"https:\/\/zoosalis.lv\/#organization\"},\"potentialAction\":[{\"@type\":\"SearchAction\",\"target\":{\"@type\":\"EntryPoint\",\"urlTemplate\":\"https:\/\/zoosalis.lv\/?s={search_term_string}\"},\"query-input\":{\"@type\":\"PropertyValueSpecification\",\"valueRequired\":true,\"valueName\":\"search_term_string\"}}],\"inLanguage\":\"lt-LT\"},{\"@type\":\"Organization\",\"@id\":\"https:\/\/zoosalis.lv\/#organization\",\"name\":\"Zoo\u0161alis.lt\",\"url\":\"https:\/\/zoosalis.lv\/\",\"logo\":{\"@type\":\"ImageObject\",\"inLanguage\":\"lt-LT\",\"@id\":\"https:\/\/zoosalis.lv\/#\/schema\/logo\/image\/\",\"url\":\"https:\/\/zoosalis.lv\/wp-content\/uploads\/2024\/02\/Group-62.png\",\"contentUrl\":\"https:\/\/zoosalis.lv\/wp-content\/uploads\/2024\/02\/Group-62.png\",\"width\":1537,\"height\":337,\"caption\":\"Zoo\u0161alis.lt\"},\"image\":{\"@id\":\"https:\/\/zoosalis.lv\/#\/schema\/logo\/image\/\"},\"sameAs\":[\"https:\/\/www.facebook.com\/zooprekesjums\/\"]}]}<\/script>\n<!-- \/ Yoast SEO plugin. -->","yoast_head_json":{"title":"Brit Care Mini Light&amp;Sterilised sausas maistas ma\u017e\u0173 veisli\u0173 \u0161unims 400g. - 2kg. | Dz\u012bvnieku produkti","robots":{"index":"index","follow":"follow","max-snippet":"max-snippet:-1","max-image-preview":"max-image-preview:large","max-video-preview":"max-video-preview:-1"},"canonical":"https:\/\/zoosalis.lv\/lt\/brit-care-mini-lightsterilised-sausas-maistas-mazu-veisliu-sunims-400g-2kg\/","og_locale":"lt_LT","og_type":"article","og_title":"Brit Care Mini Light&amp;Sterilised sausas maistas ma\u017e\u0173 veisli\u0173 \u0161unims 400g. - 2kg. | Dz\u012bvnieku produkti","og_description":"Visavertis hipoalerginis pa\u0161aras be gr\u016bd\u0173\u00a0ma\u017e\u0173\u00a0veisli\u0173 antsvorio turintiems ir sterilizuotiems \u0161unims.  \u00a0 \u00a0","og_url":"https:\/\/zoosalis.lv\/lt\/brit-care-mini-lightsterilised-sausas-maistas-mazu-veisliu-sunims-400g-2kg\/","og_site_name":"Dz\u012bvnieku produkti","article_publisher":"https:\/\/www.facebook.com\/zooprekesjums\/","article_modified_time":"2025-04-11T14:17:15+00:00","og_image":[{"width":599,"height":522,"url":"https:\/\/zoosalis.lv\/wp-content\/uploads\/2025\/04\/light-medium.jpg","type":"image\/jpeg"}],"twitter_card":"summary_large_image","twitter_misc":{"Est. reading time":"3 minut\u0117s"},"schema":{"@context":"https:\/\/schema.org","@graph":[{"@type":"WebPage","@id":"https:\/\/zoosalis.lv\/brit-care-mini-lightsterilised-sausas-maistas-mazu-veisliu-sunims-400g-2kg\/","url":"https:\/\/zoosalis.lv\/brit-care-mini-lightsterilised-sausas-maistas-mazu-veisliu-sunims-400g-2kg\/","name":"Brit Care Mini Light&amp;Sterilised sausas maistas ma\u017e\u0173 veisli\u0173 \u0161unims 400g. - 2kg. | Dz\u012bvnieku produkti","isPartOf":{"@id":"https:\/\/zoosalis.lv\/#website"},"primaryImageOfPage":{"@id":"https:\/\/zoosalis.lv\/brit-care-mini-lightsterilised-sausas-maistas-mazu-veisliu-sunims-400g-2kg\/#primaryimage"},"image":{"@id":"https:\/\/zoosalis.lv\/brit-care-mini-lightsterilised-sausas-maistas-mazu-veisliu-sunims-400g-2kg\/#primaryimage"},"thumbnailUrl":"https:\/\/zoosalis.lv\/wp-content\/uploads\/2025\/04\/light-medium.jpg","datePublished":"2025-04-07T16:34:49+00:00","dateModified":"2025-04-11T14:17:15+00:00","breadcrumb":{"@id":"https:\/\/zoosalis.lv\/brit-care-mini-lightsterilised-sausas-maistas-mazu-veisliu-sunims-400g-2kg\/#breadcrumb"},"inLanguage":"lt-LT","potentialAction":[{"@type":"ReadAction","target":["https:\/\/zoosalis.lv\/brit-care-mini-lightsterilised-sausas-maistas-mazu-veisliu-sunims-400g-2kg\/"]}]},{"@type":"ImageObject","inLanguage":"lt-LT","@id":"https:\/\/zoosalis.lv\/brit-care-mini-lightsterilised-sausas-maistas-mazu-veisliu-sunims-400g-2kg\/#primaryimage","url":"https:\/\/zoosalis.lv\/wp-content\/uploads\/2025\/04\/light-medium.jpg","contentUrl":"https:\/\/zoosalis.lv\/wp-content\/uploads\/2025\/04\/light-medium.jpg","width":599,"height":522},{"@type":"BreadcrumbList","@id":"https:\/\/zoosalis.lv\/brit-care-mini-lightsterilised-sausas-maistas-mazu-veisliu-sunims-400g-2kg\/#breadcrumb","itemListElement":[{"@type":"ListItem","position":1,"name":"Home","item":"https:\/\/zoosalis.lv\/"},{"@type":"ListItem","position":2,"name":"Parduotuv\u0117","item":"https:\/\/zoosalis.lv\/parduotuve\/"},{"@type":"ListItem","position":3,"name":"Brit Care Mini Light&amp;Sterilised sausas maistas ma\u017e\u0173 veisli\u0173 \u0161unims 400g. &#8211; 2kg."}]},{"@type":"WebSite","@id":"https:\/\/zoosalis.lv\/#website","url":"https:\/\/zoosalis.lv\/","name":"Dz\u012bvnieku produkti","description":"zoo\u0161alis.lt","publisher":{"@id":"https:\/\/zoosalis.lv\/#organization"},"potentialAction":[{"@type":"SearchAction","target":{"@type":"EntryPoint","urlTemplate":"https:\/\/zoosalis.lv\/?s={search_term_string}"},"query-input":{"@type":"PropertyValueSpecification","valueRequired":true,"valueName":"search_term_string"}}],"inLanguage":"lt-LT"},{"@type":"Organization","@id":"https:\/\/zoosalis.lv\/#organization","name":"Zoo\u0161alis.lt","url":"https:\/\/zoosalis.lv\/","logo":{"@type":"ImageObject","inLanguage":"lt-LT","@id":"https:\/\/zoosalis.lv\/#\/schema\/logo\/image\/","url":"https:\/\/zoosalis.lv\/wp-content\/uploads\/2024\/02\/Group-62.png","contentUrl":"https:\/\/zoosalis.lv\/wp-content\/uploads\/2024\/02\/Group-62.png","width":1537,"height":337,"caption":"Zoo\u0161alis.lt"},"image":{"@id":"https:\/\/zoosalis.lv\/#\/schema\/logo\/image\/"},"sameAs":["https:\/\/www.facebook.com\/zooprekesjums\/"]}]}},"_links":{"self":[{"href":"https:\/\/zoosalis.lv\/lt\/wp-json\/wp\/v2\/product\/21903"}],"collection":[{"href":"https:\/\/zoosalis.lv\/lt\/wp-json\/wp\/v2\/product"}],"about":[{"href":"https:\/\/zoosalis.lv\/lt\/wp-json\/wp\/v2\/types\/product"}],"replies":[{"embeddable":true,"href":"https:\/\/zoosalis.lv\/lt\/wp-json\/wp\/v2\/comments?post=21903"}],"wp:featuredmedia":[{"embeddable":true,"href":"https:\/\/zoosalis.lv\/lt\/wp-json\/wp\/v2\/media\/19792"}],"wp:attachment":[{"href":"https:\/\/zoosalis.lv\/lt\/wp-json\/wp\/v2\/media?parent=21903"}],"wp:term":[{"taxonomy":"product_brand","embeddable":true,"href":"https:\/\/zoosalis.lv\/lt\/wp-json\/wp\/v2\/product_brand?post=21903"},{"taxonomy":"product_cat","embeddable":true,"href":"https:\/\/zoosalis.lv\/lt\/wp-json\/wp\/v2\/product_cat?post=21903"},{"taxonomy":"product_tag","embeddable":true,"href":"https:\/\/zoosalis.lv\/lt\/wp-json\/wp\/v2\/product_tag?post=21903"}],"curies":[{"name":"wp","href":"https:\/\/api.w.org\/{rel}","templated":true}]}}