{"id":21993,"date":"2025-04-08T08:09:37","date_gmt":"2025-04-08T08:09:37","guid":{"rendered":"https:\/\/zoosalis.lv\/?post_type=product&#038;p=21993"},"modified":"2025-04-08T08:09:41","modified_gmt":"2025-04-08T08:09:41","slug":"murrfect-natural-tofu-kraikas-katems-naturalaus-kvapo-bekvapis-susokantis-nedulkantis-6l-8vnt","status":"publish","type":"product","link":"https:\/\/zoosalis.lv\/lt\/murrfect-natural-tofu-kraikas-katems-naturalaus-kvapo-bekvapis-susokantis-nedulkantis-6l-8vnt\/","title":{"rendered":"Murrfect Natural tofu kraikas kat\u0117ms nat\u016bralaus kvapo (bekvapis) su\u0161okantis, nedulkantis 6l * 8vnt."},"content":{"rendered":"<h2 class=\"wp-block-heading\">Purrfect Natural tofu kraikas kat\u0117ms nat\u016bralaus kvapo (bekvapis) su\u0161okantis, nedulkantis 6l * 8vnt.<\/h2><h3 class=\"wp-block-heading\">\u2705\u3010 Nat\u016bral\u016bs augaliniai ingredientai\u3011<\/h3><p>Jis maksimaliai sugeria vanden\u012f ir dezodoruoja, yra nelipnus, nedulkantis ir visada palaiko oro gaivum\u0105.<\/p><h3 class=\"wp-block-heading\">\u2705\u3010 Greitai su\u0161okantis ir nedulkantis\u3011<\/h3><p>Greitas sukibimas per kelias sekundes, tvirti su\u0161ok\u0119 kamuoliukai, nelimpa kat\u0117s tualeto apa\u010dioje. Purrfect tofu kraikui yra atliekami net 5 dulki\u0173 sijojimo procesai, tod\u0117l kraiko granul\u0117s yra didelio kietumo ir nedulka. Purrfect tofu ka\u010di\u0173 kraikas gali suma\u017einti ore esan\u010di\u0173 dulki\u0173 kiek\u012f, apsaugoti ka\u010di\u0173 kv\u0117pavimo sistem\u0105, o siurbimas ir valymas tampa lengvas.<\/p><h3 class=\"wp-block-heading\">\u2705\u3010Galima nuleisti \u012f tualet\u0105\u3011<\/h3><p>Purrfect tofu kraikas kraikas pagamintas i\u0161 nat\u016brali\u0173 ingredient\u0173, sugeria 5 kartus daugiau nei kiti kraikai ir i\u0161 karto i\u0161tirpsta vandenyje, tod\u0117l j\u012f saugu ir lengva nuleisti \u012f klozet\u0105 (pastaba: pra\u0161ome vienu kartu nei\u0161pilti \u012f unitaz\u0105 per daug kraiko atliek\u0173).<\/p><h3 class=\"wp-block-heading\">\u2705\u3010Ypatinga kvap\u0173 kontrol\u0117\u3011<\/h3><p>Purrfect tofu kraikas d\u0117l ypatingai greito ir kokybi\u0161ko sugerimo kontroliuoja kvapus, u\u017etikrindami gaivi\u0105 ir bekvap\u0119 erdv\u0119.<\/p><h3 class=\"wp-block-heading\">\u2705\u3010Vakuumin\u0117 pakuot\u0117\u3011<\/h3><p>M\u016bs\u0173 \u201ePurrfect\u201c ka\u010di\u0173 kraikas supakuotas \u012f&nbsp; vakuumin\u0119 pakuot\u0119, kad b\u016bt\u0173 saugiai transportuojamas ir lengvai laikomas. Gavus pakuot\u0119, i\u0161 prad\u017ei\u0173 ji gali atrodyti kieta kaip plyta, ta\u010diau tiesiog atidarykite vidin\u012f mai\u0161el\u012f ir \u012fleiskite \u0161iek tiek oro. Po keli\u0173 akimirk\u0173 kraikas i\u0161silygins ir bus paruo\u0161tas naudoti. Pastaba: jeigu kraiko pakuot\u0117 n\u0117ra vaakume tai nerei\u0161kia, kad kraikas nekokybi\u0161kas ir netinkamas naudoti.<\/p><h3 class=\"wp-block-heading\">Naudojimas:<\/h3><p>1. Supilkite Purrfect Natural Tofu ka\u010di\u0173 kraik\u0105 \u012f kraiko d\u0117\u017e\u0119 keli\u0173 centimetr\u0173 gilio.<br>2. Kai kat\u0117 atliks gamtinius reikalus \u012f kraiko d\u0117\u017e\u0119, kraikas greitai sulips.<br>3. Reguliariai i\u0161kratykite susidariusius kraiko gumul\u0117lius (juos galite nuleisti \u012f klozet\u0105) ir prireikus papildykite kraik\u0105.<br>4. Rekomenduojama visi\u0161kai pakeisti kraik\u0105 kas 3-4 savaites.<\/p>","protected":false},"excerpt":{"rendered":"<p>Purrfect Natural tofu kraikas kat\u0117ms nat\u016bralaus kvapo (bekvapis) su\u0161okantis, nedulkantis 6l * 8vnt. \u2705\u3010 Nat\u016bral\u016bs augaliniai ingredientai\u3011 Jis maksimaliai sugeria vanden\u012f ir dezodoruoja, yra nelipnus, nedulkantis ir visada palaiko oro gaivum\u0105. \u2705\u3010 Greitai su\u0161okantis ir nedulkantis\u3011 Greitas sukibimas per kelias sekundes, tvirti su\u0161ok\u0119 kamuoliukai, nelimpa kat\u0117s tualeto apa\u010dioje. Purrfect tofu kraikui yra atliekami net 5 [&hellip;]<\/p>\n","protected":false},"featured_media":18569,"comment_status":"open","ping_status":"closed","template":"","meta":{"_acf_changed":false,"_monsterinsights_skip_tracking":false,"_monsterinsights_sitenote_active":false,"_monsterinsights_sitenote_note":"","_monsterinsights_sitenote_category":0},"product_brand":[],"product_cat":[871],"product_tag":[],"class_list":{"0":"post-21993","1":"product","2":"type-product","3":"status-publish","4":"has-post-thumbnail","6":"product_cat-kraikas-katems","8":"first","9":"instock","10":"shipping-taxable","11":"purchasable","12":"product-type-simple"},"acf":[],"aioseo_notices":[],"yoast_head":"<!-- This site is optimized with the Yoast SEO plugin v24.8.1 - https:\/\/yoast.com\/wordpress\/plugins\/seo\/ -->\n<title>Murrfect Natural tofu kraikas kat\u0117ms nat\u016bralaus kvapo (bekvapis) su\u0161okantis, nedulkantis 6l * 8vnt. | Dz\u012bvnieku produkti<\/title>\n<meta name=\"robots\" content=\"index, follow, max-snippet:-1, max-image-preview:large, max-video-preview:-1\" \/>\n<link rel=\"canonical\" href=\"https:\/\/zoosalis.lv\/lt\/murrfect-natural-tofu-kraikas-katems-naturalaus-kvapo-bekvapis-susokantis-nedulkantis-6l-8vnt\/\" \/>\n<meta property=\"og:locale\" content=\"lt_LT\" \/>\n<meta property=\"og:type\" content=\"article\" \/>\n<meta property=\"og:title\" content=\"Murrfect Natural tofu kraikas kat\u0117ms nat\u016bralaus kvapo (bekvapis) su\u0161okantis, nedulkantis 6l * 8vnt. | Dz\u012bvnieku produkti\" \/>\n<meta property=\"og:description\" content=\"Purrfect Natural tofu kraikas kat\u0117ms nat\u016bralaus kvapo (bekvapis) su\u0161okantis, nedulkantis 6l * 8vnt. \u2705\u3010 Nat\u016bral\u016bs augaliniai ingredientai\u3011 Jis maksimaliai sugeria vanden\u012f ir dezodoruoja, yra nelipnus, nedulkantis ir visada palaiko oro gaivum\u0105. \u2705\u3010 Greitai su\u0161okantis ir nedulkantis\u3011 Greitas sukibimas per kelias sekundes, tvirti su\u0161ok\u0119 kamuoliukai, nelimpa kat\u0117s tualeto apa\u010dioje. Purrfect tofu kraikui yra atliekami net 5 [&hellip;]\" \/>\n<meta property=\"og:url\" content=\"https:\/\/zoosalis.lv\/lt\/murrfect-natural-tofu-kraikas-katems-naturalaus-kvapo-bekvapis-susokantis-nedulkantis-6l-8vnt\/\" \/>\n<meta property=\"og:site_name\" content=\"Dz\u012bvnieku produkti\" \/>\n<meta property=\"article:publisher\" content=\"https:\/\/www.facebook.com\/zooprekesjums\/\" \/>\n<meta property=\"article:modified_time\" content=\"2025-04-08T08:09:41+00:00\" \/>\n<meta property=\"og:image\" content=\"https:\/\/zoosalis.lv\/wp-content\/uploads\/2024\/02\/Group-62.png\" \/>\n\t<meta property=\"og:image:width\" content=\"1537\" \/>\n\t<meta property=\"og:image:height\" content=\"337\" \/>\n\t<meta property=\"og:image:type\" content=\"image\/png\" \/>\n<meta name=\"twitter:card\" content=\"summary_large_image\" \/>\n<meta name=\"twitter:label1\" content=\"Est. reading time\" \/>\n\t<meta name=\"twitter:data1\" content=\"1 minut\u0117\" \/>\n<script type=\"application\/ld+json\" class=\"yoast-schema-graph\">{\"@context\":\"https:\/\/schema.org\",\"@graph\":[{\"@type\":\"WebPage\",\"@id\":\"https:\/\/zoosalis.lv\/murrfect-natural-tofu-kraikas-katems-naturalaus-kvapo-bekvapis-susokantis-nedulkantis-6l-8vnt\/\",\"url\":\"https:\/\/zoosalis.lv\/murrfect-natural-tofu-kraikas-katems-naturalaus-kvapo-bekvapis-susokantis-nedulkantis-6l-8vnt\/\",\"name\":\"Murrfect Natural tofu kraikas kat\u0117ms nat\u016bralaus kvapo (bekvapis) su\u0161okantis, nedulkantis 6l * 8vnt. | Dz\u012bvnieku produkti\",\"isPartOf\":{\"@id\":\"https:\/\/zoosalis.lv\/#website\"},\"primaryImageOfPage\":{\"@id\":\"https:\/\/zoosalis.lv\/murrfect-natural-tofu-kraikas-katems-naturalaus-kvapo-bekvapis-susokantis-nedulkantis-6l-8vnt\/#primaryimage\"},\"image\":{\"@id\":\"https:\/\/zoosalis.lv\/murrfect-natural-tofu-kraikas-katems-naturalaus-kvapo-bekvapis-susokantis-nedulkantis-6l-8vnt\/#primaryimage\"},\"thumbnailUrl\":\"https:\/\/zoosalis.lv\/wp-content\/uploads\/2025\/04\/Murrfect-3-1.jpg\",\"datePublished\":\"2025-04-08T08:09:37+00:00\",\"dateModified\":\"2025-04-08T08:09:41+00:00\",\"breadcrumb\":{\"@id\":\"https:\/\/zoosalis.lv\/murrfect-natural-tofu-kraikas-katems-naturalaus-kvapo-bekvapis-susokantis-nedulkantis-6l-8vnt\/#breadcrumb\"},\"inLanguage\":\"lt-LT\",\"potentialAction\":[{\"@type\":\"ReadAction\",\"target\":[\"https:\/\/zoosalis.lv\/murrfect-natural-tofu-kraikas-katems-naturalaus-kvapo-bekvapis-susokantis-nedulkantis-6l-8vnt\/\"]}]},{\"@type\":\"ImageObject\",\"inLanguage\":\"lt-LT\",\"@id\":\"https:\/\/zoosalis.lv\/murrfect-natural-tofu-kraikas-katems-naturalaus-kvapo-bekvapis-susokantis-nedulkantis-6l-8vnt\/#primaryimage\",\"url\":\"https:\/\/zoosalis.lv\/wp-content\/uploads\/2025\/04\/Murrfect-3-1.jpg\",\"contentUrl\":\"https:\/\/zoosalis.lv\/wp-content\/uploads\/2025\/04\/Murrfect-3-1.jpg\",\"width\":1000,\"height\":1000},{\"@type\":\"BreadcrumbList\",\"@id\":\"https:\/\/zoosalis.lv\/murrfect-natural-tofu-kraikas-katems-naturalaus-kvapo-bekvapis-susokantis-nedulkantis-6l-8vnt\/#breadcrumb\",\"itemListElement\":[{\"@type\":\"ListItem\",\"position\":1,\"name\":\"Home\",\"item\":\"https:\/\/zoosalis.lv\/\"},{\"@type\":\"ListItem\",\"position\":2,\"name\":\"Parduotuv\u0117\",\"item\":\"https:\/\/zoosalis.lv\/parduotuve\/\"},{\"@type\":\"ListItem\",\"position\":3,\"name\":\"Murrfect Natural tofu kraikas kat\u0117ms nat\u016bralaus kvapo (bekvapis) su\u0161okantis, nedulkantis 6l * 8vnt.\"}]},{\"@type\":\"WebSite\",\"@id\":\"https:\/\/zoosalis.lv\/#website\",\"url\":\"https:\/\/zoosalis.lv\/\",\"name\":\"Dz\u012bvnieku produkti\",\"description\":\"zoo\u0161alis.lt\",\"publisher\":{\"@id\":\"https:\/\/zoosalis.lv\/#organization\"},\"potentialAction\":[{\"@type\":\"SearchAction\",\"target\":{\"@type\":\"EntryPoint\",\"urlTemplate\":\"https:\/\/zoosalis.lv\/?s={search_term_string}\"},\"query-input\":{\"@type\":\"PropertyValueSpecification\",\"valueRequired\":true,\"valueName\":\"search_term_string\"}}],\"inLanguage\":\"lt-LT\"},{\"@type\":\"Organization\",\"@id\":\"https:\/\/zoosalis.lv\/#organization\",\"name\":\"Zoo\u0161alis.lt\",\"url\":\"https:\/\/zoosalis.lv\/\",\"logo\":{\"@type\":\"ImageObject\",\"inLanguage\":\"lt-LT\",\"@id\":\"https:\/\/zoosalis.lv\/#\/schema\/logo\/image\/\",\"url\":\"https:\/\/zoosalis.lv\/wp-content\/uploads\/2024\/02\/Group-62.png\",\"contentUrl\":\"https:\/\/zoosalis.lv\/wp-content\/uploads\/2024\/02\/Group-62.png\",\"width\":1537,\"height\":337,\"caption\":\"Zoo\u0161alis.lt\"},\"image\":{\"@id\":\"https:\/\/zoosalis.lv\/#\/schema\/logo\/image\/\"},\"sameAs\":[\"https:\/\/www.facebook.com\/zooprekesjums\/\"]}]}<\/script>\n<!-- \/ Yoast SEO plugin. -->","yoast_head_json":{"title":"Murrfect Natural tofu kraikas kat\u0117ms nat\u016bralaus kvapo (bekvapis) su\u0161okantis, nedulkantis 6l * 8vnt. | Dz\u012bvnieku produkti","robots":{"index":"index","follow":"follow","max-snippet":"max-snippet:-1","max-image-preview":"max-image-preview:large","max-video-preview":"max-video-preview:-1"},"canonical":"https:\/\/zoosalis.lv\/lt\/murrfect-natural-tofu-kraikas-katems-naturalaus-kvapo-bekvapis-susokantis-nedulkantis-6l-8vnt\/","og_locale":"lt_LT","og_type":"article","og_title":"Murrfect Natural tofu kraikas kat\u0117ms nat\u016bralaus kvapo (bekvapis) su\u0161okantis, nedulkantis 6l * 8vnt. | Dz\u012bvnieku produkti","og_description":"Purrfect Natural tofu kraikas kat\u0117ms nat\u016bralaus kvapo (bekvapis) su\u0161okantis, nedulkantis 6l * 8vnt. \u2705\u3010 Nat\u016bral\u016bs augaliniai ingredientai\u3011 Jis maksimaliai sugeria vanden\u012f ir dezodoruoja, yra nelipnus, nedulkantis ir visada palaiko oro gaivum\u0105. \u2705\u3010 Greitai su\u0161okantis ir nedulkantis\u3011 Greitas sukibimas per kelias sekundes, tvirti su\u0161ok\u0119 kamuoliukai, nelimpa kat\u0117s tualeto apa\u010dioje. Purrfect tofu kraikui yra atliekami net 5 [&hellip;]","og_url":"https:\/\/zoosalis.lv\/lt\/murrfect-natural-tofu-kraikas-katems-naturalaus-kvapo-bekvapis-susokantis-nedulkantis-6l-8vnt\/","og_site_name":"Dz\u012bvnieku produkti","article_publisher":"https:\/\/www.facebook.com\/zooprekesjums\/","article_modified_time":"2025-04-08T08:09:41+00:00","og_image":[{"width":1537,"height":337,"url":"https:\/\/zoosalis.lv\/wp-content\/uploads\/2024\/02\/Group-62.png","type":"image\/png"}],"twitter_card":"summary_large_image","twitter_misc":{"Est. reading time":"1 minut\u0117"},"schema":{"@context":"https:\/\/schema.org","@graph":[{"@type":"WebPage","@id":"https:\/\/zoosalis.lv\/murrfect-natural-tofu-kraikas-katems-naturalaus-kvapo-bekvapis-susokantis-nedulkantis-6l-8vnt\/","url":"https:\/\/zoosalis.lv\/murrfect-natural-tofu-kraikas-katems-naturalaus-kvapo-bekvapis-susokantis-nedulkantis-6l-8vnt\/","name":"Murrfect Natural tofu kraikas kat\u0117ms nat\u016bralaus kvapo (bekvapis) su\u0161okantis, nedulkantis 6l * 8vnt. | Dz\u012bvnieku produkti","isPartOf":{"@id":"https:\/\/zoosalis.lv\/#website"},"primaryImageOfPage":{"@id":"https:\/\/zoosalis.lv\/murrfect-natural-tofu-kraikas-katems-naturalaus-kvapo-bekvapis-susokantis-nedulkantis-6l-8vnt\/#primaryimage"},"image":{"@id":"https:\/\/zoosalis.lv\/murrfect-natural-tofu-kraikas-katems-naturalaus-kvapo-bekvapis-susokantis-nedulkantis-6l-8vnt\/#primaryimage"},"thumbnailUrl":"https:\/\/zoosalis.lv\/wp-content\/uploads\/2025\/04\/Murrfect-3-1.jpg","datePublished":"2025-04-08T08:09:37+00:00","dateModified":"2025-04-08T08:09:41+00:00","breadcrumb":{"@id":"https:\/\/zoosalis.lv\/murrfect-natural-tofu-kraikas-katems-naturalaus-kvapo-bekvapis-susokantis-nedulkantis-6l-8vnt\/#breadcrumb"},"inLanguage":"lt-LT","potentialAction":[{"@type":"ReadAction","target":["https:\/\/zoosalis.lv\/murrfect-natural-tofu-kraikas-katems-naturalaus-kvapo-bekvapis-susokantis-nedulkantis-6l-8vnt\/"]}]},{"@type":"ImageObject","inLanguage":"lt-LT","@id":"https:\/\/zoosalis.lv\/murrfect-natural-tofu-kraikas-katems-naturalaus-kvapo-bekvapis-susokantis-nedulkantis-6l-8vnt\/#primaryimage","url":"https:\/\/zoosalis.lv\/wp-content\/uploads\/2025\/04\/Murrfect-3-1.jpg","contentUrl":"https:\/\/zoosalis.lv\/wp-content\/uploads\/2025\/04\/Murrfect-3-1.jpg","width":1000,"height":1000},{"@type":"BreadcrumbList","@id":"https:\/\/zoosalis.lv\/murrfect-natural-tofu-kraikas-katems-naturalaus-kvapo-bekvapis-susokantis-nedulkantis-6l-8vnt\/#breadcrumb","itemListElement":[{"@type":"ListItem","position":1,"name":"Home","item":"https:\/\/zoosalis.lv\/"},{"@type":"ListItem","position":2,"name":"Parduotuv\u0117","item":"https:\/\/zoosalis.lv\/parduotuve\/"},{"@type":"ListItem","position":3,"name":"Murrfect Natural tofu kraikas kat\u0117ms nat\u016bralaus kvapo (bekvapis) su\u0161okantis, nedulkantis 6l * 8vnt."}]},{"@type":"WebSite","@id":"https:\/\/zoosalis.lv\/#website","url":"https:\/\/zoosalis.lv\/","name":"Dz\u012bvnieku produkti","description":"zoo\u0161alis.lt","publisher":{"@id":"https:\/\/zoosalis.lv\/#organization"},"potentialAction":[{"@type":"SearchAction","target":{"@type":"EntryPoint","urlTemplate":"https:\/\/zoosalis.lv\/?s={search_term_string}"},"query-input":{"@type":"PropertyValueSpecification","valueRequired":true,"valueName":"search_term_string"}}],"inLanguage":"lt-LT"},{"@type":"Organization","@id":"https:\/\/zoosalis.lv\/#organization","name":"Zoo\u0161alis.lt","url":"https:\/\/zoosalis.lv\/","logo":{"@type":"ImageObject","inLanguage":"lt-LT","@id":"https:\/\/zoosalis.lv\/#\/schema\/logo\/image\/","url":"https:\/\/zoosalis.lv\/wp-content\/uploads\/2024\/02\/Group-62.png","contentUrl":"https:\/\/zoosalis.lv\/wp-content\/uploads\/2024\/02\/Group-62.png","width":1537,"height":337,"caption":"Zoo\u0161alis.lt"},"image":{"@id":"https:\/\/zoosalis.lv\/#\/schema\/logo\/image\/"},"sameAs":["https:\/\/www.facebook.com\/zooprekesjums\/"]}]}},"_links":{"self":[{"href":"https:\/\/zoosalis.lv\/lt\/wp-json\/wp\/v2\/product\/21993"}],"collection":[{"href":"https:\/\/zoosalis.lv\/lt\/wp-json\/wp\/v2\/product"}],"about":[{"href":"https:\/\/zoosalis.lv\/lt\/wp-json\/wp\/v2\/types\/product"}],"replies":[{"embeddable":true,"href":"https:\/\/zoosalis.lv\/lt\/wp-json\/wp\/v2\/comments?post=21993"}],"wp:featuredmedia":[{"embeddable":true,"href":"https:\/\/zoosalis.lv\/lt\/wp-json\/wp\/v2\/media\/18569"}],"wp:attachment":[{"href":"https:\/\/zoosalis.lv\/lt\/wp-json\/wp\/v2\/media?parent=21993"}],"wp:term":[{"taxonomy":"product_brand","embeddable":true,"href":"https:\/\/zoosalis.lv\/lt\/wp-json\/wp\/v2\/product_brand?post=21993"},{"taxonomy":"product_cat","embeddable":true,"href":"https:\/\/zoosalis.lv\/lt\/wp-json\/wp\/v2\/product_cat?post=21993"},{"taxonomy":"product_tag","embeddable":true,"href":"https:\/\/zoosalis.lv\/lt\/wp-json\/wp\/v2\/product_tag?post=21993"}],"curies":[{"name":"wp","href":"https:\/\/api.w.org\/{rel}","templated":true}]}}