{"id":22324,"date":"2025-04-08T08:10:46","date_gmt":"2025-04-08T08:10:46","guid":{"rendered":"https:\/\/zoosalis.lv\/?post_type=product&#038;p=22324"},"modified":"2025-04-08T08:11:04","modified_gmt":"2025-04-08T08:11:04","slug":"delickcious-juosteles-su-lasisa-ir-suriu-kremineje-sriuboje-katems-85-g","status":"publish","type":"product","link":"https:\/\/zoosalis.lv\/lt\/delickcious-juosteles-su-lasisa-ir-suriu-kremineje-sriuboje-katems-85-g\/","title":{"rendered":"Delickcious juostel\u0117s su la\u0161i\u0161a ir s\u016briu kremin\u0117je sriuboje kat\u0117ms, 85 g"},"content":{"rendered":"<p><strong>Delickcious juostel\u0117s su la\u0161i\u0161a ir s\u016briu kremin\u0117je sriuboje kat\u0117ms.<\/strong>&nbsp;Visavertis konservuotas&nbsp;maistas&nbsp;suaugusioms&nbsp;kat\u0117ms.<\/p><p>Juostel\u0117s su la\u0161i\u0161a \u0161velnioje s\u016brio kremin\u0117je sriuboje \u2013 idealiai subalansuotas konservuotas maistas, kuris tinka suaugusioms \u012fvairaus am\u017eiaus ir vis\u0173 veisli\u0173 kat\u0117ms. Kokybi\u0161ki ingredientai u\u017etikrina puik\u0173 pasirinkim\u0105 tiek kasdieniam maitinimui, tiek akimirkoms, kai norite palepinti savo kat\u0119.&nbsp;<\/p><p>Delickcious. Not just pet food, but Wow-licking good!<\/p><p>Privalumai:&nbsp;<\/p><ul class=\"wp-block-list\"><li>Ypatingas receptas<\/li>\n\n<li>Matomos, juntamos ir gard\u017eios juostel\u0117s\u00a0<\/li>\n\n<li>Puikus baltym\u0173 \u0161altinis suteikia kasdien\u0117s energijos<\/li>\n\n<li>Omega-3 ir Omega-6 blizgan\u010diam kailiui ir sveikai odai<\/li>\n\n<li>U\u017etikrina subalansuot\u0105 kasdien\u0119 mityb\u0105<\/li><\/ul><p><strong>Sudedamosios dalys<\/strong><\/p><p>Sud\u0117tis: 62 % m\u0117sa ir m\u0117sos perdirbimo produktai juostel\u0117se, \u017euvys ir \u017euv\u0173 perdirbimo produktai (4 % la\u0161i\u0161os), mineralai, augalini\u0173 baltym\u0173 ekstraktai, augaliniai produktai, pienas ir pieno perdirbimo produktai (s\u016brio milteliai 1,2 % (atitinka 2,26 % s\u016brio)), aliejai ir riebalai (la\u0161i\u0161\u0173 aliejus 0,3 %), gr\u016bdai, \u012fvair\u016bs cukr\u016bs.<\/p><p>Analitin\u0117s sudedamosios dalys: \u017eali baltymai 6,5 %, \u017eali riebalai 3,5 %, \u017eali pelenai 2 %, \u017ealia l\u0105steliena 0,4 %, dr\u0117gnis 82 %, omega-3 riebal\u0173 r\u016bg\u0161tys 0,16 %, omega-6 riebal\u0173 r\u016bg\u0161tys 0,49 %.<\/p><p>Priedai (1kg \u0117dalo): Maistiniai priedai: vitaminas D3 (3a671): 146,67 TV, vitaminas E (3a700): 73,33 mg; varis (3b405): 1 mg, manganas (3b503): 2,3 mg, cinkas (3b605): 12,4 mg, jodas (3b201): 0,5 mg.<\/p><p>Energetin\u0117 vert\u0117 100 g \u0117dalo: 305 kJ (73 kcal).<\/p><p><strong>\u0160\u0117rimo rekomendacija<\/strong><\/p><p>Rekomenduojamas dienos maisto kiekis: \u017ei\u016br\u0117ti ant pakuot\u0117s. \u0116dalo porcija turi b\u016bti kambario temperat\u016bros. B\u016btina pratinti prie \u0117dalo palaipsniui (bent jau per pirm\u0105sias 5 dienas). Visada turi b\u016bti \u012fpilta \u0161varaus ir \u0161vie\u017eio vandens. Individualios \u0161\u0117rimo normos gali skirtis atsi\u017evelgiant \u012f am\u017ei\u0173, veisl\u0119, aktyvumo lyg\u012f ir naminio gyv\u016bn\u0117lio buvimo aplink\u0105.<\/p><p>Laikymo s\u0105lygos: Laikyti sausoje vietoje, nuo +6 \u00baC iki +30 \u00baC temperat\u016broje. Atidaryt\u0105 pakuot\u0119 laikyti \u0161aldytuve ir suvartoti ne ilgiau kaip per 48 valandas.<\/p>","protected":false},"excerpt":{"rendered":"<p><strong data-rich-text-format-boundary=\"true\">Delickcious juostel\u0117s su la\u0161i\u0161a ir s\u016briu kremin\u0117je sriuboje kat\u0117ms.<\/strong>\u00a0Visavertis konservuotas\u00a0maistas\u00a0suaugusioms\u00a0kat\u0117ms.<\/p>\n","protected":false},"featured_media":19576,"comment_status":"open","ping_status":"closed","template":"","meta":{"_acf_changed":false,"_monsterinsights_skip_tracking":false,"_monsterinsights_sitenote_active":false,"_monsterinsights_sitenote_note":"","_monsterinsights_sitenote_category":0},"product_brand":[],"product_cat":[886],"product_tag":[],"class_list":{"0":"post-22324","1":"product","2":"type-product","3":"status-publish","4":"has-post-thumbnail","6":"product_cat-konservai-katems","8":"first","9":"instock","10":"shipping-taxable","11":"purchasable","12":"product-type-simple"},"acf":[],"aioseo_notices":[],"yoast_head":"<!-- This site is optimized with the Yoast SEO plugin v24.8.1 - https:\/\/yoast.com\/wordpress\/plugins\/seo\/ -->\n<title>Delickcious juostel\u0117s su la\u0161i\u0161a ir s\u016briu kremin\u0117je sriuboje kat\u0117ms, 85 g | Dz\u012bvnieku produkti<\/title>\n<meta name=\"robots\" content=\"index, follow, max-snippet:-1, max-image-preview:large, max-video-preview:-1\" \/>\n<link rel=\"canonical\" href=\"https:\/\/zoosalis.lv\/lt\/delickcious-juosteles-su-lasisa-ir-suriu-kremineje-sriuboje-katems-85-g\/\" \/>\n<meta property=\"og:locale\" content=\"lt_LT\" \/>\n<meta property=\"og:type\" content=\"article\" \/>\n<meta property=\"og:title\" content=\"Delickcious juostel\u0117s su la\u0161i\u0161a ir s\u016briu kremin\u0117je sriuboje kat\u0117ms, 85 g | Dz\u012bvnieku produkti\" \/>\n<meta property=\"og:description\" content=\"Delickcious juostel\u0117s su la\u0161i\u0161a ir s\u016briu kremin\u0117je sriuboje kat\u0117ms.\u00a0Visavertis konservuotas\u00a0maistas\u00a0suaugusioms\u00a0kat\u0117ms.\" \/>\n<meta property=\"og:url\" content=\"https:\/\/zoosalis.lv\/lt\/delickcious-juosteles-su-lasisa-ir-suriu-kremineje-sriuboje-katems-85-g\/\" \/>\n<meta property=\"og:site_name\" content=\"Dz\u012bvnieku produkti\" \/>\n<meta property=\"article:publisher\" content=\"https:\/\/www.facebook.com\/zooprekesjums\/\" \/>\n<meta property=\"article:modified_time\" content=\"2025-04-08T08:11:04+00:00\" \/>\n<meta property=\"og:image\" content=\"https:\/\/zoosalis.lv\/wp-content\/uploads\/2024\/02\/Group-62.png\" \/>\n\t<meta property=\"og:image:width\" content=\"1537\" \/>\n\t<meta property=\"og:image:height\" content=\"337\" \/>\n\t<meta property=\"og:image:type\" content=\"image\/png\" \/>\n<meta name=\"twitter:card\" content=\"summary_large_image\" \/>\n<meta name=\"twitter:label1\" content=\"Est. reading time\" \/>\n\t<meta name=\"twitter:data1\" content=\"2 minut\u0117s\" \/>\n<script type=\"application\/ld+json\" class=\"yoast-schema-graph\">{\"@context\":\"https:\/\/schema.org\",\"@graph\":[{\"@type\":\"WebPage\",\"@id\":\"https:\/\/zoosalis.lv\/delickcious-juosteles-su-lasisa-ir-suriu-kremineje-sriuboje-katems-85-g\/\",\"url\":\"https:\/\/zoosalis.lv\/delickcious-juosteles-su-lasisa-ir-suriu-kremineje-sriuboje-katems-85-g\/\",\"name\":\"Delickcious juostel\u0117s su la\u0161i\u0161a ir s\u016briu kremin\u0117je sriuboje kat\u0117ms, 85 g | Dz\u012bvnieku produkti\",\"isPartOf\":{\"@id\":\"https:\/\/zoosalis.lv\/#website\"},\"primaryImageOfPage\":{\"@id\":\"https:\/\/zoosalis.lv\/delickcious-juosteles-su-lasisa-ir-suriu-kremineje-sriuboje-katems-85-g\/#primaryimage\"},\"image\":{\"@id\":\"https:\/\/zoosalis.lv\/delickcious-juosteles-su-lasisa-ir-suriu-kremineje-sriuboje-katems-85-g\/#primaryimage\"},\"thumbnailUrl\":\"https:\/\/zoosalis.lv\/wp-content\/uploads\/2025\/04\/delickcious-juosteles-su-lasisa-ir-suriu-kremineje-sriuboje-katems-85-g.jpg\",\"datePublished\":\"2025-04-08T08:10:46+00:00\",\"dateModified\":\"2025-04-08T08:11:04+00:00\",\"breadcrumb\":{\"@id\":\"https:\/\/zoosalis.lv\/delickcious-juosteles-su-lasisa-ir-suriu-kremineje-sriuboje-katems-85-g\/#breadcrumb\"},\"inLanguage\":\"lt-LT\",\"potentialAction\":[{\"@type\":\"ReadAction\",\"target\":[\"https:\/\/zoosalis.lv\/delickcious-juosteles-su-lasisa-ir-suriu-kremineje-sriuboje-katems-85-g\/\"]}]},{\"@type\":\"ImageObject\",\"inLanguage\":\"lt-LT\",\"@id\":\"https:\/\/zoosalis.lv\/delickcious-juosteles-su-lasisa-ir-suriu-kremineje-sriuboje-katems-85-g\/#primaryimage\",\"url\":\"https:\/\/zoosalis.lv\/wp-content\/uploads\/2025\/04\/delickcious-juosteles-su-lasisa-ir-suriu-kremineje-sriuboje-katems-85-g.jpg\",\"contentUrl\":\"https:\/\/zoosalis.lv\/wp-content\/uploads\/2025\/04\/delickcious-juosteles-su-lasisa-ir-suriu-kremineje-sriuboje-katems-85-g.jpg\",\"width\":460,\"height\":570},{\"@type\":\"BreadcrumbList\",\"@id\":\"https:\/\/zoosalis.lv\/delickcious-juosteles-su-lasisa-ir-suriu-kremineje-sriuboje-katems-85-g\/#breadcrumb\",\"itemListElement\":[{\"@type\":\"ListItem\",\"position\":1,\"name\":\"Home\",\"item\":\"https:\/\/zoosalis.lv\/\"},{\"@type\":\"ListItem\",\"position\":2,\"name\":\"Parduotuv\u0117\",\"item\":\"https:\/\/zoosalis.lv\/parduotuve\/\"},{\"@type\":\"ListItem\",\"position\":3,\"name\":\"Delickcious juostel\u0117s su la\u0161i\u0161a ir s\u016briu kremin\u0117je sriuboje kat\u0117ms, 85 g\"}]},{\"@type\":\"WebSite\",\"@id\":\"https:\/\/zoosalis.lv\/#website\",\"url\":\"https:\/\/zoosalis.lv\/\",\"name\":\"Dz\u012bvnieku produkti\",\"description\":\"zoo\u0161alis.lt\",\"publisher\":{\"@id\":\"https:\/\/zoosalis.lv\/#organization\"},\"potentialAction\":[{\"@type\":\"SearchAction\",\"target\":{\"@type\":\"EntryPoint\",\"urlTemplate\":\"https:\/\/zoosalis.lv\/?s={search_term_string}\"},\"query-input\":{\"@type\":\"PropertyValueSpecification\",\"valueRequired\":true,\"valueName\":\"search_term_string\"}}],\"inLanguage\":\"lt-LT\"},{\"@type\":\"Organization\",\"@id\":\"https:\/\/zoosalis.lv\/#organization\",\"name\":\"Zoo\u0161alis.lt\",\"url\":\"https:\/\/zoosalis.lv\/\",\"logo\":{\"@type\":\"ImageObject\",\"inLanguage\":\"lt-LT\",\"@id\":\"https:\/\/zoosalis.lv\/#\/schema\/logo\/image\/\",\"url\":\"https:\/\/zoosalis.lv\/wp-content\/uploads\/2024\/02\/Group-62.png\",\"contentUrl\":\"https:\/\/zoosalis.lv\/wp-content\/uploads\/2024\/02\/Group-62.png\",\"width\":1537,\"height\":337,\"caption\":\"Zoo\u0161alis.lt\"},\"image\":{\"@id\":\"https:\/\/zoosalis.lv\/#\/schema\/logo\/image\/\"},\"sameAs\":[\"https:\/\/www.facebook.com\/zooprekesjums\/\"]}]}<\/script>\n<!-- \/ Yoast SEO plugin. -->","yoast_head_json":{"title":"Delickcious juostel\u0117s su la\u0161i\u0161a ir s\u016briu kremin\u0117je sriuboje kat\u0117ms, 85 g | Dz\u012bvnieku produkti","robots":{"index":"index","follow":"follow","max-snippet":"max-snippet:-1","max-image-preview":"max-image-preview:large","max-video-preview":"max-video-preview:-1"},"canonical":"https:\/\/zoosalis.lv\/lt\/delickcious-juosteles-su-lasisa-ir-suriu-kremineje-sriuboje-katems-85-g\/","og_locale":"lt_LT","og_type":"article","og_title":"Delickcious juostel\u0117s su la\u0161i\u0161a ir s\u016briu kremin\u0117je sriuboje kat\u0117ms, 85 g | Dz\u012bvnieku produkti","og_description":"Delickcious juostel\u0117s su la\u0161i\u0161a ir s\u016briu kremin\u0117je sriuboje kat\u0117ms.\u00a0Visavertis konservuotas\u00a0maistas\u00a0suaugusioms\u00a0kat\u0117ms.","og_url":"https:\/\/zoosalis.lv\/lt\/delickcious-juosteles-su-lasisa-ir-suriu-kremineje-sriuboje-katems-85-g\/","og_site_name":"Dz\u012bvnieku produkti","article_publisher":"https:\/\/www.facebook.com\/zooprekesjums\/","article_modified_time":"2025-04-08T08:11:04+00:00","og_image":[{"width":1537,"height":337,"url":"https:\/\/zoosalis.lv\/wp-content\/uploads\/2024\/02\/Group-62.png","type":"image\/png"}],"twitter_card":"summary_large_image","twitter_misc":{"Est. reading time":"2 minut\u0117s"},"schema":{"@context":"https:\/\/schema.org","@graph":[{"@type":"WebPage","@id":"https:\/\/zoosalis.lv\/delickcious-juosteles-su-lasisa-ir-suriu-kremineje-sriuboje-katems-85-g\/","url":"https:\/\/zoosalis.lv\/delickcious-juosteles-su-lasisa-ir-suriu-kremineje-sriuboje-katems-85-g\/","name":"Delickcious juostel\u0117s su la\u0161i\u0161a ir s\u016briu kremin\u0117je sriuboje kat\u0117ms, 85 g | Dz\u012bvnieku produkti","isPartOf":{"@id":"https:\/\/zoosalis.lv\/#website"},"primaryImageOfPage":{"@id":"https:\/\/zoosalis.lv\/delickcious-juosteles-su-lasisa-ir-suriu-kremineje-sriuboje-katems-85-g\/#primaryimage"},"image":{"@id":"https:\/\/zoosalis.lv\/delickcious-juosteles-su-lasisa-ir-suriu-kremineje-sriuboje-katems-85-g\/#primaryimage"},"thumbnailUrl":"https:\/\/zoosalis.lv\/wp-content\/uploads\/2025\/04\/delickcious-juosteles-su-lasisa-ir-suriu-kremineje-sriuboje-katems-85-g.jpg","datePublished":"2025-04-08T08:10:46+00:00","dateModified":"2025-04-08T08:11:04+00:00","breadcrumb":{"@id":"https:\/\/zoosalis.lv\/delickcious-juosteles-su-lasisa-ir-suriu-kremineje-sriuboje-katems-85-g\/#breadcrumb"},"inLanguage":"lt-LT","potentialAction":[{"@type":"ReadAction","target":["https:\/\/zoosalis.lv\/delickcious-juosteles-su-lasisa-ir-suriu-kremineje-sriuboje-katems-85-g\/"]}]},{"@type":"ImageObject","inLanguage":"lt-LT","@id":"https:\/\/zoosalis.lv\/delickcious-juosteles-su-lasisa-ir-suriu-kremineje-sriuboje-katems-85-g\/#primaryimage","url":"https:\/\/zoosalis.lv\/wp-content\/uploads\/2025\/04\/delickcious-juosteles-su-lasisa-ir-suriu-kremineje-sriuboje-katems-85-g.jpg","contentUrl":"https:\/\/zoosalis.lv\/wp-content\/uploads\/2025\/04\/delickcious-juosteles-su-lasisa-ir-suriu-kremineje-sriuboje-katems-85-g.jpg","width":460,"height":570},{"@type":"BreadcrumbList","@id":"https:\/\/zoosalis.lv\/delickcious-juosteles-su-lasisa-ir-suriu-kremineje-sriuboje-katems-85-g\/#breadcrumb","itemListElement":[{"@type":"ListItem","position":1,"name":"Home","item":"https:\/\/zoosalis.lv\/"},{"@type":"ListItem","position":2,"name":"Parduotuv\u0117","item":"https:\/\/zoosalis.lv\/parduotuve\/"},{"@type":"ListItem","position":3,"name":"Delickcious juostel\u0117s su la\u0161i\u0161a ir s\u016briu kremin\u0117je sriuboje kat\u0117ms, 85 g"}]},{"@type":"WebSite","@id":"https:\/\/zoosalis.lv\/#website","url":"https:\/\/zoosalis.lv\/","name":"Dz\u012bvnieku produkti","description":"zoo\u0161alis.lt","publisher":{"@id":"https:\/\/zoosalis.lv\/#organization"},"potentialAction":[{"@type":"SearchAction","target":{"@type":"EntryPoint","urlTemplate":"https:\/\/zoosalis.lv\/?s={search_term_string}"},"query-input":{"@type":"PropertyValueSpecification","valueRequired":true,"valueName":"search_term_string"}}],"inLanguage":"lt-LT"},{"@type":"Organization","@id":"https:\/\/zoosalis.lv\/#organization","name":"Zoo\u0161alis.lt","url":"https:\/\/zoosalis.lv\/","logo":{"@type":"ImageObject","inLanguage":"lt-LT","@id":"https:\/\/zoosalis.lv\/#\/schema\/logo\/image\/","url":"https:\/\/zoosalis.lv\/wp-content\/uploads\/2024\/02\/Group-62.png","contentUrl":"https:\/\/zoosalis.lv\/wp-content\/uploads\/2024\/02\/Group-62.png","width":1537,"height":337,"caption":"Zoo\u0161alis.lt"},"image":{"@id":"https:\/\/zoosalis.lv\/#\/schema\/logo\/image\/"},"sameAs":["https:\/\/www.facebook.com\/zooprekesjums\/"]}]}},"_links":{"self":[{"href":"https:\/\/zoosalis.lv\/lt\/wp-json\/wp\/v2\/product\/22324"}],"collection":[{"href":"https:\/\/zoosalis.lv\/lt\/wp-json\/wp\/v2\/product"}],"about":[{"href":"https:\/\/zoosalis.lv\/lt\/wp-json\/wp\/v2\/types\/product"}],"replies":[{"embeddable":true,"href":"https:\/\/zoosalis.lv\/lt\/wp-json\/wp\/v2\/comments?post=22324"}],"wp:featuredmedia":[{"embeddable":true,"href":"https:\/\/zoosalis.lv\/lt\/wp-json\/wp\/v2\/media\/19576"}],"wp:attachment":[{"href":"https:\/\/zoosalis.lv\/lt\/wp-json\/wp\/v2\/media?parent=22324"}],"wp:term":[{"taxonomy":"product_brand","embeddable":true,"href":"https:\/\/zoosalis.lv\/lt\/wp-json\/wp\/v2\/product_brand?post=22324"},{"taxonomy":"product_cat","embeddable":true,"href":"https:\/\/zoosalis.lv\/lt\/wp-json\/wp\/v2\/product_cat?post=22324"},{"taxonomy":"product_tag","embeddable":true,"href":"https:\/\/zoosalis.lv\/lt\/wp-json\/wp\/v2\/product_tag?post=22324"}],"curies":[{"name":"wp","href":"https:\/\/api.w.org\/{rel}","templated":true}]}}