{"id":22360,"date":"2025-04-08T08:11:33","date_gmt":"2025-04-08T08:11:33","guid":{"rendered":"https:\/\/zoosalis.lv\/?post_type=product&#038;p=22360"},"modified":"2025-04-08T08:11:37","modified_gmt":"2025-04-08T08:11:37","slug":"brit-care-cat-sterilized-konservai-katems-mais-fillets-in-gravy-healthy-rabbit-85g-24vnt","status":"publish","type":"product","link":"https:\/\/zoosalis.lv\/lt\/brit-care-cat-sterilized-konservai-katems-mais-fillets-in-gravy-healthy-rabbit-85g-24vnt\/","title":{"rendered":"Brit Care Cat Sterilized konservai kat\u0117ms mai\u0161. Fillets in Gravy Healthy Rabbit 85g. * 24vnt."},"content":{"rendered":"<h2 class=\"wp-block-heading\" id=\"product-content-section-0\">Apra\u0161ymas<\/h2><p>Kat\u0117s racionas tur\u0117t\u0173 b\u016bti \u012fvairus, skanus ir sveikas. Gardus \u201eBrit Care\u201c mai\u0161elis gali b\u016bti panaudotas kaip visavertis maistas arba kaip papildas prie sauso pa\u0161aro, siekiant padidinti \u012fvairov\u0119 ir skon\u012f. Ypa\u010d tinka labai i\u0161rankoms kat\u0117ms arba gyv\u016bnams, turintiems problem\u0173 su mityba. Sud\u0117tyje esantys \u0161altalankiai ir nasturt\u0117s padeda u\u017ekirsti keli\u0105 \u0161lapimo tak\u0173 ligoms.<\/p><ul class=\"wp-block-list\"><li>Receptai be gr\u016bd\u0173.<\/li>\n\n<li>85% m\u0117sos.<\/li>\n\n<li>Itin skanus.<\/li>\n\n<li>Sud\u0117tyje yra nat\u016brali\u0173 antioksidant\u0173: rozmarin\u0173 ekstrakto.<\/li>\n\n<li>Be prid\u0117to cukraus\u2013 be soj\u0173 \u2013 be GMO.<\/li><\/ul><h2 class=\"wp-block-heading\" id=\"product-content-section-1\">Sud\u0117tis<\/h2><p>85% m\u0117sos fil\u0117 (62% vi\u0161tiena, 15% kepenys, 8% triu\u0161iena), sultinys, 1% \u0161altalankiai, 0,5% nasturt\u0117s, mineralai, \u017eirni\u0173 krakmolas.<\/p><h2 class=\"wp-block-heading\" id=\"product-content-section-2\">Analitin\u0117s sudedamosios dalys<\/h2><p>\u017eali baltymai 9,0%, \u017eali riebalai 3,0%, \u017ealia l\u0105steliena 0,5%, \u017eali pelenai 2,0%, dr\u0117gm\u0117 82,0%, kalcis 0,25%, fosforas 0,2%, natris 0,3%.<\/p><h2 class=\"wp-block-heading\" id=\"product-content-section-3\">Maistin\u0117 sud\u0117tis<\/h2><p>vitaminas D3 (E671) 250 TV, vitaminas E (3a700) 150 mg, biotinas (3a880) 0,5 mg, cinkas (3b606) 12 mg, manganas (3b502) 3 mg, gele\u017eis (3b103) 10 mg, varis (3b405) 0,4 mg, jodas (3b201) 0,7 mg, taurinas (3a370) 500 mg, L-metioninas (3c305) 2000 mg. Sud\u0117tyje yra nat\u016brali\u0173 antioksidant\u0173: tokoferolis i\u0161 augalini\u0173 aliej\u0173 ekstrakt\u0105 (1b306), askorbilo palmitatas(1b304) ir rozmarin\u0173 ekstraktas.<\/p><h2 class=\"wp-block-heading\" id=\"product-content-section-4\">Metabolizuojama energija<\/h2><p>840 kcal\/kg.<\/p><h2 class=\"wp-block-heading\" id=\"product-content-section-5\">Maitinimo normos<\/h2><p>Rekomenduojama paros norma nurodyta lentel\u0117je. Pasir\u016bpinkite, kad visada b\u016bt\u0173 \u0161vie\u017eio geriamojo vandens. Patiekite pa\u0161ildyt\u0105 iki kambario temperat\u016bros. Atidaryt\u0105 laikyti \u0161aldytuve.<\/p><figure class=\"wp-block-table\"><table class=\"has-fixed-layout\"><tbody><tr><td>Kat\u0117s svoris (kg)<\/td><td>3<\/td><td>4-6<\/td><td>6-8<\/td><\/tr><tr><td>Konserv\u0173 per dien\u0105<\/td><td>2<\/td><td>3-4<\/td><td>4-6<\/td><\/tr><\/tbody><\/table><\/figure><p><strong>Gamintojas:<\/strong>&nbsp;VAFO PRAHA s.r.o, \u010cekija.<\/p>","protected":false},"excerpt":{"rendered":"<div class=\"product-info__excerpt\">Fil\u0117 pada\u017ee su triu\u0161iena. Pagardinta \u0161altalankiais ir nasturt\u0117mis. Visavertis, auk\u0161\u010diausio lygio begr\u016bdis pa\u0161aras suaugusioms kastruotoms kat\u0117ms.<\/div>\n<div class=\"product-prices \">\n<div class=\"product-prices__left\">\u00a0<\/div>\n<\/div>\n","protected":false},"featured_media":19658,"comment_status":"open","ping_status":"closed","template":"","meta":{"_acf_changed":false,"_monsterinsights_skip_tracking":false,"_monsterinsights_sitenote_active":false,"_monsterinsights_sitenote_note":"","_monsterinsights_sitenote_category":0},"product_brand":[],"product_cat":[886,870,876],"product_tag":[],"class_list":{"0":"post-22360","1":"product","2":"type-product","3":"status-publish","4":"has-post-thumbnail","6":"product_cat-konservai-katems","7":"product_cat-maistas-katems","8":"product_cat-sausas-kaciu-maistas","10":"first","11":"instock","12":"shipping-taxable","13":"purchasable","14":"product-type-simple"},"acf":[],"aioseo_notices":[],"yoast_head":"<!-- This site is optimized with the Yoast SEO plugin v24.8.1 - https:\/\/yoast.com\/wordpress\/plugins\/seo\/ -->\n<title>Brit Care Cat Sterilized konservai kat\u0117ms mai\u0161. Fillets in Gravy Healthy Rabbit 85g. * 24vnt. | Dz\u012bvnieku produkti<\/title>\n<meta name=\"robots\" content=\"index, follow, max-snippet:-1, max-image-preview:large, max-video-preview:-1\" \/>\n<link rel=\"canonical\" href=\"https:\/\/zoosalis.lv\/lt\/brit-care-cat-sterilized-konservai-katems-mais-fillets-in-gravy-healthy-rabbit-85g-24vnt\/\" \/>\n<meta property=\"og:locale\" content=\"lt_LT\" \/>\n<meta property=\"og:type\" content=\"article\" \/>\n<meta property=\"og:title\" content=\"Brit Care Cat Sterilized konservai kat\u0117ms mai\u0161. Fillets in Gravy Healthy Rabbit 85g. * 24vnt. | Dz\u012bvnieku produkti\" \/>\n<meta property=\"og:description\" content=\"Fil\u0117 pada\u017ee su triu\u0161iena. Pagardinta \u0161altalankiais ir nasturt\u0117mis. Visavertis, auk\u0161\u010diausio lygio begr\u016bdis pa\u0161aras suaugusioms kastruotoms kat\u0117ms.  \u00a0\" \/>\n<meta property=\"og:url\" content=\"https:\/\/zoosalis.lv\/lt\/brit-care-cat-sterilized-konservai-katems-mais-fillets-in-gravy-healthy-rabbit-85g-24vnt\/\" \/>\n<meta property=\"og:site_name\" content=\"Dz\u012bvnieku produkti\" \/>\n<meta property=\"article:publisher\" content=\"https:\/\/www.facebook.com\/zooprekesjums\/\" \/>\n<meta property=\"article:modified_time\" content=\"2025-04-08T08:11:37+00:00\" \/>\n<meta property=\"og:image\" content=\"https:\/\/zoosalis.lv\/wp-content\/uploads\/2024\/02\/Group-62.png\" \/>\n\t<meta property=\"og:image:width\" content=\"1537\" \/>\n\t<meta property=\"og:image:height\" content=\"337\" \/>\n\t<meta property=\"og:image:type\" content=\"image\/png\" \/>\n<meta name=\"twitter:card\" content=\"summary_large_image\" \/>\n<meta name=\"twitter:label1\" content=\"Est. reading time\" \/>\n\t<meta name=\"twitter:data1\" content=\"1 minut\u0117\" \/>\n<script type=\"application\/ld+json\" class=\"yoast-schema-graph\">{\"@context\":\"https:\/\/schema.org\",\"@graph\":[{\"@type\":\"WebPage\",\"@id\":\"https:\/\/zoosalis.lv\/brit-care-cat-sterilized-konservai-katems-mais-fillets-in-gravy-healthy-rabbit-85g-24vnt\/\",\"url\":\"https:\/\/zoosalis.lv\/brit-care-cat-sterilized-konservai-katems-mais-fillets-in-gravy-healthy-rabbit-85g-24vnt\/\",\"name\":\"Brit Care Cat Sterilized konservai kat\u0117ms mai\u0161. Fillets in Gravy Healthy Rabbit 85g. * 24vnt. | Dz\u012bvnieku produkti\",\"isPartOf\":{\"@id\":\"https:\/\/zoosalis.lv\/#website\"},\"primaryImageOfPage\":{\"@id\":\"https:\/\/zoosalis.lv\/brit-care-cat-sterilized-konservai-katems-mais-fillets-in-gravy-healthy-rabbit-85g-24vnt\/#primaryimage\"},\"image\":{\"@id\":\"https:\/\/zoosalis.lv\/brit-care-cat-sterilized-konservai-katems-mais-fillets-in-gravy-healthy-rabbit-85g-24vnt\/#primaryimage\"},\"thumbnailUrl\":\"https:\/\/zoosalis.lv\/wp-content\/uploads\/2025\/04\/sterilized-with-rabbit.png\",\"datePublished\":\"2025-04-08T08:11:33+00:00\",\"dateModified\":\"2025-04-08T08:11:37+00:00\",\"breadcrumb\":{\"@id\":\"https:\/\/zoosalis.lv\/brit-care-cat-sterilized-konservai-katems-mais-fillets-in-gravy-healthy-rabbit-85g-24vnt\/#breadcrumb\"},\"inLanguage\":\"lt-LT\",\"potentialAction\":[{\"@type\":\"ReadAction\",\"target\":[\"https:\/\/zoosalis.lv\/brit-care-cat-sterilized-konservai-katems-mais-fillets-in-gravy-healthy-rabbit-85g-24vnt\/\"]}]},{\"@type\":\"ImageObject\",\"inLanguage\":\"lt-LT\",\"@id\":\"https:\/\/zoosalis.lv\/brit-care-cat-sterilized-konservai-katems-mais-fillets-in-gravy-healthy-rabbit-85g-24vnt\/#primaryimage\",\"url\":\"https:\/\/zoosalis.lv\/wp-content\/uploads\/2025\/04\/sterilized-with-rabbit.png\",\"contentUrl\":\"https:\/\/zoosalis.lv\/wp-content\/uploads\/2025\/04\/sterilized-with-rabbit.png\",\"width\":1185,\"height\":1032},{\"@type\":\"BreadcrumbList\",\"@id\":\"https:\/\/zoosalis.lv\/brit-care-cat-sterilized-konservai-katems-mais-fillets-in-gravy-healthy-rabbit-85g-24vnt\/#breadcrumb\",\"itemListElement\":[{\"@type\":\"ListItem\",\"position\":1,\"name\":\"Home\",\"item\":\"https:\/\/zoosalis.lv\/\"},{\"@type\":\"ListItem\",\"position\":2,\"name\":\"Parduotuv\u0117\",\"item\":\"https:\/\/zoosalis.lv\/parduotuve\/\"},{\"@type\":\"ListItem\",\"position\":3,\"name\":\"Brit Care Cat Sterilized konservai kat\u0117ms mai\u0161. Fillets in Gravy Healthy Rabbit 85g. * 24vnt.\"}]},{\"@type\":\"WebSite\",\"@id\":\"https:\/\/zoosalis.lv\/#website\",\"url\":\"https:\/\/zoosalis.lv\/\",\"name\":\"Dz\u012bvnieku produkti\",\"description\":\"zoo\u0161alis.lt\",\"publisher\":{\"@id\":\"https:\/\/zoosalis.lv\/#organization\"},\"potentialAction\":[{\"@type\":\"SearchAction\",\"target\":{\"@type\":\"EntryPoint\",\"urlTemplate\":\"https:\/\/zoosalis.lv\/?s={search_term_string}\"},\"query-input\":{\"@type\":\"PropertyValueSpecification\",\"valueRequired\":true,\"valueName\":\"search_term_string\"}}],\"inLanguage\":\"lt-LT\"},{\"@type\":\"Organization\",\"@id\":\"https:\/\/zoosalis.lv\/#organization\",\"name\":\"Zoo\u0161alis.lt\",\"url\":\"https:\/\/zoosalis.lv\/\",\"logo\":{\"@type\":\"ImageObject\",\"inLanguage\":\"lt-LT\",\"@id\":\"https:\/\/zoosalis.lv\/#\/schema\/logo\/image\/\",\"url\":\"https:\/\/zoosalis.lv\/wp-content\/uploads\/2024\/02\/Group-62.png\",\"contentUrl\":\"https:\/\/zoosalis.lv\/wp-content\/uploads\/2024\/02\/Group-62.png\",\"width\":1537,\"height\":337,\"caption\":\"Zoo\u0161alis.lt\"},\"image\":{\"@id\":\"https:\/\/zoosalis.lv\/#\/schema\/logo\/image\/\"},\"sameAs\":[\"https:\/\/www.facebook.com\/zooprekesjums\/\"]}]}<\/script>\n<!-- \/ Yoast SEO plugin. -->","yoast_head_json":{"title":"Brit Care Cat Sterilized konservai kat\u0117ms mai\u0161. Fillets in Gravy Healthy Rabbit 85g. * 24vnt. | Dz\u012bvnieku produkti","robots":{"index":"index","follow":"follow","max-snippet":"max-snippet:-1","max-image-preview":"max-image-preview:large","max-video-preview":"max-video-preview:-1"},"canonical":"https:\/\/zoosalis.lv\/lt\/brit-care-cat-sterilized-konservai-katems-mais-fillets-in-gravy-healthy-rabbit-85g-24vnt\/","og_locale":"lt_LT","og_type":"article","og_title":"Brit Care Cat Sterilized konservai kat\u0117ms mai\u0161. Fillets in Gravy Healthy Rabbit 85g. * 24vnt. | Dz\u012bvnieku produkti","og_description":"Fil\u0117 pada\u017ee su triu\u0161iena. Pagardinta \u0161altalankiais ir nasturt\u0117mis. Visavertis, auk\u0161\u010diausio lygio begr\u016bdis pa\u0161aras suaugusioms kastruotoms kat\u0117ms.  \u00a0","og_url":"https:\/\/zoosalis.lv\/lt\/brit-care-cat-sterilized-konservai-katems-mais-fillets-in-gravy-healthy-rabbit-85g-24vnt\/","og_site_name":"Dz\u012bvnieku produkti","article_publisher":"https:\/\/www.facebook.com\/zooprekesjums\/","article_modified_time":"2025-04-08T08:11:37+00:00","og_image":[{"width":1537,"height":337,"url":"https:\/\/zoosalis.lv\/wp-content\/uploads\/2024\/02\/Group-62.png","type":"image\/png"}],"twitter_card":"summary_large_image","twitter_misc":{"Est. reading time":"1 minut\u0117"},"schema":{"@context":"https:\/\/schema.org","@graph":[{"@type":"WebPage","@id":"https:\/\/zoosalis.lv\/brit-care-cat-sterilized-konservai-katems-mais-fillets-in-gravy-healthy-rabbit-85g-24vnt\/","url":"https:\/\/zoosalis.lv\/brit-care-cat-sterilized-konservai-katems-mais-fillets-in-gravy-healthy-rabbit-85g-24vnt\/","name":"Brit Care Cat Sterilized konservai kat\u0117ms mai\u0161. Fillets in Gravy Healthy Rabbit 85g. * 24vnt. | Dz\u012bvnieku produkti","isPartOf":{"@id":"https:\/\/zoosalis.lv\/#website"},"primaryImageOfPage":{"@id":"https:\/\/zoosalis.lv\/brit-care-cat-sterilized-konservai-katems-mais-fillets-in-gravy-healthy-rabbit-85g-24vnt\/#primaryimage"},"image":{"@id":"https:\/\/zoosalis.lv\/brit-care-cat-sterilized-konservai-katems-mais-fillets-in-gravy-healthy-rabbit-85g-24vnt\/#primaryimage"},"thumbnailUrl":"https:\/\/zoosalis.lv\/wp-content\/uploads\/2025\/04\/sterilized-with-rabbit.png","datePublished":"2025-04-08T08:11:33+00:00","dateModified":"2025-04-08T08:11:37+00:00","breadcrumb":{"@id":"https:\/\/zoosalis.lv\/brit-care-cat-sterilized-konservai-katems-mais-fillets-in-gravy-healthy-rabbit-85g-24vnt\/#breadcrumb"},"inLanguage":"lt-LT","potentialAction":[{"@type":"ReadAction","target":["https:\/\/zoosalis.lv\/brit-care-cat-sterilized-konservai-katems-mais-fillets-in-gravy-healthy-rabbit-85g-24vnt\/"]}]},{"@type":"ImageObject","inLanguage":"lt-LT","@id":"https:\/\/zoosalis.lv\/brit-care-cat-sterilized-konservai-katems-mais-fillets-in-gravy-healthy-rabbit-85g-24vnt\/#primaryimage","url":"https:\/\/zoosalis.lv\/wp-content\/uploads\/2025\/04\/sterilized-with-rabbit.png","contentUrl":"https:\/\/zoosalis.lv\/wp-content\/uploads\/2025\/04\/sterilized-with-rabbit.png","width":1185,"height":1032},{"@type":"BreadcrumbList","@id":"https:\/\/zoosalis.lv\/brit-care-cat-sterilized-konservai-katems-mais-fillets-in-gravy-healthy-rabbit-85g-24vnt\/#breadcrumb","itemListElement":[{"@type":"ListItem","position":1,"name":"Home","item":"https:\/\/zoosalis.lv\/"},{"@type":"ListItem","position":2,"name":"Parduotuv\u0117","item":"https:\/\/zoosalis.lv\/parduotuve\/"},{"@type":"ListItem","position":3,"name":"Brit Care Cat Sterilized konservai kat\u0117ms mai\u0161. Fillets in Gravy Healthy Rabbit 85g. * 24vnt."}]},{"@type":"WebSite","@id":"https:\/\/zoosalis.lv\/#website","url":"https:\/\/zoosalis.lv\/","name":"Dz\u012bvnieku produkti","description":"zoo\u0161alis.lt","publisher":{"@id":"https:\/\/zoosalis.lv\/#organization"},"potentialAction":[{"@type":"SearchAction","target":{"@type":"EntryPoint","urlTemplate":"https:\/\/zoosalis.lv\/?s={search_term_string}"},"query-input":{"@type":"PropertyValueSpecification","valueRequired":true,"valueName":"search_term_string"}}],"inLanguage":"lt-LT"},{"@type":"Organization","@id":"https:\/\/zoosalis.lv\/#organization","name":"Zoo\u0161alis.lt","url":"https:\/\/zoosalis.lv\/","logo":{"@type":"ImageObject","inLanguage":"lt-LT","@id":"https:\/\/zoosalis.lv\/#\/schema\/logo\/image\/","url":"https:\/\/zoosalis.lv\/wp-content\/uploads\/2024\/02\/Group-62.png","contentUrl":"https:\/\/zoosalis.lv\/wp-content\/uploads\/2024\/02\/Group-62.png","width":1537,"height":337,"caption":"Zoo\u0161alis.lt"},"image":{"@id":"https:\/\/zoosalis.lv\/#\/schema\/logo\/image\/"},"sameAs":["https:\/\/www.facebook.com\/zooprekesjums\/"]}]}},"_links":{"self":[{"href":"https:\/\/zoosalis.lv\/lt\/wp-json\/wp\/v2\/product\/22360"}],"collection":[{"href":"https:\/\/zoosalis.lv\/lt\/wp-json\/wp\/v2\/product"}],"about":[{"href":"https:\/\/zoosalis.lv\/lt\/wp-json\/wp\/v2\/types\/product"}],"replies":[{"embeddable":true,"href":"https:\/\/zoosalis.lv\/lt\/wp-json\/wp\/v2\/comments?post=22360"}],"wp:featuredmedia":[{"embeddable":true,"href":"https:\/\/zoosalis.lv\/lt\/wp-json\/wp\/v2\/media\/19658"}],"wp:attachment":[{"href":"https:\/\/zoosalis.lv\/lt\/wp-json\/wp\/v2\/media?parent=22360"}],"wp:term":[{"taxonomy":"product_brand","embeddable":true,"href":"https:\/\/zoosalis.lv\/lt\/wp-json\/wp\/v2\/product_brand?post=22360"},{"taxonomy":"product_cat","embeddable":true,"href":"https:\/\/zoosalis.lv\/lt\/wp-json\/wp\/v2\/product_cat?post=22360"},{"taxonomy":"product_tag","embeddable":true,"href":"https:\/\/zoosalis.lv\/lt\/wp-json\/wp\/v2\/product_tag?post=22360"}],"curies":[{"name":"wp","href":"https:\/\/api.w.org\/{rel}","templated":true}]}}