{"id":22364,"date":"2025-04-08T08:11:33","date_gmt":"2025-04-08T08:11:33","guid":{"rendered":"https:\/\/zoosalis.lv\/?post_type=product&#038;p=22364"},"modified":"2025-04-08T08:11:40","modified_gmt":"2025-04-08T08:11:40","slug":"brit-premium-konservai-katems-mais-family-plate-1200g-100g-12vnt","status":"publish","type":"product","link":"https:\/\/zoosalis.lv\/lt\/brit-premium-konservai-katems-mais-family-plate-1200g-100g-12vnt\/","title":{"rendered":"Brit Premium konservai kat\u0117ms mai\u0161. Family Plate 1200g. (100g. * 12vnt.)"},"content":{"rendered":"<h2 class=\"wp-block-heading\" id=\"product-content-section-0\"><strong>Sud\u0117tis<\/strong><\/h2><p><strong>Su jautiena ir \u017eirneliais:<\/strong>&nbsp;74% m\u0117sos ir gyvulin\u0117s kilm\u0117s produkt\u0173 (jautiena 8%), augalin\u0117s kilm\u0117s subproduktai (inulinas 0,4%), dar\u017eov\u0117s (\u017eirneliai 4%), mineralin\u0117s med\u017eiagos. Be da\u017eikli\u0173, be konservant\u0173.<\/p><p><strong>Su la\u0161i\u0161a ir up\u0117takiu:&nbsp;<\/strong>60% m\u0117sos ir gyvulin\u0117s kilm\u0117s produkt\u0173, 16% \u017euv\u0173 ir j\u0173 subprodukt\u0173, (la\u0161i\u0161a 8%, up\u0117takis 8%), augalin\u0117s kilm\u0117s subproduktai (inulinas 0,4%), mineralin\u0117s med\u017eiagos. Be da\u017eikli\u0173, be konservant\u0173.<\/p><p><strong>Su menke:<\/strong>&nbsp;60% m\u0117sos ir gyvulin\u0117s kilm\u0117s produkt\u0173, 16% \u017euv\u0173 ir j\u0173 subprodukt\u0173 (menk\u0117 8%), augalin\u0117s kilm\u0117s subproduktai (inulinas 0,4%), mineralin\u0117s med\u017eiagos. Be da\u017eikli\u0173, be konservant\u0173.<\/p><p><strong>Su vi\u0161tiena ir kalakutiena:<\/strong>&nbsp;78% m\u0117sos ir gyvulin\u0117s kilm\u0117s produkt\u0173 (vi\u0161tiena 8%, kalakutiena 8%), augalin\u0117s kilm\u0117s subproduktai (inulinas 0,4%), mineralin\u0117s med\u017eiagos. Be da\u017eikli\u0173, be konservant\u0173.<\/p><h2 class=\"wp-block-heading\" id=\"product-content-section-1\"><strong>Analitin\u0117s sudedamosios dalys<\/strong><\/h2><p>\u017dali baltymai 8,5%, \u017eali aliejai ir riebalai 4,5%, \u017eali pelenai 2,5%, \u017ealia l\u0105steliena 0,4%, dr\u0117gm\u0117 82,0%.<\/p><h2 class=\"wp-block-heading\" id=\"product-content-section-2\">Priedai \/ 1 kg<\/h2><p>Maistiniai priedai: vitaminas D3 250 IU, vitaminas E 100 mg, cinkas 10 mg, manganas 2 mg, jodas 0,7 mg, varis 0,2 mg, taurinas 450 mg, biotinas 100 \u00b5g.<\/p><h2 class=\"wp-block-heading\" id=\"product-content-section-3\">Maitinimo normos<\/h2><p>Rekomenduojama paros norma nurodyta lentel\u0117je. Pasir\u016bpinkite, kad visada b\u016bt\u0173 \u0161vie\u017eio geriamojo vandens. Patiekite pa\u0161ildyt\u0105 iki kambario temperat\u016bros. Atidaryt\u0105 laikyti \u0161aldytuve.<\/p><figure class=\"wp-block-table\"><table class=\"has-fixed-layout\"><tbody><tr><td>&nbsp;Kat\u0117s svoris (kg)<\/td><td>&nbsp;2<\/td><td>4<\/td><td>6<\/td><td>8<\/td><\/tr><tr><td>Dienos norma&nbsp;pakeliais<\/td><td>1,5<\/td><td>3<\/td><td>4<\/td><td>5<\/td><\/tr><\/tbody><\/table><\/figure><p><strong>Gamintojas:<\/strong>&nbsp;VAFO PRAHA s.r.o, \u010cekija.<\/p>","protected":false},"excerpt":{"rendered":"<div class=\"product-info__excerpt\">Auk\u0161\u010diausios kokyb\u0117s visaver\u010di\u0173 konserv\u0173 suaugusioms kat\u0117ms rinkinys su m\u0117sa ir \u017euvimi.<\/div>\n<div class=\"product-prices \">\n<div class=\"product-prices__left\">\u00a0<\/div>\n<\/div>\n","protected":false},"featured_media":19668,"comment_status":"open","ping_status":"closed","template":"","meta":{"_acf_changed":false,"_monsterinsights_skip_tracking":false,"_monsterinsights_sitenote_active":false,"_monsterinsights_sitenote_note":"","_monsterinsights_sitenote_category":0},"product_brand":[],"product_cat":[886,870,876],"product_tag":[],"class_list":{"0":"post-22364","1":"product","2":"type-product","3":"status-publish","4":"has-post-thumbnail","6":"product_cat-konservai-katems","7":"product_cat-maistas-katems","8":"product_cat-sausas-kaciu-maistas","10":"first","11":"instock","12":"shipping-taxable","13":"purchasable","14":"product-type-simple"},"acf":[],"aioseo_notices":[],"yoast_head":"<!-- This site is optimized with the Yoast SEO plugin v24.8.1 - https:\/\/yoast.com\/wordpress\/plugins\/seo\/ -->\n<title>Brit Premium konservai kat\u0117ms mai\u0161. Family Plate 1200g. (100g. * 12vnt.) | Dz\u012bvnieku produkti<\/title>\n<meta name=\"robots\" content=\"index, follow, max-snippet:-1, max-image-preview:large, max-video-preview:-1\" \/>\n<link rel=\"canonical\" href=\"https:\/\/zoosalis.lv\/lt\/brit-premium-konservai-katems-mais-family-plate-1200g-100g-12vnt\/\" \/>\n<meta property=\"og:locale\" content=\"lt_LT\" \/>\n<meta property=\"og:type\" content=\"article\" \/>\n<meta property=\"og:title\" content=\"Brit Premium konservai kat\u0117ms mai\u0161. Family Plate 1200g. (100g. * 12vnt.) | Dz\u012bvnieku produkti\" \/>\n<meta property=\"og:description\" content=\"Auk\u0161\u010diausios kokyb\u0117s visaver\u010di\u0173 konserv\u0173 suaugusioms kat\u0117ms rinkinys su m\u0117sa ir \u017euvimi.  \u00a0\" \/>\n<meta property=\"og:url\" content=\"https:\/\/zoosalis.lv\/lt\/brit-premium-konservai-katems-mais-family-plate-1200g-100g-12vnt\/\" \/>\n<meta property=\"og:site_name\" content=\"Dz\u012bvnieku produkti\" \/>\n<meta property=\"article:publisher\" content=\"https:\/\/www.facebook.com\/zooprekesjums\/\" \/>\n<meta property=\"article:modified_time\" content=\"2025-04-08T08:11:40+00:00\" \/>\n<meta property=\"og:image\" content=\"https:\/\/zoosalis.lv\/wp-content\/uploads\/2024\/02\/Group-62.png\" \/>\n\t<meta property=\"og:image:width\" content=\"1537\" \/>\n\t<meta property=\"og:image:height\" content=\"337\" \/>\n\t<meta property=\"og:image:type\" content=\"image\/png\" \/>\n<meta name=\"twitter:card\" content=\"summary_large_image\" \/>\n<meta name=\"twitter:label1\" content=\"Est. reading time\" \/>\n\t<meta name=\"twitter:data1\" content=\"1 minut\u0117\" \/>\n<script type=\"application\/ld+json\" class=\"yoast-schema-graph\">{\"@context\":\"https:\/\/schema.org\",\"@graph\":[{\"@type\":\"WebPage\",\"@id\":\"https:\/\/zoosalis.lv\/brit-premium-konservai-katems-mais-family-plate-1200g-100g-12vnt\/\",\"url\":\"https:\/\/zoosalis.lv\/brit-premium-konservai-katems-mais-family-plate-1200g-100g-12vnt\/\",\"name\":\"Brit Premium konservai kat\u0117ms mai\u0161. Family Plate 1200g. (100g. * 12vnt.) | Dz\u012bvnieku produkti\",\"isPartOf\":{\"@id\":\"https:\/\/zoosalis.lv\/#website\"},\"primaryImageOfPage\":{\"@id\":\"https:\/\/zoosalis.lv\/brit-premium-konservai-katems-mais-family-plate-1200g-100g-12vnt\/#primaryimage\"},\"image\":{\"@id\":\"https:\/\/zoosalis.lv\/brit-premium-konservai-katems-mais-family-plate-1200g-100g-12vnt\/#primaryimage\"},\"thumbnailUrl\":\"https:\/\/zoosalis.lv\/wp-content\/uploads\/2025\/04\/BPC_Pouch_family-plate_chunks_fullhd.jpg\",\"datePublished\":\"2025-04-08T08:11:33+00:00\",\"dateModified\":\"2025-04-08T08:11:40+00:00\",\"breadcrumb\":{\"@id\":\"https:\/\/zoosalis.lv\/brit-premium-konservai-katems-mais-family-plate-1200g-100g-12vnt\/#breadcrumb\"},\"inLanguage\":\"lt-LT\",\"potentialAction\":[{\"@type\":\"ReadAction\",\"target\":[\"https:\/\/zoosalis.lv\/brit-premium-konservai-katems-mais-family-plate-1200g-100g-12vnt\/\"]}]},{\"@type\":\"ImageObject\",\"inLanguage\":\"lt-LT\",\"@id\":\"https:\/\/zoosalis.lv\/brit-premium-konservai-katems-mais-family-plate-1200g-100g-12vnt\/#primaryimage\",\"url\":\"https:\/\/zoosalis.lv\/wp-content\/uploads\/2025\/04\/BPC_Pouch_family-plate_chunks_fullhd.jpg\",\"contentUrl\":\"https:\/\/zoosalis.lv\/wp-content\/uploads\/2025\/04\/BPC_Pouch_family-plate_chunks_fullhd.jpg\",\"width\":1080,\"height\":1080},{\"@type\":\"BreadcrumbList\",\"@id\":\"https:\/\/zoosalis.lv\/brit-premium-konservai-katems-mais-family-plate-1200g-100g-12vnt\/#breadcrumb\",\"itemListElement\":[{\"@type\":\"ListItem\",\"position\":1,\"name\":\"Home\",\"item\":\"https:\/\/zoosalis.lv\/\"},{\"@type\":\"ListItem\",\"position\":2,\"name\":\"Parduotuv\u0117\",\"item\":\"https:\/\/zoosalis.lv\/parduotuve\/\"},{\"@type\":\"ListItem\",\"position\":3,\"name\":\"Brit Premium konservai kat\u0117ms mai\u0161. Family Plate 1200g. (100g. * 12vnt.)\"}]},{\"@type\":\"WebSite\",\"@id\":\"https:\/\/zoosalis.lv\/#website\",\"url\":\"https:\/\/zoosalis.lv\/\",\"name\":\"Dz\u012bvnieku produkti\",\"description\":\"zoo\u0161alis.lt\",\"publisher\":{\"@id\":\"https:\/\/zoosalis.lv\/#organization\"},\"potentialAction\":[{\"@type\":\"SearchAction\",\"target\":{\"@type\":\"EntryPoint\",\"urlTemplate\":\"https:\/\/zoosalis.lv\/?s={search_term_string}\"},\"query-input\":{\"@type\":\"PropertyValueSpecification\",\"valueRequired\":true,\"valueName\":\"search_term_string\"}}],\"inLanguage\":\"lt-LT\"},{\"@type\":\"Organization\",\"@id\":\"https:\/\/zoosalis.lv\/#organization\",\"name\":\"Zoo\u0161alis.lt\",\"url\":\"https:\/\/zoosalis.lv\/\",\"logo\":{\"@type\":\"ImageObject\",\"inLanguage\":\"lt-LT\",\"@id\":\"https:\/\/zoosalis.lv\/#\/schema\/logo\/image\/\",\"url\":\"https:\/\/zoosalis.lv\/wp-content\/uploads\/2024\/02\/Group-62.png\",\"contentUrl\":\"https:\/\/zoosalis.lv\/wp-content\/uploads\/2024\/02\/Group-62.png\",\"width\":1537,\"height\":337,\"caption\":\"Zoo\u0161alis.lt\"},\"image\":{\"@id\":\"https:\/\/zoosalis.lv\/#\/schema\/logo\/image\/\"},\"sameAs\":[\"https:\/\/www.facebook.com\/zooprekesjums\/\"]}]}<\/script>\n<!-- \/ Yoast SEO plugin. -->","yoast_head_json":{"title":"Brit Premium konservai kat\u0117ms mai\u0161. Family Plate 1200g. (100g. * 12vnt.) | Dz\u012bvnieku produkti","robots":{"index":"index","follow":"follow","max-snippet":"max-snippet:-1","max-image-preview":"max-image-preview:large","max-video-preview":"max-video-preview:-1"},"canonical":"https:\/\/zoosalis.lv\/lt\/brit-premium-konservai-katems-mais-family-plate-1200g-100g-12vnt\/","og_locale":"lt_LT","og_type":"article","og_title":"Brit Premium konservai kat\u0117ms mai\u0161. Family Plate 1200g. (100g. * 12vnt.) | Dz\u012bvnieku produkti","og_description":"Auk\u0161\u010diausios kokyb\u0117s visaver\u010di\u0173 konserv\u0173 suaugusioms kat\u0117ms rinkinys su m\u0117sa ir \u017euvimi.  \u00a0","og_url":"https:\/\/zoosalis.lv\/lt\/brit-premium-konservai-katems-mais-family-plate-1200g-100g-12vnt\/","og_site_name":"Dz\u012bvnieku produkti","article_publisher":"https:\/\/www.facebook.com\/zooprekesjums\/","article_modified_time":"2025-04-08T08:11:40+00:00","og_image":[{"width":1537,"height":337,"url":"https:\/\/zoosalis.lv\/wp-content\/uploads\/2024\/02\/Group-62.png","type":"image\/png"}],"twitter_card":"summary_large_image","twitter_misc":{"Est. reading time":"1 minut\u0117"},"schema":{"@context":"https:\/\/schema.org","@graph":[{"@type":"WebPage","@id":"https:\/\/zoosalis.lv\/brit-premium-konservai-katems-mais-family-plate-1200g-100g-12vnt\/","url":"https:\/\/zoosalis.lv\/brit-premium-konservai-katems-mais-family-plate-1200g-100g-12vnt\/","name":"Brit Premium konservai kat\u0117ms mai\u0161. Family Plate 1200g. (100g. * 12vnt.) | Dz\u012bvnieku produkti","isPartOf":{"@id":"https:\/\/zoosalis.lv\/#website"},"primaryImageOfPage":{"@id":"https:\/\/zoosalis.lv\/brit-premium-konservai-katems-mais-family-plate-1200g-100g-12vnt\/#primaryimage"},"image":{"@id":"https:\/\/zoosalis.lv\/brit-premium-konservai-katems-mais-family-plate-1200g-100g-12vnt\/#primaryimage"},"thumbnailUrl":"https:\/\/zoosalis.lv\/wp-content\/uploads\/2025\/04\/BPC_Pouch_family-plate_chunks_fullhd.jpg","datePublished":"2025-04-08T08:11:33+00:00","dateModified":"2025-04-08T08:11:40+00:00","breadcrumb":{"@id":"https:\/\/zoosalis.lv\/brit-premium-konservai-katems-mais-family-plate-1200g-100g-12vnt\/#breadcrumb"},"inLanguage":"lt-LT","potentialAction":[{"@type":"ReadAction","target":["https:\/\/zoosalis.lv\/brit-premium-konservai-katems-mais-family-plate-1200g-100g-12vnt\/"]}]},{"@type":"ImageObject","inLanguage":"lt-LT","@id":"https:\/\/zoosalis.lv\/brit-premium-konservai-katems-mais-family-plate-1200g-100g-12vnt\/#primaryimage","url":"https:\/\/zoosalis.lv\/wp-content\/uploads\/2025\/04\/BPC_Pouch_family-plate_chunks_fullhd.jpg","contentUrl":"https:\/\/zoosalis.lv\/wp-content\/uploads\/2025\/04\/BPC_Pouch_family-plate_chunks_fullhd.jpg","width":1080,"height":1080},{"@type":"BreadcrumbList","@id":"https:\/\/zoosalis.lv\/brit-premium-konservai-katems-mais-family-plate-1200g-100g-12vnt\/#breadcrumb","itemListElement":[{"@type":"ListItem","position":1,"name":"Home","item":"https:\/\/zoosalis.lv\/"},{"@type":"ListItem","position":2,"name":"Parduotuv\u0117","item":"https:\/\/zoosalis.lv\/parduotuve\/"},{"@type":"ListItem","position":3,"name":"Brit Premium konservai kat\u0117ms mai\u0161. Family Plate 1200g. (100g. * 12vnt.)"}]},{"@type":"WebSite","@id":"https:\/\/zoosalis.lv\/#website","url":"https:\/\/zoosalis.lv\/","name":"Dz\u012bvnieku produkti","description":"zoo\u0161alis.lt","publisher":{"@id":"https:\/\/zoosalis.lv\/#organization"},"potentialAction":[{"@type":"SearchAction","target":{"@type":"EntryPoint","urlTemplate":"https:\/\/zoosalis.lv\/?s={search_term_string}"},"query-input":{"@type":"PropertyValueSpecification","valueRequired":true,"valueName":"search_term_string"}}],"inLanguage":"lt-LT"},{"@type":"Organization","@id":"https:\/\/zoosalis.lv\/#organization","name":"Zoo\u0161alis.lt","url":"https:\/\/zoosalis.lv\/","logo":{"@type":"ImageObject","inLanguage":"lt-LT","@id":"https:\/\/zoosalis.lv\/#\/schema\/logo\/image\/","url":"https:\/\/zoosalis.lv\/wp-content\/uploads\/2024\/02\/Group-62.png","contentUrl":"https:\/\/zoosalis.lv\/wp-content\/uploads\/2024\/02\/Group-62.png","width":1537,"height":337,"caption":"Zoo\u0161alis.lt"},"image":{"@id":"https:\/\/zoosalis.lv\/#\/schema\/logo\/image\/"},"sameAs":["https:\/\/www.facebook.com\/zooprekesjums\/"]}]}},"_links":{"self":[{"href":"https:\/\/zoosalis.lv\/lt\/wp-json\/wp\/v2\/product\/22364"}],"collection":[{"href":"https:\/\/zoosalis.lv\/lt\/wp-json\/wp\/v2\/product"}],"about":[{"href":"https:\/\/zoosalis.lv\/lt\/wp-json\/wp\/v2\/types\/product"}],"replies":[{"embeddable":true,"href":"https:\/\/zoosalis.lv\/lt\/wp-json\/wp\/v2\/comments?post=22364"}],"wp:featuredmedia":[{"embeddable":true,"href":"https:\/\/zoosalis.lv\/lt\/wp-json\/wp\/v2\/media\/19668"}],"wp:attachment":[{"href":"https:\/\/zoosalis.lv\/lt\/wp-json\/wp\/v2\/media?parent=22364"}],"wp:term":[{"taxonomy":"product_brand","embeddable":true,"href":"https:\/\/zoosalis.lv\/lt\/wp-json\/wp\/v2\/product_brand?post=22364"},{"taxonomy":"product_cat","embeddable":true,"href":"https:\/\/zoosalis.lv\/lt\/wp-json\/wp\/v2\/product_cat?post=22364"},{"taxonomy":"product_tag","embeddable":true,"href":"https:\/\/zoosalis.lv\/lt\/wp-json\/wp\/v2\/product_tag?post=22364"}],"curies":[{"name":"wp","href":"https:\/\/api.w.org\/{rel}","templated":true}]}}