{"id":22385,"date":"2025-04-08T08:11:35","date_gmt":"2025-04-08T08:11:35","guid":{"rendered":"https:\/\/zoosalis.lv\/?post_type=product&#038;p=22385"},"modified":"2025-04-08T08:11:55","modified_gmt":"2025-04-08T08:11:55","slug":"brit-care-konservai-sunims-chickenturkey-patemeat-for-puppy-400g-x-6vnt","status":"publish","type":"product","link":"https:\/\/zoosalis.lv\/lt\/brit-care-konservai-sunims-chickenturkey-patemeat-for-puppy-400g-x-6vnt\/","title":{"rendered":"Brit Care konservai \u0161unims Chicken&amp;Turkey Pate&amp;Meat for Puppy 400g. x 6vnt."},"content":{"rendered":"<h2 class=\"wp-block-heading\" id=\"product-content-section-0\">Apra\u0161ymas<\/h2><p>Nat\u016bralios m\u0117sos gabaliukai su pa\u0161tetu.<\/p><p>Didel\u0117 kokybi\u0161kos m\u0117sos dalis ir jos \u0161velnus apdorojimas garantuoja puik\u0173 skon\u012f ir aromat\u0105. Tobulai patenkins i\u0161rankiausius \u0161unis gurmanus.<\/p><p>Brit Pat\u00e9 &amp; Meat yra idealus maisto papildas. Jis padeda pagerinti maisto suvartojim\u0105 ir papildyti skys\u010dius.<\/p><p>BE GR\u016aD\u0172 \u2013 BE SOJ\u0172 \u2013 BE GMO<\/p><h2 class=\"wp-block-heading\" id=\"product-content-section-1\">Sud\u0117tis<\/h2><p>29% vi\u0161tiena, 21% kalakutiena, 8% vi\u0161tienos kepenys, 12% \u0161irdys&nbsp;ir plau\u010diai, 28,5% sultinys, 1% mineralai, 0,5% la\u0161i\u0161\u0173 aliejus.<\/p><h2 class=\"wp-block-heading\" id=\"product-content-section-2\">Analitin\u0117s sudedamosios dalys<\/h2><p>\u017eali baltymai 11,5 %, riebalai 8,0 %, \u017eali pelenai 6,0 %, dr\u0117gm\u0117&nbsp;75,0 %, \u017eali pluo\u0161tai 0,4%.<\/p><h2 class=\"wp-block-heading\" id=\"product-content-section-3\">Priedai \/ 1 kg<\/h2><p>Maistiniai priedai: vitaminas D3 (E671) 250 IU, vitaminas E (3a700) 100 mg, cinkas (3b606) 15 mg, gele\u017eis (E1) 10 mg, manganas (E5) 3 mg, jodas (3b201) 0,75 mg, varis (E4) 0,5 mg, biotinas 0,2 mg.<\/p><h2 class=\"wp-block-heading\" id=\"product-content-section-4\">Maitinimo normos<\/h2><figure class=\"wp-block-table\"><table class=\"has-fixed-layout\"><tbody><tr><td><strong>\u0160uniuko svoris suaugus (kg) \/ dabartinis am\u017eius m\u0117nesiais<\/strong><\/td><td><strong>Small (1-10kg)<\/strong><\/td><td><strong>Medium (10-25kg)<\/strong><\/td><td><strong>Large (25 \u2013 45kg)<\/strong><\/td><\/tr><tr><td><strong>2-3 m\u0117nesiai<\/strong><\/td><td>35-300 g<\/td><td>300-550 g<\/td><td>550-650 g<\/td><\/tr><tr><td><strong>4-8 m\u0117nesiai<\/strong><\/td><td>50-450 g<\/td><td>450-900 g<\/td><td>900-1300 g<\/td><\/tr><tr><td><strong>9-12 m\u0117nesi\u0173<\/strong><\/td><td>50-400 g<\/td><td>400-900 g<\/td><td>900-1300 g<\/td><\/tr><\/tbody><\/table><\/figure><p>Dienos norma gali kisti atsi\u017evelgiant \u012f \u0161uniuko&nbsp;veisl\u0119, dyd\u012f, am\u017ei\u0173, temperament\u0105, aktyvumo lyg\u012f, met\u0173 laik\u0173 faktorius&nbsp;ir turi b\u016bti padalintas \u012f du \u0161\u0117rimus per dien\u0105.<\/p><p>Gamintojas: VAFO PRAHA s.r.o, \u010cekija.<\/p>","protected":false},"excerpt":{"rendered":"<div class=\"product-info__excerpt\">70% vi\u0161tienos ir kalakutienos. Grynas m\u0117sos pa\u0161tetas. Maisto papildas \u0161uniukams ir jauniems \u0161unims.<\/div>\n<div class=\"product-prices \">\n<div class=\"product-prices__left\">\u00a0<\/div>\n<\/div>\n","protected":false},"featured_media":19714,"comment_status":"open","ping_status":"closed","template":"","meta":{"_acf_changed":false,"_monsterinsights_skip_tracking":false,"_monsterinsights_sitenote_active":false,"_monsterinsights_sitenote_note":"","_monsterinsights_sitenote_category":0},"product_brand":[],"product_cat":[875,873,874],"product_tag":[],"class_list":{"0":"post-22385","1":"product","2":"type-product","3":"status-publish","4":"has-post-thumbnail","6":"product_cat-konservai-sunims","7":"product_cat-prekes-sunims","8":"product_cat-sunu-maistas","10":"first","11":"instock","12":"shipping-taxable","13":"purchasable","14":"product-type-simple"},"acf":[],"aioseo_notices":[],"yoast_head":"<!-- This site is optimized with the Yoast SEO plugin v24.8.1 - https:\/\/yoast.com\/wordpress\/plugins\/seo\/ -->\n<title>Brit Care konservai \u0161unims Chicken&amp;Turkey Pate&amp;Meat for Puppy 400g. x 6vnt. | Dz\u012bvnieku produkti<\/title>\n<meta name=\"robots\" content=\"index, follow, max-snippet:-1, max-image-preview:large, max-video-preview:-1\" \/>\n<link rel=\"canonical\" href=\"https:\/\/zoosalis.lv\/lt\/brit-care-konservai-sunims-chickenturkey-patemeat-for-puppy-400g-x-6vnt\/\" \/>\n<meta property=\"og:locale\" content=\"lt_LT\" \/>\n<meta property=\"og:type\" content=\"article\" \/>\n<meta property=\"og:title\" content=\"Brit Care konservai \u0161unims Chicken&amp;Turkey Pate&amp;Meat for Puppy 400g. x 6vnt. | Dz\u012bvnieku produkti\" \/>\n<meta property=\"og:description\" content=\"70% vi\u0161tienos ir kalakutienos. Grynas m\u0117sos pa\u0161tetas. Maisto papildas \u0161uniukams ir jauniems \u0161unims.  \u00a0\" \/>\n<meta property=\"og:url\" content=\"https:\/\/zoosalis.lv\/lt\/brit-care-konservai-sunims-chickenturkey-patemeat-for-puppy-400g-x-6vnt\/\" \/>\n<meta property=\"og:site_name\" content=\"Dz\u012bvnieku produkti\" \/>\n<meta property=\"article:publisher\" content=\"https:\/\/www.facebook.com\/zooprekesjums\/\" \/>\n<meta property=\"article:modified_time\" content=\"2025-04-08T08:11:55+00:00\" \/>\n<meta property=\"og:image\" content=\"https:\/\/zoosalis.lv\/wp-content\/uploads\/2024\/02\/Group-62.png\" \/>\n\t<meta property=\"og:image:width\" content=\"1537\" \/>\n\t<meta property=\"og:image:height\" content=\"337\" \/>\n\t<meta property=\"og:image:type\" content=\"image\/png\" \/>\n<meta name=\"twitter:card\" content=\"summary_large_image\" \/>\n<meta name=\"twitter:label1\" content=\"Est. reading time\" \/>\n\t<meta name=\"twitter:data1\" content=\"1 minut\u0117\" \/>\n<script type=\"application\/ld+json\" class=\"yoast-schema-graph\">{\"@context\":\"https:\/\/schema.org\",\"@graph\":[{\"@type\":\"WebPage\",\"@id\":\"https:\/\/zoosalis.lv\/brit-care-konservai-sunims-chickenturkey-patemeat-for-puppy-400g-x-6vnt\/\",\"url\":\"https:\/\/zoosalis.lv\/brit-care-konservai-sunims-chickenturkey-patemeat-for-puppy-400g-x-6vnt\/\",\"name\":\"Brit Care konservai \u0161unims Chicken&amp;Turkey Pate&amp;Meat for Puppy 400g. x 6vnt. | Dz\u012bvnieku produkti\",\"isPartOf\":{\"@id\":\"https:\/\/zoosalis.lv\/#website\"},\"primaryImageOfPage\":{\"@id\":\"https:\/\/zoosalis.lv\/brit-care-konservai-sunims-chickenturkey-patemeat-for-puppy-400g-x-6vnt\/#primaryimage\"},\"image\":{\"@id\":\"https:\/\/zoosalis.lv\/brit-care-konservai-sunims-chickenturkey-patemeat-for-puppy-400g-x-6vnt\/#primaryimage\"},\"thumbnailUrl\":\"https:\/\/zoosalis.lv\/wp-content\/uploads\/2025\/04\/20006613.jpg\",\"datePublished\":\"2025-04-08T08:11:35+00:00\",\"dateModified\":\"2025-04-08T08:11:55+00:00\",\"breadcrumb\":{\"@id\":\"https:\/\/zoosalis.lv\/brit-care-konservai-sunims-chickenturkey-patemeat-for-puppy-400g-x-6vnt\/#breadcrumb\"},\"inLanguage\":\"lt-LT\",\"potentialAction\":[{\"@type\":\"ReadAction\",\"target\":[\"https:\/\/zoosalis.lv\/brit-care-konservai-sunims-chickenturkey-patemeat-for-puppy-400g-x-6vnt\/\"]}]},{\"@type\":\"ImageObject\",\"inLanguage\":\"lt-LT\",\"@id\":\"https:\/\/zoosalis.lv\/brit-care-konservai-sunims-chickenturkey-patemeat-for-puppy-400g-x-6vnt\/#primaryimage\",\"url\":\"https:\/\/zoosalis.lv\/wp-content\/uploads\/2025\/04\/20006613.jpg\",\"contentUrl\":\"https:\/\/zoosalis.lv\/wp-content\/uploads\/2025\/04\/20006613.jpg\",\"width\":960,\"height\":1214},{\"@type\":\"BreadcrumbList\",\"@id\":\"https:\/\/zoosalis.lv\/brit-care-konservai-sunims-chickenturkey-patemeat-for-puppy-400g-x-6vnt\/#breadcrumb\",\"itemListElement\":[{\"@type\":\"ListItem\",\"position\":1,\"name\":\"Home\",\"item\":\"https:\/\/zoosalis.lv\/\"},{\"@type\":\"ListItem\",\"position\":2,\"name\":\"Parduotuv\u0117\",\"item\":\"https:\/\/zoosalis.lv\/parduotuve\/\"},{\"@type\":\"ListItem\",\"position\":3,\"name\":\"Brit Care konservai \u0161unims Chicken&amp;Turkey Pate&amp;Meat for Puppy 400g. x 6vnt.\"}]},{\"@type\":\"WebSite\",\"@id\":\"https:\/\/zoosalis.lv\/#website\",\"url\":\"https:\/\/zoosalis.lv\/\",\"name\":\"Dz\u012bvnieku produkti\",\"description\":\"zoo\u0161alis.lt\",\"publisher\":{\"@id\":\"https:\/\/zoosalis.lv\/#organization\"},\"potentialAction\":[{\"@type\":\"SearchAction\",\"target\":{\"@type\":\"EntryPoint\",\"urlTemplate\":\"https:\/\/zoosalis.lv\/?s={search_term_string}\"},\"query-input\":{\"@type\":\"PropertyValueSpecification\",\"valueRequired\":true,\"valueName\":\"search_term_string\"}}],\"inLanguage\":\"lt-LT\"},{\"@type\":\"Organization\",\"@id\":\"https:\/\/zoosalis.lv\/#organization\",\"name\":\"Zoo\u0161alis.lt\",\"url\":\"https:\/\/zoosalis.lv\/\",\"logo\":{\"@type\":\"ImageObject\",\"inLanguage\":\"lt-LT\",\"@id\":\"https:\/\/zoosalis.lv\/#\/schema\/logo\/image\/\",\"url\":\"https:\/\/zoosalis.lv\/wp-content\/uploads\/2024\/02\/Group-62.png\",\"contentUrl\":\"https:\/\/zoosalis.lv\/wp-content\/uploads\/2024\/02\/Group-62.png\",\"width\":1537,\"height\":337,\"caption\":\"Zoo\u0161alis.lt\"},\"image\":{\"@id\":\"https:\/\/zoosalis.lv\/#\/schema\/logo\/image\/\"},\"sameAs\":[\"https:\/\/www.facebook.com\/zooprekesjums\/\"]}]}<\/script>\n<!-- \/ Yoast SEO plugin. -->","yoast_head_json":{"title":"Brit Care konservai \u0161unims Chicken&amp;Turkey Pate&amp;Meat for Puppy 400g. x 6vnt. | Dz\u012bvnieku produkti","robots":{"index":"index","follow":"follow","max-snippet":"max-snippet:-1","max-image-preview":"max-image-preview:large","max-video-preview":"max-video-preview:-1"},"canonical":"https:\/\/zoosalis.lv\/lt\/brit-care-konservai-sunims-chickenturkey-patemeat-for-puppy-400g-x-6vnt\/","og_locale":"lt_LT","og_type":"article","og_title":"Brit Care konservai \u0161unims Chicken&amp;Turkey Pate&amp;Meat for Puppy 400g. x 6vnt. | Dz\u012bvnieku produkti","og_description":"70% vi\u0161tienos ir kalakutienos. Grynas m\u0117sos pa\u0161tetas. Maisto papildas \u0161uniukams ir jauniems \u0161unims.  \u00a0","og_url":"https:\/\/zoosalis.lv\/lt\/brit-care-konservai-sunims-chickenturkey-patemeat-for-puppy-400g-x-6vnt\/","og_site_name":"Dz\u012bvnieku produkti","article_publisher":"https:\/\/www.facebook.com\/zooprekesjums\/","article_modified_time":"2025-04-08T08:11:55+00:00","og_image":[{"width":1537,"height":337,"url":"https:\/\/zoosalis.lv\/wp-content\/uploads\/2024\/02\/Group-62.png","type":"image\/png"}],"twitter_card":"summary_large_image","twitter_misc":{"Est. reading time":"1 minut\u0117"},"schema":{"@context":"https:\/\/schema.org","@graph":[{"@type":"WebPage","@id":"https:\/\/zoosalis.lv\/brit-care-konservai-sunims-chickenturkey-patemeat-for-puppy-400g-x-6vnt\/","url":"https:\/\/zoosalis.lv\/brit-care-konservai-sunims-chickenturkey-patemeat-for-puppy-400g-x-6vnt\/","name":"Brit Care konservai \u0161unims Chicken&amp;Turkey Pate&amp;Meat for Puppy 400g. x 6vnt. | Dz\u012bvnieku produkti","isPartOf":{"@id":"https:\/\/zoosalis.lv\/#website"},"primaryImageOfPage":{"@id":"https:\/\/zoosalis.lv\/brit-care-konservai-sunims-chickenturkey-patemeat-for-puppy-400g-x-6vnt\/#primaryimage"},"image":{"@id":"https:\/\/zoosalis.lv\/brit-care-konservai-sunims-chickenturkey-patemeat-for-puppy-400g-x-6vnt\/#primaryimage"},"thumbnailUrl":"https:\/\/zoosalis.lv\/wp-content\/uploads\/2025\/04\/20006613.jpg","datePublished":"2025-04-08T08:11:35+00:00","dateModified":"2025-04-08T08:11:55+00:00","breadcrumb":{"@id":"https:\/\/zoosalis.lv\/brit-care-konservai-sunims-chickenturkey-patemeat-for-puppy-400g-x-6vnt\/#breadcrumb"},"inLanguage":"lt-LT","potentialAction":[{"@type":"ReadAction","target":["https:\/\/zoosalis.lv\/brit-care-konservai-sunims-chickenturkey-patemeat-for-puppy-400g-x-6vnt\/"]}]},{"@type":"ImageObject","inLanguage":"lt-LT","@id":"https:\/\/zoosalis.lv\/brit-care-konservai-sunims-chickenturkey-patemeat-for-puppy-400g-x-6vnt\/#primaryimage","url":"https:\/\/zoosalis.lv\/wp-content\/uploads\/2025\/04\/20006613.jpg","contentUrl":"https:\/\/zoosalis.lv\/wp-content\/uploads\/2025\/04\/20006613.jpg","width":960,"height":1214},{"@type":"BreadcrumbList","@id":"https:\/\/zoosalis.lv\/brit-care-konservai-sunims-chickenturkey-patemeat-for-puppy-400g-x-6vnt\/#breadcrumb","itemListElement":[{"@type":"ListItem","position":1,"name":"Home","item":"https:\/\/zoosalis.lv\/"},{"@type":"ListItem","position":2,"name":"Parduotuv\u0117","item":"https:\/\/zoosalis.lv\/parduotuve\/"},{"@type":"ListItem","position":3,"name":"Brit Care konservai \u0161unims Chicken&amp;Turkey Pate&amp;Meat for Puppy 400g. x 6vnt."}]},{"@type":"WebSite","@id":"https:\/\/zoosalis.lv\/#website","url":"https:\/\/zoosalis.lv\/","name":"Dz\u012bvnieku produkti","description":"zoo\u0161alis.lt","publisher":{"@id":"https:\/\/zoosalis.lv\/#organization"},"potentialAction":[{"@type":"SearchAction","target":{"@type":"EntryPoint","urlTemplate":"https:\/\/zoosalis.lv\/?s={search_term_string}"},"query-input":{"@type":"PropertyValueSpecification","valueRequired":true,"valueName":"search_term_string"}}],"inLanguage":"lt-LT"},{"@type":"Organization","@id":"https:\/\/zoosalis.lv\/#organization","name":"Zoo\u0161alis.lt","url":"https:\/\/zoosalis.lv\/","logo":{"@type":"ImageObject","inLanguage":"lt-LT","@id":"https:\/\/zoosalis.lv\/#\/schema\/logo\/image\/","url":"https:\/\/zoosalis.lv\/wp-content\/uploads\/2024\/02\/Group-62.png","contentUrl":"https:\/\/zoosalis.lv\/wp-content\/uploads\/2024\/02\/Group-62.png","width":1537,"height":337,"caption":"Zoo\u0161alis.lt"},"image":{"@id":"https:\/\/zoosalis.lv\/#\/schema\/logo\/image\/"},"sameAs":["https:\/\/www.facebook.com\/zooprekesjums\/"]}]}},"_links":{"self":[{"href":"https:\/\/zoosalis.lv\/lt\/wp-json\/wp\/v2\/product\/22385"}],"collection":[{"href":"https:\/\/zoosalis.lv\/lt\/wp-json\/wp\/v2\/product"}],"about":[{"href":"https:\/\/zoosalis.lv\/lt\/wp-json\/wp\/v2\/types\/product"}],"replies":[{"embeddable":true,"href":"https:\/\/zoosalis.lv\/lt\/wp-json\/wp\/v2\/comments?post=22385"}],"wp:featuredmedia":[{"embeddable":true,"href":"https:\/\/zoosalis.lv\/lt\/wp-json\/wp\/v2\/media\/19714"}],"wp:attachment":[{"href":"https:\/\/zoosalis.lv\/lt\/wp-json\/wp\/v2\/media?parent=22385"}],"wp:term":[{"taxonomy":"product_brand","embeddable":true,"href":"https:\/\/zoosalis.lv\/lt\/wp-json\/wp\/v2\/product_brand?post=22385"},{"taxonomy":"product_cat","embeddable":true,"href":"https:\/\/zoosalis.lv\/lt\/wp-json\/wp\/v2\/product_cat?post=22385"},{"taxonomy":"product_tag","embeddable":true,"href":"https:\/\/zoosalis.lv\/lt\/wp-json\/wp\/v2\/product_tag?post=22385"}],"curies":[{"name":"wp","href":"https:\/\/api.w.org\/{rel}","templated":true}]}}