{"id":22404,"date":"2025-04-08T08:11:58","date_gmt":"2025-04-08T08:11:58","guid":{"rendered":"https:\/\/zoosalis.lv\/?post_type=product&#038;p=22404"},"modified":"2025-04-08T08:12:13","modified_gmt":"2025-04-08T08:12:13","slug":"hau-hau-champion-idarytas-apdorotas-odos-suktinis-su-vistiena-17cm-7vnt-490g","status":"publish","type":"product","link":"https:\/\/zoosalis.lv\/lt\/hau-hau-champion-idarytas-apdorotas-odos-suktinis-su-vistiena-17cm-7vnt-490g\/","title":{"rendered":"Hau-Hau Champion \u012edarytas apdorotas odos suktinis su vi\u0161tiena 17cm, 7vnt, 490g."},"content":{"rendered":"<h1 class=\"wp-block-heading\">Apra\u0161ymas<\/h1><p> HAU-HAU u\u017epildytas kramtomasis ritin\u0117lis su vi\u0161tienos file yra skanus u\u017epildytas kaulas j\u016bs\u0173 keturkojui draugui! Karv\u0117s odos kaulas yra apsuktas vi\u0161tienos kr\u016btin\u0117l\u0117s fil\u0117 ir joje yra siurprizas: skanus vi\u0161tienos kepen\u0117li\u0173 \u012fdaras. Kramtyti kaulus yra instinktyvus \u0161un\u0173 u\u017esi\u0117mimas, be to, jie padeda i\u0161laikyti \u0161varius dantis ir burn\u0105. PrimaDog kramtomieji kaulai yra lengvi, bet skan\u016bs kramtomi skan\u0117stai, kurie palaiko j\u016bs\u0173 \u0161un\u012f aktyv\u0173 ir leid\u017eia mechani\u0161kai valyti dantis. Net i\u0161rankiems valgytojams patiks skaniai u\u017epildyti kaulai! Aplink kaul\u0105 apvyniotos vi\u0161tienos fil\u0117 yra d\u017eiovinta m\u0117sa, tod\u0117l \u012fsitikinkite, kad J\u016bs\u0173 \u0161uo visada tur\u0117t\u0173 geriamo vandens.<\/p><p>Duokite kramtalus, kaip pried\u0105 prie sublansuotos mitybos. Kramtalai neturi vir\u0161yti 10% kasdienin\u0117s mitybos ir nepakei\u010dia \u0117dalo. Pasir\u016bpinkite, kad \u0161uo visada tur\u0117t\u0173 geriamo vandens. Nerekomenduojama \u0161uniukams iki 4 m\u0117nesi\u0173. Laikyti v\u0117sioje ir sausoje vietoje. Visada steb\u0117kite savo \u0161un\u012f, kai jis (ji) valgo kramtomuosius kaulus.<\/p>","protected":false},"excerpt":{"rendered":"<p>Apra\u0161ymas HAU-HAU u\u017epildytas kramtomasis ritin\u0117lis su vi\u0161tienos file yra skanus u\u017epildytas kaulas j\u016bs\u0173 keturkojui draugui! Karv\u0117s odos kaulas yra apsuktas vi\u0161tienos kr\u016btin\u0117l\u0117s fil\u0117 ir joje yra siurprizas: skanus vi\u0161tienos kepen\u0117li\u0173 \u012fdaras. Kramtyti kaulus yra instinktyvus \u0161un\u0173 u\u017esi\u0117mimas, be to, jie padeda i\u0161laikyti \u0161varius dantis ir burn\u0105. PrimaDog kramtomieji kaulai yra lengvi, bet skan\u016bs kramtomi skan\u0117stai, [&hellip;]<\/p>\n","protected":false},"featured_media":19752,"comment_status":"open","ping_status":"closed","template":"","meta":{"_acf_changed":false,"_monsterinsights_skip_tracking":false,"_monsterinsights_sitenote_active":false,"_monsterinsights_sitenote_note":"","_monsterinsights_sitenote_category":0},"product_brand":[],"product_cat":[889,880,890,895,888,873,881],"product_tag":[],"class_list":{"0":"post-22404","1":"product","2":"type-product","3":"status-publish","4":"has-post-thumbnail","6":"product_cat-dantu-prieziura","7":"product_cat-ispardavimas","8":"product_cat-kiti-skanestai","9":"product_cat-mesadziovinta","10":"product_cat-naturalus-skanestai","11":"product_cat-prekes-sunims","12":"product_cat-skanestai-sunims","14":"first","15":"instock","16":"sale","17":"shipping-taxable","18":"purchasable","19":"product-type-simple"},"acf":[],"aioseo_notices":[],"yoast_head":"<!-- This site is optimized with the Yoast SEO plugin v24.8.1 - https:\/\/yoast.com\/wordpress\/plugins\/seo\/ -->\n<title>Hau-Hau Champion \u012edarytas apdorotas odos suktinis su vi\u0161tiena 17cm, 7vnt, 490g. | Dz\u012bvnieku produkti<\/title>\n<meta name=\"robots\" content=\"index, follow, max-snippet:-1, max-image-preview:large, max-video-preview:-1\" \/>\n<link rel=\"canonical\" href=\"https:\/\/zoosalis.lv\/lt\/hau-hau-champion-idarytas-apdorotas-odos-suktinis-su-vistiena-17cm-7vnt-490g\/\" \/>\n<meta property=\"og:locale\" content=\"lt_LT\" \/>\n<meta property=\"og:type\" content=\"article\" \/>\n<meta property=\"og:title\" content=\"Hau-Hau Champion \u012edarytas apdorotas odos suktinis su vi\u0161tiena 17cm, 7vnt, 490g. | Dz\u012bvnieku produkti\" \/>\n<meta property=\"og:description\" content=\"Apra\u0161ymas HAU-HAU u\u017epildytas kramtomasis ritin\u0117lis su vi\u0161tienos file yra skanus u\u017epildytas kaulas j\u016bs\u0173 keturkojui draugui! Karv\u0117s odos kaulas yra apsuktas vi\u0161tienos kr\u016btin\u0117l\u0117s fil\u0117 ir joje yra siurprizas: skanus vi\u0161tienos kepen\u0117li\u0173 \u012fdaras. Kramtyti kaulus yra instinktyvus \u0161un\u0173 u\u017esi\u0117mimas, be to, jie padeda i\u0161laikyti \u0161varius dantis ir burn\u0105. PrimaDog kramtomieji kaulai yra lengvi, bet skan\u016bs kramtomi skan\u0117stai, [&hellip;]\" \/>\n<meta property=\"og:url\" content=\"https:\/\/zoosalis.lv\/lt\/hau-hau-champion-idarytas-apdorotas-odos-suktinis-su-vistiena-17cm-7vnt-490g\/\" \/>\n<meta property=\"og:site_name\" content=\"Dz\u012bvnieku produkti\" \/>\n<meta property=\"article:publisher\" content=\"https:\/\/www.facebook.com\/zooprekesjums\/\" \/>\n<meta property=\"article:modified_time\" content=\"2025-04-08T08:12:13+00:00\" \/>\n<meta property=\"og:image\" content=\"https:\/\/zoosalis.lv\/wp-content\/uploads\/2024\/02\/Group-62.png\" \/>\n\t<meta property=\"og:image:width\" content=\"1537\" \/>\n\t<meta property=\"og:image:height\" content=\"337\" \/>\n\t<meta property=\"og:image:type\" content=\"image\/png\" \/>\n<meta name=\"twitter:card\" content=\"summary_large_image\" \/>\n<meta name=\"twitter:label1\" content=\"Est. reading time\" \/>\n\t<meta name=\"twitter:data1\" content=\"1 minut\u0117\" \/>\n<script type=\"application\/ld+json\" class=\"yoast-schema-graph\">{\"@context\":\"https:\/\/schema.org\",\"@graph\":[{\"@type\":\"WebPage\",\"@id\":\"https:\/\/zoosalis.lv\/hau-hau-champion-idarytas-apdorotas-odos-suktinis-su-vistiena-17cm-7vnt-490g\/\",\"url\":\"https:\/\/zoosalis.lv\/hau-hau-champion-idarytas-apdorotas-odos-suktinis-su-vistiena-17cm-7vnt-490g\/\",\"name\":\"Hau-Hau Champion \u012edarytas apdorotas odos suktinis su vi\u0161tiena 17cm, 7vnt, 490g. | Dz\u012bvnieku produkti\",\"isPartOf\":{\"@id\":\"https:\/\/zoosalis.lv\/#website\"},\"primaryImageOfPage\":{\"@id\":\"https:\/\/zoosalis.lv\/hau-hau-champion-idarytas-apdorotas-odos-suktinis-su-vistiena-17cm-7vnt-490g\/#primaryimage\"},\"image\":{\"@id\":\"https:\/\/zoosalis.lv\/hau-hau-champion-idarytas-apdorotas-odos-suktinis-su-vistiena-17cm-7vnt-490g\/#primaryimage\"},\"thumbnailUrl\":\"https:\/\/zoosalis.lv\/wp-content\/uploads\/2025\/04\/5359-HHC-Kanapururibsit-17-cm-7-kpl-490-g-6430076895592.jpg\",\"datePublished\":\"2025-04-08T08:11:58+00:00\",\"dateModified\":\"2025-04-08T08:12:13+00:00\",\"breadcrumb\":{\"@id\":\"https:\/\/zoosalis.lv\/hau-hau-champion-idarytas-apdorotas-odos-suktinis-su-vistiena-17cm-7vnt-490g\/#breadcrumb\"},\"inLanguage\":\"lt-LT\",\"potentialAction\":[{\"@type\":\"ReadAction\",\"target\":[\"https:\/\/zoosalis.lv\/hau-hau-champion-idarytas-apdorotas-odos-suktinis-su-vistiena-17cm-7vnt-490g\/\"]}]},{\"@type\":\"ImageObject\",\"inLanguage\":\"lt-LT\",\"@id\":\"https:\/\/zoosalis.lv\/hau-hau-champion-idarytas-apdorotas-odos-suktinis-su-vistiena-17cm-7vnt-490g\/#primaryimage\",\"url\":\"https:\/\/zoosalis.lv\/wp-content\/uploads\/2025\/04\/5359-HHC-Kanapururibsit-17-cm-7-kpl-490-g-6430076895592.jpg\",\"contentUrl\":\"https:\/\/zoosalis.lv\/wp-content\/uploads\/2025\/04\/5359-HHC-Kanapururibsit-17-cm-7-kpl-490-g-6430076895592.jpg\",\"width\":564,\"height\":768},{\"@type\":\"BreadcrumbList\",\"@id\":\"https:\/\/zoosalis.lv\/hau-hau-champion-idarytas-apdorotas-odos-suktinis-su-vistiena-17cm-7vnt-490g\/#breadcrumb\",\"itemListElement\":[{\"@type\":\"ListItem\",\"position\":1,\"name\":\"Home\",\"item\":\"https:\/\/zoosalis.lv\/\"},{\"@type\":\"ListItem\",\"position\":2,\"name\":\"Parduotuv\u0117\",\"item\":\"https:\/\/zoosalis.lv\/parduotuve\/\"},{\"@type\":\"ListItem\",\"position\":3,\"name\":\"Hau-Hau Champion \u012edarytas apdorotas odos suktinis su vi\u0161tiena 17cm, 7vnt, 490g.\"}]},{\"@type\":\"WebSite\",\"@id\":\"https:\/\/zoosalis.lv\/#website\",\"url\":\"https:\/\/zoosalis.lv\/\",\"name\":\"Dz\u012bvnieku produkti\",\"description\":\"zoo\u0161alis.lt\",\"publisher\":{\"@id\":\"https:\/\/zoosalis.lv\/#organization\"},\"potentialAction\":[{\"@type\":\"SearchAction\",\"target\":{\"@type\":\"EntryPoint\",\"urlTemplate\":\"https:\/\/zoosalis.lv\/?s={search_term_string}\"},\"query-input\":{\"@type\":\"PropertyValueSpecification\",\"valueRequired\":true,\"valueName\":\"search_term_string\"}}],\"inLanguage\":\"lt-LT\"},{\"@type\":\"Organization\",\"@id\":\"https:\/\/zoosalis.lv\/#organization\",\"name\":\"Zoo\u0161alis.lt\",\"url\":\"https:\/\/zoosalis.lv\/\",\"logo\":{\"@type\":\"ImageObject\",\"inLanguage\":\"lt-LT\",\"@id\":\"https:\/\/zoosalis.lv\/#\/schema\/logo\/image\/\",\"url\":\"https:\/\/zoosalis.lv\/wp-content\/uploads\/2024\/02\/Group-62.png\",\"contentUrl\":\"https:\/\/zoosalis.lv\/wp-content\/uploads\/2024\/02\/Group-62.png\",\"width\":1537,\"height\":337,\"caption\":\"Zoo\u0161alis.lt\"},\"image\":{\"@id\":\"https:\/\/zoosalis.lv\/#\/schema\/logo\/image\/\"},\"sameAs\":[\"https:\/\/www.facebook.com\/zooprekesjums\/\"]}]}<\/script>\n<!-- \/ Yoast SEO plugin. -->","yoast_head_json":{"title":"Hau-Hau Champion \u012edarytas apdorotas odos suktinis su vi\u0161tiena 17cm, 7vnt, 490g. | Dz\u012bvnieku produkti","robots":{"index":"index","follow":"follow","max-snippet":"max-snippet:-1","max-image-preview":"max-image-preview:large","max-video-preview":"max-video-preview:-1"},"canonical":"https:\/\/zoosalis.lv\/lt\/hau-hau-champion-idarytas-apdorotas-odos-suktinis-su-vistiena-17cm-7vnt-490g\/","og_locale":"lt_LT","og_type":"article","og_title":"Hau-Hau Champion \u012edarytas apdorotas odos suktinis su vi\u0161tiena 17cm, 7vnt, 490g. | Dz\u012bvnieku produkti","og_description":"Apra\u0161ymas HAU-HAU u\u017epildytas kramtomasis ritin\u0117lis su vi\u0161tienos file yra skanus u\u017epildytas kaulas j\u016bs\u0173 keturkojui draugui! Karv\u0117s odos kaulas yra apsuktas vi\u0161tienos kr\u016btin\u0117l\u0117s fil\u0117 ir joje yra siurprizas: skanus vi\u0161tienos kepen\u0117li\u0173 \u012fdaras. Kramtyti kaulus yra instinktyvus \u0161un\u0173 u\u017esi\u0117mimas, be to, jie padeda i\u0161laikyti \u0161varius dantis ir burn\u0105. PrimaDog kramtomieji kaulai yra lengvi, bet skan\u016bs kramtomi skan\u0117stai, [&hellip;]","og_url":"https:\/\/zoosalis.lv\/lt\/hau-hau-champion-idarytas-apdorotas-odos-suktinis-su-vistiena-17cm-7vnt-490g\/","og_site_name":"Dz\u012bvnieku produkti","article_publisher":"https:\/\/www.facebook.com\/zooprekesjums\/","article_modified_time":"2025-04-08T08:12:13+00:00","og_image":[{"width":1537,"height":337,"url":"https:\/\/zoosalis.lv\/wp-content\/uploads\/2024\/02\/Group-62.png","type":"image\/png"}],"twitter_card":"summary_large_image","twitter_misc":{"Est. reading time":"1 minut\u0117"},"schema":{"@context":"https:\/\/schema.org","@graph":[{"@type":"WebPage","@id":"https:\/\/zoosalis.lv\/hau-hau-champion-idarytas-apdorotas-odos-suktinis-su-vistiena-17cm-7vnt-490g\/","url":"https:\/\/zoosalis.lv\/hau-hau-champion-idarytas-apdorotas-odos-suktinis-su-vistiena-17cm-7vnt-490g\/","name":"Hau-Hau Champion \u012edarytas apdorotas odos suktinis su vi\u0161tiena 17cm, 7vnt, 490g. | Dz\u012bvnieku produkti","isPartOf":{"@id":"https:\/\/zoosalis.lv\/#website"},"primaryImageOfPage":{"@id":"https:\/\/zoosalis.lv\/hau-hau-champion-idarytas-apdorotas-odos-suktinis-su-vistiena-17cm-7vnt-490g\/#primaryimage"},"image":{"@id":"https:\/\/zoosalis.lv\/hau-hau-champion-idarytas-apdorotas-odos-suktinis-su-vistiena-17cm-7vnt-490g\/#primaryimage"},"thumbnailUrl":"https:\/\/zoosalis.lv\/wp-content\/uploads\/2025\/04\/5359-HHC-Kanapururibsit-17-cm-7-kpl-490-g-6430076895592.jpg","datePublished":"2025-04-08T08:11:58+00:00","dateModified":"2025-04-08T08:12:13+00:00","breadcrumb":{"@id":"https:\/\/zoosalis.lv\/hau-hau-champion-idarytas-apdorotas-odos-suktinis-su-vistiena-17cm-7vnt-490g\/#breadcrumb"},"inLanguage":"lt-LT","potentialAction":[{"@type":"ReadAction","target":["https:\/\/zoosalis.lv\/hau-hau-champion-idarytas-apdorotas-odos-suktinis-su-vistiena-17cm-7vnt-490g\/"]}]},{"@type":"ImageObject","inLanguage":"lt-LT","@id":"https:\/\/zoosalis.lv\/hau-hau-champion-idarytas-apdorotas-odos-suktinis-su-vistiena-17cm-7vnt-490g\/#primaryimage","url":"https:\/\/zoosalis.lv\/wp-content\/uploads\/2025\/04\/5359-HHC-Kanapururibsit-17-cm-7-kpl-490-g-6430076895592.jpg","contentUrl":"https:\/\/zoosalis.lv\/wp-content\/uploads\/2025\/04\/5359-HHC-Kanapururibsit-17-cm-7-kpl-490-g-6430076895592.jpg","width":564,"height":768},{"@type":"BreadcrumbList","@id":"https:\/\/zoosalis.lv\/hau-hau-champion-idarytas-apdorotas-odos-suktinis-su-vistiena-17cm-7vnt-490g\/#breadcrumb","itemListElement":[{"@type":"ListItem","position":1,"name":"Home","item":"https:\/\/zoosalis.lv\/"},{"@type":"ListItem","position":2,"name":"Parduotuv\u0117","item":"https:\/\/zoosalis.lv\/parduotuve\/"},{"@type":"ListItem","position":3,"name":"Hau-Hau Champion \u012edarytas apdorotas odos suktinis su vi\u0161tiena 17cm, 7vnt, 490g."}]},{"@type":"WebSite","@id":"https:\/\/zoosalis.lv\/#website","url":"https:\/\/zoosalis.lv\/","name":"Dz\u012bvnieku produkti","description":"zoo\u0161alis.lt","publisher":{"@id":"https:\/\/zoosalis.lv\/#organization"},"potentialAction":[{"@type":"SearchAction","target":{"@type":"EntryPoint","urlTemplate":"https:\/\/zoosalis.lv\/?s={search_term_string}"},"query-input":{"@type":"PropertyValueSpecification","valueRequired":true,"valueName":"search_term_string"}}],"inLanguage":"lt-LT"},{"@type":"Organization","@id":"https:\/\/zoosalis.lv\/#organization","name":"Zoo\u0161alis.lt","url":"https:\/\/zoosalis.lv\/","logo":{"@type":"ImageObject","inLanguage":"lt-LT","@id":"https:\/\/zoosalis.lv\/#\/schema\/logo\/image\/","url":"https:\/\/zoosalis.lv\/wp-content\/uploads\/2024\/02\/Group-62.png","contentUrl":"https:\/\/zoosalis.lv\/wp-content\/uploads\/2024\/02\/Group-62.png","width":1537,"height":337,"caption":"Zoo\u0161alis.lt"},"image":{"@id":"https:\/\/zoosalis.lv\/#\/schema\/logo\/image\/"},"sameAs":["https:\/\/www.facebook.com\/zooprekesjums\/"]}]}},"_links":{"self":[{"href":"https:\/\/zoosalis.lv\/lt\/wp-json\/wp\/v2\/product\/22404"}],"collection":[{"href":"https:\/\/zoosalis.lv\/lt\/wp-json\/wp\/v2\/product"}],"about":[{"href":"https:\/\/zoosalis.lv\/lt\/wp-json\/wp\/v2\/types\/product"}],"replies":[{"embeddable":true,"href":"https:\/\/zoosalis.lv\/lt\/wp-json\/wp\/v2\/comments?post=22404"}],"wp:featuredmedia":[{"embeddable":true,"href":"https:\/\/zoosalis.lv\/lt\/wp-json\/wp\/v2\/media\/19752"}],"wp:attachment":[{"href":"https:\/\/zoosalis.lv\/lt\/wp-json\/wp\/v2\/media?parent=22404"}],"wp:term":[{"taxonomy":"product_brand","embeddable":true,"href":"https:\/\/zoosalis.lv\/lt\/wp-json\/wp\/v2\/product_brand?post=22404"},{"taxonomy":"product_cat","embeddable":true,"href":"https:\/\/zoosalis.lv\/lt\/wp-json\/wp\/v2\/product_cat?post=22404"},{"taxonomy":"product_tag","embeddable":true,"href":"https:\/\/zoosalis.lv\/lt\/wp-json\/wp\/v2\/product_tag?post=22404"}],"curies":[{"name":"wp","href":"https:\/\/api.w.org\/{rel}","templated":true}]}}