{"id":22604,"date":"2025-04-08T08:15:03","date_gmt":"2025-04-08T08:15:03","guid":{"rendered":"https:\/\/zoosalis.lv\/?post_type=product&#038;p=22604"},"modified":"2025-04-08T08:15:13","modified_gmt":"2025-04-08T08:15:13","slug":"brit-gf-veterinary-diets-kons-katems-mais-urinary-and-stress-relief-85g","status":"publish","type":"product","link":"https:\/\/zoosalis.lv\/lt\/brit-gf-veterinary-diets-kons-katems-mais-urinary-and-stress-relief-85g\/","title":{"rendered":"Brit GF Veterinary Diets kons. kat\u0117ms mai\u0161. Urinary and Stress Relief 85g"},"content":{"rendered":"<h2 class=\"wp-block-heading\" id=\"product-content-section-0\">Indikacijos<\/h2><ul class=\"wp-block-list\"><li>Mitybos palaikymas sergant su stresu susijusioms ligoms.<\/li>\n\n<li>Struvit\u0173 ir oksalatini\u0173 akmen\u0173 susidarymo prevencija.<\/li>\n\n<li>Ramina stresin\u0117se situacijose.<\/li>\n\n<li>Be GMO \/ Be soj\u0173 \/ Be cukraus.<\/li>\n\n<li>Organiniai mikroelementai.<\/li>\n\n<li>Triptofanas \u2013 skatina atsipalaidavim\u0105 ir padeda ma\u017einti stres\u0105.<\/li><\/ul><h2 class=\"wp-block-heading\" id=\"product-content-section-1\">Sud\u0117tis<\/h2><p>80 % fil\u0117 m\u0117sos (60 % vi\u0161tienos, 15 % kepen\u0173, 5 % kalakutienos), hidrolizuotos vi\u0161tos kepen\u0117l\u0117s 6 %, i\u0161r\u016bgos 5 %*, lignoceliulioz\u0117 1,5 %, \u017eirni\u0173 miltai, kalcio sulfatas 0,3 % (\u0161lapim\u0105 r\u016bg\u0161tinanti med\u017eiaga), kalcio karbonatas 0,3 %, natrio chloridas 0,3 %, d\u017eiovintos spanguol\u0117s 0,1 %, mannano-oligosacharidai 0,003 %, fruktooligosacharidai 0,0022 %, \u0161eriuotoji juka 0,0022 %, inaktyvuotos bakterijos ir j\u0173 dalys (Lactobacillus helveticus HA \u2013 122, 1,5&#215;104 l\u0105steli\u0173\/kg).<\/p><h2 class=\"wp-block-heading\" id=\"product-content-section-2\">Metabolizuojama energija<\/h2><p>780 kcal\/kg.<\/p><h2 class=\"wp-block-heading\" id=\"product-content-section-3\">Analitin\u0117s sudedamosios dalys<\/h2><p>\u017eali baltymai 6,0 %, \u017eali riebalai 4,0 %, \u017ealia l\u0105steliena 0,5 %, \u017eali pelenai 2,5 %, dr\u0117gnis 82,0 %, kalcis 0,2 %, fosforas 0,2 %, natris 0,2 %, magnio 0,1 %, kalis 0,1 %, chloridai 0,15 %, siera 0,1 %, omega-3 riebal\u0173 r\u016bg\u0161tys 0,1 %, omega-6 riebal\u0173 r\u016bg\u0161tys 0,2 %, hidroksiprolinas 0,1 %, vitaminas D 70 TV\/kg metioninas 0,15 %.<\/p><h2 class=\"wp-block-heading\" id=\"product-content-section-4\">Priedai \/ 1kg:<\/h2><p>Maistiniai priedai: vitaminas A (3a672a) 3000 TV, vitaminas D3 (3a671) 70 TV, vitaminas E (3a700) 80 mg, L-karnitinas (3a310) 25 mg, cholinchloridas (3a890) 1300 mg, biotinas (3a880) 0,18 mg, vitaminas B1 (3a821) 0,8 mg, cinkas (3b612) 10 mg,manganas (3b505) 5,5 mg, gele\u017eis (3b107) 4,8 mg, jodas (3b201) 0,3 mg, varis (3b407) 0,4 mg, selenas (3b810) 0,01 mg, taurinas (3a370) 820 mg, L-metioninas (3c305) 1750 mg, L-triptofanas (3c440) 1300 mg.<\/p><h2 class=\"wp-block-heading\" id=\"product-content-section-5\">Maitinimo normos<\/h2><p>Pasitarkite su savo veterinarijos gydytoju d\u0117l Brit VD dietinio maisto vartojimo. Maistas gali pad\u0117ti i\u0161vengti struvit\u0173 kristal\u0173 susidarymo \u0161lapime, taip pat padeda padidinti \u0161lapimo r\u016bg\u0161tingum\u0105. Naudokite maist\u0105 5-12 savai\u010di\u0173, kad i\u0161 prad\u017ei\u0173 i\u0161tirpt\u0173 struvitas, ir iki 6 m\u0117nesi\u0173, kad i\u0161vengtum\u0117te struvito akmen\u0173 atsiradimo pasikartojimo. Prie\u0161 vartojant arba prie\u0161 prat\u0119siant vartojimo laikotarp\u012f, rekomenduojama pasitarti su veterinarijos gydytoju. \u012esitikinkite, kad j\u016bs\u0173 kat\u0117 visada turi prieig\u0105 prie \u0161vie\u017eio geriamojo vandens.<\/p><p><strong>\u0160\u0117rimo lentel\u0117<\/strong><\/p><figure class=\"wp-block-table\"><table><tbody><tr><td>Kat\u0117s svoris (kg)<\/td><td>2<\/td><td>4<\/td><td>6<\/td><td>10<\/td><\/tr><tr><td>Kiekis dienai (vnt.)<\/td><td>2-3<\/td><td>3-4<\/td><td>&nbsp;4-5<\/td><td>5-6<\/td><\/tr><\/tbody><\/table><\/figure>","protected":false},"excerpt":{"rendered":"<p>Visavertis dietinis pa\u0161aras kat\u0117ms \u2013 tirpina struvito akmenis, saugo nuo pakartotino struvito akmen\u0173 susidarymo, ramina stresin\u0117se situacijose.<\/p>\n","protected":false},"featured_media":20156,"comment_status":"open","ping_status":"closed","template":"","meta":{"_acf_changed":false,"_monsterinsights_skip_tracking":false,"_monsterinsights_sitenote_active":false,"_monsterinsights_sitenote_note":"","_monsterinsights_sitenote_category":0},"product_brand":[],"product_cat":[886],"product_tag":[],"class_list":{"0":"post-22604","1":"product","2":"type-product","3":"status-publish","4":"has-post-thumbnail","6":"product_cat-konservai-katems","8":"first","9":"instock","10":"shipping-taxable","11":"purchasable","12":"product-type-simple"},"acf":[],"aioseo_notices":[],"yoast_head":"<!-- This site is optimized with the Yoast SEO plugin v24.8.1 - https:\/\/yoast.com\/wordpress\/plugins\/seo\/ -->\n<title>Brit GF Veterinary Diets kons. kat\u0117ms mai\u0161. Urinary and Stress Relief 85g | Dz\u012bvnieku produkti<\/title>\n<meta name=\"robots\" content=\"index, follow, max-snippet:-1, max-image-preview:large, max-video-preview:-1\" \/>\n<link rel=\"canonical\" href=\"https:\/\/zoosalis.lv\/lt\/brit-gf-veterinary-diets-kons-katems-mais-urinary-and-stress-relief-85g\/\" \/>\n<meta property=\"og:locale\" content=\"lt_LT\" \/>\n<meta property=\"og:type\" content=\"article\" \/>\n<meta property=\"og:title\" content=\"Brit GF Veterinary Diets kons. kat\u0117ms mai\u0161. Urinary and Stress Relief 85g | Dz\u012bvnieku produkti\" \/>\n<meta property=\"og:description\" content=\"Visavertis dietinis pa\u0161aras kat\u0117ms \u2013 tirpina struvito akmenis, saugo nuo pakartotino struvito akmen\u0173 susidarymo, ramina stresin\u0117se situacijose.\" \/>\n<meta property=\"og:url\" content=\"https:\/\/zoosalis.lv\/lt\/brit-gf-veterinary-diets-kons-katems-mais-urinary-and-stress-relief-85g\/\" \/>\n<meta property=\"og:site_name\" content=\"Dz\u012bvnieku produkti\" \/>\n<meta property=\"article:publisher\" content=\"https:\/\/www.facebook.com\/zooprekesjums\/\" \/>\n<meta property=\"article:modified_time\" content=\"2025-04-08T08:15:13+00:00\" \/>\n<meta property=\"og:image\" content=\"https:\/\/zoosalis.lv\/wp-content\/uploads\/2024\/02\/Group-62.png\" \/>\n\t<meta property=\"og:image:width\" content=\"1537\" \/>\n\t<meta property=\"og:image:height\" content=\"337\" \/>\n\t<meta property=\"og:image:type\" content=\"image\/png\" \/>\n<meta name=\"twitter:card\" content=\"summary_large_image\" \/>\n<meta name=\"twitter:label1\" content=\"Est. reading time\" \/>\n\t<meta name=\"twitter:data1\" content=\"1 minut\u0117\" \/>\n<script type=\"application\/ld+json\" class=\"yoast-schema-graph\">{\"@context\":\"https:\/\/schema.org\",\"@graph\":[{\"@type\":\"WebPage\",\"@id\":\"https:\/\/zoosalis.lv\/brit-gf-veterinary-diets-kons-katems-mais-urinary-and-stress-relief-85g\/\",\"url\":\"https:\/\/zoosalis.lv\/brit-gf-veterinary-diets-kons-katems-mais-urinary-and-stress-relief-85g\/\",\"name\":\"Brit GF Veterinary Diets kons. kat\u0117ms mai\u0161. Urinary and Stress Relief 85g | Dz\u012bvnieku produkti\",\"isPartOf\":{\"@id\":\"https:\/\/zoosalis.lv\/#website\"},\"primaryImageOfPage\":{\"@id\":\"https:\/\/zoosalis.lv\/brit-gf-veterinary-diets-kons-katems-mais-urinary-and-stress-relief-85g\/#primaryimage\"},\"image\":{\"@id\":\"https:\/\/zoosalis.lv\/brit-gf-veterinary-diets-kons-katems-mais-urinary-and-stress-relief-85g\/#primaryimage\"},\"thumbnailUrl\":\"https:\/\/zoosalis.lv\/wp-content\/uploads\/2025\/04\/Brit-Veterinary-Diet-Cat-Urinary-maiselis.png\",\"datePublished\":\"2025-04-08T08:15:03+00:00\",\"dateModified\":\"2025-04-08T08:15:13+00:00\",\"breadcrumb\":{\"@id\":\"https:\/\/zoosalis.lv\/brit-gf-veterinary-diets-kons-katems-mais-urinary-and-stress-relief-85g\/#breadcrumb\"},\"inLanguage\":\"lt-LT\",\"potentialAction\":[{\"@type\":\"ReadAction\",\"target\":[\"https:\/\/zoosalis.lv\/brit-gf-veterinary-diets-kons-katems-mais-urinary-and-stress-relief-85g\/\"]}]},{\"@type\":\"ImageObject\",\"inLanguage\":\"lt-LT\",\"@id\":\"https:\/\/zoosalis.lv\/brit-gf-veterinary-diets-kons-katems-mais-urinary-and-stress-relief-85g\/#primaryimage\",\"url\":\"https:\/\/zoosalis.lv\/wp-content\/uploads\/2025\/04\/Brit-Veterinary-Diet-Cat-Urinary-maiselis.png\",\"contentUrl\":\"https:\/\/zoosalis.lv\/wp-content\/uploads\/2025\/04\/Brit-Veterinary-Diet-Cat-Urinary-maiselis.png\",\"width\":484,\"height\":473},{\"@type\":\"BreadcrumbList\",\"@id\":\"https:\/\/zoosalis.lv\/brit-gf-veterinary-diets-kons-katems-mais-urinary-and-stress-relief-85g\/#breadcrumb\",\"itemListElement\":[{\"@type\":\"ListItem\",\"position\":1,\"name\":\"Home\",\"item\":\"https:\/\/zoosalis.lv\/\"},{\"@type\":\"ListItem\",\"position\":2,\"name\":\"Parduotuv\u0117\",\"item\":\"https:\/\/zoosalis.lv\/parduotuve\/\"},{\"@type\":\"ListItem\",\"position\":3,\"name\":\"Brit GF Veterinary Diets kons. kat\u0117ms mai\u0161. Urinary and Stress Relief 85g\"}]},{\"@type\":\"WebSite\",\"@id\":\"https:\/\/zoosalis.lv\/#website\",\"url\":\"https:\/\/zoosalis.lv\/\",\"name\":\"Dz\u012bvnieku produkti\",\"description\":\"zoo\u0161alis.lt\",\"publisher\":{\"@id\":\"https:\/\/zoosalis.lv\/#organization\"},\"potentialAction\":[{\"@type\":\"SearchAction\",\"target\":{\"@type\":\"EntryPoint\",\"urlTemplate\":\"https:\/\/zoosalis.lv\/?s={search_term_string}\"},\"query-input\":{\"@type\":\"PropertyValueSpecification\",\"valueRequired\":true,\"valueName\":\"search_term_string\"}}],\"inLanguage\":\"lt-LT\"},{\"@type\":\"Organization\",\"@id\":\"https:\/\/zoosalis.lv\/#organization\",\"name\":\"Zoo\u0161alis.lt\",\"url\":\"https:\/\/zoosalis.lv\/\",\"logo\":{\"@type\":\"ImageObject\",\"inLanguage\":\"lt-LT\",\"@id\":\"https:\/\/zoosalis.lv\/#\/schema\/logo\/image\/\",\"url\":\"https:\/\/zoosalis.lv\/wp-content\/uploads\/2024\/02\/Group-62.png\",\"contentUrl\":\"https:\/\/zoosalis.lv\/wp-content\/uploads\/2024\/02\/Group-62.png\",\"width\":1537,\"height\":337,\"caption\":\"Zoo\u0161alis.lt\"},\"image\":{\"@id\":\"https:\/\/zoosalis.lv\/#\/schema\/logo\/image\/\"},\"sameAs\":[\"https:\/\/www.facebook.com\/zooprekesjums\/\"]}]}<\/script>\n<!-- \/ Yoast SEO plugin. -->","yoast_head_json":{"title":"Brit GF Veterinary Diets kons. kat\u0117ms mai\u0161. Urinary and Stress Relief 85g | Dz\u012bvnieku produkti","robots":{"index":"index","follow":"follow","max-snippet":"max-snippet:-1","max-image-preview":"max-image-preview:large","max-video-preview":"max-video-preview:-1"},"canonical":"https:\/\/zoosalis.lv\/lt\/brit-gf-veterinary-diets-kons-katems-mais-urinary-and-stress-relief-85g\/","og_locale":"lt_LT","og_type":"article","og_title":"Brit GF Veterinary Diets kons. kat\u0117ms mai\u0161. Urinary and Stress Relief 85g | Dz\u012bvnieku produkti","og_description":"Visavertis dietinis pa\u0161aras kat\u0117ms \u2013 tirpina struvito akmenis, saugo nuo pakartotino struvito akmen\u0173 susidarymo, ramina stresin\u0117se situacijose.","og_url":"https:\/\/zoosalis.lv\/lt\/brit-gf-veterinary-diets-kons-katems-mais-urinary-and-stress-relief-85g\/","og_site_name":"Dz\u012bvnieku produkti","article_publisher":"https:\/\/www.facebook.com\/zooprekesjums\/","article_modified_time":"2025-04-08T08:15:13+00:00","og_image":[{"width":1537,"height":337,"url":"https:\/\/zoosalis.lv\/wp-content\/uploads\/2024\/02\/Group-62.png","type":"image\/png"}],"twitter_card":"summary_large_image","twitter_misc":{"Est. reading time":"1 minut\u0117"},"schema":{"@context":"https:\/\/schema.org","@graph":[{"@type":"WebPage","@id":"https:\/\/zoosalis.lv\/brit-gf-veterinary-diets-kons-katems-mais-urinary-and-stress-relief-85g\/","url":"https:\/\/zoosalis.lv\/brit-gf-veterinary-diets-kons-katems-mais-urinary-and-stress-relief-85g\/","name":"Brit GF Veterinary Diets kons. kat\u0117ms mai\u0161. Urinary and Stress Relief 85g | Dz\u012bvnieku produkti","isPartOf":{"@id":"https:\/\/zoosalis.lv\/#website"},"primaryImageOfPage":{"@id":"https:\/\/zoosalis.lv\/brit-gf-veterinary-diets-kons-katems-mais-urinary-and-stress-relief-85g\/#primaryimage"},"image":{"@id":"https:\/\/zoosalis.lv\/brit-gf-veterinary-diets-kons-katems-mais-urinary-and-stress-relief-85g\/#primaryimage"},"thumbnailUrl":"https:\/\/zoosalis.lv\/wp-content\/uploads\/2025\/04\/Brit-Veterinary-Diet-Cat-Urinary-maiselis.png","datePublished":"2025-04-08T08:15:03+00:00","dateModified":"2025-04-08T08:15:13+00:00","breadcrumb":{"@id":"https:\/\/zoosalis.lv\/brit-gf-veterinary-diets-kons-katems-mais-urinary-and-stress-relief-85g\/#breadcrumb"},"inLanguage":"lt-LT","potentialAction":[{"@type":"ReadAction","target":["https:\/\/zoosalis.lv\/brit-gf-veterinary-diets-kons-katems-mais-urinary-and-stress-relief-85g\/"]}]},{"@type":"ImageObject","inLanguage":"lt-LT","@id":"https:\/\/zoosalis.lv\/brit-gf-veterinary-diets-kons-katems-mais-urinary-and-stress-relief-85g\/#primaryimage","url":"https:\/\/zoosalis.lv\/wp-content\/uploads\/2025\/04\/Brit-Veterinary-Diet-Cat-Urinary-maiselis.png","contentUrl":"https:\/\/zoosalis.lv\/wp-content\/uploads\/2025\/04\/Brit-Veterinary-Diet-Cat-Urinary-maiselis.png","width":484,"height":473},{"@type":"BreadcrumbList","@id":"https:\/\/zoosalis.lv\/brit-gf-veterinary-diets-kons-katems-mais-urinary-and-stress-relief-85g\/#breadcrumb","itemListElement":[{"@type":"ListItem","position":1,"name":"Home","item":"https:\/\/zoosalis.lv\/"},{"@type":"ListItem","position":2,"name":"Parduotuv\u0117","item":"https:\/\/zoosalis.lv\/parduotuve\/"},{"@type":"ListItem","position":3,"name":"Brit GF Veterinary Diets kons. kat\u0117ms mai\u0161. Urinary and Stress Relief 85g"}]},{"@type":"WebSite","@id":"https:\/\/zoosalis.lv\/#website","url":"https:\/\/zoosalis.lv\/","name":"Dz\u012bvnieku produkti","description":"zoo\u0161alis.lt","publisher":{"@id":"https:\/\/zoosalis.lv\/#organization"},"potentialAction":[{"@type":"SearchAction","target":{"@type":"EntryPoint","urlTemplate":"https:\/\/zoosalis.lv\/?s={search_term_string}"},"query-input":{"@type":"PropertyValueSpecification","valueRequired":true,"valueName":"search_term_string"}}],"inLanguage":"lt-LT"},{"@type":"Organization","@id":"https:\/\/zoosalis.lv\/#organization","name":"Zoo\u0161alis.lt","url":"https:\/\/zoosalis.lv\/","logo":{"@type":"ImageObject","inLanguage":"lt-LT","@id":"https:\/\/zoosalis.lv\/#\/schema\/logo\/image\/","url":"https:\/\/zoosalis.lv\/wp-content\/uploads\/2024\/02\/Group-62.png","contentUrl":"https:\/\/zoosalis.lv\/wp-content\/uploads\/2024\/02\/Group-62.png","width":1537,"height":337,"caption":"Zoo\u0161alis.lt"},"image":{"@id":"https:\/\/zoosalis.lv\/#\/schema\/logo\/image\/"},"sameAs":["https:\/\/www.facebook.com\/zooprekesjums\/"]}]}},"_links":{"self":[{"href":"https:\/\/zoosalis.lv\/lt\/wp-json\/wp\/v2\/product\/22604"}],"collection":[{"href":"https:\/\/zoosalis.lv\/lt\/wp-json\/wp\/v2\/product"}],"about":[{"href":"https:\/\/zoosalis.lv\/lt\/wp-json\/wp\/v2\/types\/product"}],"replies":[{"embeddable":true,"href":"https:\/\/zoosalis.lv\/lt\/wp-json\/wp\/v2\/comments?post=22604"}],"wp:featuredmedia":[{"embeddable":true,"href":"https:\/\/zoosalis.lv\/lt\/wp-json\/wp\/v2\/media\/20156"}],"wp:attachment":[{"href":"https:\/\/zoosalis.lv\/lt\/wp-json\/wp\/v2\/media?parent=22604"}],"wp:term":[{"taxonomy":"product_brand","embeddable":true,"href":"https:\/\/zoosalis.lv\/lt\/wp-json\/wp\/v2\/product_brand?post=22604"},{"taxonomy":"product_cat","embeddable":true,"href":"https:\/\/zoosalis.lv\/lt\/wp-json\/wp\/v2\/product_cat?post=22604"},{"taxonomy":"product_tag","embeddable":true,"href":"https:\/\/zoosalis.lv\/lt\/wp-json\/wp\/v2\/product_tag?post=22604"}],"curies":[{"name":"wp","href":"https:\/\/api.w.org\/{rel}","templated":true}]}}