{"id":22610,"date":"2025-04-08T08:15:04","date_gmt":"2025-04-08T08:15:04","guid":{"rendered":"https:\/\/zoosalis.lv\/?post_type=product&#038;p=22610"},"modified":"2025-04-08T08:15:17","modified_gmt":"2025-04-08T08:15:17","slug":"brit-care-cat-soup-turkey-sriuba-su-kalakutiena-katems-75g","status":"publish","type":"product","link":"https:\/\/zoosalis.lv\/lt\/brit-care-cat-soup-turkey-sriuba-su-kalakutiena-katems-75g\/","title":{"rendered":"Brit Care Cat Soup Turkey sriuba su kalakutiena kat\u0117ms 75g."},"content":{"rendered":"<h2 class=\"wp-block-heading\" id=\"product-content-section-0\">Apra\u0161ymas<\/h2><ul class=\"wp-block-list\"><li>Be gr\u016bd\u0173.<\/li>\n\n<li>Be GMO \/ Be sojos \/ Be prid\u0117tinio cukraus.<\/li>\n\n<li>Tinka sterilizuotoms kat\u0117ms \u2013 L-metioninas.<\/li>\n\n<li>Su taurinu.<\/li>\n\n<li>Maistingumas, raminamoji priemon\u0117 &#8211; kat\u017eol\u0117, nerimo ma\u017einimo funkcija.<\/li>\n\n<li>Prebiotikai \u2013 fruktooligosacharidai, padeda palaikyti sveik\u0105 \u017earnyno aplink\u0105.<\/li>\n\n<li>Probiotikai \u2013 inaktyvuotos Lactobacillus, imunomoduliuojantis poveikis.<\/li><\/ul><h2 class=\"wp-block-heading\" id=\"product-content-section-1\">Sud\u0117tis<\/h2><p>Geriamas vanduo, 16 % vi\u0161tiena, 4 % kalakutiena, 0,5 % hidrolizuotos kepenys, 0,5 % lignoceliulioz\u0117, d\u017eiovinta kat\u017eol\u0117 (100 mg\/kg), frukto-oligosacharidai (100 mg\/kg), inaktyvuotos bakterijos ir j\u0173 dalys (Lactobacillus helveticus HA \u2013 122, 1,5&#215;108 l\u0105steli\u0173\/kg).<\/p><h2 class=\"wp-block-heading\" id=\"product-content-section-2\">Analitin\u0117s sudedamosios dalys<\/h2><p>\u017dali baltymai 2,0 %, \u017eali riebalai 1,0 %, \u017eali pelenai 0,5 %, \u017ealia l\u0105steliena 0,2 %, dr\u0117gnis 95,0 %, kalcis 0,01 %, fosforas 0,02 %, natris 0,05 %.<\/p><h2 class=\"wp-block-heading\" id=\"product-content-section-3\">Priedai \/ 1kg<\/h2><p>Maistiniai priedai: L-metioninas (3c305) 500 mg, taurinas (3a370) 500 mg.<\/p><h2 class=\"wp-block-heading\" id=\"product-content-section-4\">Metabolizuojama energija<\/h2><p>225 kcal\/kg.<\/p><h2 class=\"wp-block-heading\" id=\"product-content-section-5\">\u0160\u0117rimo rekomendacijos<\/h2><p>Idealiai tinka hidratacijai gerinti. Gali b\u016bti naudojama u\u017epilti ant sauso pa\u0161aro apetitui pagerinti. Duokite kambario temperat\u016bros kaip pried\u0105 prie \u012fprasto pa\u0161aro. Rekomenduojama paros doz\u0117 gali skirtis priklausomai nuo j\u016bs\u0173 kat\u0117s am\u017eiaus, aktyvumo ir aplinkos. Tinkama doz\u0117 suaugusiai katei yra 2 porcijos per dien\u0105. Visada pad\u0117kite \u0161vie\u017eio vandens. Laikykite v\u0117sioje ir sausoje vietoje, saugoti nuo tiesiogini\u0173 saul\u0117s spinduli\u0173. Atidarius laikyti \u0161aldytuve ir sunaudoti per 3 dienas.<\/p><p><strong>Gamintojas:&nbsp;<\/strong>Vafo Praha.<\/p>","protected":false},"excerpt":{"rendered":"<p>Begr\u016bdis pa\u0161aro papildas \u2013 sriuba su kalakutiena suaugusioms kat\u0117ms. Tinka sterilizuotoms kat\u0117ms.<\/p>\n","protected":false},"featured_media":20162,"comment_status":"open","ping_status":"closed","template":"","meta":{"_acf_changed":false,"_monsterinsights_skip_tracking":false,"_monsterinsights_sitenote_active":false,"_monsterinsights_sitenote_note":"","_monsterinsights_sitenote_category":0},"product_brand":[],"product_cat":[886],"product_tag":[],"class_list":{"0":"post-22610","1":"product","2":"type-product","3":"status-publish","4":"has-post-thumbnail","6":"product_cat-konservai-katems","8":"first","9":"instock","10":"shipping-taxable","11":"purchasable","12":"product-type-simple"},"acf":[],"aioseo_notices":[],"yoast_head":"<!-- This site is optimized with the Yoast SEO plugin v24.8.1 - https:\/\/yoast.com\/wordpress\/plugins\/seo\/ -->\n<title>Brit Care Cat Soup Turkey sriuba su kalakutiena kat\u0117ms 75g. | Dz\u012bvnieku produkti<\/title>\n<meta name=\"robots\" content=\"index, follow, max-snippet:-1, max-image-preview:large, max-video-preview:-1\" \/>\n<link rel=\"canonical\" href=\"https:\/\/zoosalis.lv\/lt\/brit-care-cat-soup-turkey-sriuba-su-kalakutiena-katems-75g\/\" \/>\n<meta property=\"og:locale\" content=\"lt_LT\" \/>\n<meta property=\"og:type\" content=\"article\" \/>\n<meta property=\"og:title\" content=\"Brit Care Cat Soup Turkey sriuba su kalakutiena kat\u0117ms 75g. | Dz\u012bvnieku produkti\" \/>\n<meta property=\"og:description\" content=\"Begr\u016bdis pa\u0161aro papildas \u2013 sriuba su kalakutiena suaugusioms kat\u0117ms. Tinka sterilizuotoms kat\u0117ms.\" \/>\n<meta property=\"og:url\" content=\"https:\/\/zoosalis.lv\/lt\/brit-care-cat-soup-turkey-sriuba-su-kalakutiena-katems-75g\/\" \/>\n<meta property=\"og:site_name\" content=\"Dz\u012bvnieku produkti\" \/>\n<meta property=\"article:publisher\" content=\"https:\/\/www.facebook.com\/zooprekesjums\/\" \/>\n<meta property=\"article:modified_time\" content=\"2025-04-08T08:15:17+00:00\" \/>\n<meta property=\"og:image\" content=\"https:\/\/zoosalis.lv\/wp-content\/uploads\/2024\/02\/Group-62.png\" \/>\n\t<meta property=\"og:image:width\" content=\"1537\" \/>\n\t<meta property=\"og:image:height\" content=\"337\" \/>\n\t<meta property=\"og:image:type\" content=\"image\/png\" \/>\n<meta name=\"twitter:card\" content=\"summary_large_image\" \/>\n<meta name=\"twitter:label1\" content=\"Est. reading time\" \/>\n\t<meta name=\"twitter:data1\" content=\"1 minut\u0117\" \/>\n<script type=\"application\/ld+json\" class=\"yoast-schema-graph\">{\"@context\":\"https:\/\/schema.org\",\"@graph\":[{\"@type\":\"WebPage\",\"@id\":\"https:\/\/zoosalis.lv\/brit-care-cat-soup-turkey-sriuba-su-kalakutiena-katems-75g\/\",\"url\":\"https:\/\/zoosalis.lv\/brit-care-cat-soup-turkey-sriuba-su-kalakutiena-katems-75g\/\",\"name\":\"Brit Care Cat Soup Turkey sriuba su kalakutiena kat\u0117ms 75g. | Dz\u012bvnieku produkti\",\"isPartOf\":{\"@id\":\"https:\/\/zoosalis.lv\/#website\"},\"primaryImageOfPage\":{\"@id\":\"https:\/\/zoosalis.lv\/brit-care-cat-soup-turkey-sriuba-su-kalakutiena-katems-75g\/#primaryimage\"},\"image\":{\"@id\":\"https:\/\/zoosalis.lv\/brit-care-cat-soup-turkey-sriuba-su-kalakutiena-katems-75g\/#primaryimage\"},\"thumbnailUrl\":\"https:\/\/zoosalis.lv\/wp-content\/uploads\/2025\/04\/Brit-Care-Cat-Soup-Turkey.png\",\"datePublished\":\"2025-04-08T08:15:04+00:00\",\"dateModified\":\"2025-04-08T08:15:17+00:00\",\"breadcrumb\":{\"@id\":\"https:\/\/zoosalis.lv\/brit-care-cat-soup-turkey-sriuba-su-kalakutiena-katems-75g\/#breadcrumb\"},\"inLanguage\":\"lt-LT\",\"potentialAction\":[{\"@type\":\"ReadAction\",\"target\":[\"https:\/\/zoosalis.lv\/brit-care-cat-soup-turkey-sriuba-su-kalakutiena-katems-75g\/\"]}]},{\"@type\":\"ImageObject\",\"inLanguage\":\"lt-LT\",\"@id\":\"https:\/\/zoosalis.lv\/brit-care-cat-soup-turkey-sriuba-su-kalakutiena-katems-75g\/#primaryimage\",\"url\":\"https:\/\/zoosalis.lv\/wp-content\/uploads\/2025\/04\/Brit-Care-Cat-Soup-Turkey.png\",\"contentUrl\":\"https:\/\/zoosalis.lv\/wp-content\/uploads\/2025\/04\/Brit-Care-Cat-Soup-Turkey.png\",\"width\":968,\"height\":946},{\"@type\":\"BreadcrumbList\",\"@id\":\"https:\/\/zoosalis.lv\/brit-care-cat-soup-turkey-sriuba-su-kalakutiena-katems-75g\/#breadcrumb\",\"itemListElement\":[{\"@type\":\"ListItem\",\"position\":1,\"name\":\"Home\",\"item\":\"https:\/\/zoosalis.lv\/\"},{\"@type\":\"ListItem\",\"position\":2,\"name\":\"Parduotuv\u0117\",\"item\":\"https:\/\/zoosalis.lv\/parduotuve\/\"},{\"@type\":\"ListItem\",\"position\":3,\"name\":\"Brit Care Cat Soup Turkey sriuba su kalakutiena kat\u0117ms 75g.\"}]},{\"@type\":\"WebSite\",\"@id\":\"https:\/\/zoosalis.lv\/#website\",\"url\":\"https:\/\/zoosalis.lv\/\",\"name\":\"Dz\u012bvnieku produkti\",\"description\":\"zoo\u0161alis.lt\",\"publisher\":{\"@id\":\"https:\/\/zoosalis.lv\/#organization\"},\"potentialAction\":[{\"@type\":\"SearchAction\",\"target\":{\"@type\":\"EntryPoint\",\"urlTemplate\":\"https:\/\/zoosalis.lv\/?s={search_term_string}\"},\"query-input\":{\"@type\":\"PropertyValueSpecification\",\"valueRequired\":true,\"valueName\":\"search_term_string\"}}],\"inLanguage\":\"lt-LT\"},{\"@type\":\"Organization\",\"@id\":\"https:\/\/zoosalis.lv\/#organization\",\"name\":\"Zoo\u0161alis.lt\",\"url\":\"https:\/\/zoosalis.lv\/\",\"logo\":{\"@type\":\"ImageObject\",\"inLanguage\":\"lt-LT\",\"@id\":\"https:\/\/zoosalis.lv\/#\/schema\/logo\/image\/\",\"url\":\"https:\/\/zoosalis.lv\/wp-content\/uploads\/2024\/02\/Group-62.png\",\"contentUrl\":\"https:\/\/zoosalis.lv\/wp-content\/uploads\/2024\/02\/Group-62.png\",\"width\":1537,\"height\":337,\"caption\":\"Zoo\u0161alis.lt\"},\"image\":{\"@id\":\"https:\/\/zoosalis.lv\/#\/schema\/logo\/image\/\"},\"sameAs\":[\"https:\/\/www.facebook.com\/zooprekesjums\/\"]}]}<\/script>\n<!-- \/ Yoast SEO plugin. -->","yoast_head_json":{"title":"Brit Care Cat Soup Turkey sriuba su kalakutiena kat\u0117ms 75g. | Dz\u012bvnieku produkti","robots":{"index":"index","follow":"follow","max-snippet":"max-snippet:-1","max-image-preview":"max-image-preview:large","max-video-preview":"max-video-preview:-1"},"canonical":"https:\/\/zoosalis.lv\/lt\/brit-care-cat-soup-turkey-sriuba-su-kalakutiena-katems-75g\/","og_locale":"lt_LT","og_type":"article","og_title":"Brit Care Cat Soup Turkey sriuba su kalakutiena kat\u0117ms 75g. | Dz\u012bvnieku produkti","og_description":"Begr\u016bdis pa\u0161aro papildas \u2013 sriuba su kalakutiena suaugusioms kat\u0117ms. Tinka sterilizuotoms kat\u0117ms.","og_url":"https:\/\/zoosalis.lv\/lt\/brit-care-cat-soup-turkey-sriuba-su-kalakutiena-katems-75g\/","og_site_name":"Dz\u012bvnieku produkti","article_publisher":"https:\/\/www.facebook.com\/zooprekesjums\/","article_modified_time":"2025-04-08T08:15:17+00:00","og_image":[{"width":1537,"height":337,"url":"https:\/\/zoosalis.lv\/wp-content\/uploads\/2024\/02\/Group-62.png","type":"image\/png"}],"twitter_card":"summary_large_image","twitter_misc":{"Est. reading time":"1 minut\u0117"},"schema":{"@context":"https:\/\/schema.org","@graph":[{"@type":"WebPage","@id":"https:\/\/zoosalis.lv\/brit-care-cat-soup-turkey-sriuba-su-kalakutiena-katems-75g\/","url":"https:\/\/zoosalis.lv\/brit-care-cat-soup-turkey-sriuba-su-kalakutiena-katems-75g\/","name":"Brit Care Cat Soup Turkey sriuba su kalakutiena kat\u0117ms 75g. | Dz\u012bvnieku produkti","isPartOf":{"@id":"https:\/\/zoosalis.lv\/#website"},"primaryImageOfPage":{"@id":"https:\/\/zoosalis.lv\/brit-care-cat-soup-turkey-sriuba-su-kalakutiena-katems-75g\/#primaryimage"},"image":{"@id":"https:\/\/zoosalis.lv\/brit-care-cat-soup-turkey-sriuba-su-kalakutiena-katems-75g\/#primaryimage"},"thumbnailUrl":"https:\/\/zoosalis.lv\/wp-content\/uploads\/2025\/04\/Brit-Care-Cat-Soup-Turkey.png","datePublished":"2025-04-08T08:15:04+00:00","dateModified":"2025-04-08T08:15:17+00:00","breadcrumb":{"@id":"https:\/\/zoosalis.lv\/brit-care-cat-soup-turkey-sriuba-su-kalakutiena-katems-75g\/#breadcrumb"},"inLanguage":"lt-LT","potentialAction":[{"@type":"ReadAction","target":["https:\/\/zoosalis.lv\/brit-care-cat-soup-turkey-sriuba-su-kalakutiena-katems-75g\/"]}]},{"@type":"ImageObject","inLanguage":"lt-LT","@id":"https:\/\/zoosalis.lv\/brit-care-cat-soup-turkey-sriuba-su-kalakutiena-katems-75g\/#primaryimage","url":"https:\/\/zoosalis.lv\/wp-content\/uploads\/2025\/04\/Brit-Care-Cat-Soup-Turkey.png","contentUrl":"https:\/\/zoosalis.lv\/wp-content\/uploads\/2025\/04\/Brit-Care-Cat-Soup-Turkey.png","width":968,"height":946},{"@type":"BreadcrumbList","@id":"https:\/\/zoosalis.lv\/brit-care-cat-soup-turkey-sriuba-su-kalakutiena-katems-75g\/#breadcrumb","itemListElement":[{"@type":"ListItem","position":1,"name":"Home","item":"https:\/\/zoosalis.lv\/"},{"@type":"ListItem","position":2,"name":"Parduotuv\u0117","item":"https:\/\/zoosalis.lv\/parduotuve\/"},{"@type":"ListItem","position":3,"name":"Brit Care Cat Soup Turkey sriuba su kalakutiena kat\u0117ms 75g."}]},{"@type":"WebSite","@id":"https:\/\/zoosalis.lv\/#website","url":"https:\/\/zoosalis.lv\/","name":"Dz\u012bvnieku produkti","description":"zoo\u0161alis.lt","publisher":{"@id":"https:\/\/zoosalis.lv\/#organization"},"potentialAction":[{"@type":"SearchAction","target":{"@type":"EntryPoint","urlTemplate":"https:\/\/zoosalis.lv\/?s={search_term_string}"},"query-input":{"@type":"PropertyValueSpecification","valueRequired":true,"valueName":"search_term_string"}}],"inLanguage":"lt-LT"},{"@type":"Organization","@id":"https:\/\/zoosalis.lv\/#organization","name":"Zoo\u0161alis.lt","url":"https:\/\/zoosalis.lv\/","logo":{"@type":"ImageObject","inLanguage":"lt-LT","@id":"https:\/\/zoosalis.lv\/#\/schema\/logo\/image\/","url":"https:\/\/zoosalis.lv\/wp-content\/uploads\/2024\/02\/Group-62.png","contentUrl":"https:\/\/zoosalis.lv\/wp-content\/uploads\/2024\/02\/Group-62.png","width":1537,"height":337,"caption":"Zoo\u0161alis.lt"},"image":{"@id":"https:\/\/zoosalis.lv\/#\/schema\/logo\/image\/"},"sameAs":["https:\/\/www.facebook.com\/zooprekesjums\/"]}]}},"_links":{"self":[{"href":"https:\/\/zoosalis.lv\/lt\/wp-json\/wp\/v2\/product\/22610"}],"collection":[{"href":"https:\/\/zoosalis.lv\/lt\/wp-json\/wp\/v2\/product"}],"about":[{"href":"https:\/\/zoosalis.lv\/lt\/wp-json\/wp\/v2\/types\/product"}],"replies":[{"embeddable":true,"href":"https:\/\/zoosalis.lv\/lt\/wp-json\/wp\/v2\/comments?post=22610"}],"wp:featuredmedia":[{"embeddable":true,"href":"https:\/\/zoosalis.lv\/lt\/wp-json\/wp\/v2\/media\/20162"}],"wp:attachment":[{"href":"https:\/\/zoosalis.lv\/lt\/wp-json\/wp\/v2\/media?parent=22610"}],"wp:term":[{"taxonomy":"product_brand","embeddable":true,"href":"https:\/\/zoosalis.lv\/lt\/wp-json\/wp\/v2\/product_brand?post=22610"},{"taxonomy":"product_cat","embeddable":true,"href":"https:\/\/zoosalis.lv\/lt\/wp-json\/wp\/v2\/product_cat?post=22610"},{"taxonomy":"product_tag","embeddable":true,"href":"https:\/\/zoosalis.lv\/lt\/wp-json\/wp\/v2\/product_tag?post=22610"}],"curies":[{"name":"wp","href":"https:\/\/api.w.org\/{rel}","templated":true}]}}