{"id":22630,"date":"2025-04-08T08:15:27","date_gmt":"2025-04-08T08:15:27","guid":{"rendered":"https:\/\/zoosalis.lv\/?post_type=product&#038;p=22630"},"modified":"2025-04-08T08:15:47","modified_gmt":"2025-04-08T08:15:47","slug":"trixie-draskykle-su-guoliu-marcela-60-cm","status":"publish","type":"product","link":"https:\/\/zoosalis.lv\/lt\/trixie-draskykle-su-guoliu-marcela-60-cm\/","title":{"rendered":"Trixie draskykl\u0117 su guoliu Marcela, 60 cm"},"content":{"rendered":"<p>Eleganti\u0161kas, tvirtas ir kompakti\u0161kas stovas su:<\/p><ul class=\"wp-block-list\"><li>patogiu guoliu&nbsp;augintinio poilsiui;&nbsp;<\/li>\n\n<li>dviem draskykl\u0117mis, apvyniotomis tvirto sizalio pluo\u0161to virv\u0117mis, \u012f kurias kat\u0117 gal\u0117s pasigal\u0105sti nagus;<\/li>\n\n<li>su \u017eaislais \u2013 kamuoliuku ant virvel\u0117s ir stora virve J\u016bs\u0173 kat\u0117s smagiems \u017eaidimams.<\/li><\/ul><p>Produktas suprojektuotas dideli\u0173 veisli\u0173 kat\u0117ms.<\/p><p>Aptrauktas mink\u0161tu pliu\u0161u.<\/p><p>Spalva: pilka.&nbsp;<\/p><p><strong>Matmenys:&nbsp;<\/strong><\/p><ul class=\"wp-block-list\"><li>auk\u0161tis&nbsp;<strong>\u2013&nbsp;<\/strong>60 cm,<\/li>\n\n<li>pagrindas<strong>&nbsp;\u2013&nbsp;<\/strong>53&#215;43 cm,<\/li>\n\n<li>draskykl\u0117s stulp\u0173 skersmuo<strong>&nbsp;\u2013<\/strong>&nbsp;12 cm.<\/li><\/ul>","protected":false},"excerpt":{"rendered":"<p>Eleganti\u0161kas, tvirtas ir kompakti\u0161kas stovas su: Produktas suprojektuotas dideli\u0173 veisli\u0173 kat\u0117ms. Aptrauktas mink\u0161tu pliu\u0161u. Spalva: pilka.&nbsp; Matmenys:&nbsp;<\/p>\n","protected":false},"featured_media":20227,"comment_status":"open","ping_status":"closed","template":"","meta":{"_acf_changed":false,"_monsterinsights_skip_tracking":false,"_monsterinsights_sitenote_active":false,"_monsterinsights_sitenote_note":"","_monsterinsights_sitenote_category":0},"product_brand":[],"product_cat":[911],"product_tag":[],"class_list":{"0":"post-22630","1":"product","2":"type-product","3":"status-publish","4":"has-post-thumbnail","6":"product_cat-draskykles-katems-ir-stovai-katems","8":"first","9":"instock","10":"shipping-taxable","11":"purchasable","12":"product-type-simple"},"acf":[],"aioseo_notices":[],"yoast_head":"<!-- This site is optimized with the Yoast SEO plugin v24.8.1 - https:\/\/yoast.com\/wordpress\/plugins\/seo\/ -->\n<title>Trixie draskykl\u0117 su guoliu Marcela, 60 cm | Dz\u012bvnieku produkti<\/title>\n<meta name=\"robots\" content=\"index, follow, max-snippet:-1, max-image-preview:large, max-video-preview:-1\" \/>\n<link rel=\"canonical\" href=\"https:\/\/zoosalis.lv\/lt\/trixie-draskykle-su-guoliu-marcela-60-cm\/\" \/>\n<meta property=\"og:locale\" content=\"lt_LT\" \/>\n<meta property=\"og:type\" content=\"article\" \/>\n<meta property=\"og:title\" content=\"Trixie draskykl\u0117 su guoliu Marcela, 60 cm | Dz\u012bvnieku produkti\" \/>\n<meta property=\"og:description\" content=\"Eleganti\u0161kas, tvirtas ir kompakti\u0161kas stovas su: Produktas suprojektuotas dideli\u0173 veisli\u0173 kat\u0117ms. Aptrauktas mink\u0161tu pliu\u0161u. Spalva: pilka.&nbsp; Matmenys:&nbsp;\" \/>\n<meta property=\"og:url\" content=\"https:\/\/zoosalis.lv\/lt\/trixie-draskykle-su-guoliu-marcela-60-cm\/\" \/>\n<meta property=\"og:site_name\" content=\"Dz\u012bvnieku produkti\" \/>\n<meta property=\"article:publisher\" content=\"https:\/\/www.facebook.com\/zooprekesjums\/\" \/>\n<meta property=\"article:modified_time\" content=\"2025-04-08T08:15:47+00:00\" \/>\n<meta property=\"og:image\" content=\"https:\/\/zoosalis.lv\/wp-content\/uploads\/2024\/02\/Group-62.png\" \/>\n\t<meta property=\"og:image:width\" content=\"1537\" \/>\n\t<meta property=\"og:image:height\" content=\"337\" \/>\n\t<meta property=\"og:image:type\" content=\"image\/png\" \/>\n<meta name=\"twitter:card\" content=\"summary_large_image\" \/>\n<script type=\"application\/ld+json\" class=\"yoast-schema-graph\">{\"@context\":\"https:\/\/schema.org\",\"@graph\":[{\"@type\":\"WebPage\",\"@id\":\"https:\/\/zoosalis.lv\/trixie-draskykle-su-guoliu-marcela-60-cm\/\",\"url\":\"https:\/\/zoosalis.lv\/trixie-draskykle-su-guoliu-marcela-60-cm\/\",\"name\":\"Trixie draskykl\u0117 su guoliu Marcela, 60 cm | Dz\u012bvnieku produkti\",\"isPartOf\":{\"@id\":\"https:\/\/zoosalis.lv\/#website\"},\"primaryImageOfPage\":{\"@id\":\"https:\/\/zoosalis.lv\/trixie-draskykle-su-guoliu-marcela-60-cm\/#primaryimage\"},\"image\":{\"@id\":\"https:\/\/zoosalis.lv\/trixie-draskykle-su-guoliu-marcela-60-cm\/#primaryimage\"},\"thumbnailUrl\":\"https:\/\/zoosalis.lv\/wp-content\/uploads\/2025\/04\/c28ba63cfb49ee238b3d3e63c10a4228_reference.webp\",\"datePublished\":\"2025-04-08T08:15:27+00:00\",\"dateModified\":\"2025-04-08T08:15:47+00:00\",\"breadcrumb\":{\"@id\":\"https:\/\/zoosalis.lv\/trixie-draskykle-su-guoliu-marcela-60-cm\/#breadcrumb\"},\"inLanguage\":\"lt-LT\",\"potentialAction\":[{\"@type\":\"ReadAction\",\"target\":[\"https:\/\/zoosalis.lv\/trixie-draskykle-su-guoliu-marcela-60-cm\/\"]}]},{\"@type\":\"ImageObject\",\"inLanguage\":\"lt-LT\",\"@id\":\"https:\/\/zoosalis.lv\/trixie-draskykle-su-guoliu-marcela-60-cm\/#primaryimage\",\"url\":\"https:\/\/zoosalis.lv\/wp-content\/uploads\/2025\/04\/c28ba63cfb49ee238b3d3e63c10a4228_reference.webp\",\"contentUrl\":\"https:\/\/zoosalis.lv\/wp-content\/uploads\/2025\/04\/c28ba63cfb49ee238b3d3e63c10a4228_reference.webp\",\"width\":1024,\"height\":1024},{\"@type\":\"BreadcrumbList\",\"@id\":\"https:\/\/zoosalis.lv\/trixie-draskykle-su-guoliu-marcela-60-cm\/#breadcrumb\",\"itemListElement\":[{\"@type\":\"ListItem\",\"position\":1,\"name\":\"Home\",\"item\":\"https:\/\/zoosalis.lv\/\"},{\"@type\":\"ListItem\",\"position\":2,\"name\":\"Parduotuv\u0117\",\"item\":\"https:\/\/zoosalis.lv\/parduotuve\/\"},{\"@type\":\"ListItem\",\"position\":3,\"name\":\"Trixie draskykl\u0117 su guoliu Marcela, 60 cm\"}]},{\"@type\":\"WebSite\",\"@id\":\"https:\/\/zoosalis.lv\/#website\",\"url\":\"https:\/\/zoosalis.lv\/\",\"name\":\"Dz\u012bvnieku produkti\",\"description\":\"zoo\u0161alis.lt\",\"publisher\":{\"@id\":\"https:\/\/zoosalis.lv\/#organization\"},\"potentialAction\":[{\"@type\":\"SearchAction\",\"target\":{\"@type\":\"EntryPoint\",\"urlTemplate\":\"https:\/\/zoosalis.lv\/?s={search_term_string}\"},\"query-input\":{\"@type\":\"PropertyValueSpecification\",\"valueRequired\":true,\"valueName\":\"search_term_string\"}}],\"inLanguage\":\"lt-LT\"},{\"@type\":\"Organization\",\"@id\":\"https:\/\/zoosalis.lv\/#organization\",\"name\":\"Zoo\u0161alis.lt\",\"url\":\"https:\/\/zoosalis.lv\/\",\"logo\":{\"@type\":\"ImageObject\",\"inLanguage\":\"lt-LT\",\"@id\":\"https:\/\/zoosalis.lv\/#\/schema\/logo\/image\/\",\"url\":\"https:\/\/zoosalis.lv\/wp-content\/uploads\/2024\/02\/Group-62.png\",\"contentUrl\":\"https:\/\/zoosalis.lv\/wp-content\/uploads\/2024\/02\/Group-62.png\",\"width\":1537,\"height\":337,\"caption\":\"Zoo\u0161alis.lt\"},\"image\":{\"@id\":\"https:\/\/zoosalis.lv\/#\/schema\/logo\/image\/\"},\"sameAs\":[\"https:\/\/www.facebook.com\/zooprekesjums\/\"]}]}<\/script>\n<!-- \/ Yoast SEO plugin. -->","yoast_head_json":{"title":"Trixie draskykl\u0117 su guoliu Marcela, 60 cm | Dz\u012bvnieku produkti","robots":{"index":"index","follow":"follow","max-snippet":"max-snippet:-1","max-image-preview":"max-image-preview:large","max-video-preview":"max-video-preview:-1"},"canonical":"https:\/\/zoosalis.lv\/lt\/trixie-draskykle-su-guoliu-marcela-60-cm\/","og_locale":"lt_LT","og_type":"article","og_title":"Trixie draskykl\u0117 su guoliu Marcela, 60 cm | Dz\u012bvnieku produkti","og_description":"Eleganti\u0161kas, tvirtas ir kompakti\u0161kas stovas su: Produktas suprojektuotas dideli\u0173 veisli\u0173 kat\u0117ms. Aptrauktas mink\u0161tu pliu\u0161u. Spalva: pilka.&nbsp; Matmenys:&nbsp;","og_url":"https:\/\/zoosalis.lv\/lt\/trixie-draskykle-su-guoliu-marcela-60-cm\/","og_site_name":"Dz\u012bvnieku produkti","article_publisher":"https:\/\/www.facebook.com\/zooprekesjums\/","article_modified_time":"2025-04-08T08:15:47+00:00","og_image":[{"width":1537,"height":337,"url":"https:\/\/zoosalis.lv\/wp-content\/uploads\/2024\/02\/Group-62.png","type":"image\/png"}],"twitter_card":"summary_large_image","schema":{"@context":"https:\/\/schema.org","@graph":[{"@type":"WebPage","@id":"https:\/\/zoosalis.lv\/trixie-draskykle-su-guoliu-marcela-60-cm\/","url":"https:\/\/zoosalis.lv\/trixie-draskykle-su-guoliu-marcela-60-cm\/","name":"Trixie draskykl\u0117 su guoliu Marcela, 60 cm | Dz\u012bvnieku produkti","isPartOf":{"@id":"https:\/\/zoosalis.lv\/#website"},"primaryImageOfPage":{"@id":"https:\/\/zoosalis.lv\/trixie-draskykle-su-guoliu-marcela-60-cm\/#primaryimage"},"image":{"@id":"https:\/\/zoosalis.lv\/trixie-draskykle-su-guoliu-marcela-60-cm\/#primaryimage"},"thumbnailUrl":"https:\/\/zoosalis.lv\/wp-content\/uploads\/2025\/04\/c28ba63cfb49ee238b3d3e63c10a4228_reference.webp","datePublished":"2025-04-08T08:15:27+00:00","dateModified":"2025-04-08T08:15:47+00:00","breadcrumb":{"@id":"https:\/\/zoosalis.lv\/trixie-draskykle-su-guoliu-marcela-60-cm\/#breadcrumb"},"inLanguage":"lt-LT","potentialAction":[{"@type":"ReadAction","target":["https:\/\/zoosalis.lv\/trixie-draskykle-su-guoliu-marcela-60-cm\/"]}]},{"@type":"ImageObject","inLanguage":"lt-LT","@id":"https:\/\/zoosalis.lv\/trixie-draskykle-su-guoliu-marcela-60-cm\/#primaryimage","url":"https:\/\/zoosalis.lv\/wp-content\/uploads\/2025\/04\/c28ba63cfb49ee238b3d3e63c10a4228_reference.webp","contentUrl":"https:\/\/zoosalis.lv\/wp-content\/uploads\/2025\/04\/c28ba63cfb49ee238b3d3e63c10a4228_reference.webp","width":1024,"height":1024},{"@type":"BreadcrumbList","@id":"https:\/\/zoosalis.lv\/trixie-draskykle-su-guoliu-marcela-60-cm\/#breadcrumb","itemListElement":[{"@type":"ListItem","position":1,"name":"Home","item":"https:\/\/zoosalis.lv\/"},{"@type":"ListItem","position":2,"name":"Parduotuv\u0117","item":"https:\/\/zoosalis.lv\/parduotuve\/"},{"@type":"ListItem","position":3,"name":"Trixie draskykl\u0117 su guoliu Marcela, 60 cm"}]},{"@type":"WebSite","@id":"https:\/\/zoosalis.lv\/#website","url":"https:\/\/zoosalis.lv\/","name":"Dz\u012bvnieku produkti","description":"zoo\u0161alis.lt","publisher":{"@id":"https:\/\/zoosalis.lv\/#organization"},"potentialAction":[{"@type":"SearchAction","target":{"@type":"EntryPoint","urlTemplate":"https:\/\/zoosalis.lv\/?s={search_term_string}"},"query-input":{"@type":"PropertyValueSpecification","valueRequired":true,"valueName":"search_term_string"}}],"inLanguage":"lt-LT"},{"@type":"Organization","@id":"https:\/\/zoosalis.lv\/#organization","name":"Zoo\u0161alis.lt","url":"https:\/\/zoosalis.lv\/","logo":{"@type":"ImageObject","inLanguage":"lt-LT","@id":"https:\/\/zoosalis.lv\/#\/schema\/logo\/image\/","url":"https:\/\/zoosalis.lv\/wp-content\/uploads\/2024\/02\/Group-62.png","contentUrl":"https:\/\/zoosalis.lv\/wp-content\/uploads\/2024\/02\/Group-62.png","width":1537,"height":337,"caption":"Zoo\u0161alis.lt"},"image":{"@id":"https:\/\/zoosalis.lv\/#\/schema\/logo\/image\/"},"sameAs":["https:\/\/www.facebook.com\/zooprekesjums\/"]}]}},"_links":{"self":[{"href":"https:\/\/zoosalis.lv\/lt\/wp-json\/wp\/v2\/product\/22630"}],"collection":[{"href":"https:\/\/zoosalis.lv\/lt\/wp-json\/wp\/v2\/product"}],"about":[{"href":"https:\/\/zoosalis.lv\/lt\/wp-json\/wp\/v2\/types\/product"}],"replies":[{"embeddable":true,"href":"https:\/\/zoosalis.lv\/lt\/wp-json\/wp\/v2\/comments?post=22630"}],"wp:featuredmedia":[{"embeddable":true,"href":"https:\/\/zoosalis.lv\/lt\/wp-json\/wp\/v2\/media\/20227"}],"wp:attachment":[{"href":"https:\/\/zoosalis.lv\/lt\/wp-json\/wp\/v2\/media?parent=22630"}],"wp:term":[{"taxonomy":"product_brand","embeddable":true,"href":"https:\/\/zoosalis.lv\/lt\/wp-json\/wp\/v2\/product_brand?post=22630"},{"taxonomy":"product_cat","embeddable":true,"href":"https:\/\/zoosalis.lv\/lt\/wp-json\/wp\/v2\/product_cat?post=22630"},{"taxonomy":"product_tag","embeddable":true,"href":"https:\/\/zoosalis.lv\/lt\/wp-json\/wp\/v2\/product_tag?post=22630"}],"curies":[{"name":"wp","href":"https:\/\/api.w.org\/{rel}","templated":true}]}}