{"id":22633,"date":"2025-04-08T08:15:49","date_gmt":"2025-04-08T08:15:49","guid":{"rendered":"https:\/\/zoosalis.lv\/?post_type=product&#038;p=22633"},"modified":"2025-04-08T08:15:52","modified_gmt":"2025-04-08T08:15:52","slug":"trixie-kilimelis-draskykle","status":"publish","type":"product","link":"https:\/\/zoosalis.lv\/lt\/trixie-kilimelis-draskykle\/","title":{"rendered":"Trixie kilim\u0117lis &#8211; draskykl\u0117"},"content":{"rendered":"<p><strong>Trixie kilim\u0117lis &#8211; draskykl\u0117<\/strong><\/p><p>Puikus b\u016bdas katei nat\u016braliai pasigal\u0105sti nagu\u010dius tokiu b\u016bdu apsaugant J\u016bs\u0173 kilim\u0105 ar baldus.<\/p><p>Lengvai perkeliama ir ma\u017eai vietos u\u017eimanti draskykl\u0117. Gali b\u016bti laikoma ant grind\u0173 ar pakabinta ant sienos. Nuo stovo vir\u0161aus ant virv\u0117s kaba bumbulas, J\u016bs\u0173 kat\u0117 gal\u0117s smagiai \u017eaisti ir nenuobod\u017eiauti.<\/p><p><strong>Dydis:&nbsp;<\/strong>55 cm x 35 cm<\/p><p><strong>Spalva:<\/strong>&nbsp;ruda<\/p>","protected":false},"excerpt":{"rendered":"<p>Trixie kilim\u0117lis &#8211; draskykl\u0117 Puikus b\u016bdas katei nat\u016braliai pasigal\u0105sti nagu\u010dius tokiu b\u016bdu apsaugant J\u016bs\u0173 kilim\u0105 ar baldus. Lengvai perkeliama ir ma\u017eai vietos u\u017eimanti draskykl\u0117. Gali b\u016bti laikoma ant grind\u0173 ar pakabinta ant sienos. Nuo stovo vir\u0161aus ant virv\u0117s kaba bumbulas, J\u016bs\u0173 kat\u0117 gal\u0117s smagiai \u017eaisti ir nenuobod\u017eiauti. Dydis:&nbsp;55 cm x 35 cm Spalva:&nbsp;ruda<\/p>\n","protected":false},"featured_media":20232,"comment_status":"open","ping_status":"closed","template":"","meta":{"_acf_changed":false,"_monsterinsights_skip_tracking":false,"_monsterinsights_sitenote_active":false,"_monsterinsights_sitenote_note":"","_monsterinsights_sitenote_category":0},"product_brand":[],"product_cat":[911],"product_tag":[],"class_list":{"0":"post-22633","1":"product","2":"type-product","3":"status-publish","4":"has-post-thumbnail","6":"product_cat-draskykles-katems-ir-stovai-katems","8":"first","9":"instock","10":"shipping-taxable","11":"purchasable","12":"product-type-simple"},"acf":[],"aioseo_notices":[],"yoast_head":"<!-- This site is optimized with the Yoast SEO plugin v24.8.1 - https:\/\/yoast.com\/wordpress\/plugins\/seo\/ -->\n<title>Trixie kilim\u0117lis - draskykl\u0117 | Dz\u012bvnieku produkti<\/title>\n<meta name=\"robots\" content=\"index, follow, max-snippet:-1, max-image-preview:large, max-video-preview:-1\" \/>\n<link rel=\"canonical\" href=\"https:\/\/zoosalis.lv\/lt\/trixie-kilimelis-draskykle\/\" \/>\n<meta property=\"og:locale\" content=\"lt_LT\" \/>\n<meta property=\"og:type\" content=\"article\" \/>\n<meta property=\"og:title\" content=\"Trixie kilim\u0117lis - draskykl\u0117 | Dz\u012bvnieku produkti\" \/>\n<meta property=\"og:description\" content=\"Trixie kilim\u0117lis &#8211; draskykl\u0117 Puikus b\u016bdas katei nat\u016braliai pasigal\u0105sti nagu\u010dius tokiu b\u016bdu apsaugant J\u016bs\u0173 kilim\u0105 ar baldus. Lengvai perkeliama ir ma\u017eai vietos u\u017eimanti draskykl\u0117. Gali b\u016bti laikoma ant grind\u0173 ar pakabinta ant sienos. Nuo stovo vir\u0161aus ant virv\u0117s kaba bumbulas, J\u016bs\u0173 kat\u0117 gal\u0117s smagiai \u017eaisti ir nenuobod\u017eiauti. Dydis:&nbsp;55 cm x 35 cm Spalva:&nbsp;ruda\" \/>\n<meta property=\"og:url\" content=\"https:\/\/zoosalis.lv\/lt\/trixie-kilimelis-draskykle\/\" \/>\n<meta property=\"og:site_name\" content=\"Dz\u012bvnieku produkti\" \/>\n<meta property=\"article:publisher\" content=\"https:\/\/www.facebook.com\/zooprekesjums\/\" \/>\n<meta property=\"article:modified_time\" content=\"2025-04-08T08:15:52+00:00\" \/>\n<meta property=\"og:image\" content=\"https:\/\/zoosalis.lv\/wp-content\/uploads\/2024\/02\/Group-62.png\" \/>\n\t<meta property=\"og:image:width\" content=\"1537\" \/>\n\t<meta property=\"og:image:height\" content=\"337\" \/>\n\t<meta property=\"og:image:type\" content=\"image\/png\" \/>\n<meta name=\"twitter:card\" content=\"summary_large_image\" \/>\n<script type=\"application\/ld+json\" class=\"yoast-schema-graph\">{\"@context\":\"https:\/\/schema.org\",\"@graph\":[{\"@type\":\"WebPage\",\"@id\":\"https:\/\/zoosalis.lv\/trixie-kilimelis-draskykle\/\",\"url\":\"https:\/\/zoosalis.lv\/trixie-kilimelis-draskykle\/\",\"name\":\"Trixie kilim\u0117lis - draskykl\u0117 | Dz\u012bvnieku produkti\",\"isPartOf\":{\"@id\":\"https:\/\/zoosalis.lv\/#website\"},\"primaryImageOfPage\":{\"@id\":\"https:\/\/zoosalis.lv\/trixie-kilimelis-draskykle\/#primaryimage\"},\"image\":{\"@id\":\"https:\/\/zoosalis.lv\/trixie-kilimelis-draskykle\/#primaryimage\"},\"thumbnailUrl\":\"https:\/\/zoosalis.lv\/wp-content\/uploads\/2025\/04\/20c7b0e55dd72f73856ae43e5a507f03_reference.webp\",\"datePublished\":\"2025-04-08T08:15:49+00:00\",\"dateModified\":\"2025-04-08T08:15:52+00:00\",\"breadcrumb\":{\"@id\":\"https:\/\/zoosalis.lv\/trixie-kilimelis-draskykle\/#breadcrumb\"},\"inLanguage\":\"lt-LT\",\"potentialAction\":[{\"@type\":\"ReadAction\",\"target\":[\"https:\/\/zoosalis.lv\/trixie-kilimelis-draskykle\/\"]}]},{\"@type\":\"ImageObject\",\"inLanguage\":\"lt-LT\",\"@id\":\"https:\/\/zoosalis.lv\/trixie-kilimelis-draskykle\/#primaryimage\",\"url\":\"https:\/\/zoosalis.lv\/wp-content\/uploads\/2025\/04\/20c7b0e55dd72f73856ae43e5a507f03_reference.webp\",\"contentUrl\":\"https:\/\/zoosalis.lv\/wp-content\/uploads\/2025\/04\/20c7b0e55dd72f73856ae43e5a507f03_reference.webp\",\"width\":405,\"height\":512},{\"@type\":\"BreadcrumbList\",\"@id\":\"https:\/\/zoosalis.lv\/trixie-kilimelis-draskykle\/#breadcrumb\",\"itemListElement\":[{\"@type\":\"ListItem\",\"position\":1,\"name\":\"Home\",\"item\":\"https:\/\/zoosalis.lv\/\"},{\"@type\":\"ListItem\",\"position\":2,\"name\":\"Parduotuv\u0117\",\"item\":\"https:\/\/zoosalis.lv\/parduotuve\/\"},{\"@type\":\"ListItem\",\"position\":3,\"name\":\"Trixie kilim\u0117lis &#8211; draskykl\u0117\"}]},{\"@type\":\"WebSite\",\"@id\":\"https:\/\/zoosalis.lv\/#website\",\"url\":\"https:\/\/zoosalis.lv\/\",\"name\":\"Dz\u012bvnieku produkti\",\"description\":\"zoo\u0161alis.lt\",\"publisher\":{\"@id\":\"https:\/\/zoosalis.lv\/#organization\"},\"potentialAction\":[{\"@type\":\"SearchAction\",\"target\":{\"@type\":\"EntryPoint\",\"urlTemplate\":\"https:\/\/zoosalis.lv\/?s={search_term_string}\"},\"query-input\":{\"@type\":\"PropertyValueSpecification\",\"valueRequired\":true,\"valueName\":\"search_term_string\"}}],\"inLanguage\":\"lt-LT\"},{\"@type\":\"Organization\",\"@id\":\"https:\/\/zoosalis.lv\/#organization\",\"name\":\"Zoo\u0161alis.lt\",\"url\":\"https:\/\/zoosalis.lv\/\",\"logo\":{\"@type\":\"ImageObject\",\"inLanguage\":\"lt-LT\",\"@id\":\"https:\/\/zoosalis.lv\/#\/schema\/logo\/image\/\",\"url\":\"https:\/\/zoosalis.lv\/wp-content\/uploads\/2024\/02\/Group-62.png\",\"contentUrl\":\"https:\/\/zoosalis.lv\/wp-content\/uploads\/2024\/02\/Group-62.png\",\"width\":1537,\"height\":337,\"caption\":\"Zoo\u0161alis.lt\"},\"image\":{\"@id\":\"https:\/\/zoosalis.lv\/#\/schema\/logo\/image\/\"},\"sameAs\":[\"https:\/\/www.facebook.com\/zooprekesjums\/\"]}]}<\/script>\n<!-- \/ Yoast SEO plugin. -->","yoast_head_json":{"title":"Trixie kilim\u0117lis - draskykl\u0117 | Dz\u012bvnieku produkti","robots":{"index":"index","follow":"follow","max-snippet":"max-snippet:-1","max-image-preview":"max-image-preview:large","max-video-preview":"max-video-preview:-1"},"canonical":"https:\/\/zoosalis.lv\/lt\/trixie-kilimelis-draskykle\/","og_locale":"lt_LT","og_type":"article","og_title":"Trixie kilim\u0117lis - draskykl\u0117 | Dz\u012bvnieku produkti","og_description":"Trixie kilim\u0117lis &#8211; draskykl\u0117 Puikus b\u016bdas katei nat\u016braliai pasigal\u0105sti nagu\u010dius tokiu b\u016bdu apsaugant J\u016bs\u0173 kilim\u0105 ar baldus. Lengvai perkeliama ir ma\u017eai vietos u\u017eimanti draskykl\u0117. Gali b\u016bti laikoma ant grind\u0173 ar pakabinta ant sienos. Nuo stovo vir\u0161aus ant virv\u0117s kaba bumbulas, J\u016bs\u0173 kat\u0117 gal\u0117s smagiai \u017eaisti ir nenuobod\u017eiauti. Dydis:&nbsp;55 cm x 35 cm Spalva:&nbsp;ruda","og_url":"https:\/\/zoosalis.lv\/lt\/trixie-kilimelis-draskykle\/","og_site_name":"Dz\u012bvnieku produkti","article_publisher":"https:\/\/www.facebook.com\/zooprekesjums\/","article_modified_time":"2025-04-08T08:15:52+00:00","og_image":[{"width":1537,"height":337,"url":"https:\/\/zoosalis.lv\/wp-content\/uploads\/2024\/02\/Group-62.png","type":"image\/png"}],"twitter_card":"summary_large_image","schema":{"@context":"https:\/\/schema.org","@graph":[{"@type":"WebPage","@id":"https:\/\/zoosalis.lv\/trixie-kilimelis-draskykle\/","url":"https:\/\/zoosalis.lv\/trixie-kilimelis-draskykle\/","name":"Trixie kilim\u0117lis - draskykl\u0117 | Dz\u012bvnieku produkti","isPartOf":{"@id":"https:\/\/zoosalis.lv\/#website"},"primaryImageOfPage":{"@id":"https:\/\/zoosalis.lv\/trixie-kilimelis-draskykle\/#primaryimage"},"image":{"@id":"https:\/\/zoosalis.lv\/trixie-kilimelis-draskykle\/#primaryimage"},"thumbnailUrl":"https:\/\/zoosalis.lv\/wp-content\/uploads\/2025\/04\/20c7b0e55dd72f73856ae43e5a507f03_reference.webp","datePublished":"2025-04-08T08:15:49+00:00","dateModified":"2025-04-08T08:15:52+00:00","breadcrumb":{"@id":"https:\/\/zoosalis.lv\/trixie-kilimelis-draskykle\/#breadcrumb"},"inLanguage":"lt-LT","potentialAction":[{"@type":"ReadAction","target":["https:\/\/zoosalis.lv\/trixie-kilimelis-draskykle\/"]}]},{"@type":"ImageObject","inLanguage":"lt-LT","@id":"https:\/\/zoosalis.lv\/trixie-kilimelis-draskykle\/#primaryimage","url":"https:\/\/zoosalis.lv\/wp-content\/uploads\/2025\/04\/20c7b0e55dd72f73856ae43e5a507f03_reference.webp","contentUrl":"https:\/\/zoosalis.lv\/wp-content\/uploads\/2025\/04\/20c7b0e55dd72f73856ae43e5a507f03_reference.webp","width":405,"height":512},{"@type":"BreadcrumbList","@id":"https:\/\/zoosalis.lv\/trixie-kilimelis-draskykle\/#breadcrumb","itemListElement":[{"@type":"ListItem","position":1,"name":"Home","item":"https:\/\/zoosalis.lv\/"},{"@type":"ListItem","position":2,"name":"Parduotuv\u0117","item":"https:\/\/zoosalis.lv\/parduotuve\/"},{"@type":"ListItem","position":3,"name":"Trixie kilim\u0117lis &#8211; draskykl\u0117"}]},{"@type":"WebSite","@id":"https:\/\/zoosalis.lv\/#website","url":"https:\/\/zoosalis.lv\/","name":"Dz\u012bvnieku produkti","description":"zoo\u0161alis.lt","publisher":{"@id":"https:\/\/zoosalis.lv\/#organization"},"potentialAction":[{"@type":"SearchAction","target":{"@type":"EntryPoint","urlTemplate":"https:\/\/zoosalis.lv\/?s={search_term_string}"},"query-input":{"@type":"PropertyValueSpecification","valueRequired":true,"valueName":"search_term_string"}}],"inLanguage":"lt-LT"},{"@type":"Organization","@id":"https:\/\/zoosalis.lv\/#organization","name":"Zoo\u0161alis.lt","url":"https:\/\/zoosalis.lv\/","logo":{"@type":"ImageObject","inLanguage":"lt-LT","@id":"https:\/\/zoosalis.lv\/#\/schema\/logo\/image\/","url":"https:\/\/zoosalis.lv\/wp-content\/uploads\/2024\/02\/Group-62.png","contentUrl":"https:\/\/zoosalis.lv\/wp-content\/uploads\/2024\/02\/Group-62.png","width":1537,"height":337,"caption":"Zoo\u0161alis.lt"},"image":{"@id":"https:\/\/zoosalis.lv\/#\/schema\/logo\/image\/"},"sameAs":["https:\/\/www.facebook.com\/zooprekesjums\/"]}]}},"_links":{"self":[{"href":"https:\/\/zoosalis.lv\/lt\/wp-json\/wp\/v2\/product\/22633"}],"collection":[{"href":"https:\/\/zoosalis.lv\/lt\/wp-json\/wp\/v2\/product"}],"about":[{"href":"https:\/\/zoosalis.lv\/lt\/wp-json\/wp\/v2\/types\/product"}],"replies":[{"embeddable":true,"href":"https:\/\/zoosalis.lv\/lt\/wp-json\/wp\/v2\/comments?post=22633"}],"wp:featuredmedia":[{"embeddable":true,"href":"https:\/\/zoosalis.lv\/lt\/wp-json\/wp\/v2\/media\/20232"}],"wp:attachment":[{"href":"https:\/\/zoosalis.lv\/lt\/wp-json\/wp\/v2\/media?parent=22633"}],"wp:term":[{"taxonomy":"product_brand","embeddable":true,"href":"https:\/\/zoosalis.lv\/lt\/wp-json\/wp\/v2\/product_brand?post=22633"},{"taxonomy":"product_cat","embeddable":true,"href":"https:\/\/zoosalis.lv\/lt\/wp-json\/wp\/v2\/product_cat?post=22633"},{"taxonomy":"product_tag","embeddable":true,"href":"https:\/\/zoosalis.lv\/lt\/wp-json\/wp\/v2\/product_tag?post=22633"}],"curies":[{"name":"wp","href":"https:\/\/api.w.org\/{rel}","templated":true}]}}