{"id":22834,"date":"2025-04-08T08:18:58","date_gmt":"2025-04-08T08:18:58","guid":{"rendered":"https:\/\/zoosalis.lv\/?post_type=product&#038;p=22834"},"modified":"2025-04-08T08:19:05","modified_gmt":"2025-04-08T08:19:05","slug":"trixie-dubeneliu-kompl-keramika-metal-2x1-6-l-o-20-cm-41x10x20-cm-baltas-juodas","status":"publish","type":"product","link":"https:\/\/zoosalis.lv\/lt\/trixie-dubeneliu-kompl-keramika-metal-2x1-6-l-o-20-cm-41x10x20-cm-baltas-juodas\/","title":{"rendered":"TRIXIE Duben\u0117li\u0173 kompl., keramika-metal., 2&#215;1.6 l, \u00f8 20 cm-41x10x20 cm, baltas-juodas"},"content":{"rendered":"<p>TRIXIE duben\u0117li\u0173 komplektas Eat On Feet atrodo itin patraukliai, o stovas laiko juos tinkamiausiame j\u016bs\u0173 gyv\u016bnui auk\u0161tyje, tod\u0117l valgyti ir gerti jam bus daug patogiau.<\/p>\n<p>\u0160\u012f duben\u0117li\u0173 komplekt\u0105 sudaro 2 keramikiniai, 20 cm skersmens dubenys ir milteliais dengtas, juodas metalinis stovas. Metalinis laikiklis yra su 4 gumin\u0117mis kojel\u0117mis, tod\u0117l duben\u0117liai i\u0161liks vietoje. Sunk\u016bs duben\u0117liai i\u0161 keramikos u\u017etikrina dar didesn\u012f komplekto stabilum\u0105. Duben\u0117lius galima plauti indaplov\u0117je.<\/p>\n<p>Charakteristikos:<\/p>\n<ul>\n<li>Spalva: balta ir juoda<\/li>\n<li>Med\u017eiaga: Milteliniu b\u016bdu dengtas metalinis stovas + keramikiniai duben\u0117liai<\/li>\n<li>Talpa: 2 x 1,6 l<\/li>\n<li>Dubens skersmuo: 20 cm<\/li>\n<li>2 keramikiniai duben\u0117liai su stovu<\/li>\n<li>Neslystan\u010dios gumin\u0117s kojel\u0117s<\/li>\n<\/ul>\n","protected":false},"excerpt":{"rendered":"<div class=\"woocommerce-product-details__short-description\">\n<p><strong>Trixie stovas su duben\u0117liais, 2 x 1.6 l<\/strong><\/p>\n<\/div>\n","protected":false},"featured_media":20674,"comment_status":"open","ping_status":"closed","template":"","meta":{"_acf_changed":false,"_monsterinsights_skip_tracking":false,"_monsterinsights_sitenote_active":false,"_monsterinsights_sitenote_note":"","_monsterinsights_sitenote_category":0},"product_brand":[],"product_cat":[926,927,870,873],"product_tag":[],"class_list":{"0":"post-22834","1":"product","2":"type-product","3":"status-publish","4":"has-post-thumbnail","6":"product_cat-dubeneliai","7":"product_cat-dubeneliai-katems","8":"product_cat-maistas-katems","9":"product_cat-prekes-sunims","11":"first","12":"instock","13":"shipping-taxable","14":"purchasable","15":"product-type-simple"},"acf":[],"aioseo_notices":[],"yoast_head":"<!-- This site is optimized with the Yoast SEO plugin v24.8.1 - https:\/\/yoast.com\/wordpress\/plugins\/seo\/ -->\n<title>TRIXIE Duben\u0117li\u0173 kompl., keramika-metal., 2x1.6 l, \u00f8 20 cm-41x10x20 cm, baltas-juodas | Dz\u012bvnieku produkti<\/title>\n<meta name=\"robots\" content=\"index, follow, max-snippet:-1, max-image-preview:large, max-video-preview:-1\" \/>\n<link rel=\"canonical\" href=\"https:\/\/zoosalis.lv\/lt\/trixie-dubeneliu-kompl-keramika-metal-2x1-6-l-o-20-cm-41x10x20-cm-baltas-juodas\/\" \/>\n<meta property=\"og:locale\" content=\"lt_LT\" \/>\n<meta property=\"og:type\" content=\"article\" \/>\n<meta property=\"og:title\" content=\"TRIXIE Duben\u0117li\u0173 kompl., keramika-metal., 2x1.6 l, \u00f8 20 cm-41x10x20 cm, baltas-juodas | Dz\u012bvnieku produkti\" \/>\n<meta property=\"og:description\" content=\"Trixie stovas su duben\u0117liais, 2 x 1.6 l\" \/>\n<meta property=\"og:url\" content=\"https:\/\/zoosalis.lv\/lt\/trixie-dubeneliu-kompl-keramika-metal-2x1-6-l-o-20-cm-41x10x20-cm-baltas-juodas\/\" \/>\n<meta property=\"og:site_name\" content=\"Dz\u012bvnieku produkti\" \/>\n<meta property=\"article:publisher\" content=\"https:\/\/www.facebook.com\/zooprekesjums\/\" \/>\n<meta property=\"article:modified_time\" content=\"2025-04-08T08:19:05+00:00\" \/>\n<meta property=\"og:image\" content=\"https:\/\/zoosalis.lv\/wp-content\/uploads\/2024\/02\/Group-62.png\" \/>\n\t<meta property=\"og:image:width\" content=\"1537\" \/>\n\t<meta property=\"og:image:height\" content=\"337\" \/>\n\t<meta property=\"og:image:type\" content=\"image\/png\" \/>\n<meta name=\"twitter:card\" content=\"summary_large_image\" \/>\n<meta name=\"twitter:label1\" content=\"Est. reading time\" \/>\n\t<meta name=\"twitter:data1\" content=\"1 minut\u0117\" \/>\n<script type=\"application\/ld+json\" class=\"yoast-schema-graph\">{\"@context\":\"https:\/\/schema.org\",\"@graph\":[{\"@type\":\"WebPage\",\"@id\":\"https:\/\/zoosalis.lv\/trixie-dubeneliu-kompl-keramika-metal-2x1-6-l-o-20-cm-41x10x20-cm-baltas-juodas\/\",\"url\":\"https:\/\/zoosalis.lv\/trixie-dubeneliu-kompl-keramika-metal-2x1-6-l-o-20-cm-41x10x20-cm-baltas-juodas\/\",\"name\":\"TRIXIE Duben\u0117li\u0173 kompl., keramika-metal., 2x1.6 l, \u00f8 20 cm-41x10x20 cm, baltas-juodas | Dz\u012bvnieku produkti\",\"isPartOf\":{\"@id\":\"https:\/\/zoosalis.lv\/#website\"},\"primaryImageOfPage\":{\"@id\":\"https:\/\/zoosalis.lv\/trixie-dubeneliu-kompl-keramika-metal-2x1-6-l-o-20-cm-41x10x20-cm-baltas-juodas\/#primaryimage\"},\"image\":{\"@id\":\"https:\/\/zoosalis.lv\/trixie-dubeneliu-kompl-keramika-metal-2x1-6-l-o-20-cm-41x10x20-cm-baltas-juodas\/#primaryimage\"},\"thumbnailUrl\":\"https:\/\/zoosalis.lv\/wp-content\/uploads\/2025\/04\/OIP-1.jpg\",\"datePublished\":\"2025-04-08T08:18:58+00:00\",\"dateModified\":\"2025-04-08T08:19:05+00:00\",\"breadcrumb\":{\"@id\":\"https:\/\/zoosalis.lv\/trixie-dubeneliu-kompl-keramika-metal-2x1-6-l-o-20-cm-41x10x20-cm-baltas-juodas\/#breadcrumb\"},\"inLanguage\":\"lt-LT\",\"potentialAction\":[{\"@type\":\"ReadAction\",\"target\":[\"https:\/\/zoosalis.lv\/trixie-dubeneliu-kompl-keramika-metal-2x1-6-l-o-20-cm-41x10x20-cm-baltas-juodas\/\"]}]},{\"@type\":\"ImageObject\",\"inLanguage\":\"lt-LT\",\"@id\":\"https:\/\/zoosalis.lv\/trixie-dubeneliu-kompl-keramika-metal-2x1-6-l-o-20-cm-41x10x20-cm-baltas-juodas\/#primaryimage\",\"url\":\"https:\/\/zoosalis.lv\/wp-content\/uploads\/2025\/04\/OIP-1.jpg\",\"contentUrl\":\"https:\/\/zoosalis.lv\/wp-content\/uploads\/2025\/04\/OIP-1.jpg\",\"width\":234,\"height\":156},{\"@type\":\"BreadcrumbList\",\"@id\":\"https:\/\/zoosalis.lv\/trixie-dubeneliu-kompl-keramika-metal-2x1-6-l-o-20-cm-41x10x20-cm-baltas-juodas\/#breadcrumb\",\"itemListElement\":[{\"@type\":\"ListItem\",\"position\":1,\"name\":\"Home\",\"item\":\"https:\/\/zoosalis.lv\/\"},{\"@type\":\"ListItem\",\"position\":2,\"name\":\"Parduotuv\u0117\",\"item\":\"https:\/\/zoosalis.lv\/parduotuve\/\"},{\"@type\":\"ListItem\",\"position\":3,\"name\":\"TRIXIE Duben\u0117li\u0173 kompl., keramika-metal., 2&#215;1.6 l, \u00f8 20 cm-41x10x20 cm, baltas-juodas\"}]},{\"@type\":\"WebSite\",\"@id\":\"https:\/\/zoosalis.lv\/#website\",\"url\":\"https:\/\/zoosalis.lv\/\",\"name\":\"Dz\u012bvnieku produkti\",\"description\":\"zoo\u0161alis.lt\",\"publisher\":{\"@id\":\"https:\/\/zoosalis.lv\/#organization\"},\"potentialAction\":[{\"@type\":\"SearchAction\",\"target\":{\"@type\":\"EntryPoint\",\"urlTemplate\":\"https:\/\/zoosalis.lv\/?s={search_term_string}\"},\"query-input\":{\"@type\":\"PropertyValueSpecification\",\"valueRequired\":true,\"valueName\":\"search_term_string\"}}],\"inLanguage\":\"lt-LT\"},{\"@type\":\"Organization\",\"@id\":\"https:\/\/zoosalis.lv\/#organization\",\"name\":\"Zoo\u0161alis.lt\",\"url\":\"https:\/\/zoosalis.lv\/\",\"logo\":{\"@type\":\"ImageObject\",\"inLanguage\":\"lt-LT\",\"@id\":\"https:\/\/zoosalis.lv\/#\/schema\/logo\/image\/\",\"url\":\"https:\/\/zoosalis.lv\/wp-content\/uploads\/2024\/02\/Group-62.png\",\"contentUrl\":\"https:\/\/zoosalis.lv\/wp-content\/uploads\/2024\/02\/Group-62.png\",\"width\":1537,\"height\":337,\"caption\":\"Zoo\u0161alis.lt\"},\"image\":{\"@id\":\"https:\/\/zoosalis.lv\/#\/schema\/logo\/image\/\"},\"sameAs\":[\"https:\/\/www.facebook.com\/zooprekesjums\/\"]}]}<\/script>\n<!-- \/ Yoast SEO plugin. -->","yoast_head_json":{"title":"TRIXIE Duben\u0117li\u0173 kompl., keramika-metal., 2x1.6 l, \u00f8 20 cm-41x10x20 cm, baltas-juodas | Dz\u012bvnieku produkti","robots":{"index":"index","follow":"follow","max-snippet":"max-snippet:-1","max-image-preview":"max-image-preview:large","max-video-preview":"max-video-preview:-1"},"canonical":"https:\/\/zoosalis.lv\/lt\/trixie-dubeneliu-kompl-keramika-metal-2x1-6-l-o-20-cm-41x10x20-cm-baltas-juodas\/","og_locale":"lt_LT","og_type":"article","og_title":"TRIXIE Duben\u0117li\u0173 kompl., keramika-metal., 2x1.6 l, \u00f8 20 cm-41x10x20 cm, baltas-juodas | Dz\u012bvnieku produkti","og_description":"Trixie stovas su duben\u0117liais, 2 x 1.6 l","og_url":"https:\/\/zoosalis.lv\/lt\/trixie-dubeneliu-kompl-keramika-metal-2x1-6-l-o-20-cm-41x10x20-cm-baltas-juodas\/","og_site_name":"Dz\u012bvnieku produkti","article_publisher":"https:\/\/www.facebook.com\/zooprekesjums\/","article_modified_time":"2025-04-08T08:19:05+00:00","og_image":[{"width":1537,"height":337,"url":"https:\/\/zoosalis.lv\/wp-content\/uploads\/2024\/02\/Group-62.png","type":"image\/png"}],"twitter_card":"summary_large_image","twitter_misc":{"Est. reading time":"1 minut\u0117"},"schema":{"@context":"https:\/\/schema.org","@graph":[{"@type":"WebPage","@id":"https:\/\/zoosalis.lv\/trixie-dubeneliu-kompl-keramika-metal-2x1-6-l-o-20-cm-41x10x20-cm-baltas-juodas\/","url":"https:\/\/zoosalis.lv\/trixie-dubeneliu-kompl-keramika-metal-2x1-6-l-o-20-cm-41x10x20-cm-baltas-juodas\/","name":"TRIXIE Duben\u0117li\u0173 kompl., keramika-metal., 2x1.6 l, \u00f8 20 cm-41x10x20 cm, baltas-juodas | Dz\u012bvnieku produkti","isPartOf":{"@id":"https:\/\/zoosalis.lv\/#website"},"primaryImageOfPage":{"@id":"https:\/\/zoosalis.lv\/trixie-dubeneliu-kompl-keramika-metal-2x1-6-l-o-20-cm-41x10x20-cm-baltas-juodas\/#primaryimage"},"image":{"@id":"https:\/\/zoosalis.lv\/trixie-dubeneliu-kompl-keramika-metal-2x1-6-l-o-20-cm-41x10x20-cm-baltas-juodas\/#primaryimage"},"thumbnailUrl":"https:\/\/zoosalis.lv\/wp-content\/uploads\/2025\/04\/OIP-1.jpg","datePublished":"2025-04-08T08:18:58+00:00","dateModified":"2025-04-08T08:19:05+00:00","breadcrumb":{"@id":"https:\/\/zoosalis.lv\/trixie-dubeneliu-kompl-keramika-metal-2x1-6-l-o-20-cm-41x10x20-cm-baltas-juodas\/#breadcrumb"},"inLanguage":"lt-LT","potentialAction":[{"@type":"ReadAction","target":["https:\/\/zoosalis.lv\/trixie-dubeneliu-kompl-keramika-metal-2x1-6-l-o-20-cm-41x10x20-cm-baltas-juodas\/"]}]},{"@type":"ImageObject","inLanguage":"lt-LT","@id":"https:\/\/zoosalis.lv\/trixie-dubeneliu-kompl-keramika-metal-2x1-6-l-o-20-cm-41x10x20-cm-baltas-juodas\/#primaryimage","url":"https:\/\/zoosalis.lv\/wp-content\/uploads\/2025\/04\/OIP-1.jpg","contentUrl":"https:\/\/zoosalis.lv\/wp-content\/uploads\/2025\/04\/OIP-1.jpg","width":234,"height":156},{"@type":"BreadcrumbList","@id":"https:\/\/zoosalis.lv\/trixie-dubeneliu-kompl-keramika-metal-2x1-6-l-o-20-cm-41x10x20-cm-baltas-juodas\/#breadcrumb","itemListElement":[{"@type":"ListItem","position":1,"name":"Home","item":"https:\/\/zoosalis.lv\/"},{"@type":"ListItem","position":2,"name":"Parduotuv\u0117","item":"https:\/\/zoosalis.lv\/parduotuve\/"},{"@type":"ListItem","position":3,"name":"TRIXIE Duben\u0117li\u0173 kompl., keramika-metal., 2&#215;1.6 l, \u00f8 20 cm-41x10x20 cm, baltas-juodas"}]},{"@type":"WebSite","@id":"https:\/\/zoosalis.lv\/#website","url":"https:\/\/zoosalis.lv\/","name":"Dz\u012bvnieku produkti","description":"zoo\u0161alis.lt","publisher":{"@id":"https:\/\/zoosalis.lv\/#organization"},"potentialAction":[{"@type":"SearchAction","target":{"@type":"EntryPoint","urlTemplate":"https:\/\/zoosalis.lv\/?s={search_term_string}"},"query-input":{"@type":"PropertyValueSpecification","valueRequired":true,"valueName":"search_term_string"}}],"inLanguage":"lt-LT"},{"@type":"Organization","@id":"https:\/\/zoosalis.lv\/#organization","name":"Zoo\u0161alis.lt","url":"https:\/\/zoosalis.lv\/","logo":{"@type":"ImageObject","inLanguage":"lt-LT","@id":"https:\/\/zoosalis.lv\/#\/schema\/logo\/image\/","url":"https:\/\/zoosalis.lv\/wp-content\/uploads\/2024\/02\/Group-62.png","contentUrl":"https:\/\/zoosalis.lv\/wp-content\/uploads\/2024\/02\/Group-62.png","width":1537,"height":337,"caption":"Zoo\u0161alis.lt"},"image":{"@id":"https:\/\/zoosalis.lv\/#\/schema\/logo\/image\/"},"sameAs":["https:\/\/www.facebook.com\/zooprekesjums\/"]}]}},"_links":{"self":[{"href":"https:\/\/zoosalis.lv\/lt\/wp-json\/wp\/v2\/product\/22834"}],"collection":[{"href":"https:\/\/zoosalis.lv\/lt\/wp-json\/wp\/v2\/product"}],"about":[{"href":"https:\/\/zoosalis.lv\/lt\/wp-json\/wp\/v2\/types\/product"}],"replies":[{"embeddable":true,"href":"https:\/\/zoosalis.lv\/lt\/wp-json\/wp\/v2\/comments?post=22834"}],"wp:featuredmedia":[{"embeddable":true,"href":"https:\/\/zoosalis.lv\/lt\/wp-json\/wp\/v2\/media\/20674"}],"wp:attachment":[{"href":"https:\/\/zoosalis.lv\/lt\/wp-json\/wp\/v2\/media?parent=22834"}],"wp:term":[{"taxonomy":"product_brand","embeddable":true,"href":"https:\/\/zoosalis.lv\/lt\/wp-json\/wp\/v2\/product_brand?post=22834"},{"taxonomy":"product_cat","embeddable":true,"href":"https:\/\/zoosalis.lv\/lt\/wp-json\/wp\/v2\/product_cat?post=22834"},{"taxonomy":"product_tag","embeddable":true,"href":"https:\/\/zoosalis.lv\/lt\/wp-json\/wp\/v2\/product_tag?post=22834"}],"curies":[{"name":"wp","href":"https:\/\/api.w.org\/{rel}","templated":true}]}}