{"id":23048,"date":"2025-04-08T08:22:28","date_gmt":"2025-04-08T08:22:28","guid":{"rendered":"https:\/\/zoosalis.lv\/?post_type=product&#038;p=23048"},"modified":"2025-04-08T08:22:35","modified_gmt":"2025-04-08T08:22:35","slug":"brit-care-cat-pasta-multivitamin-100ml","status":"publish","type":"product","link":"https:\/\/zoosalis.lv\/lt\/brit-care-cat-pasta-multivitamin-100ml\/","title":{"rendered":"Brit Care Cat pasta Multivitamin 100ml"},"content":{"rendered":"<p class=\"composition\"><strong>Sud\u0117tis:<\/strong>\u00a0\u0161alutiniai augalin\u0117s kilm\u0117s produktai (salyklas 60%), aliejai ir riebalai, m\u0117sa ir \u0161alutiniai gyv\u016bnin\u0117s kilm\u0117s produktai, miel\u0117s.<\/p>\n<p><strong>Analitin\u0117s sudedamosios dalys:<\/strong>\u00a0\u017eali baltymai 3,5%, \u017eali pluo\u0161tai 0,2%, \u017eali pelenai 78%, \u017eali riebalai 33%, kalcis 0,14%, fosforas 0,1%, natris 0,1%.<\/p>\n<p><strong>Maistin\u0117 sud\u0117tis:<\/strong>\u00a0vitaminas A (3a672a) 40000 TV, vitaminas D3 (3a671) 1600 TV, vitaminas E (3a700) 200 mg, vitaminas C (3a300) 96 mg, vitaminas B1 (3a821) 48 mg, vitaminas B2 (riboflavinas) 32 mg, vitaminas B6 (3a831) 24 mg, vitaminas B12 (cianokobalaminas) 64 mcg; niacinas (3a314) 96 mg, folio r\u016bg\u0161tis 4,8 mg, pantoteno r\u016bg\u0161tis (3a841) 60 mg, biotinas (3a880) 50,000 mcg, gele\u017eis (gele\u017eies sulfato monohidrato pavidalu) 32 mg, jodas (kalcio jodato pavidalu, bevandenis) 0,27 mg, manganas (mangano sulfato monohidrato pavidalu) 12,8 mg, cinkas (cinko sulfato monohidrato pavidalu) 5,4 mg.<\/p>\n<p><strong>Metabolizuojama energija:<\/strong>\u00a04,516 kcal\/kg<\/p>\n<p><strong>\u0160\u0117rimo instrukcija:<\/strong><\/p>\n<div class=\"overflow-auto\">Prid\u0117kite prie pa\u0161aro arba patiekite atskirai. Visada pasir\u016bpinkite \u0161vie\u017eiu vandeniu. Po naudojimo sandariai u\u017edarykite t\u016bbel\u0119. Laikykite sausoje ir v\u0117sioje vietoje.<\/div>\n<p><b>Technologiniai priedai:<\/b><\/p>\n<p>ksantanas (E415) 0,4%, karboksimetilceliulioz\u0117 (E466) 0,2%, karageninas (E407) 0,2%. Sud\u0117tyje yra ES patvirtint\u0173 konservant\u0173.<\/p>\n","protected":false},"excerpt":{"rendered":"<p>Sud\u0117tis:\u00a0\u0161alutiniai augalin\u0117s kilm\u0117s produktai (salyklas 60%), aliejai ir riebalai, m\u0117sa ir \u0161alutiniai gyv\u016bnin\u0117s kilm\u0117s produktai, miel\u0117s. Analitin\u0117s sudedamosios dalys:\u00a0\u017eali baltymai 3,5%, \u017eali pluo\u0161tai 0,2%, \u017eali pelenai 78%, \u017eali riebalai 33%, kalcis 0,14%, fosforas 0,1%, natris 0,1%. Maistin\u0117 sud\u0117tis:\u00a0vitaminas A (3a672a) 40000 TV, vitaminas D3 (3a671) 1600 TV, vitaminas E (3a700) 200 mg, vitaminas C (3a300) [&hellip;]<\/p>\n","protected":false},"featured_media":21231,"comment_status":"closed","ping_status":"closed","template":"","meta":{"_acf_changed":false,"_monsterinsights_skip_tracking":false,"_monsterinsights_sitenote_active":false,"_monsterinsights_sitenote_note":"","_monsterinsights_sitenote_category":0},"product_brand":[],"product_cat":[870,909],"product_tag":[],"class_list":{"0":"post-23048","1":"product","2":"type-product","3":"status-publish","4":"has-post-thumbnail","6":"product_cat-maistas-katems","7":"product_cat-vitaminai-katems","9":"first","10":"instock","11":"shipping-taxable","12":"purchasable","13":"product-type-simple"},"acf":[],"aioseo_notices":[],"yoast_head":"<!-- This site is optimized with the Yoast SEO plugin v24.8.1 - https:\/\/yoast.com\/wordpress\/plugins\/seo\/ -->\n<title>Brit Care Cat pasta Multivitamin 100ml | Dz\u012bvnieku produkti<\/title>\n<meta name=\"robots\" content=\"index, follow, max-snippet:-1, max-image-preview:large, max-video-preview:-1\" \/>\n<link rel=\"canonical\" href=\"https:\/\/zoosalis.lv\/lt\/brit-care-cat-pasta-multivitamin-100ml\/\" \/>\n<meta property=\"og:locale\" content=\"lt_LT\" \/>\n<meta property=\"og:type\" content=\"article\" \/>\n<meta property=\"og:title\" content=\"Brit Care Cat pasta Multivitamin 100ml | Dz\u012bvnieku produkti\" \/>\n<meta property=\"og:description\" content=\"Sud\u0117tis:\u00a0\u0161alutiniai augalin\u0117s kilm\u0117s produktai (salyklas 60%), aliejai ir riebalai, m\u0117sa ir \u0161alutiniai gyv\u016bnin\u0117s kilm\u0117s produktai, miel\u0117s. Analitin\u0117s sudedamosios dalys:\u00a0\u017eali baltymai 3,5%, \u017eali pluo\u0161tai 0,2%, \u017eali pelenai 78%, \u017eali riebalai 33%, kalcis 0,14%, fosforas 0,1%, natris 0,1%. Maistin\u0117 sud\u0117tis:\u00a0vitaminas A (3a672a) 40000 TV, vitaminas D3 (3a671) 1600 TV, vitaminas E (3a700) 200 mg, vitaminas C (3a300) [&hellip;]\" \/>\n<meta property=\"og:url\" content=\"https:\/\/zoosalis.lv\/lt\/brit-care-cat-pasta-multivitamin-100ml\/\" \/>\n<meta property=\"og:site_name\" content=\"Dz\u012bvnieku produkti\" \/>\n<meta property=\"article:publisher\" content=\"https:\/\/www.facebook.com\/zooprekesjums\/\" \/>\n<meta property=\"article:modified_time\" content=\"2025-04-08T08:22:35+00:00\" \/>\n<meta property=\"og:image\" content=\"https:\/\/zoosalis.lv\/wp-content\/uploads\/2024\/02\/Group-62.png\" \/>\n\t<meta property=\"og:image:width\" content=\"1537\" \/>\n\t<meta property=\"og:image:height\" content=\"337\" \/>\n\t<meta property=\"og:image:type\" content=\"image\/png\" \/>\n<meta name=\"twitter:card\" content=\"summary_large_image\" \/>\n<meta name=\"twitter:label1\" content=\"Est. reading time\" \/>\n\t<meta name=\"twitter:data1\" content=\"1 minut\u0117\" \/>\n<script type=\"application\/ld+json\" class=\"yoast-schema-graph\">{\"@context\":\"https:\/\/schema.org\",\"@graph\":[{\"@type\":\"WebPage\",\"@id\":\"https:\/\/zoosalis.lv\/brit-care-cat-pasta-multivitamin-100ml\/\",\"url\":\"https:\/\/zoosalis.lv\/brit-care-cat-pasta-multivitamin-100ml\/\",\"name\":\"Brit Care Cat pasta Multivitamin 100ml | Dz\u012bvnieku produkti\",\"isPartOf\":{\"@id\":\"https:\/\/zoosalis.lv\/#website\"},\"primaryImageOfPage\":{\"@id\":\"https:\/\/zoosalis.lv\/brit-care-cat-pasta-multivitamin-100ml\/#primaryimage\"},\"image\":{\"@id\":\"https:\/\/zoosalis.lv\/brit-care-cat-pasta-multivitamin-100ml\/#primaryimage\"},\"thumbnailUrl\":\"https:\/\/zoosalis.lv\/wp-content\/uploads\/2025\/04\/bc-pasta-multivitaminai-600x523-1.png\",\"datePublished\":\"2025-04-08T08:22:28+00:00\",\"dateModified\":\"2025-04-08T08:22:35+00:00\",\"breadcrumb\":{\"@id\":\"https:\/\/zoosalis.lv\/brit-care-cat-pasta-multivitamin-100ml\/#breadcrumb\"},\"inLanguage\":\"lt-LT\",\"potentialAction\":[{\"@type\":\"ReadAction\",\"target\":[\"https:\/\/zoosalis.lv\/brit-care-cat-pasta-multivitamin-100ml\/\"]}]},{\"@type\":\"ImageObject\",\"inLanguage\":\"lt-LT\",\"@id\":\"https:\/\/zoosalis.lv\/brit-care-cat-pasta-multivitamin-100ml\/#primaryimage\",\"url\":\"https:\/\/zoosalis.lv\/wp-content\/uploads\/2025\/04\/bc-pasta-multivitaminai-600x523-1.png\",\"contentUrl\":\"https:\/\/zoosalis.lv\/wp-content\/uploads\/2025\/04\/bc-pasta-multivitaminai-600x523-1.png\",\"width\":600,\"height\":523},{\"@type\":\"BreadcrumbList\",\"@id\":\"https:\/\/zoosalis.lv\/brit-care-cat-pasta-multivitamin-100ml\/#breadcrumb\",\"itemListElement\":[{\"@type\":\"ListItem\",\"position\":1,\"name\":\"Home\",\"item\":\"https:\/\/zoosalis.lv\/\"},{\"@type\":\"ListItem\",\"position\":2,\"name\":\"Parduotuv\u0117\",\"item\":\"https:\/\/zoosalis.lv\/parduotuve\/\"},{\"@type\":\"ListItem\",\"position\":3,\"name\":\"Brit Care Cat pasta Multivitamin 100ml\"}]},{\"@type\":\"WebSite\",\"@id\":\"https:\/\/zoosalis.lv\/#website\",\"url\":\"https:\/\/zoosalis.lv\/\",\"name\":\"Dz\u012bvnieku produkti\",\"description\":\"zoo\u0161alis.lt\",\"publisher\":{\"@id\":\"https:\/\/zoosalis.lv\/#organization\"},\"potentialAction\":[{\"@type\":\"SearchAction\",\"target\":{\"@type\":\"EntryPoint\",\"urlTemplate\":\"https:\/\/zoosalis.lv\/?s={search_term_string}\"},\"query-input\":{\"@type\":\"PropertyValueSpecification\",\"valueRequired\":true,\"valueName\":\"search_term_string\"}}],\"inLanguage\":\"lt-LT\"},{\"@type\":\"Organization\",\"@id\":\"https:\/\/zoosalis.lv\/#organization\",\"name\":\"Zoo\u0161alis.lt\",\"url\":\"https:\/\/zoosalis.lv\/\",\"logo\":{\"@type\":\"ImageObject\",\"inLanguage\":\"lt-LT\",\"@id\":\"https:\/\/zoosalis.lv\/#\/schema\/logo\/image\/\",\"url\":\"https:\/\/zoosalis.lv\/wp-content\/uploads\/2024\/02\/Group-62.png\",\"contentUrl\":\"https:\/\/zoosalis.lv\/wp-content\/uploads\/2024\/02\/Group-62.png\",\"width\":1537,\"height\":337,\"caption\":\"Zoo\u0161alis.lt\"},\"image\":{\"@id\":\"https:\/\/zoosalis.lv\/#\/schema\/logo\/image\/\"},\"sameAs\":[\"https:\/\/www.facebook.com\/zooprekesjums\/\"]}]}<\/script>\n<!-- \/ Yoast SEO plugin. -->","yoast_head_json":{"title":"Brit Care Cat pasta Multivitamin 100ml | Dz\u012bvnieku produkti","robots":{"index":"index","follow":"follow","max-snippet":"max-snippet:-1","max-image-preview":"max-image-preview:large","max-video-preview":"max-video-preview:-1"},"canonical":"https:\/\/zoosalis.lv\/lt\/brit-care-cat-pasta-multivitamin-100ml\/","og_locale":"lt_LT","og_type":"article","og_title":"Brit Care Cat pasta Multivitamin 100ml | Dz\u012bvnieku produkti","og_description":"Sud\u0117tis:\u00a0\u0161alutiniai augalin\u0117s kilm\u0117s produktai (salyklas 60%), aliejai ir riebalai, m\u0117sa ir \u0161alutiniai gyv\u016bnin\u0117s kilm\u0117s produktai, miel\u0117s. Analitin\u0117s sudedamosios dalys:\u00a0\u017eali baltymai 3,5%, \u017eali pluo\u0161tai 0,2%, \u017eali pelenai 78%, \u017eali riebalai 33%, kalcis 0,14%, fosforas 0,1%, natris 0,1%. Maistin\u0117 sud\u0117tis:\u00a0vitaminas A (3a672a) 40000 TV, vitaminas D3 (3a671) 1600 TV, vitaminas E (3a700) 200 mg, vitaminas C (3a300) [&hellip;]","og_url":"https:\/\/zoosalis.lv\/lt\/brit-care-cat-pasta-multivitamin-100ml\/","og_site_name":"Dz\u012bvnieku produkti","article_publisher":"https:\/\/www.facebook.com\/zooprekesjums\/","article_modified_time":"2025-04-08T08:22:35+00:00","og_image":[{"width":1537,"height":337,"url":"https:\/\/zoosalis.lv\/wp-content\/uploads\/2024\/02\/Group-62.png","type":"image\/png"}],"twitter_card":"summary_large_image","twitter_misc":{"Est. reading time":"1 minut\u0117"},"schema":{"@context":"https:\/\/schema.org","@graph":[{"@type":"WebPage","@id":"https:\/\/zoosalis.lv\/brit-care-cat-pasta-multivitamin-100ml\/","url":"https:\/\/zoosalis.lv\/brit-care-cat-pasta-multivitamin-100ml\/","name":"Brit Care Cat pasta Multivitamin 100ml | Dz\u012bvnieku produkti","isPartOf":{"@id":"https:\/\/zoosalis.lv\/#website"},"primaryImageOfPage":{"@id":"https:\/\/zoosalis.lv\/brit-care-cat-pasta-multivitamin-100ml\/#primaryimage"},"image":{"@id":"https:\/\/zoosalis.lv\/brit-care-cat-pasta-multivitamin-100ml\/#primaryimage"},"thumbnailUrl":"https:\/\/zoosalis.lv\/wp-content\/uploads\/2025\/04\/bc-pasta-multivitaminai-600x523-1.png","datePublished":"2025-04-08T08:22:28+00:00","dateModified":"2025-04-08T08:22:35+00:00","breadcrumb":{"@id":"https:\/\/zoosalis.lv\/brit-care-cat-pasta-multivitamin-100ml\/#breadcrumb"},"inLanguage":"lt-LT","potentialAction":[{"@type":"ReadAction","target":["https:\/\/zoosalis.lv\/brit-care-cat-pasta-multivitamin-100ml\/"]}]},{"@type":"ImageObject","inLanguage":"lt-LT","@id":"https:\/\/zoosalis.lv\/brit-care-cat-pasta-multivitamin-100ml\/#primaryimage","url":"https:\/\/zoosalis.lv\/wp-content\/uploads\/2025\/04\/bc-pasta-multivitaminai-600x523-1.png","contentUrl":"https:\/\/zoosalis.lv\/wp-content\/uploads\/2025\/04\/bc-pasta-multivitaminai-600x523-1.png","width":600,"height":523},{"@type":"BreadcrumbList","@id":"https:\/\/zoosalis.lv\/brit-care-cat-pasta-multivitamin-100ml\/#breadcrumb","itemListElement":[{"@type":"ListItem","position":1,"name":"Home","item":"https:\/\/zoosalis.lv\/"},{"@type":"ListItem","position":2,"name":"Parduotuv\u0117","item":"https:\/\/zoosalis.lv\/parduotuve\/"},{"@type":"ListItem","position":3,"name":"Brit Care Cat pasta Multivitamin 100ml"}]},{"@type":"WebSite","@id":"https:\/\/zoosalis.lv\/#website","url":"https:\/\/zoosalis.lv\/","name":"Dz\u012bvnieku produkti","description":"zoo\u0161alis.lt","publisher":{"@id":"https:\/\/zoosalis.lv\/#organization"},"potentialAction":[{"@type":"SearchAction","target":{"@type":"EntryPoint","urlTemplate":"https:\/\/zoosalis.lv\/?s={search_term_string}"},"query-input":{"@type":"PropertyValueSpecification","valueRequired":true,"valueName":"search_term_string"}}],"inLanguage":"lt-LT"},{"@type":"Organization","@id":"https:\/\/zoosalis.lv\/#organization","name":"Zoo\u0161alis.lt","url":"https:\/\/zoosalis.lv\/","logo":{"@type":"ImageObject","inLanguage":"lt-LT","@id":"https:\/\/zoosalis.lv\/#\/schema\/logo\/image\/","url":"https:\/\/zoosalis.lv\/wp-content\/uploads\/2024\/02\/Group-62.png","contentUrl":"https:\/\/zoosalis.lv\/wp-content\/uploads\/2024\/02\/Group-62.png","width":1537,"height":337,"caption":"Zoo\u0161alis.lt"},"image":{"@id":"https:\/\/zoosalis.lv\/#\/schema\/logo\/image\/"},"sameAs":["https:\/\/www.facebook.com\/zooprekesjums\/"]}]}},"_links":{"self":[{"href":"https:\/\/zoosalis.lv\/lt\/wp-json\/wp\/v2\/product\/23048"}],"collection":[{"href":"https:\/\/zoosalis.lv\/lt\/wp-json\/wp\/v2\/product"}],"about":[{"href":"https:\/\/zoosalis.lv\/lt\/wp-json\/wp\/v2\/types\/product"}],"replies":[{"embeddable":true,"href":"https:\/\/zoosalis.lv\/lt\/wp-json\/wp\/v2\/comments?post=23048"}],"wp:featuredmedia":[{"embeddable":true,"href":"https:\/\/zoosalis.lv\/lt\/wp-json\/wp\/v2\/media\/21231"}],"wp:attachment":[{"href":"https:\/\/zoosalis.lv\/lt\/wp-json\/wp\/v2\/media?parent=23048"}],"wp:term":[{"taxonomy":"product_brand","embeddable":true,"href":"https:\/\/zoosalis.lv\/lt\/wp-json\/wp\/v2\/product_brand?post=23048"},{"taxonomy":"product_cat","embeddable":true,"href":"https:\/\/zoosalis.lv\/lt\/wp-json\/wp\/v2\/product_cat?post=23048"},{"taxonomy":"product_tag","embeddable":true,"href":"https:\/\/zoosalis.lv\/lt\/wp-json\/wp\/v2\/product_tag?post=23048"}],"curies":[{"name":"wp","href":"https:\/\/api.w.org\/{rel}","templated":true}]}}