{"id":23055,"date":"2025-04-08T08:22:28","date_gmt":"2025-04-08T08:22:28","guid":{"rendered":"https:\/\/zoosalis.lv\/?post_type=product&#038;p=23055"},"modified":"2025-04-11T14:20:33","modified_gmt":"2025-04-11T14:20:33","slug":"brit-care-konservai-sunims-chicken-patemeat-400g","status":"publish","type":"product","link":"https:\/\/zoosalis.lv\/lt\/brit-care-konservai-sunims-chicken-patemeat-400g\/","title":{"rendered":"Brit Care konservai \u0161unims Chicken Pate&amp;Meat 400g."},"content":{"rendered":"<h2 id=\"product-content-section-0\">Apra\u0161ymas<\/h2>\n<p>Nat\u016bralios m\u0117sos gabaliukai ir nemalt\u0173 kogalvi\u0173 gabaliukai su pa\u0161tetu.<\/p>\n<p>Didel\u0117 kokybi\u0161kos m\u0117sos dalis ir jos \u0161velnus apdorojimas garantuoja puik\u0173 skon\u012f ir aromat\u0105. Nat\u016brali\u0173 m\u0117sos ir kogalvi\u0173 gabaliuk\u0173 gardus derinys su pa\u0161tetu tobulai patenkins i\u0161rankiausius \u0161unis gurmanus.<\/p>\n<p>Brit Pat\u00e9 &amp; Meat yra idealus maisto papildas, taip pat granul\u0117ms. Jis padeda pagerinti maisto suvartojim\u0105 ir papildyti skys\u010dius.<\/p>\n<p>BE GR\u016aD\u0172 \u2013 BE SOJ\u0172 \u2013 BE GMO<\/p>\n<h2 id=\"product-content-section-1\">Sud\u0117tis<\/h2>\n<p>28% vi\u0161tiena, 22% jautiena, 8% sveikos vi\u0161tienos kepenys, 12% \u0161irdel\u0117s ir plau\u010diai, 28,5% sultinys, 1% mineralinis, 0,5% la\u0161i\u0161\u0173 aliejus.<\/p>\n<h2 id=\"product-content-section-2\">Analitin\u0117s sudedamosios dalys<\/h2>\n<p>\u017eali baltymai 11,0 %, riebalai 9,0 %, \u017eali pelenai 6,5 %, dr\u0117gnumas 75,0 %, \u017eali pluo\u0161tai 0,4%.<\/p>\n<h2 id=\"product-content-section-3\">Priedai \/ 1 kg<\/h2>\n<p>vitaminas D3 (E671) 250 IU, vitaminas E (3a700) 100 mg, cinkas (3b606) 15 mg, gele\u017eis (E1) 10 mg, manganas (E5) 3 mg, jodas (3b201) 0,75 mg, varis (E4) 0,5 mg, biotinas 0,2 mg.<\/p>\n<h2 id=\"product-content-section-4\">Maitinimo normos<\/h2>\n<figure class=\"table\">\n<table>\n<tbody>\n<tr>\n<td><strong>\u0160uns svoris (kg)<\/strong><\/td>\n<td><strong>Small (1-10kg)<\/strong><\/td>\n<td><strong>Medium (10-25kg)<\/strong><\/td>\n<td><strong>Large (25 &#8211; 45kg)<\/strong><\/td>\n<td><strong>Giant (45-90kg)<\/strong><\/td>\n<\/tr>\n<tr>\n<td><strong>Kaip visavertis maistas (g)<\/strong><\/td>\n<td>50-500 g<\/td>\n<td>500-1000 g<\/td>\n<td>1000-1550 g<\/td>\n<td>1550-2600 g<\/td>\n<\/tr>\n<tr>\n<td><strong>Kaip papildomas maistas 50:50 (g)<\/strong><\/td>\n<td>25-250g<\/td>\n<td>250-500 g<\/td>\n<td>500-775 g<\/td>\n<td>775-1300 g<\/td>\n<\/tr>\n<\/tbody>\n<\/table>\n<\/figure>\n<p>Dienos norma gali kisti atsi\u017evelgiant \u012f \u0161uniuko\u00a0veisl\u0119, dyd\u012f, am\u017ei\u0173, temperament\u0105, aktyvumo lyg\u012f, met\u0173 laik\u0173 faktorius\u00a0ir turi b\u016bti padalintas \u012f du \u0161\u0117rimus per dien\u0105.<\/p>\n<p>Gamintojas: VAFO PRAHA s.r.o, \u010cekija<\/p>\n","protected":false},"excerpt":{"rendered":"<div class=\"product-info__excerpt\">\n<p>70% vi\u0161tienos ir jautienos grynas m\u0117sos pa\u0161tetas. Visavertis \u0117dalas \u0161unims.<\/p>\n<\/div>\n<div class=\"product-prices \">\n<div class=\"product-prices__left\"><\/div>\n<\/div>\n","protected":false},"featured_media":21239,"comment_status":"closed","ping_status":"closed","template":"","meta":{"_acf_changed":false,"_monsterinsights_skip_tracking":false,"_monsterinsights_sitenote_active":false,"_monsterinsights_sitenote_note":"","_monsterinsights_sitenote_category":0},"product_brand":[],"product_cat":[875,873,874],"product_tag":[],"class_list":{"0":"post-23055","1":"product","2":"type-product","3":"status-publish","4":"has-post-thumbnail","6":"product_cat-konservai-sunims","7":"product_cat-prekes-sunims","8":"product_cat-sunu-maistas","10":"first","11":"instock","12":"shipping-taxable","13":"purchasable","14":"product-type-simple"},"acf":[],"aioseo_notices":[],"yoast_head":"<!-- This site is optimized with the Yoast SEO plugin v24.8.1 - https:\/\/yoast.com\/wordpress\/plugins\/seo\/ -->\n<title>Brit Care konservai \u0161unims Chicken Pate&amp;Meat 400g. | Dz\u012bvnieku produkti<\/title>\n<meta name=\"robots\" content=\"index, follow, max-snippet:-1, max-image-preview:large, max-video-preview:-1\" \/>\n<link rel=\"canonical\" href=\"https:\/\/zoosalis.lv\/lt\/brit-care-konservai-sunims-chicken-patemeat-400g\/\" \/>\n<meta property=\"og:locale\" content=\"lt_LT\" \/>\n<meta property=\"og:type\" content=\"article\" \/>\n<meta property=\"og:title\" content=\"Brit Care konservai \u0161unims Chicken Pate&amp;Meat 400g. | Dz\u012bvnieku produkti\" \/>\n<meta property=\"og:description\" content=\"70% vi\u0161tienos ir jautienos grynas m\u0117sos pa\u0161tetas. Visavertis \u0117dalas \u0161unims.\" \/>\n<meta property=\"og:url\" content=\"https:\/\/zoosalis.lv\/lt\/brit-care-konservai-sunims-chicken-patemeat-400g\/\" \/>\n<meta property=\"og:site_name\" content=\"Dz\u012bvnieku produkti\" \/>\n<meta property=\"article:publisher\" content=\"https:\/\/www.facebook.com\/zooprekesjums\/\" \/>\n<meta property=\"article:modified_time\" content=\"2025-04-11T14:20:33+00:00\" \/>\n<meta property=\"og:image\" content=\"https:\/\/zoosalis.lv\/wp-content\/uploads\/2025\/04\/pate-chicken-medium.jpg\" \/>\n\t<meta property=\"og:image:width\" content=\"599\" \/>\n\t<meta property=\"og:image:height\" content=\"522\" \/>\n\t<meta property=\"og:image:type\" content=\"image\/jpeg\" \/>\n<meta name=\"twitter:card\" content=\"summary_large_image\" \/>\n<meta name=\"twitter:label1\" content=\"Est. reading time\" \/>\n\t<meta name=\"twitter:data1\" content=\"1 minut\u0117\" \/>\n<script type=\"application\/ld+json\" class=\"yoast-schema-graph\">{\"@context\":\"https:\/\/schema.org\",\"@graph\":[{\"@type\":\"WebPage\",\"@id\":\"https:\/\/zoosalis.lv\/brit-care-konservai-sunims-chicken-patemeat-400g\/\",\"url\":\"https:\/\/zoosalis.lv\/brit-care-konservai-sunims-chicken-patemeat-400g\/\",\"name\":\"Brit Care konservai \u0161unims Chicken Pate&amp;Meat 400g. | Dz\u012bvnieku produkti\",\"isPartOf\":{\"@id\":\"https:\/\/zoosalis.lv\/#website\"},\"primaryImageOfPage\":{\"@id\":\"https:\/\/zoosalis.lv\/brit-care-konservai-sunims-chicken-patemeat-400g\/#primaryimage\"},\"image\":{\"@id\":\"https:\/\/zoosalis.lv\/brit-care-konservai-sunims-chicken-patemeat-400g\/#primaryimage\"},\"thumbnailUrl\":\"https:\/\/zoosalis.lv\/wp-content\/uploads\/2025\/04\/pate-chicken-medium.jpg\",\"datePublished\":\"2025-04-08T08:22:28+00:00\",\"dateModified\":\"2025-04-11T14:20:33+00:00\",\"breadcrumb\":{\"@id\":\"https:\/\/zoosalis.lv\/brit-care-konservai-sunims-chicken-patemeat-400g\/#breadcrumb\"},\"inLanguage\":\"lt-LT\",\"potentialAction\":[{\"@type\":\"ReadAction\",\"target\":[\"https:\/\/zoosalis.lv\/brit-care-konservai-sunims-chicken-patemeat-400g\/\"]}]},{\"@type\":\"ImageObject\",\"inLanguage\":\"lt-LT\",\"@id\":\"https:\/\/zoosalis.lv\/brit-care-konservai-sunims-chicken-patemeat-400g\/#primaryimage\",\"url\":\"https:\/\/zoosalis.lv\/wp-content\/uploads\/2025\/04\/pate-chicken-medium.jpg\",\"contentUrl\":\"https:\/\/zoosalis.lv\/wp-content\/uploads\/2025\/04\/pate-chicken-medium.jpg\",\"width\":599,\"height\":522},{\"@type\":\"BreadcrumbList\",\"@id\":\"https:\/\/zoosalis.lv\/brit-care-konservai-sunims-chicken-patemeat-400g\/#breadcrumb\",\"itemListElement\":[{\"@type\":\"ListItem\",\"position\":1,\"name\":\"Home\",\"item\":\"https:\/\/zoosalis.lv\/\"},{\"@type\":\"ListItem\",\"position\":2,\"name\":\"Parduotuv\u0117\",\"item\":\"https:\/\/zoosalis.lv\/parduotuve\/\"},{\"@type\":\"ListItem\",\"position\":3,\"name\":\"Brit Care konservai \u0161unims Chicken Pate&amp;Meat 400g.\"}]},{\"@type\":\"WebSite\",\"@id\":\"https:\/\/zoosalis.lv\/#website\",\"url\":\"https:\/\/zoosalis.lv\/\",\"name\":\"Dz\u012bvnieku produkti\",\"description\":\"zoo\u0161alis.lt\",\"publisher\":{\"@id\":\"https:\/\/zoosalis.lv\/#organization\"},\"potentialAction\":[{\"@type\":\"SearchAction\",\"target\":{\"@type\":\"EntryPoint\",\"urlTemplate\":\"https:\/\/zoosalis.lv\/?s={search_term_string}\"},\"query-input\":{\"@type\":\"PropertyValueSpecification\",\"valueRequired\":true,\"valueName\":\"search_term_string\"}}],\"inLanguage\":\"lt-LT\"},{\"@type\":\"Organization\",\"@id\":\"https:\/\/zoosalis.lv\/#organization\",\"name\":\"Zoo\u0161alis.lt\",\"url\":\"https:\/\/zoosalis.lv\/\",\"logo\":{\"@type\":\"ImageObject\",\"inLanguage\":\"lt-LT\",\"@id\":\"https:\/\/zoosalis.lv\/#\/schema\/logo\/image\/\",\"url\":\"https:\/\/zoosalis.lv\/wp-content\/uploads\/2024\/02\/Group-62.png\",\"contentUrl\":\"https:\/\/zoosalis.lv\/wp-content\/uploads\/2024\/02\/Group-62.png\",\"width\":1537,\"height\":337,\"caption\":\"Zoo\u0161alis.lt\"},\"image\":{\"@id\":\"https:\/\/zoosalis.lv\/#\/schema\/logo\/image\/\"},\"sameAs\":[\"https:\/\/www.facebook.com\/zooprekesjums\/\"]}]}<\/script>\n<!-- \/ Yoast SEO plugin. -->","yoast_head_json":{"title":"Brit Care konservai \u0161unims Chicken Pate&amp;Meat 400g. | Dz\u012bvnieku produkti","robots":{"index":"index","follow":"follow","max-snippet":"max-snippet:-1","max-image-preview":"max-image-preview:large","max-video-preview":"max-video-preview:-1"},"canonical":"https:\/\/zoosalis.lv\/lt\/brit-care-konservai-sunims-chicken-patemeat-400g\/","og_locale":"lt_LT","og_type":"article","og_title":"Brit Care konservai \u0161unims Chicken Pate&amp;Meat 400g. | Dz\u012bvnieku produkti","og_description":"70% vi\u0161tienos ir jautienos grynas m\u0117sos pa\u0161tetas. Visavertis \u0117dalas \u0161unims.","og_url":"https:\/\/zoosalis.lv\/lt\/brit-care-konservai-sunims-chicken-patemeat-400g\/","og_site_name":"Dz\u012bvnieku produkti","article_publisher":"https:\/\/www.facebook.com\/zooprekesjums\/","article_modified_time":"2025-04-11T14:20:33+00:00","og_image":[{"width":599,"height":522,"url":"https:\/\/zoosalis.lv\/wp-content\/uploads\/2025\/04\/pate-chicken-medium.jpg","type":"image\/jpeg"}],"twitter_card":"summary_large_image","twitter_misc":{"Est. reading time":"1 minut\u0117"},"schema":{"@context":"https:\/\/schema.org","@graph":[{"@type":"WebPage","@id":"https:\/\/zoosalis.lv\/brit-care-konservai-sunims-chicken-patemeat-400g\/","url":"https:\/\/zoosalis.lv\/brit-care-konservai-sunims-chicken-patemeat-400g\/","name":"Brit Care konservai \u0161unims Chicken Pate&amp;Meat 400g. | Dz\u012bvnieku produkti","isPartOf":{"@id":"https:\/\/zoosalis.lv\/#website"},"primaryImageOfPage":{"@id":"https:\/\/zoosalis.lv\/brit-care-konservai-sunims-chicken-patemeat-400g\/#primaryimage"},"image":{"@id":"https:\/\/zoosalis.lv\/brit-care-konservai-sunims-chicken-patemeat-400g\/#primaryimage"},"thumbnailUrl":"https:\/\/zoosalis.lv\/wp-content\/uploads\/2025\/04\/pate-chicken-medium.jpg","datePublished":"2025-04-08T08:22:28+00:00","dateModified":"2025-04-11T14:20:33+00:00","breadcrumb":{"@id":"https:\/\/zoosalis.lv\/brit-care-konservai-sunims-chicken-patemeat-400g\/#breadcrumb"},"inLanguage":"lt-LT","potentialAction":[{"@type":"ReadAction","target":["https:\/\/zoosalis.lv\/brit-care-konservai-sunims-chicken-patemeat-400g\/"]}]},{"@type":"ImageObject","inLanguage":"lt-LT","@id":"https:\/\/zoosalis.lv\/brit-care-konservai-sunims-chicken-patemeat-400g\/#primaryimage","url":"https:\/\/zoosalis.lv\/wp-content\/uploads\/2025\/04\/pate-chicken-medium.jpg","contentUrl":"https:\/\/zoosalis.lv\/wp-content\/uploads\/2025\/04\/pate-chicken-medium.jpg","width":599,"height":522},{"@type":"BreadcrumbList","@id":"https:\/\/zoosalis.lv\/brit-care-konservai-sunims-chicken-patemeat-400g\/#breadcrumb","itemListElement":[{"@type":"ListItem","position":1,"name":"Home","item":"https:\/\/zoosalis.lv\/"},{"@type":"ListItem","position":2,"name":"Parduotuv\u0117","item":"https:\/\/zoosalis.lv\/parduotuve\/"},{"@type":"ListItem","position":3,"name":"Brit Care konservai \u0161unims Chicken Pate&amp;Meat 400g."}]},{"@type":"WebSite","@id":"https:\/\/zoosalis.lv\/#website","url":"https:\/\/zoosalis.lv\/","name":"Dz\u012bvnieku produkti","description":"zoo\u0161alis.lt","publisher":{"@id":"https:\/\/zoosalis.lv\/#organization"},"potentialAction":[{"@type":"SearchAction","target":{"@type":"EntryPoint","urlTemplate":"https:\/\/zoosalis.lv\/?s={search_term_string}"},"query-input":{"@type":"PropertyValueSpecification","valueRequired":true,"valueName":"search_term_string"}}],"inLanguage":"lt-LT"},{"@type":"Organization","@id":"https:\/\/zoosalis.lv\/#organization","name":"Zoo\u0161alis.lt","url":"https:\/\/zoosalis.lv\/","logo":{"@type":"ImageObject","inLanguage":"lt-LT","@id":"https:\/\/zoosalis.lv\/#\/schema\/logo\/image\/","url":"https:\/\/zoosalis.lv\/wp-content\/uploads\/2024\/02\/Group-62.png","contentUrl":"https:\/\/zoosalis.lv\/wp-content\/uploads\/2024\/02\/Group-62.png","width":1537,"height":337,"caption":"Zoo\u0161alis.lt"},"image":{"@id":"https:\/\/zoosalis.lv\/#\/schema\/logo\/image\/"},"sameAs":["https:\/\/www.facebook.com\/zooprekesjums\/"]}]}},"_links":{"self":[{"href":"https:\/\/zoosalis.lv\/lt\/wp-json\/wp\/v2\/product\/23055"}],"collection":[{"href":"https:\/\/zoosalis.lv\/lt\/wp-json\/wp\/v2\/product"}],"about":[{"href":"https:\/\/zoosalis.lv\/lt\/wp-json\/wp\/v2\/types\/product"}],"replies":[{"embeddable":true,"href":"https:\/\/zoosalis.lv\/lt\/wp-json\/wp\/v2\/comments?post=23055"}],"wp:featuredmedia":[{"embeddable":true,"href":"https:\/\/zoosalis.lv\/lt\/wp-json\/wp\/v2\/media\/21239"}],"wp:attachment":[{"href":"https:\/\/zoosalis.lv\/lt\/wp-json\/wp\/v2\/media?parent=23055"}],"wp:term":[{"taxonomy":"product_brand","embeddable":true,"href":"https:\/\/zoosalis.lv\/lt\/wp-json\/wp\/v2\/product_brand?post=23055"},{"taxonomy":"product_cat","embeddable":true,"href":"https:\/\/zoosalis.lv\/lt\/wp-json\/wp\/v2\/product_cat?post=23055"},{"taxonomy":"product_tag","embeddable":true,"href":"https:\/\/zoosalis.lv\/lt\/wp-json\/wp\/v2\/product_tag?post=23055"}],"curies":[{"name":"wp","href":"https:\/\/api.w.org\/{rel}","templated":true}]}}