{"id":23068,"date":"2025-04-08T08:23:14","date_gmt":"2025-04-08T08:23:14","guid":{"rendered":"https:\/\/zoosalis.lv\/?post_type=product&#038;p=23068"},"modified":"2025-04-08T08:23:26","modified_gmt":"2025-04-08T08:23:26","slug":"brit-premium-by-nature-konservai-sunims-lamb-with-buckwheat-400g","status":"publish","type":"product","link":"https:\/\/zoosalis.lv\/lt\/brit-premium-by-nature-konservai-sunims-lamb-with-buckwheat-400g\/","title":{"rendered":"Brit Premium by Nature konservai \u0161unims Lamb with Buckwheat 400g."},"content":{"rendered":"<div class=\"row\">\n<div class=\"col-9 col-md-12\">\n<div class=\"product-content__content\">\n<h2 id=\"product-content-section-0\">Apra\u0161ymas<\/h2>\n<p>Tai yra idealus papildas granul\u0117ms. Visavertis \u0117dalas, u\u017ekandis arba skanus papildas. Jis padeda pagerinti maisto suvartojim\u0105 ir papildyti skys\u010dius.<\/p>\n<ul>\n<li>Puikus vir\u0161kinamumas ir nuostabus skonis<\/li>\n<li>Subalansuotas maistini\u0173 med\u017eiag\u0173, vitamin\u0173 ir mineral\u0173 kiekis<\/li>\n<li>Be gr\u016bd\u0173 \u2013 be druskos \u2013 be GMO<\/li>\n<\/ul>\n<h2 id=\"product-content-section-1\">Sud\u0117tis<\/h2>\n<p>aviena 36%, avienos sultinys 35,5%, vi\u0161tiena 22%, grikiai 4%, obuoliai 1%, mineralai 1%, la\u0161i\u0161\u0173 aliejus 0,5%.<\/p>\n<h2 id=\"product-content-section-2\">Analitin\u0117s sudedamosios dalys<\/h2>\n<p>\u017eali baltymai 8,0%, \u017eali riebalai 5,0%, \u017ealia l\u0105steliena 0,3%, \u017eali pelenai 2,7%, dr\u0117gnumas 78,0%, kalcis 0,3%, fosforas 0,3%, natris 0,5%.<\/p>\n<h2 id=\"product-content-section-3\">Priedai \/ 1 kg<\/h2>\n<p>vitaminas D3 (E671) 200 TV, vitaminas E (3a700) 100 mg, cinkas (3b606) 10 mg, gele\u017eis (3b103) 8 mg, manganas (3b502) 2 mg, jodas (3b201) 0,5 mg, varis (3b405) 0,5 mg.<\/p>\n<h2 id=\"product-content-section-4\">Metabolizuojama energija<\/h2>\n<p>1 000 kcal\/kg<\/p>\n<h2 id=\"product-content-section-5\">Maitinimo normos<\/h2>\n<p>Paros porcija gali skirtis priklausomai nuo aplinkos, dyd\u017eio, am\u017eiaus ir aktyvumo. Patiekite kambario temperat\u016bros. Jei patiekiate \u0161\u012f pa\u0161ar\u0105 nor\u0117dami pa\u012fvairinti valgiara\u0161t\u012f ir pagerinti maisto skon\u012f, atitinkamai suma\u017einkite rekomenduojam\u0105 paros porcij\u0105. Pasir\u016bpinkite, kad J\u016bs\u0173 \u0161uo tur\u0117t\u0173 prieig\u0105 prie g\u0117lo geriamojo vandens. Laikykite sausoje ir v\u0117sioje vietoje. Atidarius laikykite \u0161aldytuve. Tinkamumo vartoti pabaigos data ir partijos numeris yra nurodyti pakuot\u0117je.<\/p>\n<figure class=\"table\">\n<table>\n<thead>\n<tr>\n<th rowspan=\"1\"><strong>\u0160uns svoris\/paros porcija<\/strong><\/th>\n<th><strong>\u0160eriant tik \u0161iuo \u0117dalu (g)<\/strong><\/th>\n<th><strong>Pridedant prie kito \u0117dalo, 50% paros raciono (g)<\/strong><\/th>\n<th><strong>Pridedant prie kito \u0117dalo, 25% paros raciono (g)<\/strong><\/th>\n<\/tr>\n<\/thead>\n<tbody>\n<tr>\n<th rowspan=\"1\"><strong>Ma\u017ea (1-10 kg)<\/strong><\/th>\n<td>200-400<\/td>\n<td>100-200<\/td>\n<td>50-100<\/td>\n<\/tr>\n<tr>\n<th rowspan=\"1\"><strong>Vidutinis (10-25 kg)<\/strong><\/th>\n<td>400-800<\/td>\n<td>200-400<\/td>\n<td>100-200<\/td>\n<\/tr>\n<tr>\n<th rowspan=\"1\"><strong>Didel\u0117 (25-50 kg)<\/strong><\/th>\n<td>800-1200<\/td>\n<td>400-600<\/td>\n<td>200-300<\/td>\n<\/tr>\n<tr>\n<th rowspan=\"1\"><strong>Itin didel\u0117 (50-70 kg)<\/strong><\/th>\n<td>1200-1600<\/td>\n<td>600-800<\/td>\n<td>300-400<\/td>\n<\/tr>\n<\/tbody>\n<\/table>\n<\/figure>\n<p>Gamintojas:\u00a0VAFO PRAHA s.r.o.,\u00a0\u010cekija.<\/p>\n<\/div>\n<\/div>\n<\/div>\n","protected":false},"excerpt":{"rendered":"<div class=\"product-info__excerpt\">\n<p>M\u0117sos pa\u0161tetas \u0161unims su \u0117riena ir grikiais, idealiai tinka \u0161unims turintiems jautr\u0173 vir\u0161kinim\u0105.<\/p>\n<\/div>\n<div class=\"product-info__options\">\n<div class=\"product-info__options-text\"><\/div>\n<div class=\"product-info__options-options\"><\/div>\n<\/div>\n","protected":false},"featured_media":21318,"comment_status":"closed","ping_status":"closed","template":"","meta":{"_acf_changed":false,"_monsterinsights_skip_tracking":false,"_monsterinsights_sitenote_active":false,"_monsterinsights_sitenote_note":"","_monsterinsights_sitenote_category":0},"product_brand":[],"product_cat":[875,873,874],"product_tag":[],"class_list":{"0":"post-23068","1":"product","2":"type-product","3":"status-publish","4":"has-post-thumbnail","6":"product_cat-konservai-sunims","7":"product_cat-prekes-sunims","8":"product_cat-sunu-maistas","10":"first","11":"instock","12":"shipping-taxable","13":"purchasable","14":"product-type-simple"},"acf":[],"aioseo_notices":[],"yoast_head":"<!-- This site is optimized with the Yoast SEO plugin v24.8.1 - https:\/\/yoast.com\/wordpress\/plugins\/seo\/ -->\n<title>Brit Premium by Nature konservai \u0161unims Lamb with Buckwheat 400g. | Dz\u012bvnieku produkti<\/title>\n<meta name=\"robots\" content=\"index, follow, max-snippet:-1, max-image-preview:large, max-video-preview:-1\" \/>\n<link rel=\"canonical\" href=\"https:\/\/zoosalis.lv\/lt\/brit-premium-by-nature-konservai-sunims-lamb-with-buckwheat-400g\/\" \/>\n<meta property=\"og:locale\" content=\"lt_LT\" \/>\n<meta property=\"og:type\" content=\"article\" \/>\n<meta property=\"og:title\" content=\"Brit Premium by Nature konservai \u0161unims Lamb with Buckwheat 400g. | Dz\u012bvnieku produkti\" \/>\n<meta property=\"og:description\" content=\"M\u0117sos pa\u0161tetas \u0161unims su \u0117riena ir grikiais, idealiai tinka \u0161unims turintiems jautr\u0173 vir\u0161kinim\u0105.\" \/>\n<meta property=\"og:url\" content=\"https:\/\/zoosalis.lv\/lt\/brit-premium-by-nature-konservai-sunims-lamb-with-buckwheat-400g\/\" \/>\n<meta property=\"og:site_name\" content=\"Dz\u012bvnieku produkti\" \/>\n<meta property=\"article:publisher\" content=\"https:\/\/www.facebook.com\/zooprekesjums\/\" \/>\n<meta property=\"article:modified_time\" content=\"2025-04-08T08:23:26+00:00\" \/>\n<meta property=\"og:image\" content=\"https:\/\/zoosalis.lv\/wp-content\/uploads\/2024\/02\/Group-62.png\" \/>\n\t<meta property=\"og:image:width\" content=\"1537\" \/>\n\t<meta property=\"og:image:height\" content=\"337\" \/>\n\t<meta property=\"og:image:type\" content=\"image\/png\" \/>\n<meta name=\"twitter:card\" content=\"summary_large_image\" \/>\n<meta name=\"twitter:label1\" content=\"Est. reading time\" \/>\n\t<meta name=\"twitter:data1\" content=\"1 minut\u0117\" \/>\n<script type=\"application\/ld+json\" class=\"yoast-schema-graph\">{\"@context\":\"https:\/\/schema.org\",\"@graph\":[{\"@type\":\"WebPage\",\"@id\":\"https:\/\/zoosalis.lv\/brit-premium-by-nature-konservai-sunims-lamb-with-buckwheat-400g\/\",\"url\":\"https:\/\/zoosalis.lv\/brit-premium-by-nature-konservai-sunims-lamb-with-buckwheat-400g\/\",\"name\":\"Brit Premium by Nature konservai \u0161unims Lamb with Buckwheat 400g. | Dz\u012bvnieku produkti\",\"isPartOf\":{\"@id\":\"https:\/\/zoosalis.lv\/#website\"},\"primaryImageOfPage\":{\"@id\":\"https:\/\/zoosalis.lv\/brit-premium-by-nature-konservai-sunims-lamb-with-buckwheat-400g\/#primaryimage\"},\"image\":{\"@id\":\"https:\/\/zoosalis.lv\/brit-premium-by-nature-konservai-sunims-lamb-with-buckwheat-400g\/#primaryimage\"},\"thumbnailUrl\":\"https:\/\/zoosalis.lv\/wp-content\/uploads\/2025\/04\/lamb-800g.png\",\"datePublished\":\"2025-04-08T08:23:14+00:00\",\"dateModified\":\"2025-04-08T08:23:26+00:00\",\"breadcrumb\":{\"@id\":\"https:\/\/zoosalis.lv\/brit-premium-by-nature-konservai-sunims-lamb-with-buckwheat-400g\/#breadcrumb\"},\"inLanguage\":\"lt-LT\",\"potentialAction\":[{\"@type\":\"ReadAction\",\"target\":[\"https:\/\/zoosalis.lv\/brit-premium-by-nature-konservai-sunims-lamb-with-buckwheat-400g\/\"]}]},{\"@type\":\"ImageObject\",\"inLanguage\":\"lt-LT\",\"@id\":\"https:\/\/zoosalis.lv\/brit-premium-by-nature-konservai-sunims-lamb-with-buckwheat-400g\/#primaryimage\",\"url\":\"https:\/\/zoosalis.lv\/wp-content\/uploads\/2025\/04\/lamb-800g.png\",\"contentUrl\":\"https:\/\/zoosalis.lv\/wp-content\/uploads\/2025\/04\/lamb-800g.png\",\"width\":1185,\"height\":1032},{\"@type\":\"BreadcrumbList\",\"@id\":\"https:\/\/zoosalis.lv\/brit-premium-by-nature-konservai-sunims-lamb-with-buckwheat-400g\/#breadcrumb\",\"itemListElement\":[{\"@type\":\"ListItem\",\"position\":1,\"name\":\"Home\",\"item\":\"https:\/\/zoosalis.lv\/\"},{\"@type\":\"ListItem\",\"position\":2,\"name\":\"Parduotuv\u0117\",\"item\":\"https:\/\/zoosalis.lv\/parduotuve\/\"},{\"@type\":\"ListItem\",\"position\":3,\"name\":\"Brit Premium by Nature konservai \u0161unims Lamb with Buckwheat 400g.\"}]},{\"@type\":\"WebSite\",\"@id\":\"https:\/\/zoosalis.lv\/#website\",\"url\":\"https:\/\/zoosalis.lv\/\",\"name\":\"Dz\u012bvnieku produkti\",\"description\":\"zoo\u0161alis.lt\",\"publisher\":{\"@id\":\"https:\/\/zoosalis.lv\/#organization\"},\"potentialAction\":[{\"@type\":\"SearchAction\",\"target\":{\"@type\":\"EntryPoint\",\"urlTemplate\":\"https:\/\/zoosalis.lv\/?s={search_term_string}\"},\"query-input\":{\"@type\":\"PropertyValueSpecification\",\"valueRequired\":true,\"valueName\":\"search_term_string\"}}],\"inLanguage\":\"lt-LT\"},{\"@type\":\"Organization\",\"@id\":\"https:\/\/zoosalis.lv\/#organization\",\"name\":\"Zoo\u0161alis.lt\",\"url\":\"https:\/\/zoosalis.lv\/\",\"logo\":{\"@type\":\"ImageObject\",\"inLanguage\":\"lt-LT\",\"@id\":\"https:\/\/zoosalis.lv\/#\/schema\/logo\/image\/\",\"url\":\"https:\/\/zoosalis.lv\/wp-content\/uploads\/2024\/02\/Group-62.png\",\"contentUrl\":\"https:\/\/zoosalis.lv\/wp-content\/uploads\/2024\/02\/Group-62.png\",\"width\":1537,\"height\":337,\"caption\":\"Zoo\u0161alis.lt\"},\"image\":{\"@id\":\"https:\/\/zoosalis.lv\/#\/schema\/logo\/image\/\"},\"sameAs\":[\"https:\/\/www.facebook.com\/zooprekesjums\/\"]}]}<\/script>\n<!-- \/ Yoast SEO plugin. -->","yoast_head_json":{"title":"Brit Premium by Nature konservai \u0161unims Lamb with Buckwheat 400g. | Dz\u012bvnieku produkti","robots":{"index":"index","follow":"follow","max-snippet":"max-snippet:-1","max-image-preview":"max-image-preview:large","max-video-preview":"max-video-preview:-1"},"canonical":"https:\/\/zoosalis.lv\/lt\/brit-premium-by-nature-konservai-sunims-lamb-with-buckwheat-400g\/","og_locale":"lt_LT","og_type":"article","og_title":"Brit Premium by Nature konservai \u0161unims Lamb with Buckwheat 400g. | Dz\u012bvnieku produkti","og_description":"M\u0117sos pa\u0161tetas \u0161unims su \u0117riena ir grikiais, idealiai tinka \u0161unims turintiems jautr\u0173 vir\u0161kinim\u0105.","og_url":"https:\/\/zoosalis.lv\/lt\/brit-premium-by-nature-konservai-sunims-lamb-with-buckwheat-400g\/","og_site_name":"Dz\u012bvnieku produkti","article_publisher":"https:\/\/www.facebook.com\/zooprekesjums\/","article_modified_time":"2025-04-08T08:23:26+00:00","og_image":[{"width":1537,"height":337,"url":"https:\/\/zoosalis.lv\/wp-content\/uploads\/2024\/02\/Group-62.png","type":"image\/png"}],"twitter_card":"summary_large_image","twitter_misc":{"Est. reading time":"1 minut\u0117"},"schema":{"@context":"https:\/\/schema.org","@graph":[{"@type":"WebPage","@id":"https:\/\/zoosalis.lv\/brit-premium-by-nature-konservai-sunims-lamb-with-buckwheat-400g\/","url":"https:\/\/zoosalis.lv\/brit-premium-by-nature-konservai-sunims-lamb-with-buckwheat-400g\/","name":"Brit Premium by Nature konservai \u0161unims Lamb with Buckwheat 400g. | Dz\u012bvnieku produkti","isPartOf":{"@id":"https:\/\/zoosalis.lv\/#website"},"primaryImageOfPage":{"@id":"https:\/\/zoosalis.lv\/brit-premium-by-nature-konservai-sunims-lamb-with-buckwheat-400g\/#primaryimage"},"image":{"@id":"https:\/\/zoosalis.lv\/brit-premium-by-nature-konservai-sunims-lamb-with-buckwheat-400g\/#primaryimage"},"thumbnailUrl":"https:\/\/zoosalis.lv\/wp-content\/uploads\/2025\/04\/lamb-800g.png","datePublished":"2025-04-08T08:23:14+00:00","dateModified":"2025-04-08T08:23:26+00:00","breadcrumb":{"@id":"https:\/\/zoosalis.lv\/brit-premium-by-nature-konservai-sunims-lamb-with-buckwheat-400g\/#breadcrumb"},"inLanguage":"lt-LT","potentialAction":[{"@type":"ReadAction","target":["https:\/\/zoosalis.lv\/brit-premium-by-nature-konservai-sunims-lamb-with-buckwheat-400g\/"]}]},{"@type":"ImageObject","inLanguage":"lt-LT","@id":"https:\/\/zoosalis.lv\/brit-premium-by-nature-konservai-sunims-lamb-with-buckwheat-400g\/#primaryimage","url":"https:\/\/zoosalis.lv\/wp-content\/uploads\/2025\/04\/lamb-800g.png","contentUrl":"https:\/\/zoosalis.lv\/wp-content\/uploads\/2025\/04\/lamb-800g.png","width":1185,"height":1032},{"@type":"BreadcrumbList","@id":"https:\/\/zoosalis.lv\/brit-premium-by-nature-konservai-sunims-lamb-with-buckwheat-400g\/#breadcrumb","itemListElement":[{"@type":"ListItem","position":1,"name":"Home","item":"https:\/\/zoosalis.lv\/"},{"@type":"ListItem","position":2,"name":"Parduotuv\u0117","item":"https:\/\/zoosalis.lv\/parduotuve\/"},{"@type":"ListItem","position":3,"name":"Brit Premium by Nature konservai \u0161unims Lamb with Buckwheat 400g."}]},{"@type":"WebSite","@id":"https:\/\/zoosalis.lv\/#website","url":"https:\/\/zoosalis.lv\/","name":"Dz\u012bvnieku produkti","description":"zoo\u0161alis.lt","publisher":{"@id":"https:\/\/zoosalis.lv\/#organization"},"potentialAction":[{"@type":"SearchAction","target":{"@type":"EntryPoint","urlTemplate":"https:\/\/zoosalis.lv\/?s={search_term_string}"},"query-input":{"@type":"PropertyValueSpecification","valueRequired":true,"valueName":"search_term_string"}}],"inLanguage":"lt-LT"},{"@type":"Organization","@id":"https:\/\/zoosalis.lv\/#organization","name":"Zoo\u0161alis.lt","url":"https:\/\/zoosalis.lv\/","logo":{"@type":"ImageObject","inLanguage":"lt-LT","@id":"https:\/\/zoosalis.lv\/#\/schema\/logo\/image\/","url":"https:\/\/zoosalis.lv\/wp-content\/uploads\/2024\/02\/Group-62.png","contentUrl":"https:\/\/zoosalis.lv\/wp-content\/uploads\/2024\/02\/Group-62.png","width":1537,"height":337,"caption":"Zoo\u0161alis.lt"},"image":{"@id":"https:\/\/zoosalis.lv\/#\/schema\/logo\/image\/"},"sameAs":["https:\/\/www.facebook.com\/zooprekesjums\/"]}]}},"_links":{"self":[{"href":"https:\/\/zoosalis.lv\/lt\/wp-json\/wp\/v2\/product\/23068"}],"collection":[{"href":"https:\/\/zoosalis.lv\/lt\/wp-json\/wp\/v2\/product"}],"about":[{"href":"https:\/\/zoosalis.lv\/lt\/wp-json\/wp\/v2\/types\/product"}],"replies":[{"embeddable":true,"href":"https:\/\/zoosalis.lv\/lt\/wp-json\/wp\/v2\/comments?post=23068"}],"wp:featuredmedia":[{"embeddable":true,"href":"https:\/\/zoosalis.lv\/lt\/wp-json\/wp\/v2\/media\/21318"}],"wp:attachment":[{"href":"https:\/\/zoosalis.lv\/lt\/wp-json\/wp\/v2\/media?parent=23068"}],"wp:term":[{"taxonomy":"product_brand","embeddable":true,"href":"https:\/\/zoosalis.lv\/lt\/wp-json\/wp\/v2\/product_brand?post=23068"},{"taxonomy":"product_cat","embeddable":true,"href":"https:\/\/zoosalis.lv\/lt\/wp-json\/wp\/v2\/product_cat?post=23068"},{"taxonomy":"product_tag","embeddable":true,"href":"https:\/\/zoosalis.lv\/lt\/wp-json\/wp\/v2\/product_tag?post=23068"}],"curies":[{"name":"wp","href":"https:\/\/api.w.org\/{rel}","templated":true}]}}