{"id":23092,"date":"2025-04-08T08:23:36","date_gmt":"2025-04-08T08:23:36","guid":{"rendered":"https:\/\/zoosalis.lv\/?post_type=product&#038;p=23092"},"modified":"2025-04-08T08:23:52","modified_gmt":"2025-04-08T08:23:52","slug":"canina-calcium-carbonat-tabletes-sunims-350g","status":"publish","type":"product","link":"https:\/\/zoosalis.lv\/lt\/canina-calcium-carbonat-tabletes-sunims-350g\/","title":{"rendered":"Canina Calcium Carbonat Tablet\u0117s \u0161unims 350g"},"content":{"rendered":"<p>\u0160uns organizmui kalcis yra svarbus: kraujo kre\u0161\u0117jimui, palaikyti reikiam\u0105 raumen\u0173 mas\u0119, tvirtiems dantims, augimui ir tinkamai kaul\u0173, skeleto b\u016bklei. Suaugusiems \u0161unims reikia nuolat papildyti kalcio atsargas, priklausomai nuo \u0161uns med\u017eiag\u0173 apykaitos. Kalcio karbonatas stiprina kaulus ir dantis. \u0160uniukams ir jauniems \u0161unims geriau tikt\u0173 Canina pup lime.<\/p>\n<h3>ANALITIN\u0116S SUDEDAMOSIOS DALYS<\/h3>\n<p>27% kalcio (pelenai 5%, netirpi vandenilio chlorido r\u016bg\u0161tis).<\/p>\n<h3>REKOMENDUOJAMA DIENOS SU\u0160\u0116RIMO NORMA<\/h3>\n<p><em>\u0160eriant konservuotu pa\u0161aru<\/em><\/p>\n<p>iki 10 kg svorio 1 tb.<br \/>\niki 20 kg svorio 1 tb.<br \/>\nvir\u0161 20 kg svorio 2 tb.<\/p>\n<p><em>\u0160eriant sausu pa\u0161aru<\/em><\/p>\n<p>iki 10 kg svorio 1 tb.<br \/>\niki 20 kg svorio 2 tb.<br \/>\nvir\u0161 20 kg svorio 3 tb.<\/p>\n<p><em>\u0160eriant namuose ruo\u0161tu pa\u0161aru<\/em><\/p>\n<p>iki 10 kg svorio 2 tb.<br \/>\niki 20 kg svorio 3 tb.<br \/>\nvir\u0161 20 kg svorio 4 tb.<\/p>\n<p>Nuo 30 n\u0117\u0161tumo dienos, doz\u0117 tur\u0117t\u0173 b\u016bti padvigubinta. Maitinan\u010dioms kal\u0117ms doz\u0117 tur\u0117t\u0173 b\u016bti padidinta, atsi\u017evelgiant \u012f normas nurodytas lentel\u0117je: turint 4 \u0161uniukus &#8211; 2 kartus, turint 4-6 \u0161uniukus &#8211; 4 kartus, turint 6 ar daugiau \u0161uniuk\u0173 &#8211; 5 kartus.<\/p>\n","protected":false},"excerpt":{"rendered":"<p>\u0160uns organizmui kalcis yra svarbus: kraujo kre\u0161\u0117jimui, palaikyti reikiam\u0105 raumen\u0173 mas\u0119, tvirtiems dantims, augimui ir tinkamai kaul\u0173, skeleto b\u016bklei. Suaugusiems \u0161unims reikia nuolat papildyti kalcio atsargas, priklausomai nuo \u0161uns med\u017eiag\u0173 apykaitos. Kalcio karbonatas stiprina kaulus ir dantis. \u0160uniukams ir jauniems \u0161unims geriau tikt\u0173 Canina pup lime. ANALITIN\u0116S SUDEDAMOSIOS DALYS 27% kalcio (pelenai 5%, netirpi vandenilio [&hellip;]<\/p>\n","protected":false},"featured_media":21385,"comment_status":"closed","ping_status":"closed","template":"","meta":{"_acf_changed":false,"_monsterinsights_skip_tracking":false,"_monsterinsights_sitenote_active":false,"_monsterinsights_sitenote_note":"","_monsterinsights_sitenote_category":0},"product_brand":[],"product_cat":[873,892,893],"product_tag":[],"class_list":{"0":"post-23092","1":"product","2":"type-product","3":"status-publish","4":"has-post-thumbnail","6":"product_cat-prekes-sunims","7":"product_cat-sunu-prieziuros-priemones-zaislai-vitaminai","8":"product_cat-vitaminai-papildai","10":"first","11":"instock","12":"shipping-taxable","13":"purchasable","14":"product-type-simple"},"acf":[],"aioseo_notices":[],"yoast_head":"<!-- This site is optimized with the Yoast SEO plugin v24.8.1 - https:\/\/yoast.com\/wordpress\/plugins\/seo\/ -->\n<title>Canina Calcium Carbonat Tablet\u0117s \u0161unims 350g | Dz\u012bvnieku produkti<\/title>\n<meta name=\"robots\" content=\"index, follow, max-snippet:-1, max-image-preview:large, max-video-preview:-1\" \/>\n<link rel=\"canonical\" href=\"https:\/\/zoosalis.lv\/lt\/canina-calcium-carbonat-tabletes-sunims-350g\/\" \/>\n<meta property=\"og:locale\" content=\"lt_LT\" \/>\n<meta property=\"og:type\" content=\"article\" \/>\n<meta property=\"og:title\" content=\"Canina Calcium Carbonat Tablet\u0117s \u0161unims 350g | Dz\u012bvnieku produkti\" \/>\n<meta property=\"og:description\" content=\"\u0160uns organizmui kalcis yra svarbus: kraujo kre\u0161\u0117jimui, palaikyti reikiam\u0105 raumen\u0173 mas\u0119, tvirtiems dantims, augimui ir tinkamai kaul\u0173, skeleto b\u016bklei. Suaugusiems \u0161unims reikia nuolat papildyti kalcio atsargas, priklausomai nuo \u0161uns med\u017eiag\u0173 apykaitos. Kalcio karbonatas stiprina kaulus ir dantis. \u0160uniukams ir jauniems \u0161unims geriau tikt\u0173 Canina pup lime. ANALITIN\u0116S SUDEDAMOSIOS DALYS 27% kalcio (pelenai 5%, netirpi vandenilio [&hellip;]\" \/>\n<meta property=\"og:url\" content=\"https:\/\/zoosalis.lv\/lt\/canina-calcium-carbonat-tabletes-sunims-350g\/\" \/>\n<meta property=\"og:site_name\" content=\"Dz\u012bvnieku produkti\" \/>\n<meta property=\"article:publisher\" content=\"https:\/\/www.facebook.com\/zooprekesjums\/\" \/>\n<meta property=\"article:modified_time\" content=\"2025-04-08T08:23:52+00:00\" \/>\n<meta property=\"og:image\" content=\"https:\/\/zoosalis.lv\/wp-content\/uploads\/2024\/02\/Group-62.png\" \/>\n\t<meta property=\"og:image:width\" content=\"1537\" \/>\n\t<meta property=\"og:image:height\" content=\"337\" \/>\n\t<meta property=\"og:image:type\" content=\"image\/png\" \/>\n<meta name=\"twitter:card\" content=\"summary_large_image\" \/>\n<meta name=\"twitter:label1\" content=\"Est. reading time\" \/>\n\t<meta name=\"twitter:data1\" content=\"1 minut\u0117\" \/>\n<script type=\"application\/ld+json\" class=\"yoast-schema-graph\">{\"@context\":\"https:\/\/schema.org\",\"@graph\":[{\"@type\":\"WebPage\",\"@id\":\"https:\/\/zoosalis.lv\/canina-calcium-carbonat-tabletes-sunims-350g\/\",\"url\":\"https:\/\/zoosalis.lv\/canina-calcium-carbonat-tabletes-sunims-350g\/\",\"name\":\"Canina Calcium Carbonat Tablet\u0117s \u0161unims 350g | Dz\u012bvnieku produkti\",\"isPartOf\":{\"@id\":\"https:\/\/zoosalis.lv\/#website\"},\"primaryImageOfPage\":{\"@id\":\"https:\/\/zoosalis.lv\/canina-calcium-carbonat-tabletes-sunims-350g\/#primaryimage\"},\"image\":{\"@id\":\"https:\/\/zoosalis.lv\/canina-calcium-carbonat-tabletes-sunims-350g\/#primaryimage\"},\"thumbnailUrl\":\"https:\/\/zoosalis.lv\/wp-content\/uploads\/2025\/04\/canina-calcium-carbonat-tabletes.jpg\",\"datePublished\":\"2025-04-08T08:23:36+00:00\",\"dateModified\":\"2025-04-08T08:23:52+00:00\",\"breadcrumb\":{\"@id\":\"https:\/\/zoosalis.lv\/canina-calcium-carbonat-tabletes-sunims-350g\/#breadcrumb\"},\"inLanguage\":\"lt-LT\",\"potentialAction\":[{\"@type\":\"ReadAction\",\"target\":[\"https:\/\/zoosalis.lv\/canina-calcium-carbonat-tabletes-sunims-350g\/\"]}]},{\"@type\":\"ImageObject\",\"inLanguage\":\"lt-LT\",\"@id\":\"https:\/\/zoosalis.lv\/canina-calcium-carbonat-tabletes-sunims-350g\/#primaryimage\",\"url\":\"https:\/\/zoosalis.lv\/wp-content\/uploads\/2025\/04\/canina-calcium-carbonat-tabletes.jpg\",\"contentUrl\":\"https:\/\/zoosalis.lv\/wp-content\/uploads\/2025\/04\/canina-calcium-carbonat-tabletes.jpg\",\"width\":800,\"height\":800},{\"@type\":\"BreadcrumbList\",\"@id\":\"https:\/\/zoosalis.lv\/canina-calcium-carbonat-tabletes-sunims-350g\/#breadcrumb\",\"itemListElement\":[{\"@type\":\"ListItem\",\"position\":1,\"name\":\"Home\",\"item\":\"https:\/\/zoosalis.lv\/\"},{\"@type\":\"ListItem\",\"position\":2,\"name\":\"Parduotuv\u0117\",\"item\":\"https:\/\/zoosalis.lv\/parduotuve\/\"},{\"@type\":\"ListItem\",\"position\":3,\"name\":\"Canina Calcium Carbonat Tablet\u0117s \u0161unims 350g\"}]},{\"@type\":\"WebSite\",\"@id\":\"https:\/\/zoosalis.lv\/#website\",\"url\":\"https:\/\/zoosalis.lv\/\",\"name\":\"Dz\u012bvnieku produkti\",\"description\":\"zoo\u0161alis.lt\",\"publisher\":{\"@id\":\"https:\/\/zoosalis.lv\/#organization\"},\"potentialAction\":[{\"@type\":\"SearchAction\",\"target\":{\"@type\":\"EntryPoint\",\"urlTemplate\":\"https:\/\/zoosalis.lv\/?s={search_term_string}\"},\"query-input\":{\"@type\":\"PropertyValueSpecification\",\"valueRequired\":true,\"valueName\":\"search_term_string\"}}],\"inLanguage\":\"lt-LT\"},{\"@type\":\"Organization\",\"@id\":\"https:\/\/zoosalis.lv\/#organization\",\"name\":\"Zoo\u0161alis.lt\",\"url\":\"https:\/\/zoosalis.lv\/\",\"logo\":{\"@type\":\"ImageObject\",\"inLanguage\":\"lt-LT\",\"@id\":\"https:\/\/zoosalis.lv\/#\/schema\/logo\/image\/\",\"url\":\"https:\/\/zoosalis.lv\/wp-content\/uploads\/2024\/02\/Group-62.png\",\"contentUrl\":\"https:\/\/zoosalis.lv\/wp-content\/uploads\/2024\/02\/Group-62.png\",\"width\":1537,\"height\":337,\"caption\":\"Zoo\u0161alis.lt\"},\"image\":{\"@id\":\"https:\/\/zoosalis.lv\/#\/schema\/logo\/image\/\"},\"sameAs\":[\"https:\/\/www.facebook.com\/zooprekesjums\/\"]}]}<\/script>\n<!-- \/ Yoast SEO plugin. -->","yoast_head_json":{"title":"Canina Calcium Carbonat Tablet\u0117s \u0161unims 350g | Dz\u012bvnieku produkti","robots":{"index":"index","follow":"follow","max-snippet":"max-snippet:-1","max-image-preview":"max-image-preview:large","max-video-preview":"max-video-preview:-1"},"canonical":"https:\/\/zoosalis.lv\/lt\/canina-calcium-carbonat-tabletes-sunims-350g\/","og_locale":"lt_LT","og_type":"article","og_title":"Canina Calcium Carbonat Tablet\u0117s \u0161unims 350g | Dz\u012bvnieku produkti","og_description":"\u0160uns organizmui kalcis yra svarbus: kraujo kre\u0161\u0117jimui, palaikyti reikiam\u0105 raumen\u0173 mas\u0119, tvirtiems dantims, augimui ir tinkamai kaul\u0173, skeleto b\u016bklei. Suaugusiems \u0161unims reikia nuolat papildyti kalcio atsargas, priklausomai nuo \u0161uns med\u017eiag\u0173 apykaitos. Kalcio karbonatas stiprina kaulus ir dantis. \u0160uniukams ir jauniems \u0161unims geriau tikt\u0173 Canina pup lime. ANALITIN\u0116S SUDEDAMOSIOS DALYS 27% kalcio (pelenai 5%, netirpi vandenilio [&hellip;]","og_url":"https:\/\/zoosalis.lv\/lt\/canina-calcium-carbonat-tabletes-sunims-350g\/","og_site_name":"Dz\u012bvnieku produkti","article_publisher":"https:\/\/www.facebook.com\/zooprekesjums\/","article_modified_time":"2025-04-08T08:23:52+00:00","og_image":[{"width":1537,"height":337,"url":"https:\/\/zoosalis.lv\/wp-content\/uploads\/2024\/02\/Group-62.png","type":"image\/png"}],"twitter_card":"summary_large_image","twitter_misc":{"Est. reading time":"1 minut\u0117"},"schema":{"@context":"https:\/\/schema.org","@graph":[{"@type":"WebPage","@id":"https:\/\/zoosalis.lv\/canina-calcium-carbonat-tabletes-sunims-350g\/","url":"https:\/\/zoosalis.lv\/canina-calcium-carbonat-tabletes-sunims-350g\/","name":"Canina Calcium Carbonat Tablet\u0117s \u0161unims 350g | Dz\u012bvnieku produkti","isPartOf":{"@id":"https:\/\/zoosalis.lv\/#website"},"primaryImageOfPage":{"@id":"https:\/\/zoosalis.lv\/canina-calcium-carbonat-tabletes-sunims-350g\/#primaryimage"},"image":{"@id":"https:\/\/zoosalis.lv\/canina-calcium-carbonat-tabletes-sunims-350g\/#primaryimage"},"thumbnailUrl":"https:\/\/zoosalis.lv\/wp-content\/uploads\/2025\/04\/canina-calcium-carbonat-tabletes.jpg","datePublished":"2025-04-08T08:23:36+00:00","dateModified":"2025-04-08T08:23:52+00:00","breadcrumb":{"@id":"https:\/\/zoosalis.lv\/canina-calcium-carbonat-tabletes-sunims-350g\/#breadcrumb"},"inLanguage":"lt-LT","potentialAction":[{"@type":"ReadAction","target":["https:\/\/zoosalis.lv\/canina-calcium-carbonat-tabletes-sunims-350g\/"]}]},{"@type":"ImageObject","inLanguage":"lt-LT","@id":"https:\/\/zoosalis.lv\/canina-calcium-carbonat-tabletes-sunims-350g\/#primaryimage","url":"https:\/\/zoosalis.lv\/wp-content\/uploads\/2025\/04\/canina-calcium-carbonat-tabletes.jpg","contentUrl":"https:\/\/zoosalis.lv\/wp-content\/uploads\/2025\/04\/canina-calcium-carbonat-tabletes.jpg","width":800,"height":800},{"@type":"BreadcrumbList","@id":"https:\/\/zoosalis.lv\/canina-calcium-carbonat-tabletes-sunims-350g\/#breadcrumb","itemListElement":[{"@type":"ListItem","position":1,"name":"Home","item":"https:\/\/zoosalis.lv\/"},{"@type":"ListItem","position":2,"name":"Parduotuv\u0117","item":"https:\/\/zoosalis.lv\/parduotuve\/"},{"@type":"ListItem","position":3,"name":"Canina Calcium Carbonat Tablet\u0117s \u0161unims 350g"}]},{"@type":"WebSite","@id":"https:\/\/zoosalis.lv\/#website","url":"https:\/\/zoosalis.lv\/","name":"Dz\u012bvnieku produkti","description":"zoo\u0161alis.lt","publisher":{"@id":"https:\/\/zoosalis.lv\/#organization"},"potentialAction":[{"@type":"SearchAction","target":{"@type":"EntryPoint","urlTemplate":"https:\/\/zoosalis.lv\/?s={search_term_string}"},"query-input":{"@type":"PropertyValueSpecification","valueRequired":true,"valueName":"search_term_string"}}],"inLanguage":"lt-LT"},{"@type":"Organization","@id":"https:\/\/zoosalis.lv\/#organization","name":"Zoo\u0161alis.lt","url":"https:\/\/zoosalis.lv\/","logo":{"@type":"ImageObject","inLanguage":"lt-LT","@id":"https:\/\/zoosalis.lv\/#\/schema\/logo\/image\/","url":"https:\/\/zoosalis.lv\/wp-content\/uploads\/2024\/02\/Group-62.png","contentUrl":"https:\/\/zoosalis.lv\/wp-content\/uploads\/2024\/02\/Group-62.png","width":1537,"height":337,"caption":"Zoo\u0161alis.lt"},"image":{"@id":"https:\/\/zoosalis.lv\/#\/schema\/logo\/image\/"},"sameAs":["https:\/\/www.facebook.com\/zooprekesjums\/"]}]}},"_links":{"self":[{"href":"https:\/\/zoosalis.lv\/lt\/wp-json\/wp\/v2\/product\/23092"}],"collection":[{"href":"https:\/\/zoosalis.lv\/lt\/wp-json\/wp\/v2\/product"}],"about":[{"href":"https:\/\/zoosalis.lv\/lt\/wp-json\/wp\/v2\/types\/product"}],"replies":[{"embeddable":true,"href":"https:\/\/zoosalis.lv\/lt\/wp-json\/wp\/v2\/comments?post=23092"}],"wp:featuredmedia":[{"embeddable":true,"href":"https:\/\/zoosalis.lv\/lt\/wp-json\/wp\/v2\/media\/21385"}],"wp:attachment":[{"href":"https:\/\/zoosalis.lv\/lt\/wp-json\/wp\/v2\/media?parent=23092"}],"wp:term":[{"taxonomy":"product_brand","embeddable":true,"href":"https:\/\/zoosalis.lv\/lt\/wp-json\/wp\/v2\/product_brand?post=23092"},{"taxonomy":"product_cat","embeddable":true,"href":"https:\/\/zoosalis.lv\/lt\/wp-json\/wp\/v2\/product_cat?post=23092"},{"taxonomy":"product_tag","embeddable":true,"href":"https:\/\/zoosalis.lv\/lt\/wp-json\/wp\/v2\/product_tag?post=23092"}],"curies":[{"name":"wp","href":"https:\/\/api.w.org\/{rel}","templated":true}]}}