{"id":23096,"date":"2025-04-08T08:23:36","date_gmt":"2025-04-08T08:23:36","guid":{"rendered":"https:\/\/zoosalis.lv\/?post_type=product&#038;p=23096"},"modified":"2025-04-08T08:23:56","modified_gmt":"2025-04-08T08:23:56","slug":"canina-flexan-maisto-papildas-sunims-150g","status":"publish","type":"product","link":"https:\/\/zoosalis.lv\/lt\/canina-flexan-maisto-papildas-sunims-150g\/","title":{"rendered":"Canina Flexan maisto papildas \u0161unims 150g"},"content":{"rendered":"<p>Canina Flexan pa\u0161ar\u0173 papildas palaiko ger\u0105 tavo \u0161uns kaul\u0173 ir raumen\u0173 sistemos b\u016bkl\u0119 visi\u0161kai nat\u016braliu b\u016bdu. Lankst\u016bs s\u0105nariai, stipr\u016bs kaulai, judrumas, gera fizin\u0117 b\u016bkl\u0117 \u2013 biologi\u0161kai aktyvaus kolageno peptidai, tai nat\u016bralaus kolageno fragmentai. Kolagenas yra pagrindinis jungiamojo audinio strukt\u016brinis baltymas. Pakankamas apr\u016bpinimas kolageno hidrozilatu aktyvina kremzli\u0173 l\u0105steli\u0173 formavim\u0105si. Taigi s\u0105nario kremzl\u0117s rekonstrukcija yra nuolat palaikoma ir jos degeneracija nat\u016braliai sul\u0117t\u0117ja. Be to, suaktyvinamos kaul\u0173 formavimosi l\u0105stel\u0117s ir kaulinis audinys yra stabilesnis, lankstesnis, jo kokyb\u0117 geresn\u0117 ir didesnis tankis.<\/p>\n<p>Biologi\u0161kai aktyvus kolagenas produkte Canina Flexan yra\u00a0<strong>gaminamas i\u0161 nat\u016brali\u0173 gyvulin\u0117s kilm\u0117s \u017ealiav\u0173, kurios yra patikrinamos, ir patvirtintos kaip tinkamos \u017emoni\u0173 vartojimui<\/strong>. Kolageno peptidams b\u016bdingas labai geras biologinis prieinamumas, kuris yra absorbuojamas organizmo beveik be nuostoli\u0173.<\/p>\n<p><strong>\u017dali\u0173j\u0173 midij\u0173 milteliai\u00a0<\/strong>pagaminti i\u0161 Naujosios Zelandijos \u017eali\u0173j\u0173 midij\u0173 (Perna canalicitus), apr\u016bpina naudingomis med\u017eiagomis (glycosaminoglycane) s\u0105nari\u0173 kremzl\u0117ms ir stiprina visa jungiamaj\u012f audin\u012f. Biologi\u0161kai aktyvaus kolageno peptidai ir \u017eali\u0173j\u0173 midij\u0173 milteliai veikdami kartu s\u0105veikauja ir suteikia optimal\u0173 poveik\u012f visi raumen\u0173 sistemai.<\/p>\n<p>Canina Flexan yra puikus papildas \u0161eriant bet kokiu pa\u0161aru.\u00a0<strong>Jis tinkamas bet kokio am\u017eiaus ir bet kokios b\u016bkl\u0117s \u0161unims.<\/strong><\/p>\n<p><strong>Vyresni \u0161unys:<\/strong>\u00a0didesnis aktyvumas, judrumas, lankstumas, geresn\u0117 savijauta.<\/p>\n<p><strong>Aktyv\u016bs \u0161unys:\u00a0<\/strong>\u00a0optimali b\u016bkl\u0117 ir geresn\u0117s b\u016bkl\u0117s s\u0105nariai bei kaulai.<\/p>\n<p><strong>Ma\u017ei \u0161uniukai ir jauni \u0161unys:<\/strong>\u00a0geresnis s\u0105nario kremzl\u0117s maitinimas, tod\u0117l sveikas augimas.<\/p>\n<p><strong>Bioaktyvaus kolageno peptido poveikis buvo moksli\u0161kai \u012frodytas klinikiniais tyrimais.<\/strong><\/p>\n","protected":false},"excerpt":{"rendered":"<p>Canina Flexan pa\u0161ar\u0173 papildas palaiko ger\u0105 tavo \u0161uns kaul\u0173 ir raumen\u0173 sistemos b\u016bkl\u0119 visi\u0161kai nat\u016braliu b\u016bdu. Lankst\u016bs s\u0105nariai, stipr\u016bs kaulai, judrumas, gera fizin\u0117 b\u016bkl\u0117 \u2013 biologi\u0161kai aktyvaus kolageno peptidai, tai nat\u016bralaus kolageno fragmentai. Kolagenas yra pagrindinis jungiamojo audinio strukt\u016brinis baltymas. Pakankamas apr\u016bpinimas kolageno hidrozilatu aktyvina kremzli\u0173 l\u0105steli\u0173 formavim\u0105si. Taigi s\u0105nario kremzl\u0117s rekonstrukcija yra nuolat palaikoma [&hellip;]<\/p>\n","protected":false},"featured_media":21390,"comment_status":"closed","ping_status":"closed","template":"","meta":{"_acf_changed":false,"_monsterinsights_skip_tracking":false,"_monsterinsights_sitenote_active":false,"_monsterinsights_sitenote_note":"","_monsterinsights_sitenote_category":0},"product_brand":[],"product_cat":[873,892,893],"product_tag":[],"class_list":{"0":"post-23096","1":"product","2":"type-product","3":"status-publish","4":"has-post-thumbnail","6":"product_cat-prekes-sunims","7":"product_cat-sunu-prieziuros-priemones-zaislai-vitaminai","8":"product_cat-vitaminai-papildai","10":"first","11":"instock","12":"shipping-taxable","13":"purchasable","14":"product-type-simple"},"acf":[],"aioseo_notices":[],"yoast_head":"<!-- This site is optimized with the Yoast SEO plugin v24.8.1 - https:\/\/yoast.com\/wordpress\/plugins\/seo\/ -->\n<title>Canina Flexan maisto papildas \u0161unims 150g | Dz\u012bvnieku produkti<\/title>\n<meta name=\"robots\" content=\"index, follow, max-snippet:-1, max-image-preview:large, max-video-preview:-1\" \/>\n<link rel=\"canonical\" href=\"https:\/\/zoosalis.lv\/lt\/canina-flexan-maisto-papildas-sunims-150g\/\" \/>\n<meta property=\"og:locale\" content=\"lt_LT\" \/>\n<meta property=\"og:type\" content=\"article\" \/>\n<meta property=\"og:title\" content=\"Canina Flexan maisto papildas \u0161unims 150g | Dz\u012bvnieku produkti\" \/>\n<meta property=\"og:description\" content=\"Canina Flexan pa\u0161ar\u0173 papildas palaiko ger\u0105 tavo \u0161uns kaul\u0173 ir raumen\u0173 sistemos b\u016bkl\u0119 visi\u0161kai nat\u016braliu b\u016bdu. Lankst\u016bs s\u0105nariai, stipr\u016bs kaulai, judrumas, gera fizin\u0117 b\u016bkl\u0117 \u2013 biologi\u0161kai aktyvaus kolageno peptidai, tai nat\u016bralaus kolageno fragmentai. Kolagenas yra pagrindinis jungiamojo audinio strukt\u016brinis baltymas. Pakankamas apr\u016bpinimas kolageno hidrozilatu aktyvina kremzli\u0173 l\u0105steli\u0173 formavim\u0105si. Taigi s\u0105nario kremzl\u0117s rekonstrukcija yra nuolat palaikoma [&hellip;]\" \/>\n<meta property=\"og:url\" content=\"https:\/\/zoosalis.lv\/lt\/canina-flexan-maisto-papildas-sunims-150g\/\" \/>\n<meta property=\"og:site_name\" content=\"Dz\u012bvnieku produkti\" \/>\n<meta property=\"article:publisher\" content=\"https:\/\/www.facebook.com\/zooprekesjums\/\" \/>\n<meta property=\"article:modified_time\" content=\"2025-04-08T08:23:56+00:00\" \/>\n<meta property=\"og:image\" content=\"https:\/\/zoosalis.lv\/wp-content\/uploads\/2024\/02\/Group-62.png\" \/>\n\t<meta property=\"og:image:width\" content=\"1537\" \/>\n\t<meta property=\"og:image:height\" content=\"337\" \/>\n\t<meta property=\"og:image:type\" content=\"image\/png\" \/>\n<meta name=\"twitter:card\" content=\"summary_large_image\" \/>\n<meta name=\"twitter:label1\" content=\"Est. reading time\" \/>\n\t<meta name=\"twitter:data1\" content=\"1 minut\u0117\" \/>\n<script type=\"application\/ld+json\" class=\"yoast-schema-graph\">{\"@context\":\"https:\/\/schema.org\",\"@graph\":[{\"@type\":\"WebPage\",\"@id\":\"https:\/\/zoosalis.lv\/canina-flexan-maisto-papildas-sunims-150g\/\",\"url\":\"https:\/\/zoosalis.lv\/canina-flexan-maisto-papildas-sunims-150g\/\",\"name\":\"Canina Flexan maisto papildas \u0161unims 150g | Dz\u012bvnieku produkti\",\"isPartOf\":{\"@id\":\"https:\/\/zoosalis.lv\/#website\"},\"primaryImageOfPage\":{\"@id\":\"https:\/\/zoosalis.lv\/canina-flexan-maisto-papildas-sunims-150g\/#primaryimage\"},\"image\":{\"@id\":\"https:\/\/zoosalis.lv\/canina-flexan-maisto-papildas-sunims-150g\/#primaryimage\"},\"thumbnailUrl\":\"https:\/\/zoosalis.lv\/wp-content\/uploads\/2025\/04\/canina-flexan-maisto-papildas-sunims.jpg\",\"datePublished\":\"2025-04-08T08:23:36+00:00\",\"dateModified\":\"2025-04-08T08:23:56+00:00\",\"breadcrumb\":{\"@id\":\"https:\/\/zoosalis.lv\/canina-flexan-maisto-papildas-sunims-150g\/#breadcrumb\"},\"inLanguage\":\"lt-LT\",\"potentialAction\":[{\"@type\":\"ReadAction\",\"target\":[\"https:\/\/zoosalis.lv\/canina-flexan-maisto-papildas-sunims-150g\/\"]}]},{\"@type\":\"ImageObject\",\"inLanguage\":\"lt-LT\",\"@id\":\"https:\/\/zoosalis.lv\/canina-flexan-maisto-papildas-sunims-150g\/#primaryimage\",\"url\":\"https:\/\/zoosalis.lv\/wp-content\/uploads\/2025\/04\/canina-flexan-maisto-papildas-sunims.jpg\",\"contentUrl\":\"https:\/\/zoosalis.lv\/wp-content\/uploads\/2025\/04\/canina-flexan-maisto-papildas-sunims.jpg\",\"width\":544,\"height\":619},{\"@type\":\"BreadcrumbList\",\"@id\":\"https:\/\/zoosalis.lv\/canina-flexan-maisto-papildas-sunims-150g\/#breadcrumb\",\"itemListElement\":[{\"@type\":\"ListItem\",\"position\":1,\"name\":\"Home\",\"item\":\"https:\/\/zoosalis.lv\/\"},{\"@type\":\"ListItem\",\"position\":2,\"name\":\"Parduotuv\u0117\",\"item\":\"https:\/\/zoosalis.lv\/parduotuve\/\"},{\"@type\":\"ListItem\",\"position\":3,\"name\":\"Canina Flexan maisto papildas \u0161unims 150g\"}]},{\"@type\":\"WebSite\",\"@id\":\"https:\/\/zoosalis.lv\/#website\",\"url\":\"https:\/\/zoosalis.lv\/\",\"name\":\"Dz\u012bvnieku produkti\",\"description\":\"zoo\u0161alis.lt\",\"publisher\":{\"@id\":\"https:\/\/zoosalis.lv\/#organization\"},\"potentialAction\":[{\"@type\":\"SearchAction\",\"target\":{\"@type\":\"EntryPoint\",\"urlTemplate\":\"https:\/\/zoosalis.lv\/?s={search_term_string}\"},\"query-input\":{\"@type\":\"PropertyValueSpecification\",\"valueRequired\":true,\"valueName\":\"search_term_string\"}}],\"inLanguage\":\"lt-LT\"},{\"@type\":\"Organization\",\"@id\":\"https:\/\/zoosalis.lv\/#organization\",\"name\":\"Zoo\u0161alis.lt\",\"url\":\"https:\/\/zoosalis.lv\/\",\"logo\":{\"@type\":\"ImageObject\",\"inLanguage\":\"lt-LT\",\"@id\":\"https:\/\/zoosalis.lv\/#\/schema\/logo\/image\/\",\"url\":\"https:\/\/zoosalis.lv\/wp-content\/uploads\/2024\/02\/Group-62.png\",\"contentUrl\":\"https:\/\/zoosalis.lv\/wp-content\/uploads\/2024\/02\/Group-62.png\",\"width\":1537,\"height\":337,\"caption\":\"Zoo\u0161alis.lt\"},\"image\":{\"@id\":\"https:\/\/zoosalis.lv\/#\/schema\/logo\/image\/\"},\"sameAs\":[\"https:\/\/www.facebook.com\/zooprekesjums\/\"]}]}<\/script>\n<!-- \/ Yoast SEO plugin. -->","yoast_head_json":{"title":"Canina Flexan maisto papildas \u0161unims 150g | Dz\u012bvnieku produkti","robots":{"index":"index","follow":"follow","max-snippet":"max-snippet:-1","max-image-preview":"max-image-preview:large","max-video-preview":"max-video-preview:-1"},"canonical":"https:\/\/zoosalis.lv\/lt\/canina-flexan-maisto-papildas-sunims-150g\/","og_locale":"lt_LT","og_type":"article","og_title":"Canina Flexan maisto papildas \u0161unims 150g | Dz\u012bvnieku produkti","og_description":"Canina Flexan pa\u0161ar\u0173 papildas palaiko ger\u0105 tavo \u0161uns kaul\u0173 ir raumen\u0173 sistemos b\u016bkl\u0119 visi\u0161kai nat\u016braliu b\u016bdu. Lankst\u016bs s\u0105nariai, stipr\u016bs kaulai, judrumas, gera fizin\u0117 b\u016bkl\u0117 \u2013 biologi\u0161kai aktyvaus kolageno peptidai, tai nat\u016bralaus kolageno fragmentai. Kolagenas yra pagrindinis jungiamojo audinio strukt\u016brinis baltymas. Pakankamas apr\u016bpinimas kolageno hidrozilatu aktyvina kremzli\u0173 l\u0105steli\u0173 formavim\u0105si. Taigi s\u0105nario kremzl\u0117s rekonstrukcija yra nuolat palaikoma [&hellip;]","og_url":"https:\/\/zoosalis.lv\/lt\/canina-flexan-maisto-papildas-sunims-150g\/","og_site_name":"Dz\u012bvnieku produkti","article_publisher":"https:\/\/www.facebook.com\/zooprekesjums\/","article_modified_time":"2025-04-08T08:23:56+00:00","og_image":[{"width":1537,"height":337,"url":"https:\/\/zoosalis.lv\/wp-content\/uploads\/2024\/02\/Group-62.png","type":"image\/png"}],"twitter_card":"summary_large_image","twitter_misc":{"Est. reading time":"1 minut\u0117"},"schema":{"@context":"https:\/\/schema.org","@graph":[{"@type":"WebPage","@id":"https:\/\/zoosalis.lv\/canina-flexan-maisto-papildas-sunims-150g\/","url":"https:\/\/zoosalis.lv\/canina-flexan-maisto-papildas-sunims-150g\/","name":"Canina Flexan maisto papildas \u0161unims 150g | Dz\u012bvnieku produkti","isPartOf":{"@id":"https:\/\/zoosalis.lv\/#website"},"primaryImageOfPage":{"@id":"https:\/\/zoosalis.lv\/canina-flexan-maisto-papildas-sunims-150g\/#primaryimage"},"image":{"@id":"https:\/\/zoosalis.lv\/canina-flexan-maisto-papildas-sunims-150g\/#primaryimage"},"thumbnailUrl":"https:\/\/zoosalis.lv\/wp-content\/uploads\/2025\/04\/canina-flexan-maisto-papildas-sunims.jpg","datePublished":"2025-04-08T08:23:36+00:00","dateModified":"2025-04-08T08:23:56+00:00","breadcrumb":{"@id":"https:\/\/zoosalis.lv\/canina-flexan-maisto-papildas-sunims-150g\/#breadcrumb"},"inLanguage":"lt-LT","potentialAction":[{"@type":"ReadAction","target":["https:\/\/zoosalis.lv\/canina-flexan-maisto-papildas-sunims-150g\/"]}]},{"@type":"ImageObject","inLanguage":"lt-LT","@id":"https:\/\/zoosalis.lv\/canina-flexan-maisto-papildas-sunims-150g\/#primaryimage","url":"https:\/\/zoosalis.lv\/wp-content\/uploads\/2025\/04\/canina-flexan-maisto-papildas-sunims.jpg","contentUrl":"https:\/\/zoosalis.lv\/wp-content\/uploads\/2025\/04\/canina-flexan-maisto-papildas-sunims.jpg","width":544,"height":619},{"@type":"BreadcrumbList","@id":"https:\/\/zoosalis.lv\/canina-flexan-maisto-papildas-sunims-150g\/#breadcrumb","itemListElement":[{"@type":"ListItem","position":1,"name":"Home","item":"https:\/\/zoosalis.lv\/"},{"@type":"ListItem","position":2,"name":"Parduotuv\u0117","item":"https:\/\/zoosalis.lv\/parduotuve\/"},{"@type":"ListItem","position":3,"name":"Canina Flexan maisto papildas \u0161unims 150g"}]},{"@type":"WebSite","@id":"https:\/\/zoosalis.lv\/#website","url":"https:\/\/zoosalis.lv\/","name":"Dz\u012bvnieku produkti","description":"zoo\u0161alis.lt","publisher":{"@id":"https:\/\/zoosalis.lv\/#organization"},"potentialAction":[{"@type":"SearchAction","target":{"@type":"EntryPoint","urlTemplate":"https:\/\/zoosalis.lv\/?s={search_term_string}"},"query-input":{"@type":"PropertyValueSpecification","valueRequired":true,"valueName":"search_term_string"}}],"inLanguage":"lt-LT"},{"@type":"Organization","@id":"https:\/\/zoosalis.lv\/#organization","name":"Zoo\u0161alis.lt","url":"https:\/\/zoosalis.lv\/","logo":{"@type":"ImageObject","inLanguage":"lt-LT","@id":"https:\/\/zoosalis.lv\/#\/schema\/logo\/image\/","url":"https:\/\/zoosalis.lv\/wp-content\/uploads\/2024\/02\/Group-62.png","contentUrl":"https:\/\/zoosalis.lv\/wp-content\/uploads\/2024\/02\/Group-62.png","width":1537,"height":337,"caption":"Zoo\u0161alis.lt"},"image":{"@id":"https:\/\/zoosalis.lv\/#\/schema\/logo\/image\/"},"sameAs":["https:\/\/www.facebook.com\/zooprekesjums\/"]}]}},"_links":{"self":[{"href":"https:\/\/zoosalis.lv\/lt\/wp-json\/wp\/v2\/product\/23096"}],"collection":[{"href":"https:\/\/zoosalis.lv\/lt\/wp-json\/wp\/v2\/product"}],"about":[{"href":"https:\/\/zoosalis.lv\/lt\/wp-json\/wp\/v2\/types\/product"}],"replies":[{"embeddable":true,"href":"https:\/\/zoosalis.lv\/lt\/wp-json\/wp\/v2\/comments?post=23096"}],"wp:featuredmedia":[{"embeddable":true,"href":"https:\/\/zoosalis.lv\/lt\/wp-json\/wp\/v2\/media\/21390"}],"wp:attachment":[{"href":"https:\/\/zoosalis.lv\/lt\/wp-json\/wp\/v2\/media?parent=23096"}],"wp:term":[{"taxonomy":"product_brand","embeddable":true,"href":"https:\/\/zoosalis.lv\/lt\/wp-json\/wp\/v2\/product_brand?post=23096"},{"taxonomy":"product_cat","embeddable":true,"href":"https:\/\/zoosalis.lv\/lt\/wp-json\/wp\/v2\/product_cat?post=23096"},{"taxonomy":"product_tag","embeddable":true,"href":"https:\/\/zoosalis.lv\/lt\/wp-json\/wp\/v2\/product_tag?post=23096"}],"curies":[{"name":"wp","href":"https:\/\/api.w.org\/{rel}","templated":true}]}}