{"id":23102,"date":"2025-04-08T08:23:56","date_gmt":"2025-04-08T08:23:56","guid":{"rendered":"https:\/\/zoosalis.lv\/?post_type=product&#038;p=23102"},"modified":"2025-04-08T08:24:05","modified_gmt":"2025-04-08T08:24:05","slug":"canvit-chondro-vitaminai-sunims-100g","status":"publish","type":"product","link":"https:\/\/zoosalis.lv\/lt\/canvit-chondro-vitaminai-sunims-100g\/","title":{"rendered":"Canvit Chondro vitaminai \u0161unims 100g"},"content":{"rendered":"<p>Sud\u0117tis: sausoji laktoz\u0117, hidrolizuotas kolagenas 10%, sausosios alaus miel\u0117s, kvie\u010di\u0173 krakmolas, gliukozamino sulfatas 7,0%, chondroitino sulfatas 4,2%, dikalcio fosfatas, vi\u0161tienos miltai, magnio chelates 0,17%, magnio oksidas.<br \/>\nSud\u0117ties analiz\u0117: baltymai 20,5%, Riebal\u0173 kiekis 2%, \u017dalia l\u0105steliena 7%, \u017dali pelenai 15%, magnis 0,35%.<br \/>\nPriedai: vitaminas E (\u03b1-tokoferolio acetatas) (3a700) 3500 mg, vitaminas C (E300) 7000 mg, biotinas 100 mg, nikotinamidas (3a315) 1500 mg, manganas (E5, aminor\u016bg\u0161\u010di\u0173 hidrato mangano chelatas) 260 mg, selenas (3b8.11, i\u0161 Saccharomyces cerevisiae gautas organinis selenas NCYC R397) 2 mg. Sud\u0117tyje yra antioksidant\u0173.<br \/>\nNaudojimas<br \/>\nRekomenduojama dienos su\u0161\u0117rimo norma:\/5-iems kg k\u016bno svorio: Jauni\/augantys \u0161unys \u2013 1 tablet\u0117, Regeneracijai, darbiniai ir senesni \u0161unys \u2013 2 \u2013 3 tablet\u0117s.<br \/>\n\u0160\u0117rimo nurodymai: tabletes reikia \u0161erti tiesiai i\u0161 rankos arba sutrintas \u012fmai\u0161ius \u012f \u012fprast\u0105 \u0117dal\u0105 ma\u017eiausiai 8 \u2013 10 savai\u010di\u0173, po 3 m\u0117nesi\u0173 vartojim\u0105 galima pakartoti. Nevir\u0161yti rekomenduojamo kiekio.<\/p>\n","protected":false},"excerpt":{"rendered":"<p>Sud\u0117tis: sausoji laktoz\u0117, hidrolizuotas kolagenas 10%, sausosios alaus miel\u0117s, kvie\u010di\u0173 krakmolas, gliukozamino sulfatas 7,0%, chondroitino sulfatas 4,2%, dikalcio fosfatas, vi\u0161tienos miltai, magnio chelates 0,17%, magnio oksidas. Sud\u0117ties analiz\u0117: baltymai 20,5%, Riebal\u0173 kiekis 2%, \u017dalia l\u0105steliena 7%, \u017dali pelenai 15%, magnis 0,35%. Priedai: vitaminas E (\u03b1-tokoferolio acetatas) (3a700) 3500 mg, vitaminas C (E300) 7000 mg, biotinas [&hellip;]<\/p>\n","protected":false},"featured_media":21412,"comment_status":"closed","ping_status":"closed","template":"","meta":{"_acf_changed":false,"_monsterinsights_skip_tracking":false,"_monsterinsights_sitenote_active":false,"_monsterinsights_sitenote_note":"","_monsterinsights_sitenote_category":0},"product_brand":[],"product_cat":[873,892,893],"product_tag":[],"class_list":{"0":"post-23102","1":"product","2":"type-product","3":"status-publish","4":"has-post-thumbnail","6":"product_cat-prekes-sunims","7":"product_cat-sunu-prieziuros-priemones-zaislai-vitaminai","8":"product_cat-vitaminai-papildai","10":"first","11":"instock","12":"shipping-taxable","13":"purchasable","14":"product-type-simple"},"acf":[],"aioseo_notices":[],"yoast_head":"<!-- This site is optimized with the Yoast SEO plugin v24.8.1 - https:\/\/yoast.com\/wordpress\/plugins\/seo\/ -->\n<title>Canvit Chondro vitaminai \u0161unims 100g | Dz\u012bvnieku produkti<\/title>\n<meta name=\"robots\" content=\"index, follow, max-snippet:-1, max-image-preview:large, max-video-preview:-1\" \/>\n<link rel=\"canonical\" href=\"https:\/\/zoosalis.lv\/lt\/canvit-chondro-vitaminai-sunims-100g\/\" \/>\n<meta property=\"og:locale\" content=\"lt_LT\" \/>\n<meta property=\"og:type\" content=\"article\" \/>\n<meta property=\"og:title\" content=\"Canvit Chondro vitaminai \u0161unims 100g | Dz\u012bvnieku produkti\" \/>\n<meta property=\"og:description\" content=\"Sud\u0117tis: sausoji laktoz\u0117, hidrolizuotas kolagenas 10%, sausosios alaus miel\u0117s, kvie\u010di\u0173 krakmolas, gliukozamino sulfatas 7,0%, chondroitino sulfatas 4,2%, dikalcio fosfatas, vi\u0161tienos miltai, magnio chelates 0,17%, magnio oksidas. Sud\u0117ties analiz\u0117: baltymai 20,5%, Riebal\u0173 kiekis 2%, \u017dalia l\u0105steliena 7%, \u017dali pelenai 15%, magnis 0,35%. Priedai: vitaminas E (\u03b1-tokoferolio acetatas) (3a700) 3500 mg, vitaminas C (E300) 7000 mg, biotinas [&hellip;]\" \/>\n<meta property=\"og:url\" content=\"https:\/\/zoosalis.lv\/lt\/canvit-chondro-vitaminai-sunims-100g\/\" \/>\n<meta property=\"og:site_name\" content=\"Dz\u012bvnieku produkti\" \/>\n<meta property=\"article:publisher\" content=\"https:\/\/www.facebook.com\/zooprekesjums\/\" \/>\n<meta property=\"article:modified_time\" content=\"2025-04-08T08:24:05+00:00\" \/>\n<meta property=\"og:image\" content=\"https:\/\/zoosalis.lv\/wp-content\/uploads\/2024\/02\/Group-62.png\" \/>\n\t<meta property=\"og:image:width\" content=\"1537\" \/>\n\t<meta property=\"og:image:height\" content=\"337\" \/>\n\t<meta property=\"og:image:type\" content=\"image\/png\" \/>\n<meta name=\"twitter:card\" content=\"summary_large_image\" \/>\n<meta name=\"twitter:label1\" content=\"Est. reading time\" \/>\n\t<meta name=\"twitter:data1\" content=\"1 minut\u0117\" \/>\n<script type=\"application\/ld+json\" class=\"yoast-schema-graph\">{\"@context\":\"https:\/\/schema.org\",\"@graph\":[{\"@type\":\"WebPage\",\"@id\":\"https:\/\/zoosalis.lv\/canvit-chondro-vitaminai-sunims-100g\/\",\"url\":\"https:\/\/zoosalis.lv\/canvit-chondro-vitaminai-sunims-100g\/\",\"name\":\"Canvit Chondro vitaminai \u0161unims 100g | Dz\u012bvnieku produkti\",\"isPartOf\":{\"@id\":\"https:\/\/zoosalis.lv\/#website\"},\"primaryImageOfPage\":{\"@id\":\"https:\/\/zoosalis.lv\/canvit-chondro-vitaminai-sunims-100g\/#primaryimage\"},\"image\":{\"@id\":\"https:\/\/zoosalis.lv\/canvit-chondro-vitaminai-sunims-100g\/#primaryimage\"},\"thumbnailUrl\":\"https:\/\/zoosalis.lv\/wp-content\/uploads\/2025\/04\/canvit-chondro-vitaminai-sunims.jpg\",\"datePublished\":\"2025-04-08T08:23:56+00:00\",\"dateModified\":\"2025-04-08T08:24:05+00:00\",\"breadcrumb\":{\"@id\":\"https:\/\/zoosalis.lv\/canvit-chondro-vitaminai-sunims-100g\/#breadcrumb\"},\"inLanguage\":\"lt-LT\",\"potentialAction\":[{\"@type\":\"ReadAction\",\"target\":[\"https:\/\/zoosalis.lv\/canvit-chondro-vitaminai-sunims-100g\/\"]}]},{\"@type\":\"ImageObject\",\"inLanguage\":\"lt-LT\",\"@id\":\"https:\/\/zoosalis.lv\/canvit-chondro-vitaminai-sunims-100g\/#primaryimage\",\"url\":\"https:\/\/zoosalis.lv\/wp-content\/uploads\/2025\/04\/canvit-chondro-vitaminai-sunims.jpg\",\"contentUrl\":\"https:\/\/zoosalis.lv\/wp-content\/uploads\/2025\/04\/canvit-chondro-vitaminai-sunims.jpg\",\"width\":544,\"height\":619},{\"@type\":\"BreadcrumbList\",\"@id\":\"https:\/\/zoosalis.lv\/canvit-chondro-vitaminai-sunims-100g\/#breadcrumb\",\"itemListElement\":[{\"@type\":\"ListItem\",\"position\":1,\"name\":\"Home\",\"item\":\"https:\/\/zoosalis.lv\/\"},{\"@type\":\"ListItem\",\"position\":2,\"name\":\"Parduotuv\u0117\",\"item\":\"https:\/\/zoosalis.lv\/parduotuve\/\"},{\"@type\":\"ListItem\",\"position\":3,\"name\":\"Canvit Chondro vitaminai \u0161unims 100g\"}]},{\"@type\":\"WebSite\",\"@id\":\"https:\/\/zoosalis.lv\/#website\",\"url\":\"https:\/\/zoosalis.lv\/\",\"name\":\"Dz\u012bvnieku produkti\",\"description\":\"zoo\u0161alis.lt\",\"publisher\":{\"@id\":\"https:\/\/zoosalis.lv\/#organization\"},\"potentialAction\":[{\"@type\":\"SearchAction\",\"target\":{\"@type\":\"EntryPoint\",\"urlTemplate\":\"https:\/\/zoosalis.lv\/?s={search_term_string}\"},\"query-input\":{\"@type\":\"PropertyValueSpecification\",\"valueRequired\":true,\"valueName\":\"search_term_string\"}}],\"inLanguage\":\"lt-LT\"},{\"@type\":\"Organization\",\"@id\":\"https:\/\/zoosalis.lv\/#organization\",\"name\":\"Zoo\u0161alis.lt\",\"url\":\"https:\/\/zoosalis.lv\/\",\"logo\":{\"@type\":\"ImageObject\",\"inLanguage\":\"lt-LT\",\"@id\":\"https:\/\/zoosalis.lv\/#\/schema\/logo\/image\/\",\"url\":\"https:\/\/zoosalis.lv\/wp-content\/uploads\/2024\/02\/Group-62.png\",\"contentUrl\":\"https:\/\/zoosalis.lv\/wp-content\/uploads\/2024\/02\/Group-62.png\",\"width\":1537,\"height\":337,\"caption\":\"Zoo\u0161alis.lt\"},\"image\":{\"@id\":\"https:\/\/zoosalis.lv\/#\/schema\/logo\/image\/\"},\"sameAs\":[\"https:\/\/www.facebook.com\/zooprekesjums\/\"]}]}<\/script>\n<!-- \/ Yoast SEO plugin. -->","yoast_head_json":{"title":"Canvit Chondro vitaminai \u0161unims 100g | Dz\u012bvnieku produkti","robots":{"index":"index","follow":"follow","max-snippet":"max-snippet:-1","max-image-preview":"max-image-preview:large","max-video-preview":"max-video-preview:-1"},"canonical":"https:\/\/zoosalis.lv\/lt\/canvit-chondro-vitaminai-sunims-100g\/","og_locale":"lt_LT","og_type":"article","og_title":"Canvit Chondro vitaminai \u0161unims 100g | Dz\u012bvnieku produkti","og_description":"Sud\u0117tis: sausoji laktoz\u0117, hidrolizuotas kolagenas 10%, sausosios alaus miel\u0117s, kvie\u010di\u0173 krakmolas, gliukozamino sulfatas 7,0%, chondroitino sulfatas 4,2%, dikalcio fosfatas, vi\u0161tienos miltai, magnio chelates 0,17%, magnio oksidas. Sud\u0117ties analiz\u0117: baltymai 20,5%, Riebal\u0173 kiekis 2%, \u017dalia l\u0105steliena 7%, \u017dali pelenai 15%, magnis 0,35%. Priedai: vitaminas E (\u03b1-tokoferolio acetatas) (3a700) 3500 mg, vitaminas C (E300) 7000 mg, biotinas [&hellip;]","og_url":"https:\/\/zoosalis.lv\/lt\/canvit-chondro-vitaminai-sunims-100g\/","og_site_name":"Dz\u012bvnieku produkti","article_publisher":"https:\/\/www.facebook.com\/zooprekesjums\/","article_modified_time":"2025-04-08T08:24:05+00:00","og_image":[{"width":1537,"height":337,"url":"https:\/\/zoosalis.lv\/wp-content\/uploads\/2024\/02\/Group-62.png","type":"image\/png"}],"twitter_card":"summary_large_image","twitter_misc":{"Est. reading time":"1 minut\u0117"},"schema":{"@context":"https:\/\/schema.org","@graph":[{"@type":"WebPage","@id":"https:\/\/zoosalis.lv\/canvit-chondro-vitaminai-sunims-100g\/","url":"https:\/\/zoosalis.lv\/canvit-chondro-vitaminai-sunims-100g\/","name":"Canvit Chondro vitaminai \u0161unims 100g | Dz\u012bvnieku produkti","isPartOf":{"@id":"https:\/\/zoosalis.lv\/#website"},"primaryImageOfPage":{"@id":"https:\/\/zoosalis.lv\/canvit-chondro-vitaminai-sunims-100g\/#primaryimage"},"image":{"@id":"https:\/\/zoosalis.lv\/canvit-chondro-vitaminai-sunims-100g\/#primaryimage"},"thumbnailUrl":"https:\/\/zoosalis.lv\/wp-content\/uploads\/2025\/04\/canvit-chondro-vitaminai-sunims.jpg","datePublished":"2025-04-08T08:23:56+00:00","dateModified":"2025-04-08T08:24:05+00:00","breadcrumb":{"@id":"https:\/\/zoosalis.lv\/canvit-chondro-vitaminai-sunims-100g\/#breadcrumb"},"inLanguage":"lt-LT","potentialAction":[{"@type":"ReadAction","target":["https:\/\/zoosalis.lv\/canvit-chondro-vitaminai-sunims-100g\/"]}]},{"@type":"ImageObject","inLanguage":"lt-LT","@id":"https:\/\/zoosalis.lv\/canvit-chondro-vitaminai-sunims-100g\/#primaryimage","url":"https:\/\/zoosalis.lv\/wp-content\/uploads\/2025\/04\/canvit-chondro-vitaminai-sunims.jpg","contentUrl":"https:\/\/zoosalis.lv\/wp-content\/uploads\/2025\/04\/canvit-chondro-vitaminai-sunims.jpg","width":544,"height":619},{"@type":"BreadcrumbList","@id":"https:\/\/zoosalis.lv\/canvit-chondro-vitaminai-sunims-100g\/#breadcrumb","itemListElement":[{"@type":"ListItem","position":1,"name":"Home","item":"https:\/\/zoosalis.lv\/"},{"@type":"ListItem","position":2,"name":"Parduotuv\u0117","item":"https:\/\/zoosalis.lv\/parduotuve\/"},{"@type":"ListItem","position":3,"name":"Canvit Chondro vitaminai \u0161unims 100g"}]},{"@type":"WebSite","@id":"https:\/\/zoosalis.lv\/#website","url":"https:\/\/zoosalis.lv\/","name":"Dz\u012bvnieku produkti","description":"zoo\u0161alis.lt","publisher":{"@id":"https:\/\/zoosalis.lv\/#organization"},"potentialAction":[{"@type":"SearchAction","target":{"@type":"EntryPoint","urlTemplate":"https:\/\/zoosalis.lv\/?s={search_term_string}"},"query-input":{"@type":"PropertyValueSpecification","valueRequired":true,"valueName":"search_term_string"}}],"inLanguage":"lt-LT"},{"@type":"Organization","@id":"https:\/\/zoosalis.lv\/#organization","name":"Zoo\u0161alis.lt","url":"https:\/\/zoosalis.lv\/","logo":{"@type":"ImageObject","inLanguage":"lt-LT","@id":"https:\/\/zoosalis.lv\/#\/schema\/logo\/image\/","url":"https:\/\/zoosalis.lv\/wp-content\/uploads\/2024\/02\/Group-62.png","contentUrl":"https:\/\/zoosalis.lv\/wp-content\/uploads\/2024\/02\/Group-62.png","width":1537,"height":337,"caption":"Zoo\u0161alis.lt"},"image":{"@id":"https:\/\/zoosalis.lv\/#\/schema\/logo\/image\/"},"sameAs":["https:\/\/www.facebook.com\/zooprekesjums\/"]}]}},"_links":{"self":[{"href":"https:\/\/zoosalis.lv\/lt\/wp-json\/wp\/v2\/product\/23102"}],"collection":[{"href":"https:\/\/zoosalis.lv\/lt\/wp-json\/wp\/v2\/product"}],"about":[{"href":"https:\/\/zoosalis.lv\/lt\/wp-json\/wp\/v2\/types\/product"}],"replies":[{"embeddable":true,"href":"https:\/\/zoosalis.lv\/lt\/wp-json\/wp\/v2\/comments?post=23102"}],"wp:featuredmedia":[{"embeddable":true,"href":"https:\/\/zoosalis.lv\/lt\/wp-json\/wp\/v2\/media\/21412"}],"wp:attachment":[{"href":"https:\/\/zoosalis.lv\/lt\/wp-json\/wp\/v2\/media?parent=23102"}],"wp:term":[{"taxonomy":"product_brand","embeddable":true,"href":"https:\/\/zoosalis.lv\/lt\/wp-json\/wp\/v2\/product_brand?post=23102"},{"taxonomy":"product_cat","embeddable":true,"href":"https:\/\/zoosalis.lv\/lt\/wp-json\/wp\/v2\/product_cat?post=23102"},{"taxonomy":"product_tag","embeddable":true,"href":"https:\/\/zoosalis.lv\/lt\/wp-json\/wp\/v2\/product_tag?post=23102"}],"curies":[{"name":"wp","href":"https:\/\/api.w.org\/{rel}","templated":true}]}}