{"id":23104,"date":"2025-04-08T08:23:57","date_gmt":"2025-04-08T08:23:57","guid":{"rendered":"https:\/\/zoosalis.lv\/?post_type=product&#038;p=23104"},"modified":"2025-04-08T08:24:06","modified_gmt":"2025-04-08T08:24:06","slug":"canvit-imunno-sunims-n100-100g","status":"publish","type":"product","link":"https:\/\/zoosalis.lv\/lt\/canvit-imunno-sunims-n100-100g\/","title":{"rendered":"Canvit Imunno \u0161unims N100 100g"},"content":{"rendered":"<h3>SUD\u0116TIS<\/h3>\n<p>Sausoji laktoz\u0117, kalcio karbonatas, kvie\u010di\u0173 krakmolas, sausosios alaus miel\u0117s, mieli\u0173 Saccharomyces cerevisiae l\u0105steli\u0173 sienel\u0117s (\u03b2-1,3\/1,6, \u03b2-gliukan\u0173 \u0161altinis) 2,5%, vi\u0161tienos miltai, \u017euv\u0173 taukai, mananoligosacharidai 0,015%.<\/p>\n<h3>REKOMENDUOJAMA DIENOS SU\u0160\u0116RIMO NORMA<\/h3>\n<p>1 tablet\u0117 5-iems kg k\u016bno svorio.<\/p>\n<h3>\u0160\u0116RIMO NURODYMAI<\/h3>\n<p>Tabletes reikia su\u0161erti tiesiai i\u0161 rankos arba sutrintas \u012fmai\u0161ius \u012f \u012fprast\u0105 \u0117dal\u0105. Nevir\u0161yti rekomenduojamo kiekio.<\/p>\n<h3>ANALITIN\u0116S SUDEDAMOSIOS DALYS<\/h3>\n<p>Baltymai 7,7%, riebal\u0173 kiekis 1%, \u017ealia l\u0105steliena 5,1%, \u017dali pelenai 18%.\u00a0<strong>Pried\u0173 kiekis 1-ame kg: Maistingieji:<\/strong>\u00a0vitaminas A (E672) 200000TV, vitaminas E (\u03b1-tokoferolio acetatas) (3a700) 3000 mg, vitaminas B1 160mg, vitaminas B2 240mg, vitaminas B6 (3a831) 200mg, vitaminas B12 2mg, biotinas 100mg, nikotinamidas (3a315) 850mg, kalcio pantotenatas 480mg, folio r\u016bg\u0161tis (3a316) 30mg, cholino chloridas (3a890) 19000mg, gele\u017eis (E1, gele\u017eies sulfatas) 400mg, cinkas (E6, cinko oksidas) 2500mg, cinkas (E6, aminor\u016bg\u0161\u010di\u0173 hidrato cinko chelates) 1250mg, selenas (3b8.11, i\u0161 Saccharomyces cerevisiae gautas organinis selenas NCYC R397) 0,46 mg. Sud\u0117tyje yra antioksidant\u0173.<\/p>\n<p><strong>Tinka iki ir partijos numeris:<\/strong>\u00a0nurodyta ant pakuot\u0117s. Laikyti sausoje tamsioje vietoje, atokiai nuo tiesiogini\u0173 saul\u0117s spinduli\u0173. Gamintojo pakuot\u0119 visada laikyti u\u017edaryt\u0105.<\/p>\n<p><strong>Canvit s.r.o.,<\/strong><a href=\"https:\/\/en.wikipedia.org\/wiki\/Chr%C3%A1%C5%A1%C5%A5any_(Prague-West_District)\">Chr\u00e1\u0161\u0165any<\/a>\u00a094, 252 19 Rudn\u00e1 u Prahy, \u010cekijos Respublika, reg.Nr. CZ 801435-01<\/p>\n","protected":false},"excerpt":{"rendered":"<p>SUD\u0116TIS Sausoji laktoz\u0117, kalcio karbonatas, kvie\u010di\u0173 krakmolas, sausosios alaus miel\u0117s, mieli\u0173 Saccharomyces cerevisiae l\u0105steli\u0173 sienel\u0117s (\u03b2-1,3\/1,6, \u03b2-gliukan\u0173 \u0161altinis) 2,5%, vi\u0161tienos miltai, \u017euv\u0173 taukai, mananoligosacharidai 0,015%. REKOMENDUOJAMA DIENOS SU\u0160\u0116RIMO NORMA 1 tablet\u0117 5-iems kg k\u016bno svorio. \u0160\u0116RIMO NURODYMAI Tabletes reikia su\u0161erti tiesiai i\u0161 rankos arba sutrintas \u012fmai\u0161ius \u012f \u012fprast\u0105 \u0117dal\u0105. Nevir\u0161yti rekomenduojamo kiekio. ANALITIN\u0116S SUDEDAMOSIOS DALYS [&hellip;]<\/p>\n","protected":false},"featured_media":21414,"comment_status":"closed","ping_status":"closed","template":"","meta":{"_acf_changed":false,"_monsterinsights_skip_tracking":false,"_monsterinsights_sitenote_active":false,"_monsterinsights_sitenote_note":"","_monsterinsights_sitenote_category":0},"product_brand":[],"product_cat":[873,892,893],"product_tag":[],"class_list":{"0":"post-23104","1":"product","2":"type-product","3":"status-publish","4":"has-post-thumbnail","6":"product_cat-prekes-sunims","7":"product_cat-sunu-prieziuros-priemones-zaislai-vitaminai","8":"product_cat-vitaminai-papildai","10":"first","11":"instock","12":"shipping-taxable","13":"purchasable","14":"product-type-simple"},"acf":[],"aioseo_notices":[],"yoast_head":"<!-- This site is optimized with the Yoast SEO plugin v24.8.1 - https:\/\/yoast.com\/wordpress\/plugins\/seo\/ -->\n<title>Canvit Imunno \u0161unims N100 100g | Dz\u012bvnieku produkti<\/title>\n<meta name=\"robots\" content=\"index, follow, max-snippet:-1, max-image-preview:large, max-video-preview:-1\" \/>\n<link rel=\"canonical\" href=\"https:\/\/zoosalis.lv\/lt\/canvit-imunno-sunims-n100-100g\/\" \/>\n<meta property=\"og:locale\" content=\"lt_LT\" \/>\n<meta property=\"og:type\" content=\"article\" \/>\n<meta property=\"og:title\" content=\"Canvit Imunno \u0161unims N100 100g | Dz\u012bvnieku produkti\" \/>\n<meta property=\"og:description\" content=\"SUD\u0116TIS Sausoji laktoz\u0117, kalcio karbonatas, kvie\u010di\u0173 krakmolas, sausosios alaus miel\u0117s, mieli\u0173 Saccharomyces cerevisiae l\u0105steli\u0173 sienel\u0117s (\u03b2-1,3\/1,6, \u03b2-gliukan\u0173 \u0161altinis) 2,5%, vi\u0161tienos miltai, \u017euv\u0173 taukai, mananoligosacharidai 0,015%. REKOMENDUOJAMA DIENOS SU\u0160\u0116RIMO NORMA 1 tablet\u0117 5-iems kg k\u016bno svorio. \u0160\u0116RIMO NURODYMAI Tabletes reikia su\u0161erti tiesiai i\u0161 rankos arba sutrintas \u012fmai\u0161ius \u012f \u012fprast\u0105 \u0117dal\u0105. Nevir\u0161yti rekomenduojamo kiekio. ANALITIN\u0116S SUDEDAMOSIOS DALYS [&hellip;]\" \/>\n<meta property=\"og:url\" content=\"https:\/\/zoosalis.lv\/lt\/canvit-imunno-sunims-n100-100g\/\" \/>\n<meta property=\"og:site_name\" content=\"Dz\u012bvnieku produkti\" \/>\n<meta property=\"article:publisher\" content=\"https:\/\/www.facebook.com\/zooprekesjums\/\" \/>\n<meta property=\"article:modified_time\" content=\"2025-04-08T08:24:06+00:00\" \/>\n<meta property=\"og:image\" content=\"https:\/\/zoosalis.lv\/wp-content\/uploads\/2024\/02\/Group-62.png\" \/>\n\t<meta property=\"og:image:width\" content=\"1537\" \/>\n\t<meta property=\"og:image:height\" content=\"337\" \/>\n\t<meta property=\"og:image:type\" content=\"image\/png\" \/>\n<meta name=\"twitter:card\" content=\"summary_large_image\" \/>\n<meta name=\"twitter:label1\" content=\"Est. reading time\" \/>\n\t<meta name=\"twitter:data1\" content=\"1 minut\u0117\" \/>\n<script type=\"application\/ld+json\" class=\"yoast-schema-graph\">{\"@context\":\"https:\/\/schema.org\",\"@graph\":[{\"@type\":\"WebPage\",\"@id\":\"https:\/\/zoosalis.lv\/canvit-imunno-sunims-n100-100g\/\",\"url\":\"https:\/\/zoosalis.lv\/canvit-imunno-sunims-n100-100g\/\",\"name\":\"Canvit Imunno \u0161unims N100 100g | Dz\u012bvnieku produkti\",\"isPartOf\":{\"@id\":\"https:\/\/zoosalis.lv\/#website\"},\"primaryImageOfPage\":{\"@id\":\"https:\/\/zoosalis.lv\/canvit-imunno-sunims-n100-100g\/#primaryimage\"},\"image\":{\"@id\":\"https:\/\/zoosalis.lv\/canvit-imunno-sunims-n100-100g\/#primaryimage\"},\"thumbnailUrl\":\"https:\/\/zoosalis.lv\/wp-content\/uploads\/2025\/04\/canvit-imunno-sunims-n100-100g.jpg\",\"datePublished\":\"2025-04-08T08:23:57+00:00\",\"dateModified\":\"2025-04-08T08:24:06+00:00\",\"breadcrumb\":{\"@id\":\"https:\/\/zoosalis.lv\/canvit-imunno-sunims-n100-100g\/#breadcrumb\"},\"inLanguage\":\"lt-LT\",\"potentialAction\":[{\"@type\":\"ReadAction\",\"target\":[\"https:\/\/zoosalis.lv\/canvit-imunno-sunims-n100-100g\/\"]}]},{\"@type\":\"ImageObject\",\"inLanguage\":\"lt-LT\",\"@id\":\"https:\/\/zoosalis.lv\/canvit-imunno-sunims-n100-100g\/#primaryimage\",\"url\":\"https:\/\/zoosalis.lv\/wp-content\/uploads\/2025\/04\/canvit-imunno-sunims-n100-100g.jpg\",\"contentUrl\":\"https:\/\/zoosalis.lv\/wp-content\/uploads\/2025\/04\/canvit-imunno-sunims-n100-100g.jpg\",\"width\":555,\"height\":617},{\"@type\":\"BreadcrumbList\",\"@id\":\"https:\/\/zoosalis.lv\/canvit-imunno-sunims-n100-100g\/#breadcrumb\",\"itemListElement\":[{\"@type\":\"ListItem\",\"position\":1,\"name\":\"Home\",\"item\":\"https:\/\/zoosalis.lv\/\"},{\"@type\":\"ListItem\",\"position\":2,\"name\":\"Parduotuv\u0117\",\"item\":\"https:\/\/zoosalis.lv\/parduotuve\/\"},{\"@type\":\"ListItem\",\"position\":3,\"name\":\"Canvit Imunno \u0161unims N100 100g\"}]},{\"@type\":\"WebSite\",\"@id\":\"https:\/\/zoosalis.lv\/#website\",\"url\":\"https:\/\/zoosalis.lv\/\",\"name\":\"Dz\u012bvnieku produkti\",\"description\":\"zoo\u0161alis.lt\",\"publisher\":{\"@id\":\"https:\/\/zoosalis.lv\/#organization\"},\"potentialAction\":[{\"@type\":\"SearchAction\",\"target\":{\"@type\":\"EntryPoint\",\"urlTemplate\":\"https:\/\/zoosalis.lv\/?s={search_term_string}\"},\"query-input\":{\"@type\":\"PropertyValueSpecification\",\"valueRequired\":true,\"valueName\":\"search_term_string\"}}],\"inLanguage\":\"lt-LT\"},{\"@type\":\"Organization\",\"@id\":\"https:\/\/zoosalis.lv\/#organization\",\"name\":\"Zoo\u0161alis.lt\",\"url\":\"https:\/\/zoosalis.lv\/\",\"logo\":{\"@type\":\"ImageObject\",\"inLanguage\":\"lt-LT\",\"@id\":\"https:\/\/zoosalis.lv\/#\/schema\/logo\/image\/\",\"url\":\"https:\/\/zoosalis.lv\/wp-content\/uploads\/2024\/02\/Group-62.png\",\"contentUrl\":\"https:\/\/zoosalis.lv\/wp-content\/uploads\/2024\/02\/Group-62.png\",\"width\":1537,\"height\":337,\"caption\":\"Zoo\u0161alis.lt\"},\"image\":{\"@id\":\"https:\/\/zoosalis.lv\/#\/schema\/logo\/image\/\"},\"sameAs\":[\"https:\/\/www.facebook.com\/zooprekesjums\/\"]}]}<\/script>\n<!-- \/ Yoast SEO plugin. -->","yoast_head_json":{"title":"Canvit Imunno \u0161unims N100 100g | Dz\u012bvnieku produkti","robots":{"index":"index","follow":"follow","max-snippet":"max-snippet:-1","max-image-preview":"max-image-preview:large","max-video-preview":"max-video-preview:-1"},"canonical":"https:\/\/zoosalis.lv\/lt\/canvit-imunno-sunims-n100-100g\/","og_locale":"lt_LT","og_type":"article","og_title":"Canvit Imunno \u0161unims N100 100g | Dz\u012bvnieku produkti","og_description":"SUD\u0116TIS Sausoji laktoz\u0117, kalcio karbonatas, kvie\u010di\u0173 krakmolas, sausosios alaus miel\u0117s, mieli\u0173 Saccharomyces cerevisiae l\u0105steli\u0173 sienel\u0117s (\u03b2-1,3\/1,6, \u03b2-gliukan\u0173 \u0161altinis) 2,5%, vi\u0161tienos miltai, \u017euv\u0173 taukai, mananoligosacharidai 0,015%. REKOMENDUOJAMA DIENOS SU\u0160\u0116RIMO NORMA 1 tablet\u0117 5-iems kg k\u016bno svorio. \u0160\u0116RIMO NURODYMAI Tabletes reikia su\u0161erti tiesiai i\u0161 rankos arba sutrintas \u012fmai\u0161ius \u012f \u012fprast\u0105 \u0117dal\u0105. Nevir\u0161yti rekomenduojamo kiekio. ANALITIN\u0116S SUDEDAMOSIOS DALYS [&hellip;]","og_url":"https:\/\/zoosalis.lv\/lt\/canvit-imunno-sunims-n100-100g\/","og_site_name":"Dz\u012bvnieku produkti","article_publisher":"https:\/\/www.facebook.com\/zooprekesjums\/","article_modified_time":"2025-04-08T08:24:06+00:00","og_image":[{"width":1537,"height":337,"url":"https:\/\/zoosalis.lv\/wp-content\/uploads\/2024\/02\/Group-62.png","type":"image\/png"}],"twitter_card":"summary_large_image","twitter_misc":{"Est. reading time":"1 minut\u0117"},"schema":{"@context":"https:\/\/schema.org","@graph":[{"@type":"WebPage","@id":"https:\/\/zoosalis.lv\/canvit-imunno-sunims-n100-100g\/","url":"https:\/\/zoosalis.lv\/canvit-imunno-sunims-n100-100g\/","name":"Canvit Imunno \u0161unims N100 100g | Dz\u012bvnieku produkti","isPartOf":{"@id":"https:\/\/zoosalis.lv\/#website"},"primaryImageOfPage":{"@id":"https:\/\/zoosalis.lv\/canvit-imunno-sunims-n100-100g\/#primaryimage"},"image":{"@id":"https:\/\/zoosalis.lv\/canvit-imunno-sunims-n100-100g\/#primaryimage"},"thumbnailUrl":"https:\/\/zoosalis.lv\/wp-content\/uploads\/2025\/04\/canvit-imunno-sunims-n100-100g.jpg","datePublished":"2025-04-08T08:23:57+00:00","dateModified":"2025-04-08T08:24:06+00:00","breadcrumb":{"@id":"https:\/\/zoosalis.lv\/canvit-imunno-sunims-n100-100g\/#breadcrumb"},"inLanguage":"lt-LT","potentialAction":[{"@type":"ReadAction","target":["https:\/\/zoosalis.lv\/canvit-imunno-sunims-n100-100g\/"]}]},{"@type":"ImageObject","inLanguage":"lt-LT","@id":"https:\/\/zoosalis.lv\/canvit-imunno-sunims-n100-100g\/#primaryimage","url":"https:\/\/zoosalis.lv\/wp-content\/uploads\/2025\/04\/canvit-imunno-sunims-n100-100g.jpg","contentUrl":"https:\/\/zoosalis.lv\/wp-content\/uploads\/2025\/04\/canvit-imunno-sunims-n100-100g.jpg","width":555,"height":617},{"@type":"BreadcrumbList","@id":"https:\/\/zoosalis.lv\/canvit-imunno-sunims-n100-100g\/#breadcrumb","itemListElement":[{"@type":"ListItem","position":1,"name":"Home","item":"https:\/\/zoosalis.lv\/"},{"@type":"ListItem","position":2,"name":"Parduotuv\u0117","item":"https:\/\/zoosalis.lv\/parduotuve\/"},{"@type":"ListItem","position":3,"name":"Canvit Imunno \u0161unims N100 100g"}]},{"@type":"WebSite","@id":"https:\/\/zoosalis.lv\/#website","url":"https:\/\/zoosalis.lv\/","name":"Dz\u012bvnieku produkti","description":"zoo\u0161alis.lt","publisher":{"@id":"https:\/\/zoosalis.lv\/#organization"},"potentialAction":[{"@type":"SearchAction","target":{"@type":"EntryPoint","urlTemplate":"https:\/\/zoosalis.lv\/?s={search_term_string}"},"query-input":{"@type":"PropertyValueSpecification","valueRequired":true,"valueName":"search_term_string"}}],"inLanguage":"lt-LT"},{"@type":"Organization","@id":"https:\/\/zoosalis.lv\/#organization","name":"Zoo\u0161alis.lt","url":"https:\/\/zoosalis.lv\/","logo":{"@type":"ImageObject","inLanguage":"lt-LT","@id":"https:\/\/zoosalis.lv\/#\/schema\/logo\/image\/","url":"https:\/\/zoosalis.lv\/wp-content\/uploads\/2024\/02\/Group-62.png","contentUrl":"https:\/\/zoosalis.lv\/wp-content\/uploads\/2024\/02\/Group-62.png","width":1537,"height":337,"caption":"Zoo\u0161alis.lt"},"image":{"@id":"https:\/\/zoosalis.lv\/#\/schema\/logo\/image\/"},"sameAs":["https:\/\/www.facebook.com\/zooprekesjums\/"]}]}},"_links":{"self":[{"href":"https:\/\/zoosalis.lv\/lt\/wp-json\/wp\/v2\/product\/23104"}],"collection":[{"href":"https:\/\/zoosalis.lv\/lt\/wp-json\/wp\/v2\/product"}],"about":[{"href":"https:\/\/zoosalis.lv\/lt\/wp-json\/wp\/v2\/types\/product"}],"replies":[{"embeddable":true,"href":"https:\/\/zoosalis.lv\/lt\/wp-json\/wp\/v2\/comments?post=23104"}],"wp:featuredmedia":[{"embeddable":true,"href":"https:\/\/zoosalis.lv\/lt\/wp-json\/wp\/v2\/media\/21414"}],"wp:attachment":[{"href":"https:\/\/zoosalis.lv\/lt\/wp-json\/wp\/v2\/media?parent=23104"}],"wp:term":[{"taxonomy":"product_brand","embeddable":true,"href":"https:\/\/zoosalis.lv\/lt\/wp-json\/wp\/v2\/product_brand?post=23104"},{"taxonomy":"product_cat","embeddable":true,"href":"https:\/\/zoosalis.lv\/lt\/wp-json\/wp\/v2\/product_cat?post=23104"},{"taxonomy":"product_tag","embeddable":true,"href":"https:\/\/zoosalis.lv\/lt\/wp-json\/wp\/v2\/product_tag?post=23104"}],"curies":[{"name":"wp","href":"https:\/\/api.w.org\/{rel}","templated":true}]}}