{"id":23388,"date":"2025-04-08T08:29:21","date_gmt":"2025-04-08T08:29:21","guid":{"rendered":"https:\/\/zoosalis.lv\/?post_type=product&#038;p=23388"},"modified":"2025-04-08T08:30:54","modified_gmt":"2025-04-08T08:30:54","slug":"furminator-undercoat-deshedding-tool-large-dog-short-hair-furminatorius-trumpaplaukiams-sunims-l","status":"publish","type":"product","link":"https:\/\/zoosalis.lv\/lt\/furminator-undercoat-deshedding-tool-large-dog-short-hair-furminatorius-trumpaplaukiams-sunims-l\/","title":{"rendered":"Furminator Undercoat DeShedding Tool Large Dog Short Hair &#8211; Furminatorius Trumpaplaukiams \u0160unims, L"},"content":{"rendered":"<p>FURminator\u00ae prie\u017ei\u016bros \u0161ukos reguliariai naudojant suma\u017eina kailio \u0161\u0117rim\u0105si iki 90%. FURminator\u00ae Undercoat DeShedding \u012frankis dideliems \u0161unims (\u0161unims iki 25kg) yra specialiai sukurtos \u0161ukos, kad b\u016bt\u0173 galima saugiai ir lengvai pa\u0161alinti palaidus plaukus ir pokail\u012f, nepa\u017eeid\u017eiant kailio ir ne\u012fpjaunant odos.* I\u0161lenktas kra\u0161tas slysta per j\u016bs\u0173 \u0161uns od\u0105. , neleid\u017eia \u012fstrigti kra\u0161tuose ir atitinka nat\u016bral\u0173 j\u016bs\u0173 augintinio sud\u0117jim\u0105 ir form\u0105, kad b\u016bt\u0173 patogu naudotis. Ergonomi\u0161ka rankena palengvina tvarkym\u0105, o FUrejector\u00ae mygtukas lengvai atpalaiduoja plaukus.<\/p>\n<p>DIDELIEMS \u0160UNIMS: rinkit\u0117s \u0161\u012f dyd\u012f \u0161unims, sveriantiems iki 25kg.<\/p>\n<p>FUREJECTOR\u00ae MYGTUKAS: lengvai atpalaiduoja plaukus, tod\u0117l kailio \u0161alinimas tampa lengvesnis nei bet kada anks\u010diau.<\/p>\n<p>PA\u0160ALINA LAISVUS PLAUKUS: Ner\u016bdijan\u010dio plieno nukailinimo kra\u0161tas pasiekia vir\u0161utin\u012f sluoksn\u012f, kad saugiai ir lengvai pa\u0161alint\u0173 palaidus plaukus ir apatin\u012f pokail\u012f, nepa\u017eeid\u017eiant vir\u0161utinio sluoksnio ir ne\u012fpjaunant odos.<\/p>\n<p>ODOS APSAUGA: Lenktas kra\u0161tas slysta per od\u0105, neleid\u017eia \u012fstrigti kra\u0161tuose ir atitinka nat\u016bral\u0173 j\u016bs\u0173 augintinio sud\u0117jim\u0105 ir form\u0105, kad b\u016bt\u0173 patogu naudotis.<\/p>\n<p>ERGONOMIN\u0116 RANKENA: Sukurta patogiam ir lengvam tvarkymuisi.<\/p>\n","protected":false},"excerpt":{"rendered":"<p>FURminator\u00ae prie\u017ei\u016bros \u0161ukos reguliariai naudojant suma\u017eina kailio \u0161\u0117rim\u0105si iki 90%. FURminator\u00ae Undercoat DeShedding \u012frankis dideliems \u0161unims (\u0161unims iki 25kg) yra specialiai sukurtos \u0161ukos, kad b\u016bt\u0173 galima saugiai ir lengvai pa\u0161alinti palaidus plaukus ir pokail\u012f, nepa\u017eeid\u017eiant kailio ir ne\u012fpjaunant odos.* I\u0161lenktas kra\u0161tas slysta per j\u016bs\u0173 \u0161uns od\u0105. , neleid\u017eia \u012fstrigti kra\u0161tuose ir atitinka nat\u016bral\u0173 j\u016bs\u0173 augintinio [&hellip;]<\/p>\n","protected":false},"featured_media":23455,"comment_status":"closed","ping_status":"closed","template":"","meta":{"_acf_changed":false,"_monsterinsights_skip_tracking":false,"_monsterinsights_sitenote_active":false,"_monsterinsights_sitenote_note":"","_monsterinsights_sitenote_category":0},"product_brand":[],"product_cat":[873,948,892],"product_tag":[],"class_list":{"0":"post-23388","1":"product","2":"type-product","3":"status-publish","4":"has-post-thumbnail","6":"product_cat-prekes-sunims","7":"product_cat-sukos","8":"product_cat-sunu-prieziuros-priemones-zaislai-vitaminai","10":"first","11":"instock","12":"shipping-taxable","13":"purchasable","14":"product-type-simple"},"acf":[],"aioseo_notices":[],"yoast_head":"<!-- This site is optimized with the Yoast SEO plugin v24.8.1 - https:\/\/yoast.com\/wordpress\/plugins\/seo\/ -->\n<title>Furminator Undercoat DeShedding Tool Large Dog Short Hair - Furminatorius Trumpaplaukiams \u0160unims, L | Dz\u012bvnieku produkti<\/title>\n<meta name=\"robots\" content=\"index, follow, max-snippet:-1, max-image-preview:large, max-video-preview:-1\" \/>\n<link rel=\"canonical\" href=\"https:\/\/zoosalis.lv\/lt\/furminator-undercoat-deshedding-tool-large-dog-short-hair-furminatorius-trumpaplaukiams-sunims-l\/\" \/>\n<meta property=\"og:locale\" content=\"lt_LT\" \/>\n<meta property=\"og:type\" content=\"article\" \/>\n<meta property=\"og:title\" content=\"Furminator Undercoat DeShedding Tool Large Dog Short Hair - Furminatorius Trumpaplaukiams \u0160unims, L | Dz\u012bvnieku produkti\" \/>\n<meta property=\"og:description\" content=\"FURminator\u00ae prie\u017ei\u016bros \u0161ukos reguliariai naudojant suma\u017eina kailio \u0161\u0117rim\u0105si iki 90%. FURminator\u00ae Undercoat DeShedding \u012frankis dideliems \u0161unims (\u0161unims iki 25kg) yra specialiai sukurtos \u0161ukos, kad b\u016bt\u0173 galima saugiai ir lengvai pa\u0161alinti palaidus plaukus ir pokail\u012f, nepa\u017eeid\u017eiant kailio ir ne\u012fpjaunant odos.* I\u0161lenktas kra\u0161tas slysta per j\u016bs\u0173 \u0161uns od\u0105. , neleid\u017eia \u012fstrigti kra\u0161tuose ir atitinka nat\u016bral\u0173 j\u016bs\u0173 augintinio [&hellip;]\" \/>\n<meta property=\"og:url\" content=\"https:\/\/zoosalis.lv\/lt\/furminator-undercoat-deshedding-tool-large-dog-short-hair-furminatorius-trumpaplaukiams-sunims-l\/\" \/>\n<meta property=\"og:site_name\" content=\"Dz\u012bvnieku produkti\" \/>\n<meta property=\"article:publisher\" content=\"https:\/\/www.facebook.com\/zooprekesjums\/\" \/>\n<meta property=\"article:modified_time\" content=\"2025-04-08T08:30:54+00:00\" \/>\n<meta property=\"og:image\" content=\"https:\/\/zoosalis.lv\/wp-content\/uploads\/2024\/02\/Group-62.png\" \/>\n\t<meta property=\"og:image:width\" content=\"1537\" \/>\n\t<meta property=\"og:image:height\" content=\"337\" \/>\n\t<meta property=\"og:image:type\" content=\"image\/png\" \/>\n<meta name=\"twitter:card\" content=\"summary_large_image\" \/>\n<meta name=\"twitter:label1\" content=\"Est. reading time\" \/>\n\t<meta name=\"twitter:data1\" content=\"1 minut\u0117\" \/>\n<script type=\"application\/ld+json\" class=\"yoast-schema-graph\">{\"@context\":\"https:\/\/schema.org\",\"@graph\":[{\"@type\":\"WebPage\",\"@id\":\"https:\/\/zoosalis.lv\/furminator-undercoat-deshedding-tool-large-dog-short-hair-furminatorius-trumpaplaukiams-sunims-l\/\",\"url\":\"https:\/\/zoosalis.lv\/furminator-undercoat-deshedding-tool-large-dog-short-hair-furminatorius-trumpaplaukiams-sunims-l\/\",\"name\":\"Furminator Undercoat DeShedding Tool Large Dog Short Hair - Furminatorius Trumpaplaukiams \u0160unims, L | Dz\u012bvnieku produkti\",\"isPartOf\":{\"@id\":\"https:\/\/zoosalis.lv\/#website\"},\"primaryImageOfPage\":{\"@id\":\"https:\/\/zoosalis.lv\/furminator-undercoat-deshedding-tool-large-dog-short-hair-furminatorius-trumpaplaukiams-sunims-l\/#primaryimage\"},\"image\":{\"@id\":\"https:\/\/zoosalis.lv\/furminator-undercoat-deshedding-tool-large-dog-short-hair-furminatorius-trumpaplaukiams-sunims-l\/#primaryimage\"},\"thumbnailUrl\":\"https:\/\/zoosalis.lv\/wp-content\/uploads\/2025\/04\/furminator-undercoat-deshedding-tool-large-dog-short-hair-furminatorius-trumpaplaukiams-sunims-l.jpg\",\"datePublished\":\"2025-04-08T08:29:21+00:00\",\"dateModified\":\"2025-04-08T08:30:54+00:00\",\"breadcrumb\":{\"@id\":\"https:\/\/zoosalis.lv\/furminator-undercoat-deshedding-tool-large-dog-short-hair-furminatorius-trumpaplaukiams-sunims-l\/#breadcrumb\"},\"inLanguage\":\"lt-LT\",\"potentialAction\":[{\"@type\":\"ReadAction\",\"target\":[\"https:\/\/zoosalis.lv\/furminator-undercoat-deshedding-tool-large-dog-short-hair-furminatorius-trumpaplaukiams-sunims-l\/\"]}]},{\"@type\":\"ImageObject\",\"inLanguage\":\"lt-LT\",\"@id\":\"https:\/\/zoosalis.lv\/furminator-undercoat-deshedding-tool-large-dog-short-hair-furminatorius-trumpaplaukiams-sunims-l\/#primaryimage\",\"url\":\"https:\/\/zoosalis.lv\/wp-content\/uploads\/2025\/04\/furminator-undercoat-deshedding-tool-large-dog-short-hair-furminatorius-trumpaplaukiams-sunims-l.jpg\",\"contentUrl\":\"https:\/\/zoosalis.lv\/wp-content\/uploads\/2025\/04\/furminator-undercoat-deshedding-tool-large-dog-short-hair-furminatorius-trumpaplaukiams-sunims-l.jpg\",\"width\":1000,\"height\":1000},{\"@type\":\"BreadcrumbList\",\"@id\":\"https:\/\/zoosalis.lv\/furminator-undercoat-deshedding-tool-large-dog-short-hair-furminatorius-trumpaplaukiams-sunims-l\/#breadcrumb\",\"itemListElement\":[{\"@type\":\"ListItem\",\"position\":1,\"name\":\"Home\",\"item\":\"https:\/\/zoosalis.lv\/\"},{\"@type\":\"ListItem\",\"position\":2,\"name\":\"Parduotuv\u0117\",\"item\":\"https:\/\/zoosalis.lv\/parduotuve\/\"},{\"@type\":\"ListItem\",\"position\":3,\"name\":\"Furminator Undercoat DeShedding Tool Large Dog Short Hair &#8211; Furminatorius Trumpaplaukiams \u0160unims, L\"}]},{\"@type\":\"WebSite\",\"@id\":\"https:\/\/zoosalis.lv\/#website\",\"url\":\"https:\/\/zoosalis.lv\/\",\"name\":\"Dz\u012bvnieku produkti\",\"description\":\"zoo\u0161alis.lt\",\"publisher\":{\"@id\":\"https:\/\/zoosalis.lv\/#organization\"},\"potentialAction\":[{\"@type\":\"SearchAction\",\"target\":{\"@type\":\"EntryPoint\",\"urlTemplate\":\"https:\/\/zoosalis.lv\/?s={search_term_string}\"},\"query-input\":{\"@type\":\"PropertyValueSpecification\",\"valueRequired\":true,\"valueName\":\"search_term_string\"}}],\"inLanguage\":\"lt-LT\"},{\"@type\":\"Organization\",\"@id\":\"https:\/\/zoosalis.lv\/#organization\",\"name\":\"Zoo\u0161alis.lt\",\"url\":\"https:\/\/zoosalis.lv\/\",\"logo\":{\"@type\":\"ImageObject\",\"inLanguage\":\"lt-LT\",\"@id\":\"https:\/\/zoosalis.lv\/#\/schema\/logo\/image\/\",\"url\":\"https:\/\/zoosalis.lv\/wp-content\/uploads\/2024\/02\/Group-62.png\",\"contentUrl\":\"https:\/\/zoosalis.lv\/wp-content\/uploads\/2024\/02\/Group-62.png\",\"width\":1537,\"height\":337,\"caption\":\"Zoo\u0161alis.lt\"},\"image\":{\"@id\":\"https:\/\/zoosalis.lv\/#\/schema\/logo\/image\/\"},\"sameAs\":[\"https:\/\/www.facebook.com\/zooprekesjums\/\"]}]}<\/script>\n<!-- \/ Yoast SEO plugin. -->","yoast_head_json":{"title":"Furminator Undercoat DeShedding Tool Large Dog Short Hair - Furminatorius Trumpaplaukiams \u0160unims, L | Dz\u012bvnieku produkti","robots":{"index":"index","follow":"follow","max-snippet":"max-snippet:-1","max-image-preview":"max-image-preview:large","max-video-preview":"max-video-preview:-1"},"canonical":"https:\/\/zoosalis.lv\/lt\/furminator-undercoat-deshedding-tool-large-dog-short-hair-furminatorius-trumpaplaukiams-sunims-l\/","og_locale":"lt_LT","og_type":"article","og_title":"Furminator Undercoat DeShedding Tool Large Dog Short Hair - Furminatorius Trumpaplaukiams \u0160unims, L | Dz\u012bvnieku produkti","og_description":"FURminator\u00ae prie\u017ei\u016bros \u0161ukos reguliariai naudojant suma\u017eina kailio \u0161\u0117rim\u0105si iki 90%. FURminator\u00ae Undercoat DeShedding \u012frankis dideliems \u0161unims (\u0161unims iki 25kg) yra specialiai sukurtos \u0161ukos, kad b\u016bt\u0173 galima saugiai ir lengvai pa\u0161alinti palaidus plaukus ir pokail\u012f, nepa\u017eeid\u017eiant kailio ir ne\u012fpjaunant odos.* I\u0161lenktas kra\u0161tas slysta per j\u016bs\u0173 \u0161uns od\u0105. , neleid\u017eia \u012fstrigti kra\u0161tuose ir atitinka nat\u016bral\u0173 j\u016bs\u0173 augintinio [&hellip;]","og_url":"https:\/\/zoosalis.lv\/lt\/furminator-undercoat-deshedding-tool-large-dog-short-hair-furminatorius-trumpaplaukiams-sunims-l\/","og_site_name":"Dz\u012bvnieku produkti","article_publisher":"https:\/\/www.facebook.com\/zooprekesjums\/","article_modified_time":"2025-04-08T08:30:54+00:00","og_image":[{"width":1537,"height":337,"url":"https:\/\/zoosalis.lv\/wp-content\/uploads\/2024\/02\/Group-62.png","type":"image\/png"}],"twitter_card":"summary_large_image","twitter_misc":{"Est. reading time":"1 minut\u0117"},"schema":{"@context":"https:\/\/schema.org","@graph":[{"@type":"WebPage","@id":"https:\/\/zoosalis.lv\/furminator-undercoat-deshedding-tool-large-dog-short-hair-furminatorius-trumpaplaukiams-sunims-l\/","url":"https:\/\/zoosalis.lv\/furminator-undercoat-deshedding-tool-large-dog-short-hair-furminatorius-trumpaplaukiams-sunims-l\/","name":"Furminator Undercoat DeShedding Tool Large Dog Short Hair - Furminatorius Trumpaplaukiams \u0160unims, L | Dz\u012bvnieku produkti","isPartOf":{"@id":"https:\/\/zoosalis.lv\/#website"},"primaryImageOfPage":{"@id":"https:\/\/zoosalis.lv\/furminator-undercoat-deshedding-tool-large-dog-short-hair-furminatorius-trumpaplaukiams-sunims-l\/#primaryimage"},"image":{"@id":"https:\/\/zoosalis.lv\/furminator-undercoat-deshedding-tool-large-dog-short-hair-furminatorius-trumpaplaukiams-sunims-l\/#primaryimage"},"thumbnailUrl":"https:\/\/zoosalis.lv\/wp-content\/uploads\/2025\/04\/furminator-undercoat-deshedding-tool-large-dog-short-hair-furminatorius-trumpaplaukiams-sunims-l.jpg","datePublished":"2025-04-08T08:29:21+00:00","dateModified":"2025-04-08T08:30:54+00:00","breadcrumb":{"@id":"https:\/\/zoosalis.lv\/furminator-undercoat-deshedding-tool-large-dog-short-hair-furminatorius-trumpaplaukiams-sunims-l\/#breadcrumb"},"inLanguage":"lt-LT","potentialAction":[{"@type":"ReadAction","target":["https:\/\/zoosalis.lv\/furminator-undercoat-deshedding-tool-large-dog-short-hair-furminatorius-trumpaplaukiams-sunims-l\/"]}]},{"@type":"ImageObject","inLanguage":"lt-LT","@id":"https:\/\/zoosalis.lv\/furminator-undercoat-deshedding-tool-large-dog-short-hair-furminatorius-trumpaplaukiams-sunims-l\/#primaryimage","url":"https:\/\/zoosalis.lv\/wp-content\/uploads\/2025\/04\/furminator-undercoat-deshedding-tool-large-dog-short-hair-furminatorius-trumpaplaukiams-sunims-l.jpg","contentUrl":"https:\/\/zoosalis.lv\/wp-content\/uploads\/2025\/04\/furminator-undercoat-deshedding-tool-large-dog-short-hair-furminatorius-trumpaplaukiams-sunims-l.jpg","width":1000,"height":1000},{"@type":"BreadcrumbList","@id":"https:\/\/zoosalis.lv\/furminator-undercoat-deshedding-tool-large-dog-short-hair-furminatorius-trumpaplaukiams-sunims-l\/#breadcrumb","itemListElement":[{"@type":"ListItem","position":1,"name":"Home","item":"https:\/\/zoosalis.lv\/"},{"@type":"ListItem","position":2,"name":"Parduotuv\u0117","item":"https:\/\/zoosalis.lv\/parduotuve\/"},{"@type":"ListItem","position":3,"name":"Furminator Undercoat DeShedding Tool Large Dog Short Hair &#8211; Furminatorius Trumpaplaukiams \u0160unims, L"}]},{"@type":"WebSite","@id":"https:\/\/zoosalis.lv\/#website","url":"https:\/\/zoosalis.lv\/","name":"Dz\u012bvnieku produkti","description":"zoo\u0161alis.lt","publisher":{"@id":"https:\/\/zoosalis.lv\/#organization"},"potentialAction":[{"@type":"SearchAction","target":{"@type":"EntryPoint","urlTemplate":"https:\/\/zoosalis.lv\/?s={search_term_string}"},"query-input":{"@type":"PropertyValueSpecification","valueRequired":true,"valueName":"search_term_string"}}],"inLanguage":"lt-LT"},{"@type":"Organization","@id":"https:\/\/zoosalis.lv\/#organization","name":"Zoo\u0161alis.lt","url":"https:\/\/zoosalis.lv\/","logo":{"@type":"ImageObject","inLanguage":"lt-LT","@id":"https:\/\/zoosalis.lv\/#\/schema\/logo\/image\/","url":"https:\/\/zoosalis.lv\/wp-content\/uploads\/2024\/02\/Group-62.png","contentUrl":"https:\/\/zoosalis.lv\/wp-content\/uploads\/2024\/02\/Group-62.png","width":1537,"height":337,"caption":"Zoo\u0161alis.lt"},"image":{"@id":"https:\/\/zoosalis.lv\/#\/schema\/logo\/image\/"},"sameAs":["https:\/\/www.facebook.com\/zooprekesjums\/"]}]}},"_links":{"self":[{"href":"https:\/\/zoosalis.lv\/lt\/wp-json\/wp\/v2\/product\/23388"}],"collection":[{"href":"https:\/\/zoosalis.lv\/lt\/wp-json\/wp\/v2\/product"}],"about":[{"href":"https:\/\/zoosalis.lv\/lt\/wp-json\/wp\/v2\/types\/product"}],"replies":[{"embeddable":true,"href":"https:\/\/zoosalis.lv\/lt\/wp-json\/wp\/v2\/comments?post=23388"}],"wp:featuredmedia":[{"embeddable":true,"href":"https:\/\/zoosalis.lv\/lt\/wp-json\/wp\/v2\/media\/23455"}],"wp:attachment":[{"href":"https:\/\/zoosalis.lv\/lt\/wp-json\/wp\/v2\/media?parent=23388"}],"wp:term":[{"taxonomy":"product_brand","embeddable":true,"href":"https:\/\/zoosalis.lv\/lt\/wp-json\/wp\/v2\/product_brand?post=23388"},{"taxonomy":"product_cat","embeddable":true,"href":"https:\/\/zoosalis.lv\/lt\/wp-json\/wp\/v2\/product_cat?post=23388"},{"taxonomy":"product_tag","embeddable":true,"href":"https:\/\/zoosalis.lv\/lt\/wp-json\/wp\/v2\/product_tag?post=23388"}],"curies":[{"name":"wp","href":"https:\/\/api.w.org\/{rel}","templated":true}]}}