{"id":23392,"date":"2025-04-08T08:29:21","date_gmt":"2025-04-08T08:29:21","guid":{"rendered":"https:\/\/zoosalis.lv\/?post_type=product&#038;p=23392"},"modified":"2025-04-08T08:31:16","modified_gmt":"2025-04-08T08:31:16","slug":"furminatorius-undercoat-deshedding-toy-dog-ilgaplaukiams-sunims-xs","status":"publish","type":"product","link":"https:\/\/zoosalis.lv\/lt\/furminatorius-undercoat-deshedding-toy-dog-ilgaplaukiams-sunims-xs\/","title":{"rendered":"Furminatorius Undercoat deShedding Toy Dog ilgaplaukiams \u0161unims, XS"},"content":{"rendered":"<p>Prek\u0117s apra\u0161ymas: Furminatorius Undercoat deShedding Toy Dog ilgaplaukiams \u0161unims, XS<br \/>\nNaudojimas: Naudokite ne da\u017eniau kaip kart\u0105 per savait\u0119.<\/p>\n<p>Tai specialios \u0161ukos, skirtos augintinio kailiui pri\u017ei\u016br\u0117ti.  <\/p>\n<p>Naujoji \u201eFurminator Undercoat deShedding\u201c linija turi papildomas naujas funkcijas, kurios padidina produkto prakti\u0161kum\u0105 ir optimizuoja eksploatacines savybes. I\u0161saugotos visos funkcijos, kurios gerai veik\u0117 ankstesn\u0117se versijose &#8211; mygtukas \u201eFURejector\u201c, ergonomi\u0161ka rankena ir ner\u016bdijan\u010dio plieno kra\u0161tas.<\/p>\n<p>Suma\u017eina \u0161\u0117rim\u0105si net iki 99 %. Pa\u0161alina besi\u0161eriant\u012f, negyv\u0105 kail\u012f ir poviln\u0119;<br \/>\nI\u0161\u0161ukuotas \u0161uns kailis atrodys gra\u017eiau ir sveikai blizg\u0117s;<br \/>\nGerai pri\u017ei\u016brimi ir i\u0161\u0161ukuoti plaukai su\u0161ildo augintin\u012f \u017eiemos metu ir v\u0117sina vasar\u0105;<br \/>\nOdos apsauga &#8211; leid\u017eia \u0161velniai slinkti \u012frank\u012f vir\u0161 gyv\u016bno odos;<br \/>\nI\u0161lenktas peiliukas, leid\u017eiantis \u012frankiui prisitaikyti prie nat\u016bralios k\u016bno formos;<br \/>\nLengvas u\u017erakinimas &#8211; tereikia paspausti ir pastumti FURejector mygtuk\u0105 \u017eemyn link rankenos;<br \/>\n\u012erankis skirtas ilgaplaukiams \u0161unims, sveriantiems iki 4,5 kg;<br \/>\nSkirta plaukams, ilgesniems nei 5 cm;<br \/>\nA\u0161menys pagaminti i\u0161 ner\u016bdijan\u010dio plieno;<br \/>\nRankena yra ergonomi\u0161ka ir padengta guma, kurios d\u0117ka ji neslysta ir gerai priglunda prie j\u016bs\u0173 rankos;<br \/>\nProced\u016bros metu surinkt\u0105 kail\u012f galima lengvai pa\u0161alinti, paspaud\u017eiant FURejector mygtuk\u0105, esant\u012f galvut\u0117s gale;<br \/>\nSpalva: \u017ealia\/pilka;<br \/>\nA\u0161men\u0173 ilgis: 3,2 cm.<\/p>\n","protected":false},"excerpt":{"rendered":"<p>Prek\u0117s apra\u0161ymas: Furminatorius Undercoat deShedding Toy Dog ilgaplaukiams \u0161unims, XS Naudojimas: Naudokite ne da\u017eniau kaip kart\u0105 per savait\u0119. Tai specialios \u0161ukos, skirtos augintinio kailiui pri\u017ei\u016br\u0117ti. Naujoji \u201eFurminator Undercoat deShedding\u201c linija turi papildomas naujas funkcijas, kurios padidina produkto prakti\u0161kum\u0105 ir optimizuoja eksploatacines savybes. I\u0161saugotos visos funkcijos, kurios gerai veik\u0117 ankstesn\u0117se versijose &#8211; mygtukas \u201eFURejector\u201c, ergonomi\u0161ka rankena [&hellip;]<\/p>\n","protected":false},"featured_media":23465,"comment_status":"closed","ping_status":"closed","template":"","meta":{"_acf_changed":false,"_monsterinsights_skip_tracking":false,"_monsterinsights_sitenote_active":false,"_monsterinsights_sitenote_note":"","_monsterinsights_sitenote_category":0},"product_brand":[],"product_cat":[873,948,892],"product_tag":[],"class_list":{"0":"post-23392","1":"product","2":"type-product","3":"status-publish","4":"has-post-thumbnail","6":"product_cat-prekes-sunims","7":"product_cat-sukos","8":"product_cat-sunu-prieziuros-priemones-zaislai-vitaminai","10":"first","11":"instock","12":"shipping-taxable","13":"purchasable","14":"product-type-simple"},"acf":[],"aioseo_notices":[],"yoast_head":"<!-- This site is optimized with the Yoast SEO plugin v24.8.1 - https:\/\/yoast.com\/wordpress\/plugins\/seo\/ -->\n<title>Furminatorius Undercoat deShedding Toy Dog ilgaplaukiams \u0161unims, XS | Dz\u012bvnieku produkti<\/title>\n<meta name=\"robots\" content=\"index, follow, max-snippet:-1, max-image-preview:large, max-video-preview:-1\" \/>\n<link rel=\"canonical\" href=\"https:\/\/zoosalis.lv\/lt\/furminatorius-undercoat-deshedding-toy-dog-ilgaplaukiams-sunims-xs\/\" \/>\n<meta property=\"og:locale\" content=\"lt_LT\" \/>\n<meta property=\"og:type\" content=\"article\" \/>\n<meta property=\"og:title\" content=\"Furminatorius Undercoat deShedding Toy Dog ilgaplaukiams \u0161unims, XS | Dz\u012bvnieku produkti\" \/>\n<meta property=\"og:description\" content=\"Prek\u0117s apra\u0161ymas: Furminatorius Undercoat deShedding Toy Dog ilgaplaukiams \u0161unims, XS Naudojimas: Naudokite ne da\u017eniau kaip kart\u0105 per savait\u0119. Tai specialios \u0161ukos, skirtos augintinio kailiui pri\u017ei\u016br\u0117ti. Naujoji \u201eFurminator Undercoat deShedding\u201c linija turi papildomas naujas funkcijas, kurios padidina produkto prakti\u0161kum\u0105 ir optimizuoja eksploatacines savybes. I\u0161saugotos visos funkcijos, kurios gerai veik\u0117 ankstesn\u0117se versijose &#8211; mygtukas \u201eFURejector\u201c, ergonomi\u0161ka rankena [&hellip;]\" \/>\n<meta property=\"og:url\" content=\"https:\/\/zoosalis.lv\/lt\/furminatorius-undercoat-deshedding-toy-dog-ilgaplaukiams-sunims-xs\/\" \/>\n<meta property=\"og:site_name\" content=\"Dz\u012bvnieku produkti\" \/>\n<meta property=\"article:publisher\" content=\"https:\/\/www.facebook.com\/zooprekesjums\/\" \/>\n<meta property=\"article:modified_time\" content=\"2025-04-08T08:31:16+00:00\" \/>\n<meta property=\"og:image\" content=\"https:\/\/zoosalis.lv\/wp-content\/uploads\/2024\/02\/Group-62.png\" \/>\n\t<meta property=\"og:image:width\" content=\"1537\" \/>\n\t<meta property=\"og:image:height\" content=\"337\" \/>\n\t<meta property=\"og:image:type\" content=\"image\/png\" \/>\n<meta name=\"twitter:card\" content=\"summary_large_image\" \/>\n<meta name=\"twitter:label1\" content=\"Est. reading time\" \/>\n\t<meta name=\"twitter:data1\" content=\"1 minut\u0117\" \/>\n<script type=\"application\/ld+json\" class=\"yoast-schema-graph\">{\"@context\":\"https:\/\/schema.org\",\"@graph\":[{\"@type\":\"WebPage\",\"@id\":\"https:\/\/zoosalis.lv\/furminatorius-undercoat-deshedding-toy-dog-ilgaplaukiams-sunims-xs\/\",\"url\":\"https:\/\/zoosalis.lv\/furminatorius-undercoat-deshedding-toy-dog-ilgaplaukiams-sunims-xs\/\",\"name\":\"Furminatorius Undercoat deShedding Toy Dog ilgaplaukiams \u0161unims, XS | Dz\u012bvnieku produkti\",\"isPartOf\":{\"@id\":\"https:\/\/zoosalis.lv\/#website\"},\"primaryImageOfPage\":{\"@id\":\"https:\/\/zoosalis.lv\/furminatorius-undercoat-deshedding-toy-dog-ilgaplaukiams-sunims-xs\/#primaryimage\"},\"image\":{\"@id\":\"https:\/\/zoosalis.lv\/furminatorius-undercoat-deshedding-toy-dog-ilgaplaukiams-sunims-xs\/#primaryimage\"},\"thumbnailUrl\":\"https:\/\/zoosalis.lv\/wp-content\/uploads\/2025\/04\/furminatorius-undercoat-deshedding-toy-dog-ilgaplaukiams-sunims-kaina_reference.webp\",\"datePublished\":\"2025-04-08T08:29:21+00:00\",\"dateModified\":\"2025-04-08T08:31:16+00:00\",\"breadcrumb\":{\"@id\":\"https:\/\/zoosalis.lv\/furminatorius-undercoat-deshedding-toy-dog-ilgaplaukiams-sunims-xs\/#breadcrumb\"},\"inLanguage\":\"lt-LT\",\"potentialAction\":[{\"@type\":\"ReadAction\",\"target\":[\"https:\/\/zoosalis.lv\/furminatorius-undercoat-deshedding-toy-dog-ilgaplaukiams-sunims-xs\/\"]}]},{\"@type\":\"ImageObject\",\"inLanguage\":\"lt-LT\",\"@id\":\"https:\/\/zoosalis.lv\/furminatorius-undercoat-deshedding-toy-dog-ilgaplaukiams-sunims-xs\/#primaryimage\",\"url\":\"https:\/\/zoosalis.lv\/wp-content\/uploads\/2025\/04\/furminatorius-undercoat-deshedding-toy-dog-ilgaplaukiams-sunims-kaina_reference.webp\",\"contentUrl\":\"https:\/\/zoosalis.lv\/wp-content\/uploads\/2025\/04\/furminatorius-undercoat-deshedding-toy-dog-ilgaplaukiams-sunims-kaina_reference.webp\",\"width\":600,\"height\":600},{\"@type\":\"BreadcrumbList\",\"@id\":\"https:\/\/zoosalis.lv\/furminatorius-undercoat-deshedding-toy-dog-ilgaplaukiams-sunims-xs\/#breadcrumb\",\"itemListElement\":[{\"@type\":\"ListItem\",\"position\":1,\"name\":\"Home\",\"item\":\"https:\/\/zoosalis.lv\/\"},{\"@type\":\"ListItem\",\"position\":2,\"name\":\"Parduotuv\u0117\",\"item\":\"https:\/\/zoosalis.lv\/parduotuve\/\"},{\"@type\":\"ListItem\",\"position\":3,\"name\":\"Furminatorius Undercoat deShedding Toy Dog ilgaplaukiams \u0161unims, XS\"}]},{\"@type\":\"WebSite\",\"@id\":\"https:\/\/zoosalis.lv\/#website\",\"url\":\"https:\/\/zoosalis.lv\/\",\"name\":\"Dz\u012bvnieku produkti\",\"description\":\"zoo\u0161alis.lt\",\"publisher\":{\"@id\":\"https:\/\/zoosalis.lv\/#organization\"},\"potentialAction\":[{\"@type\":\"SearchAction\",\"target\":{\"@type\":\"EntryPoint\",\"urlTemplate\":\"https:\/\/zoosalis.lv\/?s={search_term_string}\"},\"query-input\":{\"@type\":\"PropertyValueSpecification\",\"valueRequired\":true,\"valueName\":\"search_term_string\"}}],\"inLanguage\":\"lt-LT\"},{\"@type\":\"Organization\",\"@id\":\"https:\/\/zoosalis.lv\/#organization\",\"name\":\"Zoo\u0161alis.lt\",\"url\":\"https:\/\/zoosalis.lv\/\",\"logo\":{\"@type\":\"ImageObject\",\"inLanguage\":\"lt-LT\",\"@id\":\"https:\/\/zoosalis.lv\/#\/schema\/logo\/image\/\",\"url\":\"https:\/\/zoosalis.lv\/wp-content\/uploads\/2024\/02\/Group-62.png\",\"contentUrl\":\"https:\/\/zoosalis.lv\/wp-content\/uploads\/2024\/02\/Group-62.png\",\"width\":1537,\"height\":337,\"caption\":\"Zoo\u0161alis.lt\"},\"image\":{\"@id\":\"https:\/\/zoosalis.lv\/#\/schema\/logo\/image\/\"},\"sameAs\":[\"https:\/\/www.facebook.com\/zooprekesjums\/\"]}]}<\/script>\n<!-- \/ Yoast SEO plugin. -->","yoast_head_json":{"title":"Furminatorius Undercoat deShedding Toy Dog ilgaplaukiams \u0161unims, XS | Dz\u012bvnieku produkti","robots":{"index":"index","follow":"follow","max-snippet":"max-snippet:-1","max-image-preview":"max-image-preview:large","max-video-preview":"max-video-preview:-1"},"canonical":"https:\/\/zoosalis.lv\/lt\/furminatorius-undercoat-deshedding-toy-dog-ilgaplaukiams-sunims-xs\/","og_locale":"lt_LT","og_type":"article","og_title":"Furminatorius Undercoat deShedding Toy Dog ilgaplaukiams \u0161unims, XS | Dz\u012bvnieku produkti","og_description":"Prek\u0117s apra\u0161ymas: Furminatorius Undercoat deShedding Toy Dog ilgaplaukiams \u0161unims, XS Naudojimas: Naudokite ne da\u017eniau kaip kart\u0105 per savait\u0119. Tai specialios \u0161ukos, skirtos augintinio kailiui pri\u017ei\u016br\u0117ti. Naujoji \u201eFurminator Undercoat deShedding\u201c linija turi papildomas naujas funkcijas, kurios padidina produkto prakti\u0161kum\u0105 ir optimizuoja eksploatacines savybes. I\u0161saugotos visos funkcijos, kurios gerai veik\u0117 ankstesn\u0117se versijose &#8211; mygtukas \u201eFURejector\u201c, ergonomi\u0161ka rankena [&hellip;]","og_url":"https:\/\/zoosalis.lv\/lt\/furminatorius-undercoat-deshedding-toy-dog-ilgaplaukiams-sunims-xs\/","og_site_name":"Dz\u012bvnieku produkti","article_publisher":"https:\/\/www.facebook.com\/zooprekesjums\/","article_modified_time":"2025-04-08T08:31:16+00:00","og_image":[{"width":1537,"height":337,"url":"https:\/\/zoosalis.lv\/wp-content\/uploads\/2024\/02\/Group-62.png","type":"image\/png"}],"twitter_card":"summary_large_image","twitter_misc":{"Est. reading time":"1 minut\u0117"},"schema":{"@context":"https:\/\/schema.org","@graph":[{"@type":"WebPage","@id":"https:\/\/zoosalis.lv\/furminatorius-undercoat-deshedding-toy-dog-ilgaplaukiams-sunims-xs\/","url":"https:\/\/zoosalis.lv\/furminatorius-undercoat-deshedding-toy-dog-ilgaplaukiams-sunims-xs\/","name":"Furminatorius Undercoat deShedding Toy Dog ilgaplaukiams \u0161unims, XS | Dz\u012bvnieku produkti","isPartOf":{"@id":"https:\/\/zoosalis.lv\/#website"},"primaryImageOfPage":{"@id":"https:\/\/zoosalis.lv\/furminatorius-undercoat-deshedding-toy-dog-ilgaplaukiams-sunims-xs\/#primaryimage"},"image":{"@id":"https:\/\/zoosalis.lv\/furminatorius-undercoat-deshedding-toy-dog-ilgaplaukiams-sunims-xs\/#primaryimage"},"thumbnailUrl":"https:\/\/zoosalis.lv\/wp-content\/uploads\/2025\/04\/furminatorius-undercoat-deshedding-toy-dog-ilgaplaukiams-sunims-kaina_reference.webp","datePublished":"2025-04-08T08:29:21+00:00","dateModified":"2025-04-08T08:31:16+00:00","breadcrumb":{"@id":"https:\/\/zoosalis.lv\/furminatorius-undercoat-deshedding-toy-dog-ilgaplaukiams-sunims-xs\/#breadcrumb"},"inLanguage":"lt-LT","potentialAction":[{"@type":"ReadAction","target":["https:\/\/zoosalis.lv\/furminatorius-undercoat-deshedding-toy-dog-ilgaplaukiams-sunims-xs\/"]}]},{"@type":"ImageObject","inLanguage":"lt-LT","@id":"https:\/\/zoosalis.lv\/furminatorius-undercoat-deshedding-toy-dog-ilgaplaukiams-sunims-xs\/#primaryimage","url":"https:\/\/zoosalis.lv\/wp-content\/uploads\/2025\/04\/furminatorius-undercoat-deshedding-toy-dog-ilgaplaukiams-sunims-kaina_reference.webp","contentUrl":"https:\/\/zoosalis.lv\/wp-content\/uploads\/2025\/04\/furminatorius-undercoat-deshedding-toy-dog-ilgaplaukiams-sunims-kaina_reference.webp","width":600,"height":600},{"@type":"BreadcrumbList","@id":"https:\/\/zoosalis.lv\/furminatorius-undercoat-deshedding-toy-dog-ilgaplaukiams-sunims-xs\/#breadcrumb","itemListElement":[{"@type":"ListItem","position":1,"name":"Home","item":"https:\/\/zoosalis.lv\/"},{"@type":"ListItem","position":2,"name":"Parduotuv\u0117","item":"https:\/\/zoosalis.lv\/parduotuve\/"},{"@type":"ListItem","position":3,"name":"Furminatorius Undercoat deShedding Toy Dog ilgaplaukiams \u0161unims, XS"}]},{"@type":"WebSite","@id":"https:\/\/zoosalis.lv\/#website","url":"https:\/\/zoosalis.lv\/","name":"Dz\u012bvnieku produkti","description":"zoo\u0161alis.lt","publisher":{"@id":"https:\/\/zoosalis.lv\/#organization"},"potentialAction":[{"@type":"SearchAction","target":{"@type":"EntryPoint","urlTemplate":"https:\/\/zoosalis.lv\/?s={search_term_string}"},"query-input":{"@type":"PropertyValueSpecification","valueRequired":true,"valueName":"search_term_string"}}],"inLanguage":"lt-LT"},{"@type":"Organization","@id":"https:\/\/zoosalis.lv\/#organization","name":"Zoo\u0161alis.lt","url":"https:\/\/zoosalis.lv\/","logo":{"@type":"ImageObject","inLanguage":"lt-LT","@id":"https:\/\/zoosalis.lv\/#\/schema\/logo\/image\/","url":"https:\/\/zoosalis.lv\/wp-content\/uploads\/2024\/02\/Group-62.png","contentUrl":"https:\/\/zoosalis.lv\/wp-content\/uploads\/2024\/02\/Group-62.png","width":1537,"height":337,"caption":"Zoo\u0161alis.lt"},"image":{"@id":"https:\/\/zoosalis.lv\/#\/schema\/logo\/image\/"},"sameAs":["https:\/\/www.facebook.com\/zooprekesjums\/"]}]}},"_links":{"self":[{"href":"https:\/\/zoosalis.lv\/lt\/wp-json\/wp\/v2\/product\/23392"}],"collection":[{"href":"https:\/\/zoosalis.lv\/lt\/wp-json\/wp\/v2\/product"}],"about":[{"href":"https:\/\/zoosalis.lv\/lt\/wp-json\/wp\/v2\/types\/product"}],"replies":[{"embeddable":true,"href":"https:\/\/zoosalis.lv\/lt\/wp-json\/wp\/v2\/comments?post=23392"}],"wp:featuredmedia":[{"embeddable":true,"href":"https:\/\/zoosalis.lv\/lt\/wp-json\/wp\/v2\/media\/23465"}],"wp:attachment":[{"href":"https:\/\/zoosalis.lv\/lt\/wp-json\/wp\/v2\/media?parent=23392"}],"wp:term":[{"taxonomy":"product_brand","embeddable":true,"href":"https:\/\/zoosalis.lv\/lt\/wp-json\/wp\/v2\/product_brand?post=23392"},{"taxonomy":"product_cat","embeddable":true,"href":"https:\/\/zoosalis.lv\/lt\/wp-json\/wp\/v2\/product_cat?post=23392"},{"taxonomy":"product_tag","embeddable":true,"href":"https:\/\/zoosalis.lv\/lt\/wp-json\/wp\/v2\/product_tag?post=23392"}],"curies":[{"name":"wp","href":"https:\/\/api.w.org\/{rel}","templated":true}]}}