{"id":23444,"date":"2025-04-08T08:30:28","date_gmt":"2025-04-08T08:30:28","guid":{"rendered":"https:\/\/zoosalis.lv\/?post_type=product&#038;p=23444"},"modified":"2025-04-08T08:32:11","modified_gmt":"2025-04-08T08:32:11","slug":"gimcat-kitten-paste-expert-line-pasta-jauniems-kaciukams-50-gr","status":"publish","type":"product","link":"https:\/\/zoosalis.lv\/lt\/gimcat-kitten-paste-expert-line-pasta-jauniems-kaciukams-50-gr\/","title":{"rendered":"GIMCAT KITTEN PASTE EXPERT LINE Pasta Jauniems Ka\u010diukams, 50 Gr"},"content":{"rendered":"<p>Papildomas \u0117dalas ka\u010diukams nuo 6 sav. am\u017eiaus. Padeda stimuliuoti augim\u0105, sveik\u0173 kaul\u0173, imunin\u0117s sistemos ir l\u0105steli\u0173 vystym\u0105si.GIMPET KITTEN PASTE sud\u0117tyje yra 12 gyvybi\u0161kai svarbi\u0173 vitamin\u0173, mikro ir makro element\u0173 stipriai imuninei sistemai. Optimalus kalcio\/fosforo santykis padeda paskatinti augim\u0105 ir tvirtus kaulus. Lin\u0173 s\u0117men\u0173 aliejus ir \u017euv\u0173 taukai sveik\u0173 l\u0105steli\u0173 apsaugai, taurinas padeda i\u0161saugoti reg\u0117jimo a\u0161trum\u0105 ir palaikyti \u0161irdies funkcij\u0105. Kiau\u0161inio trynys apr\u016bpina b\u016btina arachidono r\u016bg\u0161timi.<br \/>\nAugdamas kat\u0117s organizmas dirba visu paj\u0117gumu. Kad kat\u0117s tapt\u0173 didel\u0117s ir stiprios, joms reikia daug baltym\u0173, vitamin\u0173 ir mineral\u0173. Visi \u0161ie elementai prisideda prie sveikos imunin\u0117s sistemos ir stipri\u0173 kaul\u0173. \u201eGimCat Kitten Paste\u201c palaiko ka\u010diuk\u0173 poreikius nuo j\u0173 \u0161e\u0161tosios gyvenimo savait\u0117s:<\/p>\n<p>Optimalus kalcio ir fosforo santykis, skatinantis augim\u0105 ir kaul\u0173 formavim\u0105si<br \/>\n2 vitaminai, mikroelementai ir mineralai imuninei sistemai palaikyti<br \/>\nS\u0117men\u0173 aliejus ir \u017euv\u0173 taukai sveikai l\u0105steli\u0173 apsaugai<br \/>\nSalyklai ir aliejai palengvina praryt\u0105 kail\u012f ir palaiko vir\u0161kinimo sistem\u0105<br \/>\nTaurinas reg\u0117jimui ir \u0161irdies funkcijai stiprinti<br \/>\nKiau\u0161inio trynys atitinka pagrindinius arachidono r\u016bg\u0161ties reikalavimus<\/p>\n","protected":false},"excerpt":{"rendered":"<p>Papildomas \u0117dalas ka\u010diukams nuo 6 sav. am\u017eiaus. Padeda stimuliuoti augim\u0105, sveik\u0173 kaul\u0173, imunin\u0117s sistemos ir l\u0105steli\u0173 vystym\u0105si.GIMPET KITTEN PASTE sud\u0117tyje yra 12 gyvybi\u0161kai svarbi\u0173 vitamin\u0173, mikro ir makro element\u0173 stipriai imuninei sistemai. Optimalus kalcio\/fosforo santykis padeda paskatinti augim\u0105 ir tvirtus kaulus. Lin\u0173 s\u0117men\u0173 aliejus ir \u017euv\u0173 taukai sveik\u0173 l\u0105steli\u0173 apsaugai, taurinas padeda i\u0161saugoti reg\u0117jimo a\u0161trum\u0105 [&hellip;]<\/p>\n","protected":false},"featured_media":23496,"comment_status":"closed","ping_status":"closed","template":"","meta":{"_acf_changed":false,"_monsterinsights_skip_tracking":false,"_monsterinsights_sitenote_active":false,"_monsterinsights_sitenote_note":"","_monsterinsights_sitenote_category":0},"product_brand":[],"product_cat":[870,909],"product_tag":[],"class_list":{"0":"post-23444","1":"product","2":"type-product","3":"status-publish","4":"has-post-thumbnail","6":"product_cat-maistas-katems","7":"product_cat-vitaminai-katems","9":"first","10":"instock","11":"shipping-taxable","12":"purchasable","13":"product-type-simple"},"acf":[],"aioseo_notices":[],"yoast_head":"<!-- This site is optimized with the Yoast SEO plugin v24.8.1 - https:\/\/yoast.com\/wordpress\/plugins\/seo\/ -->\n<title>GIMCAT KITTEN PASTE EXPERT LINE Pasta Jauniems Ka\u010diukams, 50 Gr | Dz\u012bvnieku produkti<\/title>\n<meta name=\"robots\" content=\"index, follow, max-snippet:-1, max-image-preview:large, max-video-preview:-1\" \/>\n<link rel=\"canonical\" href=\"https:\/\/zoosalis.lv\/lt\/gimcat-kitten-paste-expert-line-pasta-jauniems-kaciukams-50-gr\/\" \/>\n<meta property=\"og:locale\" content=\"lt_LT\" \/>\n<meta property=\"og:type\" content=\"article\" \/>\n<meta property=\"og:title\" content=\"GIMCAT KITTEN PASTE EXPERT LINE Pasta Jauniems Ka\u010diukams, 50 Gr | Dz\u012bvnieku produkti\" \/>\n<meta property=\"og:description\" content=\"Papildomas \u0117dalas ka\u010diukams nuo 6 sav. am\u017eiaus. Padeda stimuliuoti augim\u0105, sveik\u0173 kaul\u0173, imunin\u0117s sistemos ir l\u0105steli\u0173 vystym\u0105si.GIMPET KITTEN PASTE sud\u0117tyje yra 12 gyvybi\u0161kai svarbi\u0173 vitamin\u0173, mikro ir makro element\u0173 stipriai imuninei sistemai. Optimalus kalcio\/fosforo santykis padeda paskatinti augim\u0105 ir tvirtus kaulus. Lin\u0173 s\u0117men\u0173 aliejus ir \u017euv\u0173 taukai sveik\u0173 l\u0105steli\u0173 apsaugai, taurinas padeda i\u0161saugoti reg\u0117jimo a\u0161trum\u0105 [&hellip;]\" \/>\n<meta property=\"og:url\" content=\"https:\/\/zoosalis.lv\/lt\/gimcat-kitten-paste-expert-line-pasta-jauniems-kaciukams-50-gr\/\" \/>\n<meta property=\"og:site_name\" content=\"Dz\u012bvnieku produkti\" \/>\n<meta property=\"article:publisher\" content=\"https:\/\/www.facebook.com\/zooprekesjums\/\" \/>\n<meta property=\"article:modified_time\" content=\"2025-04-08T08:32:11+00:00\" \/>\n<meta property=\"og:image\" content=\"https:\/\/zoosalis.lv\/wp-content\/uploads\/2024\/02\/Group-62.png\" \/>\n\t<meta property=\"og:image:width\" content=\"1537\" \/>\n\t<meta property=\"og:image:height\" content=\"337\" \/>\n\t<meta property=\"og:image:type\" content=\"image\/png\" \/>\n<meta name=\"twitter:card\" content=\"summary_large_image\" \/>\n<meta name=\"twitter:label1\" content=\"Est. reading time\" \/>\n\t<meta name=\"twitter:data1\" content=\"1 minut\u0117\" \/>\n<script type=\"application\/ld+json\" class=\"yoast-schema-graph\">{\"@context\":\"https:\/\/schema.org\",\"@graph\":[{\"@type\":\"WebPage\",\"@id\":\"https:\/\/zoosalis.lv\/gimcat-kitten-paste-expert-line-pasta-jauniems-kaciukams-50-gr\/\",\"url\":\"https:\/\/zoosalis.lv\/gimcat-kitten-paste-expert-line-pasta-jauniems-kaciukams-50-gr\/\",\"name\":\"GIMCAT KITTEN PASTE EXPERT LINE Pasta Jauniems Ka\u010diukams, 50 Gr | Dz\u012bvnieku produkti\",\"isPartOf\":{\"@id\":\"https:\/\/zoosalis.lv\/#website\"},\"primaryImageOfPage\":{\"@id\":\"https:\/\/zoosalis.lv\/gimcat-kitten-paste-expert-line-pasta-jauniems-kaciukams-50-gr\/#primaryimage\"},\"image\":{\"@id\":\"https:\/\/zoosalis.lv\/gimcat-kitten-paste-expert-line-pasta-jauniems-kaciukams-50-gr\/#primaryimage\"},\"thumbnailUrl\":\"https:\/\/zoosalis.lv\/wp-content\/uploads\/2025\/04\/gimcat-kitten-paste-expert-line-pasta-jauniems-kaciukams-50-gr.jpg\",\"datePublished\":\"2025-04-08T08:30:28+00:00\",\"dateModified\":\"2025-04-08T08:32:11+00:00\",\"breadcrumb\":{\"@id\":\"https:\/\/zoosalis.lv\/gimcat-kitten-paste-expert-line-pasta-jauniems-kaciukams-50-gr\/#breadcrumb\"},\"inLanguage\":\"lt-LT\",\"potentialAction\":[{\"@type\":\"ReadAction\",\"target\":[\"https:\/\/zoosalis.lv\/gimcat-kitten-paste-expert-line-pasta-jauniems-kaciukams-50-gr\/\"]}]},{\"@type\":\"ImageObject\",\"inLanguage\":\"lt-LT\",\"@id\":\"https:\/\/zoosalis.lv\/gimcat-kitten-paste-expert-line-pasta-jauniems-kaciukams-50-gr\/#primaryimage\",\"url\":\"https:\/\/zoosalis.lv\/wp-content\/uploads\/2025\/04\/gimcat-kitten-paste-expert-line-pasta-jauniems-kaciukams-50-gr.jpg\",\"contentUrl\":\"https:\/\/zoosalis.lv\/wp-content\/uploads\/2025\/04\/gimcat-kitten-paste-expert-line-pasta-jauniems-kaciukams-50-gr.jpg\",\"width\":1000,\"height\":1000},{\"@type\":\"BreadcrumbList\",\"@id\":\"https:\/\/zoosalis.lv\/gimcat-kitten-paste-expert-line-pasta-jauniems-kaciukams-50-gr\/#breadcrumb\",\"itemListElement\":[{\"@type\":\"ListItem\",\"position\":1,\"name\":\"Home\",\"item\":\"https:\/\/zoosalis.lv\/\"},{\"@type\":\"ListItem\",\"position\":2,\"name\":\"Parduotuv\u0117\",\"item\":\"https:\/\/zoosalis.lv\/parduotuve\/\"},{\"@type\":\"ListItem\",\"position\":3,\"name\":\"GIMCAT KITTEN PASTE EXPERT LINE Pasta Jauniems Ka\u010diukams, 50 Gr\"}]},{\"@type\":\"WebSite\",\"@id\":\"https:\/\/zoosalis.lv\/#website\",\"url\":\"https:\/\/zoosalis.lv\/\",\"name\":\"Dz\u012bvnieku produkti\",\"description\":\"zoo\u0161alis.lt\",\"publisher\":{\"@id\":\"https:\/\/zoosalis.lv\/#organization\"},\"potentialAction\":[{\"@type\":\"SearchAction\",\"target\":{\"@type\":\"EntryPoint\",\"urlTemplate\":\"https:\/\/zoosalis.lv\/?s={search_term_string}\"},\"query-input\":{\"@type\":\"PropertyValueSpecification\",\"valueRequired\":true,\"valueName\":\"search_term_string\"}}],\"inLanguage\":\"lt-LT\"},{\"@type\":\"Organization\",\"@id\":\"https:\/\/zoosalis.lv\/#organization\",\"name\":\"Zoo\u0161alis.lt\",\"url\":\"https:\/\/zoosalis.lv\/\",\"logo\":{\"@type\":\"ImageObject\",\"inLanguage\":\"lt-LT\",\"@id\":\"https:\/\/zoosalis.lv\/#\/schema\/logo\/image\/\",\"url\":\"https:\/\/zoosalis.lv\/wp-content\/uploads\/2024\/02\/Group-62.png\",\"contentUrl\":\"https:\/\/zoosalis.lv\/wp-content\/uploads\/2024\/02\/Group-62.png\",\"width\":1537,\"height\":337,\"caption\":\"Zoo\u0161alis.lt\"},\"image\":{\"@id\":\"https:\/\/zoosalis.lv\/#\/schema\/logo\/image\/\"},\"sameAs\":[\"https:\/\/www.facebook.com\/zooprekesjums\/\"]}]}<\/script>\n<!-- \/ Yoast SEO plugin. -->","yoast_head_json":{"title":"GIMCAT KITTEN PASTE EXPERT LINE Pasta Jauniems Ka\u010diukams, 50 Gr | Dz\u012bvnieku produkti","robots":{"index":"index","follow":"follow","max-snippet":"max-snippet:-1","max-image-preview":"max-image-preview:large","max-video-preview":"max-video-preview:-1"},"canonical":"https:\/\/zoosalis.lv\/lt\/gimcat-kitten-paste-expert-line-pasta-jauniems-kaciukams-50-gr\/","og_locale":"lt_LT","og_type":"article","og_title":"GIMCAT KITTEN PASTE EXPERT LINE Pasta Jauniems Ka\u010diukams, 50 Gr | Dz\u012bvnieku produkti","og_description":"Papildomas \u0117dalas ka\u010diukams nuo 6 sav. am\u017eiaus. Padeda stimuliuoti augim\u0105, sveik\u0173 kaul\u0173, imunin\u0117s sistemos ir l\u0105steli\u0173 vystym\u0105si.GIMPET KITTEN PASTE sud\u0117tyje yra 12 gyvybi\u0161kai svarbi\u0173 vitamin\u0173, mikro ir makro element\u0173 stipriai imuninei sistemai. Optimalus kalcio\/fosforo santykis padeda paskatinti augim\u0105 ir tvirtus kaulus. Lin\u0173 s\u0117men\u0173 aliejus ir \u017euv\u0173 taukai sveik\u0173 l\u0105steli\u0173 apsaugai, taurinas padeda i\u0161saugoti reg\u0117jimo a\u0161trum\u0105 [&hellip;]","og_url":"https:\/\/zoosalis.lv\/lt\/gimcat-kitten-paste-expert-line-pasta-jauniems-kaciukams-50-gr\/","og_site_name":"Dz\u012bvnieku produkti","article_publisher":"https:\/\/www.facebook.com\/zooprekesjums\/","article_modified_time":"2025-04-08T08:32:11+00:00","og_image":[{"width":1537,"height":337,"url":"https:\/\/zoosalis.lv\/wp-content\/uploads\/2024\/02\/Group-62.png","type":"image\/png"}],"twitter_card":"summary_large_image","twitter_misc":{"Est. reading time":"1 minut\u0117"},"schema":{"@context":"https:\/\/schema.org","@graph":[{"@type":"WebPage","@id":"https:\/\/zoosalis.lv\/gimcat-kitten-paste-expert-line-pasta-jauniems-kaciukams-50-gr\/","url":"https:\/\/zoosalis.lv\/gimcat-kitten-paste-expert-line-pasta-jauniems-kaciukams-50-gr\/","name":"GIMCAT KITTEN PASTE EXPERT LINE Pasta Jauniems Ka\u010diukams, 50 Gr | Dz\u012bvnieku produkti","isPartOf":{"@id":"https:\/\/zoosalis.lv\/#website"},"primaryImageOfPage":{"@id":"https:\/\/zoosalis.lv\/gimcat-kitten-paste-expert-line-pasta-jauniems-kaciukams-50-gr\/#primaryimage"},"image":{"@id":"https:\/\/zoosalis.lv\/gimcat-kitten-paste-expert-line-pasta-jauniems-kaciukams-50-gr\/#primaryimage"},"thumbnailUrl":"https:\/\/zoosalis.lv\/wp-content\/uploads\/2025\/04\/gimcat-kitten-paste-expert-line-pasta-jauniems-kaciukams-50-gr.jpg","datePublished":"2025-04-08T08:30:28+00:00","dateModified":"2025-04-08T08:32:11+00:00","breadcrumb":{"@id":"https:\/\/zoosalis.lv\/gimcat-kitten-paste-expert-line-pasta-jauniems-kaciukams-50-gr\/#breadcrumb"},"inLanguage":"lt-LT","potentialAction":[{"@type":"ReadAction","target":["https:\/\/zoosalis.lv\/gimcat-kitten-paste-expert-line-pasta-jauniems-kaciukams-50-gr\/"]}]},{"@type":"ImageObject","inLanguage":"lt-LT","@id":"https:\/\/zoosalis.lv\/gimcat-kitten-paste-expert-line-pasta-jauniems-kaciukams-50-gr\/#primaryimage","url":"https:\/\/zoosalis.lv\/wp-content\/uploads\/2025\/04\/gimcat-kitten-paste-expert-line-pasta-jauniems-kaciukams-50-gr.jpg","contentUrl":"https:\/\/zoosalis.lv\/wp-content\/uploads\/2025\/04\/gimcat-kitten-paste-expert-line-pasta-jauniems-kaciukams-50-gr.jpg","width":1000,"height":1000},{"@type":"BreadcrumbList","@id":"https:\/\/zoosalis.lv\/gimcat-kitten-paste-expert-line-pasta-jauniems-kaciukams-50-gr\/#breadcrumb","itemListElement":[{"@type":"ListItem","position":1,"name":"Home","item":"https:\/\/zoosalis.lv\/"},{"@type":"ListItem","position":2,"name":"Parduotuv\u0117","item":"https:\/\/zoosalis.lv\/parduotuve\/"},{"@type":"ListItem","position":3,"name":"GIMCAT KITTEN PASTE EXPERT LINE Pasta Jauniems Ka\u010diukams, 50 Gr"}]},{"@type":"WebSite","@id":"https:\/\/zoosalis.lv\/#website","url":"https:\/\/zoosalis.lv\/","name":"Dz\u012bvnieku produkti","description":"zoo\u0161alis.lt","publisher":{"@id":"https:\/\/zoosalis.lv\/#organization"},"potentialAction":[{"@type":"SearchAction","target":{"@type":"EntryPoint","urlTemplate":"https:\/\/zoosalis.lv\/?s={search_term_string}"},"query-input":{"@type":"PropertyValueSpecification","valueRequired":true,"valueName":"search_term_string"}}],"inLanguage":"lt-LT"},{"@type":"Organization","@id":"https:\/\/zoosalis.lv\/#organization","name":"Zoo\u0161alis.lt","url":"https:\/\/zoosalis.lv\/","logo":{"@type":"ImageObject","inLanguage":"lt-LT","@id":"https:\/\/zoosalis.lv\/#\/schema\/logo\/image\/","url":"https:\/\/zoosalis.lv\/wp-content\/uploads\/2024\/02\/Group-62.png","contentUrl":"https:\/\/zoosalis.lv\/wp-content\/uploads\/2024\/02\/Group-62.png","width":1537,"height":337,"caption":"Zoo\u0161alis.lt"},"image":{"@id":"https:\/\/zoosalis.lv\/#\/schema\/logo\/image\/"},"sameAs":["https:\/\/www.facebook.com\/zooprekesjums\/"]}]}},"_links":{"self":[{"href":"https:\/\/zoosalis.lv\/lt\/wp-json\/wp\/v2\/product\/23444"}],"collection":[{"href":"https:\/\/zoosalis.lv\/lt\/wp-json\/wp\/v2\/product"}],"about":[{"href":"https:\/\/zoosalis.lv\/lt\/wp-json\/wp\/v2\/types\/product"}],"replies":[{"embeddable":true,"href":"https:\/\/zoosalis.lv\/lt\/wp-json\/wp\/v2\/comments?post=23444"}],"wp:featuredmedia":[{"embeddable":true,"href":"https:\/\/zoosalis.lv\/lt\/wp-json\/wp\/v2\/media\/23496"}],"wp:attachment":[{"href":"https:\/\/zoosalis.lv\/lt\/wp-json\/wp\/v2\/media?parent=23444"}],"wp:term":[{"taxonomy":"product_brand","embeddable":true,"href":"https:\/\/zoosalis.lv\/lt\/wp-json\/wp\/v2\/product_brand?post=23444"},{"taxonomy":"product_cat","embeddable":true,"href":"https:\/\/zoosalis.lv\/lt\/wp-json\/wp\/v2\/product_cat?post=23444"},{"taxonomy":"product_tag","embeddable":true,"href":"https:\/\/zoosalis.lv\/lt\/wp-json\/wp\/v2\/product_tag?post=23444"}],"curies":[{"name":"wp","href":"https:\/\/api.w.org\/{rel}","templated":true}]}}