{"id":23539,"date":"2025-04-08T08:33:07","date_gmt":"2025-04-08T08:33:07","guid":{"rendered":"https:\/\/zoosalis.lv\/?post_type=product&#038;p=23539"},"modified":"2025-04-08T08:34:23","modified_gmt":"2025-04-08T08:34:23","slug":"josera-high-energy-sausas-maistas-sunims-125-kg","status":"publish","type":"product","link":"https:\/\/zoosalis.lv\/lt\/josera-high-energy-sausas-maistas-sunims-125-kg\/","title":{"rendered":"Josera High Energy sausas maistas \u0161unims 12,5 kg"},"content":{"rendered":"<p>Suteikia energijos, j\u0117g\u0173 ir i\u0161tverm\u0117s<\/p>\n<p>Josera High Energy &#8211; specialiai subalansuotas pa\u0161aras sportiniams, med\u017eiokliniams ir labai aktyviems suaugusiems \u0161unims. Ypatingai didesn\u0117s maistin\u0117s vert\u0117s ir auk\u0161tesn\u0117s kokyb\u0117s pa\u0161aro reikia \u0161unims aktyvi\u0173 treniruo\u010di\u0173 ar var\u017eyb\u0173 metu.<\/p>\n<p>         Didesn\u0117 energetin\u0117 vert\u0117 ir baltym\u0173 kiekis geresniems rezultatams bei i\u0161tvermei<br \/>\n         L-karnitinas ir taurinas gerina \u0161irdies veikl\u0105<br \/>\n         I\u0161rankiems ir per ma\u017e\u0105 svor\u012f turintiems suaugusiems \u0161unims<br \/>\n         Tinkamas \u017eindan\u010dioms kal\u0117ms<br \/>\nVisavertis pa\u0161aras suaugusiems \u0161unims.<\/p>\n<p>Pakuot\u0117<br \/>\n15 kg<\/p>\n<p>Gyvybingumui<br \/>\nVertingi antioksidantai apsaugo nuo fizin\u0117s veiklos metu susiformuojan\u010di\u0173 laisv\u0173j\u0173 radikal\u0173 \u012ftakos. L-karnitinas skatina riebal\u0173 apykait\u0105, tod\u0117l k\u016bnas lengviau pasisavina energij\u0105.<\/p>\n<p>Skeleto vystymuisi<br \/>\nTinkamai subalansuotas kalcio bei fosforo santykis, vitaminas C ir lengvai \u012fsisavinami manganas bei varis u\u017etikrina tvirtos kaul\u0173 strukt\u016bros ir sveik\u0173 s\u0105nari\u0173 vystym\u0105si.<\/p>\n<p>Sveikai \u0161ird\u017eiai<br \/>\nL-karnitinas ir taurinas gerina \u0161irdies veikl\u0105.<\/p>\n<p>Sud\u0117tis<br \/>\nSausi pauk\u0161tienos baltymai; viso gr\u016bdo kukur\u016bzai; pauk\u0161tienos riebalai; ry\u017eiai; cukrini\u0173 runkeli\u0173 miltai; d\u017eiovinta la\u0161i\u0161a; hidrolizuoti pauk\u0161tienos baltymai; mineralai; cikorijos miltai; d\u017eiovinta Naujosios Zelandijos \u017eali\u0173j\u0173 moliusk\u0173 (Perna canaliculus) m\u0117sa.<\/p>\n<p>Vienam gyv\u016bnui rekomenduojamas paros \u0117dalo kiekis<br \/>\nNurodytas kiekis apskai\u010diuotas pagal suaugusio \u0161uns svor\u012f.<\/p>\n<p>\u017dindanti kal\u0117: jei reikia, \u0117dalo turi b\u016bti visuomet, nes kal\u0117s maitinimosi poreikis priklauso nuo \u017eindom\u0173 \u0161uniuk\u0173 skai\u010diaus ir pieno gaminimosi.<\/p>\n<p>N\u0117\u0161\u010dia kal\u0117: paskutiniame n\u0117\u0161tumo trimestre maitinimosi poreikis priklauso nuo veisl\u0117s ir vados dyd\u017eio. Ta\u010diau b\u016btina neleisti kalei persi\u0117sti, nes gali kilti gimdymo ir \u017eindymo komplikacij\u0173.<br \/>\nGamintojas<br \/>\nMes \u201eJOSERA\u201c esame \u0161eimos kompanija gaminanti auk\u0161\u010diausius kokyb\u0117s standartus atitinkan\u010dius namini\u0173 gyv\u016bn\u0173 pa\u0161arus Vokietijoje, Bavarijos regione. Remiantis savo 80 met\u0173 patirtimi pa\u0161ar\u0173 gamyboje mes suk\u016br\u0117me plat\u0173 asortiment\u0105 J\u016bs\u0173 keturkojams, kuriame rasite puikaus pa\u0161aro visiems gyvenimo etapams. \u012esitikinkite tuo patys.<\/p>\n<p>\u201eJOSERA\u201c kokyb\u0117s garantija<\/p>\n<p>Produkt\u0173 k\u016brimas. J\u016bs\u0173 numyl\u0117tiniams \u2013 tik geriausia. Vertingas namini\u0173 gyv\u016bn\u0173 pa\u0161aras J\u016bs\u0173 keturkojams turi b\u016bti ne tik skanus, bet ir gerai \u012fsisavinamas bei atitikti j\u0173 individualius poreikius. Tod\u0117l vertingas m\u016bs\u0173 produkt\u0173 recept\u016bras pagal naujausias \u017einias kuria dietolog\u0173 bei moksle ir praktikoje dirban\u010di\u0173 specialist\u0173 komanda. M\u016bs\u0173 ekspertai visada domisi pasaulin\u0117mis gyv\u016bn\u0173 mitybos tendencijomis ir \u012f savo recept\u016bras \u012ftraukia naujausius pripa\u017eint\u0173 gyv\u016bn\u0173 mitybos mokslinink\u0173 atradimus.<\/p>\n<p>Geriausios \u017ealiavos \u2013 kokyb\u0117s pagrindas. Auk\u0161\u010diausia kokyb\u0117 m\u016bs\u0173 gamyboje prasideda atid\u017eiai atsirenkant sud\u0117tines med\u017eiagas. Tod\u0117l savo auk\u0161tos kokyb\u0117s \u0161un\u0173, ka\u010di\u0173 bei arkli\u0173 pa\u0161arui naudojame tik vertingiausius, nat\u016bralius ir sveikus ingredientus. Atsisakome geneti\u0161kai modifikuot\u0173 \u017ealiav\u0173, taip pat nenaudojame kvie\u010di\u0173, soj\u0173 bei dirbtini\u0173 da\u017eikli\u0173, kvapikli\u0173 ir konservavimo med\u017eiag\u0173. M\u016bs\u0173 atrinkti \u017ealiav\u0173 tiek\u0117jai u\u017etikrina tai, o patys reguliariai tikriname \u017ealiavas bei pagamint\u0105 produkcij\u0105 m\u016bs\u0173 nuosavoje, akredituotoje laboratorijoje. M\u016bs\u0173 pa\u0161aruose naudojama m\u0117sa yra i\u0161gaunama tik i\u0161 gyvuli\u0173, kurie tinka \u017emoni\u0173 mitybai. Saugodami laukini\u0173 \u017euv\u0173 i\u0161teklius savo gaminiuose naudojame la\u0161i\u0161as i\u0161 vandenis tausojan\u010dios Europos akvakult\u016bros. Be to, stengiam\u0117s naudoti vietines \u017ealiavas gamindami \u201eJOSERA\u201c auk\u0161tos kokyb\u0117s gyv\u016bn\u0173 pa\u0161ar\u0105.<\/p>\n<p>Saugumas u\u017etikrinamas \u201eJOSERA\u201c laboratorijoje. \u201eJOSERA\u201c garantuoja nepriekai\u0161ting\u0105 produkt\u0173 kokyb\u0119. Tod\u0117l prie\u0161 apdorojim\u0105 tikriname, ar visos \u017ealiavos atitinka grie\u017e\u010diausius kriterijus ir auk\u0161\u010diausius kokyb\u0117s standartus savo nuosavoje, akredituotoje laboratorijoje. Be to, pagaminti gaminiai prie\u0161 i\u0161siun\u010diant i\u0161 gamyklos tikrinami dar kart\u0105. Nuo pat m\u016bs\u0173 \u012fmon\u0117s steigimo, kurdami gyv\u016bn\u0173 pa\u0161ar\u0105 nevykdome joki\u0173 bandym\u0173 su gyv\u016bnais. <\/p>\n<p>Tvarumas visame gamybos procese. Kasdien dirbame jausdami didel\u0119 atsakomyb\u0119 \u017emon\u0117ms, gyv\u016bnams, aplinkai ir b\u016bsimoms kartoms, tod\u0117l visus tvarumo aspektus \u2013 taupum\u0105, ekologij\u0105 ir \u017emones sujung\u0117me siekdami vieno konkretaus tikslo \u2013 iki 2020 m. pl\u0117toti savo veikl\u0105 visai nekenkiant klimatui. Tam, kad pasiekti \u0161\u012f tiksl\u0105, savo tvarumo strategijoje \u012ftvirtinome siek\u012f kompensuoti vis\u0105 d\u0117l m\u016bs\u0173 gamini\u0173 atsiradusi\u0105 CO2 emisij\u0105. Bendradarbiaudami su \u201eCarbon Tanzania\u201c ir \u201emyclimate\u201c, aktyviai dalyvaudami kaip partneriai, remiame \u201eNtakata Mountains\u201c mi\u0161k\u0173 i\u0161saugojimo projekt\u0105.<\/p>\n","protected":false},"excerpt":{"rendered":"<p>Suteikia energijos, j\u0117g\u0173 ir i\u0161tverm\u0117s Josera High Energy &#8211; specialiai subalansuotas pa\u0161aras sportiniams, med\u017eiokliniams ir labai aktyviems suaugusiems \u0161unims. Ypatingai didesn\u0117s maistin\u0117s vert\u0117s ir auk\u0161tesn\u0117s kokyb\u0117s pa\u0161aro reikia \u0161unims aktyvi\u0173 treniruo\u010di\u0173 ar var\u017eyb\u0173 metu. Didesn\u0117 energetin\u0117 vert\u0117 ir baltym\u0173 kiekis geresniems rezultatams bei i\u0161tvermei L-karnitinas ir taurinas gerina \u0161irdies veikl\u0105 I\u0161rankiems ir per ma\u017e\u0105 svor\u012f [&hellip;]<\/p>\n","protected":false},"featured_media":23592,"comment_status":"closed","ping_status":"closed","template":"","meta":{"_acf_changed":false,"_monsterinsights_skip_tracking":false,"_monsterinsights_sitenote_active":false,"_monsterinsights_sitenote_note":"","_monsterinsights_sitenote_category":0},"product_brand":[],"product_cat":[925,873,879,874],"product_tag":[],"class_list":{"0":"post-23539","1":"product","2":"type-product","3":"status-publish","4":"has-post-thumbnail","6":"product_cat-josera-sunu-maistas","7":"product_cat-prekes-sunims","8":"product_cat-sausas-maistas-sunims","9":"product_cat-sunu-maistas","11":"first","12":"instock","13":"shipping-taxable","14":"purchasable","15":"product-type-simple"},"acf":[],"aioseo_notices":[],"yoast_head":"<!-- This site is optimized with the Yoast SEO plugin v24.8.1 - https:\/\/yoast.com\/wordpress\/plugins\/seo\/ -->\n<title>Josera High Energy sausas maistas \u0161unims 12,5 kg | Dz\u012bvnieku produkti<\/title>\n<meta name=\"robots\" content=\"index, follow, max-snippet:-1, max-image-preview:large, max-video-preview:-1\" \/>\n<link rel=\"canonical\" href=\"https:\/\/zoosalis.lv\/lt\/josera-high-energy-sausas-maistas-sunims-125-kg\/\" \/>\n<meta property=\"og:locale\" content=\"lt_LT\" \/>\n<meta property=\"og:type\" content=\"article\" \/>\n<meta property=\"og:title\" content=\"Josera High Energy sausas maistas \u0161unims 12,5 kg | Dz\u012bvnieku produkti\" \/>\n<meta property=\"og:description\" content=\"Suteikia energijos, j\u0117g\u0173 ir i\u0161tverm\u0117s Josera High Energy &#8211; specialiai subalansuotas pa\u0161aras sportiniams, med\u017eiokliniams ir labai aktyviems suaugusiems \u0161unims. Ypatingai didesn\u0117s maistin\u0117s vert\u0117s ir auk\u0161tesn\u0117s kokyb\u0117s pa\u0161aro reikia \u0161unims aktyvi\u0173 treniruo\u010di\u0173 ar var\u017eyb\u0173 metu. Didesn\u0117 energetin\u0117 vert\u0117 ir baltym\u0173 kiekis geresniems rezultatams bei i\u0161tvermei L-karnitinas ir taurinas gerina \u0161irdies veikl\u0105 I\u0161rankiems ir per ma\u017e\u0105 svor\u012f [&hellip;]\" \/>\n<meta property=\"og:url\" content=\"https:\/\/zoosalis.lv\/lt\/josera-high-energy-sausas-maistas-sunims-125-kg\/\" \/>\n<meta property=\"og:site_name\" content=\"Dz\u012bvnieku produkti\" \/>\n<meta property=\"article:publisher\" content=\"https:\/\/www.facebook.com\/zooprekesjums\/\" \/>\n<meta property=\"article:modified_time\" content=\"2025-04-08T08:34:23+00:00\" \/>\n<meta property=\"og:image\" content=\"https:\/\/zoosalis.lv\/wp-content\/uploads\/2024\/02\/Group-62.png\" \/>\n\t<meta property=\"og:image:width\" content=\"1537\" \/>\n\t<meta property=\"og:image:height\" content=\"337\" \/>\n\t<meta property=\"og:image:type\" content=\"image\/png\" \/>\n<meta name=\"twitter:card\" content=\"summary_large_image\" \/>\n<meta name=\"twitter:label1\" content=\"Est. reading time\" \/>\n\t<meta name=\"twitter:data1\" content=\"3 minut\u0117s\" \/>\n<script type=\"application\/ld+json\" class=\"yoast-schema-graph\">{\"@context\":\"https:\/\/schema.org\",\"@graph\":[{\"@type\":\"WebPage\",\"@id\":\"https:\/\/zoosalis.lv\/josera-high-energy-sausas-maistas-sunims-125-kg\/\",\"url\":\"https:\/\/zoosalis.lv\/josera-high-energy-sausas-maistas-sunims-125-kg\/\",\"name\":\"Josera High Energy sausas maistas \u0161unims 12,5 kg | Dz\u012bvnieku produkti\",\"isPartOf\":{\"@id\":\"https:\/\/zoosalis.lv\/#website\"},\"primaryImageOfPage\":{\"@id\":\"https:\/\/zoosalis.lv\/josera-high-energy-sausas-maistas-sunims-125-kg\/#primaryimage\"},\"image\":{\"@id\":\"https:\/\/zoosalis.lv\/josera-high-energy-sausas-maistas-sunims-125-kg\/#primaryimage\"},\"thumbnailUrl\":\"https:\/\/zoosalis.lv\/wp-content\/uploads\/2025\/04\/josera-high-energy-sausas-maistas-sunims.jpg\",\"datePublished\":\"2025-04-08T08:33:07+00:00\",\"dateModified\":\"2025-04-08T08:34:23+00:00\",\"breadcrumb\":{\"@id\":\"https:\/\/zoosalis.lv\/josera-high-energy-sausas-maistas-sunims-125-kg\/#breadcrumb\"},\"inLanguage\":\"lt-LT\",\"potentialAction\":[{\"@type\":\"ReadAction\",\"target\":[\"https:\/\/zoosalis.lv\/josera-high-energy-sausas-maistas-sunims-125-kg\/\"]}]},{\"@type\":\"ImageObject\",\"inLanguage\":\"lt-LT\",\"@id\":\"https:\/\/zoosalis.lv\/josera-high-energy-sausas-maistas-sunims-125-kg\/#primaryimage\",\"url\":\"https:\/\/zoosalis.lv\/wp-content\/uploads\/2025\/04\/josera-high-energy-sausas-maistas-sunims.jpg\",\"contentUrl\":\"https:\/\/zoosalis.lv\/wp-content\/uploads\/2025\/04\/josera-high-energy-sausas-maistas-sunims.jpg\",\"width\":800,\"height\":800},{\"@type\":\"BreadcrumbList\",\"@id\":\"https:\/\/zoosalis.lv\/josera-high-energy-sausas-maistas-sunims-125-kg\/#breadcrumb\",\"itemListElement\":[{\"@type\":\"ListItem\",\"position\":1,\"name\":\"Home\",\"item\":\"https:\/\/zoosalis.lv\/\"},{\"@type\":\"ListItem\",\"position\":2,\"name\":\"Parduotuv\u0117\",\"item\":\"https:\/\/zoosalis.lv\/parduotuve\/\"},{\"@type\":\"ListItem\",\"position\":3,\"name\":\"Josera High Energy sausas maistas \u0161unims 12,5 kg\"}]},{\"@type\":\"WebSite\",\"@id\":\"https:\/\/zoosalis.lv\/#website\",\"url\":\"https:\/\/zoosalis.lv\/\",\"name\":\"Dz\u012bvnieku produkti\",\"description\":\"zoo\u0161alis.lt\",\"publisher\":{\"@id\":\"https:\/\/zoosalis.lv\/#organization\"},\"potentialAction\":[{\"@type\":\"SearchAction\",\"target\":{\"@type\":\"EntryPoint\",\"urlTemplate\":\"https:\/\/zoosalis.lv\/?s={search_term_string}\"},\"query-input\":{\"@type\":\"PropertyValueSpecification\",\"valueRequired\":true,\"valueName\":\"search_term_string\"}}],\"inLanguage\":\"lt-LT\"},{\"@type\":\"Organization\",\"@id\":\"https:\/\/zoosalis.lv\/#organization\",\"name\":\"Zoo\u0161alis.lt\",\"url\":\"https:\/\/zoosalis.lv\/\",\"logo\":{\"@type\":\"ImageObject\",\"inLanguage\":\"lt-LT\",\"@id\":\"https:\/\/zoosalis.lv\/#\/schema\/logo\/image\/\",\"url\":\"https:\/\/zoosalis.lv\/wp-content\/uploads\/2024\/02\/Group-62.png\",\"contentUrl\":\"https:\/\/zoosalis.lv\/wp-content\/uploads\/2024\/02\/Group-62.png\",\"width\":1537,\"height\":337,\"caption\":\"Zoo\u0161alis.lt\"},\"image\":{\"@id\":\"https:\/\/zoosalis.lv\/#\/schema\/logo\/image\/\"},\"sameAs\":[\"https:\/\/www.facebook.com\/zooprekesjums\/\"]}]}<\/script>\n<!-- \/ Yoast SEO plugin. -->","yoast_head_json":{"title":"Josera High Energy sausas maistas \u0161unims 12,5 kg | Dz\u012bvnieku produkti","robots":{"index":"index","follow":"follow","max-snippet":"max-snippet:-1","max-image-preview":"max-image-preview:large","max-video-preview":"max-video-preview:-1"},"canonical":"https:\/\/zoosalis.lv\/lt\/josera-high-energy-sausas-maistas-sunims-125-kg\/","og_locale":"lt_LT","og_type":"article","og_title":"Josera High Energy sausas maistas \u0161unims 12,5 kg | Dz\u012bvnieku produkti","og_description":"Suteikia energijos, j\u0117g\u0173 ir i\u0161tverm\u0117s Josera High Energy &#8211; specialiai subalansuotas pa\u0161aras sportiniams, med\u017eiokliniams ir labai aktyviems suaugusiems \u0161unims. Ypatingai didesn\u0117s maistin\u0117s vert\u0117s ir auk\u0161tesn\u0117s kokyb\u0117s pa\u0161aro reikia \u0161unims aktyvi\u0173 treniruo\u010di\u0173 ar var\u017eyb\u0173 metu. Didesn\u0117 energetin\u0117 vert\u0117 ir baltym\u0173 kiekis geresniems rezultatams bei i\u0161tvermei L-karnitinas ir taurinas gerina \u0161irdies veikl\u0105 I\u0161rankiems ir per ma\u017e\u0105 svor\u012f [&hellip;]","og_url":"https:\/\/zoosalis.lv\/lt\/josera-high-energy-sausas-maistas-sunims-125-kg\/","og_site_name":"Dz\u012bvnieku produkti","article_publisher":"https:\/\/www.facebook.com\/zooprekesjums\/","article_modified_time":"2025-04-08T08:34:23+00:00","og_image":[{"width":1537,"height":337,"url":"https:\/\/zoosalis.lv\/wp-content\/uploads\/2024\/02\/Group-62.png","type":"image\/png"}],"twitter_card":"summary_large_image","twitter_misc":{"Est. reading time":"3 minut\u0117s"},"schema":{"@context":"https:\/\/schema.org","@graph":[{"@type":"WebPage","@id":"https:\/\/zoosalis.lv\/josera-high-energy-sausas-maistas-sunims-125-kg\/","url":"https:\/\/zoosalis.lv\/josera-high-energy-sausas-maistas-sunims-125-kg\/","name":"Josera High Energy sausas maistas \u0161unims 12,5 kg | Dz\u012bvnieku produkti","isPartOf":{"@id":"https:\/\/zoosalis.lv\/#website"},"primaryImageOfPage":{"@id":"https:\/\/zoosalis.lv\/josera-high-energy-sausas-maistas-sunims-125-kg\/#primaryimage"},"image":{"@id":"https:\/\/zoosalis.lv\/josera-high-energy-sausas-maistas-sunims-125-kg\/#primaryimage"},"thumbnailUrl":"https:\/\/zoosalis.lv\/wp-content\/uploads\/2025\/04\/josera-high-energy-sausas-maistas-sunims.jpg","datePublished":"2025-04-08T08:33:07+00:00","dateModified":"2025-04-08T08:34:23+00:00","breadcrumb":{"@id":"https:\/\/zoosalis.lv\/josera-high-energy-sausas-maistas-sunims-125-kg\/#breadcrumb"},"inLanguage":"lt-LT","potentialAction":[{"@type":"ReadAction","target":["https:\/\/zoosalis.lv\/josera-high-energy-sausas-maistas-sunims-125-kg\/"]}]},{"@type":"ImageObject","inLanguage":"lt-LT","@id":"https:\/\/zoosalis.lv\/josera-high-energy-sausas-maistas-sunims-125-kg\/#primaryimage","url":"https:\/\/zoosalis.lv\/wp-content\/uploads\/2025\/04\/josera-high-energy-sausas-maistas-sunims.jpg","contentUrl":"https:\/\/zoosalis.lv\/wp-content\/uploads\/2025\/04\/josera-high-energy-sausas-maistas-sunims.jpg","width":800,"height":800},{"@type":"BreadcrumbList","@id":"https:\/\/zoosalis.lv\/josera-high-energy-sausas-maistas-sunims-125-kg\/#breadcrumb","itemListElement":[{"@type":"ListItem","position":1,"name":"Home","item":"https:\/\/zoosalis.lv\/"},{"@type":"ListItem","position":2,"name":"Parduotuv\u0117","item":"https:\/\/zoosalis.lv\/parduotuve\/"},{"@type":"ListItem","position":3,"name":"Josera High Energy sausas maistas \u0161unims 12,5 kg"}]},{"@type":"WebSite","@id":"https:\/\/zoosalis.lv\/#website","url":"https:\/\/zoosalis.lv\/","name":"Dz\u012bvnieku produkti","description":"zoo\u0161alis.lt","publisher":{"@id":"https:\/\/zoosalis.lv\/#organization"},"potentialAction":[{"@type":"SearchAction","target":{"@type":"EntryPoint","urlTemplate":"https:\/\/zoosalis.lv\/?s={search_term_string}"},"query-input":{"@type":"PropertyValueSpecification","valueRequired":true,"valueName":"search_term_string"}}],"inLanguage":"lt-LT"},{"@type":"Organization","@id":"https:\/\/zoosalis.lv\/#organization","name":"Zoo\u0161alis.lt","url":"https:\/\/zoosalis.lv\/","logo":{"@type":"ImageObject","inLanguage":"lt-LT","@id":"https:\/\/zoosalis.lv\/#\/schema\/logo\/image\/","url":"https:\/\/zoosalis.lv\/wp-content\/uploads\/2024\/02\/Group-62.png","contentUrl":"https:\/\/zoosalis.lv\/wp-content\/uploads\/2024\/02\/Group-62.png","width":1537,"height":337,"caption":"Zoo\u0161alis.lt"},"image":{"@id":"https:\/\/zoosalis.lv\/#\/schema\/logo\/image\/"},"sameAs":["https:\/\/www.facebook.com\/zooprekesjums\/"]}]}},"_links":{"self":[{"href":"https:\/\/zoosalis.lv\/lt\/wp-json\/wp\/v2\/product\/23539"}],"collection":[{"href":"https:\/\/zoosalis.lv\/lt\/wp-json\/wp\/v2\/product"}],"about":[{"href":"https:\/\/zoosalis.lv\/lt\/wp-json\/wp\/v2\/types\/product"}],"replies":[{"embeddable":true,"href":"https:\/\/zoosalis.lv\/lt\/wp-json\/wp\/v2\/comments?post=23539"}],"wp:featuredmedia":[{"embeddable":true,"href":"https:\/\/zoosalis.lv\/lt\/wp-json\/wp\/v2\/media\/23592"}],"wp:attachment":[{"href":"https:\/\/zoosalis.lv\/lt\/wp-json\/wp\/v2\/media?parent=23539"}],"wp:term":[{"taxonomy":"product_brand","embeddable":true,"href":"https:\/\/zoosalis.lv\/lt\/wp-json\/wp\/v2\/product_brand?post=23539"},{"taxonomy":"product_cat","embeddable":true,"href":"https:\/\/zoosalis.lv\/lt\/wp-json\/wp\/v2\/product_cat?post=23539"},{"taxonomy":"product_tag","embeddable":true,"href":"https:\/\/zoosalis.lv\/lt\/wp-json\/wp\/v2\/product_tag?post=23539"}],"curies":[{"name":"wp","href":"https:\/\/api.w.org\/{rel}","templated":true}]}}