{"id":23571,"date":"2025-04-08T08:33:52","date_gmt":"2025-04-08T08:33:52","guid":{"rendered":"https:\/\/zoosalis.lv\/?post_type=product&#038;p=23571"},"modified":"2025-04-08T08:35:15","modified_gmt":"2025-04-08T08:35:15","slug":"josera-mini-junior-jauniems-suniukams-nuo-3-savaiciu-su-antiena-10kg","status":"publish","type":"product","link":"https:\/\/zoosalis.lv\/lt\/josera-mini-junior-jauniems-suniukams-nuo-3-savaiciu-su-antiena-10kg\/","title":{"rendered":"JOSERA MINI JUNIOR Jauniems \u0160uniukams Nuo 3 Savai\u010di\u0173 Su Antiena 10kg"},"content":{"rendered":"<p>Jauniems tyrin\u0117tojams, norintiems patirti \u012fdomi\u0173 nuotyki\u0173 ir rezgantiems didelius planus: m\u016bs\u0173 specialiai sukurto pa\u0161aro, skirto augantiems ma\u017e\u0173 veisli\u0173 \u0161uniukams, sud\u0117tyje yra geriausios maistin\u0117s med\u017eiagos, skatinan\u010dios sveik\u0105 vystym\u0105si. \u0160is pa\u0161aras tinkamas iki kol \u0161uniukai suauga, tad jiems nereikia pratintis prie kito maisto, be to, jis apsaugo nuo dant\u0173 akmen\u0173 formavimosi.<\/p>\n<p>\u00b7 Tinkamas nuo 3 savai\u010di\u0173 am\u017eiaus<\/p>\n<p>\u00b7 Ma\u017eos ir gard\u017eios granul\u0117s pagamintos i\u0161 kokybi\u0161kos antienos ir mink\u0161tos la\u0161i\u0161os<\/p>\n<p>\u00b7 Vertingos riebal\u0173 r\u016bg\u0161tys sveikai odai ir \u017evilgan\u010diam kailiui<\/p>\n<p>\u00b7 Lengvai vir\u0161kinamas pa\u0161aras suma\u017eina i\u0161mat\u0173 kiek\u012f<\/p>\n<p>\u00b7 Tinka ir suaugusiems ma\u017e\u0173 veisli\u0173 \u0161unims<\/p>\n<p>Dant\u0173 akmen\u0173 profilaktikai<\/p>\n<p>D\u0117l seil\u0117se suri\u0161amo kalcio ma\u017e\u0117ja dant\u0173 akmen\u0173 susidarymo rizika.<\/p>\n<p>Optimaliam vystymuisi<\/p>\n<p>I\u0161 la\u0161i\u0161\u0173 gaunamos vertingos riebal\u0173 r\u016bg\u0161tys gerina smegen\u0173 vystym\u0105si. L-karnitinas ir auk\u0161tos kokyb\u0117s baltymai skatina tvirt\u0173 raumen\u0173 vystym\u0105si.<\/p>\n<p>Ma\u017eos granul\u0117s<\/p>\n<p>D\u0117l ma\u017eo granuli\u0173 dyd\u017eio ma\u017e\u0173 veisli\u0173 \u0161unys pa\u0161ar\u0105 geriau sukramto.<\/p>\n<p>Sud\u0117tis: antienos baltymai (d\u017eiovintai) 23,0%; Ry\u017eiai; Bulv\u0117s (d\u017eiovintos); pauk\u0161tienos riebalai; bulvi\u0173 baltymai; cukrini\u0173 runkeli\u0173 skaidulos; la\u0161i\u0161os miltai 4,0%; hidrolizuoti pauk\u0161tienos baltymai; mineralai (natrio tripolifosfatas 0,35%); hidrolizuoti gyv\u016bniniai baltymai; miel\u0117s; \u017eolel\u0117s, vaisiai; cikorijos \u0161aknis (nat\u016bralus inulino \u0161altinis); d\u017eiovinta Naujosios Zelandijos paprast\u0173j\u0173 moliusk\u0173 m\u0117sa (Perna canaliculus).<\/p>\n","protected":false},"excerpt":{"rendered":"<p>Jauniems tyrin\u0117tojams, norintiems patirti \u012fdomi\u0173 nuotyki\u0173 ir rezgantiems didelius planus: m\u016bs\u0173 specialiai sukurto pa\u0161aro, skirto augantiems ma\u017e\u0173 veisli\u0173 \u0161uniukams, sud\u0117tyje yra geriausios maistin\u0117s med\u017eiagos, skatinan\u010dios sveik\u0105 vystym\u0105si. \u0160is pa\u0161aras tinkamas iki kol \u0161uniukai suauga, tad jiems nereikia pratintis prie kito maisto, be to, jis apsaugo nuo dant\u0173 akmen\u0173 formavimosi. \u00b7 Tinkamas nuo 3 savai\u010di\u0173 am\u017eiaus [&hellip;]<\/p>\n","protected":false},"featured_media":23633,"comment_status":"closed","ping_status":"closed","template":"","meta":{"_acf_changed":false,"_monsterinsights_skip_tracking":false,"_monsterinsights_sitenote_active":false,"_monsterinsights_sitenote_note":"","_monsterinsights_sitenote_category":0},"product_brand":[],"product_cat":[925,873,879,874],"product_tag":[],"class_list":{"0":"post-23571","1":"product","2":"type-product","3":"status-publish","4":"has-post-thumbnail","6":"product_cat-josera-sunu-maistas","7":"product_cat-prekes-sunims","8":"product_cat-sausas-maistas-sunims","9":"product_cat-sunu-maistas","11":"first","12":"instock","13":"shipping-taxable","14":"purchasable","15":"product-type-simple"},"acf":[],"aioseo_notices":[],"yoast_head":"<!-- This site is optimized with the Yoast SEO plugin v24.8.1 - https:\/\/yoast.com\/wordpress\/plugins\/seo\/ -->\n<title>JOSERA MINI JUNIOR Jauniems \u0160uniukams Nuo 3 Savai\u010di\u0173 Su Antiena 10kg | Dz\u012bvnieku produkti<\/title>\n<meta name=\"robots\" content=\"index, follow, max-snippet:-1, max-image-preview:large, max-video-preview:-1\" \/>\n<link rel=\"canonical\" href=\"https:\/\/zoosalis.lv\/lt\/josera-mini-junior-jauniems-suniukams-nuo-3-savaiciu-su-antiena-10kg\/\" \/>\n<meta property=\"og:locale\" content=\"lt_LT\" \/>\n<meta property=\"og:type\" content=\"article\" \/>\n<meta property=\"og:title\" content=\"JOSERA MINI JUNIOR Jauniems \u0160uniukams Nuo 3 Savai\u010di\u0173 Su Antiena 10kg | Dz\u012bvnieku produkti\" \/>\n<meta property=\"og:description\" content=\"Jauniems tyrin\u0117tojams, norintiems patirti \u012fdomi\u0173 nuotyki\u0173 ir rezgantiems didelius planus: m\u016bs\u0173 specialiai sukurto pa\u0161aro, skirto augantiems ma\u017e\u0173 veisli\u0173 \u0161uniukams, sud\u0117tyje yra geriausios maistin\u0117s med\u017eiagos, skatinan\u010dios sveik\u0105 vystym\u0105si. \u0160is pa\u0161aras tinkamas iki kol \u0161uniukai suauga, tad jiems nereikia pratintis prie kito maisto, be to, jis apsaugo nuo dant\u0173 akmen\u0173 formavimosi. \u00b7 Tinkamas nuo 3 savai\u010di\u0173 am\u017eiaus [&hellip;]\" \/>\n<meta property=\"og:url\" content=\"https:\/\/zoosalis.lv\/lt\/josera-mini-junior-jauniems-suniukams-nuo-3-savaiciu-su-antiena-10kg\/\" \/>\n<meta property=\"og:site_name\" content=\"Dz\u012bvnieku produkti\" \/>\n<meta property=\"article:publisher\" content=\"https:\/\/www.facebook.com\/zooprekesjums\/\" \/>\n<meta property=\"article:modified_time\" content=\"2025-04-08T08:35:15+00:00\" \/>\n<meta property=\"og:image\" content=\"https:\/\/zoosalis.lv\/wp-content\/uploads\/2024\/02\/Group-62.png\" \/>\n\t<meta property=\"og:image:width\" content=\"1537\" \/>\n\t<meta property=\"og:image:height\" content=\"337\" \/>\n\t<meta property=\"og:image:type\" content=\"image\/png\" \/>\n<meta name=\"twitter:card\" content=\"summary_large_image\" \/>\n<meta name=\"twitter:label1\" content=\"Est. reading time\" \/>\n\t<meta name=\"twitter:data1\" content=\"1 minut\u0117\" \/>\n<script type=\"application\/ld+json\" class=\"yoast-schema-graph\">{\"@context\":\"https:\/\/schema.org\",\"@graph\":[{\"@type\":\"WebPage\",\"@id\":\"https:\/\/zoosalis.lv\/josera-mini-junior-jauniems-suniukams-nuo-3-savaiciu-su-antiena-10kg\/\",\"url\":\"https:\/\/zoosalis.lv\/josera-mini-junior-jauniems-suniukams-nuo-3-savaiciu-su-antiena-10kg\/\",\"name\":\"JOSERA MINI JUNIOR Jauniems \u0160uniukams Nuo 3 Savai\u010di\u0173 Su Antiena 10kg | Dz\u012bvnieku produkti\",\"isPartOf\":{\"@id\":\"https:\/\/zoosalis.lv\/#website\"},\"primaryImageOfPage\":{\"@id\":\"https:\/\/zoosalis.lv\/josera-mini-junior-jauniems-suniukams-nuo-3-savaiciu-su-antiena-10kg\/#primaryimage\"},\"image\":{\"@id\":\"https:\/\/zoosalis.lv\/josera-mini-junior-jauniems-suniukams-nuo-3-savaiciu-su-antiena-10kg\/#primaryimage\"},\"thumbnailUrl\":\"https:\/\/zoosalis.lv\/wp-content\/uploads\/2025\/04\/josera-mini-junior-jauniems-suniukams-nuo-3-savaiciu-15-kg.jpg\",\"datePublished\":\"2025-04-08T08:33:52+00:00\",\"dateModified\":\"2025-04-08T08:35:15+00:00\",\"breadcrumb\":{\"@id\":\"https:\/\/zoosalis.lv\/josera-mini-junior-jauniems-suniukams-nuo-3-savaiciu-su-antiena-10kg\/#breadcrumb\"},\"inLanguage\":\"lt-LT\",\"potentialAction\":[{\"@type\":\"ReadAction\",\"target\":[\"https:\/\/zoosalis.lv\/josera-mini-junior-jauniems-suniukams-nuo-3-savaiciu-su-antiena-10kg\/\"]}]},{\"@type\":\"ImageObject\",\"inLanguage\":\"lt-LT\",\"@id\":\"https:\/\/zoosalis.lv\/josera-mini-junior-jauniems-suniukams-nuo-3-savaiciu-su-antiena-10kg\/#primaryimage\",\"url\":\"https:\/\/zoosalis.lv\/wp-content\/uploads\/2025\/04\/josera-mini-junior-jauniems-suniukams-nuo-3-savaiciu-15-kg.jpg\",\"contentUrl\":\"https:\/\/zoosalis.lv\/wp-content\/uploads\/2025\/04\/josera-mini-junior-jauniems-suniukams-nuo-3-savaiciu-15-kg.jpg\",\"width\":1000,\"height\":1000},{\"@type\":\"BreadcrumbList\",\"@id\":\"https:\/\/zoosalis.lv\/josera-mini-junior-jauniems-suniukams-nuo-3-savaiciu-su-antiena-10kg\/#breadcrumb\",\"itemListElement\":[{\"@type\":\"ListItem\",\"position\":1,\"name\":\"Home\",\"item\":\"https:\/\/zoosalis.lv\/\"},{\"@type\":\"ListItem\",\"position\":2,\"name\":\"Parduotuv\u0117\",\"item\":\"https:\/\/zoosalis.lv\/parduotuve\/\"},{\"@type\":\"ListItem\",\"position\":3,\"name\":\"JOSERA MINI JUNIOR Jauniems \u0160uniukams Nuo 3 Savai\u010di\u0173 Su Antiena 10kg\"}]},{\"@type\":\"WebSite\",\"@id\":\"https:\/\/zoosalis.lv\/#website\",\"url\":\"https:\/\/zoosalis.lv\/\",\"name\":\"Dz\u012bvnieku produkti\",\"description\":\"zoo\u0161alis.lt\",\"publisher\":{\"@id\":\"https:\/\/zoosalis.lv\/#organization\"},\"potentialAction\":[{\"@type\":\"SearchAction\",\"target\":{\"@type\":\"EntryPoint\",\"urlTemplate\":\"https:\/\/zoosalis.lv\/?s={search_term_string}\"},\"query-input\":{\"@type\":\"PropertyValueSpecification\",\"valueRequired\":true,\"valueName\":\"search_term_string\"}}],\"inLanguage\":\"lt-LT\"},{\"@type\":\"Organization\",\"@id\":\"https:\/\/zoosalis.lv\/#organization\",\"name\":\"Zoo\u0161alis.lt\",\"url\":\"https:\/\/zoosalis.lv\/\",\"logo\":{\"@type\":\"ImageObject\",\"inLanguage\":\"lt-LT\",\"@id\":\"https:\/\/zoosalis.lv\/#\/schema\/logo\/image\/\",\"url\":\"https:\/\/zoosalis.lv\/wp-content\/uploads\/2024\/02\/Group-62.png\",\"contentUrl\":\"https:\/\/zoosalis.lv\/wp-content\/uploads\/2024\/02\/Group-62.png\",\"width\":1537,\"height\":337,\"caption\":\"Zoo\u0161alis.lt\"},\"image\":{\"@id\":\"https:\/\/zoosalis.lv\/#\/schema\/logo\/image\/\"},\"sameAs\":[\"https:\/\/www.facebook.com\/zooprekesjums\/\"]}]}<\/script>\n<!-- \/ Yoast SEO plugin. -->","yoast_head_json":{"title":"JOSERA MINI JUNIOR Jauniems \u0160uniukams Nuo 3 Savai\u010di\u0173 Su Antiena 10kg | Dz\u012bvnieku produkti","robots":{"index":"index","follow":"follow","max-snippet":"max-snippet:-1","max-image-preview":"max-image-preview:large","max-video-preview":"max-video-preview:-1"},"canonical":"https:\/\/zoosalis.lv\/lt\/josera-mini-junior-jauniems-suniukams-nuo-3-savaiciu-su-antiena-10kg\/","og_locale":"lt_LT","og_type":"article","og_title":"JOSERA MINI JUNIOR Jauniems \u0160uniukams Nuo 3 Savai\u010di\u0173 Su Antiena 10kg | Dz\u012bvnieku produkti","og_description":"Jauniems tyrin\u0117tojams, norintiems patirti \u012fdomi\u0173 nuotyki\u0173 ir rezgantiems didelius planus: m\u016bs\u0173 specialiai sukurto pa\u0161aro, skirto augantiems ma\u017e\u0173 veisli\u0173 \u0161uniukams, sud\u0117tyje yra geriausios maistin\u0117s med\u017eiagos, skatinan\u010dios sveik\u0105 vystym\u0105si. \u0160is pa\u0161aras tinkamas iki kol \u0161uniukai suauga, tad jiems nereikia pratintis prie kito maisto, be to, jis apsaugo nuo dant\u0173 akmen\u0173 formavimosi. \u00b7 Tinkamas nuo 3 savai\u010di\u0173 am\u017eiaus [&hellip;]","og_url":"https:\/\/zoosalis.lv\/lt\/josera-mini-junior-jauniems-suniukams-nuo-3-savaiciu-su-antiena-10kg\/","og_site_name":"Dz\u012bvnieku produkti","article_publisher":"https:\/\/www.facebook.com\/zooprekesjums\/","article_modified_time":"2025-04-08T08:35:15+00:00","og_image":[{"width":1537,"height":337,"url":"https:\/\/zoosalis.lv\/wp-content\/uploads\/2024\/02\/Group-62.png","type":"image\/png"}],"twitter_card":"summary_large_image","twitter_misc":{"Est. reading time":"1 minut\u0117"},"schema":{"@context":"https:\/\/schema.org","@graph":[{"@type":"WebPage","@id":"https:\/\/zoosalis.lv\/josera-mini-junior-jauniems-suniukams-nuo-3-savaiciu-su-antiena-10kg\/","url":"https:\/\/zoosalis.lv\/josera-mini-junior-jauniems-suniukams-nuo-3-savaiciu-su-antiena-10kg\/","name":"JOSERA MINI JUNIOR Jauniems \u0160uniukams Nuo 3 Savai\u010di\u0173 Su Antiena 10kg | Dz\u012bvnieku produkti","isPartOf":{"@id":"https:\/\/zoosalis.lv\/#website"},"primaryImageOfPage":{"@id":"https:\/\/zoosalis.lv\/josera-mini-junior-jauniems-suniukams-nuo-3-savaiciu-su-antiena-10kg\/#primaryimage"},"image":{"@id":"https:\/\/zoosalis.lv\/josera-mini-junior-jauniems-suniukams-nuo-3-savaiciu-su-antiena-10kg\/#primaryimage"},"thumbnailUrl":"https:\/\/zoosalis.lv\/wp-content\/uploads\/2025\/04\/josera-mini-junior-jauniems-suniukams-nuo-3-savaiciu-15-kg.jpg","datePublished":"2025-04-08T08:33:52+00:00","dateModified":"2025-04-08T08:35:15+00:00","breadcrumb":{"@id":"https:\/\/zoosalis.lv\/josera-mini-junior-jauniems-suniukams-nuo-3-savaiciu-su-antiena-10kg\/#breadcrumb"},"inLanguage":"lt-LT","potentialAction":[{"@type":"ReadAction","target":["https:\/\/zoosalis.lv\/josera-mini-junior-jauniems-suniukams-nuo-3-savaiciu-su-antiena-10kg\/"]}]},{"@type":"ImageObject","inLanguage":"lt-LT","@id":"https:\/\/zoosalis.lv\/josera-mini-junior-jauniems-suniukams-nuo-3-savaiciu-su-antiena-10kg\/#primaryimage","url":"https:\/\/zoosalis.lv\/wp-content\/uploads\/2025\/04\/josera-mini-junior-jauniems-suniukams-nuo-3-savaiciu-15-kg.jpg","contentUrl":"https:\/\/zoosalis.lv\/wp-content\/uploads\/2025\/04\/josera-mini-junior-jauniems-suniukams-nuo-3-savaiciu-15-kg.jpg","width":1000,"height":1000},{"@type":"BreadcrumbList","@id":"https:\/\/zoosalis.lv\/josera-mini-junior-jauniems-suniukams-nuo-3-savaiciu-su-antiena-10kg\/#breadcrumb","itemListElement":[{"@type":"ListItem","position":1,"name":"Home","item":"https:\/\/zoosalis.lv\/"},{"@type":"ListItem","position":2,"name":"Parduotuv\u0117","item":"https:\/\/zoosalis.lv\/parduotuve\/"},{"@type":"ListItem","position":3,"name":"JOSERA MINI JUNIOR Jauniems \u0160uniukams Nuo 3 Savai\u010di\u0173 Su Antiena 10kg"}]},{"@type":"WebSite","@id":"https:\/\/zoosalis.lv\/#website","url":"https:\/\/zoosalis.lv\/","name":"Dz\u012bvnieku produkti","description":"zoo\u0161alis.lt","publisher":{"@id":"https:\/\/zoosalis.lv\/#organization"},"potentialAction":[{"@type":"SearchAction","target":{"@type":"EntryPoint","urlTemplate":"https:\/\/zoosalis.lv\/?s={search_term_string}"},"query-input":{"@type":"PropertyValueSpecification","valueRequired":true,"valueName":"search_term_string"}}],"inLanguage":"lt-LT"},{"@type":"Organization","@id":"https:\/\/zoosalis.lv\/#organization","name":"Zoo\u0161alis.lt","url":"https:\/\/zoosalis.lv\/","logo":{"@type":"ImageObject","inLanguage":"lt-LT","@id":"https:\/\/zoosalis.lv\/#\/schema\/logo\/image\/","url":"https:\/\/zoosalis.lv\/wp-content\/uploads\/2024\/02\/Group-62.png","contentUrl":"https:\/\/zoosalis.lv\/wp-content\/uploads\/2024\/02\/Group-62.png","width":1537,"height":337,"caption":"Zoo\u0161alis.lt"},"image":{"@id":"https:\/\/zoosalis.lv\/#\/schema\/logo\/image\/"},"sameAs":["https:\/\/www.facebook.com\/zooprekesjums\/"]}]}},"_links":{"self":[{"href":"https:\/\/zoosalis.lv\/lt\/wp-json\/wp\/v2\/product\/23571"}],"collection":[{"href":"https:\/\/zoosalis.lv\/lt\/wp-json\/wp\/v2\/product"}],"about":[{"href":"https:\/\/zoosalis.lv\/lt\/wp-json\/wp\/v2\/types\/product"}],"replies":[{"embeddable":true,"href":"https:\/\/zoosalis.lv\/lt\/wp-json\/wp\/v2\/comments?post=23571"}],"wp:featuredmedia":[{"embeddable":true,"href":"https:\/\/zoosalis.lv\/lt\/wp-json\/wp\/v2\/media\/23633"}],"wp:attachment":[{"href":"https:\/\/zoosalis.lv\/lt\/wp-json\/wp\/v2\/media?parent=23571"}],"wp:term":[{"taxonomy":"product_brand","embeddable":true,"href":"https:\/\/zoosalis.lv\/lt\/wp-json\/wp\/v2\/product_brand?post=23571"},{"taxonomy":"product_cat","embeddable":true,"href":"https:\/\/zoosalis.lv\/lt\/wp-json\/wp\/v2\/product_cat?post=23571"},{"taxonomy":"product_tag","embeddable":true,"href":"https:\/\/zoosalis.lv\/lt\/wp-json\/wp\/v2\/product_tag?post=23571"}],"curies":[{"name":"wp","href":"https:\/\/api.w.org\/{rel}","templated":true}]}}