{"id":23700,"date":"2025-04-08T08:37:08","date_gmt":"2025-04-08T08:37:08","guid":{"rendered":"https:\/\/zoosalis.lv\/?post_type=product&#038;p=23700"},"modified":"2025-04-08T08:38:23","modified_gmt":"2025-04-08T08:38:23","slug":"libra-dog-puppy-chicken-suniukams-su-vistiena-12kg","status":"publish","type":"product","link":"https:\/\/zoosalis.lv\/lt\/libra-dog-puppy-chicken-suniukams-su-vistiena-12kg\/","title":{"rendered":"LIBRA DOG PUPPY CHICKEN \u0160uniukams Su Vi\u0161tiena 12kg"},"content":{"rendered":"<p style=\"font-weight: 400;\"><b><strong>SUD\u0116TIS<\/strong><\/b>: gr\u016bdai (ry\u017ei\u0173 12%), m\u0117sa ir m\u0117sos produktai (dehidratuotos vi\u0161tienos 15%), aliejai ir riebalai, dar\u017eovi\u0173 produktai, dar\u017eovi\u0173 baltym\u0173 ekstraktas, mineralai.<\/p>\n<p style=\"font-weight: 400;\"><b><strong>PRIEDAI \/KG. Maistiniai priedai<\/strong><\/b>: vitamino A 21000 TV; vit.D3 1400TV; vit.E 75mg; gele\u017eies (II) sulfato monohidrato 237mg (Fe:78mg); kalio jodido 1.7mg (I:1.31mg) vario (II) sulfato pentahidrato 30mg (Cu:8mg); mangano sulfato monohidrato 112mg (Mn:36.5mg); cinko sulfato monohidrato 219mg (Zn:80mg); natrio selenito 0.22mg (Se:0.1mg). Su antioksidantais.<\/p>\n<p style=\"font-weight: 400;\"><b><strong>ANALITIN\u0116S SUDEDAMOSIOS DALYS:\u00a0<\/strong><\/b>\u017eali\u0173 baltym\u0173 29%; \u017eali\u0173 riebal\u0173 15%; \u017ealios l\u0105stelienos 2.2%; \u017eali\u0173 pelen\u0173 7.5%; omega 6 1.5%.<\/p>\n","protected":false},"excerpt":{"rendered":"<p>SUD\u0116TIS: gr\u016bdai (ry\u017ei\u0173 12%), m\u0117sa ir m\u0117sos produktai (dehidratuotos vi\u0161tienos 15%), aliejai ir riebalai, dar\u017eovi\u0173 produktai, dar\u017eovi\u0173 baltym\u0173 ekstraktas, mineralai. PRIEDAI \/KG. Maistiniai priedai: vitamino A 21000 TV; vit.D3 1400TV; vit.E 75mg; gele\u017eies (II) sulfato monohidrato 237mg (Fe:78mg); kalio jodido 1.7mg (I:1.31mg) vario (II) sulfato pentahidrato 30mg (Cu:8mg); mangano sulfato monohidrato 112mg (Mn:36.5mg); cinko sulfato [&hellip;]<\/p>\n","protected":false},"featured_media":23751,"comment_status":"open","ping_status":"closed","template":"","meta":{"_acf_changed":false,"_monsterinsights_skip_tracking":false,"_monsterinsights_sitenote_active":false,"_monsterinsights_sitenote_note":"","_monsterinsights_sitenote_category":0},"product_brand":[],"product_cat":[873,879,874],"product_tag":[],"class_list":{"0":"post-23700","1":"product","2":"type-product","3":"status-publish","4":"has-post-thumbnail","6":"product_cat-prekes-sunims","7":"product_cat-sausas-maistas-sunims","8":"product_cat-sunu-maistas","10":"first","11":"instock","12":"shipping-taxable","13":"purchasable","14":"product-type-simple"},"acf":[],"aioseo_notices":[],"yoast_head":"<!-- This site is optimized with the Yoast SEO plugin v24.8.1 - https:\/\/yoast.com\/wordpress\/plugins\/seo\/ -->\n<title>LIBRA DOG PUPPY CHICKEN \u0160uniukams Su Vi\u0161tiena 12kg | Dz\u012bvnieku produkti<\/title>\n<meta name=\"robots\" content=\"index, follow, max-snippet:-1, max-image-preview:large, max-video-preview:-1\" \/>\n<link rel=\"canonical\" href=\"https:\/\/zoosalis.lv\/lt\/libra-dog-puppy-chicken-suniukams-su-vistiena-12kg\/\" \/>\n<meta property=\"og:locale\" content=\"lt_LT\" \/>\n<meta property=\"og:type\" content=\"article\" \/>\n<meta property=\"og:title\" content=\"LIBRA DOG PUPPY CHICKEN \u0160uniukams Su Vi\u0161tiena 12kg | Dz\u012bvnieku produkti\" \/>\n<meta property=\"og:description\" content=\"SUD\u0116TIS: gr\u016bdai (ry\u017ei\u0173 12%), m\u0117sa ir m\u0117sos produktai (dehidratuotos vi\u0161tienos 15%), aliejai ir riebalai, dar\u017eovi\u0173 produktai, dar\u017eovi\u0173 baltym\u0173 ekstraktas, mineralai. PRIEDAI \/KG. Maistiniai priedai: vitamino A 21000 TV; vit.D3 1400TV; vit.E 75mg; gele\u017eies (II) sulfato monohidrato 237mg (Fe:78mg); kalio jodido 1.7mg (I:1.31mg) vario (II) sulfato pentahidrato 30mg (Cu:8mg); mangano sulfato monohidrato 112mg (Mn:36.5mg); cinko sulfato [&hellip;]\" \/>\n<meta property=\"og:url\" content=\"https:\/\/zoosalis.lv\/lt\/libra-dog-puppy-chicken-suniukams-su-vistiena-12kg\/\" \/>\n<meta property=\"og:site_name\" content=\"Dz\u012bvnieku produkti\" \/>\n<meta property=\"article:publisher\" content=\"https:\/\/www.facebook.com\/zooprekesjums\/\" \/>\n<meta property=\"article:modified_time\" content=\"2025-04-08T08:38:23+00:00\" \/>\n<meta property=\"og:image\" content=\"https:\/\/zoosalis.lv\/wp-content\/uploads\/2024\/02\/Group-62.png\" \/>\n\t<meta property=\"og:image:width\" content=\"1537\" \/>\n\t<meta property=\"og:image:height\" content=\"337\" \/>\n\t<meta property=\"og:image:type\" content=\"image\/png\" \/>\n<meta name=\"twitter:card\" content=\"summary_large_image\" \/>\n<script type=\"application\/ld+json\" class=\"yoast-schema-graph\">{\"@context\":\"https:\/\/schema.org\",\"@graph\":[{\"@type\":\"WebPage\",\"@id\":\"https:\/\/zoosalis.lv\/libra-dog-puppy-chicken-suniukams-su-vistiena-12kg\/\",\"url\":\"https:\/\/zoosalis.lv\/libra-dog-puppy-chicken-suniukams-su-vistiena-12kg\/\",\"name\":\"LIBRA DOG PUPPY CHICKEN \u0160uniukams Su Vi\u0161tiena 12kg | Dz\u012bvnieku produkti\",\"isPartOf\":{\"@id\":\"https:\/\/zoosalis.lv\/#website\"},\"primaryImageOfPage\":{\"@id\":\"https:\/\/zoosalis.lv\/libra-dog-puppy-chicken-suniukams-su-vistiena-12kg\/#primaryimage\"},\"image\":{\"@id\":\"https:\/\/zoosalis.lv\/libra-dog-puppy-chicken-suniukams-su-vistiena-12kg\/#primaryimage\"},\"thumbnailUrl\":\"https:\/\/zoosalis.lv\/wp-content\/uploads\/2025\/04\/dog-puppy-chicken.jpg\",\"datePublished\":\"2025-04-08T08:37:08+00:00\",\"dateModified\":\"2025-04-08T08:38:23+00:00\",\"breadcrumb\":{\"@id\":\"https:\/\/zoosalis.lv\/libra-dog-puppy-chicken-suniukams-su-vistiena-12kg\/#breadcrumb\"},\"inLanguage\":\"lt-LT\",\"potentialAction\":[{\"@type\":\"ReadAction\",\"target\":[\"https:\/\/zoosalis.lv\/libra-dog-puppy-chicken-suniukams-su-vistiena-12kg\/\"]}]},{\"@type\":\"ImageObject\",\"inLanguage\":\"lt-LT\",\"@id\":\"https:\/\/zoosalis.lv\/libra-dog-puppy-chicken-suniukams-su-vistiena-12kg\/#primaryimage\",\"url\":\"https:\/\/zoosalis.lv\/wp-content\/uploads\/2025\/04\/dog-puppy-chicken.jpg\",\"contentUrl\":\"https:\/\/zoosalis.lv\/wp-content\/uploads\/2025\/04\/dog-puppy-chicken.jpg\",\"width\":1501,\"height\":1501},{\"@type\":\"BreadcrumbList\",\"@id\":\"https:\/\/zoosalis.lv\/libra-dog-puppy-chicken-suniukams-su-vistiena-12kg\/#breadcrumb\",\"itemListElement\":[{\"@type\":\"ListItem\",\"position\":1,\"name\":\"Home\",\"item\":\"https:\/\/zoosalis.lv\/\"},{\"@type\":\"ListItem\",\"position\":2,\"name\":\"Parduotuv\u0117\",\"item\":\"https:\/\/zoosalis.lv\/parduotuve\/\"},{\"@type\":\"ListItem\",\"position\":3,\"name\":\"LIBRA DOG PUPPY CHICKEN \u0160uniukams Su Vi\u0161tiena 12kg\"}]},{\"@type\":\"WebSite\",\"@id\":\"https:\/\/zoosalis.lv\/#website\",\"url\":\"https:\/\/zoosalis.lv\/\",\"name\":\"Dz\u012bvnieku produkti\",\"description\":\"zoo\u0161alis.lt\",\"publisher\":{\"@id\":\"https:\/\/zoosalis.lv\/#organization\"},\"potentialAction\":[{\"@type\":\"SearchAction\",\"target\":{\"@type\":\"EntryPoint\",\"urlTemplate\":\"https:\/\/zoosalis.lv\/?s={search_term_string}\"},\"query-input\":{\"@type\":\"PropertyValueSpecification\",\"valueRequired\":true,\"valueName\":\"search_term_string\"}}],\"inLanguage\":\"lt-LT\"},{\"@type\":\"Organization\",\"@id\":\"https:\/\/zoosalis.lv\/#organization\",\"name\":\"Zoo\u0161alis.lt\",\"url\":\"https:\/\/zoosalis.lv\/\",\"logo\":{\"@type\":\"ImageObject\",\"inLanguage\":\"lt-LT\",\"@id\":\"https:\/\/zoosalis.lv\/#\/schema\/logo\/image\/\",\"url\":\"https:\/\/zoosalis.lv\/wp-content\/uploads\/2024\/02\/Group-62.png\",\"contentUrl\":\"https:\/\/zoosalis.lv\/wp-content\/uploads\/2024\/02\/Group-62.png\",\"width\":1537,\"height\":337,\"caption\":\"Zoo\u0161alis.lt\"},\"image\":{\"@id\":\"https:\/\/zoosalis.lv\/#\/schema\/logo\/image\/\"},\"sameAs\":[\"https:\/\/www.facebook.com\/zooprekesjums\/\"]}]}<\/script>\n<!-- \/ Yoast SEO plugin. -->","yoast_head_json":{"title":"LIBRA DOG PUPPY CHICKEN \u0160uniukams Su Vi\u0161tiena 12kg | Dz\u012bvnieku produkti","robots":{"index":"index","follow":"follow","max-snippet":"max-snippet:-1","max-image-preview":"max-image-preview:large","max-video-preview":"max-video-preview:-1"},"canonical":"https:\/\/zoosalis.lv\/lt\/libra-dog-puppy-chicken-suniukams-su-vistiena-12kg\/","og_locale":"lt_LT","og_type":"article","og_title":"LIBRA DOG PUPPY CHICKEN \u0160uniukams Su Vi\u0161tiena 12kg | Dz\u012bvnieku produkti","og_description":"SUD\u0116TIS: gr\u016bdai (ry\u017ei\u0173 12%), m\u0117sa ir m\u0117sos produktai (dehidratuotos vi\u0161tienos 15%), aliejai ir riebalai, dar\u017eovi\u0173 produktai, dar\u017eovi\u0173 baltym\u0173 ekstraktas, mineralai. PRIEDAI \/KG. Maistiniai priedai: vitamino A 21000 TV; vit.D3 1400TV; vit.E 75mg; gele\u017eies (II) sulfato monohidrato 237mg (Fe:78mg); kalio jodido 1.7mg (I:1.31mg) vario (II) sulfato pentahidrato 30mg (Cu:8mg); mangano sulfato monohidrato 112mg (Mn:36.5mg); cinko sulfato [&hellip;]","og_url":"https:\/\/zoosalis.lv\/lt\/libra-dog-puppy-chicken-suniukams-su-vistiena-12kg\/","og_site_name":"Dz\u012bvnieku produkti","article_publisher":"https:\/\/www.facebook.com\/zooprekesjums\/","article_modified_time":"2025-04-08T08:38:23+00:00","og_image":[{"width":1537,"height":337,"url":"https:\/\/zoosalis.lv\/wp-content\/uploads\/2024\/02\/Group-62.png","type":"image\/png"}],"twitter_card":"summary_large_image","schema":{"@context":"https:\/\/schema.org","@graph":[{"@type":"WebPage","@id":"https:\/\/zoosalis.lv\/libra-dog-puppy-chicken-suniukams-su-vistiena-12kg\/","url":"https:\/\/zoosalis.lv\/libra-dog-puppy-chicken-suniukams-su-vistiena-12kg\/","name":"LIBRA DOG PUPPY CHICKEN \u0160uniukams Su Vi\u0161tiena 12kg | Dz\u012bvnieku produkti","isPartOf":{"@id":"https:\/\/zoosalis.lv\/#website"},"primaryImageOfPage":{"@id":"https:\/\/zoosalis.lv\/libra-dog-puppy-chicken-suniukams-su-vistiena-12kg\/#primaryimage"},"image":{"@id":"https:\/\/zoosalis.lv\/libra-dog-puppy-chicken-suniukams-su-vistiena-12kg\/#primaryimage"},"thumbnailUrl":"https:\/\/zoosalis.lv\/wp-content\/uploads\/2025\/04\/dog-puppy-chicken.jpg","datePublished":"2025-04-08T08:37:08+00:00","dateModified":"2025-04-08T08:38:23+00:00","breadcrumb":{"@id":"https:\/\/zoosalis.lv\/libra-dog-puppy-chicken-suniukams-su-vistiena-12kg\/#breadcrumb"},"inLanguage":"lt-LT","potentialAction":[{"@type":"ReadAction","target":["https:\/\/zoosalis.lv\/libra-dog-puppy-chicken-suniukams-su-vistiena-12kg\/"]}]},{"@type":"ImageObject","inLanguage":"lt-LT","@id":"https:\/\/zoosalis.lv\/libra-dog-puppy-chicken-suniukams-su-vistiena-12kg\/#primaryimage","url":"https:\/\/zoosalis.lv\/wp-content\/uploads\/2025\/04\/dog-puppy-chicken.jpg","contentUrl":"https:\/\/zoosalis.lv\/wp-content\/uploads\/2025\/04\/dog-puppy-chicken.jpg","width":1501,"height":1501},{"@type":"BreadcrumbList","@id":"https:\/\/zoosalis.lv\/libra-dog-puppy-chicken-suniukams-su-vistiena-12kg\/#breadcrumb","itemListElement":[{"@type":"ListItem","position":1,"name":"Home","item":"https:\/\/zoosalis.lv\/"},{"@type":"ListItem","position":2,"name":"Parduotuv\u0117","item":"https:\/\/zoosalis.lv\/parduotuve\/"},{"@type":"ListItem","position":3,"name":"LIBRA DOG PUPPY CHICKEN \u0160uniukams Su Vi\u0161tiena 12kg"}]},{"@type":"WebSite","@id":"https:\/\/zoosalis.lv\/#website","url":"https:\/\/zoosalis.lv\/","name":"Dz\u012bvnieku produkti","description":"zoo\u0161alis.lt","publisher":{"@id":"https:\/\/zoosalis.lv\/#organization"},"potentialAction":[{"@type":"SearchAction","target":{"@type":"EntryPoint","urlTemplate":"https:\/\/zoosalis.lv\/?s={search_term_string}"},"query-input":{"@type":"PropertyValueSpecification","valueRequired":true,"valueName":"search_term_string"}}],"inLanguage":"lt-LT"},{"@type":"Organization","@id":"https:\/\/zoosalis.lv\/#organization","name":"Zoo\u0161alis.lt","url":"https:\/\/zoosalis.lv\/","logo":{"@type":"ImageObject","inLanguage":"lt-LT","@id":"https:\/\/zoosalis.lv\/#\/schema\/logo\/image\/","url":"https:\/\/zoosalis.lv\/wp-content\/uploads\/2024\/02\/Group-62.png","contentUrl":"https:\/\/zoosalis.lv\/wp-content\/uploads\/2024\/02\/Group-62.png","width":1537,"height":337,"caption":"Zoo\u0161alis.lt"},"image":{"@id":"https:\/\/zoosalis.lv\/#\/schema\/logo\/image\/"},"sameAs":["https:\/\/www.facebook.com\/zooprekesjums\/"]}]}},"_links":{"self":[{"href":"https:\/\/zoosalis.lv\/lt\/wp-json\/wp\/v2\/product\/23700"}],"collection":[{"href":"https:\/\/zoosalis.lv\/lt\/wp-json\/wp\/v2\/product"}],"about":[{"href":"https:\/\/zoosalis.lv\/lt\/wp-json\/wp\/v2\/types\/product"}],"replies":[{"embeddable":true,"href":"https:\/\/zoosalis.lv\/lt\/wp-json\/wp\/v2\/comments?post=23700"}],"wp:featuredmedia":[{"embeddable":true,"href":"https:\/\/zoosalis.lv\/lt\/wp-json\/wp\/v2\/media\/23751"}],"wp:attachment":[{"href":"https:\/\/zoosalis.lv\/lt\/wp-json\/wp\/v2\/media?parent=23700"}],"wp:term":[{"taxonomy":"product_brand","embeddable":true,"href":"https:\/\/zoosalis.lv\/lt\/wp-json\/wp\/v2\/product_brand?post=23700"},{"taxonomy":"product_cat","embeddable":true,"href":"https:\/\/zoosalis.lv\/lt\/wp-json\/wp\/v2\/product_cat?post=23700"},{"taxonomy":"product_tag","embeddable":true,"href":"https:\/\/zoosalis.lv\/lt\/wp-json\/wp\/v2\/product_tag?post=23700"}],"curies":[{"name":"wp","href":"https:\/\/api.w.org\/{rel}","templated":true}]}}