{"id":23814,"date":"2025-04-08T08:41:28","date_gmt":"2025-04-08T08:41:28","guid":{"rendered":"https:\/\/zoosalis.lv\/?post_type=product&#038;p=23814"},"modified":"2025-04-08T08:41:59","modified_gmt":"2025-04-08T08:41:59","slug":"monge-bwild-cat-grain-free-all-breeds-sterilised-begrudziai-gabaleliai-padaze-su-serniena-ir-darzovemis-85-g","status":"publish","type":"product","link":"https:\/\/zoosalis.lv\/lt\/monge-bwild-cat-grain-free-all-breeds-sterilised-begrudziai-gabaleliai-padaze-su-serniena-ir-darzovemis-85-g\/","title":{"rendered":"Monge BWild Cat Grain Free All Breeds Sterilised begr\u016bd\u017eiai gabal\u0117liai pada\u017ee su \u0161erniena ir dar\u017eov\u0117mis 85 g"},"content":{"rendered":"<p>Sud\u0117tis: \u0161erniena 26%, kiauli\u0173 kepenys, kalakut\u0173 m\u0117sa, \u0161vie\u017eios morkos 2%, d\u017eiovint\u0173 pomidor\u0173 presavimo liekanos, d\u017eiovintos \u0161paragin\u0117s pupel\u0117s 1% (atitinka 4,3% \u0161vie\u017ei\u0173 \u0161paragini\u0173 pupeli\u0173), \u017eirni\u0173 skaidulos 1%, mineralai, hidrolizuoti gyv\u016bniniai baltymai, ksilooligosacharidai (0,1% XOS), yucca schidigera (0,1%), spirulina.<\/p>\n<p>Analitin\u0117s sudedamosios dalys: \u017eali baltymai 10,5%, \u017eali riebalai 4%, \u017ealia l\u0105steliena 1,5%, \u017eali pelenai 2,6%, dr\u0117gm\u0117 79%.<\/p>\n<p>Maistiniai priedai\/kg: vitaminas D3 168 TV\/kg, vitaminas E (vis\u0173 rac-alfa-tokoferyl-acetatas) 26 mg\/kg, selenas (natrio selenitas 0,01 mg\/kg) 0,005mg\/kg, manganas (mangano sulfatas monohidratas 2,25mg\/kg) 0,73mg\/kg, cinkas (cinko oksidas 10,5mg\/kg) 8,4mg\/kg, varis (vario (II) sulfatas pentahidratas 0,9mg\/kg) 0,22mg\/kg, gele\u017eis (gele\u017eies (II) sulfatas monohidratas 7,5mg\/kg) 2,46mg\/kg, jodas (bevandenis kalcio jodatas 0,12mg\/kg) 0,08mg\/kg, taurinas 400mg\/kg.<\/p>\n<p>Kaip \u0161erti: \u017dr. lentel\u0117je. Dienos norm\u0105 patariama padalyti \u012f 2 porcijas. Pradedant \u0161erti Monge pirm\u0105 kart\u0105, rekomenduojame pereiti nuo kito \u0117dalo palaipsniui, per 7 dienas, senojo \u0117dalo kiek\u012f ma\u017eindami, o naujojo kiek\u012f didindami. Kat\u0117 gali \u0117sti daugiau arba ma\u017eiau, tai priklauso nuo am\u017eiaus, temperamento ir aktyvumo lygio. \u0116dalas turi b\u016bti kambario temperat\u016bros arba gali b\u016bti patiektas pa\u0161ildytas. Kat\u0117s indelyje visada turi b\u016bti \u0161varaus geriamo vandens.<\/p>\n","protected":false},"excerpt":{"rendered":"<p>Sud\u0117tis: \u0161erniena 26%, kiauli\u0173 kepenys, kalakut\u0173 m\u0117sa, \u0161vie\u017eios morkos 2%, d\u017eiovint\u0173 pomidor\u0173 presavimo liekanos, d\u017eiovintos \u0161paragin\u0117s pupel\u0117s 1% (atitinka 4,3% \u0161vie\u017ei\u0173 \u0161paragini\u0173 pupeli\u0173), \u017eirni\u0173 skaidulos 1%, mineralai, hidrolizuoti gyv\u016bniniai baltymai, ksilooligosacharidai (0,1% XOS), yucca schidigera (0,1%), spirulina. Analitin\u0117s sudedamosios dalys: \u017eali baltymai 10,5%, \u017eali riebalai 4%, \u017ealia l\u0105steliena 1,5%, \u017eali pelenai 2,6%, dr\u0117gm\u0117 79%. Maistiniai [&hellip;]<\/p>\n","protected":false},"featured_media":23856,"comment_status":"closed","ping_status":"closed","template":"","meta":{"_acf_changed":false,"_monsterinsights_skip_tracking":false,"_monsterinsights_sitenote_active":false,"_monsterinsights_sitenote_note":"","_monsterinsights_sitenote_category":0},"product_brand":[],"product_cat":[886,870,876],"product_tag":[],"class_list":{"0":"post-23814","1":"product","2":"type-product","3":"status-publish","4":"has-post-thumbnail","6":"product_cat-konservai-katems","7":"product_cat-maistas-katems","8":"product_cat-sausas-kaciu-maistas","10":"first","11":"instock","12":"shipping-taxable","13":"purchasable","14":"product-type-simple"},"acf":[],"aioseo_notices":[],"yoast_head":"<!-- This site is optimized with the Yoast SEO plugin v24.8.1 - https:\/\/yoast.com\/wordpress\/plugins\/seo\/ -->\n<title>Monge BWild Cat Grain Free All Breeds Sterilised begr\u016bd\u017eiai gabal\u0117liai pada\u017ee su \u0161erniena ir dar\u017eov\u0117mis 85 g | Dz\u012bvnieku produkti<\/title>\n<meta name=\"robots\" content=\"index, follow, max-snippet:-1, max-image-preview:large, max-video-preview:-1\" \/>\n<link rel=\"canonical\" href=\"https:\/\/zoosalis.lv\/lt\/monge-bwild-cat-grain-free-all-breeds-sterilised-begrudziai-gabaleliai-padaze-su-serniena-ir-darzovemis-85-g\/\" \/>\n<meta property=\"og:locale\" content=\"lt_LT\" \/>\n<meta property=\"og:type\" content=\"article\" \/>\n<meta property=\"og:title\" content=\"Monge BWild Cat Grain Free All Breeds Sterilised begr\u016bd\u017eiai gabal\u0117liai pada\u017ee su \u0161erniena ir dar\u017eov\u0117mis 85 g | Dz\u012bvnieku produkti\" \/>\n<meta property=\"og:description\" content=\"Sud\u0117tis: \u0161erniena 26%, kiauli\u0173 kepenys, kalakut\u0173 m\u0117sa, \u0161vie\u017eios morkos 2%, d\u017eiovint\u0173 pomidor\u0173 presavimo liekanos, d\u017eiovintos \u0161paragin\u0117s pupel\u0117s 1% (atitinka 4,3% \u0161vie\u017ei\u0173 \u0161paragini\u0173 pupeli\u0173), \u017eirni\u0173 skaidulos 1%, mineralai, hidrolizuoti gyv\u016bniniai baltymai, ksilooligosacharidai (0,1% XOS), yucca schidigera (0,1%), spirulina. Analitin\u0117s sudedamosios dalys: \u017eali baltymai 10,5%, \u017eali riebalai 4%, \u017ealia l\u0105steliena 1,5%, \u017eali pelenai 2,6%, dr\u0117gm\u0117 79%. Maistiniai [&hellip;]\" \/>\n<meta property=\"og:url\" content=\"https:\/\/zoosalis.lv\/lt\/monge-bwild-cat-grain-free-all-breeds-sterilised-begrudziai-gabaleliai-padaze-su-serniena-ir-darzovemis-85-g\/\" \/>\n<meta property=\"og:site_name\" content=\"Dz\u012bvnieku produkti\" \/>\n<meta property=\"article:publisher\" content=\"https:\/\/www.facebook.com\/zooprekesjums\/\" \/>\n<meta property=\"article:modified_time\" content=\"2025-04-08T08:41:59+00:00\" \/>\n<meta property=\"og:image\" content=\"https:\/\/zoosalis.lv\/wp-content\/uploads\/2024\/02\/Group-62.png\" \/>\n\t<meta property=\"og:image:width\" content=\"1537\" \/>\n\t<meta property=\"og:image:height\" content=\"337\" \/>\n\t<meta property=\"og:image:type\" content=\"image\/png\" \/>\n<meta name=\"twitter:card\" content=\"summary_large_image\" \/>\n<meta name=\"twitter:label1\" content=\"Est. reading time\" \/>\n\t<meta name=\"twitter:data1\" content=\"1 minut\u0117\" \/>\n<script type=\"application\/ld+json\" class=\"yoast-schema-graph\">{\"@context\":\"https:\/\/schema.org\",\"@graph\":[{\"@type\":\"WebPage\",\"@id\":\"https:\/\/zoosalis.lv\/monge-bwild-cat-grain-free-all-breeds-sterilised-begrudziai-gabaleliai-padaze-su-serniena-ir-darzovemis-85-g\/\",\"url\":\"https:\/\/zoosalis.lv\/monge-bwild-cat-grain-free-all-breeds-sterilised-begrudziai-gabaleliai-padaze-su-serniena-ir-darzovemis-85-g\/\",\"name\":\"Monge BWild Cat Grain Free All Breeds Sterilised begr\u016bd\u017eiai gabal\u0117liai pada\u017ee su \u0161erniena ir dar\u017eov\u0117mis 85 g | Dz\u012bvnieku produkti\",\"isPartOf\":{\"@id\":\"https:\/\/zoosalis.lv\/#website\"},\"primaryImageOfPage\":{\"@id\":\"https:\/\/zoosalis.lv\/monge-bwild-cat-grain-free-all-breeds-sterilised-begrudziai-gabaleliai-padaze-su-serniena-ir-darzovemis-85-g\/#primaryimage\"},\"image\":{\"@id\":\"https:\/\/zoosalis.lv\/monge-bwild-cat-grain-free-all-breeds-sterilised-begrudziai-gabaleliai-padaze-su-serniena-ir-darzovemis-85-g\/#primaryimage\"},\"thumbnailUrl\":\"https:\/\/zoosalis.lv\/wp-content\/uploads\/2025\/04\/monge-bwild-cat-grain-free-all-breeds-sterilised-begrudziai-gabaleliai-padaze-su-serniena-ir-darzovemis-85-g.jpg\",\"datePublished\":\"2025-04-08T08:41:28+00:00\",\"dateModified\":\"2025-04-08T08:41:59+00:00\",\"breadcrumb\":{\"@id\":\"https:\/\/zoosalis.lv\/monge-bwild-cat-grain-free-all-breeds-sterilised-begrudziai-gabaleliai-padaze-su-serniena-ir-darzovemis-85-g\/#breadcrumb\"},\"inLanguage\":\"lt-LT\",\"potentialAction\":[{\"@type\":\"ReadAction\",\"target\":[\"https:\/\/zoosalis.lv\/monge-bwild-cat-grain-free-all-breeds-sterilised-begrudziai-gabaleliai-padaze-su-serniena-ir-darzovemis-85-g\/\"]}]},{\"@type\":\"ImageObject\",\"inLanguage\":\"lt-LT\",\"@id\":\"https:\/\/zoosalis.lv\/monge-bwild-cat-grain-free-all-breeds-sterilised-begrudziai-gabaleliai-padaze-su-serniena-ir-darzovemis-85-g\/#primaryimage\",\"url\":\"https:\/\/zoosalis.lv\/wp-content\/uploads\/2025\/04\/monge-bwild-cat-grain-free-all-breeds-sterilised-begrudziai-gabaleliai-padaze-su-serniena-ir-darzovemis-85-g.jpg\",\"contentUrl\":\"https:\/\/zoosalis.lv\/wp-content\/uploads\/2025\/04\/monge-bwild-cat-grain-free-all-breeds-sterilised-begrudziai-gabaleliai-padaze-su-serniena-ir-darzovemis-85-g.jpg\",\"width\":800,\"height\":800},{\"@type\":\"BreadcrumbList\",\"@id\":\"https:\/\/zoosalis.lv\/monge-bwild-cat-grain-free-all-breeds-sterilised-begrudziai-gabaleliai-padaze-su-serniena-ir-darzovemis-85-g\/#breadcrumb\",\"itemListElement\":[{\"@type\":\"ListItem\",\"position\":1,\"name\":\"Home\",\"item\":\"https:\/\/zoosalis.lv\/\"},{\"@type\":\"ListItem\",\"position\":2,\"name\":\"Parduotuv\u0117\",\"item\":\"https:\/\/zoosalis.lv\/parduotuve\/\"},{\"@type\":\"ListItem\",\"position\":3,\"name\":\"Monge BWild Cat Grain Free All Breeds Sterilised begr\u016bd\u017eiai gabal\u0117liai pada\u017ee su \u0161erniena ir dar\u017eov\u0117mis 85 g\"}]},{\"@type\":\"WebSite\",\"@id\":\"https:\/\/zoosalis.lv\/#website\",\"url\":\"https:\/\/zoosalis.lv\/\",\"name\":\"Dz\u012bvnieku produkti\",\"description\":\"zoo\u0161alis.lt\",\"publisher\":{\"@id\":\"https:\/\/zoosalis.lv\/#organization\"},\"potentialAction\":[{\"@type\":\"SearchAction\",\"target\":{\"@type\":\"EntryPoint\",\"urlTemplate\":\"https:\/\/zoosalis.lv\/?s={search_term_string}\"},\"query-input\":{\"@type\":\"PropertyValueSpecification\",\"valueRequired\":true,\"valueName\":\"search_term_string\"}}],\"inLanguage\":\"lt-LT\"},{\"@type\":\"Organization\",\"@id\":\"https:\/\/zoosalis.lv\/#organization\",\"name\":\"Zoo\u0161alis.lt\",\"url\":\"https:\/\/zoosalis.lv\/\",\"logo\":{\"@type\":\"ImageObject\",\"inLanguage\":\"lt-LT\",\"@id\":\"https:\/\/zoosalis.lv\/#\/schema\/logo\/image\/\",\"url\":\"https:\/\/zoosalis.lv\/wp-content\/uploads\/2024\/02\/Group-62.png\",\"contentUrl\":\"https:\/\/zoosalis.lv\/wp-content\/uploads\/2024\/02\/Group-62.png\",\"width\":1537,\"height\":337,\"caption\":\"Zoo\u0161alis.lt\"},\"image\":{\"@id\":\"https:\/\/zoosalis.lv\/#\/schema\/logo\/image\/\"},\"sameAs\":[\"https:\/\/www.facebook.com\/zooprekesjums\/\"]}]}<\/script>\n<!-- \/ Yoast SEO plugin. -->","yoast_head_json":{"title":"Monge BWild Cat Grain Free All Breeds Sterilised begr\u016bd\u017eiai gabal\u0117liai pada\u017ee su \u0161erniena ir dar\u017eov\u0117mis 85 g | Dz\u012bvnieku produkti","robots":{"index":"index","follow":"follow","max-snippet":"max-snippet:-1","max-image-preview":"max-image-preview:large","max-video-preview":"max-video-preview:-1"},"canonical":"https:\/\/zoosalis.lv\/lt\/monge-bwild-cat-grain-free-all-breeds-sterilised-begrudziai-gabaleliai-padaze-su-serniena-ir-darzovemis-85-g\/","og_locale":"lt_LT","og_type":"article","og_title":"Monge BWild Cat Grain Free All Breeds Sterilised begr\u016bd\u017eiai gabal\u0117liai pada\u017ee su \u0161erniena ir dar\u017eov\u0117mis 85 g | Dz\u012bvnieku produkti","og_description":"Sud\u0117tis: \u0161erniena 26%, kiauli\u0173 kepenys, kalakut\u0173 m\u0117sa, \u0161vie\u017eios morkos 2%, d\u017eiovint\u0173 pomidor\u0173 presavimo liekanos, d\u017eiovintos \u0161paragin\u0117s pupel\u0117s 1% (atitinka 4,3% \u0161vie\u017ei\u0173 \u0161paragini\u0173 pupeli\u0173), \u017eirni\u0173 skaidulos 1%, mineralai, hidrolizuoti gyv\u016bniniai baltymai, ksilooligosacharidai (0,1% XOS), yucca schidigera (0,1%), spirulina. Analitin\u0117s sudedamosios dalys: \u017eali baltymai 10,5%, \u017eali riebalai 4%, \u017ealia l\u0105steliena 1,5%, \u017eali pelenai 2,6%, dr\u0117gm\u0117 79%. Maistiniai [&hellip;]","og_url":"https:\/\/zoosalis.lv\/lt\/monge-bwild-cat-grain-free-all-breeds-sterilised-begrudziai-gabaleliai-padaze-su-serniena-ir-darzovemis-85-g\/","og_site_name":"Dz\u012bvnieku produkti","article_publisher":"https:\/\/www.facebook.com\/zooprekesjums\/","article_modified_time":"2025-04-08T08:41:59+00:00","og_image":[{"width":1537,"height":337,"url":"https:\/\/zoosalis.lv\/wp-content\/uploads\/2024\/02\/Group-62.png","type":"image\/png"}],"twitter_card":"summary_large_image","twitter_misc":{"Est. reading time":"1 minut\u0117"},"schema":{"@context":"https:\/\/schema.org","@graph":[{"@type":"WebPage","@id":"https:\/\/zoosalis.lv\/monge-bwild-cat-grain-free-all-breeds-sterilised-begrudziai-gabaleliai-padaze-su-serniena-ir-darzovemis-85-g\/","url":"https:\/\/zoosalis.lv\/monge-bwild-cat-grain-free-all-breeds-sterilised-begrudziai-gabaleliai-padaze-su-serniena-ir-darzovemis-85-g\/","name":"Monge BWild Cat Grain Free All Breeds Sterilised begr\u016bd\u017eiai gabal\u0117liai pada\u017ee su \u0161erniena ir dar\u017eov\u0117mis 85 g | Dz\u012bvnieku produkti","isPartOf":{"@id":"https:\/\/zoosalis.lv\/#website"},"primaryImageOfPage":{"@id":"https:\/\/zoosalis.lv\/monge-bwild-cat-grain-free-all-breeds-sterilised-begrudziai-gabaleliai-padaze-su-serniena-ir-darzovemis-85-g\/#primaryimage"},"image":{"@id":"https:\/\/zoosalis.lv\/monge-bwild-cat-grain-free-all-breeds-sterilised-begrudziai-gabaleliai-padaze-su-serniena-ir-darzovemis-85-g\/#primaryimage"},"thumbnailUrl":"https:\/\/zoosalis.lv\/wp-content\/uploads\/2025\/04\/monge-bwild-cat-grain-free-all-breeds-sterilised-begrudziai-gabaleliai-padaze-su-serniena-ir-darzovemis-85-g.jpg","datePublished":"2025-04-08T08:41:28+00:00","dateModified":"2025-04-08T08:41:59+00:00","breadcrumb":{"@id":"https:\/\/zoosalis.lv\/monge-bwild-cat-grain-free-all-breeds-sterilised-begrudziai-gabaleliai-padaze-su-serniena-ir-darzovemis-85-g\/#breadcrumb"},"inLanguage":"lt-LT","potentialAction":[{"@type":"ReadAction","target":["https:\/\/zoosalis.lv\/monge-bwild-cat-grain-free-all-breeds-sterilised-begrudziai-gabaleliai-padaze-su-serniena-ir-darzovemis-85-g\/"]}]},{"@type":"ImageObject","inLanguage":"lt-LT","@id":"https:\/\/zoosalis.lv\/monge-bwild-cat-grain-free-all-breeds-sterilised-begrudziai-gabaleliai-padaze-su-serniena-ir-darzovemis-85-g\/#primaryimage","url":"https:\/\/zoosalis.lv\/wp-content\/uploads\/2025\/04\/monge-bwild-cat-grain-free-all-breeds-sterilised-begrudziai-gabaleliai-padaze-su-serniena-ir-darzovemis-85-g.jpg","contentUrl":"https:\/\/zoosalis.lv\/wp-content\/uploads\/2025\/04\/monge-bwild-cat-grain-free-all-breeds-sterilised-begrudziai-gabaleliai-padaze-su-serniena-ir-darzovemis-85-g.jpg","width":800,"height":800},{"@type":"BreadcrumbList","@id":"https:\/\/zoosalis.lv\/monge-bwild-cat-grain-free-all-breeds-sterilised-begrudziai-gabaleliai-padaze-su-serniena-ir-darzovemis-85-g\/#breadcrumb","itemListElement":[{"@type":"ListItem","position":1,"name":"Home","item":"https:\/\/zoosalis.lv\/"},{"@type":"ListItem","position":2,"name":"Parduotuv\u0117","item":"https:\/\/zoosalis.lv\/parduotuve\/"},{"@type":"ListItem","position":3,"name":"Monge BWild Cat Grain Free All Breeds Sterilised begr\u016bd\u017eiai gabal\u0117liai pada\u017ee su \u0161erniena ir dar\u017eov\u0117mis 85 g"}]},{"@type":"WebSite","@id":"https:\/\/zoosalis.lv\/#website","url":"https:\/\/zoosalis.lv\/","name":"Dz\u012bvnieku produkti","description":"zoo\u0161alis.lt","publisher":{"@id":"https:\/\/zoosalis.lv\/#organization"},"potentialAction":[{"@type":"SearchAction","target":{"@type":"EntryPoint","urlTemplate":"https:\/\/zoosalis.lv\/?s={search_term_string}"},"query-input":{"@type":"PropertyValueSpecification","valueRequired":true,"valueName":"search_term_string"}}],"inLanguage":"lt-LT"},{"@type":"Organization","@id":"https:\/\/zoosalis.lv\/#organization","name":"Zoo\u0161alis.lt","url":"https:\/\/zoosalis.lv\/","logo":{"@type":"ImageObject","inLanguage":"lt-LT","@id":"https:\/\/zoosalis.lv\/#\/schema\/logo\/image\/","url":"https:\/\/zoosalis.lv\/wp-content\/uploads\/2024\/02\/Group-62.png","contentUrl":"https:\/\/zoosalis.lv\/wp-content\/uploads\/2024\/02\/Group-62.png","width":1537,"height":337,"caption":"Zoo\u0161alis.lt"},"image":{"@id":"https:\/\/zoosalis.lv\/#\/schema\/logo\/image\/"},"sameAs":["https:\/\/www.facebook.com\/zooprekesjums\/"]}]}},"_links":{"self":[{"href":"https:\/\/zoosalis.lv\/lt\/wp-json\/wp\/v2\/product\/23814"}],"collection":[{"href":"https:\/\/zoosalis.lv\/lt\/wp-json\/wp\/v2\/product"}],"about":[{"href":"https:\/\/zoosalis.lv\/lt\/wp-json\/wp\/v2\/types\/product"}],"replies":[{"embeddable":true,"href":"https:\/\/zoosalis.lv\/lt\/wp-json\/wp\/v2\/comments?post=23814"}],"wp:featuredmedia":[{"embeddable":true,"href":"https:\/\/zoosalis.lv\/lt\/wp-json\/wp\/v2\/media\/23856"}],"wp:attachment":[{"href":"https:\/\/zoosalis.lv\/lt\/wp-json\/wp\/v2\/media?parent=23814"}],"wp:term":[{"taxonomy":"product_brand","embeddable":true,"href":"https:\/\/zoosalis.lv\/lt\/wp-json\/wp\/v2\/product_brand?post=23814"},{"taxonomy":"product_cat","embeddable":true,"href":"https:\/\/zoosalis.lv\/lt\/wp-json\/wp\/v2\/product_cat?post=23814"},{"taxonomy":"product_tag","embeddable":true,"href":"https:\/\/zoosalis.lv\/lt\/wp-json\/wp\/v2\/product_tag?post=23814"}],"curies":[{"name":"wp","href":"https:\/\/api.w.org\/{rel}","templated":true}]}}