{"id":23938,"date":"2025-04-08T08:43:24","date_gmt":"2025-04-08T08:43:24","guid":{"rendered":"https:\/\/zoosalis.lv\/?post_type=product&#038;p=23938"},"modified":"2025-04-08T08:45:16","modified_gmt":"2025-04-08T08:45:16","slug":"natures-protection-lifestyle-sriuba-katems-su-paukstiena-140ml","status":"publish","type":"product","link":"https:\/\/zoosalis.lv\/lt\/natures-protection-lifestyle-sriuba-katems-su-paukstiena-140ml\/","title":{"rendered":"NATURE&#8217;S PROTECTION LIFESTYLE SRIUBA KAT\u0116MS SU PAUK\u0160TIENA 140ml"},"content":{"rendered":"<p>Sud\u0117tis: m\u0117sa ir m\u0117sos perdirbimo produktai (15 % vi\u0161tienos fil\u0117, 5 % kalakutienos fil\u0117), miel\u0117s (0,1 % alaus miel\u0117s).  <\/p>\n<p>Analitin\u0117s sudedamosios dalys: \u017eali baltymai \u2013 2 %, \u017ealia l\u0105steliena \u2013 0,2 %, \u017eali riebalai \u2013 1,5 %, \u017eali pelenai \u2013 0,8 %, dr\u0117gnis \u2013 94 %.<br \/>\nKat\u0117s nat\u016braliai geria labai ma\u017eai vandens. Jei kat\u0117 gauna nepakankam\u0105 kiek\u012f skys\u010di\u0173, gali prad\u0117ti formuotis struvitiniai akmenys. Taip pat vanduo ypa\u010d svarbus toms kat\u0117ms, kurios \u0117da tik saus\u0105 pa\u0161ar\u0105. Tod\u0117l siekiant patenkinti skys\u010di\u0173 poreik\u012f ir buvo sukurta \u0161i maistinga sriuba.<\/p>\n<p>Su lengvai vir\u0161kinama m\u0117sa<\/p>\n<p>Sriubos sud\u0117tyje yra vi\u0161tienos ir kalakutienos \u2013 liesos, lengvai vir\u0161kinamos m\u0117sos.<\/p>\n<p>Sud\u0117tyje n\u0117ra gliuteno<\/p>\n<p>Papildo sud\u0117tyje n\u0117ra gliuteno, tad jie yra puikiai tinkami augintiniams, kurie turi jautri\u0105 vir\u0161kinimo sistem\u0105, netoleruoja arba yra alergi\u0161ki gliutenui.<\/p>\n<p>Gali pad\u0117ti apsaugoti nuo plauk\u0173 gumuliuk\u0173 susidarymo skrandyje<\/p>\n<p>Sud\u0117tyje esan\u010dios med\u017eiagos palengvina vir\u0161kinim\u0105 ir gali pad\u0117ti apsaugoti kat\u0119 nuo plauk\u0173 gumuliuk\u0173 susidarymo skrandyje ir vir\u0161kinamajame trakte.<br \/>\nSvorio kontrol\u0117<\/p>\n<p>Nedidelio kaloringumo maisto papildas \u2013 sriuba kat\u0117ms \u2013 ypa\u010d tiks toms kat\u0117ms, kurioms reikalinga svorio kontrol\u0117.<\/p>\n<p>Su miel\u0117mis \u2013 vitamino B \u0161altinis<\/p>\n<p>Papildo sud\u0117tyje esan\u010dios miel\u0117s yra vitamino B1 (tiamino) \u0161altinis. Tiaminas padeda palaikyti normali\u0105 nerv\u0173 sistemos veikl\u0105, normali\u0105 energijos apykait\u0105 bei normali\u0105 \u0161irdies veikl\u0105. Be to, miel\u0117s puikiai skatina ir gyv\u016bno odos l\u0105steli\u0173 regeneracij\u0105. \u200b<\/p>\n<p>\u0160is pa\u0161aro papildas-sriuba specialiai sukurta suaugusioms ilgaplauk\u0117ms kat\u0117ms.<\/p>\n<p>NATURE\u2018S PROTECTION Lifestyle sriubos \u2013 auk\u0161\u010diausios klas\u0117s, nat\u016bralios, i\u0161skirtini\u0173 skoni\u0173, skirting\u0173 r\u016b\u0161i\u0173 papildai, sukurti patenkinti \u012fvairi\u0173 augintini\u0173 poreikius. \u0160iuose papilduose n\u0117ra dirbtini\u0173 da\u017eikli\u0173, antioksidant\u0173 ir skonio stiprikli\u0173. Sud\u0117tyje \u2013 tik nat\u016bral\u016bs, naudingi gyv\u016bno organizmui ingredientai.<\/p>\n<p>Pagaminta Europos S\u0105jungoje.<\/p>\n","protected":false},"excerpt":{"rendered":"<p>Sud\u0117tis: m\u0117sa ir m\u0117sos perdirbimo produktai (15 % vi\u0161tienos fil\u0117, 5 % kalakutienos fil\u0117), miel\u0117s (0,1 % alaus miel\u0117s). Analitin\u0117s sudedamosios dalys: \u017eali baltymai \u2013 2 %, \u017ealia l\u0105steliena \u2013 0,2 %, \u017eali riebalai \u2013 1,5 %, \u017eali pelenai \u2013 0,8 %, dr\u0117gnis \u2013 94 %. Kat\u0117s nat\u016braliai geria labai ma\u017eai vandens. Jei kat\u0117 gauna [&hellip;]<\/p>\n","protected":false},"featured_media":23990,"comment_status":"closed","ping_status":"closed","template":"","meta":{"_acf_changed":false,"_monsterinsights_skip_tracking":false,"_monsterinsights_sitenote_active":false,"_monsterinsights_sitenote_note":"","_monsterinsights_sitenote_category":0},"product_brand":[],"product_cat":[886,870,876],"product_tag":[],"class_list":{"0":"post-23938","1":"product","2":"type-product","3":"status-publish","4":"has-post-thumbnail","6":"product_cat-konservai-katems","7":"product_cat-maistas-katems","8":"product_cat-sausas-kaciu-maistas","10":"first","11":"instock","12":"shipping-taxable","13":"purchasable","14":"product-type-simple"},"acf":[],"aioseo_notices":[],"yoast_head":"<!-- This site is optimized with the Yoast SEO plugin v24.8.1 - https:\/\/yoast.com\/wordpress\/plugins\/seo\/ -->\n<title>NATURE&#039;S PROTECTION LIFESTYLE SRIUBA KAT\u0116MS SU PAUK\u0160TIENA 140ml | Dz\u012bvnieku produkti<\/title>\n<meta name=\"robots\" content=\"index, follow, max-snippet:-1, max-image-preview:large, max-video-preview:-1\" \/>\n<link rel=\"canonical\" href=\"https:\/\/zoosalis.lv\/lt\/natures-protection-lifestyle-sriuba-katems-su-paukstiena-140ml\/\" \/>\n<meta property=\"og:locale\" content=\"lt_LT\" \/>\n<meta property=\"og:type\" content=\"article\" \/>\n<meta property=\"og:title\" content=\"NATURE&#039;S PROTECTION LIFESTYLE SRIUBA KAT\u0116MS SU PAUK\u0160TIENA 140ml | Dz\u012bvnieku produkti\" \/>\n<meta property=\"og:description\" content=\"Sud\u0117tis: m\u0117sa ir m\u0117sos perdirbimo produktai (15 % vi\u0161tienos fil\u0117, 5 % kalakutienos fil\u0117), miel\u0117s (0,1 % alaus miel\u0117s). Analitin\u0117s sudedamosios dalys: \u017eali baltymai \u2013 2 %, \u017ealia l\u0105steliena \u2013 0,2 %, \u017eali riebalai \u2013 1,5 %, \u017eali pelenai \u2013 0,8 %, dr\u0117gnis \u2013 94 %. Kat\u0117s nat\u016braliai geria labai ma\u017eai vandens. Jei kat\u0117 gauna [&hellip;]\" \/>\n<meta property=\"og:url\" content=\"https:\/\/zoosalis.lv\/lt\/natures-protection-lifestyle-sriuba-katems-su-paukstiena-140ml\/\" \/>\n<meta property=\"og:site_name\" content=\"Dz\u012bvnieku produkti\" \/>\n<meta property=\"article:publisher\" content=\"https:\/\/www.facebook.com\/zooprekesjums\/\" \/>\n<meta property=\"article:modified_time\" content=\"2025-04-08T08:45:16+00:00\" \/>\n<meta property=\"og:image\" content=\"https:\/\/zoosalis.lv\/wp-content\/uploads\/2024\/02\/Group-62.png\" \/>\n\t<meta property=\"og:image:width\" content=\"1537\" \/>\n\t<meta property=\"og:image:height\" content=\"337\" \/>\n\t<meta property=\"og:image:type\" content=\"image\/png\" \/>\n<meta name=\"twitter:card\" content=\"summary_large_image\" \/>\n<meta name=\"twitter:label1\" content=\"Est. reading time\" \/>\n\t<meta name=\"twitter:data1\" content=\"1 minut\u0117\" \/>\n<script type=\"application\/ld+json\" class=\"yoast-schema-graph\">{\"@context\":\"https:\/\/schema.org\",\"@graph\":[{\"@type\":\"WebPage\",\"@id\":\"https:\/\/zoosalis.lv\/natures-protection-lifestyle-sriuba-katems-su-paukstiena-140ml\/\",\"url\":\"https:\/\/zoosalis.lv\/natures-protection-lifestyle-sriuba-katems-su-paukstiena-140ml\/\",\"name\":\"NATURE'S PROTECTION LIFESTYLE SRIUBA KAT\u0116MS SU PAUK\u0160TIENA 140ml | Dz\u012bvnieku produkti\",\"isPartOf\":{\"@id\":\"https:\/\/zoosalis.lv\/#website\"},\"primaryImageOfPage\":{\"@id\":\"https:\/\/zoosalis.lv\/natures-protection-lifestyle-sriuba-katems-su-paukstiena-140ml\/#primaryimage\"},\"image\":{\"@id\":\"https:\/\/zoosalis.lv\/natures-protection-lifestyle-sriuba-katems-su-paukstiena-140ml\/#primaryimage\"},\"thumbnailUrl\":\"https:\/\/zoosalis.lv\/wp-content\/uploads\/2025\/04\/KIKNPLF63357-scaled-1.jpg\",\"datePublished\":\"2025-04-08T08:43:24+00:00\",\"dateModified\":\"2025-04-08T08:45:16+00:00\",\"breadcrumb\":{\"@id\":\"https:\/\/zoosalis.lv\/natures-protection-lifestyle-sriuba-katems-su-paukstiena-140ml\/#breadcrumb\"},\"inLanguage\":\"lt-LT\",\"potentialAction\":[{\"@type\":\"ReadAction\",\"target\":[\"https:\/\/zoosalis.lv\/natures-protection-lifestyle-sriuba-katems-su-paukstiena-140ml\/\"]}]},{\"@type\":\"ImageObject\",\"inLanguage\":\"lt-LT\",\"@id\":\"https:\/\/zoosalis.lv\/natures-protection-lifestyle-sriuba-katems-su-paukstiena-140ml\/#primaryimage\",\"url\":\"https:\/\/zoosalis.lv\/wp-content\/uploads\/2025\/04\/KIKNPLF63357-scaled-1.jpg\",\"contentUrl\":\"https:\/\/zoosalis.lv\/wp-content\/uploads\/2025\/04\/KIKNPLF63357-scaled-1.jpg\",\"width\":1600,\"height\":1600},{\"@type\":\"BreadcrumbList\",\"@id\":\"https:\/\/zoosalis.lv\/natures-protection-lifestyle-sriuba-katems-su-paukstiena-140ml\/#breadcrumb\",\"itemListElement\":[{\"@type\":\"ListItem\",\"position\":1,\"name\":\"Home\",\"item\":\"https:\/\/zoosalis.lv\/\"},{\"@type\":\"ListItem\",\"position\":2,\"name\":\"Parduotuv\u0117\",\"item\":\"https:\/\/zoosalis.lv\/parduotuve\/\"},{\"@type\":\"ListItem\",\"position\":3,\"name\":\"NATURE&#8217;S PROTECTION LIFESTYLE SRIUBA KAT\u0116MS SU PAUK\u0160TIENA 140ml\"}]},{\"@type\":\"WebSite\",\"@id\":\"https:\/\/zoosalis.lv\/#website\",\"url\":\"https:\/\/zoosalis.lv\/\",\"name\":\"Dz\u012bvnieku produkti\",\"description\":\"zoo\u0161alis.lt\",\"publisher\":{\"@id\":\"https:\/\/zoosalis.lv\/#organization\"},\"potentialAction\":[{\"@type\":\"SearchAction\",\"target\":{\"@type\":\"EntryPoint\",\"urlTemplate\":\"https:\/\/zoosalis.lv\/?s={search_term_string}\"},\"query-input\":{\"@type\":\"PropertyValueSpecification\",\"valueRequired\":true,\"valueName\":\"search_term_string\"}}],\"inLanguage\":\"lt-LT\"},{\"@type\":\"Organization\",\"@id\":\"https:\/\/zoosalis.lv\/#organization\",\"name\":\"Zoo\u0161alis.lt\",\"url\":\"https:\/\/zoosalis.lv\/\",\"logo\":{\"@type\":\"ImageObject\",\"inLanguage\":\"lt-LT\",\"@id\":\"https:\/\/zoosalis.lv\/#\/schema\/logo\/image\/\",\"url\":\"https:\/\/zoosalis.lv\/wp-content\/uploads\/2024\/02\/Group-62.png\",\"contentUrl\":\"https:\/\/zoosalis.lv\/wp-content\/uploads\/2024\/02\/Group-62.png\",\"width\":1537,\"height\":337,\"caption\":\"Zoo\u0161alis.lt\"},\"image\":{\"@id\":\"https:\/\/zoosalis.lv\/#\/schema\/logo\/image\/\"},\"sameAs\":[\"https:\/\/www.facebook.com\/zooprekesjums\/\"]}]}<\/script>\n<!-- \/ Yoast SEO plugin. -->","yoast_head_json":{"title":"NATURE'S PROTECTION LIFESTYLE SRIUBA KAT\u0116MS SU PAUK\u0160TIENA 140ml | Dz\u012bvnieku produkti","robots":{"index":"index","follow":"follow","max-snippet":"max-snippet:-1","max-image-preview":"max-image-preview:large","max-video-preview":"max-video-preview:-1"},"canonical":"https:\/\/zoosalis.lv\/lt\/natures-protection-lifestyle-sriuba-katems-su-paukstiena-140ml\/","og_locale":"lt_LT","og_type":"article","og_title":"NATURE'S PROTECTION LIFESTYLE SRIUBA KAT\u0116MS SU PAUK\u0160TIENA 140ml | Dz\u012bvnieku produkti","og_description":"Sud\u0117tis: m\u0117sa ir m\u0117sos perdirbimo produktai (15 % vi\u0161tienos fil\u0117, 5 % kalakutienos fil\u0117), miel\u0117s (0,1 % alaus miel\u0117s). Analitin\u0117s sudedamosios dalys: \u017eali baltymai \u2013 2 %, \u017ealia l\u0105steliena \u2013 0,2 %, \u017eali riebalai \u2013 1,5 %, \u017eali pelenai \u2013 0,8 %, dr\u0117gnis \u2013 94 %. Kat\u0117s nat\u016braliai geria labai ma\u017eai vandens. Jei kat\u0117 gauna [&hellip;]","og_url":"https:\/\/zoosalis.lv\/lt\/natures-protection-lifestyle-sriuba-katems-su-paukstiena-140ml\/","og_site_name":"Dz\u012bvnieku produkti","article_publisher":"https:\/\/www.facebook.com\/zooprekesjums\/","article_modified_time":"2025-04-08T08:45:16+00:00","og_image":[{"width":1537,"height":337,"url":"https:\/\/zoosalis.lv\/wp-content\/uploads\/2024\/02\/Group-62.png","type":"image\/png"}],"twitter_card":"summary_large_image","twitter_misc":{"Est. reading time":"1 minut\u0117"},"schema":{"@context":"https:\/\/schema.org","@graph":[{"@type":"WebPage","@id":"https:\/\/zoosalis.lv\/natures-protection-lifestyle-sriuba-katems-su-paukstiena-140ml\/","url":"https:\/\/zoosalis.lv\/natures-protection-lifestyle-sriuba-katems-su-paukstiena-140ml\/","name":"NATURE'S PROTECTION LIFESTYLE SRIUBA KAT\u0116MS SU PAUK\u0160TIENA 140ml | Dz\u012bvnieku produkti","isPartOf":{"@id":"https:\/\/zoosalis.lv\/#website"},"primaryImageOfPage":{"@id":"https:\/\/zoosalis.lv\/natures-protection-lifestyle-sriuba-katems-su-paukstiena-140ml\/#primaryimage"},"image":{"@id":"https:\/\/zoosalis.lv\/natures-protection-lifestyle-sriuba-katems-su-paukstiena-140ml\/#primaryimage"},"thumbnailUrl":"https:\/\/zoosalis.lv\/wp-content\/uploads\/2025\/04\/KIKNPLF63357-scaled-1.jpg","datePublished":"2025-04-08T08:43:24+00:00","dateModified":"2025-04-08T08:45:16+00:00","breadcrumb":{"@id":"https:\/\/zoosalis.lv\/natures-protection-lifestyle-sriuba-katems-su-paukstiena-140ml\/#breadcrumb"},"inLanguage":"lt-LT","potentialAction":[{"@type":"ReadAction","target":["https:\/\/zoosalis.lv\/natures-protection-lifestyle-sriuba-katems-su-paukstiena-140ml\/"]}]},{"@type":"ImageObject","inLanguage":"lt-LT","@id":"https:\/\/zoosalis.lv\/natures-protection-lifestyle-sriuba-katems-su-paukstiena-140ml\/#primaryimage","url":"https:\/\/zoosalis.lv\/wp-content\/uploads\/2025\/04\/KIKNPLF63357-scaled-1.jpg","contentUrl":"https:\/\/zoosalis.lv\/wp-content\/uploads\/2025\/04\/KIKNPLF63357-scaled-1.jpg","width":1600,"height":1600},{"@type":"BreadcrumbList","@id":"https:\/\/zoosalis.lv\/natures-protection-lifestyle-sriuba-katems-su-paukstiena-140ml\/#breadcrumb","itemListElement":[{"@type":"ListItem","position":1,"name":"Home","item":"https:\/\/zoosalis.lv\/"},{"@type":"ListItem","position":2,"name":"Parduotuv\u0117","item":"https:\/\/zoosalis.lv\/parduotuve\/"},{"@type":"ListItem","position":3,"name":"NATURE&#8217;S PROTECTION LIFESTYLE SRIUBA KAT\u0116MS SU PAUK\u0160TIENA 140ml"}]},{"@type":"WebSite","@id":"https:\/\/zoosalis.lv\/#website","url":"https:\/\/zoosalis.lv\/","name":"Dz\u012bvnieku produkti","description":"zoo\u0161alis.lt","publisher":{"@id":"https:\/\/zoosalis.lv\/#organization"},"potentialAction":[{"@type":"SearchAction","target":{"@type":"EntryPoint","urlTemplate":"https:\/\/zoosalis.lv\/?s={search_term_string}"},"query-input":{"@type":"PropertyValueSpecification","valueRequired":true,"valueName":"search_term_string"}}],"inLanguage":"lt-LT"},{"@type":"Organization","@id":"https:\/\/zoosalis.lv\/#organization","name":"Zoo\u0161alis.lt","url":"https:\/\/zoosalis.lv\/","logo":{"@type":"ImageObject","inLanguage":"lt-LT","@id":"https:\/\/zoosalis.lv\/#\/schema\/logo\/image\/","url":"https:\/\/zoosalis.lv\/wp-content\/uploads\/2024\/02\/Group-62.png","contentUrl":"https:\/\/zoosalis.lv\/wp-content\/uploads\/2024\/02\/Group-62.png","width":1537,"height":337,"caption":"Zoo\u0161alis.lt"},"image":{"@id":"https:\/\/zoosalis.lv\/#\/schema\/logo\/image\/"},"sameAs":["https:\/\/www.facebook.com\/zooprekesjums\/"]}]}},"_links":{"self":[{"href":"https:\/\/zoosalis.lv\/lt\/wp-json\/wp\/v2\/product\/23938"}],"collection":[{"href":"https:\/\/zoosalis.lv\/lt\/wp-json\/wp\/v2\/product"}],"about":[{"href":"https:\/\/zoosalis.lv\/lt\/wp-json\/wp\/v2\/types\/product"}],"replies":[{"embeddable":true,"href":"https:\/\/zoosalis.lv\/lt\/wp-json\/wp\/v2\/comments?post=23938"}],"wp:featuredmedia":[{"embeddable":true,"href":"https:\/\/zoosalis.lv\/lt\/wp-json\/wp\/v2\/media\/23990"}],"wp:attachment":[{"href":"https:\/\/zoosalis.lv\/lt\/wp-json\/wp\/v2\/media?parent=23938"}],"wp:term":[{"taxonomy":"product_brand","embeddable":true,"href":"https:\/\/zoosalis.lv\/lt\/wp-json\/wp\/v2\/product_brand?post=23938"},{"taxonomy":"product_cat","embeddable":true,"href":"https:\/\/zoosalis.lv\/lt\/wp-json\/wp\/v2\/product_cat?post=23938"},{"taxonomy":"product_tag","embeddable":true,"href":"https:\/\/zoosalis.lv\/lt\/wp-json\/wp\/v2\/product_tag?post=23938"}],"curies":[{"name":"wp","href":"https:\/\/api.w.org\/{rel}","templated":true}]}}