{"id":23995,"date":"2025-04-08T08:45:24","date_gmt":"2025-04-08T08:45:24","guid":{"rendered":"https:\/\/zoosalis.lv\/?post_type=product&#038;p=23995"},"modified":"2025-04-08T08:48:16","modified_gmt":"2025-04-08T08:48:16","slug":"natures-protection-weight-control-konservuotas-pasaras-katems-su-vistiena-ir-lasisa","status":"publish","type":"product","link":"https:\/\/zoosalis.lv\/lt\/natures-protection-weight-control-konservuotas-pasaras-katems-su-vistiena-ir-lasisa\/","title":{"rendered":"NATURE&#8217;S PROTECTION WEIGHT CONTROL KONSERVUOTAS PA\u0160ARAS KAT\u0116MS SU VI\u0160TIENA IR LA\u0160I\u0160A"},"content":{"rendered":"<p>Konservuotas pa\u0161aras NP Weight control su vi\u0161tiena ir la\u0161i\u0161a \u2013 puikus pasirinkimas sterilizuotoms ir polink\u012f \u012f nutukim\u0105 turin\u010dioms kat\u0117ms.<\/p>\n<p><strong>Auk\u0161\u010diausia kokyb\u0117<\/strong><br \/>\nPagrindinis baltym\u0173 \u0161altinis konservuose \u2013 auk\u0161tos kokyb\u0117s, nat\u016bralaus skonio ir kvapo, \u017emoni\u0173 maisto gamyboje naudojama m\u0117sa ir \u017euvis.<strong>Sud\u0117tyje \u2013 neriebi m\u0117sa<\/strong><br \/>\nPa\u0161aro sud\u0117tyje esanti m\u0117sa \u2013 neriebi, konservuose yra vos 4 % \u017eali\u0173 riebal\u0173. \u0160is pa\u0161aras puikiai tinka augintinio svorio kontrolei.<strong>Gausu organizmui nauding\u0173 med\u017eiag\u0173<\/strong><br \/>\nKonservuose esantys vitaminai E ir B<sub>1<\/sub>apsaugo organizm\u0105 ir stiprina imunitet\u0105. La\u0161i\u0161a pa\u0161ar\u0105 praturtina Omega-3 riebal\u0173 r\u016bg\u0161timis, kurios pagerina augintinio odos ir kailio b\u016bkl\u0119.<strong>Sandari pakuot\u0117<\/strong><br \/>\nKonserv\u0173 pakuot\u0117 \u2013 mai\u0161elis yra sandarus ir lengvai atidaromas.<strong>Ypatingas patogumas<\/strong><br \/>\nVienoje pakuot\u0117je esantis maisto kiekis (100 g) yra tinkamas vienai kat\u0117s maisto porcijai, tad \u0161\u012f pa\u0161ar\u0105 patogu naudoti ir namuose ir keliaujant.<\/p>\n","protected":false},"excerpt":{"rendered":"<p>Konservuotas pa\u0161aras NP Weight control su vi\u0161tiena ir la\u0161i\u0161a \u2013 puikus pasirinkimas sterilizuotoms ir polink\u012f \u012f nutukim\u0105 turin\u010dioms kat\u0117ms. Auk\u0161\u010diausia kokyb\u0117 Pagrindinis baltym\u0173 \u0161altinis konservuose \u2013 auk\u0161tos kokyb\u0117s, nat\u016bralaus skonio ir kvapo, \u017emoni\u0173 maisto gamyboje naudojama m\u0117sa ir \u017euvis.Sud\u0117tyje \u2013 neriebi m\u0117sa Pa\u0161aro sud\u0117tyje esanti m\u0117sa \u2013 neriebi, konservuose yra vos 4 % \u017eali\u0173 riebal\u0173. [&hellip;]<\/p>\n","protected":false},"featured_media":24049,"comment_status":"closed","ping_status":"closed","template":"","meta":{"_acf_changed":false,"_monsterinsights_skip_tracking":false,"_monsterinsights_sitenote_active":false,"_monsterinsights_sitenote_note":"","_monsterinsights_sitenote_category":0},"product_brand":[],"product_cat":[886,870,876],"product_tag":[],"class_list":{"0":"post-23995","1":"product","2":"type-product","3":"status-publish","4":"has-post-thumbnail","6":"product_cat-konservai-katems","7":"product_cat-maistas-katems","8":"product_cat-sausas-kaciu-maistas","10":"first","11":"instock","12":"shipping-taxable","13":"purchasable","14":"product-type-simple"},"acf":[],"aioseo_notices":[],"yoast_head":"<!-- This site is optimized with the Yoast SEO plugin v24.8.1 - https:\/\/yoast.com\/wordpress\/plugins\/seo\/ -->\n<title>NATURE&#039;S PROTECTION WEIGHT CONTROL KONSERVUOTAS PA\u0160ARAS KAT\u0116MS SU VI\u0160TIENA IR LA\u0160I\u0160A | Dz\u012bvnieku produkti<\/title>\n<meta name=\"robots\" content=\"index, follow, max-snippet:-1, max-image-preview:large, max-video-preview:-1\" \/>\n<link rel=\"canonical\" href=\"https:\/\/zoosalis.lv\/lt\/natures-protection-weight-control-konservuotas-pasaras-katems-su-vistiena-ir-lasisa\/\" \/>\n<meta property=\"og:locale\" content=\"lt_LT\" \/>\n<meta property=\"og:type\" content=\"article\" \/>\n<meta property=\"og:title\" content=\"NATURE&#039;S PROTECTION WEIGHT CONTROL KONSERVUOTAS PA\u0160ARAS KAT\u0116MS SU VI\u0160TIENA IR LA\u0160I\u0160A | Dz\u012bvnieku produkti\" \/>\n<meta property=\"og:description\" content=\"Konservuotas pa\u0161aras NP Weight control su vi\u0161tiena ir la\u0161i\u0161a \u2013 puikus pasirinkimas sterilizuotoms ir polink\u012f \u012f nutukim\u0105 turin\u010dioms kat\u0117ms. Auk\u0161\u010diausia kokyb\u0117 Pagrindinis baltym\u0173 \u0161altinis konservuose \u2013 auk\u0161tos kokyb\u0117s, nat\u016bralaus skonio ir kvapo, \u017emoni\u0173 maisto gamyboje naudojama m\u0117sa ir \u017euvis.Sud\u0117tyje \u2013 neriebi m\u0117sa Pa\u0161aro sud\u0117tyje esanti m\u0117sa \u2013 neriebi, konservuose yra vos 4 % \u017eali\u0173 riebal\u0173. [&hellip;]\" \/>\n<meta property=\"og:url\" content=\"https:\/\/zoosalis.lv\/lt\/natures-protection-weight-control-konservuotas-pasaras-katems-su-vistiena-ir-lasisa\/\" \/>\n<meta property=\"og:site_name\" content=\"Dz\u012bvnieku produkti\" \/>\n<meta property=\"article:publisher\" content=\"https:\/\/www.facebook.com\/zooprekesjums\/\" \/>\n<meta property=\"article:modified_time\" content=\"2025-04-08T08:48:16+00:00\" \/>\n<meta property=\"og:image\" content=\"https:\/\/zoosalis.lv\/wp-content\/uploads\/2024\/02\/Group-62.png\" \/>\n\t<meta property=\"og:image:width\" content=\"1537\" \/>\n\t<meta property=\"og:image:height\" content=\"337\" \/>\n\t<meta property=\"og:image:type\" content=\"image\/png\" \/>\n<meta name=\"twitter:card\" content=\"summary_large_image\" \/>\n<meta name=\"twitter:label1\" content=\"Est. reading time\" \/>\n\t<meta name=\"twitter:data1\" content=\"1 minut\u0117\" \/>\n<script type=\"application\/ld+json\" class=\"yoast-schema-graph\">{\"@context\":\"https:\/\/schema.org\",\"@graph\":[{\"@type\":\"WebPage\",\"@id\":\"https:\/\/zoosalis.lv\/natures-protection-weight-control-konservuotas-pasaras-katems-su-vistiena-ir-lasisa\/\",\"url\":\"https:\/\/zoosalis.lv\/natures-protection-weight-control-konservuotas-pasaras-katems-su-vistiena-ir-lasisa\/\",\"name\":\"NATURE'S PROTECTION WEIGHT CONTROL KONSERVUOTAS PA\u0160ARAS KAT\u0116MS SU VI\u0160TIENA IR LA\u0160I\u0160A | Dz\u012bvnieku produkti\",\"isPartOf\":{\"@id\":\"https:\/\/zoosalis.lv\/#website\"},\"primaryImageOfPage\":{\"@id\":\"https:\/\/zoosalis.lv\/natures-protection-weight-control-konservuotas-pasaras-katems-su-vistiena-ir-lasisa\/#primaryimage\"},\"image\":{\"@id\":\"https:\/\/zoosalis.lv\/natures-protection-weight-control-konservuotas-pasaras-katems-su-vistiena-ir-lasisa\/#primaryimage\"},\"thumbnailUrl\":\"https:\/\/zoosalis.lv\/wp-content\/uploads\/2025\/04\/KIK45190.png\",\"datePublished\":\"2025-04-08T08:45:24+00:00\",\"dateModified\":\"2025-04-08T08:48:16+00:00\",\"breadcrumb\":{\"@id\":\"https:\/\/zoosalis.lv\/natures-protection-weight-control-konservuotas-pasaras-katems-su-vistiena-ir-lasisa\/#breadcrumb\"},\"inLanguage\":\"lt-LT\",\"potentialAction\":[{\"@type\":\"ReadAction\",\"target\":[\"https:\/\/zoosalis.lv\/natures-protection-weight-control-konservuotas-pasaras-katems-su-vistiena-ir-lasisa\/\"]}]},{\"@type\":\"ImageObject\",\"inLanguage\":\"lt-LT\",\"@id\":\"https:\/\/zoosalis.lv\/natures-protection-weight-control-konservuotas-pasaras-katems-su-vistiena-ir-lasisa\/#primaryimage\",\"url\":\"https:\/\/zoosalis.lv\/wp-content\/uploads\/2025\/04\/KIK45190.png\",\"contentUrl\":\"https:\/\/zoosalis.lv\/wp-content\/uploads\/2025\/04\/KIK45190.png\",\"width\":1600,\"height\":1200},{\"@type\":\"BreadcrumbList\",\"@id\":\"https:\/\/zoosalis.lv\/natures-protection-weight-control-konservuotas-pasaras-katems-su-vistiena-ir-lasisa\/#breadcrumb\",\"itemListElement\":[{\"@type\":\"ListItem\",\"position\":1,\"name\":\"Home\",\"item\":\"https:\/\/zoosalis.lv\/\"},{\"@type\":\"ListItem\",\"position\":2,\"name\":\"Parduotuv\u0117\",\"item\":\"https:\/\/zoosalis.lv\/parduotuve\/\"},{\"@type\":\"ListItem\",\"position\":3,\"name\":\"NATURE&#8217;S PROTECTION WEIGHT CONTROL KONSERVUOTAS PA\u0160ARAS KAT\u0116MS SU VI\u0160TIENA IR LA\u0160I\u0160A\"}]},{\"@type\":\"WebSite\",\"@id\":\"https:\/\/zoosalis.lv\/#website\",\"url\":\"https:\/\/zoosalis.lv\/\",\"name\":\"Dz\u012bvnieku produkti\",\"description\":\"zoo\u0161alis.lt\",\"publisher\":{\"@id\":\"https:\/\/zoosalis.lv\/#organization\"},\"potentialAction\":[{\"@type\":\"SearchAction\",\"target\":{\"@type\":\"EntryPoint\",\"urlTemplate\":\"https:\/\/zoosalis.lv\/?s={search_term_string}\"},\"query-input\":{\"@type\":\"PropertyValueSpecification\",\"valueRequired\":true,\"valueName\":\"search_term_string\"}}],\"inLanguage\":\"lt-LT\"},{\"@type\":\"Organization\",\"@id\":\"https:\/\/zoosalis.lv\/#organization\",\"name\":\"Zoo\u0161alis.lt\",\"url\":\"https:\/\/zoosalis.lv\/\",\"logo\":{\"@type\":\"ImageObject\",\"inLanguage\":\"lt-LT\",\"@id\":\"https:\/\/zoosalis.lv\/#\/schema\/logo\/image\/\",\"url\":\"https:\/\/zoosalis.lv\/wp-content\/uploads\/2024\/02\/Group-62.png\",\"contentUrl\":\"https:\/\/zoosalis.lv\/wp-content\/uploads\/2024\/02\/Group-62.png\",\"width\":1537,\"height\":337,\"caption\":\"Zoo\u0161alis.lt\"},\"image\":{\"@id\":\"https:\/\/zoosalis.lv\/#\/schema\/logo\/image\/\"},\"sameAs\":[\"https:\/\/www.facebook.com\/zooprekesjums\/\"]}]}<\/script>\n<!-- \/ Yoast SEO plugin. -->","yoast_head_json":{"title":"NATURE'S PROTECTION WEIGHT CONTROL KONSERVUOTAS PA\u0160ARAS KAT\u0116MS SU VI\u0160TIENA IR LA\u0160I\u0160A | Dz\u012bvnieku produkti","robots":{"index":"index","follow":"follow","max-snippet":"max-snippet:-1","max-image-preview":"max-image-preview:large","max-video-preview":"max-video-preview:-1"},"canonical":"https:\/\/zoosalis.lv\/lt\/natures-protection-weight-control-konservuotas-pasaras-katems-su-vistiena-ir-lasisa\/","og_locale":"lt_LT","og_type":"article","og_title":"NATURE'S PROTECTION WEIGHT CONTROL KONSERVUOTAS PA\u0160ARAS KAT\u0116MS SU VI\u0160TIENA IR LA\u0160I\u0160A | Dz\u012bvnieku produkti","og_description":"Konservuotas pa\u0161aras NP Weight control su vi\u0161tiena ir la\u0161i\u0161a \u2013 puikus pasirinkimas sterilizuotoms ir polink\u012f \u012f nutukim\u0105 turin\u010dioms kat\u0117ms. Auk\u0161\u010diausia kokyb\u0117 Pagrindinis baltym\u0173 \u0161altinis konservuose \u2013 auk\u0161tos kokyb\u0117s, nat\u016bralaus skonio ir kvapo, \u017emoni\u0173 maisto gamyboje naudojama m\u0117sa ir \u017euvis.Sud\u0117tyje \u2013 neriebi m\u0117sa Pa\u0161aro sud\u0117tyje esanti m\u0117sa \u2013 neriebi, konservuose yra vos 4 % \u017eali\u0173 riebal\u0173. [&hellip;]","og_url":"https:\/\/zoosalis.lv\/lt\/natures-protection-weight-control-konservuotas-pasaras-katems-su-vistiena-ir-lasisa\/","og_site_name":"Dz\u012bvnieku produkti","article_publisher":"https:\/\/www.facebook.com\/zooprekesjums\/","article_modified_time":"2025-04-08T08:48:16+00:00","og_image":[{"width":1537,"height":337,"url":"https:\/\/zoosalis.lv\/wp-content\/uploads\/2024\/02\/Group-62.png","type":"image\/png"}],"twitter_card":"summary_large_image","twitter_misc":{"Est. reading time":"1 minut\u0117"},"schema":{"@context":"https:\/\/schema.org","@graph":[{"@type":"WebPage","@id":"https:\/\/zoosalis.lv\/natures-protection-weight-control-konservuotas-pasaras-katems-su-vistiena-ir-lasisa\/","url":"https:\/\/zoosalis.lv\/natures-protection-weight-control-konservuotas-pasaras-katems-su-vistiena-ir-lasisa\/","name":"NATURE'S PROTECTION WEIGHT CONTROL KONSERVUOTAS PA\u0160ARAS KAT\u0116MS SU VI\u0160TIENA IR LA\u0160I\u0160A | Dz\u012bvnieku produkti","isPartOf":{"@id":"https:\/\/zoosalis.lv\/#website"},"primaryImageOfPage":{"@id":"https:\/\/zoosalis.lv\/natures-protection-weight-control-konservuotas-pasaras-katems-su-vistiena-ir-lasisa\/#primaryimage"},"image":{"@id":"https:\/\/zoosalis.lv\/natures-protection-weight-control-konservuotas-pasaras-katems-su-vistiena-ir-lasisa\/#primaryimage"},"thumbnailUrl":"https:\/\/zoosalis.lv\/wp-content\/uploads\/2025\/04\/KIK45190.png","datePublished":"2025-04-08T08:45:24+00:00","dateModified":"2025-04-08T08:48:16+00:00","breadcrumb":{"@id":"https:\/\/zoosalis.lv\/natures-protection-weight-control-konservuotas-pasaras-katems-su-vistiena-ir-lasisa\/#breadcrumb"},"inLanguage":"lt-LT","potentialAction":[{"@type":"ReadAction","target":["https:\/\/zoosalis.lv\/natures-protection-weight-control-konservuotas-pasaras-katems-su-vistiena-ir-lasisa\/"]}]},{"@type":"ImageObject","inLanguage":"lt-LT","@id":"https:\/\/zoosalis.lv\/natures-protection-weight-control-konservuotas-pasaras-katems-su-vistiena-ir-lasisa\/#primaryimage","url":"https:\/\/zoosalis.lv\/wp-content\/uploads\/2025\/04\/KIK45190.png","contentUrl":"https:\/\/zoosalis.lv\/wp-content\/uploads\/2025\/04\/KIK45190.png","width":1600,"height":1200},{"@type":"BreadcrumbList","@id":"https:\/\/zoosalis.lv\/natures-protection-weight-control-konservuotas-pasaras-katems-su-vistiena-ir-lasisa\/#breadcrumb","itemListElement":[{"@type":"ListItem","position":1,"name":"Home","item":"https:\/\/zoosalis.lv\/"},{"@type":"ListItem","position":2,"name":"Parduotuv\u0117","item":"https:\/\/zoosalis.lv\/parduotuve\/"},{"@type":"ListItem","position":3,"name":"NATURE&#8217;S PROTECTION WEIGHT CONTROL KONSERVUOTAS PA\u0160ARAS KAT\u0116MS SU VI\u0160TIENA IR LA\u0160I\u0160A"}]},{"@type":"WebSite","@id":"https:\/\/zoosalis.lv\/#website","url":"https:\/\/zoosalis.lv\/","name":"Dz\u012bvnieku produkti","description":"zoo\u0161alis.lt","publisher":{"@id":"https:\/\/zoosalis.lv\/#organization"},"potentialAction":[{"@type":"SearchAction","target":{"@type":"EntryPoint","urlTemplate":"https:\/\/zoosalis.lv\/?s={search_term_string}"},"query-input":{"@type":"PropertyValueSpecification","valueRequired":true,"valueName":"search_term_string"}}],"inLanguage":"lt-LT"},{"@type":"Organization","@id":"https:\/\/zoosalis.lv\/#organization","name":"Zoo\u0161alis.lt","url":"https:\/\/zoosalis.lv\/","logo":{"@type":"ImageObject","inLanguage":"lt-LT","@id":"https:\/\/zoosalis.lv\/#\/schema\/logo\/image\/","url":"https:\/\/zoosalis.lv\/wp-content\/uploads\/2024\/02\/Group-62.png","contentUrl":"https:\/\/zoosalis.lv\/wp-content\/uploads\/2024\/02\/Group-62.png","width":1537,"height":337,"caption":"Zoo\u0161alis.lt"},"image":{"@id":"https:\/\/zoosalis.lv\/#\/schema\/logo\/image\/"},"sameAs":["https:\/\/www.facebook.com\/zooprekesjums\/"]}]}},"_links":{"self":[{"href":"https:\/\/zoosalis.lv\/lt\/wp-json\/wp\/v2\/product\/23995"}],"collection":[{"href":"https:\/\/zoosalis.lv\/lt\/wp-json\/wp\/v2\/product"}],"about":[{"href":"https:\/\/zoosalis.lv\/lt\/wp-json\/wp\/v2\/types\/product"}],"replies":[{"embeddable":true,"href":"https:\/\/zoosalis.lv\/lt\/wp-json\/wp\/v2\/comments?post=23995"}],"wp:featuredmedia":[{"embeddable":true,"href":"https:\/\/zoosalis.lv\/lt\/wp-json\/wp\/v2\/media\/24049"}],"wp:attachment":[{"href":"https:\/\/zoosalis.lv\/lt\/wp-json\/wp\/v2\/media?parent=23995"}],"wp:term":[{"taxonomy":"product_brand","embeddable":true,"href":"https:\/\/zoosalis.lv\/lt\/wp-json\/wp\/v2\/product_brand?post=23995"},{"taxonomy":"product_cat","embeddable":true,"href":"https:\/\/zoosalis.lv\/lt\/wp-json\/wp\/v2\/product_cat?post=23995"},{"taxonomy":"product_tag","embeddable":true,"href":"https:\/\/zoosalis.lv\/lt\/wp-json\/wp\/v2\/product_tag?post=23995"}],"curies":[{"name":"wp","href":"https:\/\/api.w.org\/{rel}","templated":true}]}}