{"id":24129,"date":"2025-04-08T08:49:45","date_gmt":"2025-04-08T08:49:45","guid":{"rendered":"https:\/\/zoosalis.lv\/?post_type=product&#038;p=24129"},"modified":"2025-04-08T08:50:58","modified_gmt":"2025-04-08T08:50:58","slug":"pess-bio-apsauginis-purskiklis-nuo-erkiu-sunims-bei-katems-250ml","status":"publish","type":"product","link":"https:\/\/zoosalis.lv\/lt\/pess-bio-apsauginis-purskiklis-nuo-erkiu-sunims-bei-katems-250ml\/","title":{"rendered":"PESS BIO Apsauginis Pur\u0161kiklis Nuo Erki\u0173 \u0160unims Bei Kat\u0117ms 250ml."},"content":{"rendered":"<p>Apsauginis pur\u0161kiklis \u0161unims ir kat\u0117ms su pelargonij\u0173 eteriniu aliejumi (Geranium, Pelargonium). Pur\u0161kiklis pasi\u017eymi puikiomis namini\u0173 gyv\u016bn\u0117li\u0173 prie\u017ei\u016bros savyb\u0117mis, taip pat turi veiksming\u0105 apsaug\u0105 nuo blus\u0173 ir erki\u0173.<\/p>\n<p>Eterinis aliejus turi stiprias antiseptines savybes, suteikia gyv\u016bno kailiui \u017evilges\u012f ir blizges\u012f. Aliejus turi malon\u0173 kvap\u0105, kuris taip pat veiksmingai apsaugo gyv\u016bn\u0105 nuo vabzd\u017ei\u0173 (uod\u0173, ut\u0117li\u0173, blus\u0173, erki\u0173) u\u017epuolimo. <\/p>\n<p>Preparat\u0105 galima naudoti gyv\u016bnams nuo 3 m\u0117nesi\u0173, n\u0117\u0161\u010dioms ir \u017eindan\u010dioms kal\u0117ms, bei kal\u0117ms. <\/p>\n<p>Veiksminga apsauga  &#8211; i\u0161kart po naudojimo.<\/p>\n<p>Palaikant \u012fprast\u0105 prevencin\u012f poveik\u012f &#8211; preparat\u0105 galima naudoti tiek kart\u0173, kiek reikia, efektyvumas priklauso nuo oro ir aplinkos s\u0105lyg\u0173. <\/p>\n<p>Gamintojas: Pess, Lenkija<\/p>\n","protected":false},"excerpt":{"rendered":"<p>Apsauginis pur\u0161kiklis \u0161unims ir kat\u0117ms su pelargonij\u0173 eteriniu aliejumi (Geranium, Pelargonium). Pur\u0161kiklis pasi\u017eymi puikiomis namini\u0173 gyv\u016bn\u0117li\u0173 prie\u017ei\u016bros savyb\u0117mis, taip pat turi veiksming\u0105 apsaug\u0105 nuo blus\u0173 ir erki\u0173. Eterinis aliejus turi stiprias antiseptines savybes, suteikia gyv\u016bno kailiui \u017evilges\u012f ir blizges\u012f. Aliejus turi malon\u0173 kvap\u0105, kuris taip pat veiksmingai apsaugo gyv\u016bn\u0105 nuo vabzd\u017ei\u0173 (uod\u0173, ut\u0117li\u0173, blus\u0173, erki\u0173) [&hellip;]<\/p>\n","protected":false},"featured_media":24199,"comment_status":"closed","ping_status":"closed","template":"","meta":{"_acf_changed":false,"_monsterinsights_skip_tracking":false,"_monsterinsights_sitenote_active":false,"_monsterinsights_sitenote_note":"","_monsterinsights_sitenote_category":0},"product_brand":[],"product_cat":[964,870,904],"product_tag":[],"class_list":{"0":"post-24129","1":"product","2":"type-product","3":"status-publish","4":"has-post-thumbnail","6":"product_cat-anti-parazitines-priemones","7":"product_cat-maistas-katems","8":"product_cat-prieziuros-vedziojimo-priemones-katems","10":"first","11":"instock","12":"shipping-taxable","13":"purchasable","14":"product-type-simple"},"acf":[],"aioseo_notices":[],"yoast_head":"<!-- This site is optimized with the Yoast SEO plugin v24.8.1 - https:\/\/yoast.com\/wordpress\/plugins\/seo\/ -->\n<title>PESS BIO Apsauginis Pur\u0161kiklis Nuo Erki\u0173 \u0160unims Bei Kat\u0117ms 250ml. | Dz\u012bvnieku produkti<\/title>\n<meta name=\"robots\" content=\"index, follow, max-snippet:-1, max-image-preview:large, max-video-preview:-1\" \/>\n<link rel=\"canonical\" href=\"https:\/\/zoosalis.lv\/lt\/pess-bio-apsauginis-purskiklis-nuo-erkiu-sunims-bei-katems-250ml\/\" \/>\n<meta property=\"og:locale\" content=\"lt_LT\" \/>\n<meta property=\"og:type\" content=\"article\" \/>\n<meta property=\"og:title\" content=\"PESS BIO Apsauginis Pur\u0161kiklis Nuo Erki\u0173 \u0160unims Bei Kat\u0117ms 250ml. | Dz\u012bvnieku produkti\" \/>\n<meta property=\"og:description\" content=\"Apsauginis pur\u0161kiklis \u0161unims ir kat\u0117ms su pelargonij\u0173 eteriniu aliejumi (Geranium, Pelargonium). Pur\u0161kiklis pasi\u017eymi puikiomis namini\u0173 gyv\u016bn\u0117li\u0173 prie\u017ei\u016bros savyb\u0117mis, taip pat turi veiksming\u0105 apsaug\u0105 nuo blus\u0173 ir erki\u0173. Eterinis aliejus turi stiprias antiseptines savybes, suteikia gyv\u016bno kailiui \u017evilges\u012f ir blizges\u012f. Aliejus turi malon\u0173 kvap\u0105, kuris taip pat veiksmingai apsaugo gyv\u016bn\u0105 nuo vabzd\u017ei\u0173 (uod\u0173, ut\u0117li\u0173, blus\u0173, erki\u0173) [&hellip;]\" \/>\n<meta property=\"og:url\" content=\"https:\/\/zoosalis.lv\/lt\/pess-bio-apsauginis-purskiklis-nuo-erkiu-sunims-bei-katems-250ml\/\" \/>\n<meta property=\"og:site_name\" content=\"Dz\u012bvnieku produkti\" \/>\n<meta property=\"article:publisher\" content=\"https:\/\/www.facebook.com\/zooprekesjums\/\" \/>\n<meta property=\"article:modified_time\" content=\"2025-04-08T08:50:58+00:00\" \/>\n<meta property=\"og:image\" content=\"https:\/\/zoosalis.lv\/wp-content\/uploads\/2024\/02\/Group-62.png\" \/>\n\t<meta property=\"og:image:width\" content=\"1537\" \/>\n\t<meta property=\"og:image:height\" content=\"337\" \/>\n\t<meta property=\"og:image:type\" content=\"image\/png\" \/>\n<meta name=\"twitter:card\" content=\"summary_large_image\" \/>\n<meta name=\"twitter:label1\" content=\"Est. reading time\" \/>\n\t<meta name=\"twitter:data1\" content=\"1 minut\u0117\" \/>\n<script type=\"application\/ld+json\" class=\"yoast-schema-graph\">{\"@context\":\"https:\/\/schema.org\",\"@graph\":[{\"@type\":\"WebPage\",\"@id\":\"https:\/\/zoosalis.lv\/pess-bio-apsauginis-purskiklis-nuo-erkiu-sunims-bei-katems-250ml\/\",\"url\":\"https:\/\/zoosalis.lv\/pess-bio-apsauginis-purskiklis-nuo-erkiu-sunims-bei-katems-250ml\/\",\"name\":\"PESS BIO Apsauginis Pur\u0161kiklis Nuo Erki\u0173 \u0160unims Bei Kat\u0117ms 250ml. | Dz\u012bvnieku produkti\",\"isPartOf\":{\"@id\":\"https:\/\/zoosalis.lv\/#website\"},\"primaryImageOfPage\":{\"@id\":\"https:\/\/zoosalis.lv\/pess-bio-apsauginis-purskiklis-nuo-erkiu-sunims-bei-katems-250ml\/#primaryimage\"},\"image\":{\"@id\":\"https:\/\/zoosalis.lv\/pess-bio-apsauginis-purskiklis-nuo-erkiu-sunims-bei-katems-250ml\/#primaryimage\"},\"thumbnailUrl\":\"https:\/\/zoosalis.lv\/wp-content\/uploads\/2025\/04\/pess-bio-apsauginis-purskiklis-nuo-erkiu-sunims-bei-katems-250ml.jpg\",\"datePublished\":\"2025-04-08T08:49:45+00:00\",\"dateModified\":\"2025-04-08T08:50:58+00:00\",\"breadcrumb\":{\"@id\":\"https:\/\/zoosalis.lv\/pess-bio-apsauginis-purskiklis-nuo-erkiu-sunims-bei-katems-250ml\/#breadcrumb\"},\"inLanguage\":\"lt-LT\",\"potentialAction\":[{\"@type\":\"ReadAction\",\"target\":[\"https:\/\/zoosalis.lv\/pess-bio-apsauginis-purskiklis-nuo-erkiu-sunims-bei-katems-250ml\/\"]}]},{\"@type\":\"ImageObject\",\"inLanguage\":\"lt-LT\",\"@id\":\"https:\/\/zoosalis.lv\/pess-bio-apsauginis-purskiklis-nuo-erkiu-sunims-bei-katems-250ml\/#primaryimage\",\"url\":\"https:\/\/zoosalis.lv\/wp-content\/uploads\/2025\/04\/pess-bio-apsauginis-purskiklis-nuo-erkiu-sunims-bei-katems-250ml.jpg\",\"contentUrl\":\"https:\/\/zoosalis.lv\/wp-content\/uploads\/2025\/04\/pess-bio-apsauginis-purskiklis-nuo-erkiu-sunims-bei-katems-250ml.jpg\",\"width\":870,\"height\":1000},{\"@type\":\"BreadcrumbList\",\"@id\":\"https:\/\/zoosalis.lv\/pess-bio-apsauginis-purskiklis-nuo-erkiu-sunims-bei-katems-250ml\/#breadcrumb\",\"itemListElement\":[{\"@type\":\"ListItem\",\"position\":1,\"name\":\"Home\",\"item\":\"https:\/\/zoosalis.lv\/\"},{\"@type\":\"ListItem\",\"position\":2,\"name\":\"Parduotuv\u0117\",\"item\":\"https:\/\/zoosalis.lv\/parduotuve\/\"},{\"@type\":\"ListItem\",\"position\":3,\"name\":\"PESS BIO Apsauginis Pur\u0161kiklis Nuo Erki\u0173 \u0160unims Bei Kat\u0117ms 250ml.\"}]},{\"@type\":\"WebSite\",\"@id\":\"https:\/\/zoosalis.lv\/#website\",\"url\":\"https:\/\/zoosalis.lv\/\",\"name\":\"Dz\u012bvnieku produkti\",\"description\":\"zoo\u0161alis.lt\",\"publisher\":{\"@id\":\"https:\/\/zoosalis.lv\/#organization\"},\"potentialAction\":[{\"@type\":\"SearchAction\",\"target\":{\"@type\":\"EntryPoint\",\"urlTemplate\":\"https:\/\/zoosalis.lv\/?s={search_term_string}\"},\"query-input\":{\"@type\":\"PropertyValueSpecification\",\"valueRequired\":true,\"valueName\":\"search_term_string\"}}],\"inLanguage\":\"lt-LT\"},{\"@type\":\"Organization\",\"@id\":\"https:\/\/zoosalis.lv\/#organization\",\"name\":\"Zoo\u0161alis.lt\",\"url\":\"https:\/\/zoosalis.lv\/\",\"logo\":{\"@type\":\"ImageObject\",\"inLanguage\":\"lt-LT\",\"@id\":\"https:\/\/zoosalis.lv\/#\/schema\/logo\/image\/\",\"url\":\"https:\/\/zoosalis.lv\/wp-content\/uploads\/2024\/02\/Group-62.png\",\"contentUrl\":\"https:\/\/zoosalis.lv\/wp-content\/uploads\/2024\/02\/Group-62.png\",\"width\":1537,\"height\":337,\"caption\":\"Zoo\u0161alis.lt\"},\"image\":{\"@id\":\"https:\/\/zoosalis.lv\/#\/schema\/logo\/image\/\"},\"sameAs\":[\"https:\/\/www.facebook.com\/zooprekesjums\/\"]}]}<\/script>\n<!-- \/ Yoast SEO plugin. -->","yoast_head_json":{"title":"PESS BIO Apsauginis Pur\u0161kiklis Nuo Erki\u0173 \u0160unims Bei Kat\u0117ms 250ml. | Dz\u012bvnieku produkti","robots":{"index":"index","follow":"follow","max-snippet":"max-snippet:-1","max-image-preview":"max-image-preview:large","max-video-preview":"max-video-preview:-1"},"canonical":"https:\/\/zoosalis.lv\/lt\/pess-bio-apsauginis-purskiklis-nuo-erkiu-sunims-bei-katems-250ml\/","og_locale":"lt_LT","og_type":"article","og_title":"PESS BIO Apsauginis Pur\u0161kiklis Nuo Erki\u0173 \u0160unims Bei Kat\u0117ms 250ml. | Dz\u012bvnieku produkti","og_description":"Apsauginis pur\u0161kiklis \u0161unims ir kat\u0117ms su pelargonij\u0173 eteriniu aliejumi (Geranium, Pelargonium). Pur\u0161kiklis pasi\u017eymi puikiomis namini\u0173 gyv\u016bn\u0117li\u0173 prie\u017ei\u016bros savyb\u0117mis, taip pat turi veiksming\u0105 apsaug\u0105 nuo blus\u0173 ir erki\u0173. Eterinis aliejus turi stiprias antiseptines savybes, suteikia gyv\u016bno kailiui \u017evilges\u012f ir blizges\u012f. Aliejus turi malon\u0173 kvap\u0105, kuris taip pat veiksmingai apsaugo gyv\u016bn\u0105 nuo vabzd\u017ei\u0173 (uod\u0173, ut\u0117li\u0173, blus\u0173, erki\u0173) [&hellip;]","og_url":"https:\/\/zoosalis.lv\/lt\/pess-bio-apsauginis-purskiklis-nuo-erkiu-sunims-bei-katems-250ml\/","og_site_name":"Dz\u012bvnieku produkti","article_publisher":"https:\/\/www.facebook.com\/zooprekesjums\/","article_modified_time":"2025-04-08T08:50:58+00:00","og_image":[{"width":1537,"height":337,"url":"https:\/\/zoosalis.lv\/wp-content\/uploads\/2024\/02\/Group-62.png","type":"image\/png"}],"twitter_card":"summary_large_image","twitter_misc":{"Est. reading time":"1 minut\u0117"},"schema":{"@context":"https:\/\/schema.org","@graph":[{"@type":"WebPage","@id":"https:\/\/zoosalis.lv\/pess-bio-apsauginis-purskiklis-nuo-erkiu-sunims-bei-katems-250ml\/","url":"https:\/\/zoosalis.lv\/pess-bio-apsauginis-purskiklis-nuo-erkiu-sunims-bei-katems-250ml\/","name":"PESS BIO Apsauginis Pur\u0161kiklis Nuo Erki\u0173 \u0160unims Bei Kat\u0117ms 250ml. | Dz\u012bvnieku produkti","isPartOf":{"@id":"https:\/\/zoosalis.lv\/#website"},"primaryImageOfPage":{"@id":"https:\/\/zoosalis.lv\/pess-bio-apsauginis-purskiklis-nuo-erkiu-sunims-bei-katems-250ml\/#primaryimage"},"image":{"@id":"https:\/\/zoosalis.lv\/pess-bio-apsauginis-purskiklis-nuo-erkiu-sunims-bei-katems-250ml\/#primaryimage"},"thumbnailUrl":"https:\/\/zoosalis.lv\/wp-content\/uploads\/2025\/04\/pess-bio-apsauginis-purskiklis-nuo-erkiu-sunims-bei-katems-250ml.jpg","datePublished":"2025-04-08T08:49:45+00:00","dateModified":"2025-04-08T08:50:58+00:00","breadcrumb":{"@id":"https:\/\/zoosalis.lv\/pess-bio-apsauginis-purskiklis-nuo-erkiu-sunims-bei-katems-250ml\/#breadcrumb"},"inLanguage":"lt-LT","potentialAction":[{"@type":"ReadAction","target":["https:\/\/zoosalis.lv\/pess-bio-apsauginis-purskiklis-nuo-erkiu-sunims-bei-katems-250ml\/"]}]},{"@type":"ImageObject","inLanguage":"lt-LT","@id":"https:\/\/zoosalis.lv\/pess-bio-apsauginis-purskiklis-nuo-erkiu-sunims-bei-katems-250ml\/#primaryimage","url":"https:\/\/zoosalis.lv\/wp-content\/uploads\/2025\/04\/pess-bio-apsauginis-purskiklis-nuo-erkiu-sunims-bei-katems-250ml.jpg","contentUrl":"https:\/\/zoosalis.lv\/wp-content\/uploads\/2025\/04\/pess-bio-apsauginis-purskiklis-nuo-erkiu-sunims-bei-katems-250ml.jpg","width":870,"height":1000},{"@type":"BreadcrumbList","@id":"https:\/\/zoosalis.lv\/pess-bio-apsauginis-purskiklis-nuo-erkiu-sunims-bei-katems-250ml\/#breadcrumb","itemListElement":[{"@type":"ListItem","position":1,"name":"Home","item":"https:\/\/zoosalis.lv\/"},{"@type":"ListItem","position":2,"name":"Parduotuv\u0117","item":"https:\/\/zoosalis.lv\/parduotuve\/"},{"@type":"ListItem","position":3,"name":"PESS BIO Apsauginis Pur\u0161kiklis Nuo Erki\u0173 \u0160unims Bei Kat\u0117ms 250ml."}]},{"@type":"WebSite","@id":"https:\/\/zoosalis.lv\/#website","url":"https:\/\/zoosalis.lv\/","name":"Dz\u012bvnieku produkti","description":"zoo\u0161alis.lt","publisher":{"@id":"https:\/\/zoosalis.lv\/#organization"},"potentialAction":[{"@type":"SearchAction","target":{"@type":"EntryPoint","urlTemplate":"https:\/\/zoosalis.lv\/?s={search_term_string}"},"query-input":{"@type":"PropertyValueSpecification","valueRequired":true,"valueName":"search_term_string"}}],"inLanguage":"lt-LT"},{"@type":"Organization","@id":"https:\/\/zoosalis.lv\/#organization","name":"Zoo\u0161alis.lt","url":"https:\/\/zoosalis.lv\/","logo":{"@type":"ImageObject","inLanguage":"lt-LT","@id":"https:\/\/zoosalis.lv\/#\/schema\/logo\/image\/","url":"https:\/\/zoosalis.lv\/wp-content\/uploads\/2024\/02\/Group-62.png","contentUrl":"https:\/\/zoosalis.lv\/wp-content\/uploads\/2024\/02\/Group-62.png","width":1537,"height":337,"caption":"Zoo\u0161alis.lt"},"image":{"@id":"https:\/\/zoosalis.lv\/#\/schema\/logo\/image\/"},"sameAs":["https:\/\/www.facebook.com\/zooprekesjums\/"]}]}},"_links":{"self":[{"href":"https:\/\/zoosalis.lv\/lt\/wp-json\/wp\/v2\/product\/24129"}],"collection":[{"href":"https:\/\/zoosalis.lv\/lt\/wp-json\/wp\/v2\/product"}],"about":[{"href":"https:\/\/zoosalis.lv\/lt\/wp-json\/wp\/v2\/types\/product"}],"replies":[{"embeddable":true,"href":"https:\/\/zoosalis.lv\/lt\/wp-json\/wp\/v2\/comments?post=24129"}],"wp:featuredmedia":[{"embeddable":true,"href":"https:\/\/zoosalis.lv\/lt\/wp-json\/wp\/v2\/media\/24199"}],"wp:attachment":[{"href":"https:\/\/zoosalis.lv\/lt\/wp-json\/wp\/v2\/media?parent=24129"}],"wp:term":[{"taxonomy":"product_brand","embeddable":true,"href":"https:\/\/zoosalis.lv\/lt\/wp-json\/wp\/v2\/product_brand?post=24129"},{"taxonomy":"product_cat","embeddable":true,"href":"https:\/\/zoosalis.lv\/lt\/wp-json\/wp\/v2\/product_cat?post=24129"},{"taxonomy":"product_tag","embeddable":true,"href":"https:\/\/zoosalis.lv\/lt\/wp-json\/wp\/v2\/product_tag?post=24129"}],"curies":[{"name":"wp","href":"https:\/\/api.w.org\/{rel}","templated":true}]}}