{"id":24320,"date":"2025-04-08T08:55:25","date_gmt":"2025-04-08T08:55:25","guid":{"rendered":"https:\/\/zoosalis.lv\/?post_type=product&#038;p=24320"},"modified":"2025-04-08T08:57:08","modified_gmt":"2025-04-08T08:57:08","slug":"royal-canin-appetite-control-loaf-konservai-drebuciuose-85g","status":"publish","type":"product","link":"https:\/\/zoosalis.lv\/lt\/royal-canin-appetite-control-loaf-konservai-drebuciuose-85g\/","title":{"rendered":"Royal Canin Appetite Control Loaf konservai drebu\u010diuose 85g."},"content":{"rendered":"<p>Royal Canin Appetite Control- Apetito KONTROL\u0116S PRIE\u017dI\u016aRA.<\/p>\n<p>Subalansuotas ir visavertis pa\u0161aras suaugusioms kat\u0117ms \u2013 rekomenduojama pad\u0117ti kontroliuoti apetit\u0105.<\/p>\n<p>Royal Canin Appetite Control \u012eRODYTI REZULTATAI<br \/>\nDaugiau nei 90% savinink\u0173 prane\u0161\u0117 apie kontroliuojam\u0105 apetit\u0105 * per 4 savaites.*<\/p>\n<p>Daugiau nei 90% savinink\u0173 prane\u0161\u0117 apie kontroliuojam\u0105 pra\u0161ymo maitinti elges\u012f tarp valgi\u0173 po 4 savai\u010di\u0173, kai j\u0173 kat\u0117s buvo \u0161eriamos sausu ir \u0161lapiu maistu Royal Canin.<\/p>\n<p>SOTUMO JAUSMO REGULIAVIMAS:<\/p>\n<p>Skatina sotumo jausm\u0105.<\/p>\n<p>Kai kuri\u0173 ka\u010di\u0173 apetit\u0105 sunku patenkinti. \u201eROYAL CANIN\u00ae APPETITE CONTROL CARE\u201c padeda suma\u017einti alkio jausm\u0105 esant tam tikram dr\u0117gm\u0117s kiekiui, kad patenkint\u0173 ka\u010di\u0173, kurios linkusios pra\u0161yti nuo stalo maisto tarp valgi\u0173, apetit\u0105.<\/p>\n<p>SVORIO VALDYMAS:<\/p>\n<p>Padeda suma\u017einti antsvorio padid\u0117jimo rizik\u0105.<\/p>\n<p>Nuolat pra\u0161an\u010dios valgyti kat\u0117s turi polink\u012f priaugti svorio. \u0160i formul\u0117 sukurta su vidutinio riebumo ir tiksliu energijos kiekiu, kad j\u016bs\u0173 kat\u0117 gal\u0117t\u0173 i\u0161laikyti form\u0105. Sud\u0117tyje yra L-karnitino, kuris padeda metabolizuoti riebalus.<\/p>\n<p>APETITO KONTROLIAVIMO PROGRAMA<br \/>\nRoyal Canin Appetite Control<\/p>\n<p>Visavertis ir subalansuotas \u0161lapias ir sausas maistas \u201eROYAL CANIN\u00ae APPETITE CONTROL CARE\u201c formul\u0117, leid\u017eian\u010danti jums kontroliuoti j\u016bs\u0173 kat\u0117s sotumo jausm\u0105.<br \/>\nSvarbiausia, kada b\u016bt\u0173 laikomasi maitinimo norm\u0173, nurodyt\u0173 ant pakuot\u0117s.<br \/>\nLeiskite katei aktyviai leisti laik\u0105: \u017eaiskite su ja, duokite \u017eaisl\u0173.<br \/>\nJei kyla r\u016bpes\u010di\u0173 d\u0117l sveikatos, susisiekite su veterinaru.<br \/>\nSUBALANSUOTAS IR TINKAMAS STERILIZUOTOMS KAT\u0116MS<\/p>\n<p>Ideali formul\u0117 sterilizuotoms kat\u0117ms optimalaus svorio palaikymui.<\/p>\n<p>\u0160LAPIMO SISTEMOS APSAUGA<\/p>\n<p>Sukurtas pad\u0117ti palaikyti suaugusios kat\u0117s \u0161lapimo sistemos sveikat\u0105.<\/p>\n<p>Per\u017ei\u016br\u0117kite visus kitus Royal Canin prek\u0117s \u017eenklo produktus.<\/p>\n","protected":false},"excerpt":{"rendered":"<p>Royal Canin Appetite Control- Apetito KONTROL\u0116S PRIE\u017dI\u016aRA. Subalansuotas ir visavertis pa\u0161aras suaugusioms kat\u0117ms \u2013 rekomenduojama pad\u0117ti kontroliuoti apetit\u0105. Royal Canin Appetite Control \u012eRODYTI REZULTATAI Daugiau nei 90% savinink\u0173 prane\u0161\u0117 apie kontroliuojam\u0105 apetit\u0105 * per 4 savaites.* Daugiau nei 90% savinink\u0173 prane\u0161\u0117 apie kontroliuojam\u0105 pra\u0161ymo maitinti elges\u012f tarp valgi\u0173 po 4 savai\u010di\u0173, kai j\u0173 kat\u0117s buvo [&hellip;]<\/p>\n","protected":false},"featured_media":24379,"comment_status":"closed","ping_status":"closed","template":"","meta":{"_acf_changed":false,"_monsterinsights_skip_tracking":false,"_monsterinsights_sitenote_active":false,"_monsterinsights_sitenote_note":"","_monsterinsights_sitenote_category":0},"product_brand":[],"product_cat":[886,870,876],"product_tag":[],"class_list":{"0":"post-24320","1":"product","2":"type-product","3":"status-publish","4":"has-post-thumbnail","6":"product_cat-konservai-katems","7":"product_cat-maistas-katems","8":"product_cat-sausas-kaciu-maistas","10":"first","11":"instock","12":"shipping-taxable","13":"purchasable","14":"product-type-simple"},"acf":[],"aioseo_notices":[],"yoast_head":"<!-- This site is optimized with the Yoast SEO plugin v24.8.1 - https:\/\/yoast.com\/wordpress\/plugins\/seo\/ -->\n<title>Royal Canin Appetite Control Loaf konservai drebu\u010diuose 85g. | Dz\u012bvnieku produkti<\/title>\n<meta name=\"robots\" content=\"index, follow, max-snippet:-1, max-image-preview:large, max-video-preview:-1\" \/>\n<link rel=\"canonical\" href=\"https:\/\/zoosalis.lv\/lt\/royal-canin-appetite-control-loaf-konservai-drebuciuose-85g\/\" \/>\n<meta property=\"og:locale\" content=\"lt_LT\" \/>\n<meta property=\"og:type\" content=\"article\" \/>\n<meta property=\"og:title\" content=\"Royal Canin Appetite Control Loaf konservai drebu\u010diuose 85g. | Dz\u012bvnieku produkti\" \/>\n<meta property=\"og:description\" content=\"Royal Canin Appetite Control- Apetito KONTROL\u0116S PRIE\u017dI\u016aRA. Subalansuotas ir visavertis pa\u0161aras suaugusioms kat\u0117ms \u2013 rekomenduojama pad\u0117ti kontroliuoti apetit\u0105. Royal Canin Appetite Control \u012eRODYTI REZULTATAI Daugiau nei 90% savinink\u0173 prane\u0161\u0117 apie kontroliuojam\u0105 apetit\u0105 * per 4 savaites.* Daugiau nei 90% savinink\u0173 prane\u0161\u0117 apie kontroliuojam\u0105 pra\u0161ymo maitinti elges\u012f tarp valgi\u0173 po 4 savai\u010di\u0173, kai j\u0173 kat\u0117s buvo [&hellip;]\" \/>\n<meta property=\"og:url\" content=\"https:\/\/zoosalis.lv\/lt\/royal-canin-appetite-control-loaf-konservai-drebuciuose-85g\/\" \/>\n<meta property=\"og:site_name\" content=\"Dz\u012bvnieku produkti\" \/>\n<meta property=\"article:publisher\" content=\"https:\/\/www.facebook.com\/zooprekesjums\/\" \/>\n<meta property=\"article:modified_time\" content=\"2025-04-08T08:57:08+00:00\" \/>\n<meta property=\"og:image\" content=\"https:\/\/zoosalis.lv\/wp-content\/uploads\/2024\/02\/Group-62.png\" \/>\n\t<meta property=\"og:image:width\" content=\"1537\" \/>\n\t<meta property=\"og:image:height\" content=\"337\" \/>\n\t<meta property=\"og:image:type\" content=\"image\/png\" \/>\n<meta name=\"twitter:card\" content=\"summary_large_image\" \/>\n<meta name=\"twitter:label1\" content=\"Est. reading time\" \/>\n\t<meta name=\"twitter:data1\" content=\"1 minut\u0117\" \/>\n<script type=\"application\/ld+json\" class=\"yoast-schema-graph\">{\"@context\":\"https:\/\/schema.org\",\"@graph\":[{\"@type\":\"WebPage\",\"@id\":\"https:\/\/zoosalis.lv\/royal-canin-appetite-control-loaf-konservai-drebuciuose-85g\/\",\"url\":\"https:\/\/zoosalis.lv\/royal-canin-appetite-control-loaf-konservai-drebuciuose-85g\/\",\"name\":\"Royal Canin Appetite Control Loaf konservai drebu\u010diuose 85g. | Dz\u012bvnieku produkti\",\"isPartOf\":{\"@id\":\"https:\/\/zoosalis.lv\/#website\"},\"primaryImageOfPage\":{\"@id\":\"https:\/\/zoosalis.lv\/royal-canin-appetite-control-loaf-konservai-drebuciuose-85g\/#primaryimage\"},\"image\":{\"@id\":\"https:\/\/zoosalis.lv\/royal-canin-appetite-control-loaf-konservai-drebuciuose-85g\/#primaryimage\"},\"thumbnailUrl\":\"https:\/\/zoosalis.lv\/wp-content\/uploads\/2025\/04\/royal-canin-fcn-appetite-control-12x85g_UhQakAi.jpeg\",\"datePublished\":\"2025-04-08T08:55:25+00:00\",\"dateModified\":\"2025-04-08T08:57:08+00:00\",\"breadcrumb\":{\"@id\":\"https:\/\/zoosalis.lv\/royal-canin-appetite-control-loaf-konservai-drebuciuose-85g\/#breadcrumb\"},\"inLanguage\":\"lt-LT\",\"potentialAction\":[{\"@type\":\"ReadAction\",\"target\":[\"https:\/\/zoosalis.lv\/royal-canin-appetite-control-loaf-konservai-drebuciuose-85g\/\"]}]},{\"@type\":\"ImageObject\",\"inLanguage\":\"lt-LT\",\"@id\":\"https:\/\/zoosalis.lv\/royal-canin-appetite-control-loaf-konservai-drebuciuose-85g\/#primaryimage\",\"url\":\"https:\/\/zoosalis.lv\/wp-content\/uploads\/2025\/04\/royal-canin-fcn-appetite-control-12x85g_UhQakAi.jpeg\",\"contentUrl\":\"https:\/\/zoosalis.lv\/wp-content\/uploads\/2025\/04\/royal-canin-fcn-appetite-control-12x85g_UhQakAi.jpeg\",\"width\":600,\"height\":600},{\"@type\":\"BreadcrumbList\",\"@id\":\"https:\/\/zoosalis.lv\/royal-canin-appetite-control-loaf-konservai-drebuciuose-85g\/#breadcrumb\",\"itemListElement\":[{\"@type\":\"ListItem\",\"position\":1,\"name\":\"Home\",\"item\":\"https:\/\/zoosalis.lv\/\"},{\"@type\":\"ListItem\",\"position\":2,\"name\":\"Parduotuv\u0117\",\"item\":\"https:\/\/zoosalis.lv\/parduotuve\/\"},{\"@type\":\"ListItem\",\"position\":3,\"name\":\"Royal Canin Appetite Control Loaf konservai drebu\u010diuose 85g.\"}]},{\"@type\":\"WebSite\",\"@id\":\"https:\/\/zoosalis.lv\/#website\",\"url\":\"https:\/\/zoosalis.lv\/\",\"name\":\"Dz\u012bvnieku produkti\",\"description\":\"zoo\u0161alis.lt\",\"publisher\":{\"@id\":\"https:\/\/zoosalis.lv\/#organization\"},\"potentialAction\":[{\"@type\":\"SearchAction\",\"target\":{\"@type\":\"EntryPoint\",\"urlTemplate\":\"https:\/\/zoosalis.lv\/?s={search_term_string}\"},\"query-input\":{\"@type\":\"PropertyValueSpecification\",\"valueRequired\":true,\"valueName\":\"search_term_string\"}}],\"inLanguage\":\"lt-LT\"},{\"@type\":\"Organization\",\"@id\":\"https:\/\/zoosalis.lv\/#organization\",\"name\":\"Zoo\u0161alis.lt\",\"url\":\"https:\/\/zoosalis.lv\/\",\"logo\":{\"@type\":\"ImageObject\",\"inLanguage\":\"lt-LT\",\"@id\":\"https:\/\/zoosalis.lv\/#\/schema\/logo\/image\/\",\"url\":\"https:\/\/zoosalis.lv\/wp-content\/uploads\/2024\/02\/Group-62.png\",\"contentUrl\":\"https:\/\/zoosalis.lv\/wp-content\/uploads\/2024\/02\/Group-62.png\",\"width\":1537,\"height\":337,\"caption\":\"Zoo\u0161alis.lt\"},\"image\":{\"@id\":\"https:\/\/zoosalis.lv\/#\/schema\/logo\/image\/\"},\"sameAs\":[\"https:\/\/www.facebook.com\/zooprekesjums\/\"]}]}<\/script>\n<!-- \/ Yoast SEO plugin. -->","yoast_head_json":{"title":"Royal Canin Appetite Control Loaf konservai drebu\u010diuose 85g. | Dz\u012bvnieku produkti","robots":{"index":"index","follow":"follow","max-snippet":"max-snippet:-1","max-image-preview":"max-image-preview:large","max-video-preview":"max-video-preview:-1"},"canonical":"https:\/\/zoosalis.lv\/lt\/royal-canin-appetite-control-loaf-konservai-drebuciuose-85g\/","og_locale":"lt_LT","og_type":"article","og_title":"Royal Canin Appetite Control Loaf konservai drebu\u010diuose 85g. | Dz\u012bvnieku produkti","og_description":"Royal Canin Appetite Control- Apetito KONTROL\u0116S PRIE\u017dI\u016aRA. Subalansuotas ir visavertis pa\u0161aras suaugusioms kat\u0117ms \u2013 rekomenduojama pad\u0117ti kontroliuoti apetit\u0105. Royal Canin Appetite Control \u012eRODYTI REZULTATAI Daugiau nei 90% savinink\u0173 prane\u0161\u0117 apie kontroliuojam\u0105 apetit\u0105 * per 4 savaites.* Daugiau nei 90% savinink\u0173 prane\u0161\u0117 apie kontroliuojam\u0105 pra\u0161ymo maitinti elges\u012f tarp valgi\u0173 po 4 savai\u010di\u0173, kai j\u0173 kat\u0117s buvo [&hellip;]","og_url":"https:\/\/zoosalis.lv\/lt\/royal-canin-appetite-control-loaf-konservai-drebuciuose-85g\/","og_site_name":"Dz\u012bvnieku produkti","article_publisher":"https:\/\/www.facebook.com\/zooprekesjums\/","article_modified_time":"2025-04-08T08:57:08+00:00","og_image":[{"width":1537,"height":337,"url":"https:\/\/zoosalis.lv\/wp-content\/uploads\/2024\/02\/Group-62.png","type":"image\/png"}],"twitter_card":"summary_large_image","twitter_misc":{"Est. reading time":"1 minut\u0117"},"schema":{"@context":"https:\/\/schema.org","@graph":[{"@type":"WebPage","@id":"https:\/\/zoosalis.lv\/royal-canin-appetite-control-loaf-konservai-drebuciuose-85g\/","url":"https:\/\/zoosalis.lv\/royal-canin-appetite-control-loaf-konservai-drebuciuose-85g\/","name":"Royal Canin Appetite Control Loaf konservai drebu\u010diuose 85g. | Dz\u012bvnieku produkti","isPartOf":{"@id":"https:\/\/zoosalis.lv\/#website"},"primaryImageOfPage":{"@id":"https:\/\/zoosalis.lv\/royal-canin-appetite-control-loaf-konservai-drebuciuose-85g\/#primaryimage"},"image":{"@id":"https:\/\/zoosalis.lv\/royal-canin-appetite-control-loaf-konservai-drebuciuose-85g\/#primaryimage"},"thumbnailUrl":"https:\/\/zoosalis.lv\/wp-content\/uploads\/2025\/04\/royal-canin-fcn-appetite-control-12x85g_UhQakAi.jpeg","datePublished":"2025-04-08T08:55:25+00:00","dateModified":"2025-04-08T08:57:08+00:00","breadcrumb":{"@id":"https:\/\/zoosalis.lv\/royal-canin-appetite-control-loaf-konservai-drebuciuose-85g\/#breadcrumb"},"inLanguage":"lt-LT","potentialAction":[{"@type":"ReadAction","target":["https:\/\/zoosalis.lv\/royal-canin-appetite-control-loaf-konservai-drebuciuose-85g\/"]}]},{"@type":"ImageObject","inLanguage":"lt-LT","@id":"https:\/\/zoosalis.lv\/royal-canin-appetite-control-loaf-konservai-drebuciuose-85g\/#primaryimage","url":"https:\/\/zoosalis.lv\/wp-content\/uploads\/2025\/04\/royal-canin-fcn-appetite-control-12x85g_UhQakAi.jpeg","contentUrl":"https:\/\/zoosalis.lv\/wp-content\/uploads\/2025\/04\/royal-canin-fcn-appetite-control-12x85g_UhQakAi.jpeg","width":600,"height":600},{"@type":"BreadcrumbList","@id":"https:\/\/zoosalis.lv\/royal-canin-appetite-control-loaf-konservai-drebuciuose-85g\/#breadcrumb","itemListElement":[{"@type":"ListItem","position":1,"name":"Home","item":"https:\/\/zoosalis.lv\/"},{"@type":"ListItem","position":2,"name":"Parduotuv\u0117","item":"https:\/\/zoosalis.lv\/parduotuve\/"},{"@type":"ListItem","position":3,"name":"Royal Canin Appetite Control Loaf konservai drebu\u010diuose 85g."}]},{"@type":"WebSite","@id":"https:\/\/zoosalis.lv\/#website","url":"https:\/\/zoosalis.lv\/","name":"Dz\u012bvnieku produkti","description":"zoo\u0161alis.lt","publisher":{"@id":"https:\/\/zoosalis.lv\/#organization"},"potentialAction":[{"@type":"SearchAction","target":{"@type":"EntryPoint","urlTemplate":"https:\/\/zoosalis.lv\/?s={search_term_string}"},"query-input":{"@type":"PropertyValueSpecification","valueRequired":true,"valueName":"search_term_string"}}],"inLanguage":"lt-LT"},{"@type":"Organization","@id":"https:\/\/zoosalis.lv\/#organization","name":"Zoo\u0161alis.lt","url":"https:\/\/zoosalis.lv\/","logo":{"@type":"ImageObject","inLanguage":"lt-LT","@id":"https:\/\/zoosalis.lv\/#\/schema\/logo\/image\/","url":"https:\/\/zoosalis.lv\/wp-content\/uploads\/2024\/02\/Group-62.png","contentUrl":"https:\/\/zoosalis.lv\/wp-content\/uploads\/2024\/02\/Group-62.png","width":1537,"height":337,"caption":"Zoo\u0161alis.lt"},"image":{"@id":"https:\/\/zoosalis.lv\/#\/schema\/logo\/image\/"},"sameAs":["https:\/\/www.facebook.com\/zooprekesjums\/"]}]}},"_links":{"self":[{"href":"https:\/\/zoosalis.lv\/lt\/wp-json\/wp\/v2\/product\/24320"}],"collection":[{"href":"https:\/\/zoosalis.lv\/lt\/wp-json\/wp\/v2\/product"}],"about":[{"href":"https:\/\/zoosalis.lv\/lt\/wp-json\/wp\/v2\/types\/product"}],"replies":[{"embeddable":true,"href":"https:\/\/zoosalis.lv\/lt\/wp-json\/wp\/v2\/comments?post=24320"}],"wp:featuredmedia":[{"embeddable":true,"href":"https:\/\/zoosalis.lv\/lt\/wp-json\/wp\/v2\/media\/24379"}],"wp:attachment":[{"href":"https:\/\/zoosalis.lv\/lt\/wp-json\/wp\/v2\/media?parent=24320"}],"wp:term":[{"taxonomy":"product_brand","embeddable":true,"href":"https:\/\/zoosalis.lv\/lt\/wp-json\/wp\/v2\/product_brand?post=24320"},{"taxonomy":"product_cat","embeddable":true,"href":"https:\/\/zoosalis.lv\/lt\/wp-json\/wp\/v2\/product_cat?post=24320"},{"taxonomy":"product_tag","embeddable":true,"href":"https:\/\/zoosalis.lv\/lt\/wp-json\/wp\/v2\/product_tag?post=24320"}],"curies":[{"name":"wp","href":"https:\/\/api.w.org\/{rel}","templated":true}]}}