{"id":24480,"date":"2025-04-08T08:59:52","date_gmt":"2025-04-08T08:59:52","guid":{"rendered":"https:\/\/zoosalis.lv\/?post_type=product&#038;p=24480"},"modified":"2025-04-08T09:01:06","modified_gmt":"2025-04-08T09:01:06","slug":"slapias-kaciu-maistas-josera-josicat-chicken-in-sauce-0-415-kg","status":"publish","type":"product","link":"https:\/\/zoosalis.lv\/lt\/slapias-kaciu-maistas-josera-josicat-chicken-in-sauce-0-415-kg\/","title":{"rendered":"\u0160lapias ka\u010di\u0173 maistas Josera JosiCat Chicken In Sauce, 0.415 kg"},"content":{"rendered":"<p><strong>\u201eJOSICAT\u201c VI\u0160TIENA PADA\u017dE.<\/strong> Visavertis pa\u0161aras suaugusioms kat\u0117ms.<\/p>\n<p>Nepaprastai skan\u016bs gabal\u0117liai su vi\u0161tiena pada\u017ee!<\/p>\n<p>Tai puiku, tai nepakartojama, tai \u2013 \u201eJosiCat\u201c vi\u0161tiena pada\u017ee! D\u0117l neapsakomai skanaus pada\u017eo net ir i\u0161rank\u016bs augintiniai nesakys \u201ene\u201c m\u016bs\u0173 gard\u017eiajam receptui. Be to, gyv\u016bn\u0117li\u0173 \u0161eimininkams patinka tai, kad \u0161i\u0173 vai\u0161i\u0173 sud\u0117tyje esantis vitaminas E ir D3 prisideda prie l\u0105steli\u0173 apsaugos ir stiprina suaugusi\u0173 ka\u010di\u0173 kaulus.<\/p>\n<ul>\n<li>Puikaus skonio \u0161lapias maistas su vi\u0161tiena pada\u017ee, skirtas suaugusioms kat\u0117ms.<\/li>\n<li>Su vitaminu E, kuris gerina l\u0105steli\u0173 apsaug\u0105.<\/li>\n<li>Su vitaminu D3, padedan\u010diu stiprinti kaulus.<\/li>\n<li>Neturi joki\u0173 bever\u010di\u0173 pried\u0173: prid\u0117tinio cukraus, da\u017eikli\u0173, kvapi\u0173j\u0173 med\u017eiag\u0173 ir konservant\u0173.<\/li>\n<\/ul>\n","protected":false},"excerpt":{"rendered":"<p>\u201eJOSICAT\u201c VI\u0160TIENA PADA\u017dE. Visavertis pa\u0161aras suaugusioms kat\u0117ms. Nepaprastai skan\u016bs gabal\u0117liai su vi\u0161tiena pada\u017ee! Tai puiku, tai nepakartojama, tai \u2013 \u201eJosiCat\u201c vi\u0161tiena pada\u017ee! D\u0117l neapsakomai skanaus pada\u017eo net ir i\u0161rank\u016bs augintiniai nesakys \u201ene\u201c m\u016bs\u0173 gard\u017eiajam receptui. Be to, gyv\u016bn\u0117li\u0173 \u0161eimininkams patinka tai, kad \u0161i\u0173 vai\u0161i\u0173 sud\u0117tyje esantis vitaminas E ir D3 prisideda prie l\u0105steli\u0173 apsaugos ir [&hellip;]<\/p>\n","protected":false},"featured_media":24535,"comment_status":"open","ping_status":"closed","template":"","meta":{"_acf_changed":false,"_monsterinsights_skip_tracking":false,"_monsterinsights_sitenote_active":false,"_monsterinsights_sitenote_note":"","_monsterinsights_sitenote_category":0},"product_brand":[],"product_cat":[925,886,870,876],"product_tag":[],"class_list":{"0":"post-24480","1":"product","2":"type-product","3":"status-publish","4":"has-post-thumbnail","6":"product_cat-josera-sunu-maistas","7":"product_cat-konservai-katems","8":"product_cat-maistas-katems","9":"product_cat-sausas-kaciu-maistas","11":"first","12":"instock","13":"shipping-taxable","14":"purchasable","15":"product-type-simple"},"acf":[],"aioseo_notices":[],"yoast_head":"<!-- This site is optimized with the Yoast SEO plugin v24.8.1 - https:\/\/yoast.com\/wordpress\/plugins\/seo\/ -->\n<title>\u0160lapias ka\u010di\u0173 maistas Josera JosiCat Chicken In Sauce, 0.415 kg | Dz\u012bvnieku produkti<\/title>\n<meta name=\"robots\" content=\"index, follow, max-snippet:-1, max-image-preview:large, max-video-preview:-1\" \/>\n<link rel=\"canonical\" href=\"https:\/\/zoosalis.lv\/lt\/slapias-kaciu-maistas-josera-josicat-chicken-in-sauce-0-415-kg\/\" \/>\n<meta property=\"og:locale\" content=\"lt_LT\" \/>\n<meta property=\"og:type\" content=\"article\" \/>\n<meta property=\"og:title\" content=\"\u0160lapias ka\u010di\u0173 maistas Josera JosiCat Chicken In Sauce, 0.415 kg | Dz\u012bvnieku produkti\" \/>\n<meta property=\"og:description\" content=\"\u201eJOSICAT\u201c VI\u0160TIENA PADA\u017dE. Visavertis pa\u0161aras suaugusioms kat\u0117ms. Nepaprastai skan\u016bs gabal\u0117liai su vi\u0161tiena pada\u017ee! Tai puiku, tai nepakartojama, tai \u2013 \u201eJosiCat\u201c vi\u0161tiena pada\u017ee! D\u0117l neapsakomai skanaus pada\u017eo net ir i\u0161rank\u016bs augintiniai nesakys \u201ene\u201c m\u016bs\u0173 gard\u017eiajam receptui. Be to, gyv\u016bn\u0117li\u0173 \u0161eimininkams patinka tai, kad \u0161i\u0173 vai\u0161i\u0173 sud\u0117tyje esantis vitaminas E ir D3 prisideda prie l\u0105steli\u0173 apsaugos ir [&hellip;]\" \/>\n<meta property=\"og:url\" content=\"https:\/\/zoosalis.lv\/lt\/slapias-kaciu-maistas-josera-josicat-chicken-in-sauce-0-415-kg\/\" \/>\n<meta property=\"og:site_name\" content=\"Dz\u012bvnieku produkti\" \/>\n<meta property=\"article:publisher\" content=\"https:\/\/www.facebook.com\/zooprekesjums\/\" \/>\n<meta property=\"article:modified_time\" content=\"2025-04-08T09:01:06+00:00\" \/>\n<meta property=\"og:image\" content=\"https:\/\/zoosalis.lv\/wp-content\/uploads\/2024\/02\/Group-62.png\" \/>\n\t<meta property=\"og:image:width\" content=\"1537\" \/>\n\t<meta property=\"og:image:height\" content=\"337\" \/>\n\t<meta property=\"og:image:type\" content=\"image\/png\" \/>\n<meta name=\"twitter:card\" content=\"summary_large_image\" \/>\n<meta name=\"twitter:label1\" content=\"Est. reading time\" \/>\n\t<meta name=\"twitter:data1\" content=\"1 minut\u0117\" \/>\n<script type=\"application\/ld+json\" class=\"yoast-schema-graph\">{\"@context\":\"https:\/\/schema.org\",\"@graph\":[{\"@type\":\"WebPage\",\"@id\":\"https:\/\/zoosalis.lv\/slapias-kaciu-maistas-josera-josicat-chicken-in-sauce-0-415-kg\/\",\"url\":\"https:\/\/zoosalis.lv\/slapias-kaciu-maistas-josera-josicat-chicken-in-sauce-0-415-kg\/\",\"name\":\"\u0160lapias ka\u010di\u0173 maistas Josera JosiCat Chicken In Sauce, 0.415 kg | Dz\u012bvnieku produkti\",\"isPartOf\":{\"@id\":\"https:\/\/zoosalis.lv\/#website\"},\"primaryImageOfPage\":{\"@id\":\"https:\/\/zoosalis.lv\/slapias-kaciu-maistas-josera-josicat-chicken-in-sauce-0-415-kg\/#primaryimage\"},\"image\":{\"@id\":\"https:\/\/zoosalis.lv\/slapias-kaciu-maistas-josera-josicat-chicken-in-sauce-0-415-kg\/#primaryimage\"},\"thumbnailUrl\":\"https:\/\/zoosalis.lv\/wp-content\/uploads\/2025\/04\/ddd5f45623bf5bb61020d96072eb15ea.webp\",\"datePublished\":\"2025-04-08T08:59:52+00:00\",\"dateModified\":\"2025-04-08T09:01:06+00:00\",\"breadcrumb\":{\"@id\":\"https:\/\/zoosalis.lv\/slapias-kaciu-maistas-josera-josicat-chicken-in-sauce-0-415-kg\/#breadcrumb\"},\"inLanguage\":\"lt-LT\",\"potentialAction\":[{\"@type\":\"ReadAction\",\"target\":[\"https:\/\/zoosalis.lv\/slapias-kaciu-maistas-josera-josicat-chicken-in-sauce-0-415-kg\/\"]}]},{\"@type\":\"ImageObject\",\"inLanguage\":\"lt-LT\",\"@id\":\"https:\/\/zoosalis.lv\/slapias-kaciu-maistas-josera-josicat-chicken-in-sauce-0-415-kg\/#primaryimage\",\"url\":\"https:\/\/zoosalis.lv\/wp-content\/uploads\/2025\/04\/ddd5f45623bf5bb61020d96072eb15ea.webp\",\"contentUrl\":\"https:\/\/zoosalis.lv\/wp-content\/uploads\/2025\/04\/ddd5f45623bf5bb61020d96072eb15ea.webp\",\"width\":909,\"height\":1342},{\"@type\":\"BreadcrumbList\",\"@id\":\"https:\/\/zoosalis.lv\/slapias-kaciu-maistas-josera-josicat-chicken-in-sauce-0-415-kg\/#breadcrumb\",\"itemListElement\":[{\"@type\":\"ListItem\",\"position\":1,\"name\":\"Home\",\"item\":\"https:\/\/zoosalis.lv\/\"},{\"@type\":\"ListItem\",\"position\":2,\"name\":\"Parduotuv\u0117\",\"item\":\"https:\/\/zoosalis.lv\/parduotuve\/\"},{\"@type\":\"ListItem\",\"position\":3,\"name\":\"\u0160lapias ka\u010di\u0173 maistas Josera JosiCat Chicken In Sauce, 0.415 kg\"}]},{\"@type\":\"WebSite\",\"@id\":\"https:\/\/zoosalis.lv\/#website\",\"url\":\"https:\/\/zoosalis.lv\/\",\"name\":\"Dz\u012bvnieku produkti\",\"description\":\"zoo\u0161alis.lt\",\"publisher\":{\"@id\":\"https:\/\/zoosalis.lv\/#organization\"},\"potentialAction\":[{\"@type\":\"SearchAction\",\"target\":{\"@type\":\"EntryPoint\",\"urlTemplate\":\"https:\/\/zoosalis.lv\/?s={search_term_string}\"},\"query-input\":{\"@type\":\"PropertyValueSpecification\",\"valueRequired\":true,\"valueName\":\"search_term_string\"}}],\"inLanguage\":\"lt-LT\"},{\"@type\":\"Organization\",\"@id\":\"https:\/\/zoosalis.lv\/#organization\",\"name\":\"Zoo\u0161alis.lt\",\"url\":\"https:\/\/zoosalis.lv\/\",\"logo\":{\"@type\":\"ImageObject\",\"inLanguage\":\"lt-LT\",\"@id\":\"https:\/\/zoosalis.lv\/#\/schema\/logo\/image\/\",\"url\":\"https:\/\/zoosalis.lv\/wp-content\/uploads\/2024\/02\/Group-62.png\",\"contentUrl\":\"https:\/\/zoosalis.lv\/wp-content\/uploads\/2024\/02\/Group-62.png\",\"width\":1537,\"height\":337,\"caption\":\"Zoo\u0161alis.lt\"},\"image\":{\"@id\":\"https:\/\/zoosalis.lv\/#\/schema\/logo\/image\/\"},\"sameAs\":[\"https:\/\/www.facebook.com\/zooprekesjums\/\"]}]}<\/script>\n<!-- \/ Yoast SEO plugin. -->","yoast_head_json":{"title":"\u0160lapias ka\u010di\u0173 maistas Josera JosiCat Chicken In Sauce, 0.415 kg | Dz\u012bvnieku produkti","robots":{"index":"index","follow":"follow","max-snippet":"max-snippet:-1","max-image-preview":"max-image-preview:large","max-video-preview":"max-video-preview:-1"},"canonical":"https:\/\/zoosalis.lv\/lt\/slapias-kaciu-maistas-josera-josicat-chicken-in-sauce-0-415-kg\/","og_locale":"lt_LT","og_type":"article","og_title":"\u0160lapias ka\u010di\u0173 maistas Josera JosiCat Chicken In Sauce, 0.415 kg | Dz\u012bvnieku produkti","og_description":"\u201eJOSICAT\u201c VI\u0160TIENA PADA\u017dE. Visavertis pa\u0161aras suaugusioms kat\u0117ms. Nepaprastai skan\u016bs gabal\u0117liai su vi\u0161tiena pada\u017ee! Tai puiku, tai nepakartojama, tai \u2013 \u201eJosiCat\u201c vi\u0161tiena pada\u017ee! D\u0117l neapsakomai skanaus pada\u017eo net ir i\u0161rank\u016bs augintiniai nesakys \u201ene\u201c m\u016bs\u0173 gard\u017eiajam receptui. Be to, gyv\u016bn\u0117li\u0173 \u0161eimininkams patinka tai, kad \u0161i\u0173 vai\u0161i\u0173 sud\u0117tyje esantis vitaminas E ir D3 prisideda prie l\u0105steli\u0173 apsaugos ir [&hellip;]","og_url":"https:\/\/zoosalis.lv\/lt\/slapias-kaciu-maistas-josera-josicat-chicken-in-sauce-0-415-kg\/","og_site_name":"Dz\u012bvnieku produkti","article_publisher":"https:\/\/www.facebook.com\/zooprekesjums\/","article_modified_time":"2025-04-08T09:01:06+00:00","og_image":[{"width":1537,"height":337,"url":"https:\/\/zoosalis.lv\/wp-content\/uploads\/2024\/02\/Group-62.png","type":"image\/png"}],"twitter_card":"summary_large_image","twitter_misc":{"Est. reading time":"1 minut\u0117"},"schema":{"@context":"https:\/\/schema.org","@graph":[{"@type":"WebPage","@id":"https:\/\/zoosalis.lv\/slapias-kaciu-maistas-josera-josicat-chicken-in-sauce-0-415-kg\/","url":"https:\/\/zoosalis.lv\/slapias-kaciu-maistas-josera-josicat-chicken-in-sauce-0-415-kg\/","name":"\u0160lapias ka\u010di\u0173 maistas Josera JosiCat Chicken In Sauce, 0.415 kg | Dz\u012bvnieku produkti","isPartOf":{"@id":"https:\/\/zoosalis.lv\/#website"},"primaryImageOfPage":{"@id":"https:\/\/zoosalis.lv\/slapias-kaciu-maistas-josera-josicat-chicken-in-sauce-0-415-kg\/#primaryimage"},"image":{"@id":"https:\/\/zoosalis.lv\/slapias-kaciu-maistas-josera-josicat-chicken-in-sauce-0-415-kg\/#primaryimage"},"thumbnailUrl":"https:\/\/zoosalis.lv\/wp-content\/uploads\/2025\/04\/ddd5f45623bf5bb61020d96072eb15ea.webp","datePublished":"2025-04-08T08:59:52+00:00","dateModified":"2025-04-08T09:01:06+00:00","breadcrumb":{"@id":"https:\/\/zoosalis.lv\/slapias-kaciu-maistas-josera-josicat-chicken-in-sauce-0-415-kg\/#breadcrumb"},"inLanguage":"lt-LT","potentialAction":[{"@type":"ReadAction","target":["https:\/\/zoosalis.lv\/slapias-kaciu-maistas-josera-josicat-chicken-in-sauce-0-415-kg\/"]}]},{"@type":"ImageObject","inLanguage":"lt-LT","@id":"https:\/\/zoosalis.lv\/slapias-kaciu-maistas-josera-josicat-chicken-in-sauce-0-415-kg\/#primaryimage","url":"https:\/\/zoosalis.lv\/wp-content\/uploads\/2025\/04\/ddd5f45623bf5bb61020d96072eb15ea.webp","contentUrl":"https:\/\/zoosalis.lv\/wp-content\/uploads\/2025\/04\/ddd5f45623bf5bb61020d96072eb15ea.webp","width":909,"height":1342},{"@type":"BreadcrumbList","@id":"https:\/\/zoosalis.lv\/slapias-kaciu-maistas-josera-josicat-chicken-in-sauce-0-415-kg\/#breadcrumb","itemListElement":[{"@type":"ListItem","position":1,"name":"Home","item":"https:\/\/zoosalis.lv\/"},{"@type":"ListItem","position":2,"name":"Parduotuv\u0117","item":"https:\/\/zoosalis.lv\/parduotuve\/"},{"@type":"ListItem","position":3,"name":"\u0160lapias ka\u010di\u0173 maistas Josera JosiCat Chicken In Sauce, 0.415 kg"}]},{"@type":"WebSite","@id":"https:\/\/zoosalis.lv\/#website","url":"https:\/\/zoosalis.lv\/","name":"Dz\u012bvnieku produkti","description":"zoo\u0161alis.lt","publisher":{"@id":"https:\/\/zoosalis.lv\/#organization"},"potentialAction":[{"@type":"SearchAction","target":{"@type":"EntryPoint","urlTemplate":"https:\/\/zoosalis.lv\/?s={search_term_string}"},"query-input":{"@type":"PropertyValueSpecification","valueRequired":true,"valueName":"search_term_string"}}],"inLanguage":"lt-LT"},{"@type":"Organization","@id":"https:\/\/zoosalis.lv\/#organization","name":"Zoo\u0161alis.lt","url":"https:\/\/zoosalis.lv\/","logo":{"@type":"ImageObject","inLanguage":"lt-LT","@id":"https:\/\/zoosalis.lv\/#\/schema\/logo\/image\/","url":"https:\/\/zoosalis.lv\/wp-content\/uploads\/2024\/02\/Group-62.png","contentUrl":"https:\/\/zoosalis.lv\/wp-content\/uploads\/2024\/02\/Group-62.png","width":1537,"height":337,"caption":"Zoo\u0161alis.lt"},"image":{"@id":"https:\/\/zoosalis.lv\/#\/schema\/logo\/image\/"},"sameAs":["https:\/\/www.facebook.com\/zooprekesjums\/"]}]}},"_links":{"self":[{"href":"https:\/\/zoosalis.lv\/lt\/wp-json\/wp\/v2\/product\/24480"}],"collection":[{"href":"https:\/\/zoosalis.lv\/lt\/wp-json\/wp\/v2\/product"}],"about":[{"href":"https:\/\/zoosalis.lv\/lt\/wp-json\/wp\/v2\/types\/product"}],"replies":[{"embeddable":true,"href":"https:\/\/zoosalis.lv\/lt\/wp-json\/wp\/v2\/comments?post=24480"}],"wp:featuredmedia":[{"embeddable":true,"href":"https:\/\/zoosalis.lv\/lt\/wp-json\/wp\/v2\/media\/24535"}],"wp:attachment":[{"href":"https:\/\/zoosalis.lv\/lt\/wp-json\/wp\/v2\/media?parent=24480"}],"wp:term":[{"taxonomy":"product_brand","embeddable":true,"href":"https:\/\/zoosalis.lv\/lt\/wp-json\/wp\/v2\/product_brand?post=24480"},{"taxonomy":"product_cat","embeddable":true,"href":"https:\/\/zoosalis.lv\/lt\/wp-json\/wp\/v2\/product_cat?post=24480"},{"taxonomy":"product_tag","embeddable":true,"href":"https:\/\/zoosalis.lv\/lt\/wp-json\/wp\/v2\/product_tag?post=24480"}],"curies":[{"name":"wp","href":"https:\/\/api.w.org\/{rel}","templated":true}]}}