{"id":24497,"date":"2025-04-08T09:00:15","date_gmt":"2025-04-08T09:00:15","guid":{"rendered":"https:\/\/zoosalis.lv\/?post_type=product&#038;p=24497"},"modified":"2025-04-08T09:01:40","modified_gmt":"2025-04-08T09:01:40","slug":"smakers-nimfoms-riesutu-skonio-skanestai-2vnt","status":"publish","type":"product","link":"https:\/\/zoosalis.lv\/lt\/smakers-nimfoms-riesutu-skonio-skanestai-2vnt\/","title":{"rendered":"Smakers Nimfoms Rie\u0161ut\u0173 skonio skan\u0117stai 2vnt"},"content":{"rendered":"<p>Smakers sud\u0117tyje yra smulk\u016bs, labai skan\u016bs rie\u0161utai, kurie papildo pap\u016bg\u0117li\u0173 diet\u0105 vitaminu E. Vitaminas E yra puikiu antioksidantu, saugo gyv\u016bn\u0117lio nervin\u0119 ir imunin\u0119 sistem\u0105. Be to, rie\u0161utai tai gausus magnio \u0161altinis.<\/p>\n<p>Sud\u0117tis: geltonosios soros, kvietiniai miltai, raudonosios soros, avi\u017eos su luobel\u0117mis, dygmin\u0173 s\u0117klos, nuluptas rie\u0161utas (8,5%), lin\u0173 s\u0117menys.<\/p>\n<p>Mitybos rekomendacijos: maitinti kiekvien\u0105 dien\u0105<br \/>\nAnalitiniai komponentai: <\/p>\n<p>    neapdoroti baltymai % (min): 9,7<br \/>\n    aliejai ir neapdoroti riebalai % (min): 5,6<br \/>\n    neapdorota l\u0105steliena % (max): 7,3<br \/>\n    neapdoroti pelenai % (max): 4,4<br \/>\n    dr\u0117gm\u0117 % (max): 12<\/p>\n","protected":false},"excerpt":{"rendered":"<p>Smakers sud\u0117tyje yra smulk\u016bs, labai skan\u016bs rie\u0161utai, kurie papildo pap\u016bg\u0117li\u0173 diet\u0105 vitaminu E. Vitaminas E yra puikiu antioksidantu, saugo gyv\u016bn\u0117lio nervin\u0119 ir imunin\u0119 sistem\u0105. Be to, rie\u0161utai tai gausus magnio \u0161altinis. Sud\u0117tis: geltonosios soros, kvietiniai miltai, raudonosios soros, avi\u017eos su luobel\u0117mis, dygmin\u0173 s\u0117klos, nuluptas rie\u0161utas (8,5%), lin\u0173 s\u0117menys. Mitybos rekomendacijos: maitinti kiekvien\u0105 dien\u0105 Analitiniai komponentai: [&hellip;]<\/p>\n","protected":false},"featured_media":24549,"comment_status":"closed","ping_status":"closed","template":"","meta":{"_acf_changed":false,"_monsterinsights_skip_tracking":false,"_monsterinsights_sitenote_active":false,"_monsterinsights_sitenote_note":"","_monsterinsights_sitenote_category":0},"product_brand":[],"product_cat":[914,919,920],"product_tag":[],"class_list":{"0":"post-24497","1":"product","2":"type-product","3":"status-publish","4":"has-post-thumbnail","6":"product_cat-maistas-pauksciams","7":"product_cat-mityba-vitaminai-pauksciams","8":"product_cat-skanestai-pauksciams","10":"first","11":"instock","12":"shipping-taxable","13":"purchasable","14":"product-type-simple"},"acf":[],"aioseo_notices":[],"yoast_head":"<!-- This site is optimized with the Yoast SEO plugin v24.8.1 - https:\/\/yoast.com\/wordpress\/plugins\/seo\/ -->\n<title>Smakers Nimfoms Rie\u0161ut\u0173 skonio skan\u0117stai 2vnt | Dz\u012bvnieku produkti<\/title>\n<meta name=\"robots\" content=\"index, follow, max-snippet:-1, max-image-preview:large, max-video-preview:-1\" \/>\n<link rel=\"canonical\" href=\"https:\/\/zoosalis.lv\/lt\/smakers-nimfoms-riesutu-skonio-skanestai-2vnt\/\" \/>\n<meta property=\"og:locale\" content=\"lt_LT\" \/>\n<meta property=\"og:type\" content=\"article\" \/>\n<meta property=\"og:title\" content=\"Smakers Nimfoms Rie\u0161ut\u0173 skonio skan\u0117stai 2vnt | Dz\u012bvnieku produkti\" \/>\n<meta property=\"og:description\" content=\"Smakers sud\u0117tyje yra smulk\u016bs, labai skan\u016bs rie\u0161utai, kurie papildo pap\u016bg\u0117li\u0173 diet\u0105 vitaminu E. Vitaminas E yra puikiu antioksidantu, saugo gyv\u016bn\u0117lio nervin\u0119 ir imunin\u0119 sistem\u0105. Be to, rie\u0161utai tai gausus magnio \u0161altinis. Sud\u0117tis: geltonosios soros, kvietiniai miltai, raudonosios soros, avi\u017eos su luobel\u0117mis, dygmin\u0173 s\u0117klos, nuluptas rie\u0161utas (8,5%), lin\u0173 s\u0117menys. Mitybos rekomendacijos: maitinti kiekvien\u0105 dien\u0105 Analitiniai komponentai: [&hellip;]\" \/>\n<meta property=\"og:url\" content=\"https:\/\/zoosalis.lv\/lt\/smakers-nimfoms-riesutu-skonio-skanestai-2vnt\/\" \/>\n<meta property=\"og:site_name\" content=\"Dz\u012bvnieku produkti\" \/>\n<meta property=\"article:publisher\" content=\"https:\/\/www.facebook.com\/zooprekesjums\/\" \/>\n<meta property=\"article:modified_time\" content=\"2025-04-08T09:01:40+00:00\" \/>\n<meta property=\"og:image\" content=\"https:\/\/zoosalis.lv\/wp-content\/uploads\/2024\/02\/Group-62.png\" \/>\n\t<meta property=\"og:image:width\" content=\"1537\" \/>\n\t<meta property=\"og:image:height\" content=\"337\" \/>\n\t<meta property=\"og:image:type\" content=\"image\/png\" \/>\n<meta name=\"twitter:card\" content=\"summary_large_image\" \/>\n<script type=\"application\/ld+json\" class=\"yoast-schema-graph\">{\"@context\":\"https:\/\/schema.org\",\"@graph\":[{\"@type\":\"WebPage\",\"@id\":\"https:\/\/zoosalis.lv\/smakers-nimfoms-riesutu-skonio-skanestai-2vnt\/\",\"url\":\"https:\/\/zoosalis.lv\/smakers-nimfoms-riesutu-skonio-skanestai-2vnt\/\",\"name\":\"Smakers Nimfoms Rie\u0161ut\u0173 skonio skan\u0117stai 2vnt | Dz\u012bvnieku produkti\",\"isPartOf\":{\"@id\":\"https:\/\/zoosalis.lv\/#website\"},\"primaryImageOfPage\":{\"@id\":\"https:\/\/zoosalis.lv\/smakers-nimfoms-riesutu-skonio-skanestai-2vnt\/#primaryimage\"},\"image\":{\"@id\":\"https:\/\/zoosalis.lv\/smakers-nimfoms-riesutu-skonio-skanestai-2vnt\/#primaryimage\"},\"thumbnailUrl\":\"https:\/\/zoosalis.lv\/wp-content\/uploads\/2025\/04\/lit_il_Smakers-Nimfoms-Riesutu-skonio-skanestai-2vnt-46334.jpg\",\"datePublished\":\"2025-04-08T09:00:15+00:00\",\"dateModified\":\"2025-04-08T09:01:40+00:00\",\"breadcrumb\":{\"@id\":\"https:\/\/zoosalis.lv\/smakers-nimfoms-riesutu-skonio-skanestai-2vnt\/#breadcrumb\"},\"inLanguage\":\"lt-LT\",\"potentialAction\":[{\"@type\":\"ReadAction\",\"target\":[\"https:\/\/zoosalis.lv\/smakers-nimfoms-riesutu-skonio-skanestai-2vnt\/\"]}]},{\"@type\":\"ImageObject\",\"inLanguage\":\"lt-LT\",\"@id\":\"https:\/\/zoosalis.lv\/smakers-nimfoms-riesutu-skonio-skanestai-2vnt\/#primaryimage\",\"url\":\"https:\/\/zoosalis.lv\/wp-content\/uploads\/2025\/04\/lit_il_Smakers-Nimfoms-Riesutu-skonio-skanestai-2vnt-46334.jpg\",\"contentUrl\":\"https:\/\/zoosalis.lv\/wp-content\/uploads\/2025\/04\/lit_il_Smakers-Nimfoms-Riesutu-skonio-skanestai-2vnt-46334.jpg\",\"width\":194,\"height\":400},{\"@type\":\"BreadcrumbList\",\"@id\":\"https:\/\/zoosalis.lv\/smakers-nimfoms-riesutu-skonio-skanestai-2vnt\/#breadcrumb\",\"itemListElement\":[{\"@type\":\"ListItem\",\"position\":1,\"name\":\"Home\",\"item\":\"https:\/\/zoosalis.lv\/\"},{\"@type\":\"ListItem\",\"position\":2,\"name\":\"Parduotuv\u0117\",\"item\":\"https:\/\/zoosalis.lv\/parduotuve\/\"},{\"@type\":\"ListItem\",\"position\":3,\"name\":\"Smakers Nimfoms Rie\u0161ut\u0173 skonio skan\u0117stai 2vnt\"}]},{\"@type\":\"WebSite\",\"@id\":\"https:\/\/zoosalis.lv\/#website\",\"url\":\"https:\/\/zoosalis.lv\/\",\"name\":\"Dz\u012bvnieku produkti\",\"description\":\"zoo\u0161alis.lt\",\"publisher\":{\"@id\":\"https:\/\/zoosalis.lv\/#organization\"},\"potentialAction\":[{\"@type\":\"SearchAction\",\"target\":{\"@type\":\"EntryPoint\",\"urlTemplate\":\"https:\/\/zoosalis.lv\/?s={search_term_string}\"},\"query-input\":{\"@type\":\"PropertyValueSpecification\",\"valueRequired\":true,\"valueName\":\"search_term_string\"}}],\"inLanguage\":\"lt-LT\"},{\"@type\":\"Organization\",\"@id\":\"https:\/\/zoosalis.lv\/#organization\",\"name\":\"Zoo\u0161alis.lt\",\"url\":\"https:\/\/zoosalis.lv\/\",\"logo\":{\"@type\":\"ImageObject\",\"inLanguage\":\"lt-LT\",\"@id\":\"https:\/\/zoosalis.lv\/#\/schema\/logo\/image\/\",\"url\":\"https:\/\/zoosalis.lv\/wp-content\/uploads\/2024\/02\/Group-62.png\",\"contentUrl\":\"https:\/\/zoosalis.lv\/wp-content\/uploads\/2024\/02\/Group-62.png\",\"width\":1537,\"height\":337,\"caption\":\"Zoo\u0161alis.lt\"},\"image\":{\"@id\":\"https:\/\/zoosalis.lv\/#\/schema\/logo\/image\/\"},\"sameAs\":[\"https:\/\/www.facebook.com\/zooprekesjums\/\"]}]}<\/script>\n<!-- \/ Yoast SEO plugin. -->","yoast_head_json":{"title":"Smakers Nimfoms Rie\u0161ut\u0173 skonio skan\u0117stai 2vnt | Dz\u012bvnieku produkti","robots":{"index":"index","follow":"follow","max-snippet":"max-snippet:-1","max-image-preview":"max-image-preview:large","max-video-preview":"max-video-preview:-1"},"canonical":"https:\/\/zoosalis.lv\/lt\/smakers-nimfoms-riesutu-skonio-skanestai-2vnt\/","og_locale":"lt_LT","og_type":"article","og_title":"Smakers Nimfoms Rie\u0161ut\u0173 skonio skan\u0117stai 2vnt | Dz\u012bvnieku produkti","og_description":"Smakers sud\u0117tyje yra smulk\u016bs, labai skan\u016bs rie\u0161utai, kurie papildo pap\u016bg\u0117li\u0173 diet\u0105 vitaminu E. Vitaminas E yra puikiu antioksidantu, saugo gyv\u016bn\u0117lio nervin\u0119 ir imunin\u0119 sistem\u0105. Be to, rie\u0161utai tai gausus magnio \u0161altinis. Sud\u0117tis: geltonosios soros, kvietiniai miltai, raudonosios soros, avi\u017eos su luobel\u0117mis, dygmin\u0173 s\u0117klos, nuluptas rie\u0161utas (8,5%), lin\u0173 s\u0117menys. Mitybos rekomendacijos: maitinti kiekvien\u0105 dien\u0105 Analitiniai komponentai: [&hellip;]","og_url":"https:\/\/zoosalis.lv\/lt\/smakers-nimfoms-riesutu-skonio-skanestai-2vnt\/","og_site_name":"Dz\u012bvnieku produkti","article_publisher":"https:\/\/www.facebook.com\/zooprekesjums\/","article_modified_time":"2025-04-08T09:01:40+00:00","og_image":[{"width":1537,"height":337,"url":"https:\/\/zoosalis.lv\/wp-content\/uploads\/2024\/02\/Group-62.png","type":"image\/png"}],"twitter_card":"summary_large_image","schema":{"@context":"https:\/\/schema.org","@graph":[{"@type":"WebPage","@id":"https:\/\/zoosalis.lv\/smakers-nimfoms-riesutu-skonio-skanestai-2vnt\/","url":"https:\/\/zoosalis.lv\/smakers-nimfoms-riesutu-skonio-skanestai-2vnt\/","name":"Smakers Nimfoms Rie\u0161ut\u0173 skonio skan\u0117stai 2vnt | Dz\u012bvnieku produkti","isPartOf":{"@id":"https:\/\/zoosalis.lv\/#website"},"primaryImageOfPage":{"@id":"https:\/\/zoosalis.lv\/smakers-nimfoms-riesutu-skonio-skanestai-2vnt\/#primaryimage"},"image":{"@id":"https:\/\/zoosalis.lv\/smakers-nimfoms-riesutu-skonio-skanestai-2vnt\/#primaryimage"},"thumbnailUrl":"https:\/\/zoosalis.lv\/wp-content\/uploads\/2025\/04\/lit_il_Smakers-Nimfoms-Riesutu-skonio-skanestai-2vnt-46334.jpg","datePublished":"2025-04-08T09:00:15+00:00","dateModified":"2025-04-08T09:01:40+00:00","breadcrumb":{"@id":"https:\/\/zoosalis.lv\/smakers-nimfoms-riesutu-skonio-skanestai-2vnt\/#breadcrumb"},"inLanguage":"lt-LT","potentialAction":[{"@type":"ReadAction","target":["https:\/\/zoosalis.lv\/smakers-nimfoms-riesutu-skonio-skanestai-2vnt\/"]}]},{"@type":"ImageObject","inLanguage":"lt-LT","@id":"https:\/\/zoosalis.lv\/smakers-nimfoms-riesutu-skonio-skanestai-2vnt\/#primaryimage","url":"https:\/\/zoosalis.lv\/wp-content\/uploads\/2025\/04\/lit_il_Smakers-Nimfoms-Riesutu-skonio-skanestai-2vnt-46334.jpg","contentUrl":"https:\/\/zoosalis.lv\/wp-content\/uploads\/2025\/04\/lit_il_Smakers-Nimfoms-Riesutu-skonio-skanestai-2vnt-46334.jpg","width":194,"height":400},{"@type":"BreadcrumbList","@id":"https:\/\/zoosalis.lv\/smakers-nimfoms-riesutu-skonio-skanestai-2vnt\/#breadcrumb","itemListElement":[{"@type":"ListItem","position":1,"name":"Home","item":"https:\/\/zoosalis.lv\/"},{"@type":"ListItem","position":2,"name":"Parduotuv\u0117","item":"https:\/\/zoosalis.lv\/parduotuve\/"},{"@type":"ListItem","position":3,"name":"Smakers Nimfoms Rie\u0161ut\u0173 skonio skan\u0117stai 2vnt"}]},{"@type":"WebSite","@id":"https:\/\/zoosalis.lv\/#website","url":"https:\/\/zoosalis.lv\/","name":"Dz\u012bvnieku produkti","description":"zoo\u0161alis.lt","publisher":{"@id":"https:\/\/zoosalis.lv\/#organization"},"potentialAction":[{"@type":"SearchAction","target":{"@type":"EntryPoint","urlTemplate":"https:\/\/zoosalis.lv\/?s={search_term_string}"},"query-input":{"@type":"PropertyValueSpecification","valueRequired":true,"valueName":"search_term_string"}}],"inLanguage":"lt-LT"},{"@type":"Organization","@id":"https:\/\/zoosalis.lv\/#organization","name":"Zoo\u0161alis.lt","url":"https:\/\/zoosalis.lv\/","logo":{"@type":"ImageObject","inLanguage":"lt-LT","@id":"https:\/\/zoosalis.lv\/#\/schema\/logo\/image\/","url":"https:\/\/zoosalis.lv\/wp-content\/uploads\/2024\/02\/Group-62.png","contentUrl":"https:\/\/zoosalis.lv\/wp-content\/uploads\/2024\/02\/Group-62.png","width":1537,"height":337,"caption":"Zoo\u0161alis.lt"},"image":{"@id":"https:\/\/zoosalis.lv\/#\/schema\/logo\/image\/"},"sameAs":["https:\/\/www.facebook.com\/zooprekesjums\/"]}]}},"_links":{"self":[{"href":"https:\/\/zoosalis.lv\/lt\/wp-json\/wp\/v2\/product\/24497"}],"collection":[{"href":"https:\/\/zoosalis.lv\/lt\/wp-json\/wp\/v2\/product"}],"about":[{"href":"https:\/\/zoosalis.lv\/lt\/wp-json\/wp\/v2\/types\/product"}],"replies":[{"embeddable":true,"href":"https:\/\/zoosalis.lv\/lt\/wp-json\/wp\/v2\/comments?post=24497"}],"wp:featuredmedia":[{"embeddable":true,"href":"https:\/\/zoosalis.lv\/lt\/wp-json\/wp\/v2\/media\/24549"}],"wp:attachment":[{"href":"https:\/\/zoosalis.lv\/lt\/wp-json\/wp\/v2\/media?parent=24497"}],"wp:term":[{"taxonomy":"product_brand","embeddable":true,"href":"https:\/\/zoosalis.lv\/lt\/wp-json\/wp\/v2\/product_brand?post=24497"},{"taxonomy":"product_cat","embeddable":true,"href":"https:\/\/zoosalis.lv\/lt\/wp-json\/wp\/v2\/product_cat?post=24497"},{"taxonomy":"product_tag","embeddable":true,"href":"https:\/\/zoosalis.lv\/lt\/wp-json\/wp\/v2\/product_tag?post=24497"}],"curies":[{"name":"wp","href":"https:\/\/api.w.org\/{rel}","templated":true}]}}