{"id":24845,"date":"2025-04-08T09:08:40","date_gmt":"2025-04-08T09:08:40","guid":{"rendered":"https:\/\/zoosalis.lv\/?post_type=product&#038;p=24845"},"modified":"2025-04-08T09:09:20","modified_gmt":"2025-04-08T09:09:20","slug":"vitapol-smakeriai-nimfoms-oranziniai-2vnt","status":"publish","type":"product","link":"https:\/\/zoosalis.lv\/lt\/vitapol-smakeriai-nimfoms-oranziniai-2vnt\/","title":{"rendered":"VITAPOL &#8222;Smakeriai&#8221; nimfoms &#8211; oran\u017einiai 2vnt."},"content":{"rendered":"<p>Oran\u017einiai &#8222;Smakers&#8221; pap\u016bgoms<br \/>\nSmakeriai puikiai papildo pap\u016bg\u0173 racion\u0105 flavonoidais, vitaminu C, karotinu ir pektinu, nes sud\u0117tyje yra apelsin\u0173. Flavonoidai pasi\u017eymi prie\u0161u\u017edegimin\u0117mis, antibakterin\u0117mis ir prie\u0161grybelin\u0117mis savyb\u0117mis.<\/p>\n<p>Mitybos rekomendacijos: &#8211; maitinti kiekvien\u0105 dien\u0105<\/p>\n<p>Sud\u0117tis: geltonosios soros, luk\u0161tentos avi\u017eos, dygmin\u0173 s\u0117klos, kvie\u010di\u0173 gr\u016bd\u0173 miltai, apelsin\u0173 \u017eievel\u0117s, kokos\u0173 dro\u017el\u0117s, miel\u0117s. Priedai: da\u017eikliai.<\/p>\n<p>Analitini\u0173 komponent\u0173 kiekis: \u017dali baltymai % (min): 13,8<br \/>\n\u017eali aliejai ir riebalai % (min): 4,1<br \/>\n\u017ealios l\u0105stelienos % (maks.): 9,1<br \/>\n\u017eali pelenai % (maks.): 5,8<br \/>\ndr\u0117gm\u0117 % (maks.): 12<\/p>\n","protected":false},"excerpt":{"rendered":"<p>Oran\u017einiai &#8222;Smakers&#8221; pap\u016bgoms Smakeriai puikiai papildo pap\u016bg\u0173 racion\u0105 flavonoidais, vitaminu C, karotinu ir pektinu, nes sud\u0117tyje yra apelsin\u0173. Flavonoidai pasi\u017eymi prie\u0161u\u017edegimin\u0117mis, antibakterin\u0117mis ir prie\u0161grybelin\u0117mis savyb\u0117mis. Mitybos rekomendacijos: &#8211; maitinti kiekvien\u0105 dien\u0105 Sud\u0117tis: geltonosios soros, luk\u0161tentos avi\u017eos, dygmin\u0173 s\u0117klos, kvie\u010di\u0173 gr\u016bd\u0173 miltai, apelsin\u0173 \u017eievel\u0117s, kokos\u0173 dro\u017el\u0117s, miel\u0117s. Priedai: da\u017eikliai. Analitini\u0173 komponent\u0173 kiekis: \u017dali baltymai % (min): [&hellip;]<\/p>\n","protected":false},"featured_media":24890,"comment_status":"closed","ping_status":"closed","template":"","meta":{"_acf_changed":false,"_monsterinsights_skip_tracking":false,"_monsterinsights_sitenote_active":false,"_monsterinsights_sitenote_note":"","_monsterinsights_sitenote_category":0},"product_brand":[],"product_cat":[914,919,920],"product_tag":[],"class_list":{"0":"post-24845","1":"product","2":"type-product","3":"status-publish","4":"has-post-thumbnail","6":"product_cat-maistas-pauksciams","7":"product_cat-mityba-vitaminai-pauksciams","8":"product_cat-skanestai-pauksciams","10":"first","11":"instock","12":"shipping-taxable","13":"purchasable","14":"product-type-simple"},"acf":[],"aioseo_notices":[],"yoast_head":"<!-- This site is optimized with the Yoast SEO plugin v24.8.1 - https:\/\/yoast.com\/wordpress\/plugins\/seo\/ -->\n<title>VITAPOL &quot;Smakeriai&quot; nimfoms - oran\u017einiai 2vnt. | Dz\u012bvnieku produkti<\/title>\n<meta name=\"robots\" content=\"index, follow, max-snippet:-1, max-image-preview:large, max-video-preview:-1\" \/>\n<link rel=\"canonical\" href=\"https:\/\/zoosalis.lv\/lt\/vitapol-smakeriai-nimfoms-oranziniai-2vnt\/\" \/>\n<meta property=\"og:locale\" content=\"lt_LT\" \/>\n<meta property=\"og:type\" content=\"article\" \/>\n<meta property=\"og:title\" content=\"VITAPOL &quot;Smakeriai&quot; nimfoms - oran\u017einiai 2vnt. | Dz\u012bvnieku produkti\" \/>\n<meta property=\"og:description\" content=\"Oran\u017einiai &#8222;Smakers&#8221; pap\u016bgoms Smakeriai puikiai papildo pap\u016bg\u0173 racion\u0105 flavonoidais, vitaminu C, karotinu ir pektinu, nes sud\u0117tyje yra apelsin\u0173. Flavonoidai pasi\u017eymi prie\u0161u\u017edegimin\u0117mis, antibakterin\u0117mis ir prie\u0161grybelin\u0117mis savyb\u0117mis. Mitybos rekomendacijos: &#8211; maitinti kiekvien\u0105 dien\u0105 Sud\u0117tis: geltonosios soros, luk\u0161tentos avi\u017eos, dygmin\u0173 s\u0117klos, kvie\u010di\u0173 gr\u016bd\u0173 miltai, apelsin\u0173 \u017eievel\u0117s, kokos\u0173 dro\u017el\u0117s, miel\u0117s. Priedai: da\u017eikliai. Analitini\u0173 komponent\u0173 kiekis: \u017dali baltymai % (min): [&hellip;]\" \/>\n<meta property=\"og:url\" content=\"https:\/\/zoosalis.lv\/lt\/vitapol-smakeriai-nimfoms-oranziniai-2vnt\/\" \/>\n<meta property=\"og:site_name\" content=\"Dz\u012bvnieku produkti\" \/>\n<meta property=\"article:publisher\" content=\"https:\/\/www.facebook.com\/zooprekesjums\/\" \/>\n<meta property=\"article:modified_time\" content=\"2025-04-08T09:09:20+00:00\" \/>\n<meta property=\"og:image\" content=\"https:\/\/zoosalis.lv\/wp-content\/uploads\/2024\/02\/Group-62.png\" \/>\n\t<meta property=\"og:image:width\" content=\"1537\" \/>\n\t<meta property=\"og:image:height\" content=\"337\" \/>\n\t<meta property=\"og:image:type\" content=\"image\/png\" \/>\n<meta name=\"twitter:card\" content=\"summary_large_image\" \/>\n<script type=\"application\/ld+json\" class=\"yoast-schema-graph\">{\"@context\":\"https:\/\/schema.org\",\"@graph\":[{\"@type\":\"WebPage\",\"@id\":\"https:\/\/zoosalis.lv\/vitapol-smakeriai-nimfoms-oranziniai-2vnt\/\",\"url\":\"https:\/\/zoosalis.lv\/vitapol-smakeriai-nimfoms-oranziniai-2vnt\/\",\"name\":\"VITAPOL \\\"Smakeriai\\\" nimfoms - oran\u017einiai 2vnt. | Dz\u012bvnieku produkti\",\"isPartOf\":{\"@id\":\"https:\/\/zoosalis.lv\/#website\"},\"primaryImageOfPage\":{\"@id\":\"https:\/\/zoosalis.lv\/vitapol-smakeriai-nimfoms-oranziniai-2vnt\/#primaryimage\"},\"image\":{\"@id\":\"https:\/\/zoosalis.lv\/vitapol-smakeriai-nimfoms-oranziniai-2vnt\/#primaryimage\"},\"thumbnailUrl\":\"https:\/\/zoosalis.lv\/wp-content\/uploads\/2025\/04\/lit_pl_VITAPOL-Smakeriai-nimfoms-oranziniai-2vnt-45270_1.jpg\",\"datePublished\":\"2025-04-08T09:08:40+00:00\",\"dateModified\":\"2025-04-08T09:09:20+00:00\",\"breadcrumb\":{\"@id\":\"https:\/\/zoosalis.lv\/vitapol-smakeriai-nimfoms-oranziniai-2vnt\/#breadcrumb\"},\"inLanguage\":\"lt-LT\",\"potentialAction\":[{\"@type\":\"ReadAction\",\"target\":[\"https:\/\/zoosalis.lv\/vitapol-smakeriai-nimfoms-oranziniai-2vnt\/\"]}]},{\"@type\":\"ImageObject\",\"inLanguage\":\"lt-LT\",\"@id\":\"https:\/\/zoosalis.lv\/vitapol-smakeriai-nimfoms-oranziniai-2vnt\/#primaryimage\",\"url\":\"https:\/\/zoosalis.lv\/wp-content\/uploads\/2025\/04\/lit_pl_VITAPOL-Smakeriai-nimfoms-oranziniai-2vnt-45270_1.jpg\",\"contentUrl\":\"https:\/\/zoosalis.lv\/wp-content\/uploads\/2025\/04\/lit_pl_VITAPOL-Smakeriai-nimfoms-oranziniai-2vnt-45270_1.jpg\",\"width\":401,\"height\":794},{\"@type\":\"BreadcrumbList\",\"@id\":\"https:\/\/zoosalis.lv\/vitapol-smakeriai-nimfoms-oranziniai-2vnt\/#breadcrumb\",\"itemListElement\":[{\"@type\":\"ListItem\",\"position\":1,\"name\":\"Home\",\"item\":\"https:\/\/zoosalis.lv\/\"},{\"@type\":\"ListItem\",\"position\":2,\"name\":\"Parduotuv\u0117\",\"item\":\"https:\/\/zoosalis.lv\/parduotuve\/\"},{\"@type\":\"ListItem\",\"position\":3,\"name\":\"VITAPOL &#8222;Smakeriai&#8221; nimfoms &#8211; oran\u017einiai 2vnt.\"}]},{\"@type\":\"WebSite\",\"@id\":\"https:\/\/zoosalis.lv\/#website\",\"url\":\"https:\/\/zoosalis.lv\/\",\"name\":\"Dz\u012bvnieku produkti\",\"description\":\"zoo\u0161alis.lt\",\"publisher\":{\"@id\":\"https:\/\/zoosalis.lv\/#organization\"},\"potentialAction\":[{\"@type\":\"SearchAction\",\"target\":{\"@type\":\"EntryPoint\",\"urlTemplate\":\"https:\/\/zoosalis.lv\/?s={search_term_string}\"},\"query-input\":{\"@type\":\"PropertyValueSpecification\",\"valueRequired\":true,\"valueName\":\"search_term_string\"}}],\"inLanguage\":\"lt-LT\"},{\"@type\":\"Organization\",\"@id\":\"https:\/\/zoosalis.lv\/#organization\",\"name\":\"Zoo\u0161alis.lt\",\"url\":\"https:\/\/zoosalis.lv\/\",\"logo\":{\"@type\":\"ImageObject\",\"inLanguage\":\"lt-LT\",\"@id\":\"https:\/\/zoosalis.lv\/#\/schema\/logo\/image\/\",\"url\":\"https:\/\/zoosalis.lv\/wp-content\/uploads\/2024\/02\/Group-62.png\",\"contentUrl\":\"https:\/\/zoosalis.lv\/wp-content\/uploads\/2024\/02\/Group-62.png\",\"width\":1537,\"height\":337,\"caption\":\"Zoo\u0161alis.lt\"},\"image\":{\"@id\":\"https:\/\/zoosalis.lv\/#\/schema\/logo\/image\/\"},\"sameAs\":[\"https:\/\/www.facebook.com\/zooprekesjums\/\"]}]}<\/script>\n<!-- \/ Yoast SEO plugin. -->","yoast_head_json":{"title":"VITAPOL \"Smakeriai\" nimfoms - oran\u017einiai 2vnt. | Dz\u012bvnieku produkti","robots":{"index":"index","follow":"follow","max-snippet":"max-snippet:-1","max-image-preview":"max-image-preview:large","max-video-preview":"max-video-preview:-1"},"canonical":"https:\/\/zoosalis.lv\/lt\/vitapol-smakeriai-nimfoms-oranziniai-2vnt\/","og_locale":"lt_LT","og_type":"article","og_title":"VITAPOL \"Smakeriai\" nimfoms - oran\u017einiai 2vnt. | Dz\u012bvnieku produkti","og_description":"Oran\u017einiai &#8222;Smakers&#8221; pap\u016bgoms Smakeriai puikiai papildo pap\u016bg\u0173 racion\u0105 flavonoidais, vitaminu C, karotinu ir pektinu, nes sud\u0117tyje yra apelsin\u0173. Flavonoidai pasi\u017eymi prie\u0161u\u017edegimin\u0117mis, antibakterin\u0117mis ir prie\u0161grybelin\u0117mis savyb\u0117mis. Mitybos rekomendacijos: &#8211; maitinti kiekvien\u0105 dien\u0105 Sud\u0117tis: geltonosios soros, luk\u0161tentos avi\u017eos, dygmin\u0173 s\u0117klos, kvie\u010di\u0173 gr\u016bd\u0173 miltai, apelsin\u0173 \u017eievel\u0117s, kokos\u0173 dro\u017el\u0117s, miel\u0117s. Priedai: da\u017eikliai. Analitini\u0173 komponent\u0173 kiekis: \u017dali baltymai % (min): [&hellip;]","og_url":"https:\/\/zoosalis.lv\/lt\/vitapol-smakeriai-nimfoms-oranziniai-2vnt\/","og_site_name":"Dz\u012bvnieku produkti","article_publisher":"https:\/\/www.facebook.com\/zooprekesjums\/","article_modified_time":"2025-04-08T09:09:20+00:00","og_image":[{"width":1537,"height":337,"url":"https:\/\/zoosalis.lv\/wp-content\/uploads\/2024\/02\/Group-62.png","type":"image\/png"}],"twitter_card":"summary_large_image","schema":{"@context":"https:\/\/schema.org","@graph":[{"@type":"WebPage","@id":"https:\/\/zoosalis.lv\/vitapol-smakeriai-nimfoms-oranziniai-2vnt\/","url":"https:\/\/zoosalis.lv\/vitapol-smakeriai-nimfoms-oranziniai-2vnt\/","name":"VITAPOL \"Smakeriai\" nimfoms - oran\u017einiai 2vnt. | Dz\u012bvnieku produkti","isPartOf":{"@id":"https:\/\/zoosalis.lv\/#website"},"primaryImageOfPage":{"@id":"https:\/\/zoosalis.lv\/vitapol-smakeriai-nimfoms-oranziniai-2vnt\/#primaryimage"},"image":{"@id":"https:\/\/zoosalis.lv\/vitapol-smakeriai-nimfoms-oranziniai-2vnt\/#primaryimage"},"thumbnailUrl":"https:\/\/zoosalis.lv\/wp-content\/uploads\/2025\/04\/lit_pl_VITAPOL-Smakeriai-nimfoms-oranziniai-2vnt-45270_1.jpg","datePublished":"2025-04-08T09:08:40+00:00","dateModified":"2025-04-08T09:09:20+00:00","breadcrumb":{"@id":"https:\/\/zoosalis.lv\/vitapol-smakeriai-nimfoms-oranziniai-2vnt\/#breadcrumb"},"inLanguage":"lt-LT","potentialAction":[{"@type":"ReadAction","target":["https:\/\/zoosalis.lv\/vitapol-smakeriai-nimfoms-oranziniai-2vnt\/"]}]},{"@type":"ImageObject","inLanguage":"lt-LT","@id":"https:\/\/zoosalis.lv\/vitapol-smakeriai-nimfoms-oranziniai-2vnt\/#primaryimage","url":"https:\/\/zoosalis.lv\/wp-content\/uploads\/2025\/04\/lit_pl_VITAPOL-Smakeriai-nimfoms-oranziniai-2vnt-45270_1.jpg","contentUrl":"https:\/\/zoosalis.lv\/wp-content\/uploads\/2025\/04\/lit_pl_VITAPOL-Smakeriai-nimfoms-oranziniai-2vnt-45270_1.jpg","width":401,"height":794},{"@type":"BreadcrumbList","@id":"https:\/\/zoosalis.lv\/vitapol-smakeriai-nimfoms-oranziniai-2vnt\/#breadcrumb","itemListElement":[{"@type":"ListItem","position":1,"name":"Home","item":"https:\/\/zoosalis.lv\/"},{"@type":"ListItem","position":2,"name":"Parduotuv\u0117","item":"https:\/\/zoosalis.lv\/parduotuve\/"},{"@type":"ListItem","position":3,"name":"VITAPOL &#8222;Smakeriai&#8221; nimfoms &#8211; oran\u017einiai 2vnt."}]},{"@type":"WebSite","@id":"https:\/\/zoosalis.lv\/#website","url":"https:\/\/zoosalis.lv\/","name":"Dz\u012bvnieku produkti","description":"zoo\u0161alis.lt","publisher":{"@id":"https:\/\/zoosalis.lv\/#organization"},"potentialAction":[{"@type":"SearchAction","target":{"@type":"EntryPoint","urlTemplate":"https:\/\/zoosalis.lv\/?s={search_term_string}"},"query-input":{"@type":"PropertyValueSpecification","valueRequired":true,"valueName":"search_term_string"}}],"inLanguage":"lt-LT"},{"@type":"Organization","@id":"https:\/\/zoosalis.lv\/#organization","name":"Zoo\u0161alis.lt","url":"https:\/\/zoosalis.lv\/","logo":{"@type":"ImageObject","inLanguage":"lt-LT","@id":"https:\/\/zoosalis.lv\/#\/schema\/logo\/image\/","url":"https:\/\/zoosalis.lv\/wp-content\/uploads\/2024\/02\/Group-62.png","contentUrl":"https:\/\/zoosalis.lv\/wp-content\/uploads\/2024\/02\/Group-62.png","width":1537,"height":337,"caption":"Zoo\u0161alis.lt"},"image":{"@id":"https:\/\/zoosalis.lv\/#\/schema\/logo\/image\/"},"sameAs":["https:\/\/www.facebook.com\/zooprekesjums\/"]}]}},"_links":{"self":[{"href":"https:\/\/zoosalis.lv\/lt\/wp-json\/wp\/v2\/product\/24845"}],"collection":[{"href":"https:\/\/zoosalis.lv\/lt\/wp-json\/wp\/v2\/product"}],"about":[{"href":"https:\/\/zoosalis.lv\/lt\/wp-json\/wp\/v2\/types\/product"}],"replies":[{"embeddable":true,"href":"https:\/\/zoosalis.lv\/lt\/wp-json\/wp\/v2\/comments?post=24845"}],"wp:featuredmedia":[{"embeddable":true,"href":"https:\/\/zoosalis.lv\/lt\/wp-json\/wp\/v2\/media\/24890"}],"wp:attachment":[{"href":"https:\/\/zoosalis.lv\/lt\/wp-json\/wp\/v2\/media?parent=24845"}],"wp:term":[{"taxonomy":"product_brand","embeddable":true,"href":"https:\/\/zoosalis.lv\/lt\/wp-json\/wp\/v2\/product_brand?post=24845"},{"taxonomy":"product_cat","embeddable":true,"href":"https:\/\/zoosalis.lv\/lt\/wp-json\/wp\/v2\/product_cat?post=24845"},{"taxonomy":"product_tag","embeddable":true,"href":"https:\/\/zoosalis.lv\/lt\/wp-json\/wp\/v2\/product_tag?post=24845"}],"curies":[{"name":"wp","href":"https:\/\/api.w.org\/{rel}","templated":true}]}}