{"id":18438,"date":"2025-04-01T10:56:23","date_gmt":"2025-04-01T10:56:23","guid":{"rendered":"https:\/\/zoosalis.lv\/?post_type=product&#038;p=18438"},"modified":"2025-04-11T14:22:28","modified_gmt":"2025-04-11T14:22:28","slug":"monge-natural-superpremium-kitten-visavertis-pasaras-kaciukams-nuo-1-iki-12-menesiu-su-sviezia-vistiena","status":"publish","type":"product","link":"https:\/\/zoosalis.lv\/lv\/monge-natural-superpremium-kitten-visavertis-pasaras-kaciukams-nuo-1-iki-12-menesiu-su-sviezia-vistiena\/","title":{"rendered":"MONGE DAB\u012aGA SUPERPREMIUM KA\u0136\u0112NU PILNV\u0112RT\u012aGA BAR\u012aBA KA\u0136\u0112NIEM NO 1 L\u012aDZ 12 M\u0112NE\u0160U VECUMAM. AR SVAIGU VISTU."},"content":{"rendered":"<p style=\"font-weight: 400;\">SAST\u0100VS: vistas ga\u013ca (no kuras svaiga 10%, dehidr\u0113ta 26%), r\u012bsi, dz\u012bvnieku tauki (vistas e\u013c\u013ca, kas satur 99,6% taukus, konserv\u0113ta ar dab\u012bgiem antioksidantiem), kukur\u016bza, hidroliz\u0113ti dz\u012bvnieku prote\u012bni, bie\u0161u m\u012bkstums, kukur\u016bzas lipeklis, olu milti, zivis (dehidr\u0113ts lasis), zivju e\u013c\u013ca (la\u0161a e\u013c\u013ca), alus raugs (MOS un B12 vitam\u012bna avots), ne\u0161\u0137\u012bsto\u0161\u0101s zir\u0146u \u0161\u0137iedrvielas, taur\u012bns, XOS (ksilooligosahar\u012bdi 3 g\/kg), rauga hidroliz\u0101ts (MOS), jukas \u0161idigera ekstrakts.<\/p>\n<p style=\"font-weight: 400;\">ANAL\u012aTISK\u0100S UZTURVIELAS: kopprote\u012bns 34.00%, kope\u013c\u013cas un tauki 20.00%, kop\u0161\u0137iedra 2.50%, koppelni 6.50%, kalcijs 1.50%, fosfors 1.10%,<\/p>\n<p style=\"font-weight: 400;\">Omega 6 tauksk\u0101bes 8,98%, omega-3 tauksk\u0101bes 1,00%, vielmai\u0146as ener\u0123ija 4,220 kcal\/kg.<\/p>\n<p style=\"font-weight: 400;\">UZTURVIELAS: A vitam\u012bns 26\u00a0000 SV, D3 vitam\u012bns 830 SV, E vitam\u012bns 130 mg, B1 vitam\u012bns 12 mg, B2 vitam\u012bns 12 mg, B6 vitam\u012bns 7 mg, B12 vitam\u012bns 0,10 mg, Biot\u012bns 0,30 mg, Niac\u012bns 46 mg, C vitam\u012bns 200 mg, Pantot\u0113nsk\u0101be 12 mg, Folijsk\u0101be 16 mg, Hol\u012bna hlor\u012bds 3000 mg, Inozitols 15 mg, E5 S\u0113ra mangan\u0101ta monohidr\u0101ts 32 mg, E6 Cinka oks\u012bds 150 mg, E4 Vara sulf\u0101ta pentahidr\u0101ts 13 mg, E1 Dzelzs sulf\u0101ta monohidr\u0101ts 110 mg, E8 N\u0101trija selen\u012bts 0,20 mg, E2 Kalcija jod\u0101ts 1,80 mg, L-karnit\u012bns 550 mg, Tehniski t\u012brs DL-metion\u012bns 8 g, 0,25% taur\u012bns.<\/p>\n<p style=\"font-weight: 400;\">TEHNOLO\u0122ISK\u0100S PIEDEVAS: dab\u012bgs tokoferolu un rozmar\u012bna ekstraktu mais\u012bjums<\/p>","protected":false},"excerpt":{"rendered":"<p>SUD\u0116TIS: vi\u0161tiena (i\u0161 kurios \u0161vie\u017eia 10%, dehidratuota 26%), ry\u017eiai, gyv\u016bniniai riebalai (vi\u0161tienos aliejus, kurio sud\u0117tyje yra 99,6% riebal\u0173, konservuoti nat\u016braliais antioksidantais), kukur\u016bzai, hidrolizuoti gyv\u016bniniai baltymai, runkeli\u0173 mink\u0161timas, kukur\u016bz\u0173 glitimas, kiau\u0161ini\u0173 miltai, \u017euvies (dehidratuotos la\u0161i\u0161os), \u017euv\u0173 tauk\u0173 (la\u0161i\u0161\u0173 aliejaus), alaus miel\u0117s (M.O.S. ir vitamino B12 \u0161altinis), netirpus \u017eirni\u0173 pluo\u0161tas, taurinas, X.O.S. (ksilo-oligosacharidai 3 g \/ kg), [&hellip;]<\/p>","protected":false},"featured_media":23897,"comment_status":"closed","ping_status":"closed","template":"","meta":{"_acf_changed":false,"_monsterinsights_skip_tracking":false,"_monsterinsights_sitenote_active":false,"_monsterinsights_sitenote_note":"","_monsterinsights_sitenote_category":0},"product_brand":[],"product_cat":[870,877,876],"product_tag":[],"class_list":{"0":"post-18438","1":"product","2":"type-product","3":"status-publish","4":"has-post-thumbnail","6":"product_cat-maistas-katems","7":"product_cat-sausas-kaciu-edalas","8":"product_cat-sausas-kaciu-maistas","10":"first","11":"instock","12":"shipping-taxable","13":"purchasable","14":"product-type-variable","15":"has-default-attributes"},"acf":[],"aioseo_notices":[],"yoast_head":"<!-- This site is optimized with the Yoast SEO plugin v24.8.1 - https:\/\/yoast.com\/wordpress\/plugins\/seo\/ -->\n<title>MONGE NATURAL SUPERPREMIUM KITTEN VISAVERTIS PA\u0160ARAS KA\u010cIUKAMS NUO 1 IKI 12 M\u0116NESI\u0172. SU \u0160VIE\u017dIA VI\u0160TIENA. | Dz\u012bvnieku produkti<\/title>\n<meta name=\"robots\" content=\"index, follow, max-snippet:-1, max-image-preview:large, max-video-preview:-1\" \/>\n<link rel=\"canonical\" href=\"https:\/\/zoosalis.lv\/lv\/monge-natural-superpremium-kitten-visavertis-pasaras-kaciukams-nuo-1-iki-12-menesiu-su-sviezia-vistiena\/\" \/>\n<meta property=\"og:locale\" content=\"lv_LV\" \/>\n<meta property=\"og:type\" content=\"article\" \/>\n<meta property=\"og:title\" content=\"MONGE NATURAL SUPERPREMIUM KITTEN VISAVERTIS PA\u0160ARAS KA\u010cIUKAMS NUO 1 IKI 12 M\u0116NESI\u0172. SU \u0160VIE\u017dIA VI\u0160TIENA. | Dz\u012bvnieku produkti\" \/>\n<meta property=\"og:description\" content=\"SUD\u0116TIS: vi\u0161tiena (i\u0161 kurios \u0161vie\u017eia 10%, dehidratuota 26%), ry\u017eiai, gyv\u016bniniai riebalai (vi\u0161tienos aliejus, kurio sud\u0117tyje yra 99,6% riebal\u0173, konservuoti nat\u016braliais antioksidantais), kukur\u016bzai, hidrolizuoti gyv\u016bniniai baltymai, runkeli\u0173 mink\u0161timas, kukur\u016bz\u0173 glitimas, kiau\u0161ini\u0173 miltai, \u017euvies (dehidratuotos la\u0161i\u0161os), \u017euv\u0173 tauk\u0173 (la\u0161i\u0161\u0173 aliejaus), alaus miel\u0117s (M.O.S. ir vitamino B12 \u0161altinis), netirpus \u017eirni\u0173 pluo\u0161tas, taurinas, X.O.S. (ksilo-oligosacharidai 3 g \/ kg), [&hellip;]\" \/>\n<meta property=\"og:url\" content=\"https:\/\/zoosalis.lv\/lv\/monge-natural-superpremium-kitten-visavertis-pasaras-kaciukams-nuo-1-iki-12-menesiu-su-sviezia-vistiena\/\" \/>\n<meta property=\"og:site_name\" content=\"Dz\u012bvnieku produkti\" \/>\n<meta property=\"article:publisher\" content=\"https:\/\/www.facebook.com\/zooprekesjums\/\" \/>\n<meta property=\"article:modified_time\" content=\"2025-04-11T14:22:28+00:00\" \/>\n<meta property=\"og:image\" content=\"https:\/\/zoosalis.lv\/wp-content\/uploads\/2025\/04\/monge-natural-superpremium-kitten-visavertis-pasaras-kaciukams-nuo-1-iki-12-menesiu-su-sviezia-vistiena-04-15-10-kg.jpg\" \/>\n\t<meta property=\"og:image:width\" content=\"285\" \/>\n\t<meta property=\"og:image:height\" content=\"285\" \/>\n\t<meta property=\"og:image:type\" content=\"image\/jpeg\" \/>\n<meta name=\"twitter:card\" content=\"summary_large_image\" \/>\n<meta name=\"twitter:label1\" content=\"Est. reading time\" \/>\n\t<meta name=\"twitter:data1\" content=\"1 min\u016bte\" \/>\n<script type=\"application\/ld+json\" class=\"yoast-schema-graph\">{\"@context\":\"https:\/\/schema.org\",\"@graph\":[{\"@type\":\"WebPage\",\"@id\":\"https:\/\/zoosalis.lv\/monge-natural-superpremium-kitten-visavertis-pasaras-kaciukams-nuo-1-iki-12-menesiu-su-sviezia-vistiena\/\",\"url\":\"https:\/\/zoosalis.lv\/monge-natural-superpremium-kitten-visavertis-pasaras-kaciukams-nuo-1-iki-12-menesiu-su-sviezia-vistiena\/\",\"name\":\"MONGE NATURAL SUPERPREMIUM KITTEN VISAVERTIS PA\u0160ARAS KA\u010cIUKAMS NUO 1 IKI 12 M\u0116NESI\u0172. SU \u0160VIE\u017dIA VI\u0160TIENA. | Dz\u012bvnieku produkti\",\"isPartOf\":{\"@id\":\"https:\/\/zoosalis.lv\/#website\"},\"primaryImageOfPage\":{\"@id\":\"https:\/\/zoosalis.lv\/monge-natural-superpremium-kitten-visavertis-pasaras-kaciukams-nuo-1-iki-12-menesiu-su-sviezia-vistiena\/#primaryimage\"},\"image\":{\"@id\":\"https:\/\/zoosalis.lv\/monge-natural-superpremium-kitten-visavertis-pasaras-kaciukams-nuo-1-iki-12-menesiu-su-sviezia-vistiena\/#primaryimage\"},\"thumbnailUrl\":\"https:\/\/zoosalis.lv\/wp-content\/uploads\/2025\/04\/monge-natural-superpremium-kitten-visavertis-pasaras-kaciukams-nuo-1-iki-12-menesiu-su-sviezia-vistiena-04-15-10-kg.jpg\",\"datePublished\":\"2025-04-01T10:56:23+00:00\",\"dateModified\":\"2025-04-11T14:22:28+00:00\",\"breadcrumb\":{\"@id\":\"https:\/\/zoosalis.lv\/monge-natural-superpremium-kitten-visavertis-pasaras-kaciukams-nuo-1-iki-12-menesiu-su-sviezia-vistiena\/#breadcrumb\"},\"inLanguage\":\"lv-LV\",\"potentialAction\":[{\"@type\":\"ReadAction\",\"target\":[\"https:\/\/zoosalis.lv\/monge-natural-superpremium-kitten-visavertis-pasaras-kaciukams-nuo-1-iki-12-menesiu-su-sviezia-vistiena\/\"]}]},{\"@type\":\"ImageObject\",\"inLanguage\":\"lv-LV\",\"@id\":\"https:\/\/zoosalis.lv\/monge-natural-superpremium-kitten-visavertis-pasaras-kaciukams-nuo-1-iki-12-menesiu-su-sviezia-vistiena\/#primaryimage\",\"url\":\"https:\/\/zoosalis.lv\/wp-content\/uploads\/2025\/04\/monge-natural-superpremium-kitten-visavertis-pasaras-kaciukams-nuo-1-iki-12-menesiu-su-sviezia-vistiena-04-15-10-kg.jpg\",\"contentUrl\":\"https:\/\/zoosalis.lv\/wp-content\/uploads\/2025\/04\/monge-natural-superpremium-kitten-visavertis-pasaras-kaciukams-nuo-1-iki-12-menesiu-su-sviezia-vistiena-04-15-10-kg.jpg\",\"width\":285,\"height\":285},{\"@type\":\"BreadcrumbList\",\"@id\":\"https:\/\/zoosalis.lv\/monge-natural-superpremium-kitten-visavertis-pasaras-kaciukams-nuo-1-iki-12-menesiu-su-sviezia-vistiena\/#breadcrumb\",\"itemListElement\":[{\"@type\":\"ListItem\",\"position\":1,\"name\":\"Home\",\"item\":\"https:\/\/zoosalis.lv\/\"},{\"@type\":\"ListItem\",\"position\":2,\"name\":\"Parduotuv\u0117\",\"item\":\"https:\/\/zoosalis.lv\/parduotuve\/\"},{\"@type\":\"ListItem\",\"position\":3,\"name\":\"MONGE NATURAL SUPERPREMIUM KITTEN VISAVERTIS PA\u0160ARAS KA\u010cIUKAMS NUO 1 IKI 12 M\u0116NESI\u0172. SU \u0160VIE\u017dIA VI\u0160TIENA.\"}]},{\"@type\":\"WebSite\",\"@id\":\"https:\/\/zoosalis.lv\/#website\",\"url\":\"https:\/\/zoosalis.lv\/\",\"name\":\"Dz\u012bvnieku produkti\",\"description\":\"zoo\u0161alis.lt\",\"publisher\":{\"@id\":\"https:\/\/zoosalis.lv\/#organization\"},\"potentialAction\":[{\"@type\":\"SearchAction\",\"target\":{\"@type\":\"EntryPoint\",\"urlTemplate\":\"https:\/\/zoosalis.lv\/?s={search_term_string}\"},\"query-input\":{\"@type\":\"PropertyValueSpecification\",\"valueRequired\":true,\"valueName\":\"search_term_string\"}}],\"inLanguage\":\"lv-LV\"},{\"@type\":\"Organization\",\"@id\":\"https:\/\/zoosalis.lv\/#organization\",\"name\":\"Zoo\u0161alis.lt\",\"url\":\"https:\/\/zoosalis.lv\/\",\"logo\":{\"@type\":\"ImageObject\",\"inLanguage\":\"lv-LV\",\"@id\":\"https:\/\/zoosalis.lv\/#\/schema\/logo\/image\/\",\"url\":\"https:\/\/zoosalis.lv\/wp-content\/uploads\/2024\/02\/Group-62.png\",\"contentUrl\":\"https:\/\/zoosalis.lv\/wp-content\/uploads\/2024\/02\/Group-62.png\",\"width\":1537,\"height\":337,\"caption\":\"Zoo\u0161alis.lt\"},\"image\":{\"@id\":\"https:\/\/zoosalis.lv\/#\/schema\/logo\/image\/\"},\"sameAs\":[\"https:\/\/www.facebook.com\/zooprekesjums\/\"]}]}<\/script>\n<!-- \/ Yoast SEO plugin. -->","yoast_head_json":{"title":"MONGE NATURAL SUPERPREMIUM KITTEN VISAVERTIS PA\u0160ARAS KA\u010cIUKAMS NUO 1 IKI 12 M\u0116NESI\u0172. SU \u0160VIE\u017dIA VI\u0160TIENA. | Dz\u012bvnieku produkti","robots":{"index":"index","follow":"follow","max-snippet":"max-snippet:-1","max-image-preview":"max-image-preview:large","max-video-preview":"max-video-preview:-1"},"canonical":"https:\/\/zoosalis.lv\/lv\/monge-natural-superpremium-kitten-visavertis-pasaras-kaciukams-nuo-1-iki-12-menesiu-su-sviezia-vistiena\/","og_locale":"lv_LV","og_type":"article","og_title":"MONGE NATURAL SUPERPREMIUM KITTEN VISAVERTIS PA\u0160ARAS KA\u010cIUKAMS NUO 1 IKI 12 M\u0116NESI\u0172. SU \u0160VIE\u017dIA VI\u0160TIENA. | Dz\u012bvnieku produkti","og_description":"SUD\u0116TIS: vi\u0161tiena (i\u0161 kurios \u0161vie\u017eia 10%, dehidratuota 26%), ry\u017eiai, gyv\u016bniniai riebalai (vi\u0161tienos aliejus, kurio sud\u0117tyje yra 99,6% riebal\u0173, konservuoti nat\u016braliais antioksidantais), kukur\u016bzai, hidrolizuoti gyv\u016bniniai baltymai, runkeli\u0173 mink\u0161timas, kukur\u016bz\u0173 glitimas, kiau\u0161ini\u0173 miltai, \u017euvies (dehidratuotos la\u0161i\u0161os), \u017euv\u0173 tauk\u0173 (la\u0161i\u0161\u0173 aliejaus), alaus miel\u0117s (M.O.S. ir vitamino B12 \u0161altinis), netirpus \u017eirni\u0173 pluo\u0161tas, taurinas, X.O.S. (ksilo-oligosacharidai 3 g \/ kg), [&hellip;]","og_url":"https:\/\/zoosalis.lv\/lv\/monge-natural-superpremium-kitten-visavertis-pasaras-kaciukams-nuo-1-iki-12-menesiu-su-sviezia-vistiena\/","og_site_name":"Dz\u012bvnieku produkti","article_publisher":"https:\/\/www.facebook.com\/zooprekesjums\/","article_modified_time":"2025-04-11T14:22:28+00:00","og_image":[{"width":285,"height":285,"url":"https:\/\/zoosalis.lv\/wp-content\/uploads\/2025\/04\/monge-natural-superpremium-kitten-visavertis-pasaras-kaciukams-nuo-1-iki-12-menesiu-su-sviezia-vistiena-04-15-10-kg.jpg","type":"image\/jpeg"}],"twitter_card":"summary_large_image","twitter_misc":{"Est. reading time":"1 min\u016bte"},"schema":{"@context":"https:\/\/schema.org","@graph":[{"@type":"WebPage","@id":"https:\/\/zoosalis.lv\/monge-natural-superpremium-kitten-visavertis-pasaras-kaciukams-nuo-1-iki-12-menesiu-su-sviezia-vistiena\/","url":"https:\/\/zoosalis.lv\/monge-natural-superpremium-kitten-visavertis-pasaras-kaciukams-nuo-1-iki-12-menesiu-su-sviezia-vistiena\/","name":"MONGE NATURAL SUPERPREMIUM KITTEN VISAVERTIS PA\u0160ARAS KA\u010cIUKAMS NUO 1 IKI 12 M\u0116NESI\u0172. SU \u0160VIE\u017dIA VI\u0160TIENA. | Dz\u012bvnieku produkti","isPartOf":{"@id":"https:\/\/zoosalis.lv\/#website"},"primaryImageOfPage":{"@id":"https:\/\/zoosalis.lv\/monge-natural-superpremium-kitten-visavertis-pasaras-kaciukams-nuo-1-iki-12-menesiu-su-sviezia-vistiena\/#primaryimage"},"image":{"@id":"https:\/\/zoosalis.lv\/monge-natural-superpremium-kitten-visavertis-pasaras-kaciukams-nuo-1-iki-12-menesiu-su-sviezia-vistiena\/#primaryimage"},"thumbnailUrl":"https:\/\/zoosalis.lv\/wp-content\/uploads\/2025\/04\/monge-natural-superpremium-kitten-visavertis-pasaras-kaciukams-nuo-1-iki-12-menesiu-su-sviezia-vistiena-04-15-10-kg.jpg","datePublished":"2025-04-01T10:56:23+00:00","dateModified":"2025-04-11T14:22:28+00:00","breadcrumb":{"@id":"https:\/\/zoosalis.lv\/monge-natural-superpremium-kitten-visavertis-pasaras-kaciukams-nuo-1-iki-12-menesiu-su-sviezia-vistiena\/#breadcrumb"},"inLanguage":"lv-LV","potentialAction":[{"@type":"ReadAction","target":["https:\/\/zoosalis.lv\/monge-natural-superpremium-kitten-visavertis-pasaras-kaciukams-nuo-1-iki-12-menesiu-su-sviezia-vistiena\/"]}]},{"@type":"ImageObject","inLanguage":"lv-LV","@id":"https:\/\/zoosalis.lv\/monge-natural-superpremium-kitten-visavertis-pasaras-kaciukams-nuo-1-iki-12-menesiu-su-sviezia-vistiena\/#primaryimage","url":"https:\/\/zoosalis.lv\/wp-content\/uploads\/2025\/04\/monge-natural-superpremium-kitten-visavertis-pasaras-kaciukams-nuo-1-iki-12-menesiu-su-sviezia-vistiena-04-15-10-kg.jpg","contentUrl":"https:\/\/zoosalis.lv\/wp-content\/uploads\/2025\/04\/monge-natural-superpremium-kitten-visavertis-pasaras-kaciukams-nuo-1-iki-12-menesiu-su-sviezia-vistiena-04-15-10-kg.jpg","width":285,"height":285},{"@type":"BreadcrumbList","@id":"https:\/\/zoosalis.lv\/monge-natural-superpremium-kitten-visavertis-pasaras-kaciukams-nuo-1-iki-12-menesiu-su-sviezia-vistiena\/#breadcrumb","itemListElement":[{"@type":"ListItem","position":1,"name":"Home","item":"https:\/\/zoosalis.lv\/"},{"@type":"ListItem","position":2,"name":"Parduotuv\u0117","item":"https:\/\/zoosalis.lv\/parduotuve\/"},{"@type":"ListItem","position":3,"name":"MONGE NATURAL SUPERPREMIUM KITTEN VISAVERTIS PA\u0160ARAS KA\u010cIUKAMS NUO 1 IKI 12 M\u0116NESI\u0172. SU \u0160VIE\u017dIA VI\u0160TIENA."}]},{"@type":"WebSite","@id":"https:\/\/zoosalis.lv\/#website","url":"https:\/\/zoosalis.lv\/","name":"Dz\u012bvnieku produkti","description":"zoo\u0161alis.lt","publisher":{"@id":"https:\/\/zoosalis.lv\/#organization"},"potentialAction":[{"@type":"SearchAction","target":{"@type":"EntryPoint","urlTemplate":"https:\/\/zoosalis.lv\/?s={search_term_string}"},"query-input":{"@type":"PropertyValueSpecification","valueRequired":true,"valueName":"search_term_string"}}],"inLanguage":"lv-LV"},{"@type":"Organization","@id":"https:\/\/zoosalis.lv\/#organization","name":"Zoo\u0161alis.lt","url":"https:\/\/zoosalis.lv\/","logo":{"@type":"ImageObject","inLanguage":"lv-LV","@id":"https:\/\/zoosalis.lv\/#\/schema\/logo\/image\/","url":"https:\/\/zoosalis.lv\/wp-content\/uploads\/2024\/02\/Group-62.png","contentUrl":"https:\/\/zoosalis.lv\/wp-content\/uploads\/2024\/02\/Group-62.png","width":1537,"height":337,"caption":"Zoo\u0161alis.lt"},"image":{"@id":"https:\/\/zoosalis.lv\/#\/schema\/logo\/image\/"},"sameAs":["https:\/\/www.facebook.com\/zooprekesjums\/"]}]}},"_links":{"self":[{"href":"https:\/\/zoosalis.lv\/lv\/wp-json\/wp\/v2\/product\/18438"}],"collection":[{"href":"https:\/\/zoosalis.lv\/lv\/wp-json\/wp\/v2\/product"}],"about":[{"href":"https:\/\/zoosalis.lv\/lv\/wp-json\/wp\/v2\/types\/product"}],"replies":[{"embeddable":true,"href":"https:\/\/zoosalis.lv\/lv\/wp-json\/wp\/v2\/comments?post=18438"}],"wp:featuredmedia":[{"embeddable":true,"href":"https:\/\/zoosalis.lv\/lv\/wp-json\/wp\/v2\/media\/23897"}],"wp:attachment":[{"href":"https:\/\/zoosalis.lv\/lv\/wp-json\/wp\/v2\/media?parent=18438"}],"wp:term":[{"taxonomy":"product_brand","embeddable":true,"href":"https:\/\/zoosalis.lv\/lv\/wp-json\/wp\/v2\/product_brand?post=18438"},{"taxonomy":"product_cat","embeddable":true,"href":"https:\/\/zoosalis.lv\/lv\/wp-json\/wp\/v2\/product_cat?post=18438"},{"taxonomy":"product_tag","embeddable":true,"href":"https:\/\/zoosalis.lv\/lv\/wp-json\/wp\/v2\/product_tag?post=18438"}],"curies":[{"name":"wp","href":"https:\/\/api.w.org\/{rel}","templated":true}]}}