{"id":18495,"date":"2025-04-01T10:56:28","date_gmt":"2025-04-01T10:56:28","guid":{"rendered":"https:\/\/zoosalis.lv\/?post_type=product&#038;p=18495"},"modified":"2025-04-11T14:22:28","modified_gmt":"2025-04-11T14:22:28","slug":"orijen-regional-red-sausas-maistas-sunims-2kg-114kg","status":"publish","type":"product","link":"https:\/\/zoosalis.lv\/lv\/orijen-regional-red-sausas-maistas-sunims-2kg-114kg\/","title":{"rendered":"Orijen Regional Red saus\u0101 su\u0146u bar\u012bba 2 kg. \u2013 11,4 kg."},"content":{"rendered":"<p>Nodro\u0161iniet savam m\u0101jdz\u012bvniekam visas nepiecie\u0161am\u0101s uzturvielas ar ORIJEN. Su\u0146i ir ga\u013c\u0113d\u0101ji, t\u0101p\u0113c tiem nepiecie\u0161ama biolo\u0123iski atbilsto\u0161a di\u0113ta, kas bag\u0101ta ar da\u017e\u0101d\u0101m dz\u012bvnieku izcelsmes sast\u0101vda\u013c\u0101m. ORIJEN Regional Red ir ra\u017eota no 85% % kvalitat\u012bvu dz\u012bvnieku izcelsmes sast\u0101vda\u013cu, tostarp j\u0113las liellopa ga\u013cas, brie\u017ea ga\u013cas, bizona ga\u013cas, j\u0113ra ga\u013cas un c\u016bkga\u013cas. Taj\u0101 tiek izmantoti ar\u012b org\u0101ni un kauli \u2013 WholePrey pieeja. Rezult\u0101ts ir nep\u0101rsp\u0113jama recepte j\u016bsu m\u0101jdz\u012bvniekam.<\/p>\n<ul>\n<li>Pirm\u0101s piecas sast\u0101vda\u013cas ir j\u0113la liellopa ga\u013ca, me\u017eac\u016bkas ga\u013ca, bizona ga\u013ca, j\u0113ra ga\u013ca un c\u016bkga\u013ca.<\/li>\n<li>85 % kvalitat\u012bvas sast\u0101vda\u013cas, kas satur svar\u012bgas dz\u012bvnieku olbaltumvielas, vitam\u012bnus un miner\u0101lvielas.<\/li>\n<li>Saska\u0146\u0101 ar WholePrey principu tiek izmantotas med\u012bjuma sul\u012bg\u0101k\u0101s da\u013cas, piem\u0113ram, bu\u013c\u013ca org\u0101ni.<\/li>\n<li>Ra\u017eots Kan\u0101d\u0101 no lab\u0101kaj\u0101m sast\u0101vda\u013c\u0101m.<\/li>\n<\/ul>\n<h3 id=\"product-content-section-1\">Sast\u0101vs<\/h3>\n<p>Neapstr\u0101d\u0101ta liellopa ga\u013ca (12 %), j\u0113la me\u017eac\u016bka (5 %), j\u0113la bizons (5 %), j\u0113la j\u0113ra ga\u013ca (5 %), j\u0113la c\u016bkga\u013ca (5 %), j\u0113las liellopa aknas (4 %), j\u0113las sard\u012bnes (4 %), svaigas olas (4 %), j\u0113las c\u016bkas aknas (4 %), dehidr\u0113ta j\u0113ra ga\u013ca (4 %), dehidr\u0113ta liellopa ga\u013ca (4 %), dehidr\u0113ta si\u013c\u0137e (4 %), dehidr\u0113ta aitas ga\u013ca (4 %), dehidr\u0113ta c\u016bkga\u013ca (4 %), dehidr\u0113tas sard\u012bnes (4 %), sarkan\u0101s l\u0113cas, zir\u0146i, turku zir\u0146i, za\u013c\u0101s l\u0113cas, pinto pupi\u0146as, l\u0113cu \u0161\u0137iedrvielas, zir\u0146u ciete, mencu e\u013c\u013ca (2 %), j\u0113las j\u0113ra aknas (2 %), liellopa tauki (2 %), j\u0113las me\u017eac\u016bkas aknas (2 %), j\u0113las liellopa nieres (2 %), j\u0113las liellopa zarnas (1 %), neapstr\u0101d\u0101tas j\u0113ra nieres (1 %), neapstr\u0101d\u0101tas j\u0113ra zarnas (1 %), \u017e\u0101v\u0113tas j\u016bras a\u013c\u0123es, svaigs \u0137irbis, svaigs muskat\u0137irbis, svaigi cukini, svaigi burk\u0101ni, svaigi \u0101boli, svaigi bumbieri, \u017e\u0101v\u0113ta cigori\u0146u sakne, svaigs lapu k\u0101posts, svaigi spin\u0101ti, svaigas bie\u0161u lapas, svaigas r\u0101ce\u0146u lapas, dz\u0113rvenes, mellenes, saskatoon ogas, kurkuma, piena dadzis, di\u017edad\u017ea sakne, lavanda, savva\u013cas ro\u017eu sakne, me\u017eroz\u012b\u0161u aug\u013ci.<\/p>\n<h3 id=\"product-content-section-2\">Piederumi \/ 1 kg<\/h3>\n<p>Tehnolo\u0123isk\u0101s piedevas: no e\u013c\u013cas ieg\u016bts tokoferola ekstrakts (1b306(i)) 121 mg, citronsk\u0101be (3a300) 40 mg, rozmar\u012bna ekstrakts 80 mg. Uzturv\u0113rt\u012bbas piedevas: cinks (3b606) 105 mg, B1 vitam\u012bns (3a821) 10 mg, E vitam\u012bns (3a700) 100 SV. Zootehnisk\u0101s piedevas: 4b1707 Enterococcus faecium NCIMB 10415 1\u00d710^9 CFU.<\/p>\n<h3 id=\"product-content-section-3\">Anal\u012btisk\u0101s sast\u0101vda\u013cas<\/h3>\n<p>Neapstr\u0101d\u0101ts prote\u012bns 38,0 %, neapstr\u0101d\u0101ti tauki 15,0 %, neapstr\u0101d\u0101ti pelni 9,0 %, neapstr\u0101d\u0101ta \u0161\u0137iedra 5,0 %, mitrums 12,0 %, kalcijs 2,0 %, fosfors 1,4 %, Omega-6 tauksk\u0101bes 2,3 %, Omega-3 tauksk\u0101bes 1,0 %, DHA\/EPA 0,2 %\/0,15 %.<\/p>\n<h3 id=\"product-content-section-4\">Metaboliz\u0113jama ener\u0123ija<\/h3>\n<p>3860 kcal\/kg (463 kcal uz 250 ml\/120 g kr\u016bz\u012btes). Kaloriju sadal\u012bjums: 39 % no olbaltumviel\u0101m, 19 % no og\u013chidr\u0101tiem un 42 % no taukiem.<\/p>\n<h3 id=\"product-content-section-5\">Baro\u0161anas ieteikumi<\/h3>\n<p>Katrs suns ir unik\u0101ls un individu\u0101ls, t\u0101p\u0113c t\u0101 baro\u0161anas pras\u012bbas at\u0161\u0137iras atkar\u012bb\u0101 no \u0161\u0137irnes, vides, vecuma un aktivit\u0101tes l\u012bme\u0146a.<\/p>\n<p>Iepaz\u012bstinot suni ar jaunu bar\u012bbu, ir nepiecie\u0161ams laiks, lai t\u0101 gremo\u0161anas sist\u0113ma piel\u0101gotos bar\u012bbas viel\u0101m, kas at\u0161\u0137iras no t\u0101m, kas ir parastaj\u0101 su\u0146u bar\u012bb\u0101. 5 min\u016b\u0161u laik\u0101<i>\u2013<\/i>7 dienas sajauciet maz\u0101kas Orijen porcijas ar parasto bar\u012bbu, pak\u0101peniski palielinot daudzumu katru dienu. 7. dien\u0101 j\u016bs varat s\u0101kt barot savu suni ar pilnu Orijen bar\u012bbas devu.<\/p>","protected":false},"excerpt":{"rendered":"<div class=\"product-info__excerpt\">\n<p>Pilnv\u0113rt\u012bga bar\u012bba visu \u0161\u0137ir\u0146u un vecumu su\u0146iem ar liellopu, me\u017eac\u016bku, bizonu un j\u0113ra ga\u013cu. 85% dz\u012bvnieku izcelsmes sast\u0101vda\u013cu un 15% d\u0101rze\u0146u, aug\u013cu un gar\u0161augu.<\/p>\n<\/div>\n<div class=\"product-info__options\">\n<div class=\"product-info__options-text\"><\/div>\n<div class=\"product-info__options-options\"><\/div>\n<\/div>","protected":false},"featured_media":24164,"comment_status":"closed","ping_status":"closed","template":"","meta":{"_acf_changed":false,"_monsterinsights_skip_tracking":false,"_monsterinsights_sitenote_active":false,"_monsterinsights_sitenote_note":"","_monsterinsights_sitenote_category":0},"product_brand":[],"product_cat":[873,879,874],"product_tag":[],"class_list":{"0":"post-18495","1":"product","2":"type-product","3":"status-publish","4":"has-post-thumbnail","6":"product_cat-prekes-sunims","7":"product_cat-sausas-maistas-sunims","8":"product_cat-sunu-maistas","10":"first","11":"instock","12":"sale","13":"shipping-taxable","14":"purchasable","15":"product-type-variable","16":"has-default-attributes"},"acf":[],"aioseo_notices":[],"yoast_head":"<!-- This site is optimized with the Yoast SEO plugin v24.8.1 - https:\/\/yoast.com\/wordpress\/plugins\/seo\/ -->\n<title>Orijen Regional Red sausas maistas \u0161unims 2kg. - 11,4kg. | Dz\u012bvnieku produkti<\/title>\n<meta name=\"robots\" content=\"index, follow, max-snippet:-1, max-image-preview:large, max-video-preview:-1\" \/>\n<link rel=\"canonical\" href=\"https:\/\/zoosalis.lv\/lv\/orijen-regional-red-sausas-maistas-sunims-2kg-114kg\/\" \/>\n<meta property=\"og:locale\" content=\"lv_LV\" \/>\n<meta property=\"og:type\" content=\"article\" \/>\n<meta property=\"og:title\" content=\"Orijen Regional Red sausas maistas \u0161unims 2kg. - 11,4kg. | Dz\u012bvnieku produkti\" \/>\n<meta property=\"og:description\" content=\"Visavertis pa\u0161aras vis\u0173 veisli\u0173 bei am\u017eiaus grupi\u0173 \u0161unims su jautiena, \u0161erniena, bizoniena ir \u0117riena. 85 % gyv\u016bnini\u0173 ingredient\u0173 ir 15 % dar\u017eovi\u0173, vaisi\u0173 bei \u017eoleli\u0173.\" \/>\n<meta property=\"og:url\" content=\"https:\/\/zoosalis.lv\/lv\/orijen-regional-red-sausas-maistas-sunims-2kg-114kg\/\" \/>\n<meta property=\"og:site_name\" content=\"Dz\u012bvnieku produkti\" \/>\n<meta property=\"article:publisher\" content=\"https:\/\/www.facebook.com\/zooprekesjums\/\" \/>\n<meta property=\"article:modified_time\" content=\"2025-04-11T14:22:28+00:00\" \/>\n<meta property=\"og:image\" content=\"https:\/\/zoosalis.lv\/wp-content\/uploads\/2025\/04\/ORIJEN_Regional_Red_sausas_maistas_sunims-1-medium-1.jpg\" \/>\n\t<meta property=\"og:image:width\" content=\"600\" \/>\n\t<meta property=\"og:image:height\" content=\"523\" \/>\n\t<meta property=\"og:image:type\" content=\"image\/jpeg\" \/>\n<meta name=\"twitter:card\" content=\"summary_large_image\" \/>\n<meta name=\"twitter:label1\" content=\"Est. reading time\" \/>\n\t<meta name=\"twitter:data1\" content=\"2 min\u016btes\" \/>\n<script type=\"application\/ld+json\" class=\"yoast-schema-graph\">{\"@context\":\"https:\/\/schema.org\",\"@graph\":[{\"@type\":\"WebPage\",\"@id\":\"https:\/\/zoosalis.lv\/orijen-regional-red-sausas-maistas-sunims-2kg-114kg\/\",\"url\":\"https:\/\/zoosalis.lv\/orijen-regional-red-sausas-maistas-sunims-2kg-114kg\/\",\"name\":\"Orijen Regional Red sausas maistas \u0161unims 2kg. - 11,4kg. | Dz\u012bvnieku produkti\",\"isPartOf\":{\"@id\":\"https:\/\/zoosalis.lv\/#website\"},\"primaryImageOfPage\":{\"@id\":\"https:\/\/zoosalis.lv\/orijen-regional-red-sausas-maistas-sunims-2kg-114kg\/#primaryimage\"},\"image\":{\"@id\":\"https:\/\/zoosalis.lv\/orijen-regional-red-sausas-maistas-sunims-2kg-114kg\/#primaryimage\"},\"thumbnailUrl\":\"https:\/\/zoosalis.lv\/wp-content\/uploads\/2025\/04\/ORIJEN_Regional_Red_sausas_maistas_sunims-1-medium-1.jpg\",\"datePublished\":\"2025-04-01T10:56:28+00:00\",\"dateModified\":\"2025-04-11T14:22:28+00:00\",\"breadcrumb\":{\"@id\":\"https:\/\/zoosalis.lv\/orijen-regional-red-sausas-maistas-sunims-2kg-114kg\/#breadcrumb\"},\"inLanguage\":\"lv-LV\",\"potentialAction\":[{\"@type\":\"ReadAction\",\"target\":[\"https:\/\/zoosalis.lv\/orijen-regional-red-sausas-maistas-sunims-2kg-114kg\/\"]}]},{\"@type\":\"ImageObject\",\"inLanguage\":\"lv-LV\",\"@id\":\"https:\/\/zoosalis.lv\/orijen-regional-red-sausas-maistas-sunims-2kg-114kg\/#primaryimage\",\"url\":\"https:\/\/zoosalis.lv\/wp-content\/uploads\/2025\/04\/ORIJEN_Regional_Red_sausas_maistas_sunims-1-medium-1.jpg\",\"contentUrl\":\"https:\/\/zoosalis.lv\/wp-content\/uploads\/2025\/04\/ORIJEN_Regional_Red_sausas_maistas_sunims-1-medium-1.jpg\",\"width\":600,\"height\":523},{\"@type\":\"BreadcrumbList\",\"@id\":\"https:\/\/zoosalis.lv\/orijen-regional-red-sausas-maistas-sunims-2kg-114kg\/#breadcrumb\",\"itemListElement\":[{\"@type\":\"ListItem\",\"position\":1,\"name\":\"Home\",\"item\":\"https:\/\/zoosalis.lv\/\"},{\"@type\":\"ListItem\",\"position\":2,\"name\":\"Parduotuv\u0117\",\"item\":\"https:\/\/zoosalis.lv\/parduotuve\/\"},{\"@type\":\"ListItem\",\"position\":3,\"name\":\"Orijen Regional Red sausas maistas \u0161unims 2kg. &#8211; 11,4kg.\"}]},{\"@type\":\"WebSite\",\"@id\":\"https:\/\/zoosalis.lv\/#website\",\"url\":\"https:\/\/zoosalis.lv\/\",\"name\":\"Dz\u012bvnieku produkti\",\"description\":\"zoo\u0161alis.lt\",\"publisher\":{\"@id\":\"https:\/\/zoosalis.lv\/#organization\"},\"potentialAction\":[{\"@type\":\"SearchAction\",\"target\":{\"@type\":\"EntryPoint\",\"urlTemplate\":\"https:\/\/zoosalis.lv\/?s={search_term_string}\"},\"query-input\":{\"@type\":\"PropertyValueSpecification\",\"valueRequired\":true,\"valueName\":\"search_term_string\"}}],\"inLanguage\":\"lv-LV\"},{\"@type\":\"Organization\",\"@id\":\"https:\/\/zoosalis.lv\/#organization\",\"name\":\"Zoo\u0161alis.lt\",\"url\":\"https:\/\/zoosalis.lv\/\",\"logo\":{\"@type\":\"ImageObject\",\"inLanguage\":\"lv-LV\",\"@id\":\"https:\/\/zoosalis.lv\/#\/schema\/logo\/image\/\",\"url\":\"https:\/\/zoosalis.lv\/wp-content\/uploads\/2024\/02\/Group-62.png\",\"contentUrl\":\"https:\/\/zoosalis.lv\/wp-content\/uploads\/2024\/02\/Group-62.png\",\"width\":1537,\"height\":337,\"caption\":\"Zoo\u0161alis.lt\"},\"image\":{\"@id\":\"https:\/\/zoosalis.lv\/#\/schema\/logo\/image\/\"},\"sameAs\":[\"https:\/\/www.facebook.com\/zooprekesjums\/\"]}]}<\/script>\n<!-- \/ Yoast SEO plugin. -->","yoast_head_json":{"title":"Orijen Regional Red sausas maistas \u0161unims 2kg. - 11,4kg. | Dz\u012bvnieku produkti","robots":{"index":"index","follow":"follow","max-snippet":"max-snippet:-1","max-image-preview":"max-image-preview:large","max-video-preview":"max-video-preview:-1"},"canonical":"https:\/\/zoosalis.lv\/lv\/orijen-regional-red-sausas-maistas-sunims-2kg-114kg\/","og_locale":"lv_LV","og_type":"article","og_title":"Orijen Regional Red sausas maistas \u0161unims 2kg. - 11,4kg. | Dz\u012bvnieku produkti","og_description":"Visavertis pa\u0161aras vis\u0173 veisli\u0173 bei am\u017eiaus grupi\u0173 \u0161unims su jautiena, \u0161erniena, bizoniena ir \u0117riena. 85 % gyv\u016bnini\u0173 ingredient\u0173 ir 15 % dar\u017eovi\u0173, vaisi\u0173 bei \u017eoleli\u0173.","og_url":"https:\/\/zoosalis.lv\/lv\/orijen-regional-red-sausas-maistas-sunims-2kg-114kg\/","og_site_name":"Dz\u012bvnieku produkti","article_publisher":"https:\/\/www.facebook.com\/zooprekesjums\/","article_modified_time":"2025-04-11T14:22:28+00:00","og_image":[{"width":600,"height":523,"url":"https:\/\/zoosalis.lv\/wp-content\/uploads\/2025\/04\/ORIJEN_Regional_Red_sausas_maistas_sunims-1-medium-1.jpg","type":"image\/jpeg"}],"twitter_card":"summary_large_image","twitter_misc":{"Est. reading time":"2 min\u016btes"},"schema":{"@context":"https:\/\/schema.org","@graph":[{"@type":"WebPage","@id":"https:\/\/zoosalis.lv\/orijen-regional-red-sausas-maistas-sunims-2kg-114kg\/","url":"https:\/\/zoosalis.lv\/orijen-regional-red-sausas-maistas-sunims-2kg-114kg\/","name":"Orijen Regional Red sausas maistas \u0161unims 2kg. - 11,4kg. | Dz\u012bvnieku produkti","isPartOf":{"@id":"https:\/\/zoosalis.lv\/#website"},"primaryImageOfPage":{"@id":"https:\/\/zoosalis.lv\/orijen-regional-red-sausas-maistas-sunims-2kg-114kg\/#primaryimage"},"image":{"@id":"https:\/\/zoosalis.lv\/orijen-regional-red-sausas-maistas-sunims-2kg-114kg\/#primaryimage"},"thumbnailUrl":"https:\/\/zoosalis.lv\/wp-content\/uploads\/2025\/04\/ORIJEN_Regional_Red_sausas_maistas_sunims-1-medium-1.jpg","datePublished":"2025-04-01T10:56:28+00:00","dateModified":"2025-04-11T14:22:28+00:00","breadcrumb":{"@id":"https:\/\/zoosalis.lv\/orijen-regional-red-sausas-maistas-sunims-2kg-114kg\/#breadcrumb"},"inLanguage":"lv-LV","potentialAction":[{"@type":"ReadAction","target":["https:\/\/zoosalis.lv\/orijen-regional-red-sausas-maistas-sunims-2kg-114kg\/"]}]},{"@type":"ImageObject","inLanguage":"lv-LV","@id":"https:\/\/zoosalis.lv\/orijen-regional-red-sausas-maistas-sunims-2kg-114kg\/#primaryimage","url":"https:\/\/zoosalis.lv\/wp-content\/uploads\/2025\/04\/ORIJEN_Regional_Red_sausas_maistas_sunims-1-medium-1.jpg","contentUrl":"https:\/\/zoosalis.lv\/wp-content\/uploads\/2025\/04\/ORIJEN_Regional_Red_sausas_maistas_sunims-1-medium-1.jpg","width":600,"height":523},{"@type":"BreadcrumbList","@id":"https:\/\/zoosalis.lv\/orijen-regional-red-sausas-maistas-sunims-2kg-114kg\/#breadcrumb","itemListElement":[{"@type":"ListItem","position":1,"name":"Home","item":"https:\/\/zoosalis.lv\/"},{"@type":"ListItem","position":2,"name":"Parduotuv\u0117","item":"https:\/\/zoosalis.lv\/parduotuve\/"},{"@type":"ListItem","position":3,"name":"Orijen Regional Red sausas maistas \u0161unims 2kg. &#8211; 11,4kg."}]},{"@type":"WebSite","@id":"https:\/\/zoosalis.lv\/#website","url":"https:\/\/zoosalis.lv\/","name":"Dz\u012bvnieku produkti","description":"zoo\u0161alis.lt","publisher":{"@id":"https:\/\/zoosalis.lv\/#organization"},"potentialAction":[{"@type":"SearchAction","target":{"@type":"EntryPoint","urlTemplate":"https:\/\/zoosalis.lv\/?s={search_term_string}"},"query-input":{"@type":"PropertyValueSpecification","valueRequired":true,"valueName":"search_term_string"}}],"inLanguage":"lv-LV"},{"@type":"Organization","@id":"https:\/\/zoosalis.lv\/#organization","name":"Zoo\u0161alis.lt","url":"https:\/\/zoosalis.lv\/","logo":{"@type":"ImageObject","inLanguage":"lv-LV","@id":"https:\/\/zoosalis.lv\/#\/schema\/logo\/image\/","url":"https:\/\/zoosalis.lv\/wp-content\/uploads\/2024\/02\/Group-62.png","contentUrl":"https:\/\/zoosalis.lv\/wp-content\/uploads\/2024\/02\/Group-62.png","width":1537,"height":337,"caption":"Zoo\u0161alis.lt"},"image":{"@id":"https:\/\/zoosalis.lv\/#\/schema\/logo\/image\/"},"sameAs":["https:\/\/www.facebook.com\/zooprekesjums\/"]}]}},"_links":{"self":[{"href":"https:\/\/zoosalis.lv\/lv\/wp-json\/wp\/v2\/product\/18495"}],"collection":[{"href":"https:\/\/zoosalis.lv\/lv\/wp-json\/wp\/v2\/product"}],"about":[{"href":"https:\/\/zoosalis.lv\/lv\/wp-json\/wp\/v2\/types\/product"}],"replies":[{"embeddable":true,"href":"https:\/\/zoosalis.lv\/lv\/wp-json\/wp\/v2\/comments?post=18495"}],"wp:featuredmedia":[{"embeddable":true,"href":"https:\/\/zoosalis.lv\/lv\/wp-json\/wp\/v2\/media\/24164"}],"wp:attachment":[{"href":"https:\/\/zoosalis.lv\/lv\/wp-json\/wp\/v2\/media?parent=18495"}],"wp:term":[{"taxonomy":"product_brand","embeddable":true,"href":"https:\/\/zoosalis.lv\/lv\/wp-json\/wp\/v2\/product_brand?post=18495"},{"taxonomy":"product_cat","embeddable":true,"href":"https:\/\/zoosalis.lv\/lv\/wp-json\/wp\/v2\/product_cat?post=18495"},{"taxonomy":"product_tag","embeddable":true,"href":"https:\/\/zoosalis.lv\/lv\/wp-json\/wp\/v2\/product_tag?post=18495"}],"curies":[{"name":"wp","href":"https:\/\/api.w.org\/{rel}","templated":true}]}}