{"id":21464,"date":"2025-04-07T15:20:15","date_gmt":"2025-04-07T15:20:15","guid":{"rendered":"https:\/\/zoosalis.lv\/?post_type=product&#038;p=21464"},"modified":"2025-04-08T08:24:55","modified_gmt":"2025-04-08T08:24:55","slug":"carnilove-skanestas-katems-sardine-enriched-with-parsley-50g","status":"publish","type":"product","link":"https:\/\/zoosalis.lv\/lv\/carnilove-skanestas-katems-sardine-enriched-with-parsley-50g\/","title":{"rendered":"Carnilove ka\u0137u gardums Sard\u012bnes, bag\u0101tin\u0101ts ar p\u0113ters\u012b\u013ciem 50g"},"content":{"rendered":"<div id=\"collapsedescription\" class=\"collapse show\" aria-labelledby=\"headingdescription\" data-parent=\"#jupiterxWooAccordion\">\n<div class=\"card-body\">\n<p><strong>Sast\u0101vs:<\/strong><\/p>\n<p>40 % \u017e\u0101v\u0113tas sard\u012bnes, dzeltenie zir\u0146i, \u0161\u0137idra augu ciete, sard\u012b\u0146u m\u0113rce, m\u0101jputnu aknu m\u0113rce, kolag\u0113ns, 1 % p\u0113ters\u012b\u013ci, la\u0161a e\u013c\u013ca.<\/p>\n<p><strong>Anal\u012btisk\u0101s sast\u0101vda\u013cas:<\/strong><\/p>\n<p>Neapstr\u0101d\u0101ts prote\u012bns 33,0 %, tauku saturs 5,0 %, mitrums 17,0 %, neapstr\u0101d\u0101ti pelni 8,0 %, neapstr\u0101d\u0101ta \u0161\u0137iedra 1,0 %, kalcijs 0,8 %, fosfors 0,7 %, omega 3 0,4 %, omega 6 0,5 %. Ar dab\u012bgiem konservantiem: citronsk\u0101bi, DL \u0101bolsk\u0101bi.<\/p>\n<p><strong>Metaboliz\u0113jam\u0101 ener\u0123ija:<\/strong><\/p>\n<p>3360 kcal\/kg<\/p>\n<p><strong>Ra\u017eot\u0101js<\/strong>Vafo Pr\u0101g\u0101.<\/p>\n<\/div>\n<\/div>","protected":false},"excerpt":{"rendered":"<p>Sud\u0117tis: 40 % d\u017eiovintos sardin\u0117s, geltonieji \u017eirnieliai, skystas dar\u017eovi\u0173 krakmolas, sardini\u0173 pada\u017eas, pauk\u0161tienos kepen\u0173 pada\u017eas, kolagenas, 1 % petra\u017eol\u0117s, la\u0161i\u0161\u0173 aliejus. Analitin\u0117s sudedamosios dalys: \u017eali baltymai 33,0 %, riebal\u0173 kiekis 5,0 %, dr\u0117gm\u0117 17,0 %, \u017eali pelenai 8,0 %, \u017ealia l\u0105steliena 1,0 %, kalcis 0,8 %, fosforas 0,7 %, omega 3 0,4 %, omega 6 [&hellip;]<\/p>","protected":false},"featured_media":23151,"comment_status":"closed","ping_status":"closed","template":"","meta":{"_acf_changed":false,"_monsterinsights_skip_tracking":false,"_monsterinsights_sitenote_active":false,"_monsterinsights_sitenote_note":"","_monsterinsights_sitenote_category":0},"product_brand":[],"product_cat":[870,876,887],"product_tag":[],"class_list":{"0":"post-21464","1":"product","2":"type-product","3":"status-publish","4":"has-post-thumbnail","6":"product_cat-maistas-katems","7":"product_cat-sausas-kaciu-maistas","8":"product_cat-skanestai-katems","10":"first","11":"instock","12":"shipping-taxable","13":"purchasable","14":"product-type-simple"},"acf":[],"aioseo_notices":[],"yoast_head":"<!-- This site is optimized with the Yoast SEO plugin v24.8.1 - https:\/\/yoast.com\/wordpress\/plugins\/seo\/ -->\n<title>Carnilove skan\u0117stas kat\u0117ms Sardine enriched with Parsley 50g | Dz\u012bvnieku produkti<\/title>\n<meta name=\"robots\" content=\"index, follow, max-snippet:-1, max-image-preview:large, max-video-preview:-1\" \/>\n<link rel=\"canonical\" href=\"https:\/\/zoosalis.lv\/lv\/carnilove-skanestas-katems-sardine-enriched-with-parsley-50g\/\" \/>\n<meta property=\"og:locale\" content=\"lv_LV\" \/>\n<meta property=\"og:type\" content=\"article\" \/>\n<meta property=\"og:title\" content=\"Carnilove skan\u0117stas kat\u0117ms Sardine enriched with Parsley 50g | Dz\u012bvnieku produkti\" \/>\n<meta property=\"og:description\" content=\"Sud\u0117tis: 40 % d\u017eiovintos sardin\u0117s, geltonieji \u017eirnieliai, skystas dar\u017eovi\u0173 krakmolas, sardini\u0173 pada\u017eas, pauk\u0161tienos kepen\u0173 pada\u017eas, kolagenas, 1 % petra\u017eol\u0117s, la\u0161i\u0161\u0173 aliejus. Analitin\u0117s sudedamosios dalys: \u017eali baltymai 33,0 %, riebal\u0173 kiekis 5,0 %, dr\u0117gm\u0117 17,0 %, \u017eali pelenai 8,0 %, \u017ealia l\u0105steliena 1,0 %, kalcis 0,8 %, fosforas 0,7 %, omega 3 0,4 %, omega 6 [&hellip;]\" \/>\n<meta property=\"og:url\" content=\"https:\/\/zoosalis.lv\/lv\/carnilove-skanestas-katems-sardine-enriched-with-parsley-50g\/\" \/>\n<meta property=\"og:site_name\" content=\"Dz\u012bvnieku produkti\" \/>\n<meta property=\"article:publisher\" content=\"https:\/\/www.facebook.com\/zooprekesjums\/\" \/>\n<meta property=\"article:modified_time\" content=\"2025-04-08T08:24:55+00:00\" \/>\n<meta property=\"og:image\" content=\"https:\/\/zoosalis.lv\/wp-content\/uploads\/2024\/02\/Group-62.png\" \/>\n\t<meta property=\"og:image:width\" content=\"1537\" \/>\n\t<meta property=\"og:image:height\" content=\"337\" \/>\n\t<meta property=\"og:image:type\" content=\"image\/png\" \/>\n<meta name=\"twitter:card\" content=\"summary_large_image\" \/>\n<script type=\"application\/ld+json\" class=\"yoast-schema-graph\">{\"@context\":\"https:\/\/schema.org\",\"@graph\":[{\"@type\":\"WebPage\",\"@id\":\"https:\/\/zoosalis.lv\/carnilove-skanestas-katems-sardine-enriched-with-parsley-50g\/\",\"url\":\"https:\/\/zoosalis.lv\/carnilove-skanestas-katems-sardine-enriched-with-parsley-50g\/\",\"name\":\"Carnilove skan\u0117stas kat\u0117ms Sardine enriched with Parsley 50g | Dz\u012bvnieku produkti\",\"isPartOf\":{\"@id\":\"https:\/\/zoosalis.lv\/#website\"},\"primaryImageOfPage\":{\"@id\":\"https:\/\/zoosalis.lv\/carnilove-skanestas-katems-sardine-enriched-with-parsley-50g\/#primaryimage\"},\"image\":{\"@id\":\"https:\/\/zoosalis.lv\/carnilove-skanestas-katems-sardine-enriched-with-parsley-50g\/#primaryimage\"},\"thumbnailUrl\":\"https:\/\/zoosalis.lv\/wp-content\/uploads\/2025\/04\/CL-cat-skanestas-sardines-600x523-1.png\",\"datePublished\":\"2025-04-07T15:20:15+00:00\",\"dateModified\":\"2025-04-08T08:24:55+00:00\",\"breadcrumb\":{\"@id\":\"https:\/\/zoosalis.lv\/carnilove-skanestas-katems-sardine-enriched-with-parsley-50g\/#breadcrumb\"},\"inLanguage\":\"lv-LV\",\"potentialAction\":[{\"@type\":\"ReadAction\",\"target\":[\"https:\/\/zoosalis.lv\/carnilove-skanestas-katems-sardine-enriched-with-parsley-50g\/\"]}]},{\"@type\":\"ImageObject\",\"inLanguage\":\"lv-LV\",\"@id\":\"https:\/\/zoosalis.lv\/carnilove-skanestas-katems-sardine-enriched-with-parsley-50g\/#primaryimage\",\"url\":\"https:\/\/zoosalis.lv\/wp-content\/uploads\/2025\/04\/CL-cat-skanestas-sardines-600x523-1.png\",\"contentUrl\":\"https:\/\/zoosalis.lv\/wp-content\/uploads\/2025\/04\/CL-cat-skanestas-sardines-600x523-1.png\",\"width\":600,\"height\":523},{\"@type\":\"BreadcrumbList\",\"@id\":\"https:\/\/zoosalis.lv\/carnilove-skanestas-katems-sardine-enriched-with-parsley-50g\/#breadcrumb\",\"itemListElement\":[{\"@type\":\"ListItem\",\"position\":1,\"name\":\"Home\",\"item\":\"https:\/\/zoosalis.lv\/\"},{\"@type\":\"ListItem\",\"position\":2,\"name\":\"Parduotuv\u0117\",\"item\":\"https:\/\/zoosalis.lv\/parduotuve\/\"},{\"@type\":\"ListItem\",\"position\":3,\"name\":\"Carnilove skan\u0117stas kat\u0117ms Sardine enriched with Parsley 50g\"}]},{\"@type\":\"WebSite\",\"@id\":\"https:\/\/zoosalis.lv\/#website\",\"url\":\"https:\/\/zoosalis.lv\/\",\"name\":\"Dz\u012bvnieku produkti\",\"description\":\"zoo\u0161alis.lt\",\"publisher\":{\"@id\":\"https:\/\/zoosalis.lv\/#organization\"},\"potentialAction\":[{\"@type\":\"SearchAction\",\"target\":{\"@type\":\"EntryPoint\",\"urlTemplate\":\"https:\/\/zoosalis.lv\/?s={search_term_string}\"},\"query-input\":{\"@type\":\"PropertyValueSpecification\",\"valueRequired\":true,\"valueName\":\"search_term_string\"}}],\"inLanguage\":\"lv-LV\"},{\"@type\":\"Organization\",\"@id\":\"https:\/\/zoosalis.lv\/#organization\",\"name\":\"Zoo\u0161alis.lt\",\"url\":\"https:\/\/zoosalis.lv\/\",\"logo\":{\"@type\":\"ImageObject\",\"inLanguage\":\"lv-LV\",\"@id\":\"https:\/\/zoosalis.lv\/#\/schema\/logo\/image\/\",\"url\":\"https:\/\/zoosalis.lv\/wp-content\/uploads\/2024\/02\/Group-62.png\",\"contentUrl\":\"https:\/\/zoosalis.lv\/wp-content\/uploads\/2024\/02\/Group-62.png\",\"width\":1537,\"height\":337,\"caption\":\"Zoo\u0161alis.lt\"},\"image\":{\"@id\":\"https:\/\/zoosalis.lv\/#\/schema\/logo\/image\/\"},\"sameAs\":[\"https:\/\/www.facebook.com\/zooprekesjums\/\"]}]}<\/script>\n<!-- \/ Yoast SEO plugin. -->","yoast_head_json":{"title":"Carnilove skan\u0117stas kat\u0117ms Sardine enriched with Parsley 50g | Dz\u012bvnieku produkti","robots":{"index":"index","follow":"follow","max-snippet":"max-snippet:-1","max-image-preview":"max-image-preview:large","max-video-preview":"max-video-preview:-1"},"canonical":"https:\/\/zoosalis.lv\/lv\/carnilove-skanestas-katems-sardine-enriched-with-parsley-50g\/","og_locale":"lv_LV","og_type":"article","og_title":"Carnilove skan\u0117stas kat\u0117ms Sardine enriched with Parsley 50g | Dz\u012bvnieku produkti","og_description":"Sud\u0117tis: 40 % d\u017eiovintos sardin\u0117s, geltonieji \u017eirnieliai, skystas dar\u017eovi\u0173 krakmolas, sardini\u0173 pada\u017eas, pauk\u0161tienos kepen\u0173 pada\u017eas, kolagenas, 1 % petra\u017eol\u0117s, la\u0161i\u0161\u0173 aliejus. Analitin\u0117s sudedamosios dalys: \u017eali baltymai 33,0 %, riebal\u0173 kiekis 5,0 %, dr\u0117gm\u0117 17,0 %, \u017eali pelenai 8,0 %, \u017ealia l\u0105steliena 1,0 %, kalcis 0,8 %, fosforas 0,7 %, omega 3 0,4 %, omega 6 [&hellip;]","og_url":"https:\/\/zoosalis.lv\/lv\/carnilove-skanestas-katems-sardine-enriched-with-parsley-50g\/","og_site_name":"Dz\u012bvnieku produkti","article_publisher":"https:\/\/www.facebook.com\/zooprekesjums\/","article_modified_time":"2025-04-08T08:24:55+00:00","og_image":[{"width":1537,"height":337,"url":"https:\/\/zoosalis.lv\/wp-content\/uploads\/2024\/02\/Group-62.png","type":"image\/png"}],"twitter_card":"summary_large_image","schema":{"@context":"https:\/\/schema.org","@graph":[{"@type":"WebPage","@id":"https:\/\/zoosalis.lv\/carnilove-skanestas-katems-sardine-enriched-with-parsley-50g\/","url":"https:\/\/zoosalis.lv\/carnilove-skanestas-katems-sardine-enriched-with-parsley-50g\/","name":"Carnilove skan\u0117stas kat\u0117ms Sardine enriched with Parsley 50g | Dz\u012bvnieku produkti","isPartOf":{"@id":"https:\/\/zoosalis.lv\/#website"},"primaryImageOfPage":{"@id":"https:\/\/zoosalis.lv\/carnilove-skanestas-katems-sardine-enriched-with-parsley-50g\/#primaryimage"},"image":{"@id":"https:\/\/zoosalis.lv\/carnilove-skanestas-katems-sardine-enriched-with-parsley-50g\/#primaryimage"},"thumbnailUrl":"https:\/\/zoosalis.lv\/wp-content\/uploads\/2025\/04\/CL-cat-skanestas-sardines-600x523-1.png","datePublished":"2025-04-07T15:20:15+00:00","dateModified":"2025-04-08T08:24:55+00:00","breadcrumb":{"@id":"https:\/\/zoosalis.lv\/carnilove-skanestas-katems-sardine-enriched-with-parsley-50g\/#breadcrumb"},"inLanguage":"lv-LV","potentialAction":[{"@type":"ReadAction","target":["https:\/\/zoosalis.lv\/carnilove-skanestas-katems-sardine-enriched-with-parsley-50g\/"]}]},{"@type":"ImageObject","inLanguage":"lv-LV","@id":"https:\/\/zoosalis.lv\/carnilove-skanestas-katems-sardine-enriched-with-parsley-50g\/#primaryimage","url":"https:\/\/zoosalis.lv\/wp-content\/uploads\/2025\/04\/CL-cat-skanestas-sardines-600x523-1.png","contentUrl":"https:\/\/zoosalis.lv\/wp-content\/uploads\/2025\/04\/CL-cat-skanestas-sardines-600x523-1.png","width":600,"height":523},{"@type":"BreadcrumbList","@id":"https:\/\/zoosalis.lv\/carnilove-skanestas-katems-sardine-enriched-with-parsley-50g\/#breadcrumb","itemListElement":[{"@type":"ListItem","position":1,"name":"Home","item":"https:\/\/zoosalis.lv\/"},{"@type":"ListItem","position":2,"name":"Parduotuv\u0117","item":"https:\/\/zoosalis.lv\/parduotuve\/"},{"@type":"ListItem","position":3,"name":"Carnilove skan\u0117stas kat\u0117ms Sardine enriched with Parsley 50g"}]},{"@type":"WebSite","@id":"https:\/\/zoosalis.lv\/#website","url":"https:\/\/zoosalis.lv\/","name":"Dz\u012bvnieku produkti","description":"zoo\u0161alis.lt","publisher":{"@id":"https:\/\/zoosalis.lv\/#organization"},"potentialAction":[{"@type":"SearchAction","target":{"@type":"EntryPoint","urlTemplate":"https:\/\/zoosalis.lv\/?s={search_term_string}"},"query-input":{"@type":"PropertyValueSpecification","valueRequired":true,"valueName":"search_term_string"}}],"inLanguage":"lv-LV"},{"@type":"Organization","@id":"https:\/\/zoosalis.lv\/#organization","name":"Zoo\u0161alis.lt","url":"https:\/\/zoosalis.lv\/","logo":{"@type":"ImageObject","inLanguage":"lv-LV","@id":"https:\/\/zoosalis.lv\/#\/schema\/logo\/image\/","url":"https:\/\/zoosalis.lv\/wp-content\/uploads\/2024\/02\/Group-62.png","contentUrl":"https:\/\/zoosalis.lv\/wp-content\/uploads\/2024\/02\/Group-62.png","width":1537,"height":337,"caption":"Zoo\u0161alis.lt"},"image":{"@id":"https:\/\/zoosalis.lv\/#\/schema\/logo\/image\/"},"sameAs":["https:\/\/www.facebook.com\/zooprekesjums\/"]}]}},"_links":{"self":[{"href":"https:\/\/zoosalis.lv\/lv\/wp-json\/wp\/v2\/product\/21464"}],"collection":[{"href":"https:\/\/zoosalis.lv\/lv\/wp-json\/wp\/v2\/product"}],"about":[{"href":"https:\/\/zoosalis.lv\/lv\/wp-json\/wp\/v2\/types\/product"}],"replies":[{"embeddable":true,"href":"https:\/\/zoosalis.lv\/lv\/wp-json\/wp\/v2\/comments?post=21464"}],"wp:featuredmedia":[{"embeddable":true,"href":"https:\/\/zoosalis.lv\/lv\/wp-json\/wp\/v2\/media\/23151"}],"wp:attachment":[{"href":"https:\/\/zoosalis.lv\/lv\/wp-json\/wp\/v2\/media?parent=21464"}],"wp:term":[{"taxonomy":"product_brand","embeddable":true,"href":"https:\/\/zoosalis.lv\/lv\/wp-json\/wp\/v2\/product_brand?post=21464"},{"taxonomy":"product_cat","embeddable":true,"href":"https:\/\/zoosalis.lv\/lv\/wp-json\/wp\/v2\/product_cat?post=21464"},{"taxonomy":"product_tag","embeddable":true,"href":"https:\/\/zoosalis.lv\/lv\/wp-json\/wp\/v2\/product_tag?post=21464"}],"curies":[{"name":"wp","href":"https:\/\/api.w.org\/{rel}","templated":true}]}}