{"id":21589,"date":"2025-04-07T16:34:23","date_gmt":"2025-04-07T16:34:23","guid":{"rendered":"https:\/\/zoosalis.lv\/?post_type=product&#038;p=21589"},"modified":"2025-04-11T14:20:48","modified_gmt":"2025-04-11T14:20:48","slug":"brit-care-cat-gf-haircare-healthyshiny-coat-sausas-maistas-katems-2kg-7kg","status":"publish","type":"product","link":"https:\/\/zoosalis.lv\/lv\/brit-care-cat-gf-haircare-healthyshiny-coat-sausas-maistas-katems-2kg-7kg\/","title":{"rendered":"Brit Care Cat GF Haircare Healthy&amp;Shiny Coat sausas maistas kat\u0117ms 2kg. &#8211; 7kg."},"content":{"rendered":"<h2 id=\"product-content-section-0\">Apraksts<\/h2>\n<p>Hipoaler\u0123iska, bezgraudu formula, kas bag\u0101ta ar \u0161\u0137iedrviel\u0101m, lai veicin\u0101tu vieglu spalvu kamoli\u0146u likvid\u0113\u0161anu. Augstas kvalit\u0101tes ga\u013cas prote\u012bns pal\u012bdz uztur\u0113t sp\u0113c\u012bgu, slaidu musku\u013cu masu. Kop\u0101 ar taur\u012bnu labas redzes un vesel\u012bgas sirds atbalstam.<\/p>\n<ul>\n<li>LASIS, VISTA, LINU S\u0112KLAS \u2013 dabiski Omega-3 un Omega-6 tauksk\u0101bju avoti pal\u012bdz uztur\u0113t sp\u012bd\u012bgu ka\u017eoku un vesel\u012bgu \u0101du.<\/li>\n<li>\u0160\u0136IEDRVIELAS \u2013 Sast\u0101vda\u013cas ar augstu \u0161\u0137iedrvielu saturu pal\u012bdz viegli izvad\u012bt no organisma spalvu kamoli\u0146us. \u0160\u0137iedrvielas palielina s\u0101ta saj\u016btu, kas samazina uz\u0146emt\u0101s p\u0101rtikas daudzumu un pal\u012bdz uztur\u0113t vesel\u012bgu svaru.<\/li>\n<li>PROBIOTIKAS UN ANTIOKSIDANTI \u2013 stiprina im\u016bnsist\u0113mu un atbalsta vesel\u012bgu gremo\u0161anu.<\/li>\n<li>Bez graudiem - Bez kr\u0101sviel\u0101m - Bez konservantiem - Bez \u0122MO - Bez sojas.<\/li>\n<\/ul>\n<h2 id=\"product-content-section-1\">Sast\u0101vs<\/h2>\n<p>svaigs lasis (26 %), dehidr\u0113ta vistas ga\u013ca (26 %), dzeltenie zir\u0146i (14 %), turku zir\u0146i (8 %), m\u0101jputnu tauki (konserv\u0113ti ar tokoferoliem, 6 %), \u017e\u0101v\u0113ti \u0101boli (6 %), la\u0161a e\u013c\u013ca (3 %), psyllium s\u0113klas un apvalki (2 %), lins\u0113klas (2 %), hidroliz\u0113tas vistas aknas (2 %), alus raugs (2 %), \u017e\u0101v\u0113tas a\u013c\u0123es (1,5 %, Schizochytrium limacinum), \u017e\u0101v\u0113tas kumel\u012btes (0,5 %), miner\u0101lvielas, \u017e\u0101v\u0113ts smilts\u0113rk\u0161\u0137is (0,3 %), \u017e\u0101v\u0113tas br\u016bklenes (0,2 %), fruktooligosahar\u012bdi (0,015 %), mann\u0101na oligosahar\u012bdi (0,015 %), saru juka (0,008 %), inaktiv\u0113tas Lactobacillus acidophilus HA \u2013 122 (15 \u00d7 109 \u0161\u016bnas\/kg).<\/p>\n<h2 id=\"product-content-section-2\">Anal\u012btisk\u0101s sast\u0101vda\u013cas<\/h2>\n<p>Neapstr\u0101d\u0101ts prote\u012bns 31,0 %, neapstr\u0101d\u0101ti tauki 16,0 %, neapstr\u0101d\u0101ta \u0161\u0137iedra 4,0 %, neapstr\u0101d\u0101ti pelni 8,5 %, mitrums 10,0 %, Omega-3 1,2 %, Omega-6 2 %, kalcijs 1,1 %, fosfors 0,9 %, n\u0101trijs 0,9 %, magnijs 0,1 %.<\/p>\n<h2 id=\"product-content-section-3\">Uztura sast\u0101vs<\/h2>\n<p>A vitam\u012bns (3a672a) 20\u00a0000 SV, D3 vitam\u012bns (E671) 800 SV, E vitam\u012bns (3a700) 600 mg, C vitam\u012bns (3a312) 300 mg, taur\u012bns (3a370) 2500 mg, L-karnit\u012bns (3a910) 50 mg, hol\u012bna hlor\u012bds (3a890) 2500 mg, biot\u012bns (3a880) 2 mg, B1 vitam\u012bns (3a821) 10 mg, B2 vitam\u012bns 12 mg, niacinam\u012bds (3a315) 50 mg, kalcija D-pantoten\u0101ts (3a841) 40 mg, B6 vitam\u012bns (3a831) 10 mg, folsk\u0101be (3a316) 2 mg, B12 vitam\u012bns 0,04 mg, cinks (3b606) 120 mg, dzelzs (3b106) 45 mg, mang\u0101ns (3b504) 55 mg, k\u0101lija jod\u012bds (3b201) 4 mg, var\u0161 (3b406) 10 mg, sel\u0113ns (3b8.10) 0,2 mg, L-metion\u012bns (3c305) 2000 mg. Satur ES apstiprin\u0101tus dabiskos antioksidantus: tokoferola ekstraktus no augu e\u013c\u013cas (1b306), askorbilpalmit\u0101tu (1b304) un rozmar\u012bna ekstraktu.<\/p>\n<h2 id=\"product-content-section-4\">Ener\u0123\u0113tisk\u0101 v\u0113rt\u012bba<\/h2>\n<p>Metaboliz\u0113jam\u0101 ener\u0123ija: 3720 kcal\/kg<\/p>\n<h2 id=\"product-content-section-5\">Uztura normas<\/h2>\n<p>Bar\u012bbu var dot sausu vai nedaudz samitrin\u0101tu ar siltu \u016bdeni. Nodro\u0161iniet, lai vienm\u0113r b\u016btu pieejams svaigs \u016bdens. P\u0101rtikas daudzums var at\u0161\u0137irties atkar\u012bb\u0101 no t\u0101diem faktoriem k\u0101 vecums un aktivit\u0101tes l\u012bmenis. Iev\u0113rojiet tabul\u0101 nor\u0101d\u012bto ieteicamo dienas bar\u012bbas daudzumu. Kad s\u0101kat dot ka\u0137im jaunu bar\u012bbu, sajauciet to ar iepriek\u0161\u0113jo bar\u012bbu un pak\u0101peniski palieliniet jaun\u0101s bar\u012bbas porciju da\u017eu dienu laik\u0101. Uzglab\u0101t saus\u0101 un v\u0113s\u0101 viet\u0101.<\/p>\n<figure class=\"table\">\n<table>\n<tbody>\n<tr>\n<td>Ka\u0137a svars<\/td>\n<td>\u00a0Daudzums (g)<\/td>\n<\/tr>\n<tr>\n<td>2-3<\/td>\n<td>30-40<\/td>\n<\/tr>\n<tr>\n<td>3-5<\/td>\n<td>40-65<\/td>\n<\/tr>\n<tr>\n<td>5-7<\/td>\n<td>65-75<\/td>\n<\/tr>\n<tr>\n<td>7-9<\/td>\n<td>75-90<\/td>\n<\/tr>\n<\/tbody>\n<\/table>\n<\/figure>","protected":false},"excerpt":{"rendered":"<div class=\"product-info__excerpt\">\n<p>Pilnv\u0113rt\u012bga bar\u012bba pieaugu\u0161iem ka\u0137iem, kuriem nepiecie\u0161ama ka\u017eoka kop\u0161ana.<\/p>\n<\/div>\n<div class=\"product-info__options\">\n<div class=\"product-info__options-text\"><\/div>\n<div class=\"product-info__options-options\"><\/div>\n<\/div>","protected":false},"featured_media":21221,"comment_status":"closed","ping_status":"closed","template":"","meta":{"_acf_changed":false,"_monsterinsights_skip_tracking":false,"_monsterinsights_sitenote_active":false,"_monsterinsights_sitenote_note":"","_monsterinsights_sitenote_category":0},"product_brand":[],"product_cat":[870,877,876],"product_tag":[],"class_list":{"0":"post-21589","1":"product","2":"type-product","3":"status-publish","4":"has-post-thumbnail","6":"product_cat-maistas-katems","7":"product_cat-sausas-kaciu-edalas","8":"product_cat-sausas-kaciu-maistas","10":"first","11":"instock","12":"shipping-taxable","13":"purchasable","14":"product-type-variable","15":"has-default-attributes"},"acf":[],"aioseo_notices":[],"yoast_head":"<!-- This site is optimized with the Yoast SEO plugin v24.8.1 - https:\/\/yoast.com\/wordpress\/plugins\/seo\/ -->\n<title>Brit Care Cat GF Haircare Healthy&amp;Shiny Coat sausas maistas kat\u0117ms 2kg. - 7kg. | Dz\u012bvnieku produkti<\/title>\n<meta name=\"robots\" content=\"index, follow, max-snippet:-1, max-image-preview:large, max-video-preview:-1\" \/>\n<link rel=\"canonical\" href=\"https:\/\/zoosalis.lv\/lv\/brit-care-cat-gf-haircare-healthyshiny-coat-sausas-maistas-katems-2kg-7kg\/\" \/>\n<meta property=\"og:locale\" content=\"lv_LV\" \/>\n<meta property=\"og:type\" content=\"article\" \/>\n<meta property=\"og:title\" content=\"Brit Care Cat GF Haircare Healthy&amp;Shiny Coat sausas maistas kat\u0117ms 2kg. - 7kg. | Dz\u012bvnieku produkti\" \/>\n<meta property=\"og:description\" content=\"Visavertis pa\u0161aras suaugusioms kat\u0117ms, reikalaujan\u010dioms kailio prie\u017ei\u016bros.\" \/>\n<meta property=\"og:url\" content=\"https:\/\/zoosalis.lv\/lv\/brit-care-cat-gf-haircare-healthyshiny-coat-sausas-maistas-katems-2kg-7kg\/\" \/>\n<meta property=\"og:site_name\" content=\"Dz\u012bvnieku produkti\" \/>\n<meta property=\"article:publisher\" content=\"https:\/\/www.facebook.com\/zooprekesjums\/\" \/>\n<meta property=\"article:modified_time\" content=\"2025-04-11T14:20:48+00:00\" \/>\n<meta property=\"og:image\" content=\"https:\/\/zoosalis.lv\/wp-content\/uploads\/2025\/04\/bc-cat-haircare.png\" \/>\n\t<meta property=\"og:image:width\" content=\"1185\" \/>\n\t<meta property=\"og:image:height\" content=\"1032\" \/>\n\t<meta property=\"og:image:type\" content=\"image\/png\" \/>\n<meta name=\"twitter:card\" content=\"summary_large_image\" \/>\n<meta name=\"twitter:label1\" content=\"Est. reading time\" \/>\n\t<meta name=\"twitter:data1\" content=\"2 min\u016btes\" \/>\n<script type=\"application\/ld+json\" class=\"yoast-schema-graph\">{\"@context\":\"https:\/\/schema.org\",\"@graph\":[{\"@type\":\"WebPage\",\"@id\":\"https:\/\/zoosalis.lv\/brit-care-cat-gf-haircare-healthyshiny-coat-sausas-maistas-katems-2kg-7kg\/\",\"url\":\"https:\/\/zoosalis.lv\/brit-care-cat-gf-haircare-healthyshiny-coat-sausas-maistas-katems-2kg-7kg\/\",\"name\":\"Brit Care Cat GF Haircare Healthy&amp;Shiny Coat sausas maistas kat\u0117ms 2kg. - 7kg. | Dz\u012bvnieku produkti\",\"isPartOf\":{\"@id\":\"https:\/\/zoosalis.lv\/#website\"},\"primaryImageOfPage\":{\"@id\":\"https:\/\/zoosalis.lv\/brit-care-cat-gf-haircare-healthyshiny-coat-sausas-maistas-katems-2kg-7kg\/#primaryimage\"},\"image\":{\"@id\":\"https:\/\/zoosalis.lv\/brit-care-cat-gf-haircare-healthyshiny-coat-sausas-maistas-katems-2kg-7kg\/#primaryimage\"},\"thumbnailUrl\":\"https:\/\/zoosalis.lv\/wp-content\/uploads\/2025\/04\/bc-cat-haircare.png\",\"datePublished\":\"2025-04-07T16:34:23+00:00\",\"dateModified\":\"2025-04-11T14:20:48+00:00\",\"breadcrumb\":{\"@id\":\"https:\/\/zoosalis.lv\/brit-care-cat-gf-haircare-healthyshiny-coat-sausas-maistas-katems-2kg-7kg\/#breadcrumb\"},\"inLanguage\":\"lv-LV\",\"potentialAction\":[{\"@type\":\"ReadAction\",\"target\":[\"https:\/\/zoosalis.lv\/brit-care-cat-gf-haircare-healthyshiny-coat-sausas-maistas-katems-2kg-7kg\/\"]}]},{\"@type\":\"ImageObject\",\"inLanguage\":\"lv-LV\",\"@id\":\"https:\/\/zoosalis.lv\/brit-care-cat-gf-haircare-healthyshiny-coat-sausas-maistas-katems-2kg-7kg\/#primaryimage\",\"url\":\"https:\/\/zoosalis.lv\/wp-content\/uploads\/2025\/04\/bc-cat-haircare.png\",\"contentUrl\":\"https:\/\/zoosalis.lv\/wp-content\/uploads\/2025\/04\/bc-cat-haircare.png\",\"width\":1185,\"height\":1032},{\"@type\":\"BreadcrumbList\",\"@id\":\"https:\/\/zoosalis.lv\/brit-care-cat-gf-haircare-healthyshiny-coat-sausas-maistas-katems-2kg-7kg\/#breadcrumb\",\"itemListElement\":[{\"@type\":\"ListItem\",\"position\":1,\"name\":\"Home\",\"item\":\"https:\/\/zoosalis.lv\/\"},{\"@type\":\"ListItem\",\"position\":2,\"name\":\"Parduotuv\u0117\",\"item\":\"https:\/\/zoosalis.lv\/parduotuve\/\"},{\"@type\":\"ListItem\",\"position\":3,\"name\":\"Brit Care Cat GF Haircare Healthy&amp;Shiny Coat sausas maistas kat\u0117ms 2kg. &#8211; 7kg.\"}]},{\"@type\":\"WebSite\",\"@id\":\"https:\/\/zoosalis.lv\/#website\",\"url\":\"https:\/\/zoosalis.lv\/\",\"name\":\"Dz\u012bvnieku produkti\",\"description\":\"zoo\u0161alis.lt\",\"publisher\":{\"@id\":\"https:\/\/zoosalis.lv\/#organization\"},\"potentialAction\":[{\"@type\":\"SearchAction\",\"target\":{\"@type\":\"EntryPoint\",\"urlTemplate\":\"https:\/\/zoosalis.lv\/?s={search_term_string}\"},\"query-input\":{\"@type\":\"PropertyValueSpecification\",\"valueRequired\":true,\"valueName\":\"search_term_string\"}}],\"inLanguage\":\"lv-LV\"},{\"@type\":\"Organization\",\"@id\":\"https:\/\/zoosalis.lv\/#organization\",\"name\":\"Zoo\u0161alis.lt\",\"url\":\"https:\/\/zoosalis.lv\/\",\"logo\":{\"@type\":\"ImageObject\",\"inLanguage\":\"lv-LV\",\"@id\":\"https:\/\/zoosalis.lv\/#\/schema\/logo\/image\/\",\"url\":\"https:\/\/zoosalis.lv\/wp-content\/uploads\/2024\/02\/Group-62.png\",\"contentUrl\":\"https:\/\/zoosalis.lv\/wp-content\/uploads\/2024\/02\/Group-62.png\",\"width\":1537,\"height\":337,\"caption\":\"Zoo\u0161alis.lt\"},\"image\":{\"@id\":\"https:\/\/zoosalis.lv\/#\/schema\/logo\/image\/\"},\"sameAs\":[\"https:\/\/www.facebook.com\/zooprekesjums\/\"]}]}<\/script>\n<!-- \/ Yoast SEO plugin. -->","yoast_head_json":{"title":"Brit Care Cat GF Haircare Healthy&amp;Shiny Coat sausas maistas kat\u0117ms 2kg. - 7kg. | Dz\u012bvnieku produkti","robots":{"index":"index","follow":"follow","max-snippet":"max-snippet:-1","max-image-preview":"max-image-preview:large","max-video-preview":"max-video-preview:-1"},"canonical":"https:\/\/zoosalis.lv\/lv\/brit-care-cat-gf-haircare-healthyshiny-coat-sausas-maistas-katems-2kg-7kg\/","og_locale":"lv_LV","og_type":"article","og_title":"Brit Care Cat GF Haircare Healthy&amp;Shiny Coat sausas maistas kat\u0117ms 2kg. - 7kg. | Dz\u012bvnieku produkti","og_description":"Visavertis pa\u0161aras suaugusioms kat\u0117ms, reikalaujan\u010dioms kailio prie\u017ei\u016bros.","og_url":"https:\/\/zoosalis.lv\/lv\/brit-care-cat-gf-haircare-healthyshiny-coat-sausas-maistas-katems-2kg-7kg\/","og_site_name":"Dz\u012bvnieku produkti","article_publisher":"https:\/\/www.facebook.com\/zooprekesjums\/","article_modified_time":"2025-04-11T14:20:48+00:00","og_image":[{"width":1185,"height":1032,"url":"https:\/\/zoosalis.lv\/wp-content\/uploads\/2025\/04\/bc-cat-haircare.png","type":"image\/png"}],"twitter_card":"summary_large_image","twitter_misc":{"Est. reading time":"2 min\u016btes"},"schema":{"@context":"https:\/\/schema.org","@graph":[{"@type":"WebPage","@id":"https:\/\/zoosalis.lv\/brit-care-cat-gf-haircare-healthyshiny-coat-sausas-maistas-katems-2kg-7kg\/","url":"https:\/\/zoosalis.lv\/brit-care-cat-gf-haircare-healthyshiny-coat-sausas-maistas-katems-2kg-7kg\/","name":"Brit Care Cat GF Haircare Healthy&amp;Shiny Coat sausas maistas kat\u0117ms 2kg. - 7kg. | Dz\u012bvnieku produkti","isPartOf":{"@id":"https:\/\/zoosalis.lv\/#website"},"primaryImageOfPage":{"@id":"https:\/\/zoosalis.lv\/brit-care-cat-gf-haircare-healthyshiny-coat-sausas-maistas-katems-2kg-7kg\/#primaryimage"},"image":{"@id":"https:\/\/zoosalis.lv\/brit-care-cat-gf-haircare-healthyshiny-coat-sausas-maistas-katems-2kg-7kg\/#primaryimage"},"thumbnailUrl":"https:\/\/zoosalis.lv\/wp-content\/uploads\/2025\/04\/bc-cat-haircare.png","datePublished":"2025-04-07T16:34:23+00:00","dateModified":"2025-04-11T14:20:48+00:00","breadcrumb":{"@id":"https:\/\/zoosalis.lv\/brit-care-cat-gf-haircare-healthyshiny-coat-sausas-maistas-katems-2kg-7kg\/#breadcrumb"},"inLanguage":"lv-LV","potentialAction":[{"@type":"ReadAction","target":["https:\/\/zoosalis.lv\/brit-care-cat-gf-haircare-healthyshiny-coat-sausas-maistas-katems-2kg-7kg\/"]}]},{"@type":"ImageObject","inLanguage":"lv-LV","@id":"https:\/\/zoosalis.lv\/brit-care-cat-gf-haircare-healthyshiny-coat-sausas-maistas-katems-2kg-7kg\/#primaryimage","url":"https:\/\/zoosalis.lv\/wp-content\/uploads\/2025\/04\/bc-cat-haircare.png","contentUrl":"https:\/\/zoosalis.lv\/wp-content\/uploads\/2025\/04\/bc-cat-haircare.png","width":1185,"height":1032},{"@type":"BreadcrumbList","@id":"https:\/\/zoosalis.lv\/brit-care-cat-gf-haircare-healthyshiny-coat-sausas-maistas-katems-2kg-7kg\/#breadcrumb","itemListElement":[{"@type":"ListItem","position":1,"name":"Home","item":"https:\/\/zoosalis.lv\/"},{"@type":"ListItem","position":2,"name":"Parduotuv\u0117","item":"https:\/\/zoosalis.lv\/parduotuve\/"},{"@type":"ListItem","position":3,"name":"Brit Care Cat GF Haircare Healthy&amp;Shiny Coat sausas maistas kat\u0117ms 2kg. &#8211; 7kg."}]},{"@type":"WebSite","@id":"https:\/\/zoosalis.lv\/#website","url":"https:\/\/zoosalis.lv\/","name":"Dz\u012bvnieku produkti","description":"zoo\u0161alis.lt","publisher":{"@id":"https:\/\/zoosalis.lv\/#organization"},"potentialAction":[{"@type":"SearchAction","target":{"@type":"EntryPoint","urlTemplate":"https:\/\/zoosalis.lv\/?s={search_term_string}"},"query-input":{"@type":"PropertyValueSpecification","valueRequired":true,"valueName":"search_term_string"}}],"inLanguage":"lv-LV"},{"@type":"Organization","@id":"https:\/\/zoosalis.lv\/#organization","name":"Zoo\u0161alis.lt","url":"https:\/\/zoosalis.lv\/","logo":{"@type":"ImageObject","inLanguage":"lv-LV","@id":"https:\/\/zoosalis.lv\/#\/schema\/logo\/image\/","url":"https:\/\/zoosalis.lv\/wp-content\/uploads\/2024\/02\/Group-62.png","contentUrl":"https:\/\/zoosalis.lv\/wp-content\/uploads\/2024\/02\/Group-62.png","width":1537,"height":337,"caption":"Zoo\u0161alis.lt"},"image":{"@id":"https:\/\/zoosalis.lv\/#\/schema\/logo\/image\/"},"sameAs":["https:\/\/www.facebook.com\/zooprekesjums\/"]}]}},"_links":{"self":[{"href":"https:\/\/zoosalis.lv\/lv\/wp-json\/wp\/v2\/product\/21589"}],"collection":[{"href":"https:\/\/zoosalis.lv\/lv\/wp-json\/wp\/v2\/product"}],"about":[{"href":"https:\/\/zoosalis.lv\/lv\/wp-json\/wp\/v2\/types\/product"}],"replies":[{"embeddable":true,"href":"https:\/\/zoosalis.lv\/lv\/wp-json\/wp\/v2\/comments?post=21589"}],"wp:featuredmedia":[{"embeddable":true,"href":"https:\/\/zoosalis.lv\/lv\/wp-json\/wp\/v2\/media\/21221"}],"wp:attachment":[{"href":"https:\/\/zoosalis.lv\/lv\/wp-json\/wp\/v2\/media?parent=21589"}],"wp:term":[{"taxonomy":"product_brand","embeddable":true,"href":"https:\/\/zoosalis.lv\/lv\/wp-json\/wp\/v2\/product_brand?post=21589"},{"taxonomy":"product_cat","embeddable":true,"href":"https:\/\/zoosalis.lv\/lv\/wp-json\/wp\/v2\/product_cat?post=21589"},{"taxonomy":"product_tag","embeddable":true,"href":"https:\/\/zoosalis.lv\/lv\/wp-json\/wp\/v2\/product_tag?post=21589"}],"curies":[{"name":"wp","href":"https:\/\/api.w.org\/{rel}","templated":true}]}}