{"id":21849,"date":"2025-04-07T16:34:43","date_gmt":"2025-04-07T16:34:43","guid":{"rendered":"https:\/\/zoosalis.lv\/?post_type=product&#038;p=21849"},"modified":"2025-04-11T14:20:47","modified_gmt":"2025-04-11T14:20:47","slug":"acana-grasslands-cat-sausas-maistas-katems-340g-45kg","status":"publish","type":"product","link":"https:\/\/zoosalis.lv\/lv\/acana-grasslands-cat-sausas-maistas-katems-340g-45kg\/","title":{"rendered":"Acana Grasslands Cat saus\u0101 bar\u012bba ka\u0137iem 340g. \u2013 4,5 kg."},"content":{"rendered":"<h2 class=\"wp-block-heading\" id=\"product-content-section-0\">Apraksts<\/h2><p>Ka\u0137i ir anatomiski veidoti, lai \u0113stu p\u0101rtiku, kas bag\u0101ta ar dz\u012bvnieku olbaltumviel\u0101m. ACANA Grasslands bar\u012bba ir bag\u0101ta ar br\u012bv\u0101 dab\u0101 audz\u0113tu vistu, t\u012btaru un p\u012b\u013cu ga\u013cu, k\u0101 ar\u012b org\u0101niem un kauliem. \u0160\u012bs sast\u0101vda\u013cas dabiski nodro\u0161ina visas nepiecie\u0161am\u0101s uzturvielas, kas pal\u012bdz j\u016bsu ka\u0137im uztur\u0113t labu vesel\u012bbu.<\/p><p><strong>Im\u016bnsist\u0113mas atbalsts<\/strong><\/p><p>Svar\u012bgi vitam\u012bni, miner\u0101lvielas un antioksidanti pal\u012bdz atbalst\u012bt gremo\u0161anu un im\u016bnsist\u0113mu<\/p><p><strong>Vesel\u012bgi sirdij un ac\u012bm<\/strong><\/p><p>Taur\u012bns, EPA un DHA ir galven\u0101s uzturvielas, kas ka\u0137iem nepiecie\u0161amas acu un sirds vesel\u012bbas uztur\u0113\u0161anai.<\/p><p><strong>\u0100das un apmatojuma st\u0101voklim<\/strong><\/p><p>Sabalans\u0113tas omega tauksk\u0101bes pal\u012bdz uztur\u0113t vesel\u012bgu \u0101du un sp\u012bd\u012bgu ka\u017eoku<\/p><p><strong>Lieliska gar\u0161a<\/strong><\/p><p>Veseli med\u012bjuma sast\u0101vda\u013cas un liofiliz\u0113tas aknas nodro\u0161ina lielisku gar\u0161u<\/p><h2 class=\"wp-block-heading\" id=\"product-content-section-1\">Sast\u0101vs<\/h2><p>Neapstr\u0101d\u0101ta p\u012ble (12%), svaiga vistas ga\u013ca (11%), svaigas olas (8%), vistas ga\u013cas milti (7%), t\u012btara ga\u013cas milti (7%), pik\u0161as ga\u013cas milti (7%), pinto pupi\u0146as, zir\u0146i, neapstr\u0101d\u0101ta t\u012btara ga\u013ca (6%), vistas tauki (5%), sarkan\u0101s l\u0113cas, turku zir\u0146i, za\u013c\u0101s l\u0113cas, neapstr\u0101d\u0101ta paipalu ga\u013ca (4%), svaigi vistas subprodukti (aknas, sirds) (2%), zivju e\u013c\u013ca (2%), neapstr\u0101d\u0101tas t\u012btara aknas (2%), l\u0113cu \u0161\u0137iedrvielas, p\u012bles ga\u013cas milti (1%), p\u012bles aknas (1%), \u017e\u0101v\u0113tas j\u016bras a\u013c\u0123es, svaigs \u0137irbis, svaigs muskat\u0137irbis, svaigi burk\u0101ni, svaigi \u0101boli, svaigi bumbieri, svaigi cukini, \u017e\u0101v\u0113ta cigori\u0146u sakne, svaigs lapu k\u0101posts, svaigi spin\u0101ti, svaigas r\u0101ce\u0146u lapas, svaigas bie\u0161u lapas, veselas dz\u0113rvenes, veselas mellenes, veselas medlievas ogas, kurkumas sakne, \u012bstais piena dadzis, di\u017edad\u017ea sakne, lavanda, me\u017eroz\u012b\u0161u sakne, me\u017eroz\u012b\u0161u aug\u013ci.<\/p><h2 class=\"wp-block-heading\" id=\"product-content-section-2\">Piederumi \/ 1 kg<\/h2><p>Tehnolo\u0123isk\u0101s piedevas: citronsk\u0101be: 40 mg. Sensor\u0101s piedevas: rozmar\u012bna ekstrakts: 80 mg. Uzturv\u0113rt\u012bbas piedevas: hol\u012bna hlor\u012bds (hol\u012bns): 1400 mg, taur\u012bns: 400 mg, cinka protein\u0101ts: 160 mg, vara protein\u0101ts: 11 mg, B1 vitam\u012bns: 25 mg, B2 vitam\u012bns: 10 mg, B3 vitam\u012bns: 50 mg, B5 vitam\u012bns: 8 mg, B6 vitam\u012bns: 7,5 mg, B9 vitam\u012bns: 0,75 mg, B7 vitam\u012bns: 0,1 mg, B12 vitam\u012bns: 0,1 mg, A vitam\u012bns: 1875 SV, D3 vitam\u012bns: 250 SV, E vitam\u012bns: 175 SV, DL-metion\u012bns: 99 mg. Zootehnisk\u0101s piedevas: Enterococcus faecium DSM10663\/NCIMB 10415: 1 x 10\u2079 CFU.<\/p><h2 class=\"wp-block-heading\" id=\"product-content-section-3\">Anal\u012btisk\u0101s sast\u0101vda\u013cas<\/h2><p>Neapstr\u0101d\u0101ts prote\u012bns 37 %, neapstr\u0101d\u0101ti tauki 18 %, neapstr\u0101d\u0101ti pelni 9 %, neapstr\u0101d\u0101ta \u0161\u0137iedra 3 %, mitrums 10 %, kalcijs 1,9 %, magnijs 0,1 %, taur\u012bns 0,1 %, fosfors 1,3 %, omega-6 2,5 %, omega-3 0,8 %, DHA 0,2 %, EPA 0,2 %.<\/p><h2 class=\"wp-block-heading\" id=\"product-content-section-4\">Metaboliz\u0113jama ener\u0123ija<\/h2><p>3850 kcal\/kg.<\/p><h2 class=\"wp-block-heading\" id=\"product-content-section-5\">Uztura normas<\/h2><p>T\u0101pat k\u0101 j\u016bs, ar\u012b j\u016bsu ka\u0137is vai ka\u0137\u0113ns ir unik\u0101ls, un vi\u0146u baro\u0161anas pras\u012bbas at\u0161\u0137irsies atkar\u012bb\u0101 no \u0161\u0137irnes, vides, vecuma un aktivit\u0101tes l\u012bme\u0146a.<\/p><p>Mainot uzturu, ka\u0137im b\u016bs j\u0101veic p\u0101reja, jo t\u0101 gremo\u0161anas sist\u0113ma piel\u0101gojas palielin\u0101tajam ACANA bar\u012bbas vielu daudzumam. 5\u20137 dienu laik\u0101 pak\u0101peniski ieviesiet ACANA, katru dienu palielinot daudzumu, lai 7. dien\u0101 j\u016bs dotu 100 % ACANA.<\/p><p>Pasniedziet sausu vai nedaudz samitrin\u0101tu. Regul\u0101ri apmekl\u0113jiet savu veterin\u0101r\u0101rstu. Lai saglab\u0101tu svaigumu, iesak\u0101m iepakojumu uzglab\u0101t cie\u0161i nosl\u0113gtu v\u0113s\u0101, saus\u0101 viet\u0101.<\/p><p>Ra\u017eot\u0101js: Champion Petfoods.<\/p>","protected":false},"excerpt":{"rendered":"<div class=\"product-info__excerpt\">Pilnv\u0113rt\u012bga bar\u012bba visu \u0161\u0137ir\u0146u un vecumu ka\u0137iem ar p\u012bli, vistu un t\u012btaru. 75 % dz\u012bvnieku izcelsmes sast\u0101vda\u013cu un 25 % d\u0101rze\u0146u, aug\u013cu un gar\u0161augu.<\/div>\n<div class=\"product-info__options\">\n<div class=\"product-info__options-text\">\u00a0<\/div>\n<div class=\"product-info__options-options\">\u00a0<\/div>\n<\/div>","protected":false},"featured_media":20854,"comment_status":"closed","ping_status":"closed","template":"","meta":{"_acf_changed":false,"_monsterinsights_skip_tracking":false,"_monsterinsights_sitenote_active":false,"_monsterinsights_sitenote_note":"","_monsterinsights_sitenote_category":0},"product_brand":[],"product_cat":[929,870,877,876],"product_tag":[],"class_list":{"0":"post-21849","1":"product","2":"type-product","3":"status-publish","4":"has-post-thumbnail","6":"product_cat-acana-maistas","7":"product_cat-maistas-katems","8":"product_cat-sausas-kaciu-edalas","9":"product_cat-sausas-kaciu-maistas","11":"first","12":"instock","13":"sale","14":"shipping-taxable","15":"purchasable","16":"product-type-variable","17":"has-default-attributes"},"acf":[],"aioseo_notices":[],"yoast_head":"<!-- This site is optimized with the Yoast SEO plugin v24.8.1 - https:\/\/yoast.com\/wordpress\/plugins\/seo\/ -->\n<title>Acana Grasslands Cat sausas maistas kat\u0117ms 340g. - 4,5kg. | Dz\u012bvnieku produkti<\/title>\n<meta name=\"robots\" content=\"index, follow, max-snippet:-1, max-image-preview:large, max-video-preview:-1\" \/>\n<link rel=\"canonical\" href=\"https:\/\/zoosalis.lv\/lv\/acana-grasslands-cat-sausas-maistas-katems-340g-45kg\/\" \/>\n<meta property=\"og:locale\" content=\"lv_LV\" \/>\n<meta property=\"og:type\" content=\"article\" \/>\n<meta property=\"og:title\" content=\"Acana Grasslands Cat sausas maistas kat\u0117ms 340g. - 4,5kg. | Dz\u012bvnieku produkti\" \/>\n<meta property=\"og:description\" content=\"Visavertis pa\u0161aras vis\u0173 veisli\u0173, vis\u0173 am\u017eiaus grupi\u0173 kat\u0117ms su antiena, vi\u0161tiena ir kalakutiena. 75 % gyv\u016bnini\u0173 ingredient\u0173 ir 25 % dar\u017eovi\u0173, vaisi\u0173 bei \u017eoleli\u0173.  \u00a0 \u00a0\" \/>\n<meta property=\"og:url\" content=\"https:\/\/zoosalis.lv\/lv\/acana-grasslands-cat-sausas-maistas-katems-340g-45kg\/\" \/>\n<meta property=\"og:site_name\" content=\"Dz\u012bvnieku produkti\" \/>\n<meta property=\"article:publisher\" content=\"https:\/\/www.facebook.com\/zooprekesjums\/\" \/>\n<meta property=\"article:modified_time\" content=\"2025-04-11T14:20:47+00:00\" \/>\n<meta property=\"og:image\" content=\"https:\/\/zoosalis.lv\/wp-content\/uploads\/2025\/04\/Acana-Grasslands-45kg-medium.jpg\" \/>\n\t<meta property=\"og:image:width\" content=\"600\" \/>\n\t<meta property=\"og:image:height\" content=\"586\" \/>\n\t<meta property=\"og:image:type\" content=\"image\/jpeg\" \/>\n<meta name=\"twitter:card\" content=\"summary_large_image\" \/>\n<meta name=\"twitter:label1\" content=\"Est. reading time\" \/>\n\t<meta name=\"twitter:data1\" content=\"2 min\u016btes\" \/>\n<script type=\"application\/ld+json\" class=\"yoast-schema-graph\">{\"@context\":\"https:\/\/schema.org\",\"@graph\":[{\"@type\":\"WebPage\",\"@id\":\"https:\/\/zoosalis.lv\/acana-grasslands-cat-sausas-maistas-katems-340g-45kg\/\",\"url\":\"https:\/\/zoosalis.lv\/acana-grasslands-cat-sausas-maistas-katems-340g-45kg\/\",\"name\":\"Acana Grasslands Cat sausas maistas kat\u0117ms 340g. - 4,5kg. | Dz\u012bvnieku produkti\",\"isPartOf\":{\"@id\":\"https:\/\/zoosalis.lv\/#website\"},\"primaryImageOfPage\":{\"@id\":\"https:\/\/zoosalis.lv\/acana-grasslands-cat-sausas-maistas-katems-340g-45kg\/#primaryimage\"},\"image\":{\"@id\":\"https:\/\/zoosalis.lv\/acana-grasslands-cat-sausas-maistas-katems-340g-45kg\/#primaryimage\"},\"thumbnailUrl\":\"https:\/\/zoosalis.lv\/wp-content\/uploads\/2025\/04\/Acana-Grasslands-45kg-medium.jpg\",\"datePublished\":\"2025-04-07T16:34:43+00:00\",\"dateModified\":\"2025-04-11T14:20:47+00:00\",\"breadcrumb\":{\"@id\":\"https:\/\/zoosalis.lv\/acana-grasslands-cat-sausas-maistas-katems-340g-45kg\/#breadcrumb\"},\"inLanguage\":\"lv-LV\",\"potentialAction\":[{\"@type\":\"ReadAction\",\"target\":[\"https:\/\/zoosalis.lv\/acana-grasslands-cat-sausas-maistas-katems-340g-45kg\/\"]}]},{\"@type\":\"ImageObject\",\"inLanguage\":\"lv-LV\",\"@id\":\"https:\/\/zoosalis.lv\/acana-grasslands-cat-sausas-maistas-katems-340g-45kg\/#primaryimage\",\"url\":\"https:\/\/zoosalis.lv\/wp-content\/uploads\/2025\/04\/Acana-Grasslands-45kg-medium.jpg\",\"contentUrl\":\"https:\/\/zoosalis.lv\/wp-content\/uploads\/2025\/04\/Acana-Grasslands-45kg-medium.jpg\",\"width\":600,\"height\":586},{\"@type\":\"BreadcrumbList\",\"@id\":\"https:\/\/zoosalis.lv\/acana-grasslands-cat-sausas-maistas-katems-340g-45kg\/#breadcrumb\",\"itemListElement\":[{\"@type\":\"ListItem\",\"position\":1,\"name\":\"Home\",\"item\":\"https:\/\/zoosalis.lv\/\"},{\"@type\":\"ListItem\",\"position\":2,\"name\":\"Parduotuv\u0117\",\"item\":\"https:\/\/zoosalis.lv\/parduotuve\/\"},{\"@type\":\"ListItem\",\"position\":3,\"name\":\"Acana Grasslands Cat sausas maistas kat\u0117ms 340g. &#8211; 4,5kg.\"}]},{\"@type\":\"WebSite\",\"@id\":\"https:\/\/zoosalis.lv\/#website\",\"url\":\"https:\/\/zoosalis.lv\/\",\"name\":\"Dz\u012bvnieku produkti\",\"description\":\"zoo\u0161alis.lt\",\"publisher\":{\"@id\":\"https:\/\/zoosalis.lv\/#organization\"},\"potentialAction\":[{\"@type\":\"SearchAction\",\"target\":{\"@type\":\"EntryPoint\",\"urlTemplate\":\"https:\/\/zoosalis.lv\/?s={search_term_string}\"},\"query-input\":{\"@type\":\"PropertyValueSpecification\",\"valueRequired\":true,\"valueName\":\"search_term_string\"}}],\"inLanguage\":\"lv-LV\"},{\"@type\":\"Organization\",\"@id\":\"https:\/\/zoosalis.lv\/#organization\",\"name\":\"Zoo\u0161alis.lt\",\"url\":\"https:\/\/zoosalis.lv\/\",\"logo\":{\"@type\":\"ImageObject\",\"inLanguage\":\"lv-LV\",\"@id\":\"https:\/\/zoosalis.lv\/#\/schema\/logo\/image\/\",\"url\":\"https:\/\/zoosalis.lv\/wp-content\/uploads\/2024\/02\/Group-62.png\",\"contentUrl\":\"https:\/\/zoosalis.lv\/wp-content\/uploads\/2024\/02\/Group-62.png\",\"width\":1537,\"height\":337,\"caption\":\"Zoo\u0161alis.lt\"},\"image\":{\"@id\":\"https:\/\/zoosalis.lv\/#\/schema\/logo\/image\/\"},\"sameAs\":[\"https:\/\/www.facebook.com\/zooprekesjums\/\"]}]}<\/script>\n<!-- \/ Yoast SEO plugin. -->","yoast_head_json":{"title":"Acana Grasslands Cat sausas maistas kat\u0117ms 340g. - 4,5kg. | Dz\u012bvnieku produkti","robots":{"index":"index","follow":"follow","max-snippet":"max-snippet:-1","max-image-preview":"max-image-preview:large","max-video-preview":"max-video-preview:-1"},"canonical":"https:\/\/zoosalis.lv\/lv\/acana-grasslands-cat-sausas-maistas-katems-340g-45kg\/","og_locale":"lv_LV","og_type":"article","og_title":"Acana Grasslands Cat sausas maistas kat\u0117ms 340g. - 4,5kg. | Dz\u012bvnieku produkti","og_description":"Visavertis pa\u0161aras vis\u0173 veisli\u0173, vis\u0173 am\u017eiaus grupi\u0173 kat\u0117ms su antiena, vi\u0161tiena ir kalakutiena. 75 % gyv\u016bnini\u0173 ingredient\u0173 ir 25 % dar\u017eovi\u0173, vaisi\u0173 bei \u017eoleli\u0173.  \u00a0 \u00a0","og_url":"https:\/\/zoosalis.lv\/lv\/acana-grasslands-cat-sausas-maistas-katems-340g-45kg\/","og_site_name":"Dz\u012bvnieku produkti","article_publisher":"https:\/\/www.facebook.com\/zooprekesjums\/","article_modified_time":"2025-04-11T14:20:47+00:00","og_image":[{"width":600,"height":586,"url":"https:\/\/zoosalis.lv\/wp-content\/uploads\/2025\/04\/Acana-Grasslands-45kg-medium.jpg","type":"image\/jpeg"}],"twitter_card":"summary_large_image","twitter_misc":{"Est. reading time":"2 min\u016btes"},"schema":{"@context":"https:\/\/schema.org","@graph":[{"@type":"WebPage","@id":"https:\/\/zoosalis.lv\/acana-grasslands-cat-sausas-maistas-katems-340g-45kg\/","url":"https:\/\/zoosalis.lv\/acana-grasslands-cat-sausas-maistas-katems-340g-45kg\/","name":"Acana Grasslands Cat sausas maistas kat\u0117ms 340g. - 4,5kg. | Dz\u012bvnieku produkti","isPartOf":{"@id":"https:\/\/zoosalis.lv\/#website"},"primaryImageOfPage":{"@id":"https:\/\/zoosalis.lv\/acana-grasslands-cat-sausas-maistas-katems-340g-45kg\/#primaryimage"},"image":{"@id":"https:\/\/zoosalis.lv\/acana-grasslands-cat-sausas-maistas-katems-340g-45kg\/#primaryimage"},"thumbnailUrl":"https:\/\/zoosalis.lv\/wp-content\/uploads\/2025\/04\/Acana-Grasslands-45kg-medium.jpg","datePublished":"2025-04-07T16:34:43+00:00","dateModified":"2025-04-11T14:20:47+00:00","breadcrumb":{"@id":"https:\/\/zoosalis.lv\/acana-grasslands-cat-sausas-maistas-katems-340g-45kg\/#breadcrumb"},"inLanguage":"lv-LV","potentialAction":[{"@type":"ReadAction","target":["https:\/\/zoosalis.lv\/acana-grasslands-cat-sausas-maistas-katems-340g-45kg\/"]}]},{"@type":"ImageObject","inLanguage":"lv-LV","@id":"https:\/\/zoosalis.lv\/acana-grasslands-cat-sausas-maistas-katems-340g-45kg\/#primaryimage","url":"https:\/\/zoosalis.lv\/wp-content\/uploads\/2025\/04\/Acana-Grasslands-45kg-medium.jpg","contentUrl":"https:\/\/zoosalis.lv\/wp-content\/uploads\/2025\/04\/Acana-Grasslands-45kg-medium.jpg","width":600,"height":586},{"@type":"BreadcrumbList","@id":"https:\/\/zoosalis.lv\/acana-grasslands-cat-sausas-maistas-katems-340g-45kg\/#breadcrumb","itemListElement":[{"@type":"ListItem","position":1,"name":"Home","item":"https:\/\/zoosalis.lv\/"},{"@type":"ListItem","position":2,"name":"Parduotuv\u0117","item":"https:\/\/zoosalis.lv\/parduotuve\/"},{"@type":"ListItem","position":3,"name":"Acana Grasslands Cat sausas maistas kat\u0117ms 340g. &#8211; 4,5kg."}]},{"@type":"WebSite","@id":"https:\/\/zoosalis.lv\/#website","url":"https:\/\/zoosalis.lv\/","name":"Dz\u012bvnieku produkti","description":"zoo\u0161alis.lt","publisher":{"@id":"https:\/\/zoosalis.lv\/#organization"},"potentialAction":[{"@type":"SearchAction","target":{"@type":"EntryPoint","urlTemplate":"https:\/\/zoosalis.lv\/?s={search_term_string}"},"query-input":{"@type":"PropertyValueSpecification","valueRequired":true,"valueName":"search_term_string"}}],"inLanguage":"lv-LV"},{"@type":"Organization","@id":"https:\/\/zoosalis.lv\/#organization","name":"Zoo\u0161alis.lt","url":"https:\/\/zoosalis.lv\/","logo":{"@type":"ImageObject","inLanguage":"lv-LV","@id":"https:\/\/zoosalis.lv\/#\/schema\/logo\/image\/","url":"https:\/\/zoosalis.lv\/wp-content\/uploads\/2024\/02\/Group-62.png","contentUrl":"https:\/\/zoosalis.lv\/wp-content\/uploads\/2024\/02\/Group-62.png","width":1537,"height":337,"caption":"Zoo\u0161alis.lt"},"image":{"@id":"https:\/\/zoosalis.lv\/#\/schema\/logo\/image\/"},"sameAs":["https:\/\/www.facebook.com\/zooprekesjums\/"]}]}},"_links":{"self":[{"href":"https:\/\/zoosalis.lv\/lv\/wp-json\/wp\/v2\/product\/21849"}],"collection":[{"href":"https:\/\/zoosalis.lv\/lv\/wp-json\/wp\/v2\/product"}],"about":[{"href":"https:\/\/zoosalis.lv\/lv\/wp-json\/wp\/v2\/types\/product"}],"replies":[{"embeddable":true,"href":"https:\/\/zoosalis.lv\/lv\/wp-json\/wp\/v2\/comments?post=21849"}],"wp:featuredmedia":[{"embeddable":true,"href":"https:\/\/zoosalis.lv\/lv\/wp-json\/wp\/v2\/media\/20854"}],"wp:attachment":[{"href":"https:\/\/zoosalis.lv\/lv\/wp-json\/wp\/v2\/media?parent=21849"}],"wp:term":[{"taxonomy":"product_brand","embeddable":true,"href":"https:\/\/zoosalis.lv\/lv\/wp-json\/wp\/v2\/product_brand?post=21849"},{"taxonomy":"product_cat","embeddable":true,"href":"https:\/\/zoosalis.lv\/lv\/wp-json\/wp\/v2\/product_cat?post=21849"},{"taxonomy":"product_tag","embeddable":true,"href":"https:\/\/zoosalis.lv\/lv\/wp-json\/wp\/v2\/product_tag?post=21849"}],"curies":[{"name":"wp","href":"https:\/\/api.w.org\/{rel}","templated":true}]}}