{"id":22337,"date":"2025-04-08T08:11:09","date_gmt":"2025-04-08T08:11:09","guid":{"rendered":"https:\/\/zoosalis.lv\/?post_type=product&#038;p=22337"},"modified":"2025-04-08T08:11:17","modified_gmt":"2025-04-08T08:11:17","slug":"delickcious-tuno-sriuba-katems-su-kukuruzais-ir-zirneliais-80-g","status":"publish","type":"product","link":"https:\/\/zoosalis.lv\/lv\/delickcious-tuno-sriuba-katems-su-kukuruzais-ir-zirneliais-80-g\/","title":{"rendered":"Gard\u0101 tun\u010da zupa ka\u0137iem ar kukur\u016bzu un zirn\u012b\u0161iem, 80 g"},"content":{"rendered":"<p><strong>Gar\u0161\u012bga tun\u010da zupa ka\u0137iem ar kukur\u016bzu un zir\u0146iem.<\/strong>&nbsp;Pilnv\u0113rt\u012bga konservi pieaugu\u0161iem ka\u0137iem.<\/p><p>Bag\u0101t\u012bgas tekst\u016bras, sul\u012bgs tuncis un barojo\u0161i d\u0101rze\u0146i \u2013 tagad zupas veid\u0101 ka\u0137iem. \u0160im \u0113dienam ir sabalans\u0113ts sast\u0101vs un tas ir bag\u0101tin\u0101ts ar b\u016btiskiem mikroelementiem. S\u0101t\u012bgi un gar\u0161\u012bgi. Piem\u0113rots k\u0101 pamata di\u0113ta, jo katra diena ir diena, lai palutin\u0101tu savu m\u012bluli. Lielisks risin\u0101jums, lai j\u016bsu ka\u0137is b\u016btu laim\u012bgs un baud\u012btu dz\u012bvi.&nbsp;<\/p><p>Gar\u0161\u012bgi. Ne tikai lolojumdz\u012bvnieku bar\u012bba, bet ar\u012b laba laiz\u012b\u0161ana!<\/p><p>Priek\u0161roc\u012bbas:&nbsp;<\/p><ul class=\"wp-block-list\"><li>Zivis ir lielisks olbaltumvielu avots<\/li>\n\n<li>Saulespu\u0137u e\u013c\u013ca ir polinepies\u0101tin\u0101to tauksk\u0101bju Omega-6 avots kop\u0101 ar cinku un varu, kas pal\u012bdz\u0113s uztur\u0113t vesel\u012bgu \u0101du un apmatojumu.\u00a0<\/li>\n\n<li>Satur cinku, dzelzi un D3 vitam\u012bnu, lai j\u016bsu m\u0101jdz\u012bvnieks justos labi<\/li><\/ul><p><strong>Sast\u0101vda\u013cas<\/strong><\/p><p>Sast\u0101vda\u013cas: tuncis 37 %, z\u012bdai\u0146u kukur\u016bza 2,5 %, za\u013cie zirn\u012b\u0161i 2,5 %, saulespu\u0137u e\u013c\u013ca, tapiokas ciete, miner\u0101lvielas, ksiloze.<\/p><p>Anal\u012btisk\u0101s sast\u0101vda\u013cas: prote\u012bns 11 %, koptauki 2,5 %, koppelni 1 %, kop\u0161\u0137iedra 0,5 %, mitrums 82 %.<\/p><p>Piedevas (1 kg bar\u012bbas): uztura piedevas: cinks (3b604): 28 mg, dzelzs (3b103): 8 mg, mang\u0101ns (3b503): 0,8 mg, var\u0161 (3b405): 0,4 mg, jods (3b201): 0,2 mg.<\/p><p>Ener\u0123\u0113tisk\u0101 v\u0113rt\u012bba uz 100 g bar\u012bbas: 372 kJ (89 kcal).<\/p><p><strong>Baro\u0161anas ieteikums<\/strong><\/p><p>Ieteicam\u0101 ikdienas uztura deva: skat\u012bt uz iepakojuma. P\u0101rtikas da\u013cai j\u0101b\u016bt istabas temperat\u016br\u0101. Vienm\u0113r j\u0101pievieno t\u012brs un svaigs \u016bdens.&nbsp;<\/p><p>Uzglab\u0101\u0161anas apst\u0101k\u013ci: Uzglab\u0101t saus\u0101 viet\u0101, temperat\u016br\u0101 no +6 \u00baC l\u012bdz +30 \u00baC. Atv\u0113rto iepakojumu uzglab\u0101t ledusskap\u012b un izlietot 48 stundu laik\u0101.<\/p>","protected":false},"excerpt":{"rendered":"<p><strong data-rich-text-format-boundary=\"true\">Gar\u0161\u012bga tun\u010da zupa ka\u0137iem ar kukur\u016bzu un zir\u0146iem.<\/strong>\u00a0Pilnv\u0113rt\u012bga konservi pieaugu\u0161iem ka\u0137iem.<\/p>","protected":false},"featured_media":19615,"comment_status":"open","ping_status":"closed","template":"","meta":{"_acf_changed":false,"_monsterinsights_skip_tracking":false,"_monsterinsights_sitenote_active":false,"_monsterinsights_sitenote_note":"","_monsterinsights_sitenote_category":0},"product_brand":[],"product_cat":[886],"product_tag":[],"class_list":{"0":"post-22337","1":"product","2":"type-product","3":"status-publish","4":"has-post-thumbnail","6":"product_cat-konservai-katems","8":"first","9":"instock","10":"shipping-taxable","11":"purchasable","12":"product-type-simple"},"acf":[],"aioseo_notices":[],"yoast_head":"<!-- This site is optimized with the Yoast SEO plugin v24.8.1 - https:\/\/yoast.com\/wordpress\/plugins\/seo\/ -->\n<title>Delickcious tuno sriuba kat\u0117ms su kukur\u016bzais ir \u017eirneliais, 80 g | Dz\u012bvnieku produkti<\/title>\n<meta name=\"robots\" content=\"index, follow, max-snippet:-1, max-image-preview:large, max-video-preview:-1\" \/>\n<link rel=\"canonical\" href=\"https:\/\/zoosalis.lv\/lv\/delickcious-tuno-sriuba-katems-su-kukuruzais-ir-zirneliais-80-g\/\" \/>\n<meta property=\"og:locale\" content=\"lv_LV\" \/>\n<meta property=\"og:type\" content=\"article\" \/>\n<meta property=\"og:title\" content=\"Delickcious tuno sriuba kat\u0117ms su kukur\u016bzais ir \u017eirneliais, 80 g | Dz\u012bvnieku produkti\" \/>\n<meta property=\"og:description\" content=\"Delickcious tuno sriuba kat\u0117ms su kukur\u016bzais ir \u017eirneliais.\u00a0Visavertis konservuotas maistas suaugusioms kat\u0117ms.\" \/>\n<meta property=\"og:url\" content=\"https:\/\/zoosalis.lv\/lv\/delickcious-tuno-sriuba-katems-su-kukuruzais-ir-zirneliais-80-g\/\" \/>\n<meta property=\"og:site_name\" content=\"Dz\u012bvnieku produkti\" \/>\n<meta property=\"article:publisher\" content=\"https:\/\/www.facebook.com\/zooprekesjums\/\" \/>\n<meta property=\"article:modified_time\" content=\"2025-04-08T08:11:17+00:00\" \/>\n<meta property=\"og:image\" content=\"https:\/\/zoosalis.lv\/wp-content\/uploads\/2024\/02\/Group-62.png\" \/>\n\t<meta property=\"og:image:width\" content=\"1537\" \/>\n\t<meta property=\"og:image:height\" content=\"337\" \/>\n\t<meta property=\"og:image:type\" content=\"image\/png\" \/>\n<meta name=\"twitter:card\" content=\"summary_large_image\" \/>\n<meta name=\"twitter:label1\" content=\"Est. reading time\" \/>\n\t<meta name=\"twitter:data1\" content=\"1 min\u016bte\" \/>\n<script type=\"application\/ld+json\" class=\"yoast-schema-graph\">{\"@context\":\"https:\/\/schema.org\",\"@graph\":[{\"@type\":\"WebPage\",\"@id\":\"https:\/\/zoosalis.lv\/delickcious-tuno-sriuba-katems-su-kukuruzais-ir-zirneliais-80-g\/\",\"url\":\"https:\/\/zoosalis.lv\/delickcious-tuno-sriuba-katems-su-kukuruzais-ir-zirneliais-80-g\/\",\"name\":\"Delickcious tuno sriuba kat\u0117ms su kukur\u016bzais ir \u017eirneliais, 80 g | Dz\u012bvnieku produkti\",\"isPartOf\":{\"@id\":\"https:\/\/zoosalis.lv\/#website\"},\"primaryImageOfPage\":{\"@id\":\"https:\/\/zoosalis.lv\/delickcious-tuno-sriuba-katems-su-kukuruzais-ir-zirneliais-80-g\/#primaryimage\"},\"image\":{\"@id\":\"https:\/\/zoosalis.lv\/delickcious-tuno-sriuba-katems-su-kukuruzais-ir-zirneliais-80-g\/#primaryimage\"},\"thumbnailUrl\":\"https:\/\/zoosalis.lv\/wp-content\/uploads\/2025\/04\/delickcious-tuno-sriuba-katems-su-kukuruzais-ir-zirneliais-80-g.jpg\",\"datePublished\":\"2025-04-08T08:11:09+00:00\",\"dateModified\":\"2025-04-08T08:11:17+00:00\",\"breadcrumb\":{\"@id\":\"https:\/\/zoosalis.lv\/delickcious-tuno-sriuba-katems-su-kukuruzais-ir-zirneliais-80-g\/#breadcrumb\"},\"inLanguage\":\"lv-LV\",\"potentialAction\":[{\"@type\":\"ReadAction\",\"target\":[\"https:\/\/zoosalis.lv\/delickcious-tuno-sriuba-katems-su-kukuruzais-ir-zirneliais-80-g\/\"]}]},{\"@type\":\"ImageObject\",\"inLanguage\":\"lv-LV\",\"@id\":\"https:\/\/zoosalis.lv\/delickcious-tuno-sriuba-katems-su-kukuruzais-ir-zirneliais-80-g\/#primaryimage\",\"url\":\"https:\/\/zoosalis.lv\/wp-content\/uploads\/2025\/04\/delickcious-tuno-sriuba-katems-su-kukuruzais-ir-zirneliais-80-g.jpg\",\"contentUrl\":\"https:\/\/zoosalis.lv\/wp-content\/uploads\/2025\/04\/delickcious-tuno-sriuba-katems-su-kukuruzais-ir-zirneliais-80-g.jpg\",\"width\":460,\"height\":570},{\"@type\":\"BreadcrumbList\",\"@id\":\"https:\/\/zoosalis.lv\/delickcious-tuno-sriuba-katems-su-kukuruzais-ir-zirneliais-80-g\/#breadcrumb\",\"itemListElement\":[{\"@type\":\"ListItem\",\"position\":1,\"name\":\"Home\",\"item\":\"https:\/\/zoosalis.lv\/\"},{\"@type\":\"ListItem\",\"position\":2,\"name\":\"Parduotuv\u0117\",\"item\":\"https:\/\/zoosalis.lv\/parduotuve\/\"},{\"@type\":\"ListItem\",\"position\":3,\"name\":\"Delickcious tuno sriuba kat\u0117ms su kukur\u016bzais ir \u017eirneliais, 80 g\"}]},{\"@type\":\"WebSite\",\"@id\":\"https:\/\/zoosalis.lv\/#website\",\"url\":\"https:\/\/zoosalis.lv\/\",\"name\":\"Dz\u012bvnieku produkti\",\"description\":\"zoo\u0161alis.lt\",\"publisher\":{\"@id\":\"https:\/\/zoosalis.lv\/#organization\"},\"potentialAction\":[{\"@type\":\"SearchAction\",\"target\":{\"@type\":\"EntryPoint\",\"urlTemplate\":\"https:\/\/zoosalis.lv\/?s={search_term_string}\"},\"query-input\":{\"@type\":\"PropertyValueSpecification\",\"valueRequired\":true,\"valueName\":\"search_term_string\"}}],\"inLanguage\":\"lv-LV\"},{\"@type\":\"Organization\",\"@id\":\"https:\/\/zoosalis.lv\/#organization\",\"name\":\"Zoo\u0161alis.lt\",\"url\":\"https:\/\/zoosalis.lv\/\",\"logo\":{\"@type\":\"ImageObject\",\"inLanguage\":\"lv-LV\",\"@id\":\"https:\/\/zoosalis.lv\/#\/schema\/logo\/image\/\",\"url\":\"https:\/\/zoosalis.lv\/wp-content\/uploads\/2024\/02\/Group-62.png\",\"contentUrl\":\"https:\/\/zoosalis.lv\/wp-content\/uploads\/2024\/02\/Group-62.png\",\"width\":1537,\"height\":337,\"caption\":\"Zoo\u0161alis.lt\"},\"image\":{\"@id\":\"https:\/\/zoosalis.lv\/#\/schema\/logo\/image\/\"},\"sameAs\":[\"https:\/\/www.facebook.com\/zooprekesjums\/\"]}]}<\/script>\n<!-- \/ Yoast SEO plugin. -->","yoast_head_json":{"title":"Delickcious tuno sriuba kat\u0117ms su kukur\u016bzais ir \u017eirneliais, 80 g | Dz\u012bvnieku produkti","robots":{"index":"index","follow":"follow","max-snippet":"max-snippet:-1","max-image-preview":"max-image-preview:large","max-video-preview":"max-video-preview:-1"},"canonical":"https:\/\/zoosalis.lv\/lv\/delickcious-tuno-sriuba-katems-su-kukuruzais-ir-zirneliais-80-g\/","og_locale":"lv_LV","og_type":"article","og_title":"Delickcious tuno sriuba kat\u0117ms su kukur\u016bzais ir \u017eirneliais, 80 g | Dz\u012bvnieku produkti","og_description":"Delickcious tuno sriuba kat\u0117ms su kukur\u016bzais ir \u017eirneliais.\u00a0Visavertis konservuotas maistas suaugusioms kat\u0117ms.","og_url":"https:\/\/zoosalis.lv\/lv\/delickcious-tuno-sriuba-katems-su-kukuruzais-ir-zirneliais-80-g\/","og_site_name":"Dz\u012bvnieku produkti","article_publisher":"https:\/\/www.facebook.com\/zooprekesjums\/","article_modified_time":"2025-04-08T08:11:17+00:00","og_image":[{"width":1537,"height":337,"url":"https:\/\/zoosalis.lv\/wp-content\/uploads\/2024\/02\/Group-62.png","type":"image\/png"}],"twitter_card":"summary_large_image","twitter_misc":{"Est. reading time":"1 min\u016bte"},"schema":{"@context":"https:\/\/schema.org","@graph":[{"@type":"WebPage","@id":"https:\/\/zoosalis.lv\/delickcious-tuno-sriuba-katems-su-kukuruzais-ir-zirneliais-80-g\/","url":"https:\/\/zoosalis.lv\/delickcious-tuno-sriuba-katems-su-kukuruzais-ir-zirneliais-80-g\/","name":"Delickcious tuno sriuba kat\u0117ms su kukur\u016bzais ir \u017eirneliais, 80 g | Dz\u012bvnieku produkti","isPartOf":{"@id":"https:\/\/zoosalis.lv\/#website"},"primaryImageOfPage":{"@id":"https:\/\/zoosalis.lv\/delickcious-tuno-sriuba-katems-su-kukuruzais-ir-zirneliais-80-g\/#primaryimage"},"image":{"@id":"https:\/\/zoosalis.lv\/delickcious-tuno-sriuba-katems-su-kukuruzais-ir-zirneliais-80-g\/#primaryimage"},"thumbnailUrl":"https:\/\/zoosalis.lv\/wp-content\/uploads\/2025\/04\/delickcious-tuno-sriuba-katems-su-kukuruzais-ir-zirneliais-80-g.jpg","datePublished":"2025-04-08T08:11:09+00:00","dateModified":"2025-04-08T08:11:17+00:00","breadcrumb":{"@id":"https:\/\/zoosalis.lv\/delickcious-tuno-sriuba-katems-su-kukuruzais-ir-zirneliais-80-g\/#breadcrumb"},"inLanguage":"lv-LV","potentialAction":[{"@type":"ReadAction","target":["https:\/\/zoosalis.lv\/delickcious-tuno-sriuba-katems-su-kukuruzais-ir-zirneliais-80-g\/"]}]},{"@type":"ImageObject","inLanguage":"lv-LV","@id":"https:\/\/zoosalis.lv\/delickcious-tuno-sriuba-katems-su-kukuruzais-ir-zirneliais-80-g\/#primaryimage","url":"https:\/\/zoosalis.lv\/wp-content\/uploads\/2025\/04\/delickcious-tuno-sriuba-katems-su-kukuruzais-ir-zirneliais-80-g.jpg","contentUrl":"https:\/\/zoosalis.lv\/wp-content\/uploads\/2025\/04\/delickcious-tuno-sriuba-katems-su-kukuruzais-ir-zirneliais-80-g.jpg","width":460,"height":570},{"@type":"BreadcrumbList","@id":"https:\/\/zoosalis.lv\/delickcious-tuno-sriuba-katems-su-kukuruzais-ir-zirneliais-80-g\/#breadcrumb","itemListElement":[{"@type":"ListItem","position":1,"name":"Home","item":"https:\/\/zoosalis.lv\/"},{"@type":"ListItem","position":2,"name":"Parduotuv\u0117","item":"https:\/\/zoosalis.lv\/parduotuve\/"},{"@type":"ListItem","position":3,"name":"Delickcious tuno sriuba kat\u0117ms su kukur\u016bzais ir \u017eirneliais, 80 g"}]},{"@type":"WebSite","@id":"https:\/\/zoosalis.lv\/#website","url":"https:\/\/zoosalis.lv\/","name":"Dz\u012bvnieku produkti","description":"zoo\u0161alis.lt","publisher":{"@id":"https:\/\/zoosalis.lv\/#organization"},"potentialAction":[{"@type":"SearchAction","target":{"@type":"EntryPoint","urlTemplate":"https:\/\/zoosalis.lv\/?s={search_term_string}"},"query-input":{"@type":"PropertyValueSpecification","valueRequired":true,"valueName":"search_term_string"}}],"inLanguage":"lv-LV"},{"@type":"Organization","@id":"https:\/\/zoosalis.lv\/#organization","name":"Zoo\u0161alis.lt","url":"https:\/\/zoosalis.lv\/","logo":{"@type":"ImageObject","inLanguage":"lv-LV","@id":"https:\/\/zoosalis.lv\/#\/schema\/logo\/image\/","url":"https:\/\/zoosalis.lv\/wp-content\/uploads\/2024\/02\/Group-62.png","contentUrl":"https:\/\/zoosalis.lv\/wp-content\/uploads\/2024\/02\/Group-62.png","width":1537,"height":337,"caption":"Zoo\u0161alis.lt"},"image":{"@id":"https:\/\/zoosalis.lv\/#\/schema\/logo\/image\/"},"sameAs":["https:\/\/www.facebook.com\/zooprekesjums\/"]}]}},"_links":{"self":[{"href":"https:\/\/zoosalis.lv\/lv\/wp-json\/wp\/v2\/product\/22337"}],"collection":[{"href":"https:\/\/zoosalis.lv\/lv\/wp-json\/wp\/v2\/product"}],"about":[{"href":"https:\/\/zoosalis.lv\/lv\/wp-json\/wp\/v2\/types\/product"}],"replies":[{"embeddable":true,"href":"https:\/\/zoosalis.lv\/lv\/wp-json\/wp\/v2\/comments?post=22337"}],"wp:featuredmedia":[{"embeddable":true,"href":"https:\/\/zoosalis.lv\/lv\/wp-json\/wp\/v2\/media\/19615"}],"wp:attachment":[{"href":"https:\/\/zoosalis.lv\/lv\/wp-json\/wp\/v2\/media?parent=22337"}],"wp:term":[{"taxonomy":"product_brand","embeddable":true,"href":"https:\/\/zoosalis.lv\/lv\/wp-json\/wp\/v2\/product_brand?post=22337"},{"taxonomy":"product_cat","embeddable":true,"href":"https:\/\/zoosalis.lv\/lv\/wp-json\/wp\/v2\/product_cat?post=22337"},{"taxonomy":"product_tag","embeddable":true,"href":"https:\/\/zoosalis.lv\/lv\/wp-json\/wp\/v2\/product_tag?post=22337"}],"curies":[{"name":"wp","href":"https:\/\/api.w.org\/{rel}","templated":true}]}}