{"id":22374,"date":"2025-04-08T08:11:34","date_gmt":"2025-04-08T08:11:34","guid":{"rendered":"https:\/\/zoosalis.lv\/?post_type=product&#038;p=22374"},"modified":"2025-04-08T08:11:48","modified_gmt":"2025-04-08T08:11:48","slug":"canvit-skanestas-skincoat-200g","status":"publish","type":"product","link":"https:\/\/zoosalis.lv\/lv\/canvit-skanestas-skincoat-200g\/","title":{"rendered":"Canvit \u0101das un apmatojuma k\u0101rums 200 g."},"content":{"rendered":"<h2 class=\"wp-block-heading\" id=\"product-content-section-0\">Apraksts<\/h2><p>Svar\u012bgas vielas un vitam\u012bni uzlabo \u0101das atjauno\u0161anos un apmatojuma kvalit\u0101ti:&nbsp;<\/p><ul class=\"wp-block-list\"><li>Si\u013c\u0137u e\u013c\u013ca (papildus omega-3)<\/li>\n\n<li>Samtenes<\/li>\n\n<li>Organiskais cinks<\/li>\n\n<li>Niacinam\u012bds (B3 vitam\u012bns)<\/li>\n\n<li>Kalcija pantoten\u0101ts (B5 vitam\u012bns)<\/li>\n\n<li>Biot\u012bns<\/li><\/ul><h2 class=\"wp-block-heading\" id=\"product-content-section-1\">Sast\u0101vs<\/h2><p>Kartupe\u013ci, lasis (15%), \u0161\u0137idr\u0101 ciete, si\u013c\u0137u tauki (6%), hidroliz\u0113tas vistas aknas, kolag\u0113ns, \u017e\u0101v\u0113tas samtenes (5g\/kg).&nbsp;<\/p><h2 class=\"wp-block-heading\" id=\"product-content-section-2\">Anal\u012btisk\u0101s sast\u0101vda\u013cas<\/h2><p>kopprote\u012bns 17,0%, tauku saturs 7,5%, mitrums 17,0%, koppelni 3,5%, kop\u0161\u0137iedra 1,5%. &nbsp;<\/p><h2 class=\"wp-block-heading\" id=\"product-content-section-3\">P\u0101rtikas piedevas 1 kg<\/h2><p>cinks E (E6) 110 mg, niacinam\u012bds (3a315) 30 mg, kalcija pantoten\u0101ts 5 mg, biot\u012bns 1,4 mg. &nbsp;<\/p><h2 class=\"wp-block-heading\" id=\"product-content-section-4\">Uztura normas<\/h2><p>Ieteicam\u0101 dienas deva: 1\u20132 kubi\u0146i uz 1 kg \u0137erme\u0146a svara<\/p><p>200 g k\u0101rumu iepakojums ir pietiekams 10 kg smagam sunim 3 ned\u0113\u013c\u0101m. &nbsp;<\/p><p>Uzglab\u0101\u0161ana: Sarg\u0101t no tie\u0161iem saules stariem, uzglab\u0101t saus\u0101, v\u0113s\u0101 viet\u0101 un p\u0113c atv\u0113r\u0161anas cie\u0161i nosl\u0113gt. &nbsp;<\/p><p>Ra\u017eot\u0101js: Canvit sro, \u010cehijas Republika.<\/p>","protected":false},"excerpt":{"rendered":"<div class=\"product-info__excerpt\">Pusmitra funkcion\u0101la uzkoda su\u0146iem ar pras\u012bgu apmatojuma kop\u0161anu (garspalvaini su\u0146i ar apmatojuma izkri\u0161anu vai ataug\u0161anu).<\/div>\n<div class=\"product-prices\">\n<div class=\"product-prices__left\">\u00a0<\/div>\n<\/div>","protected":false},"featured_media":19689,"comment_status":"open","ping_status":"closed","template":"","meta":{"_acf_changed":false,"_monsterinsights_skip_tracking":false,"_monsterinsights_sitenote_active":false,"_monsterinsights_sitenote_note":"","_monsterinsights_sitenote_category":0},"product_brand":[],"product_cat":[890,873,881,874,893],"product_tag":[],"class_list":{"0":"post-22374","1":"product","2":"type-product","3":"status-publish","4":"has-post-thumbnail","6":"product_cat-kiti-skanestai","7":"product_cat-prekes-sunims","8":"product_cat-skanestai-sunims","9":"product_cat-sunu-maistas","10":"product_cat-vitaminai-papildai","12":"first","13":"instock","14":"shipping-taxable","15":"purchasable","16":"product-type-simple"},"acf":[],"aioseo_notices":[],"yoast_head":"<!-- This site is optimized with the Yoast SEO plugin v24.8.1 - https:\/\/yoast.com\/wordpress\/plugins\/seo\/ -->\n<title>Canvit skan\u0117stas Skin&amp;Coat 200g. | Dz\u012bvnieku produkti<\/title>\n<meta name=\"robots\" content=\"index, follow, max-snippet:-1, max-image-preview:large, max-video-preview:-1\" \/>\n<link rel=\"canonical\" href=\"https:\/\/zoosalis.lv\/lv\/canvit-skanestas-skincoat-200g\/\" \/>\n<meta property=\"og:locale\" content=\"lv_LV\" \/>\n<meta property=\"og:type\" content=\"article\" \/>\n<meta property=\"og:title\" content=\"Canvit skan\u0117stas Skin&amp;Coat 200g. | Dz\u012bvnieku produkti\" \/>\n<meta property=\"og:description\" content=\"Pusiau dr\u0117gnas funkcionalus u\u017ekandis \u0161unims su reiklia kailio prie\u017ei\u016bra (ilgaplaukiams \u0161unims, kuriems slenka ar atauga plaukai).  \u00a0\" \/>\n<meta property=\"og:url\" content=\"https:\/\/zoosalis.lv\/lv\/canvit-skanestas-skincoat-200g\/\" \/>\n<meta property=\"og:site_name\" content=\"Dz\u012bvnieku produkti\" \/>\n<meta property=\"article:publisher\" content=\"https:\/\/www.facebook.com\/zooprekesjums\/\" \/>\n<meta property=\"article:modified_time\" content=\"2025-04-08T08:11:48+00:00\" \/>\n<meta property=\"og:image\" content=\"https:\/\/zoosalis.lv\/wp-content\/uploads\/2024\/02\/Group-62.png\" \/>\n\t<meta property=\"og:image:width\" content=\"1537\" \/>\n\t<meta property=\"og:image:height\" content=\"337\" \/>\n\t<meta property=\"og:image:type\" content=\"image\/png\" \/>\n<meta name=\"twitter:card\" content=\"summary_large_image\" \/>\n<meta name=\"twitter:label1\" content=\"Est. reading time\" \/>\n\t<meta name=\"twitter:data1\" content=\"1 min\u016bte\" \/>\n<script type=\"application\/ld+json\" class=\"yoast-schema-graph\">{\"@context\":\"https:\/\/schema.org\",\"@graph\":[{\"@type\":\"WebPage\",\"@id\":\"https:\/\/zoosalis.lv\/canvit-skanestas-skincoat-200g\/\",\"url\":\"https:\/\/zoosalis.lv\/canvit-skanestas-skincoat-200g\/\",\"name\":\"Canvit skan\u0117stas Skin&amp;Coat 200g. | Dz\u012bvnieku produkti\",\"isPartOf\":{\"@id\":\"https:\/\/zoosalis.lv\/#website\"},\"primaryImageOfPage\":{\"@id\":\"https:\/\/zoosalis.lv\/canvit-skanestas-skincoat-200g\/#primaryimage\"},\"image\":{\"@id\":\"https:\/\/zoosalis.lv\/canvit-skanestas-skincoat-200g\/#primaryimage\"},\"thumbnailUrl\":\"https:\/\/zoosalis.lv\/wp-content\/uploads\/2025\/04\/5499-Canvit-Immunity-funkcinis-skanestas-sunims-imuniteto-stiprinimui-200g.jpg\",\"datePublished\":\"2025-04-08T08:11:34+00:00\",\"dateModified\":\"2025-04-08T08:11:48+00:00\",\"breadcrumb\":{\"@id\":\"https:\/\/zoosalis.lv\/canvit-skanestas-skincoat-200g\/#breadcrumb\"},\"inLanguage\":\"lv-LV\",\"potentialAction\":[{\"@type\":\"ReadAction\",\"target\":[\"https:\/\/zoosalis.lv\/canvit-skanestas-skincoat-200g\/\"]}]},{\"@type\":\"ImageObject\",\"inLanguage\":\"lv-LV\",\"@id\":\"https:\/\/zoosalis.lv\/canvit-skanestas-skincoat-200g\/#primaryimage\",\"url\":\"https:\/\/zoosalis.lv\/wp-content\/uploads\/2025\/04\/5499-Canvit-Immunity-funkcinis-skanestas-sunims-imuniteto-stiprinimui-200g.jpg\",\"contentUrl\":\"https:\/\/zoosalis.lv\/wp-content\/uploads\/2025\/04\/5499-Canvit-Immunity-funkcinis-skanestas-sunims-imuniteto-stiprinimui-200g.jpg\",\"width\":1080,\"height\":1206},{\"@type\":\"BreadcrumbList\",\"@id\":\"https:\/\/zoosalis.lv\/canvit-skanestas-skincoat-200g\/#breadcrumb\",\"itemListElement\":[{\"@type\":\"ListItem\",\"position\":1,\"name\":\"Home\",\"item\":\"https:\/\/zoosalis.lv\/\"},{\"@type\":\"ListItem\",\"position\":2,\"name\":\"Parduotuv\u0117\",\"item\":\"https:\/\/zoosalis.lv\/parduotuve\/\"},{\"@type\":\"ListItem\",\"position\":3,\"name\":\"Canvit skan\u0117stas Skin&amp;Coat 200g.\"}]},{\"@type\":\"WebSite\",\"@id\":\"https:\/\/zoosalis.lv\/#website\",\"url\":\"https:\/\/zoosalis.lv\/\",\"name\":\"Dz\u012bvnieku produkti\",\"description\":\"zoo\u0161alis.lt\",\"publisher\":{\"@id\":\"https:\/\/zoosalis.lv\/#organization\"},\"potentialAction\":[{\"@type\":\"SearchAction\",\"target\":{\"@type\":\"EntryPoint\",\"urlTemplate\":\"https:\/\/zoosalis.lv\/?s={search_term_string}\"},\"query-input\":{\"@type\":\"PropertyValueSpecification\",\"valueRequired\":true,\"valueName\":\"search_term_string\"}}],\"inLanguage\":\"lv-LV\"},{\"@type\":\"Organization\",\"@id\":\"https:\/\/zoosalis.lv\/#organization\",\"name\":\"Zoo\u0161alis.lt\",\"url\":\"https:\/\/zoosalis.lv\/\",\"logo\":{\"@type\":\"ImageObject\",\"inLanguage\":\"lv-LV\",\"@id\":\"https:\/\/zoosalis.lv\/#\/schema\/logo\/image\/\",\"url\":\"https:\/\/zoosalis.lv\/wp-content\/uploads\/2024\/02\/Group-62.png\",\"contentUrl\":\"https:\/\/zoosalis.lv\/wp-content\/uploads\/2024\/02\/Group-62.png\",\"width\":1537,\"height\":337,\"caption\":\"Zoo\u0161alis.lt\"},\"image\":{\"@id\":\"https:\/\/zoosalis.lv\/#\/schema\/logo\/image\/\"},\"sameAs\":[\"https:\/\/www.facebook.com\/zooprekesjums\/\"]}]}<\/script>\n<!-- \/ Yoast SEO plugin. -->","yoast_head_json":{"title":"Canvit skan\u0117stas Skin&amp;Coat 200g. | Dz\u012bvnieku produkti","robots":{"index":"index","follow":"follow","max-snippet":"max-snippet:-1","max-image-preview":"max-image-preview:large","max-video-preview":"max-video-preview:-1"},"canonical":"https:\/\/zoosalis.lv\/lv\/canvit-skanestas-skincoat-200g\/","og_locale":"lv_LV","og_type":"article","og_title":"Canvit skan\u0117stas Skin&amp;Coat 200g. | Dz\u012bvnieku produkti","og_description":"Pusiau dr\u0117gnas funkcionalus u\u017ekandis \u0161unims su reiklia kailio prie\u017ei\u016bra (ilgaplaukiams \u0161unims, kuriems slenka ar atauga plaukai).  \u00a0","og_url":"https:\/\/zoosalis.lv\/lv\/canvit-skanestas-skincoat-200g\/","og_site_name":"Dz\u012bvnieku produkti","article_publisher":"https:\/\/www.facebook.com\/zooprekesjums\/","article_modified_time":"2025-04-08T08:11:48+00:00","og_image":[{"width":1537,"height":337,"url":"https:\/\/zoosalis.lv\/wp-content\/uploads\/2024\/02\/Group-62.png","type":"image\/png"}],"twitter_card":"summary_large_image","twitter_misc":{"Est. reading time":"1 min\u016bte"},"schema":{"@context":"https:\/\/schema.org","@graph":[{"@type":"WebPage","@id":"https:\/\/zoosalis.lv\/canvit-skanestas-skincoat-200g\/","url":"https:\/\/zoosalis.lv\/canvit-skanestas-skincoat-200g\/","name":"Canvit skan\u0117stas Skin&amp;Coat 200g. | Dz\u012bvnieku produkti","isPartOf":{"@id":"https:\/\/zoosalis.lv\/#website"},"primaryImageOfPage":{"@id":"https:\/\/zoosalis.lv\/canvit-skanestas-skincoat-200g\/#primaryimage"},"image":{"@id":"https:\/\/zoosalis.lv\/canvit-skanestas-skincoat-200g\/#primaryimage"},"thumbnailUrl":"https:\/\/zoosalis.lv\/wp-content\/uploads\/2025\/04\/5499-Canvit-Immunity-funkcinis-skanestas-sunims-imuniteto-stiprinimui-200g.jpg","datePublished":"2025-04-08T08:11:34+00:00","dateModified":"2025-04-08T08:11:48+00:00","breadcrumb":{"@id":"https:\/\/zoosalis.lv\/canvit-skanestas-skincoat-200g\/#breadcrumb"},"inLanguage":"lv-LV","potentialAction":[{"@type":"ReadAction","target":["https:\/\/zoosalis.lv\/canvit-skanestas-skincoat-200g\/"]}]},{"@type":"ImageObject","inLanguage":"lv-LV","@id":"https:\/\/zoosalis.lv\/canvit-skanestas-skincoat-200g\/#primaryimage","url":"https:\/\/zoosalis.lv\/wp-content\/uploads\/2025\/04\/5499-Canvit-Immunity-funkcinis-skanestas-sunims-imuniteto-stiprinimui-200g.jpg","contentUrl":"https:\/\/zoosalis.lv\/wp-content\/uploads\/2025\/04\/5499-Canvit-Immunity-funkcinis-skanestas-sunims-imuniteto-stiprinimui-200g.jpg","width":1080,"height":1206},{"@type":"BreadcrumbList","@id":"https:\/\/zoosalis.lv\/canvit-skanestas-skincoat-200g\/#breadcrumb","itemListElement":[{"@type":"ListItem","position":1,"name":"Home","item":"https:\/\/zoosalis.lv\/"},{"@type":"ListItem","position":2,"name":"Parduotuv\u0117","item":"https:\/\/zoosalis.lv\/parduotuve\/"},{"@type":"ListItem","position":3,"name":"Canvit skan\u0117stas Skin&amp;Coat 200g."}]},{"@type":"WebSite","@id":"https:\/\/zoosalis.lv\/#website","url":"https:\/\/zoosalis.lv\/","name":"Dz\u012bvnieku produkti","description":"zoo\u0161alis.lt","publisher":{"@id":"https:\/\/zoosalis.lv\/#organization"},"potentialAction":[{"@type":"SearchAction","target":{"@type":"EntryPoint","urlTemplate":"https:\/\/zoosalis.lv\/?s={search_term_string}"},"query-input":{"@type":"PropertyValueSpecification","valueRequired":true,"valueName":"search_term_string"}}],"inLanguage":"lv-LV"},{"@type":"Organization","@id":"https:\/\/zoosalis.lv\/#organization","name":"Zoo\u0161alis.lt","url":"https:\/\/zoosalis.lv\/","logo":{"@type":"ImageObject","inLanguage":"lv-LV","@id":"https:\/\/zoosalis.lv\/#\/schema\/logo\/image\/","url":"https:\/\/zoosalis.lv\/wp-content\/uploads\/2024\/02\/Group-62.png","contentUrl":"https:\/\/zoosalis.lv\/wp-content\/uploads\/2024\/02\/Group-62.png","width":1537,"height":337,"caption":"Zoo\u0161alis.lt"},"image":{"@id":"https:\/\/zoosalis.lv\/#\/schema\/logo\/image\/"},"sameAs":["https:\/\/www.facebook.com\/zooprekesjums\/"]}]}},"_links":{"self":[{"href":"https:\/\/zoosalis.lv\/lv\/wp-json\/wp\/v2\/product\/22374"}],"collection":[{"href":"https:\/\/zoosalis.lv\/lv\/wp-json\/wp\/v2\/product"}],"about":[{"href":"https:\/\/zoosalis.lv\/lv\/wp-json\/wp\/v2\/types\/product"}],"replies":[{"embeddable":true,"href":"https:\/\/zoosalis.lv\/lv\/wp-json\/wp\/v2\/comments?post=22374"}],"wp:featuredmedia":[{"embeddable":true,"href":"https:\/\/zoosalis.lv\/lv\/wp-json\/wp\/v2\/media\/19689"}],"wp:attachment":[{"href":"https:\/\/zoosalis.lv\/lv\/wp-json\/wp\/v2\/media?parent=22374"}],"wp:term":[{"taxonomy":"product_brand","embeddable":true,"href":"https:\/\/zoosalis.lv\/lv\/wp-json\/wp\/v2\/product_brand?post=22374"},{"taxonomy":"product_cat","embeddable":true,"href":"https:\/\/zoosalis.lv\/lv\/wp-json\/wp\/v2\/product_cat?post=22374"},{"taxonomy":"product_tag","embeddable":true,"href":"https:\/\/zoosalis.lv\/lv\/wp-json\/wp\/v2\/product_tag?post=22374"}],"curies":[{"name":"wp","href":"https:\/\/api.w.org\/{rel}","templated":true}]}}